{"id":6105,"date":"2024-05-02T13:07:15","date_gmt":"2024-05-02T13:07:15","guid":{"rendered":"https:\/\/skaitytaknyga.lt\/?post_type=product&#038;p=6105"},"modified":"2026-03-05T15:36:53","modified_gmt":"2026-03-05T13:36:53","slug":"a-kroninas-zvaigzdes-ziuri-zemyn-1-2-dalys","status":"publish","type":"product","link":"https:\/\/skaitytaknyga.lt\/en\/produktas\/a-kroninas-zvaigzdes-ziuri-zemyn-1-2-dalys\/","title":{"rendered":"A. Kroninas \u201e\u017dvaig\u017ed\u0117s \u017ei\u016bri \u017eemyn\u201c 1-2 dalys"},"content":{"rendered":"<p><strong>,,\u017dvaig\u017ed\u0117s \u017ei\u016bri \u017eemyn\u201d<\/strong>\u00a0(1935) &#8211; vienas geriausi\u0173 \u017eymaus angl\u0173 ra\u0161ytojo A. Kronino roman\u0173. Jame apra\u0161yta Anglijos darbinink\u0173 klas\u0117s kova u\u017e geresn\u012f gyvenim\u0105 pirmojo pasaulinio karo pabaigoje. Ra\u0161ytojas atskleid\u017eia \u0161achtininko Fenviko ir jo \u0161eimos nari\u0173 dvasin\u012f gro\u017e\u012f, blaiv\u0173 prot\u0105. Darbinink\u0173 dorumas ir humani\u0161kumas romane prie\u0161pastatytas valdan\u010di\u0173j\u0173 klasi\u0173 beprincipingumui ir amoralumui.<\/p>\n","protected":false},"excerpt":{"rendered":"<p><strong>,,\u017dvaig\u017ed\u0117s \u017ei\u016bri \u017eemyn\u201d<\/strong>\u00a0(1935) &#8211; vienas geriausi\u0173 \u017eymaus angl\u0173 ra\u0161ytojo A. Kronino roman\u0173. Jame apra\u0161yta Anglijos darbinink\u0173 klas\u0117s kova u\u017e geresn\u012f gyvenim\u0105 pirmojo pasaulinio karo pabaigoje. Ra\u0161ytojas atskleid\u017eia \u0161achtininko Fenviko ir jo \u0161eimos nari\u0173 dvasin\u012f gro\u017e\u012f, blaiv\u0173 prot\u0105. Darbinink\u0173 dorumas ir humani\u0161kumas romane prie\u0161pastatytas valdan\u010di\u0173j\u0173 klasi\u0173 beprincipingumui ir amoralumui.<\/p>\n","protected":false},"featured_media":6122,"comment_status":"closed","ping_status":"closed","template":"","meta":{"_acf_changed":false,"site-sidebar-layout":"default","site-content-layout":"","ast-site-content-layout":"default","site-content-style":"default","site-sidebar-style":"default","ast-global-header-display":"","ast-banner-title-visibility":"","ast-main-header-display":"","ast-hfb-above-header-display":"","ast-hfb-below-header-display":"","ast-hfb-mobile-header-display":"","site-post-title":"","ast-breadcrumbs-content":"","ast-featured-img":"","footer-sml-layout":"","ast-disable-related-posts":"","theme-transparent-header-meta":"","adv-header-id-meta":"","stick-header-meta":"","header-above-stick-meta":"","header-main-stick-meta":"","header-below-stick-meta":"","astra-migrate-meta-layouts":"default","ast-page-background-enabled":"default","ast-page-background-meta":{"desktop":{"background-color":"","background-image":"","background-repeat":"repeat","background-position":"center center","background-size":"auto","background-attachment":"scroll","background-type":"","background-media":"","overlay-type":"","overlay-color":"","overlay-opacity":"","overlay-gradient":""},"tablet":{"background-color":"","background-image":"","background-repeat":"repeat","background-position":"center center","background-size":"auto","background-attachment":"scroll","background-type":"","background-media":"","overlay-type":"","overlay-color":"","overlay-opacity":"","overlay-gradient":""},"mobile":{"background-color":"","background-image":"","background-repeat":"repeat","background-position":"center center","background-size":"auto","background-attachment":"scroll","background-type":"","background-media":"","overlay-type":"","overlay-color":"","overlay-opacity":"","overlay-gradient":""}},"ast-content-background-meta":{"desktop":{"background-color":"var(--ast-global-color-4)","background-image":"","background-repeat":"repeat","background-position":"center center","background-size":"auto","background-attachment":"scroll","background-type":"","background-media":"","overlay-type":"","overlay-color":"","overlay-opacity":"","overlay-gradient":""},"tablet":{"background-color":"var(--ast-global-color-4)","background-image":"","background-repeat":"repeat","background-position":"center center","background-size":"auto","background-attachment":"scroll","background-type":"","background-media":"","overlay-type":"","overlay-color":"","overlay-opacity":"","overlay-gradient":""},"mobile":{"background-color":"var(--ast-global-color-4)","background-image":"","background-repeat":"repeat","background-position":"center center","background-size":"auto","background-attachment":"scroll","background-type":"","background-media":"","overlay-type":"","overlay-color":"","overlay-opacity":"","overlay-gradient":""}}},"product_brand":[],"product_cat":[15],"product_tag":[],"class_list":{"0":"post-6105","1":"product","2":"type-product","3":"status-publish","4":"has-post-thumbnail","6":"product_cat-uncategorized","7":"desktop-align-left","8":"tablet-align-left","9":"mobile-align-left","11":"first","12":"outofstock","13":"shipping-taxable","14":"purchasable","15":"product-type-simple"},"acf":[],"yoast_head":"<!-- This site is optimized with the Yoast SEO plugin v27.0 - https:\/\/yoast.com\/product\/yoast-seo-wordpress\/ -->\n<title>A. Kroninas \u201e\u017dvaig\u017ed\u0117s \u017ei\u016bri \u017eemyn\u201c 1-2 dalys<\/title>\n<meta name=\"description\" content=\",,\u017dvaig\u017ed\u0117s \u017ei\u016bri \u017eemyn\u201d\u00a0(1935) - vienas geriausi\u0173 \u017eymaus angl\u0173 ra\u0161ytojo A. Kronino roman\u0173. Jame apra\u0161yta Anglijos darbinink\u0173 klas\u0117s kova u\u017e geresn\u012f gyvenim\u0105 pirmojo pasaulinio karo pabaigoje. Ra\u0161ytojas atskleid\u017eia \u0161achtininko Fenviko ir jo \u0161eimos nari\u0173 dvasin\u012f gro\u017e\u012f, blaiv\u0173 prot\u0105. Darbinink\u0173 dorumas ir humani\u0161kumas romane prie\u0161pastatytas valdan\u010di\u0173j\u0173 klasi\u0173 beprincipingumui ir amoralumui.\" \/>\n<meta name=\"robots\" content=\"index, follow, max-snippet:-1, max-image-preview:large, max-video-preview:-1\" \/>\n<link rel=\"canonical\" href=\"https:\/\/skaitytaknyga.lt\/en\/produktas\/a-kroninas-zvaigzdes-ziuri-zemyn-1-2-dalys\/\" \/>\n<meta property=\"og:locale\" content=\"en_GB\" \/>\n<meta property=\"og:locale:alternate\" content=\"lt_LT\" \/>\n<meta property=\"og:type\" content=\"article\" \/>\n<meta property=\"og:title\" content=\"A. Kroninas \u201e\u017dvaig\u017ed\u0117s \u017ei\u016bri \u017eemyn\u201c 1-2 dalys\" \/>\n<meta property=\"og:description\" content=\",,\u017dvaig\u017ed\u0117s \u017ei\u016bri \u017eemyn\u201d\u00a0(1935) - vienas geriausi\u0173 \u017eymaus angl\u0173 ra\u0161ytojo A. Kronino roman\u0173. Jame apra\u0161yta Anglijos darbinink\u0173 klas\u0117s kova u\u017e geresn\u012f gyvenim\u0105 pirmojo pasaulinio karo pabaigoje. Ra\u0161ytojas atskleid\u017eia \u0161achtininko Fenviko ir jo \u0161eimos nari\u0173 dvasin\u012f gro\u017e\u012f, blaiv\u0173 prot\u0105. Darbinink\u0173 dorumas ir humani\u0161kumas romane prie\u0161pastatytas valdan\u010di\u0173j\u0173 klasi\u0173 beprincipingumui ir amoralumui.\" \/>\n<meta property=\"og:url\" content=\"https:\/\/skaitytaknyga.lt\/en\/produktas\/a-kroninas-zvaigzdes-ziuri-zemyn-1-2-dalys\/\" \/>\n<meta property=\"og:site_name\" content=\"Skaitytaknyga\" \/>\n<meta property=\"article:publisher\" content=\"https:\/\/www.facebook.com\/skaitytaknyga\/\" \/>\n<meta property=\"article:modified_time\" content=\"2026-03-05T13:36:53+00:00\" \/>\n<meta property=\"og:image\" content=\"https:\/\/skaitytaknyga.lt\/wp-content\/uploads\/2024\/05\/112306-img-20210326-085234-e1623865335433.jpg\" \/>\n\t<meta property=\"og:image:width\" content=\"700\" \/>\n\t<meta property=\"og:image:height\" content=\"522\" \/>\n\t<meta property=\"og:image:type\" content=\"image\/jpeg\" \/>\n<meta name=\"twitter:card\" content=\"summary_large_image\" \/>\n<meta name=\"twitter:label1\" content=\"Estimated reading time\" \/>\n\t<meta name=\"twitter:data1\" content=\"1 minute\" \/>\n<script type=\"application\/ld+json\" class=\"yoast-schema-graph\">{\"@context\":\"https:\/\/schema.org\",\"@graph\":[{\"@type\":\"WebPage\",\"@id\":\"https:\/\/skaitytaknyga.lt\/produktas\/a-kroninas-zvaigzdes-ziuri-zemyn-1-2-dalys\/\",\"url\":\"https:\/\/skaitytaknyga.lt\/produktas\/a-kroninas-zvaigzdes-ziuri-zemyn-1-2-dalys\/\",\"name\":\"A. Kroninas \u201e\u017dvaig\u017ed\u0117s \u017ei\u016bri \u017eemyn\u201c 1-2 dalys\",\"isPartOf\":{\"@id\":\"https:\/\/skaitytaknyga.lt\/#website\"},\"primaryImageOfPage\":{\"@id\":\"https:\/\/skaitytaknyga.lt\/produktas\/a-kroninas-zvaigzdes-ziuri-zemyn-1-2-dalys\/#primaryimage\"},\"image\":{\"@id\":\"https:\/\/skaitytaknyga.lt\/produktas\/a-kroninas-zvaigzdes-ziuri-zemyn-1-2-dalys\/#primaryimage\"},\"thumbnailUrl\":\"https:\/\/skaitytaknyga.lt\/wp-content\/uploads\/2024\/05\/112306-img-20210326-085234-e1623865335433.jpg\",\"datePublished\":\"2024-05-02T13:07:15+00:00\",\"dateModified\":\"2026-03-05T13:36:53+00:00\",\"description\":\",,\u017dvaig\u017ed\u0117s \u017ei\u016bri \u017eemyn\u201d\u00a0(1935) - vienas geriausi\u0173 \u017eymaus angl\u0173 ra\u0161ytojo A. Kronino roman\u0173. Jame apra\u0161yta Anglijos darbinink\u0173 klas\u0117s kova u\u017e geresn\u012f gyvenim\u0105 pirmojo pasaulinio karo pabaigoje. Ra\u0161ytojas atskleid\u017eia \u0161achtininko Fenviko ir jo \u0161eimos nari\u0173 dvasin\u012f gro\u017e\u012f, blaiv\u0173 prot\u0105. Darbinink\u0173 dorumas ir humani\u0161kumas romane prie\u0161pastatytas valdan\u010di\u0173j\u0173 klasi\u0173 beprincipingumui ir amoralumui.\",\"breadcrumb\":{\"@id\":\"https:\/\/skaitytaknyga.lt\/produktas\/a-kroninas-zvaigzdes-ziuri-zemyn-1-2-dalys\/#breadcrumb\"},\"inLanguage\":\"en-GB\",\"potentialAction\":[{\"@type\":\"ReadAction\",\"target\":[\"https:\/\/skaitytaknyga.lt\/produktas\/a-kroninas-zvaigzdes-ziuri-zemyn-1-2-dalys\/\"]}]},{\"@type\":\"ImageObject\",\"inLanguage\":\"en-GB\",\"@id\":\"https:\/\/skaitytaknyga.lt\/produktas\/a-kroninas-zvaigzdes-ziuri-zemyn-1-2-dalys\/#primaryimage\",\"url\":\"https:\/\/skaitytaknyga.lt\/wp-content\/uploads\/2024\/05\/112306-img-20210326-085234-e1623865335433.jpg\",\"contentUrl\":\"https:\/\/skaitytaknyga.lt\/wp-content\/uploads\/2024\/05\/112306-img-20210326-085234-e1623865335433.jpg\",\"width\":700,\"height\":522},{\"@type\":\"BreadcrumbList\",\"@id\":\"https:\/\/skaitytaknyga.lt\/produktas\/a-kroninas-zvaigzdes-ziuri-zemyn-1-2-dalys\/#breadcrumb\",\"itemListElement\":[{\"@type\":\"ListItem\",\"position\":1,\"name\":\"Home\",\"item\":\"https:\/\/skaitytaknyga.lt\/\"},{\"@type\":\"ListItem\",\"position\":2,\"name\":\"Parduotuv\u0117\",\"item\":\"https:\/\/skaitytaknyga.lt\/knygu-parduotuve\/\"},{\"@type\":\"ListItem\",\"position\":3,\"name\":\"A. Kroninas \u201e\u017dvaig\u017ed\u0117s \u017ei\u016bri \u017eemyn\u201c 1-2 dalys\"}]},{\"@type\":\"WebSite\",\"@id\":\"https:\/\/skaitytaknyga.lt\/#website\",\"url\":\"https:\/\/skaitytaknyga.lt\/\",\"name\":\"skaitytaknyga.lt\",\"description\":\"Skaitytaknyga.lt \u2013 tai ma\u017eas \u0161eimos verslas, kuris prasid\u0117jo nuo meil\u0117s knygoms ir siekio i\u0161gelb\u0117ti knygas nuo likimo prie konteinerio. Kas vienam nereikalingas daiktas \u2013 kitam lobis, o mes esame tarpininkai, kurie padeda abiems tapti laimingesniems ???? \u017dinome kaip nelengva i\u0161gyventi ma\u017eiems verslams, tad nuo \u0161iol, \u010dia rasite ir kit\u0173, ma\u017e\u0173 \u0161eim\u0173 versl\u0173, rank\u0173 darbo, dovan\u0173 sau ir artimiesiems.\",\"publisher\":{\"@id\":\"https:\/\/skaitytaknyga.lt\/#organization\"},\"potentialAction\":[{\"@type\":\"SearchAction\",\"target\":{\"@type\":\"EntryPoint\",\"urlTemplate\":\"https:\/\/skaitytaknyga.lt\/?s={search_term_string}\"},\"query-input\":{\"@type\":\"PropertyValueSpecification\",\"valueRequired\":true,\"valueName\":\"search_term_string\"}}],\"inLanguage\":\"en-GB\"},{\"@type\":\"Organization\",\"@id\":\"https:\/\/skaitytaknyga.lt\/#organization\",\"name\":\"skaitytaknyga.lt\",\"url\":\"https:\/\/skaitytaknyga.lt\/\",\"logo\":{\"@type\":\"ImageObject\",\"inLanguage\":\"en-GB\",\"@id\":\"https:\/\/skaitytaknyga.lt\/#\/schema\/logo\/image\/\",\"url\":\"https:\/\/skaitytaknyga.lt\/wp-content\/uploads\/2024\/05\/cropped-cropped-cropped-02_00843_jt3bggkj1j3HLc7SyY6rEUpg.jpeg\",\"contentUrl\":\"https:\/\/skaitytaknyga.lt\/wp-content\/uploads\/2024\/05\/cropped-cropped-cropped-02_00843_jt3bggkj1j3HLc7SyY6rEUpg.jpeg\",\"width\":1600,\"height\":1600,\"caption\":\"skaitytaknyga.lt\"},\"image\":{\"@id\":\"https:\/\/skaitytaknyga.lt\/#\/schema\/logo\/image\/\"},\"sameAs\":[\"https:\/\/www.facebook.com\/skaitytaknyga\/\"]}]}<\/script>\n<!-- \/ Yoast SEO plugin. -->","yoast_head_json":{"title":"A. Kroninas \u201e\u017dvaig\u017ed\u0117s \u017ei\u016bri \u017eemyn\u201c 1-2 dalys","description":",,\u017dvaig\u017ed\u0117s \u017ei\u016bri \u017eemyn\u201d\u00a0(1935) - vienas geriausi\u0173 \u017eymaus angl\u0173 ra\u0161ytojo A. Kronino roman\u0173. Jame apra\u0161yta Anglijos darbinink\u0173 klas\u0117s kova u\u017e geresn\u012f gyvenim\u0105 pirmojo pasaulinio karo pabaigoje. Ra\u0161ytojas atskleid\u017eia \u0161achtininko Fenviko ir jo \u0161eimos nari\u0173 dvasin\u012f gro\u017e\u012f, blaiv\u0173 prot\u0105. Darbinink\u0173 dorumas ir humani\u0161kumas romane prie\u0161pastatytas valdan\u010di\u0173j\u0173 klasi\u0173 beprincipingumui ir amoralumui.","robots":{"index":"index","follow":"follow","max-snippet":"max-snippet:-1","max-image-preview":"max-image-preview:large","max-video-preview":"max-video-preview:-1"},"canonical":"https:\/\/skaitytaknyga.lt\/en\/produktas\/a-kroninas-zvaigzdes-ziuri-zemyn-1-2-dalys\/","og_locale":"en_GB","og_type":"article","og_title":"[:lt]A. Kroninas \u201e\u017dvaig\u017ed\u0117s \u017ei\u016bri \u017eemyn\u201c 1-2 dalys[:] - Skaitytaknyga","og_description":",,\u017dvaig\u017ed\u0117s \u017ei\u016bri \u017eemyn\u201d\u00a0(1935) - vienas geriausi\u0173 \u017eymaus angl\u0173 ra\u0161ytojo A. Kronino roman\u0173. Jame apra\u0161yta Anglijos darbinink\u0173 klas\u0117s kova u\u017e geresn\u012f gyvenim\u0105 pirmojo pasaulinio karo pabaigoje. Ra\u0161ytojas atskleid\u017eia \u0161achtininko Fenviko ir jo \u0161eimos nari\u0173 dvasin\u012f gro\u017e\u012f, blaiv\u0173 prot\u0105. Darbinink\u0173 dorumas ir humani\u0161kumas romane prie\u0161pastatytas valdan\u010di\u0173j\u0173 klasi\u0173 beprincipingumui ir amoralumui.","og_url":"https:\/\/skaitytaknyga.lt\/en\/produktas\/a-kroninas-zvaigzdes-ziuri-zemyn-1-2-dalys\/","og_site_name":"Skaitytaknyga","article_publisher":"https:\/\/www.facebook.com\/skaitytaknyga\/","article_modified_time":"2026-03-05T13:36:53+00:00","og_image":[{"width":700,"height":522,"url":"https:\/\/skaitytaknyga.lt\/wp-content\/uploads\/2024\/05\/112306-img-20210326-085234-e1623865335433.jpg","type":"image\/jpeg"}],"twitter_card":"summary_large_image","twitter_misc":{"Estimated reading time":"1 minute"},"schema":{"@context":"https:\/\/schema.org","@graph":[{"@type":"WebPage","@id":"https:\/\/skaitytaknyga.lt\/produktas\/a-kroninas-zvaigzdes-ziuri-zemyn-1-2-dalys\/","url":"https:\/\/skaitytaknyga.lt\/produktas\/a-kroninas-zvaigzdes-ziuri-zemyn-1-2-dalys\/","name":"A. Kroninas \u201e\u017dvaig\u017ed\u0117s \u017ei\u016bri \u017eemyn\u201c 1-2 dalys","isPartOf":{"@id":"https:\/\/skaitytaknyga.lt\/#website"},"primaryImageOfPage":{"@id":"https:\/\/skaitytaknyga.lt\/produktas\/a-kroninas-zvaigzdes-ziuri-zemyn-1-2-dalys\/#primaryimage"},"image":{"@id":"https:\/\/skaitytaknyga.lt\/produktas\/a-kroninas-zvaigzdes-ziuri-zemyn-1-2-dalys\/#primaryimage"},"thumbnailUrl":"https:\/\/skaitytaknyga.lt\/wp-content\/uploads\/2024\/05\/112306-img-20210326-085234-e1623865335433.jpg","datePublished":"2024-05-02T13:07:15+00:00","dateModified":"2026-03-05T13:36:53+00:00","description":",,\u017dvaig\u017ed\u0117s \u017ei\u016bri \u017eemyn\u201d\u00a0(1935) - vienas geriausi\u0173 \u017eymaus angl\u0173 ra\u0161ytojo A. Kronino roman\u0173. Jame apra\u0161yta Anglijos darbinink\u0173 klas\u0117s kova u\u017e geresn\u012f gyvenim\u0105 pirmojo pasaulinio karo pabaigoje. Ra\u0161ytojas atskleid\u017eia \u0161achtininko Fenviko ir jo \u0161eimos nari\u0173 dvasin\u012f gro\u017e\u012f, blaiv\u0173 prot\u0105. Darbinink\u0173 dorumas ir humani\u0161kumas romane prie\u0161pastatytas valdan\u010di\u0173j\u0173 klasi\u0173 beprincipingumui ir amoralumui.","breadcrumb":{"@id":"https:\/\/skaitytaknyga.lt\/produktas\/a-kroninas-zvaigzdes-ziuri-zemyn-1-2-dalys\/#breadcrumb"},"inLanguage":"en-GB","potentialAction":[{"@type":"ReadAction","target":["https:\/\/skaitytaknyga.lt\/produktas\/a-kroninas-zvaigzdes-ziuri-zemyn-1-2-dalys\/"]}]},{"@type":"ImageObject","inLanguage":"en-GB","@id":"https:\/\/skaitytaknyga.lt\/produktas\/a-kroninas-zvaigzdes-ziuri-zemyn-1-2-dalys\/#primaryimage","url":"https:\/\/skaitytaknyga.lt\/wp-content\/uploads\/2024\/05\/112306-img-20210326-085234-e1623865335433.jpg","contentUrl":"https:\/\/skaitytaknyga.lt\/wp-content\/uploads\/2024\/05\/112306-img-20210326-085234-e1623865335433.jpg","width":700,"height":522},{"@type":"BreadcrumbList","@id":"https:\/\/skaitytaknyga.lt\/produktas\/a-kroninas-zvaigzdes-ziuri-zemyn-1-2-dalys\/#breadcrumb","itemListElement":[{"@type":"ListItem","position":1,"name":"Home","item":"https:\/\/skaitytaknyga.lt\/"},{"@type":"ListItem","position":2,"name":"Parduotuv\u0117","item":"https:\/\/skaitytaknyga.lt\/knygu-parduotuve\/"},{"@type":"ListItem","position":3,"name":"A. Kroninas \u201e\u017dvaig\u017ed\u0117s \u017ei\u016bri \u017eemyn\u201c 1-2 dalys"}]},{"@type":"WebSite","@id":"https:\/\/skaitytaknyga.lt\/#website","url":"https:\/\/skaitytaknyga.lt\/","name":"skaitytaknyga.lt","description":"Skaitytaknyga.lt \u2013 tai ma\u017eas \u0161eimos verslas, kuris prasid\u0117jo nuo meil\u0117s knygoms ir siekio i\u0161gelb\u0117ti knygas nuo likimo prie konteinerio. Kas vienam nereikalingas daiktas \u2013 kitam lobis, o mes esame tarpininkai, kurie padeda abiems tapti laimingesniems ???? \u017dinome kaip nelengva i\u0161gyventi ma\u017eiems verslams, tad nuo \u0161iol, \u010dia rasite ir kit\u0173, ma\u017e\u0173 \u0161eim\u0173 versl\u0173, rank\u0173 darbo, dovan\u0173 sau ir artimiesiems.","publisher":{"@id":"https:\/\/skaitytaknyga.lt\/#organization"},"potentialAction":[{"@type":"SearchAction","target":{"@type":"EntryPoint","urlTemplate":"https:\/\/skaitytaknyga.lt\/?s={search_term_string}"},"query-input":{"@type":"PropertyValueSpecification","valueRequired":true,"valueName":"search_term_string"}}],"inLanguage":"en-GB"},{"@type":"Organization","@id":"https:\/\/skaitytaknyga.lt\/#organization","name":"skaitytaknyga.lt","url":"https:\/\/skaitytaknyga.lt\/","logo":{"@type":"ImageObject","inLanguage":"en-GB","@id":"https:\/\/skaitytaknyga.lt\/#\/schema\/logo\/image\/","url":"https:\/\/skaitytaknyga.lt\/wp-content\/uploads\/2024\/05\/cropped-cropped-cropped-02_00843_jt3bggkj1j3HLc7SyY6rEUpg.jpeg","contentUrl":"https:\/\/skaitytaknyga.lt\/wp-content\/uploads\/2024\/05\/cropped-cropped-cropped-02_00843_jt3bggkj1j3HLc7SyY6rEUpg.jpeg","width":1600,"height":1600,"caption":"skaitytaknyga.lt"},"image":{"@id":"https:\/\/skaitytaknyga.lt\/#\/schema\/logo\/image\/"},"sameAs":["https:\/\/www.facebook.com\/skaitytaknyga\/"]}]}},"_links":{"self":[{"href":"https:\/\/skaitytaknyga.lt\/en\/wp-json\/wp\/v2\/product\/6105","targetHints":{"allow":["GET"]}}],"collection":[{"href":"https:\/\/skaitytaknyga.lt\/en\/wp-json\/wp\/v2\/product"}],"about":[{"href":"https:\/\/skaitytaknyga.lt\/en\/wp-json\/wp\/v2\/types\/product"}],"replies":[{"embeddable":true,"href":"https:\/\/skaitytaknyga.lt\/en\/wp-json\/wp\/v2\/comments?post=6105"}],"wp:featuredmedia":[{"embeddable":true,"href":"https:\/\/skaitytaknyga.lt\/en\/wp-json\/wp\/v2\/media\/6122"}],"wp:attachment":[{"href":"https:\/\/skaitytaknyga.lt\/en\/wp-json\/wp\/v2\/media?parent=6105"}],"wp:term":[{"taxonomy":"product_brand","embeddable":true,"href":"https:\/\/skaitytaknyga.lt\/en\/wp-json\/wp\/v2\/product_brand?post=6105"},{"taxonomy":"product_cat","embeddable":true,"href":"https:\/\/skaitytaknyga.lt\/en\/wp-json\/wp\/v2\/product_cat?post=6105"},{"taxonomy":"product_tag","embeddable":true,"href":"https:\/\/skaitytaknyga.lt\/en\/wp-json\/wp\/v2\/product_tag?post=6105"}],"curies":[{"name":"wp","href":"https:\/\/api.w.org\/{rel}","templated":true}]}}