{"id":6081,"date":"2024-05-02T13:06:50","date_gmt":"2024-05-02T13:06:50","guid":{"rendered":"https:\/\/skaitytaknyga.lt\/?post_type=product&#038;p=6081"},"modified":"2024-05-03T07:29:33","modified_gmt":"2024-05-03T07:29:33","slug":"dale-carnegie-kaip-isigyti-draugu-ir-daryti-itaka-zmonems","status":"publish","type":"product","link":"https:\/\/skaitytaknyga.lt\/en\/produktas\/dale-carnegie-kaip-isigyti-draugu-ir-daryti-itaka-zmonems\/","title":{"rendered":"Dale Carnegie \u201eKaip \u012fsigyti draug\u0173 ir daryti \u012ftak\u0105 \u017emon\u0117ms\u201c"},"content":{"rendered":"<p>\u201e\u017dmon\u0117ms ner\u016bpi tavo norai ir problemos. Na, bent jau ne taip, kaip j\u0173 pa\u010di\u0173 norai ir problemos. Danties skausmas yra svarbesnis u\u017e bad\u0105 Afrikoje, d\u0117l kurio mir\u0161ta t\u016bkstan\u010diai. Suged\u0119s automobilis r\u016bpi labiau nei keturiasde\u0161imt \u017dem\u0117s dreb\u0117jim\u0173 Japonijoje. Prisiminkite tai, kai kit\u0105 kart\u0105 prad\u0117site pokalb\u012f.\u201c \u2013 Dale Carnegie, knygos autorius<\/p>\n<p>Knyga \u201eKaip \u012fsigyti draug\u0173 ir daryti \u012ftak\u0105 \u017emon\u0117ms\u201c yra viena i\u0161 perkamiausi\u0173 per vis\u0105 leidybos istorij\u0105. Pasaulyje nupirkta daugiau nei 15 milijon\u0173 jos egzempliori\u0173. \u0160i knyga buvo \u012fteikta kaip dovana kand\u017eiausiam ir vulgariausiam Donald\u2018o Trump\u2018o realyb\u0117s \u0161ou \u201eMokinys\u201c dalyviui. \u0160ios knygos principus savo rinkim\u0173 kampanijos metu panaudojo Barack\u2018as Obama.<\/p>\n","protected":false},"excerpt":{"rendered":"<p>\u201e\u017dmon\u0117ms ner\u016bpi tavo norai ir problemos. Na, bent jau ne taip, kaip j\u0173 pa\u010di\u0173 norai ir problemos. Danties skausmas yra svarbesnis u\u017e bad\u0105 Afrikoje, d\u0117l kurio mir\u0161ta t\u016bkstan\u010diai. Suged\u0119s automobilis r\u016bpi labiau nei keturiasde\u0161imt \u017dem\u0117s dreb\u0117jim\u0173 Japonijoje. Prisiminkite tai, kai kit\u0105 kart\u0105 prad\u0117site pokalb\u012f.\u201c \u2013 Dale Carnegie, knygos autorius<\/p>\n<p>Knyga \u201eKaip \u012fsigyti draug\u0173 ir daryti \u012ftak\u0105 \u017emon\u0117ms\u201c yra viena i\u0161 perkamiausi\u0173 per vis\u0105 leidybos istorij\u0105. Pasaulyje nupirkta daugiau nei 15 milijon\u0173 jos egzempliori\u0173. \u0160i knyga buvo \u012fteikta kaip dovana kand\u017eiausiam ir vulgariausiam Donald\u2018o Trump\u2018o realyb\u0117s \u0161ou \u201eMokinys\u201c dalyviui. \u0160ios knygos principus savo rinkim\u0173 kampanijos metu panaudojo Barack\u2018as Obama.<\/p>\n","protected":false},"featured_media":6093,"comment_status":"closed","ping_status":"closed","template":"","meta":{"_acf_changed":false,"site-sidebar-layout":"default","site-content-layout":"","ast-site-content-layout":"default","site-content-style":"default","site-sidebar-style":"default","ast-global-header-display":"","ast-banner-title-visibility":"","ast-main-header-display":"","ast-hfb-above-header-display":"","ast-hfb-below-header-display":"","ast-hfb-mobile-header-display":"","site-post-title":"","ast-breadcrumbs-content":"","ast-featured-img":"","footer-sml-layout":"","ast-disable-related-posts":"","theme-transparent-header-meta":"","adv-header-id-meta":"","stick-header-meta":"","header-above-stick-meta":"","header-main-stick-meta":"","header-below-stick-meta":"","astra-migrate-meta-layouts":"default","ast-page-background-enabled":"default","ast-page-background-meta":{"desktop":{"background-color":"","background-image":"","background-repeat":"repeat","background-position":"center center","background-size":"auto","background-attachment":"scroll","background-type":"","background-media":"","overlay-type":"","overlay-color":"","overlay-opacity":"","overlay-gradient":""},"tablet":{"background-color":"","background-image":"","background-repeat":"repeat","background-position":"center center","background-size":"auto","background-attachment":"scroll","background-type":"","background-media":"","overlay-type":"","overlay-color":"","overlay-opacity":"","overlay-gradient":""},"mobile":{"background-color":"","background-image":"","background-repeat":"repeat","background-position":"center center","background-size":"auto","background-attachment":"scroll","background-type":"","background-media":"","overlay-type":"","overlay-color":"","overlay-opacity":"","overlay-gradient":""}},"ast-content-background-meta":{"desktop":{"background-color":"var(--ast-global-color-4)","background-image":"","background-repeat":"repeat","background-position":"center center","background-size":"auto","background-attachment":"scroll","background-type":"","background-media":"","overlay-type":"","overlay-color":"","overlay-opacity":"","overlay-gradient":""},"tablet":{"background-color":"var(--ast-global-color-4)","background-image":"","background-repeat":"repeat","background-position":"center center","background-size":"auto","background-attachment":"scroll","background-type":"","background-media":"","overlay-type":"","overlay-color":"","overlay-opacity":"","overlay-gradient":""},"mobile":{"background-color":"var(--ast-global-color-4)","background-image":"","background-repeat":"repeat","background-position":"center center","background-size":"auto","background-attachment":"scroll","background-type":"","background-media":"","overlay-type":"","overlay-color":"","overlay-opacity":"","overlay-gradient":""}}},"product_brand":[],"product_cat":[30],"product_tag":[1399,1391,1397,1395,1392,1396,1398],"class_list":{"0":"post-6081","1":"product","2":"type-product","3":"status-publish","4":"has-post-thumbnail","6":"product_cat-psichologija-ir-saviugda","7":"product_tag-asmeninis-tobulejimas","8":"product_tag-dale-carnegie","9":"product_tag-emocinis-intelektas","10":"product_tag-nerimo-valdymas","11":"product_tag-psichologija","12":"product_tag-saviugda","13":"product_tag-streso-valdymas","14":"desktop-align-left","15":"tablet-align-left","16":"mobile-align-left","18":"first","19":"instock","20":"shipping-taxable","21":"purchasable","22":"product-type-simple"},"acf":[],"yoast_head":"<!-- This site is optimized with the Yoast SEO plugin v27.0 - https:\/\/yoast.com\/product\/yoast-seo-wordpress\/ -->\n<title>Dale Carnegie \u201eKaip \u012fsigyti draug\u0173 ir daryti \u012ftak\u0105 \u017emon\u0117ms\u201c - Skaitytaknyga<\/title>\n<meta name=\"description\" content=\"\u201e\u017dmon\u0117ms ner\u016bpi tavo norai ir problemos. Na, bent jau ne taip, kaip j\u0173 pa\u010di\u0173 norai ir problemos. Danties skausmas yra svarbesnis u\u017e bad\u0105 Afrikoje, d\u0117l kurio mir\u0161ta t\u016bkstan\u010diai. Suged\u0119s automobilis r\u016bpi labiau nei keturiasde\u0161imt \u017dem\u0117s dreb\u0117jim\u0173 Japonijoje. Prisiminkite tai, kai kit\u0105 kart\u0105 prad\u0117site pokalb\u012f.\u201c \u2013 Dale Carnegie, knygos autorius  Knyga \u201eKaip \u012fsigyti draug\u0173 ir daryti \u012ftak\u0105 \u017emon\u0117ms\u201c yra viena i\u0161 perkamiausi\u0173 per vis\u0105 leidybos istorij\u0105. Pasaulyje nupirkta daugiau nei 15 milijon\u0173 jos egzempliori\u0173. \u0160i knyga buvo \u012fteikta kaip dovana kand\u017eiausiam ir vulgariausiam Donald\u2018o Trump\u2018o realyb\u0117s \u0161ou \u201eMokinys\u201c dalyviui. \u0160ios knygos principus savo rinkim\u0173 kampanijos metu panaudojo Barack\u2018as Obama.\" \/>\n<meta name=\"robots\" content=\"index, follow, max-snippet:-1, max-image-preview:large, max-video-preview:-1\" \/>\n<link rel=\"canonical\" href=\"https:\/\/skaitytaknyga.lt\/en\/produktas\/dale-carnegie-kaip-isigyti-draugu-ir-daryti-itaka-zmonems\/\" \/>\n<meta property=\"og:locale\" content=\"en_GB\" \/>\n<meta property=\"og:locale:alternate\" content=\"lt_LT\" \/>\n<meta property=\"og:type\" content=\"article\" \/>\n<meta property=\"og:title\" content=\"Dale Carnegie \u201eKaip \u012fsigyti draug\u0173 ir daryti \u012ftak\u0105 \u017emon\u0117ms\u201c - Skaitytaknyga\" \/>\n<meta property=\"og:description\" content=\"\u201e\u017dmon\u0117ms ner\u016bpi tavo norai ir problemos. Na, bent jau ne taip, kaip j\u0173 pa\u010di\u0173 norai ir problemos. Danties skausmas yra svarbesnis u\u017e bad\u0105 Afrikoje, d\u0117l kurio mir\u0161ta t\u016bkstan\u010diai. Suged\u0119s automobilis r\u016bpi labiau nei keturiasde\u0161imt \u017dem\u0117s dreb\u0117jim\u0173 Japonijoje. Prisiminkite tai, kai kit\u0105 kart\u0105 prad\u0117site pokalb\u012f.\u201c \u2013 Dale Carnegie, knygos autorius  Knyga \u201eKaip \u012fsigyti draug\u0173 ir daryti \u012ftak\u0105 \u017emon\u0117ms\u201c yra viena i\u0161 perkamiausi\u0173 per vis\u0105 leidybos istorij\u0105. Pasaulyje nupirkta daugiau nei 15 milijon\u0173 jos egzempliori\u0173. \u0160i knyga buvo \u012fteikta kaip dovana kand\u017eiausiam ir vulgariausiam Donald\u2018o Trump\u2018o realyb\u0117s \u0161ou \u201eMokinys\u201c dalyviui. \u0160ios knygos principus savo rinkim\u0173 kampanijos metu panaudojo Barack\u2018as Obama.\" \/>\n<meta property=\"og:url\" content=\"https:\/\/skaitytaknyga.lt\/en\/produktas\/dale-carnegie-kaip-isigyti-draugu-ir-daryti-itaka-zmonems\/\" \/>\n<meta property=\"og:site_name\" content=\"Skaitytaknyga\" \/>\n<meta property=\"article:publisher\" content=\"https:\/\/www.facebook.com\/skaitytaknyga\/\" \/>\n<meta property=\"article:modified_time\" content=\"2024-05-03T07:29:33+00:00\" \/>\n<meta property=\"og:image\" content=\"https:\/\/skaitytaknyga.lt\/wp-content\/uploads\/2024\/05\/1462890313_img0001-001.jpg\" \/>\n\t<meta property=\"og:image:width\" content=\"277\" \/>\n\t<meta property=\"og:image:height\" content=\"430\" \/>\n\t<meta property=\"og:image:type\" content=\"image\/jpeg\" \/>\n<meta name=\"twitter:card\" content=\"summary_large_image\" \/>\n<meta name=\"twitter:label1\" content=\"Estimated reading time\" \/>\n\t<meta name=\"twitter:data1\" content=\"1 minute\" \/>\n<script type=\"application\/ld+json\" class=\"yoast-schema-graph\">{\"@context\":\"https:\/\/schema.org\",\"@graph\":[{\"@type\":\"WebPage\",\"@id\":\"https:\/\/skaitytaknyga.lt\/produktas\/dale-carnegie-kaip-isigyti-draugu-ir-daryti-itaka-zmonems\/\",\"url\":\"https:\/\/skaitytaknyga.lt\/produktas\/dale-carnegie-kaip-isigyti-draugu-ir-daryti-itaka-zmonems\/\",\"name\":\"Dale Carnegie \u201eKaip \u012fsigyti draug\u0173 ir daryti \u012ftak\u0105 \u017emon\u0117ms\u201c - Skaitytaknyga\",\"isPartOf\":{\"@id\":\"https:\/\/skaitytaknyga.lt\/#website\"},\"primaryImageOfPage\":{\"@id\":\"https:\/\/skaitytaknyga.lt\/produktas\/dale-carnegie-kaip-isigyti-draugu-ir-daryti-itaka-zmonems\/#primaryimage\"},\"image\":{\"@id\":\"https:\/\/skaitytaknyga.lt\/produktas\/dale-carnegie-kaip-isigyti-draugu-ir-daryti-itaka-zmonems\/#primaryimage\"},\"thumbnailUrl\":\"https:\/\/skaitytaknyga.lt\/wp-content\/uploads\/2024\/05\/1462890313_img0001-001.jpg\",\"datePublished\":\"2024-05-02T13:06:50+00:00\",\"dateModified\":\"2024-05-03T07:29:33+00:00\",\"description\":\"\u201e\u017dmon\u0117ms ner\u016bpi tavo norai ir problemos. Na, bent jau ne taip, kaip j\u0173 pa\u010di\u0173 norai ir problemos. Danties skausmas yra svarbesnis u\u017e bad\u0105 Afrikoje, d\u0117l kurio mir\u0161ta t\u016bkstan\u010diai. Suged\u0119s automobilis r\u016bpi labiau nei keturiasde\u0161imt \u017dem\u0117s dreb\u0117jim\u0173 Japonijoje. Prisiminkite tai, kai kit\u0105 kart\u0105 prad\u0117site pokalb\u012f.\u201c \u2013 Dale Carnegie, knygos autorius Knyga \u201eKaip \u012fsigyti draug\u0173 ir daryti \u012ftak\u0105 \u017emon\u0117ms\u201c yra viena i\u0161 perkamiausi\u0173 per vis\u0105 leidybos istorij\u0105. Pasaulyje nupirkta daugiau nei 15 milijon\u0173 jos egzempliori\u0173. \u0160i knyga buvo \u012fteikta kaip dovana kand\u017eiausiam ir vulgariausiam Donald\u2018o Trump\u2018o realyb\u0117s \u0161ou \u201eMokinys\u201c dalyviui. \u0160ios knygos principus savo rinkim\u0173 kampanijos metu panaudojo Barack\u2018as Obama.\",\"breadcrumb\":{\"@id\":\"https:\/\/skaitytaknyga.lt\/produktas\/dale-carnegie-kaip-isigyti-draugu-ir-daryti-itaka-zmonems\/#breadcrumb\"},\"inLanguage\":\"en-GB\",\"potentialAction\":[{\"@type\":\"ReadAction\",\"target\":[\"https:\/\/skaitytaknyga.lt\/produktas\/dale-carnegie-kaip-isigyti-draugu-ir-daryti-itaka-zmonems\/\"]}]},{\"@type\":\"ImageObject\",\"inLanguage\":\"en-GB\",\"@id\":\"https:\/\/skaitytaknyga.lt\/produktas\/dale-carnegie-kaip-isigyti-draugu-ir-daryti-itaka-zmonems\/#primaryimage\",\"url\":\"https:\/\/skaitytaknyga.lt\/wp-content\/uploads\/2024\/05\/1462890313_img0001-001.jpg\",\"contentUrl\":\"https:\/\/skaitytaknyga.lt\/wp-content\/uploads\/2024\/05\/1462890313_img0001-001.jpg\",\"width\":277,\"height\":430},{\"@type\":\"BreadcrumbList\",\"@id\":\"https:\/\/skaitytaknyga.lt\/produktas\/dale-carnegie-kaip-isigyti-draugu-ir-daryti-itaka-zmonems\/#breadcrumb\",\"itemListElement\":[{\"@type\":\"ListItem\",\"position\":1,\"name\":\"Home\",\"item\":\"https:\/\/skaitytaknyga.lt\/\"},{\"@type\":\"ListItem\",\"position\":2,\"name\":\"Parduotuv\u0117\",\"item\":\"https:\/\/skaitytaknyga.lt\/knygu-parduotuve\/\"},{\"@type\":\"ListItem\",\"position\":3,\"name\":\"Dale Carnegie \u201eKaip \u012fsigyti draug\u0173 ir daryti \u012ftak\u0105 \u017emon\u0117ms\u201c\"}]},{\"@type\":\"WebSite\",\"@id\":\"https:\/\/skaitytaknyga.lt\/#website\",\"url\":\"https:\/\/skaitytaknyga.lt\/\",\"name\":\"skaitytaknyga.lt\",\"description\":\"Skaitytaknyga.lt \u2013 tai ma\u017eas \u0161eimos verslas, kuris prasid\u0117jo nuo meil\u0117s knygoms ir siekio i\u0161gelb\u0117ti knygas nuo likimo prie konteinerio. Kas vienam nereikalingas daiktas \u2013 kitam lobis, o mes esame tarpininkai, kurie padeda abiems tapti laimingesniems ???? \u017dinome kaip nelengva i\u0161gyventi ma\u017eiems verslams, tad nuo \u0161iol, \u010dia rasite ir kit\u0173, ma\u017e\u0173 \u0161eim\u0173 versl\u0173, rank\u0173 darbo, dovan\u0173 sau ir artimiesiems.\",\"publisher\":{\"@id\":\"https:\/\/skaitytaknyga.lt\/#organization\"},\"potentialAction\":[{\"@type\":\"SearchAction\",\"target\":{\"@type\":\"EntryPoint\",\"urlTemplate\":\"https:\/\/skaitytaknyga.lt\/?s={search_term_string}\"},\"query-input\":{\"@type\":\"PropertyValueSpecification\",\"valueRequired\":true,\"valueName\":\"search_term_string\"}}],\"inLanguage\":\"en-GB\"},{\"@type\":\"Organization\",\"@id\":\"https:\/\/skaitytaknyga.lt\/#organization\",\"name\":\"skaitytaknyga.lt\",\"url\":\"https:\/\/skaitytaknyga.lt\/\",\"logo\":{\"@type\":\"ImageObject\",\"inLanguage\":\"en-GB\",\"@id\":\"https:\/\/skaitytaknyga.lt\/#\/schema\/logo\/image\/\",\"url\":\"https:\/\/skaitytaknyga.lt\/wp-content\/uploads\/2024\/05\/cropped-cropped-cropped-02_00843_jt3bggkj1j3HLc7SyY6rEUpg.jpeg\",\"contentUrl\":\"https:\/\/skaitytaknyga.lt\/wp-content\/uploads\/2024\/05\/cropped-cropped-cropped-02_00843_jt3bggkj1j3HLc7SyY6rEUpg.jpeg\",\"width\":1600,\"height\":1600,\"caption\":\"skaitytaknyga.lt\"},\"image\":{\"@id\":\"https:\/\/skaitytaknyga.lt\/#\/schema\/logo\/image\/\"},\"sameAs\":[\"https:\/\/www.facebook.com\/skaitytaknyga\/\"]}]}<\/script>\n<!-- \/ Yoast SEO plugin. -->","yoast_head_json":{"title":"Dale Carnegie \u201eKaip \u012fsigyti draug\u0173 ir daryti \u012ftak\u0105 \u017emon\u0117ms\u201c - Skaitytaknyga","description":"\u201e\u017dmon\u0117ms ner\u016bpi tavo norai ir problemos. Na, bent jau ne taip, kaip j\u0173 pa\u010di\u0173 norai ir problemos. Danties skausmas yra svarbesnis u\u017e bad\u0105 Afrikoje, d\u0117l kurio mir\u0161ta t\u016bkstan\u010diai. Suged\u0119s automobilis r\u016bpi labiau nei keturiasde\u0161imt \u017dem\u0117s dreb\u0117jim\u0173 Japonijoje. Prisiminkite tai, kai kit\u0105 kart\u0105 prad\u0117site pokalb\u012f.\u201c \u2013 Dale Carnegie, knygos autorius  Knyga \u201eKaip \u012fsigyti draug\u0173 ir daryti \u012ftak\u0105 \u017emon\u0117ms\u201c yra viena i\u0161 perkamiausi\u0173 per vis\u0105 leidybos istorij\u0105. Pasaulyje nupirkta daugiau nei 15 milijon\u0173 jos egzempliori\u0173. \u0160i knyga buvo \u012fteikta kaip dovana kand\u017eiausiam ir vulgariausiam Donald\u2018o Trump\u2018o realyb\u0117s \u0161ou \u201eMokinys\u201c dalyviui. \u0160ios knygos principus savo rinkim\u0173 kampanijos metu panaudojo Barack\u2018as Obama.","robots":{"index":"index","follow":"follow","max-snippet":"max-snippet:-1","max-image-preview":"max-image-preview:large","max-video-preview":"max-video-preview:-1"},"canonical":"https:\/\/skaitytaknyga.lt\/en\/produktas\/dale-carnegie-kaip-isigyti-draugu-ir-daryti-itaka-zmonems\/","og_locale":"en_GB","og_type":"article","og_title":"Dale Carnegie \u201eKaip \u012fsigyti draug\u0173 ir daryti \u012ftak\u0105 \u017emon\u0117ms\u201c - Skaitytaknyga","og_description":"\u201e\u017dmon\u0117ms ner\u016bpi tavo norai ir problemos. Na, bent jau ne taip, kaip j\u0173 pa\u010di\u0173 norai ir problemos. Danties skausmas yra svarbesnis u\u017e bad\u0105 Afrikoje, d\u0117l kurio mir\u0161ta t\u016bkstan\u010diai. Suged\u0119s automobilis r\u016bpi labiau nei keturiasde\u0161imt \u017dem\u0117s dreb\u0117jim\u0173 Japonijoje. Prisiminkite tai, kai kit\u0105 kart\u0105 prad\u0117site pokalb\u012f.\u201c \u2013 Dale Carnegie, knygos autorius  Knyga \u201eKaip \u012fsigyti draug\u0173 ir daryti \u012ftak\u0105 \u017emon\u0117ms\u201c yra viena i\u0161 perkamiausi\u0173 per vis\u0105 leidybos istorij\u0105. Pasaulyje nupirkta daugiau nei 15 milijon\u0173 jos egzempliori\u0173. \u0160i knyga buvo \u012fteikta kaip dovana kand\u017eiausiam ir vulgariausiam Donald\u2018o Trump\u2018o realyb\u0117s \u0161ou \u201eMokinys\u201c dalyviui. \u0160ios knygos principus savo rinkim\u0173 kampanijos metu panaudojo Barack\u2018as Obama.","og_url":"https:\/\/skaitytaknyga.lt\/en\/produktas\/dale-carnegie-kaip-isigyti-draugu-ir-daryti-itaka-zmonems\/","og_site_name":"Skaitytaknyga","article_publisher":"https:\/\/www.facebook.com\/skaitytaknyga\/","article_modified_time":"2024-05-03T07:29:33+00:00","og_image":[{"width":277,"height":430,"url":"https:\/\/skaitytaknyga.lt\/wp-content\/uploads\/2024\/05\/1462890313_img0001-001.jpg","type":"image\/jpeg"}],"twitter_card":"summary_large_image","twitter_misc":{"Estimated reading time":"1 minute"},"schema":{"@context":"https:\/\/schema.org","@graph":[{"@type":"WebPage","@id":"https:\/\/skaitytaknyga.lt\/produktas\/dale-carnegie-kaip-isigyti-draugu-ir-daryti-itaka-zmonems\/","url":"https:\/\/skaitytaknyga.lt\/produktas\/dale-carnegie-kaip-isigyti-draugu-ir-daryti-itaka-zmonems\/","name":"Dale Carnegie \u201eKaip \u012fsigyti draug\u0173 ir daryti \u012ftak\u0105 \u017emon\u0117ms\u201c - Skaitytaknyga","isPartOf":{"@id":"https:\/\/skaitytaknyga.lt\/#website"},"primaryImageOfPage":{"@id":"https:\/\/skaitytaknyga.lt\/produktas\/dale-carnegie-kaip-isigyti-draugu-ir-daryti-itaka-zmonems\/#primaryimage"},"image":{"@id":"https:\/\/skaitytaknyga.lt\/produktas\/dale-carnegie-kaip-isigyti-draugu-ir-daryti-itaka-zmonems\/#primaryimage"},"thumbnailUrl":"https:\/\/skaitytaknyga.lt\/wp-content\/uploads\/2024\/05\/1462890313_img0001-001.jpg","datePublished":"2024-05-02T13:06:50+00:00","dateModified":"2024-05-03T07:29:33+00:00","description":"\u201e\u017dmon\u0117ms ner\u016bpi tavo norai ir problemos. Na, bent jau ne taip, kaip j\u0173 pa\u010di\u0173 norai ir problemos. Danties skausmas yra svarbesnis u\u017e bad\u0105 Afrikoje, d\u0117l kurio mir\u0161ta t\u016bkstan\u010diai. Suged\u0119s automobilis r\u016bpi labiau nei keturiasde\u0161imt \u017dem\u0117s dreb\u0117jim\u0173 Japonijoje. Prisiminkite tai, kai kit\u0105 kart\u0105 prad\u0117site pokalb\u012f.\u201c \u2013 Dale Carnegie, knygos autorius Knyga \u201eKaip \u012fsigyti draug\u0173 ir daryti \u012ftak\u0105 \u017emon\u0117ms\u201c yra viena i\u0161 perkamiausi\u0173 per vis\u0105 leidybos istorij\u0105. Pasaulyje nupirkta daugiau nei 15 milijon\u0173 jos egzempliori\u0173. \u0160i knyga buvo \u012fteikta kaip dovana kand\u017eiausiam ir vulgariausiam Donald\u2018o Trump\u2018o realyb\u0117s \u0161ou \u201eMokinys\u201c dalyviui. \u0160ios knygos principus savo rinkim\u0173 kampanijos metu panaudojo Barack\u2018as Obama.","breadcrumb":{"@id":"https:\/\/skaitytaknyga.lt\/produktas\/dale-carnegie-kaip-isigyti-draugu-ir-daryti-itaka-zmonems\/#breadcrumb"},"inLanguage":"en-GB","potentialAction":[{"@type":"ReadAction","target":["https:\/\/skaitytaknyga.lt\/produktas\/dale-carnegie-kaip-isigyti-draugu-ir-daryti-itaka-zmonems\/"]}]},{"@type":"ImageObject","inLanguage":"en-GB","@id":"https:\/\/skaitytaknyga.lt\/produktas\/dale-carnegie-kaip-isigyti-draugu-ir-daryti-itaka-zmonems\/#primaryimage","url":"https:\/\/skaitytaknyga.lt\/wp-content\/uploads\/2024\/05\/1462890313_img0001-001.jpg","contentUrl":"https:\/\/skaitytaknyga.lt\/wp-content\/uploads\/2024\/05\/1462890313_img0001-001.jpg","width":277,"height":430},{"@type":"BreadcrumbList","@id":"https:\/\/skaitytaknyga.lt\/produktas\/dale-carnegie-kaip-isigyti-draugu-ir-daryti-itaka-zmonems\/#breadcrumb","itemListElement":[{"@type":"ListItem","position":1,"name":"Home","item":"https:\/\/skaitytaknyga.lt\/"},{"@type":"ListItem","position":2,"name":"Parduotuv\u0117","item":"https:\/\/skaitytaknyga.lt\/knygu-parduotuve\/"},{"@type":"ListItem","position":3,"name":"Dale Carnegie \u201eKaip \u012fsigyti draug\u0173 ir daryti \u012ftak\u0105 \u017emon\u0117ms\u201c"}]},{"@type":"WebSite","@id":"https:\/\/skaitytaknyga.lt\/#website","url":"https:\/\/skaitytaknyga.lt\/","name":"skaitytaknyga.lt","description":"Skaitytaknyga.lt \u2013 tai ma\u017eas \u0161eimos verslas, kuris prasid\u0117jo nuo meil\u0117s knygoms ir siekio i\u0161gelb\u0117ti knygas nuo likimo prie konteinerio. Kas vienam nereikalingas daiktas \u2013 kitam lobis, o mes esame tarpininkai, kurie padeda abiems tapti laimingesniems ???? \u017dinome kaip nelengva i\u0161gyventi ma\u017eiems verslams, tad nuo \u0161iol, \u010dia rasite ir kit\u0173, ma\u017e\u0173 \u0161eim\u0173 versl\u0173, rank\u0173 darbo, dovan\u0173 sau ir artimiesiems.","publisher":{"@id":"https:\/\/skaitytaknyga.lt\/#organization"},"potentialAction":[{"@type":"SearchAction","target":{"@type":"EntryPoint","urlTemplate":"https:\/\/skaitytaknyga.lt\/?s={search_term_string}"},"query-input":{"@type":"PropertyValueSpecification","valueRequired":true,"valueName":"search_term_string"}}],"inLanguage":"en-GB"},{"@type":"Organization","@id":"https:\/\/skaitytaknyga.lt\/#organization","name":"skaitytaknyga.lt","url":"https:\/\/skaitytaknyga.lt\/","logo":{"@type":"ImageObject","inLanguage":"en-GB","@id":"https:\/\/skaitytaknyga.lt\/#\/schema\/logo\/image\/","url":"https:\/\/skaitytaknyga.lt\/wp-content\/uploads\/2024\/05\/cropped-cropped-cropped-02_00843_jt3bggkj1j3HLc7SyY6rEUpg.jpeg","contentUrl":"https:\/\/skaitytaknyga.lt\/wp-content\/uploads\/2024\/05\/cropped-cropped-cropped-02_00843_jt3bggkj1j3HLc7SyY6rEUpg.jpeg","width":1600,"height":1600,"caption":"skaitytaknyga.lt"},"image":{"@id":"https:\/\/skaitytaknyga.lt\/#\/schema\/logo\/image\/"},"sameAs":["https:\/\/www.facebook.com\/skaitytaknyga\/"]}]}},"_links":{"self":[{"href":"https:\/\/skaitytaknyga.lt\/en\/wp-json\/wp\/v2\/product\/6081","targetHints":{"allow":["GET"]}}],"collection":[{"href":"https:\/\/skaitytaknyga.lt\/en\/wp-json\/wp\/v2\/product"}],"about":[{"href":"https:\/\/skaitytaknyga.lt\/en\/wp-json\/wp\/v2\/types\/product"}],"replies":[{"embeddable":true,"href":"https:\/\/skaitytaknyga.lt\/en\/wp-json\/wp\/v2\/comments?post=6081"}],"wp:featuredmedia":[{"embeddable":true,"href":"https:\/\/skaitytaknyga.lt\/en\/wp-json\/wp\/v2\/media\/6093"}],"wp:attachment":[{"href":"https:\/\/skaitytaknyga.lt\/en\/wp-json\/wp\/v2\/media?parent=6081"}],"wp:term":[{"taxonomy":"product_brand","embeddable":true,"href":"https:\/\/skaitytaknyga.lt\/en\/wp-json\/wp\/v2\/product_brand?post=6081"},{"taxonomy":"product_cat","embeddable":true,"href":"https:\/\/skaitytaknyga.lt\/en\/wp-json\/wp\/v2\/product_cat?post=6081"},{"taxonomy":"product_tag","embeddable":true,"href":"https:\/\/skaitytaknyga.lt\/en\/wp-json\/wp\/v2\/product_tag?post=6081"}],"curies":[{"name":"wp","href":"https:\/\/api.w.org\/{rel}","templated":true}]}}