{"id":6080,"date":"2024-05-02T13:06:50","date_gmt":"2024-05-02T13:06:50","guid":{"rendered":"https:\/\/skaitytaknyga.lt\/?post_type=product&#038;p=6080"},"modified":"2024-05-03T07:29:33","modified_gmt":"2024-05-03T07:29:33","slug":"anthony-capella-meiles-maistas","status":"publish","type":"product","link":"https:\/\/skaitytaknyga.lt\/en\/produktas\/anthony-capella-meiles-maistas\/","title":{"rendered":"Anthony Capella \u201eMeil\u0117s maistas\u201c"},"content":{"rendered":"<p>Tai pirmas brit\u0173 ra\u0161ytojo Anthony Capellos romanas. Jis kasmet keliauja po Italij\u0105, yra did\u017eiulis ital\u0173 virtuv\u0117s gerb\u0117jas. Su \u017emona ir trimis vaikais gyvena Londone bei Oksforde.<\/p>\n<p>Laura Paterson, dvide\u0161imt ketveri\u0173 met\u0173 student\u0117, metams atvyksta \u012f Rom\u0105 studijuoti meno istorijos. Ji nutaria, kad verta susitikin\u0117ti tik su tokiu vyri\u0161kiu, kuris nusimano apie kulinarij\u0105 ir moka gaminti.<\/p>\n<p>Tomazas Masis, tikras gra\u017euolis ir nepataisomas gra\u017ebyliautojas, prisigiria, kad yra vieno geriausi\u0173 restoran\u0173 virtuv\u0117s \u0161efas, o i\u0161 ties\u0173 visi\u0161kai nieko nenutuokia apie maist\u0105. Geriausias jo draugas, puikus vir\u0117jas, sutinka pad\u0117ti, ta\u010diau pats \u012fsimyli Laur\u0105&#8230;<\/p>\n","protected":false},"excerpt":{"rendered":"<p>Tai pirmas brit\u0173 ra\u0161ytojo Anthony Capellos romanas. Jis kasmet keliauja po Italij\u0105, yra did\u017eiulis ital\u0173 virtuv\u0117s gerb\u0117jas. Su \u017emona ir trimis vaikais gyvena Londone bei Oksforde.<\/p>\n<p>Laura Paterson, dvide\u0161imt ketveri\u0173 met\u0173 student\u0117, metams atvyksta \u012f Rom\u0105 studijuoti meno istorijos. Ji nutaria, kad verta susitikin\u0117ti tik su tokiu vyri\u0161kiu, kuris nusimano apie kulinarij\u0105 ir moka gaminti.<\/p>\n<p>Tomazas Masis, tikras gra\u017euolis ir nepataisomas gra\u017ebyliautojas, prisigiria, kad yra vieno geriausi\u0173 restoran\u0173 virtuv\u0117s \u0161efas, o i\u0161 ties\u0173 visi\u0161kai nieko nenutuokia apie maist\u0105. Geriausias jo draugas, puikus vir\u0117jas, sutinka pad\u0117ti, ta\u010diau pats \u012fsimyli Laur\u0105&#8230;<\/p>\n","protected":false},"featured_media":6092,"comment_status":"closed","ping_status":"closed","template":"","meta":{"_acf_changed":false,"site-sidebar-layout":"default","site-content-layout":"","ast-site-content-layout":"default","site-content-style":"default","site-sidebar-style":"default","ast-global-header-display":"","ast-banner-title-visibility":"","ast-main-header-display":"","ast-hfb-above-header-display":"","ast-hfb-below-header-display":"","ast-hfb-mobile-header-display":"","site-post-title":"","ast-breadcrumbs-content":"","ast-featured-img":"","footer-sml-layout":"","ast-disable-related-posts":"","theme-transparent-header-meta":"","adv-header-id-meta":"","stick-header-meta":"","header-above-stick-meta":"","header-main-stick-meta":"","header-below-stick-meta":"","astra-migrate-meta-layouts":"default","ast-page-background-enabled":"default","ast-page-background-meta":{"desktop":{"background-color":"","background-image":"","background-repeat":"repeat","background-position":"center center","background-size":"auto","background-attachment":"scroll","background-type":"","background-media":"","overlay-type":"","overlay-color":"","overlay-opacity":"","overlay-gradient":""},"tablet":{"background-color":"","background-image":"","background-repeat":"repeat","background-position":"center center","background-size":"auto","background-attachment":"scroll","background-type":"","background-media":"","overlay-type":"","overlay-color":"","overlay-opacity":"","overlay-gradient":""},"mobile":{"background-color":"","background-image":"","background-repeat":"repeat","background-position":"center center","background-size":"auto","background-attachment":"scroll","background-type":"","background-media":"","overlay-type":"","overlay-color":"","overlay-opacity":"","overlay-gradient":""}},"ast-content-background-meta":{"desktop":{"background-color":"var(--ast-global-color-4)","background-image":"","background-repeat":"repeat","background-position":"center center","background-size":"auto","background-attachment":"scroll","background-type":"","background-media":"","overlay-type":"","overlay-color":"","overlay-opacity":"","overlay-gradient":""},"tablet":{"background-color":"var(--ast-global-color-4)","background-image":"","background-repeat":"repeat","background-position":"center center","background-size":"auto","background-attachment":"scroll","background-type":"","background-media":"","overlay-type":"","overlay-color":"","overlay-opacity":"","overlay-gradient":""},"mobile":{"background-color":"var(--ast-global-color-4)","background-image":"","background-repeat":"repeat","background-position":"center center","background-size":"auto","background-attachment":"scroll","background-type":"","background-media":"","overlay-type":"","overlay-color":"","overlay-opacity":"","overlay-gradient":""}}},"product_brand":[],"product_cat":[31],"product_tag":[967],"class_list":{"0":"post-6080","1":"product","2":"type-product","3":"status-publish","4":"has-post-thumbnail","6":"product_cat-grozine-literatura","7":"product_tag-serija-cappuccino","8":"desktop-align-left","9":"tablet-align-left","10":"mobile-align-left","12":"first","13":"instock","14":"shipping-taxable","15":"purchasable","16":"product-type-simple"},"acf":[],"yoast_head":"<!-- This site is optimized with the Yoast SEO plugin v27.4 - https:\/\/yoast.com\/product\/yoast-seo-wordpress\/ -->\n<title>Anthony Capella \u201eMeil\u0117s maistas\u201c - Skaitytaknyga<\/title>\n<meta name=\"description\" content=\"Tai pirmas brit\u0173 ra\u0161ytojo Anthony Capellos romanas. Jis kasmet keliauja po Italij\u0105, yra did\u017eiulis ital\u0173 virtuv\u0117s gerb\u0117jas. Su \u017emona ir trimis vaikais gyvena Londone bei Oksforde.  Laura Paterson, dvide\u0161imt ketveri\u0173 met\u0173 student\u0117, metams atvyksta \u012f Rom\u0105 studijuoti meno istorijos. Ji nutaria, kad verta susitikin\u0117ti tik su tokiu vyri\u0161kiu, kuris nusimano apie kulinarij\u0105 ir moka gaminti.  Tomazas Masis, tikras gra\u017euolis ir nepataisomas gra\u017ebyliautojas, prisigiria, kad yra vieno geriausi\u0173 restoran\u0173 virtuv\u0117s \u0161efas, o i\u0161 ties\u0173 visi\u0161kai nieko nenutuokia apie maist\u0105. Geriausias jo draugas, puikus vir\u0117jas, sutinka pad\u0117ti, ta\u010diau pats \u012fsimyli Laur\u0105...\" \/>\n<meta name=\"robots\" content=\"index, follow, max-snippet:-1, max-image-preview:large, max-video-preview:-1\" \/>\n<link rel=\"canonical\" href=\"https:\/\/skaitytaknyga.lt\/en\/produktas\/anthony-capella-meiles-maistas\/\" \/>\n<meta property=\"og:locale\" content=\"en_GB\" \/>\n<meta property=\"og:locale:alternate\" content=\"lt_LT\" \/>\n<meta property=\"og:type\" content=\"article\" \/>\n<meta property=\"og:title\" content=\"Anthony Capella \u201eMeil\u0117s maistas\u201c - Skaitytaknyga\" \/>\n<meta property=\"og:description\" content=\"Tai pirmas brit\u0173 ra\u0161ytojo Anthony Capellos romanas. Jis kasmet keliauja po Italij\u0105, yra did\u017eiulis ital\u0173 virtuv\u0117s gerb\u0117jas. Su \u017emona ir trimis vaikais gyvena Londone bei Oksforde.  Laura Paterson, dvide\u0161imt ketveri\u0173 met\u0173 student\u0117, metams atvyksta \u012f Rom\u0105 studijuoti meno istorijos. Ji nutaria, kad verta susitikin\u0117ti tik su tokiu vyri\u0161kiu, kuris nusimano apie kulinarij\u0105 ir moka gaminti.  Tomazas Masis, tikras gra\u017euolis ir nepataisomas gra\u017ebyliautojas, prisigiria, kad yra vieno geriausi\u0173 restoran\u0173 virtuv\u0117s \u0161efas, o i\u0161 ties\u0173 visi\u0161kai nieko nenutuokia apie maist\u0105. Geriausias jo draugas, puikus vir\u0117jas, sutinka pad\u0117ti, ta\u010diau pats \u012fsimyli Laur\u0105...\" \/>\n<meta property=\"og:url\" content=\"https:\/\/skaitytaknyga.lt\/en\/produktas\/anthony-capella-meiles-maistas\/\" \/>\n<meta property=\"og:site_name\" content=\"Skaitytaknyga\" \/>\n<meta property=\"article:publisher\" content=\"https:\/\/www.facebook.com\/skaitytaknyga\/\" \/>\n<meta property=\"article:modified_time\" content=\"2024-05-03T07:29:33+00:00\" \/>\n<meta property=\"og:image\" content=\"https:\/\/skaitytaknyga.lt\/wp-content\/uploads\/2024\/05\/1462882225_img0021-001.jpg\" \/>\n\t<meta property=\"og:image:width\" content=\"278\" \/>\n\t<meta property=\"og:image:height\" content=\"430\" \/>\n\t<meta property=\"og:image:type\" content=\"image\/jpeg\" \/>\n<meta name=\"twitter:card\" content=\"summary_large_image\" \/>\n<meta name=\"twitter:label1\" content=\"Estimated reading time\" \/>\n\t<meta name=\"twitter:data1\" content=\"1 minute\" \/>\n<script type=\"application\/ld+json\" class=\"yoast-schema-graph\">{\"@context\":\"https:\\\/\\\/schema.org\",\"@graph\":[{\"@type\":\"WebPage\",\"@id\":\"https:\\\/\\\/skaitytaknyga.lt\\\/produktas\\\/anthony-capella-meiles-maistas\\\/\",\"url\":\"https:\\\/\\\/skaitytaknyga.lt\\\/produktas\\\/anthony-capella-meiles-maistas\\\/\",\"name\":\"Anthony Capella \u201eMeil\u0117s maistas\u201c - Skaitytaknyga\",\"isPartOf\":{\"@id\":\"https:\\\/\\\/skaitytaknyga.lt\\\/#website\"},\"primaryImageOfPage\":{\"@id\":\"https:\\\/\\\/skaitytaknyga.lt\\\/produktas\\\/anthony-capella-meiles-maistas\\\/#primaryimage\"},\"image\":{\"@id\":\"https:\\\/\\\/skaitytaknyga.lt\\\/produktas\\\/anthony-capella-meiles-maistas\\\/#primaryimage\"},\"thumbnailUrl\":\"https:\\\/\\\/skaitytaknyga.lt\\\/wp-content\\\/uploads\\\/2024\\\/05\\\/1462882225_img0021-001.jpg\",\"datePublished\":\"2024-05-02T13:06:50+00:00\",\"dateModified\":\"2024-05-03T07:29:33+00:00\",\"description\":\"Tai pirmas brit\u0173 ra\u0161ytojo Anthony Capellos romanas. Jis kasmet keliauja po Italij\u0105, yra did\u017eiulis ital\u0173 virtuv\u0117s gerb\u0117jas. Su \u017emona ir trimis vaikais gyvena Londone bei Oksforde. Laura Paterson, dvide\u0161imt ketveri\u0173 met\u0173 student\u0117, metams atvyksta \u012f Rom\u0105 studijuoti meno istorijos. Ji nutaria, kad verta susitikin\u0117ti tik su tokiu vyri\u0161kiu, kuris nusimano apie kulinarij\u0105 ir moka gaminti. Tomazas Masis, tikras gra\u017euolis ir nepataisomas gra\u017ebyliautojas, prisigiria, kad yra vieno geriausi\u0173 restoran\u0173 virtuv\u0117s \u0161efas, o i\u0161 ties\u0173 visi\u0161kai nieko nenutuokia apie maist\u0105. Geriausias jo draugas, puikus vir\u0117jas, sutinka pad\u0117ti, ta\u010diau pats \u012fsimyli Laur\u0105...\",\"breadcrumb\":{\"@id\":\"https:\\\/\\\/skaitytaknyga.lt\\\/produktas\\\/anthony-capella-meiles-maistas\\\/#breadcrumb\"},\"inLanguage\":\"en-GB\",\"potentialAction\":[{\"@type\":\"ReadAction\",\"target\":[\"https:\\\/\\\/skaitytaknyga.lt\\\/produktas\\\/anthony-capella-meiles-maistas\\\/\"]}]},{\"@type\":\"ImageObject\",\"inLanguage\":\"en-GB\",\"@id\":\"https:\\\/\\\/skaitytaknyga.lt\\\/produktas\\\/anthony-capella-meiles-maistas\\\/#primaryimage\",\"url\":\"https:\\\/\\\/skaitytaknyga.lt\\\/wp-content\\\/uploads\\\/2024\\\/05\\\/1462882225_img0021-001.jpg\",\"contentUrl\":\"https:\\\/\\\/skaitytaknyga.lt\\\/wp-content\\\/uploads\\\/2024\\\/05\\\/1462882225_img0021-001.jpg\",\"width\":278,\"height\":430},{\"@type\":\"BreadcrumbList\",\"@id\":\"https:\\\/\\\/skaitytaknyga.lt\\\/produktas\\\/anthony-capella-meiles-maistas\\\/#breadcrumb\",\"itemListElement\":[{\"@type\":\"ListItem\",\"position\":1,\"name\":\"Home\",\"item\":\"https:\\\/\\\/skaitytaknyga.lt\\\/\"},{\"@type\":\"ListItem\",\"position\":2,\"name\":\"Parduotuv\u0117\",\"item\":\"https:\\\/\\\/skaitytaknyga.lt\\\/knygu-parduotuve\\\/\"},{\"@type\":\"ListItem\",\"position\":3,\"name\":\"Anthony Capella \u201eMeil\u0117s maistas\u201c\"}]},{\"@type\":\"WebSite\",\"@id\":\"https:\\\/\\\/skaitytaknyga.lt\\\/#website\",\"url\":\"https:\\\/\\\/skaitytaknyga.lt\\\/\",\"name\":\"skaitytaknyga.lt\",\"description\":\"Skaitytaknyga.lt \u2013 tai ma\u017eas \u0161eimos verslas, kuris prasid\u0117jo nuo meil\u0117s knygoms ir siekio i\u0161gelb\u0117ti knygas nuo likimo prie konteinerio. Kas vienam nereikalingas daiktas \u2013 kitam lobis, o mes esame tarpininkai, kurie padeda abiems tapti laimingesniems ???? \u017dinome kaip nelengva i\u0161gyventi ma\u017eiems verslams, tad nuo \u0161iol, \u010dia rasite ir kit\u0173, ma\u017e\u0173 \u0161eim\u0173 versl\u0173, rank\u0173 darbo, dovan\u0173 sau ir artimiesiems.\",\"publisher\":{\"@id\":\"https:\\\/\\\/skaitytaknyga.lt\\\/#organization\"},\"potentialAction\":[{\"@type\":\"SearchAction\",\"target\":{\"@type\":\"EntryPoint\",\"urlTemplate\":\"https:\\\/\\\/skaitytaknyga.lt\\\/?s={search_term_string}\"},\"query-input\":{\"@type\":\"PropertyValueSpecification\",\"valueRequired\":true,\"valueName\":\"search_term_string\"}}],\"inLanguage\":\"en-GB\"},{\"@type\":\"Organization\",\"@id\":\"https:\\\/\\\/skaitytaknyga.lt\\\/#organization\",\"name\":\"skaitytaknyga.lt\",\"url\":\"https:\\\/\\\/skaitytaknyga.lt\\\/\",\"logo\":{\"@type\":\"ImageObject\",\"inLanguage\":\"en-GB\",\"@id\":\"https:\\\/\\\/skaitytaknyga.lt\\\/#\\\/schema\\\/logo\\\/image\\\/\",\"url\":\"https:\\\/\\\/skaitytaknyga.lt\\\/wp-content\\\/uploads\\\/2024\\\/05\\\/cropped-cropped-cropped-02_00843_jt3bggkj1j3HLc7SyY6rEUpg.jpeg\",\"contentUrl\":\"https:\\\/\\\/skaitytaknyga.lt\\\/wp-content\\\/uploads\\\/2024\\\/05\\\/cropped-cropped-cropped-02_00843_jt3bggkj1j3HLc7SyY6rEUpg.jpeg\",\"width\":1600,\"height\":1600,\"caption\":\"skaitytaknyga.lt\"},\"image\":{\"@id\":\"https:\\\/\\\/skaitytaknyga.lt\\\/#\\\/schema\\\/logo\\\/image\\\/\"},\"sameAs\":[\"https:\\\/\\\/www.facebook.com\\\/skaitytaknyga\\\/\"]}]}<\/script>\n<!-- \/ Yoast SEO plugin. -->","yoast_head_json":{"title":"Anthony Capella \u201eMeil\u0117s maistas\u201c - Skaitytaknyga","description":"Tai pirmas brit\u0173 ra\u0161ytojo Anthony Capellos romanas. Jis kasmet keliauja po Italij\u0105, yra did\u017eiulis ital\u0173 virtuv\u0117s gerb\u0117jas. Su \u017emona ir trimis vaikais gyvena Londone bei Oksforde.  Laura Paterson, dvide\u0161imt ketveri\u0173 met\u0173 student\u0117, metams atvyksta \u012f Rom\u0105 studijuoti meno istorijos. Ji nutaria, kad verta susitikin\u0117ti tik su tokiu vyri\u0161kiu, kuris nusimano apie kulinarij\u0105 ir moka gaminti.  Tomazas Masis, tikras gra\u017euolis ir nepataisomas gra\u017ebyliautojas, prisigiria, kad yra vieno geriausi\u0173 restoran\u0173 virtuv\u0117s \u0161efas, o i\u0161 ties\u0173 visi\u0161kai nieko nenutuokia apie maist\u0105. Geriausias jo draugas, puikus vir\u0117jas, sutinka pad\u0117ti, ta\u010diau pats \u012fsimyli Laur\u0105...","robots":{"index":"index","follow":"follow","max-snippet":"max-snippet:-1","max-image-preview":"max-image-preview:large","max-video-preview":"max-video-preview:-1"},"canonical":"https:\/\/skaitytaknyga.lt\/en\/produktas\/anthony-capella-meiles-maistas\/","og_locale":"en_GB","og_type":"article","og_title":"Anthony Capella \u201eMeil\u0117s maistas\u201c - Skaitytaknyga","og_description":"Tai pirmas brit\u0173 ra\u0161ytojo Anthony Capellos romanas. Jis kasmet keliauja po Italij\u0105, yra did\u017eiulis ital\u0173 virtuv\u0117s gerb\u0117jas. Su \u017emona ir trimis vaikais gyvena Londone bei Oksforde.  Laura Paterson, dvide\u0161imt ketveri\u0173 met\u0173 student\u0117, metams atvyksta \u012f Rom\u0105 studijuoti meno istorijos. Ji nutaria, kad verta susitikin\u0117ti tik su tokiu vyri\u0161kiu, kuris nusimano apie kulinarij\u0105 ir moka gaminti.  Tomazas Masis, tikras gra\u017euolis ir nepataisomas gra\u017ebyliautojas, prisigiria, kad yra vieno geriausi\u0173 restoran\u0173 virtuv\u0117s \u0161efas, o i\u0161 ties\u0173 visi\u0161kai nieko nenutuokia apie maist\u0105. Geriausias jo draugas, puikus vir\u0117jas, sutinka pad\u0117ti, ta\u010diau pats \u012fsimyli Laur\u0105...","og_url":"https:\/\/skaitytaknyga.lt\/en\/produktas\/anthony-capella-meiles-maistas\/","og_site_name":"Skaitytaknyga","article_publisher":"https:\/\/www.facebook.com\/skaitytaknyga\/","article_modified_time":"2024-05-03T07:29:33+00:00","og_image":[{"width":278,"height":430,"url":"https:\/\/skaitytaknyga.lt\/wp-content\/uploads\/2024\/05\/1462882225_img0021-001.jpg","type":"image\/jpeg"}],"twitter_card":"summary_large_image","twitter_misc":{"Estimated reading time":"1 minute"},"schema":{"@context":"https:\/\/schema.org","@graph":[{"@type":"WebPage","@id":"https:\/\/skaitytaknyga.lt\/produktas\/anthony-capella-meiles-maistas\/","url":"https:\/\/skaitytaknyga.lt\/produktas\/anthony-capella-meiles-maistas\/","name":"Anthony Capella \u201eMeil\u0117s maistas\u201c - Skaitytaknyga","isPartOf":{"@id":"https:\/\/skaitytaknyga.lt\/#website"},"primaryImageOfPage":{"@id":"https:\/\/skaitytaknyga.lt\/produktas\/anthony-capella-meiles-maistas\/#primaryimage"},"image":{"@id":"https:\/\/skaitytaknyga.lt\/produktas\/anthony-capella-meiles-maistas\/#primaryimage"},"thumbnailUrl":"https:\/\/skaitytaknyga.lt\/wp-content\/uploads\/2024\/05\/1462882225_img0021-001.jpg","datePublished":"2024-05-02T13:06:50+00:00","dateModified":"2024-05-03T07:29:33+00:00","description":"Tai pirmas brit\u0173 ra\u0161ytojo Anthony Capellos romanas. Jis kasmet keliauja po Italij\u0105, yra did\u017eiulis ital\u0173 virtuv\u0117s gerb\u0117jas. Su \u017emona ir trimis vaikais gyvena Londone bei Oksforde. Laura Paterson, dvide\u0161imt ketveri\u0173 met\u0173 student\u0117, metams atvyksta \u012f Rom\u0105 studijuoti meno istorijos. Ji nutaria, kad verta susitikin\u0117ti tik su tokiu vyri\u0161kiu, kuris nusimano apie kulinarij\u0105 ir moka gaminti. Tomazas Masis, tikras gra\u017euolis ir nepataisomas gra\u017ebyliautojas, prisigiria, kad yra vieno geriausi\u0173 restoran\u0173 virtuv\u0117s \u0161efas, o i\u0161 ties\u0173 visi\u0161kai nieko nenutuokia apie maist\u0105. Geriausias jo draugas, puikus vir\u0117jas, sutinka pad\u0117ti, ta\u010diau pats \u012fsimyli Laur\u0105...","breadcrumb":{"@id":"https:\/\/skaitytaknyga.lt\/produktas\/anthony-capella-meiles-maistas\/#breadcrumb"},"inLanguage":"en-GB","potentialAction":[{"@type":"ReadAction","target":["https:\/\/skaitytaknyga.lt\/produktas\/anthony-capella-meiles-maistas\/"]}]},{"@type":"ImageObject","inLanguage":"en-GB","@id":"https:\/\/skaitytaknyga.lt\/produktas\/anthony-capella-meiles-maistas\/#primaryimage","url":"https:\/\/skaitytaknyga.lt\/wp-content\/uploads\/2024\/05\/1462882225_img0021-001.jpg","contentUrl":"https:\/\/skaitytaknyga.lt\/wp-content\/uploads\/2024\/05\/1462882225_img0021-001.jpg","width":278,"height":430},{"@type":"BreadcrumbList","@id":"https:\/\/skaitytaknyga.lt\/produktas\/anthony-capella-meiles-maistas\/#breadcrumb","itemListElement":[{"@type":"ListItem","position":1,"name":"Home","item":"https:\/\/skaitytaknyga.lt\/"},{"@type":"ListItem","position":2,"name":"Parduotuv\u0117","item":"https:\/\/skaitytaknyga.lt\/knygu-parduotuve\/"},{"@type":"ListItem","position":3,"name":"Anthony Capella \u201eMeil\u0117s maistas\u201c"}]},{"@type":"WebSite","@id":"https:\/\/skaitytaknyga.lt\/#website","url":"https:\/\/skaitytaknyga.lt\/","name":"skaitytaknyga.lt","description":"Skaitytaknyga.lt \u2013 tai ma\u017eas \u0161eimos verslas, kuris prasid\u0117jo nuo meil\u0117s knygoms ir siekio i\u0161gelb\u0117ti knygas nuo likimo prie konteinerio. Kas vienam nereikalingas daiktas \u2013 kitam lobis, o mes esame tarpininkai, kurie padeda abiems tapti laimingesniems ???? \u017dinome kaip nelengva i\u0161gyventi ma\u017eiems verslams, tad nuo \u0161iol, \u010dia rasite ir kit\u0173, ma\u017e\u0173 \u0161eim\u0173 versl\u0173, rank\u0173 darbo, dovan\u0173 sau ir artimiesiems.","publisher":{"@id":"https:\/\/skaitytaknyga.lt\/#organization"},"potentialAction":[{"@type":"SearchAction","target":{"@type":"EntryPoint","urlTemplate":"https:\/\/skaitytaknyga.lt\/?s={search_term_string}"},"query-input":{"@type":"PropertyValueSpecification","valueRequired":true,"valueName":"search_term_string"}}],"inLanguage":"en-GB"},{"@type":"Organization","@id":"https:\/\/skaitytaknyga.lt\/#organization","name":"skaitytaknyga.lt","url":"https:\/\/skaitytaknyga.lt\/","logo":{"@type":"ImageObject","inLanguage":"en-GB","@id":"https:\/\/skaitytaknyga.lt\/#\/schema\/logo\/image\/","url":"https:\/\/skaitytaknyga.lt\/wp-content\/uploads\/2024\/05\/cropped-cropped-cropped-02_00843_jt3bggkj1j3HLc7SyY6rEUpg.jpeg","contentUrl":"https:\/\/skaitytaknyga.lt\/wp-content\/uploads\/2024\/05\/cropped-cropped-cropped-02_00843_jt3bggkj1j3HLc7SyY6rEUpg.jpeg","width":1600,"height":1600,"caption":"skaitytaknyga.lt"},"image":{"@id":"https:\/\/skaitytaknyga.lt\/#\/schema\/logo\/image\/"},"sameAs":["https:\/\/www.facebook.com\/skaitytaknyga\/"]}]}},"_links":{"self":[{"href":"https:\/\/skaitytaknyga.lt\/en\/wp-json\/wp\/v2\/product\/6080","targetHints":{"allow":["GET"]}}],"collection":[{"href":"https:\/\/skaitytaknyga.lt\/en\/wp-json\/wp\/v2\/product"}],"about":[{"href":"https:\/\/skaitytaknyga.lt\/en\/wp-json\/wp\/v2\/types\/product"}],"replies":[{"embeddable":true,"href":"https:\/\/skaitytaknyga.lt\/en\/wp-json\/wp\/v2\/comments?post=6080"}],"wp:featuredmedia":[{"embeddable":true,"href":"https:\/\/skaitytaknyga.lt\/en\/wp-json\/wp\/v2\/media\/6092"}],"wp:attachment":[{"href":"https:\/\/skaitytaknyga.lt\/en\/wp-json\/wp\/v2\/media?parent=6080"}],"wp:term":[{"taxonomy":"product_brand","embeddable":true,"href":"https:\/\/skaitytaknyga.lt\/en\/wp-json\/wp\/v2\/product_brand?post=6080"},{"taxonomy":"product_cat","embeddable":true,"href":"https:\/\/skaitytaknyga.lt\/en\/wp-json\/wp\/v2\/product_cat?post=6080"},{"taxonomy":"product_tag","embeddable":true,"href":"https:\/\/skaitytaknyga.lt\/en\/wp-json\/wp\/v2\/product_tag?post=6080"}],"curies":[{"name":"wp","href":"https:\/\/api.w.org\/{rel}","templated":true}]}}