{"id":6078,"date":"2024-05-02T13:06:50","date_gmt":"2024-05-02T13:06:50","guid":{"rendered":"https:\/\/skaitytaknyga.lt\/?post_type=product&#038;p=6078"},"modified":"2024-05-03T07:29:33","modified_gmt":"2024-05-03T07:29:33","slug":"jeffrey-eugenides-jaunosios-savizudes-pagelte-lapai","status":"publish","type":"product","link":"https:\/\/skaitytaknyga.lt\/en\/produktas\/jeffrey-eugenides-jaunosios-savizudes-pagelte-lapai\/","title":{"rendered":"Jeffrey Eugenides \u201eJaunosios savi\u017eud\u0117s\u201c (pagelt\u0119 lapai)"},"content":{"rendered":"<p>Gretindamas tai, kas \u012fprasta, ir tai, kas nekasdieni\u0161ka, juokinga ir tragi\u0161ka, Jeffrey Eugenides kuria gyv\u0105 ir \u012ftikinam\u0105 jaunyst\u0117s ir paprastos nekaltyb\u0117s paveiksl\u0105. Jis gr\u0105\u017eina mus \u012f guobomis apaugusias a\u0161tuntojo de\u0161imtme\u010dio priemies\u010di\u0173 gatves ir supa\u017eindina su \u017emon\u0117mis, kuri\u0173 gyvenim\u0105 visam laikui pakeit\u0117 paaugli\u0161ka manija d\u0117l penki\u0173 pra\u017e\u016btingos lemties seser\u0173: gabiosios Teres\u0117s, pedanti\u0161kosios Mer\u0117s, asketi\u0161kosios Bon\u0117s, laisvaman\u0117s Laks ir bly\u0161kiosios, dievobaimingosios Sesilijos \u2013 jos efektinga baigtimi prasideda \u201esavi\u017eudybi\u0173 metai&#8221;.<\/p>\n<p>\u0160is keistas pasakojimas apie meil\u0119 ir baim\u0119, seks\u0105 ir savi\u017eudyb\u0119, atsiminimus ir vaizduot\u0119 tapo tikra sensacija ir i\u0161 karto susilauk\u0117 kritik\u0173 pripa\u017einimo.<\/p>\n","protected":false},"excerpt":{"rendered":"<p>Gretindamas tai, kas \u012fprasta, ir tai, kas nekasdieni\u0161ka, juokinga ir tragi\u0161ka, Jeffrey Eugenides kuria gyv\u0105 ir \u012ftikinam\u0105 jaunyst\u0117s ir paprastos nekaltyb\u0117s paveiksl\u0105. Jis gr\u0105\u017eina mus \u012f guobomis apaugusias a\u0161tuntojo de\u0161imtme\u010dio priemies\u010di\u0173 gatves ir supa\u017eindina su \u017emon\u0117mis, kuri\u0173 gyvenim\u0105 visam laikui pakeit\u0117 paaugli\u0161ka manija d\u0117l penki\u0173 pra\u017e\u016btingos lemties seser\u0173: gabiosios Teres\u0117s, pedanti\u0161kosios Mer\u0117s, asketi\u0161kosios Bon\u0117s, laisvaman\u0117s Laks ir bly\u0161kiosios, dievobaimingosios Sesilijos \u2013 jos efektinga baigtimi prasideda \u201esavi\u017eudybi\u0173 metai&#8221;.<\/p>\n<p>\u0160is keistas pasakojimas apie meil\u0119 ir baim\u0119, seks\u0105 ir savi\u017eudyb\u0119, atsiminimus ir vaizduot\u0119 tapo tikra sensacija ir i\u0161 karto susilauk\u0117 kritik\u0173 pripa\u017einimo.<\/p>\n","protected":false},"featured_media":6090,"comment_status":"closed","ping_status":"closed","template":"","meta":{"_acf_changed":false,"site-sidebar-layout":"default","site-content-layout":"","ast-site-content-layout":"default","site-content-style":"default","site-sidebar-style":"default","ast-global-header-display":"","ast-banner-title-visibility":"","ast-main-header-display":"","ast-hfb-above-header-display":"","ast-hfb-below-header-display":"","ast-hfb-mobile-header-display":"","site-post-title":"","ast-breadcrumbs-content":"","ast-featured-img":"","footer-sml-layout":"","ast-disable-related-posts":"","theme-transparent-header-meta":"","adv-header-id-meta":"","stick-header-meta":"","header-above-stick-meta":"","header-main-stick-meta":"","header-below-stick-meta":"","astra-migrate-meta-layouts":"default","ast-page-background-enabled":"default","ast-page-background-meta":{"desktop":{"background-color":"","background-image":"","background-repeat":"repeat","background-position":"center center","background-size":"auto","background-attachment":"scroll","background-type":"","background-media":"","overlay-type":"","overlay-color":"","overlay-opacity":"","overlay-gradient":""},"tablet":{"background-color":"","background-image":"","background-repeat":"repeat","background-position":"center center","background-size":"auto","background-attachment":"scroll","background-type":"","background-media":"","overlay-type":"","overlay-color":"","overlay-opacity":"","overlay-gradient":""},"mobile":{"background-color":"","background-image":"","background-repeat":"repeat","background-position":"center center","background-size":"auto","background-attachment":"scroll","background-type":"","background-media":"","overlay-type":"","overlay-color":"","overlay-opacity":"","overlay-gradient":""}},"ast-content-background-meta":{"desktop":{"background-color":"var(--ast-global-color-4)","background-image":"","background-repeat":"repeat","background-position":"center center","background-size":"auto","background-attachment":"scroll","background-type":"","background-media":"","overlay-type":"","overlay-color":"","overlay-opacity":"","overlay-gradient":""},"tablet":{"background-color":"var(--ast-global-color-4)","background-image":"","background-repeat":"repeat","background-position":"center center","background-size":"auto","background-attachment":"scroll","background-type":"","background-media":"","overlay-type":"","overlay-color":"","overlay-opacity":"","overlay-gradient":""},"mobile":{"background-color":"var(--ast-global-color-4)","background-image":"","background-repeat":"repeat","background-position":"center center","background-size":"auto","background-attachment":"scroll","background-type":"","background-media":"","overlay-type":"","overlay-color":"","overlay-opacity":"","overlay-gradient":""}}},"product_brand":[],"product_cat":[31],"product_tag":[],"class_list":{"0":"post-6078","1":"product","2":"type-product","3":"status-publish","4":"has-post-thumbnail","6":"product_cat-grozine-literatura","7":"desktop-align-left","8":"tablet-align-left","9":"mobile-align-left","11":"first","12":"instock","13":"shipping-taxable","14":"purchasable","15":"product-type-simple"},"acf":[],"yoast_head":"<!-- This site is optimized with the Yoast SEO plugin v27.0 - https:\/\/yoast.com\/product\/yoast-seo-wordpress\/ -->\n<title>Jeffrey Eugenides \u201eJaunosios savi\u017eud\u0117s\u201c (pagelt\u0119 lapai) - Skaitytaknyga<\/title>\n<meta name=\"description\" content=\"Gretindamas tai, kas \u012fprasta, ir tai, kas nekasdieni\u0161ka, juokinga ir tragi\u0161ka, Jeffrey Eugenides kuria gyv\u0105 ir \u012ftikinam\u0105 jaunyst\u0117s ir paprastos nekaltyb\u0117s paveiksl\u0105. Jis gr\u0105\u017eina mus \u012f guobomis apaugusias a\u0161tuntojo de\u0161imtme\u010dio priemies\u010di\u0173 gatves ir supa\u017eindina su \u017emon\u0117mis, kuri\u0173 gyvenim\u0105 visam laikui pakeit\u0117 paaugli\u0161ka manija d\u0117l penki\u0173 pra\u017e\u016btingos lemties seser\u0173: gabiosios Teres\u0117s, pedanti\u0161kosios Mer\u0117s, asketi\u0161kosios Bon\u0117s, laisvaman\u0117s Laks ir bly\u0161kiosios, dievobaimingosios Sesilijos \u2013 jos efektinga baigtimi prasideda \u201esavi\u017eudybi\u0173 metai&quot;.  \u0160is keistas pasakojimas apie meil\u0119 ir baim\u0119, seks\u0105 ir savi\u017eudyb\u0119, atsiminimus ir vaizduot\u0119 tapo tikra sensacija ir i\u0161 karto susilauk\u0117 kritik\u0173 pripa\u017einimo.\" \/>\n<meta name=\"robots\" content=\"index, follow, max-snippet:-1, max-image-preview:large, max-video-preview:-1\" \/>\n<link rel=\"canonical\" href=\"https:\/\/skaitytaknyga.lt\/en\/produktas\/jeffrey-eugenides-jaunosios-savizudes-pagelte-lapai\/\" \/>\n<meta property=\"og:locale\" content=\"en_GB\" \/>\n<meta property=\"og:locale:alternate\" content=\"lt_LT\" \/>\n<meta property=\"og:type\" content=\"article\" \/>\n<meta property=\"og:title\" content=\"Jeffrey Eugenides \u201eJaunosios savi\u017eud\u0117s\u201c (pagelt\u0119 lapai) - Skaitytaknyga\" \/>\n<meta property=\"og:description\" content=\"Gretindamas tai, kas \u012fprasta, ir tai, kas nekasdieni\u0161ka, juokinga ir tragi\u0161ka, Jeffrey Eugenides kuria gyv\u0105 ir \u012ftikinam\u0105 jaunyst\u0117s ir paprastos nekaltyb\u0117s paveiksl\u0105. Jis gr\u0105\u017eina mus \u012f guobomis apaugusias a\u0161tuntojo de\u0161imtme\u010dio priemies\u010di\u0173 gatves ir supa\u017eindina su \u017emon\u0117mis, kuri\u0173 gyvenim\u0105 visam laikui pakeit\u0117 paaugli\u0161ka manija d\u0117l penki\u0173 pra\u017e\u016btingos lemties seser\u0173: gabiosios Teres\u0117s, pedanti\u0161kosios Mer\u0117s, asketi\u0161kosios Bon\u0117s, laisvaman\u0117s Laks ir bly\u0161kiosios, dievobaimingosios Sesilijos \u2013 jos efektinga baigtimi prasideda \u201esavi\u017eudybi\u0173 metai&quot;.  \u0160is keistas pasakojimas apie meil\u0119 ir baim\u0119, seks\u0105 ir savi\u017eudyb\u0119, atsiminimus ir vaizduot\u0119 tapo tikra sensacija ir i\u0161 karto susilauk\u0117 kritik\u0173 pripa\u017einimo.\" \/>\n<meta property=\"og:url\" content=\"https:\/\/skaitytaknyga.lt\/en\/produktas\/jeffrey-eugenides-jaunosios-savizudes-pagelte-lapai\/\" \/>\n<meta property=\"og:site_name\" content=\"Skaitytaknyga\" \/>\n<meta property=\"article:publisher\" content=\"https:\/\/www.facebook.com\/skaitytaknyga\/\" \/>\n<meta property=\"article:modified_time\" content=\"2024-05-03T07:29:33+00:00\" \/>\n<meta property=\"og:image\" content=\"https:\/\/skaitytaknyga.lt\/wp-content\/uploads\/2024\/05\/1462874841_jaunosiossavizudesjpg.jpg\" \/>\n\t<meta property=\"og:image:width\" content=\"349\" \/>\n\t<meta property=\"og:image:height\" content=\"550\" \/>\n\t<meta property=\"og:image:type\" content=\"image\/jpeg\" \/>\n<meta name=\"twitter:card\" content=\"summary_large_image\" \/>\n<meta name=\"twitter:label1\" content=\"Estimated reading time\" \/>\n\t<meta name=\"twitter:data1\" content=\"1 minute\" \/>\n<script type=\"application\/ld+json\" class=\"yoast-schema-graph\">{\"@context\":\"https:\/\/schema.org\",\"@graph\":[{\"@type\":\"WebPage\",\"@id\":\"https:\/\/skaitytaknyga.lt\/produktas\/jeffrey-eugenides-jaunosios-savizudes-pagelte-lapai\/\",\"url\":\"https:\/\/skaitytaknyga.lt\/produktas\/jeffrey-eugenides-jaunosios-savizudes-pagelte-lapai\/\",\"name\":\"Jeffrey Eugenides \u201eJaunosios savi\u017eud\u0117s\u201c (pagelt\u0119 lapai) - Skaitytaknyga\",\"isPartOf\":{\"@id\":\"https:\/\/skaitytaknyga.lt\/#website\"},\"primaryImageOfPage\":{\"@id\":\"https:\/\/skaitytaknyga.lt\/produktas\/jeffrey-eugenides-jaunosios-savizudes-pagelte-lapai\/#primaryimage\"},\"image\":{\"@id\":\"https:\/\/skaitytaknyga.lt\/produktas\/jeffrey-eugenides-jaunosios-savizudes-pagelte-lapai\/#primaryimage\"},\"thumbnailUrl\":\"https:\/\/skaitytaknyga.lt\/wp-content\/uploads\/2024\/05\/1462874841_jaunosiossavizudesjpg.jpg\",\"datePublished\":\"2024-05-02T13:06:50+00:00\",\"dateModified\":\"2024-05-03T07:29:33+00:00\",\"description\":\"Gretindamas tai, kas \u012fprasta, ir tai, kas nekasdieni\u0161ka, juokinga ir tragi\u0161ka, Jeffrey Eugenides kuria gyv\u0105 ir \u012ftikinam\u0105 jaunyst\u0117s ir paprastos nekaltyb\u0117s paveiksl\u0105. Jis gr\u0105\u017eina mus \u012f guobomis apaugusias a\u0161tuntojo de\u0161imtme\u010dio priemies\u010di\u0173 gatves ir supa\u017eindina su \u017emon\u0117mis, kuri\u0173 gyvenim\u0105 visam laikui pakeit\u0117 paaugli\u0161ka manija d\u0117l penki\u0173 pra\u017e\u016btingos lemties seser\u0173: gabiosios Teres\u0117s, pedanti\u0161kosios Mer\u0117s, asketi\u0161kosios Bon\u0117s, laisvaman\u0117s Laks ir bly\u0161kiosios, dievobaimingosios Sesilijos \u2013 jos efektinga baigtimi prasideda \u201esavi\u017eudybi\u0173 metai\\\". \u0160is keistas pasakojimas apie meil\u0119 ir baim\u0119, seks\u0105 ir savi\u017eudyb\u0119, atsiminimus ir vaizduot\u0119 tapo tikra sensacija ir i\u0161 karto susilauk\u0117 kritik\u0173 pripa\u017einimo.\",\"breadcrumb\":{\"@id\":\"https:\/\/skaitytaknyga.lt\/produktas\/jeffrey-eugenides-jaunosios-savizudes-pagelte-lapai\/#breadcrumb\"},\"inLanguage\":\"en-GB\",\"potentialAction\":[{\"@type\":\"ReadAction\",\"target\":[\"https:\/\/skaitytaknyga.lt\/produktas\/jeffrey-eugenides-jaunosios-savizudes-pagelte-lapai\/\"]}]},{\"@type\":\"ImageObject\",\"inLanguage\":\"en-GB\",\"@id\":\"https:\/\/skaitytaknyga.lt\/produktas\/jeffrey-eugenides-jaunosios-savizudes-pagelte-lapai\/#primaryimage\",\"url\":\"https:\/\/skaitytaknyga.lt\/wp-content\/uploads\/2024\/05\/1462874841_jaunosiossavizudesjpg.jpg\",\"contentUrl\":\"https:\/\/skaitytaknyga.lt\/wp-content\/uploads\/2024\/05\/1462874841_jaunosiossavizudesjpg.jpg\",\"width\":349,\"height\":550},{\"@type\":\"BreadcrumbList\",\"@id\":\"https:\/\/skaitytaknyga.lt\/produktas\/jeffrey-eugenides-jaunosios-savizudes-pagelte-lapai\/#breadcrumb\",\"itemListElement\":[{\"@type\":\"ListItem\",\"position\":1,\"name\":\"Home\",\"item\":\"https:\/\/skaitytaknyga.lt\/\"},{\"@type\":\"ListItem\",\"position\":2,\"name\":\"Parduotuv\u0117\",\"item\":\"https:\/\/skaitytaknyga.lt\/knygu-parduotuve\/\"},{\"@type\":\"ListItem\",\"position\":3,\"name\":\"Jeffrey Eugenides \u201eJaunosios savi\u017eud\u0117s\u201c (pagelt\u0119 lapai)\"}]},{\"@type\":\"WebSite\",\"@id\":\"https:\/\/skaitytaknyga.lt\/#website\",\"url\":\"https:\/\/skaitytaknyga.lt\/\",\"name\":\"skaitytaknyga.lt\",\"description\":\"Skaitytaknyga.lt \u2013 tai ma\u017eas \u0161eimos verslas, kuris prasid\u0117jo nuo meil\u0117s knygoms ir siekio i\u0161gelb\u0117ti knygas nuo likimo prie konteinerio. Kas vienam nereikalingas daiktas \u2013 kitam lobis, o mes esame tarpininkai, kurie padeda abiems tapti laimingesniems ???? \u017dinome kaip nelengva i\u0161gyventi ma\u017eiems verslams, tad nuo \u0161iol, \u010dia rasite ir kit\u0173, ma\u017e\u0173 \u0161eim\u0173 versl\u0173, rank\u0173 darbo, dovan\u0173 sau ir artimiesiems.\",\"publisher\":{\"@id\":\"https:\/\/skaitytaknyga.lt\/#organization\"},\"potentialAction\":[{\"@type\":\"SearchAction\",\"target\":{\"@type\":\"EntryPoint\",\"urlTemplate\":\"https:\/\/skaitytaknyga.lt\/?s={search_term_string}\"},\"query-input\":{\"@type\":\"PropertyValueSpecification\",\"valueRequired\":true,\"valueName\":\"search_term_string\"}}],\"inLanguage\":\"en-GB\"},{\"@type\":\"Organization\",\"@id\":\"https:\/\/skaitytaknyga.lt\/#organization\",\"name\":\"skaitytaknyga.lt\",\"url\":\"https:\/\/skaitytaknyga.lt\/\",\"logo\":{\"@type\":\"ImageObject\",\"inLanguage\":\"en-GB\",\"@id\":\"https:\/\/skaitytaknyga.lt\/#\/schema\/logo\/image\/\",\"url\":\"https:\/\/skaitytaknyga.lt\/wp-content\/uploads\/2024\/05\/cropped-cropped-cropped-02_00843_jt3bggkj1j3HLc7SyY6rEUpg.jpeg\",\"contentUrl\":\"https:\/\/skaitytaknyga.lt\/wp-content\/uploads\/2024\/05\/cropped-cropped-cropped-02_00843_jt3bggkj1j3HLc7SyY6rEUpg.jpeg\",\"width\":1600,\"height\":1600,\"caption\":\"skaitytaknyga.lt\"},\"image\":{\"@id\":\"https:\/\/skaitytaknyga.lt\/#\/schema\/logo\/image\/\"},\"sameAs\":[\"https:\/\/www.facebook.com\/skaitytaknyga\/\"]}]}<\/script>\n<!-- \/ Yoast SEO plugin. -->","yoast_head_json":{"title":"Jeffrey Eugenides \u201eJaunosios savi\u017eud\u0117s\u201c (pagelt\u0119 lapai) - Skaitytaknyga","description":"Gretindamas tai, kas \u012fprasta, ir tai, kas nekasdieni\u0161ka, juokinga ir tragi\u0161ka, Jeffrey Eugenides kuria gyv\u0105 ir \u012ftikinam\u0105 jaunyst\u0117s ir paprastos nekaltyb\u0117s paveiksl\u0105. Jis gr\u0105\u017eina mus \u012f guobomis apaugusias a\u0161tuntojo de\u0161imtme\u010dio priemies\u010di\u0173 gatves ir supa\u017eindina su \u017emon\u0117mis, kuri\u0173 gyvenim\u0105 visam laikui pakeit\u0117 paaugli\u0161ka manija d\u0117l penki\u0173 pra\u017e\u016btingos lemties seser\u0173: gabiosios Teres\u0117s, pedanti\u0161kosios Mer\u0117s, asketi\u0161kosios Bon\u0117s, laisvaman\u0117s Laks ir bly\u0161kiosios, dievobaimingosios Sesilijos \u2013 jos efektinga baigtimi prasideda \u201esavi\u017eudybi\u0173 metai\".  \u0160is keistas pasakojimas apie meil\u0119 ir baim\u0119, seks\u0105 ir savi\u017eudyb\u0119, atsiminimus ir vaizduot\u0119 tapo tikra sensacija ir i\u0161 karto susilauk\u0117 kritik\u0173 pripa\u017einimo.","robots":{"index":"index","follow":"follow","max-snippet":"max-snippet:-1","max-image-preview":"max-image-preview:large","max-video-preview":"max-video-preview:-1"},"canonical":"https:\/\/skaitytaknyga.lt\/en\/produktas\/jeffrey-eugenides-jaunosios-savizudes-pagelte-lapai\/","og_locale":"en_GB","og_type":"article","og_title":"Jeffrey Eugenides \u201eJaunosios savi\u017eud\u0117s\u201c (pagelt\u0119 lapai) - Skaitytaknyga","og_description":"Gretindamas tai, kas \u012fprasta, ir tai, kas nekasdieni\u0161ka, juokinga ir tragi\u0161ka, Jeffrey Eugenides kuria gyv\u0105 ir \u012ftikinam\u0105 jaunyst\u0117s ir paprastos nekaltyb\u0117s paveiksl\u0105. Jis gr\u0105\u017eina mus \u012f guobomis apaugusias a\u0161tuntojo de\u0161imtme\u010dio priemies\u010di\u0173 gatves ir supa\u017eindina su \u017emon\u0117mis, kuri\u0173 gyvenim\u0105 visam laikui pakeit\u0117 paaugli\u0161ka manija d\u0117l penki\u0173 pra\u017e\u016btingos lemties seser\u0173: gabiosios Teres\u0117s, pedanti\u0161kosios Mer\u0117s, asketi\u0161kosios Bon\u0117s, laisvaman\u0117s Laks ir bly\u0161kiosios, dievobaimingosios Sesilijos \u2013 jos efektinga baigtimi prasideda \u201esavi\u017eudybi\u0173 metai\".  \u0160is keistas pasakojimas apie meil\u0119 ir baim\u0119, seks\u0105 ir savi\u017eudyb\u0119, atsiminimus ir vaizduot\u0119 tapo tikra sensacija ir i\u0161 karto susilauk\u0117 kritik\u0173 pripa\u017einimo.","og_url":"https:\/\/skaitytaknyga.lt\/en\/produktas\/jeffrey-eugenides-jaunosios-savizudes-pagelte-lapai\/","og_site_name":"Skaitytaknyga","article_publisher":"https:\/\/www.facebook.com\/skaitytaknyga\/","article_modified_time":"2024-05-03T07:29:33+00:00","og_image":[{"width":349,"height":550,"url":"https:\/\/skaitytaknyga.lt\/wp-content\/uploads\/2024\/05\/1462874841_jaunosiossavizudesjpg.jpg","type":"image\/jpeg"}],"twitter_card":"summary_large_image","twitter_misc":{"Estimated reading time":"1 minute"},"schema":{"@context":"https:\/\/schema.org","@graph":[{"@type":"WebPage","@id":"https:\/\/skaitytaknyga.lt\/produktas\/jeffrey-eugenides-jaunosios-savizudes-pagelte-lapai\/","url":"https:\/\/skaitytaknyga.lt\/produktas\/jeffrey-eugenides-jaunosios-savizudes-pagelte-lapai\/","name":"Jeffrey Eugenides \u201eJaunosios savi\u017eud\u0117s\u201c (pagelt\u0119 lapai) - Skaitytaknyga","isPartOf":{"@id":"https:\/\/skaitytaknyga.lt\/#website"},"primaryImageOfPage":{"@id":"https:\/\/skaitytaknyga.lt\/produktas\/jeffrey-eugenides-jaunosios-savizudes-pagelte-lapai\/#primaryimage"},"image":{"@id":"https:\/\/skaitytaknyga.lt\/produktas\/jeffrey-eugenides-jaunosios-savizudes-pagelte-lapai\/#primaryimage"},"thumbnailUrl":"https:\/\/skaitytaknyga.lt\/wp-content\/uploads\/2024\/05\/1462874841_jaunosiossavizudesjpg.jpg","datePublished":"2024-05-02T13:06:50+00:00","dateModified":"2024-05-03T07:29:33+00:00","description":"Gretindamas tai, kas \u012fprasta, ir tai, kas nekasdieni\u0161ka, juokinga ir tragi\u0161ka, Jeffrey Eugenides kuria gyv\u0105 ir \u012ftikinam\u0105 jaunyst\u0117s ir paprastos nekaltyb\u0117s paveiksl\u0105. Jis gr\u0105\u017eina mus \u012f guobomis apaugusias a\u0161tuntojo de\u0161imtme\u010dio priemies\u010di\u0173 gatves ir supa\u017eindina su \u017emon\u0117mis, kuri\u0173 gyvenim\u0105 visam laikui pakeit\u0117 paaugli\u0161ka manija d\u0117l penki\u0173 pra\u017e\u016btingos lemties seser\u0173: gabiosios Teres\u0117s, pedanti\u0161kosios Mer\u0117s, asketi\u0161kosios Bon\u0117s, laisvaman\u0117s Laks ir bly\u0161kiosios, dievobaimingosios Sesilijos \u2013 jos efektinga baigtimi prasideda \u201esavi\u017eudybi\u0173 metai\". \u0160is keistas pasakojimas apie meil\u0119 ir baim\u0119, seks\u0105 ir savi\u017eudyb\u0119, atsiminimus ir vaizduot\u0119 tapo tikra sensacija ir i\u0161 karto susilauk\u0117 kritik\u0173 pripa\u017einimo.","breadcrumb":{"@id":"https:\/\/skaitytaknyga.lt\/produktas\/jeffrey-eugenides-jaunosios-savizudes-pagelte-lapai\/#breadcrumb"},"inLanguage":"en-GB","potentialAction":[{"@type":"ReadAction","target":["https:\/\/skaitytaknyga.lt\/produktas\/jeffrey-eugenides-jaunosios-savizudes-pagelte-lapai\/"]}]},{"@type":"ImageObject","inLanguage":"en-GB","@id":"https:\/\/skaitytaknyga.lt\/produktas\/jeffrey-eugenides-jaunosios-savizudes-pagelte-lapai\/#primaryimage","url":"https:\/\/skaitytaknyga.lt\/wp-content\/uploads\/2024\/05\/1462874841_jaunosiossavizudesjpg.jpg","contentUrl":"https:\/\/skaitytaknyga.lt\/wp-content\/uploads\/2024\/05\/1462874841_jaunosiossavizudesjpg.jpg","width":349,"height":550},{"@type":"BreadcrumbList","@id":"https:\/\/skaitytaknyga.lt\/produktas\/jeffrey-eugenides-jaunosios-savizudes-pagelte-lapai\/#breadcrumb","itemListElement":[{"@type":"ListItem","position":1,"name":"Home","item":"https:\/\/skaitytaknyga.lt\/"},{"@type":"ListItem","position":2,"name":"Parduotuv\u0117","item":"https:\/\/skaitytaknyga.lt\/knygu-parduotuve\/"},{"@type":"ListItem","position":3,"name":"Jeffrey Eugenides \u201eJaunosios savi\u017eud\u0117s\u201c (pagelt\u0119 lapai)"}]},{"@type":"WebSite","@id":"https:\/\/skaitytaknyga.lt\/#website","url":"https:\/\/skaitytaknyga.lt\/","name":"skaitytaknyga.lt","description":"Skaitytaknyga.lt \u2013 tai ma\u017eas \u0161eimos verslas, kuris prasid\u0117jo nuo meil\u0117s knygoms ir siekio i\u0161gelb\u0117ti knygas nuo likimo prie konteinerio. Kas vienam nereikalingas daiktas \u2013 kitam lobis, o mes esame tarpininkai, kurie padeda abiems tapti laimingesniems ???? \u017dinome kaip nelengva i\u0161gyventi ma\u017eiems verslams, tad nuo \u0161iol, \u010dia rasite ir kit\u0173, ma\u017e\u0173 \u0161eim\u0173 versl\u0173, rank\u0173 darbo, dovan\u0173 sau ir artimiesiems.","publisher":{"@id":"https:\/\/skaitytaknyga.lt\/#organization"},"potentialAction":[{"@type":"SearchAction","target":{"@type":"EntryPoint","urlTemplate":"https:\/\/skaitytaknyga.lt\/?s={search_term_string}"},"query-input":{"@type":"PropertyValueSpecification","valueRequired":true,"valueName":"search_term_string"}}],"inLanguage":"en-GB"},{"@type":"Organization","@id":"https:\/\/skaitytaknyga.lt\/#organization","name":"skaitytaknyga.lt","url":"https:\/\/skaitytaknyga.lt\/","logo":{"@type":"ImageObject","inLanguage":"en-GB","@id":"https:\/\/skaitytaknyga.lt\/#\/schema\/logo\/image\/","url":"https:\/\/skaitytaknyga.lt\/wp-content\/uploads\/2024\/05\/cropped-cropped-cropped-02_00843_jt3bggkj1j3HLc7SyY6rEUpg.jpeg","contentUrl":"https:\/\/skaitytaknyga.lt\/wp-content\/uploads\/2024\/05\/cropped-cropped-cropped-02_00843_jt3bggkj1j3HLc7SyY6rEUpg.jpeg","width":1600,"height":1600,"caption":"skaitytaknyga.lt"},"image":{"@id":"https:\/\/skaitytaknyga.lt\/#\/schema\/logo\/image\/"},"sameAs":["https:\/\/www.facebook.com\/skaitytaknyga\/"]}]}},"_links":{"self":[{"href":"https:\/\/skaitytaknyga.lt\/en\/wp-json\/wp\/v2\/product\/6078","targetHints":{"allow":["GET"]}}],"collection":[{"href":"https:\/\/skaitytaknyga.lt\/en\/wp-json\/wp\/v2\/product"}],"about":[{"href":"https:\/\/skaitytaknyga.lt\/en\/wp-json\/wp\/v2\/types\/product"}],"replies":[{"embeddable":true,"href":"https:\/\/skaitytaknyga.lt\/en\/wp-json\/wp\/v2\/comments?post=6078"}],"wp:featuredmedia":[{"embeddable":true,"href":"https:\/\/skaitytaknyga.lt\/en\/wp-json\/wp\/v2\/media\/6090"}],"wp:attachment":[{"href":"https:\/\/skaitytaknyga.lt\/en\/wp-json\/wp\/v2\/media?parent=6078"}],"wp:term":[{"taxonomy":"product_brand","embeddable":true,"href":"https:\/\/skaitytaknyga.lt\/en\/wp-json\/wp\/v2\/product_brand?post=6078"},{"taxonomy":"product_cat","embeddable":true,"href":"https:\/\/skaitytaknyga.lt\/en\/wp-json\/wp\/v2\/product_cat?post=6078"},{"taxonomy":"product_tag","embeddable":true,"href":"https:\/\/skaitytaknyga.lt\/en\/wp-json\/wp\/v2\/product_tag?post=6078"}],"curies":[{"name":"wp","href":"https:\/\/api.w.org\/{rel}","templated":true}]}}