{"id":6053,"date":"2024-05-02T13:04:51","date_gmt":"2024-05-02T13:04:51","guid":{"rendered":"https:\/\/skaitytaknyga.lt\/?post_type=product&#038;p=6053"},"modified":"2024-05-03T07:29:32","modified_gmt":"2024-05-03T07:29:32","slug":"ceslovas-kalenda-achilo-kulno-papedeje-pasauline-ekologine-krize-ir-lietuva","status":"publish","type":"product","link":"https:\/\/skaitytaknyga.lt\/en\/produktas\/ceslovas-kalenda-achilo-kulno-papedeje-pasauline-ekologine-krize-ir-lietuva\/","title":{"rendered":"\u010ceslovas Kalenda \u201eAchilo kulno pap\u0117d\u0117je: pasaulin\u0117 ekologin\u0117 kriz\u0117 ir Lietuva&#8221;"},"content":{"rendered":"<p>Knygos\u00a0<strong>\u201eAchilo kulno pap\u0117d\u0117je: pasaulin\u0117 ekologin\u0117 kriz\u0117 ir Lietuva\u201c<\/strong>\u00a0turin\u012f sudaro apm\u0105stymai apie praktin\u0119 gamtos filosofij\u0105 (ekologin\u0119 etik\u0105) ir jos viet\u0105 bei vaidmen\u012f sprend\u017eiant ekologin\u0119 dabarties problem\u0105. Aptariami ekologin\u0117s kriz\u0117s kaip globalinio proceso i\u0161\u0161\u016bkiai ir Lietuvos visuomen\u0117s moralinio gyvenimo ypatyb\u0117s.<\/p>\n<p>Knygos \u012fvade pateikta ekologin\u0117s etin\u0117s minties raidos Lietuvoje ap\u017evalga. Trijuose skyriuose gilinamasi \u012f ekologin\u0117s problemos kilimo prie\u017eastis ir jos sprendimo b\u016bd\u0173 paie\u0161kas, atskleid\u017eiami \u017emoni\u0173 abejingumo gamtai motyvai, nu\u0161vie\u010diamos ekologi\u0161ko elgesio paskatos.<\/p>\n<p>Nema\u017eai vietos skiriama ekologin\u0117s etikos, kaip taikomosios etikos \u0161akos, \u012fvairiems teoriniams aspektams, \u0161ios etikos ypatyb\u0117ms, principams apibr\u0117\u017eti. Neu\u017emir\u0161ti ir praktiniai dalykai \u2013 lietuvi\u0173 tautos gamtosaugin\u0117s tradicijos bei j\u0173 puosel\u0117jimo kryptys globalizacijos s\u0105lygomis.<\/p>\n","protected":false},"excerpt":{"rendered":"<p>Knygos\u00a0<strong>\u201eAchilo kulno pap\u0117d\u0117je: pasaulin\u0117 ekologin\u0117 kriz\u0117 ir Lietuva\u201c<\/strong>\u00a0turin\u012f sudaro apm\u0105stymai apie praktin\u0119 gamtos filosofij\u0105 (ekologin\u0119 etik\u0105) ir jos viet\u0105 bei vaidmen\u012f sprend\u017eiant ekologin\u0119 dabarties problem\u0105. Aptariami ekologin\u0117s kriz\u0117s kaip globalinio proceso i\u0161\u0161\u016bkiai ir Lietuvos visuomen\u0117s moralinio gyvenimo ypatyb\u0117s.<\/p>\n<p>Knygos \u012fvade pateikta ekologin\u0117s etin\u0117s minties raidos Lietuvoje ap\u017evalga. Trijuose skyriuose gilinamasi \u012f ekologin\u0117s problemos kilimo prie\u017eastis ir jos sprendimo b\u016bd\u0173 paie\u0161kas, atskleid\u017eiami \u017emoni\u0173 abejingumo gamtai motyvai, nu\u0161vie\u010diamos ekologi\u0161ko elgesio paskatos.<\/p>\n<p>Nema\u017eai vietos skiriama ekologin\u0117s etikos, kaip taikomosios etikos \u0161akos, \u012fvairiems teoriniams aspektams, \u0161ios etikos ypatyb\u0117ms, principams apibr\u0117\u017eti. Neu\u017emir\u0161ti ir praktiniai dalykai \u2013 lietuvi\u0173 tautos gamtosaugin\u0117s tradicijos bei j\u0173 puosel\u0117jimo kryptys globalizacijos s\u0105lygomis.<\/p>\n","protected":false},"featured_media":6072,"comment_status":"closed","ping_status":"closed","template":"","meta":{"_acf_changed":false,"site-sidebar-layout":"default","site-content-layout":"","ast-site-content-layout":"default","site-content-style":"default","site-sidebar-style":"default","ast-global-header-display":"","ast-banner-title-visibility":"","ast-main-header-display":"","ast-hfb-above-header-display":"","ast-hfb-below-header-display":"","ast-hfb-mobile-header-display":"","site-post-title":"","ast-breadcrumbs-content":"","ast-featured-img":"","footer-sml-layout":"","ast-disable-related-posts":"","theme-transparent-header-meta":"","adv-header-id-meta":"","stick-header-meta":"","header-above-stick-meta":"","header-main-stick-meta":"","header-below-stick-meta":"","astra-migrate-meta-layouts":"default","ast-page-background-enabled":"default","ast-page-background-meta":{"desktop":{"background-color":"","background-image":"","background-repeat":"repeat","background-position":"center center","background-size":"auto","background-attachment":"scroll","background-type":"","background-media":"","overlay-type":"","overlay-color":"","overlay-opacity":"","overlay-gradient":""},"tablet":{"background-color":"","background-image":"","background-repeat":"repeat","background-position":"center center","background-size":"auto","background-attachment":"scroll","background-type":"","background-media":"","overlay-type":"","overlay-color":"","overlay-opacity":"","overlay-gradient":""},"mobile":{"background-color":"","background-image":"","background-repeat":"repeat","background-position":"center center","background-size":"auto","background-attachment":"scroll","background-type":"","background-media":"","overlay-type":"","overlay-color":"","overlay-opacity":"","overlay-gradient":""}},"ast-content-background-meta":{"desktop":{"background-color":"var(--ast-global-color-4)","background-image":"","background-repeat":"repeat","background-position":"center center","background-size":"auto","background-attachment":"scroll","background-type":"","background-media":"","overlay-type":"","overlay-color":"","overlay-opacity":"","overlay-gradient":""},"tablet":{"background-color":"var(--ast-global-color-4)","background-image":"","background-repeat":"repeat","background-position":"center center","background-size":"auto","background-attachment":"scroll","background-type":"","background-media":"","overlay-type":"","overlay-color":"","overlay-opacity":"","overlay-gradient":""},"mobile":{"background-color":"var(--ast-global-color-4)","background-image":"","background-repeat":"repeat","background-position":"center center","background-size":"auto","background-attachment":"scroll","background-type":"","background-media":"","overlay-type":"","overlay-color":"","overlay-opacity":"","overlay-gradient":""}}},"product_brand":[],"product_cat":[269,165],"product_tag":[],"class_list":{"0":"post-6053","1":"product","2":"type-product","3":"status-publish","4":"has-post-thumbnail","6":"product_cat-gamtos-mokslai","7":"product_cat-religija-filosofija-ir-ezoterika","8":"desktop-align-left","9":"tablet-align-left","10":"mobile-align-left","12":"first","13":"instock","14":"shipping-taxable","15":"purchasable","16":"product-type-simple"},"acf":[],"yoast_head":"<!-- This site is optimized with the Yoast SEO plugin v27.0 - https:\/\/yoast.com\/product\/yoast-seo-wordpress\/ -->\n<title>\u010ceslovas Kalenda \u201eAchilo kulno pap\u0117d\u0117je: pasaulin\u0117 ekologin\u0117 kriz\u0117 ir Lietuva&quot; - Skaitytaknyga<\/title>\n<meta name=\"description\" content=\"Knygos\u00a0\u201eAchilo kulno pap\u0117d\u0117je: pasaulin\u0117 ekologin\u0117 kriz\u0117 ir Lietuva\u201c\u00a0turin\u012f sudaro apm\u0105stymai apie praktin\u0119 gamtos filosofij\u0105 (ekologin\u0119 etik\u0105) ir jos viet\u0105 bei vaidmen\u012f sprend\u017eiant ekologin\u0119 dabarties problem\u0105. Aptariami ekologin\u0117s kriz\u0117s kaip globalinio proceso i\u0161\u0161\u016bkiai ir Lietuvos visuomen\u0117s moralinio gyvenimo ypatyb\u0117s.  Knygos \u012fvade pateikta ekologin\u0117s etin\u0117s minties raidos Lietuvoje ap\u017evalga. Trijuose skyriuose gilinamasi \u012f ekologin\u0117s problemos kilimo prie\u017eastis ir jos sprendimo b\u016bd\u0173 paie\u0161kas, atskleid\u017eiami \u017emoni\u0173 abejingumo gamtai motyvai, nu\u0161vie\u010diamos ekologi\u0161ko elgesio paskatos.  Nema\u017eai vietos skiriama ekologin\u0117s etikos, kaip taikomosios etikos \u0161akos, \u012fvairiems teoriniams aspektams, \u0161ios etikos ypatyb\u0117ms, principams apibr\u0117\u017eti. Neu\u017emir\u0161ti ir praktiniai dalykai \u2013 lietuvi\u0173 tautos gamtosaugin\u0117s tradicijos bei j\u0173 puosel\u0117jimo kryptys globalizacijos s\u0105lygomis.\" \/>\n<meta name=\"robots\" content=\"index, follow, max-snippet:-1, max-image-preview:large, max-video-preview:-1\" \/>\n<link rel=\"canonical\" href=\"https:\/\/skaitytaknyga.lt\/en\/produktas\/ceslovas-kalenda-achilo-kulno-papedeje-pasauline-ekologine-krize-ir-lietuva\/\" \/>\n<meta property=\"og:locale\" content=\"en_GB\" \/>\n<meta property=\"og:locale:alternate\" content=\"lt_LT\" \/>\n<meta property=\"og:type\" content=\"article\" \/>\n<meta property=\"og:title\" content=\"\u010ceslovas Kalenda \u201eAchilo kulno pap\u0117d\u0117je: pasaulin\u0117 ekologin\u0117 kriz\u0117 ir Lietuva&quot; - Skaitytaknyga\" \/>\n<meta property=\"og:description\" content=\"Knygos\u00a0\u201eAchilo kulno pap\u0117d\u0117je: pasaulin\u0117 ekologin\u0117 kriz\u0117 ir Lietuva\u201c\u00a0turin\u012f sudaro apm\u0105stymai apie praktin\u0119 gamtos filosofij\u0105 (ekologin\u0119 etik\u0105) ir jos viet\u0105 bei vaidmen\u012f sprend\u017eiant ekologin\u0119 dabarties problem\u0105. Aptariami ekologin\u0117s kriz\u0117s kaip globalinio proceso i\u0161\u0161\u016bkiai ir Lietuvos visuomen\u0117s moralinio gyvenimo ypatyb\u0117s.  Knygos \u012fvade pateikta ekologin\u0117s etin\u0117s minties raidos Lietuvoje ap\u017evalga. Trijuose skyriuose gilinamasi \u012f ekologin\u0117s problemos kilimo prie\u017eastis ir jos sprendimo b\u016bd\u0173 paie\u0161kas, atskleid\u017eiami \u017emoni\u0173 abejingumo gamtai motyvai, nu\u0161vie\u010diamos ekologi\u0161ko elgesio paskatos.  Nema\u017eai vietos skiriama ekologin\u0117s etikos, kaip taikomosios etikos \u0161akos, \u012fvairiems teoriniams aspektams, \u0161ios etikos ypatyb\u0117ms, principams apibr\u0117\u017eti. Neu\u017emir\u0161ti ir praktiniai dalykai \u2013 lietuvi\u0173 tautos gamtosaugin\u0117s tradicijos bei j\u0173 puosel\u0117jimo kryptys globalizacijos s\u0105lygomis.\" \/>\n<meta property=\"og:url\" content=\"https:\/\/skaitytaknyga.lt\/en\/produktas\/ceslovas-kalenda-achilo-kulno-papedeje-pasauline-ekologine-krize-ir-lietuva\/\" \/>\n<meta property=\"og:site_name\" content=\"Skaitytaknyga\" \/>\n<meta property=\"article:publisher\" content=\"https:\/\/www.facebook.com\/skaitytaknyga\/\" \/>\n<meta property=\"article:modified_time\" content=\"2024-05-03T07:29:32+00:00\" \/>\n<meta property=\"og:image\" content=\"https:\/\/skaitytaknyga.lt\/wp-content\/uploads\/2024\/05\/1462890868_achilo-kulno-papedeje-268x400-1.jpg\" \/>\n\t<meta property=\"og:image:width\" content=\"268\" \/>\n\t<meta property=\"og:image:height\" content=\"400\" \/>\n\t<meta property=\"og:image:type\" content=\"image\/jpeg\" \/>\n<meta name=\"twitter:card\" content=\"summary_large_image\" \/>\n<meta name=\"twitter:label1\" content=\"Estimated reading time\" \/>\n\t<meta name=\"twitter:data1\" content=\"1 minute\" \/>\n<script type=\"application\/ld+json\" class=\"yoast-schema-graph\">{\"@context\":\"https:\/\/schema.org\",\"@graph\":[{\"@type\":\"WebPage\",\"@id\":\"https:\/\/skaitytaknyga.lt\/produktas\/ceslovas-kalenda-achilo-kulno-papedeje-pasauline-ekologine-krize-ir-lietuva\/\",\"url\":\"https:\/\/skaitytaknyga.lt\/produktas\/ceslovas-kalenda-achilo-kulno-papedeje-pasauline-ekologine-krize-ir-lietuva\/\",\"name\":\"\u010ceslovas Kalenda \u201eAchilo kulno pap\u0117d\u0117je: pasaulin\u0117 ekologin\u0117 kriz\u0117 ir Lietuva\\\" - Skaitytaknyga\",\"isPartOf\":{\"@id\":\"https:\/\/skaitytaknyga.lt\/#website\"},\"primaryImageOfPage\":{\"@id\":\"https:\/\/skaitytaknyga.lt\/produktas\/ceslovas-kalenda-achilo-kulno-papedeje-pasauline-ekologine-krize-ir-lietuva\/#primaryimage\"},\"image\":{\"@id\":\"https:\/\/skaitytaknyga.lt\/produktas\/ceslovas-kalenda-achilo-kulno-papedeje-pasauline-ekologine-krize-ir-lietuva\/#primaryimage\"},\"thumbnailUrl\":\"https:\/\/skaitytaknyga.lt\/wp-content\/uploads\/2024\/05\/1462890868_achilo-kulno-papedeje-268x400-1.jpg\",\"datePublished\":\"2024-05-02T13:04:51+00:00\",\"dateModified\":\"2024-05-03T07:29:32+00:00\",\"description\":\"Knygos\u00a0\u201eAchilo kulno pap\u0117d\u0117je: pasaulin\u0117 ekologin\u0117 kriz\u0117 ir Lietuva\u201c\u00a0turin\u012f sudaro apm\u0105stymai apie praktin\u0119 gamtos filosofij\u0105 (ekologin\u0119 etik\u0105) ir jos viet\u0105 bei vaidmen\u012f sprend\u017eiant ekologin\u0119 dabarties problem\u0105. Aptariami ekologin\u0117s kriz\u0117s kaip globalinio proceso i\u0161\u0161\u016bkiai ir Lietuvos visuomen\u0117s moralinio gyvenimo ypatyb\u0117s. Knygos \u012fvade pateikta ekologin\u0117s etin\u0117s minties raidos Lietuvoje ap\u017evalga. Trijuose skyriuose gilinamasi \u012f ekologin\u0117s problemos kilimo prie\u017eastis ir jos sprendimo b\u016bd\u0173 paie\u0161kas, atskleid\u017eiami \u017emoni\u0173 abejingumo gamtai motyvai, nu\u0161vie\u010diamos ekologi\u0161ko elgesio paskatos. Nema\u017eai vietos skiriama ekologin\u0117s etikos, kaip taikomosios etikos \u0161akos, \u012fvairiems teoriniams aspektams, \u0161ios etikos ypatyb\u0117ms, principams apibr\u0117\u017eti. Neu\u017emir\u0161ti ir praktiniai dalykai \u2013 lietuvi\u0173 tautos gamtosaugin\u0117s tradicijos bei j\u0173 puosel\u0117jimo kryptys globalizacijos s\u0105lygomis.\",\"breadcrumb\":{\"@id\":\"https:\/\/skaitytaknyga.lt\/produktas\/ceslovas-kalenda-achilo-kulno-papedeje-pasauline-ekologine-krize-ir-lietuva\/#breadcrumb\"},\"inLanguage\":\"en-GB\",\"potentialAction\":[{\"@type\":\"ReadAction\",\"target\":[\"https:\/\/skaitytaknyga.lt\/produktas\/ceslovas-kalenda-achilo-kulno-papedeje-pasauline-ekologine-krize-ir-lietuva\/\"]}]},{\"@type\":\"ImageObject\",\"inLanguage\":\"en-GB\",\"@id\":\"https:\/\/skaitytaknyga.lt\/produktas\/ceslovas-kalenda-achilo-kulno-papedeje-pasauline-ekologine-krize-ir-lietuva\/#primaryimage\",\"url\":\"https:\/\/skaitytaknyga.lt\/wp-content\/uploads\/2024\/05\/1462890868_achilo-kulno-papedeje-268x400-1.jpg\",\"contentUrl\":\"https:\/\/skaitytaknyga.lt\/wp-content\/uploads\/2024\/05\/1462890868_achilo-kulno-papedeje-268x400-1.jpg\",\"width\":268,\"height\":400},{\"@type\":\"BreadcrumbList\",\"@id\":\"https:\/\/skaitytaknyga.lt\/produktas\/ceslovas-kalenda-achilo-kulno-papedeje-pasauline-ekologine-krize-ir-lietuva\/#breadcrumb\",\"itemListElement\":[{\"@type\":\"ListItem\",\"position\":1,\"name\":\"Home\",\"item\":\"https:\/\/skaitytaknyga.lt\/\"},{\"@type\":\"ListItem\",\"position\":2,\"name\":\"Parduotuv\u0117\",\"item\":\"https:\/\/skaitytaknyga.lt\/knygu-parduotuve\/\"},{\"@type\":\"ListItem\",\"position\":3,\"name\":\"\u010ceslovas Kalenda \u201eAchilo kulno pap\u0117d\u0117je: pasaulin\u0117 ekologin\u0117 kriz\u0117 ir Lietuva&#8221;\"}]},{\"@type\":\"WebSite\",\"@id\":\"https:\/\/skaitytaknyga.lt\/#website\",\"url\":\"https:\/\/skaitytaknyga.lt\/\",\"name\":\"skaitytaknyga.lt\",\"description\":\"Skaitytaknyga.lt \u2013 tai ma\u017eas \u0161eimos verslas, kuris prasid\u0117jo nuo meil\u0117s knygoms ir siekio i\u0161gelb\u0117ti knygas nuo likimo prie konteinerio. Kas vienam nereikalingas daiktas \u2013 kitam lobis, o mes esame tarpininkai, kurie padeda abiems tapti laimingesniems ???? \u017dinome kaip nelengva i\u0161gyventi ma\u017eiems verslams, tad nuo \u0161iol, \u010dia rasite ir kit\u0173, ma\u017e\u0173 \u0161eim\u0173 versl\u0173, rank\u0173 darbo, dovan\u0173 sau ir artimiesiems.\",\"publisher\":{\"@id\":\"https:\/\/skaitytaknyga.lt\/#organization\"},\"potentialAction\":[{\"@type\":\"SearchAction\",\"target\":{\"@type\":\"EntryPoint\",\"urlTemplate\":\"https:\/\/skaitytaknyga.lt\/?s={search_term_string}\"},\"query-input\":{\"@type\":\"PropertyValueSpecification\",\"valueRequired\":true,\"valueName\":\"search_term_string\"}}],\"inLanguage\":\"en-GB\"},{\"@type\":\"Organization\",\"@id\":\"https:\/\/skaitytaknyga.lt\/#organization\",\"name\":\"skaitytaknyga.lt\",\"url\":\"https:\/\/skaitytaknyga.lt\/\",\"logo\":{\"@type\":\"ImageObject\",\"inLanguage\":\"en-GB\",\"@id\":\"https:\/\/skaitytaknyga.lt\/#\/schema\/logo\/image\/\",\"url\":\"https:\/\/skaitytaknyga.lt\/wp-content\/uploads\/2024\/05\/cropped-cropped-cropped-02_00843_jt3bggkj1j3HLc7SyY6rEUpg.jpeg\",\"contentUrl\":\"https:\/\/skaitytaknyga.lt\/wp-content\/uploads\/2024\/05\/cropped-cropped-cropped-02_00843_jt3bggkj1j3HLc7SyY6rEUpg.jpeg\",\"width\":1600,\"height\":1600,\"caption\":\"skaitytaknyga.lt\"},\"image\":{\"@id\":\"https:\/\/skaitytaknyga.lt\/#\/schema\/logo\/image\/\"},\"sameAs\":[\"https:\/\/www.facebook.com\/skaitytaknyga\/\"]}]}<\/script>\n<!-- \/ Yoast SEO plugin. -->","yoast_head_json":{"title":"\u010ceslovas Kalenda \u201eAchilo kulno pap\u0117d\u0117je: pasaulin\u0117 ekologin\u0117 kriz\u0117 ir Lietuva\" - Skaitytaknyga","description":"Knygos\u00a0\u201eAchilo kulno pap\u0117d\u0117je: pasaulin\u0117 ekologin\u0117 kriz\u0117 ir Lietuva\u201c\u00a0turin\u012f sudaro apm\u0105stymai apie praktin\u0119 gamtos filosofij\u0105 (ekologin\u0119 etik\u0105) ir jos viet\u0105 bei vaidmen\u012f sprend\u017eiant ekologin\u0119 dabarties problem\u0105. Aptariami ekologin\u0117s kriz\u0117s kaip globalinio proceso i\u0161\u0161\u016bkiai ir Lietuvos visuomen\u0117s moralinio gyvenimo ypatyb\u0117s.  Knygos \u012fvade pateikta ekologin\u0117s etin\u0117s minties raidos Lietuvoje ap\u017evalga. Trijuose skyriuose gilinamasi \u012f ekologin\u0117s problemos kilimo prie\u017eastis ir jos sprendimo b\u016bd\u0173 paie\u0161kas, atskleid\u017eiami \u017emoni\u0173 abejingumo gamtai motyvai, nu\u0161vie\u010diamos ekologi\u0161ko elgesio paskatos.  Nema\u017eai vietos skiriama ekologin\u0117s etikos, kaip taikomosios etikos \u0161akos, \u012fvairiems teoriniams aspektams, \u0161ios etikos ypatyb\u0117ms, principams apibr\u0117\u017eti. Neu\u017emir\u0161ti ir praktiniai dalykai \u2013 lietuvi\u0173 tautos gamtosaugin\u0117s tradicijos bei j\u0173 puosel\u0117jimo kryptys globalizacijos s\u0105lygomis.","robots":{"index":"index","follow":"follow","max-snippet":"max-snippet:-1","max-image-preview":"max-image-preview:large","max-video-preview":"max-video-preview:-1"},"canonical":"https:\/\/skaitytaknyga.lt\/en\/produktas\/ceslovas-kalenda-achilo-kulno-papedeje-pasauline-ekologine-krize-ir-lietuva\/","og_locale":"en_GB","og_type":"article","og_title":"\u010ceslovas Kalenda \u201eAchilo kulno pap\u0117d\u0117je: pasaulin\u0117 ekologin\u0117 kriz\u0117 ir Lietuva\" - Skaitytaknyga","og_description":"Knygos\u00a0\u201eAchilo kulno pap\u0117d\u0117je: pasaulin\u0117 ekologin\u0117 kriz\u0117 ir Lietuva\u201c\u00a0turin\u012f sudaro apm\u0105stymai apie praktin\u0119 gamtos filosofij\u0105 (ekologin\u0119 etik\u0105) ir jos viet\u0105 bei vaidmen\u012f sprend\u017eiant ekologin\u0119 dabarties problem\u0105. Aptariami ekologin\u0117s kriz\u0117s kaip globalinio proceso i\u0161\u0161\u016bkiai ir Lietuvos visuomen\u0117s moralinio gyvenimo ypatyb\u0117s.  Knygos \u012fvade pateikta ekologin\u0117s etin\u0117s minties raidos Lietuvoje ap\u017evalga. Trijuose skyriuose gilinamasi \u012f ekologin\u0117s problemos kilimo prie\u017eastis ir jos sprendimo b\u016bd\u0173 paie\u0161kas, atskleid\u017eiami \u017emoni\u0173 abejingumo gamtai motyvai, nu\u0161vie\u010diamos ekologi\u0161ko elgesio paskatos.  Nema\u017eai vietos skiriama ekologin\u0117s etikos, kaip taikomosios etikos \u0161akos, \u012fvairiems teoriniams aspektams, \u0161ios etikos ypatyb\u0117ms, principams apibr\u0117\u017eti. Neu\u017emir\u0161ti ir praktiniai dalykai \u2013 lietuvi\u0173 tautos gamtosaugin\u0117s tradicijos bei j\u0173 puosel\u0117jimo kryptys globalizacijos s\u0105lygomis.","og_url":"https:\/\/skaitytaknyga.lt\/en\/produktas\/ceslovas-kalenda-achilo-kulno-papedeje-pasauline-ekologine-krize-ir-lietuva\/","og_site_name":"Skaitytaknyga","article_publisher":"https:\/\/www.facebook.com\/skaitytaknyga\/","article_modified_time":"2024-05-03T07:29:32+00:00","og_image":[{"width":268,"height":400,"url":"https:\/\/skaitytaknyga.lt\/wp-content\/uploads\/2024\/05\/1462890868_achilo-kulno-papedeje-268x400-1.jpg","type":"image\/jpeg"}],"twitter_card":"summary_large_image","twitter_misc":{"Estimated reading time":"1 minute"},"schema":{"@context":"https:\/\/schema.org","@graph":[{"@type":"WebPage","@id":"https:\/\/skaitytaknyga.lt\/produktas\/ceslovas-kalenda-achilo-kulno-papedeje-pasauline-ekologine-krize-ir-lietuva\/","url":"https:\/\/skaitytaknyga.lt\/produktas\/ceslovas-kalenda-achilo-kulno-papedeje-pasauline-ekologine-krize-ir-lietuva\/","name":"\u010ceslovas Kalenda \u201eAchilo kulno pap\u0117d\u0117je: pasaulin\u0117 ekologin\u0117 kriz\u0117 ir Lietuva\" - Skaitytaknyga","isPartOf":{"@id":"https:\/\/skaitytaknyga.lt\/#website"},"primaryImageOfPage":{"@id":"https:\/\/skaitytaknyga.lt\/produktas\/ceslovas-kalenda-achilo-kulno-papedeje-pasauline-ekologine-krize-ir-lietuva\/#primaryimage"},"image":{"@id":"https:\/\/skaitytaknyga.lt\/produktas\/ceslovas-kalenda-achilo-kulno-papedeje-pasauline-ekologine-krize-ir-lietuva\/#primaryimage"},"thumbnailUrl":"https:\/\/skaitytaknyga.lt\/wp-content\/uploads\/2024\/05\/1462890868_achilo-kulno-papedeje-268x400-1.jpg","datePublished":"2024-05-02T13:04:51+00:00","dateModified":"2024-05-03T07:29:32+00:00","description":"Knygos\u00a0\u201eAchilo kulno pap\u0117d\u0117je: pasaulin\u0117 ekologin\u0117 kriz\u0117 ir Lietuva\u201c\u00a0turin\u012f sudaro apm\u0105stymai apie praktin\u0119 gamtos filosofij\u0105 (ekologin\u0119 etik\u0105) ir jos viet\u0105 bei vaidmen\u012f sprend\u017eiant ekologin\u0119 dabarties problem\u0105. Aptariami ekologin\u0117s kriz\u0117s kaip globalinio proceso i\u0161\u0161\u016bkiai ir Lietuvos visuomen\u0117s moralinio gyvenimo ypatyb\u0117s. Knygos \u012fvade pateikta ekologin\u0117s etin\u0117s minties raidos Lietuvoje ap\u017evalga. Trijuose skyriuose gilinamasi \u012f ekologin\u0117s problemos kilimo prie\u017eastis ir jos sprendimo b\u016bd\u0173 paie\u0161kas, atskleid\u017eiami \u017emoni\u0173 abejingumo gamtai motyvai, nu\u0161vie\u010diamos ekologi\u0161ko elgesio paskatos. Nema\u017eai vietos skiriama ekologin\u0117s etikos, kaip taikomosios etikos \u0161akos, \u012fvairiems teoriniams aspektams, \u0161ios etikos ypatyb\u0117ms, principams apibr\u0117\u017eti. Neu\u017emir\u0161ti ir praktiniai dalykai \u2013 lietuvi\u0173 tautos gamtosaugin\u0117s tradicijos bei j\u0173 puosel\u0117jimo kryptys globalizacijos s\u0105lygomis.","breadcrumb":{"@id":"https:\/\/skaitytaknyga.lt\/produktas\/ceslovas-kalenda-achilo-kulno-papedeje-pasauline-ekologine-krize-ir-lietuva\/#breadcrumb"},"inLanguage":"en-GB","potentialAction":[{"@type":"ReadAction","target":["https:\/\/skaitytaknyga.lt\/produktas\/ceslovas-kalenda-achilo-kulno-papedeje-pasauline-ekologine-krize-ir-lietuva\/"]}]},{"@type":"ImageObject","inLanguage":"en-GB","@id":"https:\/\/skaitytaknyga.lt\/produktas\/ceslovas-kalenda-achilo-kulno-papedeje-pasauline-ekologine-krize-ir-lietuva\/#primaryimage","url":"https:\/\/skaitytaknyga.lt\/wp-content\/uploads\/2024\/05\/1462890868_achilo-kulno-papedeje-268x400-1.jpg","contentUrl":"https:\/\/skaitytaknyga.lt\/wp-content\/uploads\/2024\/05\/1462890868_achilo-kulno-papedeje-268x400-1.jpg","width":268,"height":400},{"@type":"BreadcrumbList","@id":"https:\/\/skaitytaknyga.lt\/produktas\/ceslovas-kalenda-achilo-kulno-papedeje-pasauline-ekologine-krize-ir-lietuva\/#breadcrumb","itemListElement":[{"@type":"ListItem","position":1,"name":"Home","item":"https:\/\/skaitytaknyga.lt\/"},{"@type":"ListItem","position":2,"name":"Parduotuv\u0117","item":"https:\/\/skaitytaknyga.lt\/knygu-parduotuve\/"},{"@type":"ListItem","position":3,"name":"\u010ceslovas Kalenda \u201eAchilo kulno pap\u0117d\u0117je: pasaulin\u0117 ekologin\u0117 kriz\u0117 ir Lietuva&#8221;"}]},{"@type":"WebSite","@id":"https:\/\/skaitytaknyga.lt\/#website","url":"https:\/\/skaitytaknyga.lt\/","name":"skaitytaknyga.lt","description":"Skaitytaknyga.lt \u2013 tai ma\u017eas \u0161eimos verslas, kuris prasid\u0117jo nuo meil\u0117s knygoms ir siekio i\u0161gelb\u0117ti knygas nuo likimo prie konteinerio. Kas vienam nereikalingas daiktas \u2013 kitam lobis, o mes esame tarpininkai, kurie padeda abiems tapti laimingesniems ???? \u017dinome kaip nelengva i\u0161gyventi ma\u017eiems verslams, tad nuo \u0161iol, \u010dia rasite ir kit\u0173, ma\u017e\u0173 \u0161eim\u0173 versl\u0173, rank\u0173 darbo, dovan\u0173 sau ir artimiesiems.","publisher":{"@id":"https:\/\/skaitytaknyga.lt\/#organization"},"potentialAction":[{"@type":"SearchAction","target":{"@type":"EntryPoint","urlTemplate":"https:\/\/skaitytaknyga.lt\/?s={search_term_string}"},"query-input":{"@type":"PropertyValueSpecification","valueRequired":true,"valueName":"search_term_string"}}],"inLanguage":"en-GB"},{"@type":"Organization","@id":"https:\/\/skaitytaknyga.lt\/#organization","name":"skaitytaknyga.lt","url":"https:\/\/skaitytaknyga.lt\/","logo":{"@type":"ImageObject","inLanguage":"en-GB","@id":"https:\/\/skaitytaknyga.lt\/#\/schema\/logo\/image\/","url":"https:\/\/skaitytaknyga.lt\/wp-content\/uploads\/2024\/05\/cropped-cropped-cropped-02_00843_jt3bggkj1j3HLc7SyY6rEUpg.jpeg","contentUrl":"https:\/\/skaitytaknyga.lt\/wp-content\/uploads\/2024\/05\/cropped-cropped-cropped-02_00843_jt3bggkj1j3HLc7SyY6rEUpg.jpeg","width":1600,"height":1600,"caption":"skaitytaknyga.lt"},"image":{"@id":"https:\/\/skaitytaknyga.lt\/#\/schema\/logo\/image\/"},"sameAs":["https:\/\/www.facebook.com\/skaitytaknyga\/"]}]}},"_links":{"self":[{"href":"https:\/\/skaitytaknyga.lt\/en\/wp-json\/wp\/v2\/product\/6053","targetHints":{"allow":["GET"]}}],"collection":[{"href":"https:\/\/skaitytaknyga.lt\/en\/wp-json\/wp\/v2\/product"}],"about":[{"href":"https:\/\/skaitytaknyga.lt\/en\/wp-json\/wp\/v2\/types\/product"}],"replies":[{"embeddable":true,"href":"https:\/\/skaitytaknyga.lt\/en\/wp-json\/wp\/v2\/comments?post=6053"}],"wp:featuredmedia":[{"embeddable":true,"href":"https:\/\/skaitytaknyga.lt\/en\/wp-json\/wp\/v2\/media\/6072"}],"wp:attachment":[{"href":"https:\/\/skaitytaknyga.lt\/en\/wp-json\/wp\/v2\/media?parent=6053"}],"wp:term":[{"taxonomy":"product_brand","embeddable":true,"href":"https:\/\/skaitytaknyga.lt\/en\/wp-json\/wp\/v2\/product_brand?post=6053"},{"taxonomy":"product_cat","embeddable":true,"href":"https:\/\/skaitytaknyga.lt\/en\/wp-json\/wp\/v2\/product_cat?post=6053"},{"taxonomy":"product_tag","embeddable":true,"href":"https:\/\/skaitytaknyga.lt\/en\/wp-json\/wp\/v2\/product_tag?post=6053"}],"curies":[{"name":"wp","href":"https:\/\/api.w.org\/{rel}","templated":true}]}}