{"id":6052,"date":"2024-05-02T13:04:51","date_gmt":"2024-05-02T13:04:51","guid":{"rendered":"https:\/\/skaitytaknyga.lt\/?post_type=product&#038;p=6052"},"modified":"2024-05-03T07:29:32","modified_gmt":"2024-05-03T07:29:32","slug":"santuokines-meiles-terapija","status":"publish","type":"product","link":"https:\/\/skaitytaknyga.lt\/en\/produktas\/santuokines-meiles-terapija\/","title":{"rendered":"Santuokin\u0117s meil\u0117s terapija"},"content":{"rendered":"<p>Ar galima leistis \u012f kompromisus santuokoje? Kaip diskutuoti, kai situacija \u012ftempta? O jei suprantame, kad suklydome pasirinkdami partner\u012f? Santuokiniame gyvenime i\u0161kylan\u010dioms problemoms \u012fveikti reikalinga ir praktin\u0117 psichologin\u0117 pagalba. Kartais meil\u0117 pati savaime turi j\u0117g\u0173 i\u0161spr\u0119sti problemas, bet kartais joms reikia rimto gydymo. Psichoterapinis autoriaus metodas yra personalinis \u2013 jis vis\u0173 pirma m\u0117gina keisti pat\u012f asmen\u012f. Darbas, vaikai, uo\u0161viai, pinigai, seksas yra tos sritys, kuriose sutuoktiniai gali kasdien i\u0161m\u0117ginti savo asmenin\u012f ir poros brandum\u0105, neu\u017emir\u0161dami, kad skirtumai gali provokuoti ne prie\u0161i\u0161kum\u0105, o praturtinti vienas kit\u0105. Knygoje daug patarim\u0173, test\u0173, psichologini\u0173 pratyb\u0173. Tai ne tik knyga pasiskaitymui, bet ir vadov\u0117lis praktiniam naudojimui.<\/p>\n<p>Valerio Albisetti \u2013 i\u0161kilus \u0161iuolaikin\u0117s psichoanaliz\u0117s atstovas, daugyb\u0117s knyg\u0173 autorius, s\u0117kmingai dirbantis Milane ir Vienoje.<\/p>\n<p>\u201eKatalik\u0173 pasaulio leidiniai\u201c yra i\u0161leid\u0119 \u0161ias Valerio Albisetti knygas: \u201eJuoktis \u0161irdimi\u201c (2007), \u201eB\u016bti draugais ar tur\u0117ti draug\u0173\u201c (2002).<\/p>\n","protected":false},"excerpt":{"rendered":"<p>Ar galima leistis \u012f kompromisus santuokoje? Kaip diskutuoti, kai situacija \u012ftempta? O jei suprantame, kad suklydome pasirinkdami partner\u012f? Santuokiniame gyvenime i\u0161kylan\u010dioms problemoms \u012fveikti reikalinga ir praktin\u0117 psichologin\u0117 pagalba. Kartais meil\u0117 pati savaime turi j\u0117g\u0173 i\u0161spr\u0119sti problemas, bet kartais joms reikia rimto gydymo. Psichoterapinis autoriaus metodas yra personalinis \u2013 jis vis\u0173 pirma m\u0117gina keisti pat\u012f asmen\u012f. Darbas, vaikai, uo\u0161viai, pinigai, seksas yra tos sritys, kuriose sutuoktiniai gali kasdien i\u0161m\u0117ginti savo asmenin\u012f ir poros brandum\u0105, neu\u017emir\u0161dami, kad skirtumai gali provokuoti ne prie\u0161i\u0161kum\u0105, o praturtinti vienas kit\u0105. Knygoje daug patarim\u0173, test\u0173, psichologini\u0173 pratyb\u0173. Tai ne tik knyga pasiskaitymui, bet ir vadov\u0117lis praktiniam naudojimui.<\/p>\n<p>Valerio Albisetti \u2013 i\u0161kilus \u0161iuolaikin\u0117s psichoanaliz\u0117s atstovas, daugyb\u0117s knyg\u0173 autorius, s\u0117kmingai dirbantis Milane ir Vienoje.<\/p>\n<p>\u201eKatalik\u0173 pasaulio leidiniai\u201c yra i\u0161leid\u0119 \u0161ias Valerio Albisetti knygas: \u201eJuoktis \u0161irdimi\u201c (2007), \u201eB\u016bti draugais ar tur\u0117ti draug\u0173\u201c (2002).<\/p>\n","protected":false},"featured_media":6071,"comment_status":"closed","ping_status":"closed","template":"","meta":{"_acf_changed":false,"site-sidebar-layout":"default","site-content-layout":"","ast-site-content-layout":"default","site-content-style":"default","site-sidebar-style":"default","ast-global-header-display":"","ast-banner-title-visibility":"","ast-main-header-display":"","ast-hfb-above-header-display":"","ast-hfb-below-header-display":"","ast-hfb-mobile-header-display":"","site-post-title":"","ast-breadcrumbs-content":"","ast-featured-img":"","footer-sml-layout":"","ast-disable-related-posts":"","theme-transparent-header-meta":"","adv-header-id-meta":"","stick-header-meta":"","header-above-stick-meta":"","header-main-stick-meta":"","header-below-stick-meta":"","astra-migrate-meta-layouts":"default","ast-page-background-enabled":"default","ast-page-background-meta":{"desktop":{"background-color":"","background-image":"","background-repeat":"repeat","background-position":"center center","background-size":"auto","background-attachment":"scroll","background-type":"","background-media":"","overlay-type":"","overlay-color":"","overlay-opacity":"","overlay-gradient":""},"tablet":{"background-color":"","background-image":"","background-repeat":"repeat","background-position":"center center","background-size":"auto","background-attachment":"scroll","background-type":"","background-media":"","overlay-type":"","overlay-color":"","overlay-opacity":"","overlay-gradient":""},"mobile":{"background-color":"","background-image":"","background-repeat":"repeat","background-position":"center center","background-size":"auto","background-attachment":"scroll","background-type":"","background-media":"","overlay-type":"","overlay-color":"","overlay-opacity":"","overlay-gradient":""}},"ast-content-background-meta":{"desktop":{"background-color":"var(--ast-global-color-4)","background-image":"","background-repeat":"repeat","background-position":"center center","background-size":"auto","background-attachment":"scroll","background-type":"","background-media":"","overlay-type":"","overlay-color":"","overlay-opacity":"","overlay-gradient":""},"tablet":{"background-color":"var(--ast-global-color-4)","background-image":"","background-repeat":"repeat","background-position":"center center","background-size":"auto","background-attachment":"scroll","background-type":"","background-media":"","overlay-type":"","overlay-color":"","overlay-opacity":"","overlay-gradient":""},"mobile":{"background-color":"var(--ast-global-color-4)","background-image":"","background-repeat":"repeat","background-position":"center center","background-size":"auto","background-attachment":"scroll","background-type":"","background-media":"","overlay-type":"","overlay-color":"","overlay-opacity":"","overlay-gradient":""}}},"product_brand":[],"product_cat":[30],"product_tag":[],"class_list":{"0":"post-6052","1":"product","2":"type-product","3":"status-publish","4":"has-post-thumbnail","6":"product_cat-psichologija-ir-saviugda","7":"desktop-align-left","8":"tablet-align-left","9":"mobile-align-left","11":"first","12":"outofstock","13":"shipping-taxable","14":"purchasable","15":"product-type-simple"},"acf":[],"yoast_head":"<!-- This site is optimized with the Yoast SEO plugin v27.0 - https:\/\/yoast.com\/product\/yoast-seo-wordpress\/ -->\n<title>Santuokin\u0117s meil\u0117s terapija - Skaitytaknyga<\/title>\n<meta name=\"description\" content=\"Ar galima leistis \u012f kompromisus santuokoje? Kaip diskutuoti, kai situacija \u012ftempta? O jei suprantame, kad suklydome pasirinkdami partner\u012f? Santuokiniame gyvenime i\u0161kylan\u010dioms problemoms \u012fveikti reikalinga ir praktin\u0117 psichologin\u0117 pagalba. Kartais meil\u0117 pati savaime turi j\u0117g\u0173 i\u0161spr\u0119sti problemas, bet kartais joms reikia rimto gydymo. Psichoterapinis autoriaus metodas yra personalinis \u2013 jis vis\u0173 pirma m\u0117gina keisti pat\u012f asmen\u012f. Darbas, vaikai, uo\u0161viai, pinigai, seksas yra tos sritys, kuriose sutuoktiniai gali kasdien i\u0161m\u0117ginti savo asmenin\u012f ir poros brandum\u0105, neu\u017emir\u0161dami, kad skirtumai gali provokuoti ne prie\u0161i\u0161kum\u0105, o praturtinti vienas kit\u0105. Knygoje daug patarim\u0173, test\u0173, psichologini\u0173 pratyb\u0173. Tai ne tik knyga pasiskaitymui, bet ir vadov\u0117lis praktiniam naudojimui.  Valerio Albisetti \u2013 i\u0161kilus \u0161iuolaikin\u0117s psichoanaliz\u0117s atstovas, daugyb\u0117s knyg\u0173 autorius, s\u0117kmingai dirbantis Milane ir Vienoje.  \u201eKatalik\u0173 pasaulio leidiniai\u201c yra i\u0161leid\u0119 \u0161ias Valerio Albisetti knygas: \u201eJuoktis \u0161irdimi\u201c (2007), \u201eB\u016bti draugais ar tur\u0117ti draug\u0173\u201c (2002).\" \/>\n<meta name=\"robots\" content=\"index, follow, max-snippet:-1, max-image-preview:large, max-video-preview:-1\" \/>\n<link rel=\"canonical\" href=\"https:\/\/skaitytaknyga.lt\/en\/produktas\/santuokines-meiles-terapija\/\" \/>\n<meta property=\"og:locale\" content=\"en_GB\" \/>\n<meta property=\"og:locale:alternate\" content=\"lt_LT\" \/>\n<meta property=\"og:type\" content=\"article\" \/>\n<meta property=\"og:title\" content=\"Santuokin\u0117s meil\u0117s terapija - Skaitytaknyga\" \/>\n<meta property=\"og:description\" content=\"Ar galima leistis \u012f kompromisus santuokoje? Kaip diskutuoti, kai situacija \u012ftempta? O jei suprantame, kad suklydome pasirinkdami partner\u012f? Santuokiniame gyvenime i\u0161kylan\u010dioms problemoms \u012fveikti reikalinga ir praktin\u0117 psichologin\u0117 pagalba. Kartais meil\u0117 pati savaime turi j\u0117g\u0173 i\u0161spr\u0119sti problemas, bet kartais joms reikia rimto gydymo. Psichoterapinis autoriaus metodas yra personalinis \u2013 jis vis\u0173 pirma m\u0117gina keisti pat\u012f asmen\u012f. Darbas, vaikai, uo\u0161viai, pinigai, seksas yra tos sritys, kuriose sutuoktiniai gali kasdien i\u0161m\u0117ginti savo asmenin\u012f ir poros brandum\u0105, neu\u017emir\u0161dami, kad skirtumai gali provokuoti ne prie\u0161i\u0161kum\u0105, o praturtinti vienas kit\u0105. Knygoje daug patarim\u0173, test\u0173, psichologini\u0173 pratyb\u0173. Tai ne tik knyga pasiskaitymui, bet ir vadov\u0117lis praktiniam naudojimui.  Valerio Albisetti \u2013 i\u0161kilus \u0161iuolaikin\u0117s psichoanaliz\u0117s atstovas, daugyb\u0117s knyg\u0173 autorius, s\u0117kmingai dirbantis Milane ir Vienoje.  \u201eKatalik\u0173 pasaulio leidiniai\u201c yra i\u0161leid\u0119 \u0161ias Valerio Albisetti knygas: \u201eJuoktis \u0161irdimi\u201c (2007), \u201eB\u016bti draugais ar tur\u0117ti draug\u0173\u201c (2002).\" \/>\n<meta property=\"og:url\" content=\"https:\/\/skaitytaknyga.lt\/en\/produktas\/santuokines-meiles-terapija\/\" \/>\n<meta property=\"og:site_name\" content=\"Skaitytaknyga\" \/>\n<meta property=\"article:publisher\" content=\"https:\/\/www.facebook.com\/skaitytaknyga\/\" \/>\n<meta property=\"article:modified_time\" content=\"2024-05-03T07:29:32+00:00\" \/>\n<meta property=\"og:image\" content=\"https:\/\/skaitytaknyga.lt\/wp-content\/uploads\/2024\/05\/Meiles-terapija-400x640-1.jpg\" \/>\n\t<meta property=\"og:image:width\" content=\"400\" \/>\n\t<meta property=\"og:image:height\" content=\"640\" \/>\n\t<meta property=\"og:image:type\" content=\"image\/jpeg\" \/>\n<meta name=\"twitter:card\" content=\"summary_large_image\" \/>\n<meta name=\"twitter:label1\" content=\"Estimated reading time\" \/>\n\t<meta name=\"twitter:data1\" content=\"1 minute\" \/>\n<script type=\"application\/ld+json\" class=\"yoast-schema-graph\">{\"@context\":\"https:\/\/schema.org\",\"@graph\":[{\"@type\":\"WebPage\",\"@id\":\"https:\/\/skaitytaknyga.lt\/produktas\/santuokines-meiles-terapija\/\",\"url\":\"https:\/\/skaitytaknyga.lt\/produktas\/santuokines-meiles-terapija\/\",\"name\":\"Santuokin\u0117s meil\u0117s terapija - Skaitytaknyga\",\"isPartOf\":{\"@id\":\"https:\/\/skaitytaknyga.lt\/#website\"},\"primaryImageOfPage\":{\"@id\":\"https:\/\/skaitytaknyga.lt\/produktas\/santuokines-meiles-terapija\/#primaryimage\"},\"image\":{\"@id\":\"https:\/\/skaitytaknyga.lt\/produktas\/santuokines-meiles-terapija\/#primaryimage\"},\"thumbnailUrl\":\"https:\/\/skaitytaknyga.lt\/wp-content\/uploads\/2024\/05\/Meiles-terapija-400x640-1.jpg\",\"datePublished\":\"2024-05-02T13:04:51+00:00\",\"dateModified\":\"2024-05-03T07:29:32+00:00\",\"description\":\"Ar galima leistis \u012f kompromisus santuokoje? Kaip diskutuoti, kai situacija \u012ftempta? O jei suprantame, kad suklydome pasirinkdami partner\u012f? Santuokiniame gyvenime i\u0161kylan\u010dioms problemoms \u012fveikti reikalinga ir praktin\u0117 psichologin\u0117 pagalba. Kartais meil\u0117 pati savaime turi j\u0117g\u0173 i\u0161spr\u0119sti problemas, bet kartais joms reikia rimto gydymo. Psichoterapinis autoriaus metodas yra personalinis \u2013 jis vis\u0173 pirma m\u0117gina keisti pat\u012f asmen\u012f. Darbas, vaikai, uo\u0161viai, pinigai, seksas yra tos sritys, kuriose sutuoktiniai gali kasdien i\u0161m\u0117ginti savo asmenin\u012f ir poros brandum\u0105, neu\u017emir\u0161dami, kad skirtumai gali provokuoti ne prie\u0161i\u0161kum\u0105, o praturtinti vienas kit\u0105. Knygoje daug patarim\u0173, test\u0173, psichologini\u0173 pratyb\u0173. Tai ne tik knyga pasiskaitymui, bet ir vadov\u0117lis praktiniam naudojimui. Valerio Albisetti \u2013 i\u0161kilus \u0161iuolaikin\u0117s psichoanaliz\u0117s atstovas, daugyb\u0117s knyg\u0173 autorius, s\u0117kmingai dirbantis Milane ir Vienoje. \u201eKatalik\u0173 pasaulio leidiniai\u201c yra i\u0161leid\u0119 \u0161ias Valerio Albisetti knygas: \u201eJuoktis \u0161irdimi\u201c (2007), \u201eB\u016bti draugais ar tur\u0117ti draug\u0173\u201c (2002).\",\"breadcrumb\":{\"@id\":\"https:\/\/skaitytaknyga.lt\/produktas\/santuokines-meiles-terapija\/#breadcrumb\"},\"inLanguage\":\"en-GB\",\"potentialAction\":[{\"@type\":\"ReadAction\",\"target\":[\"https:\/\/skaitytaknyga.lt\/produktas\/santuokines-meiles-terapija\/\"]}]},{\"@type\":\"ImageObject\",\"inLanguage\":\"en-GB\",\"@id\":\"https:\/\/skaitytaknyga.lt\/produktas\/santuokines-meiles-terapija\/#primaryimage\",\"url\":\"https:\/\/skaitytaknyga.lt\/wp-content\/uploads\/2024\/05\/Meiles-terapija-400x640-1.jpg\",\"contentUrl\":\"https:\/\/skaitytaknyga.lt\/wp-content\/uploads\/2024\/05\/Meiles-terapija-400x640-1.jpg\",\"width\":400,\"height\":640},{\"@type\":\"BreadcrumbList\",\"@id\":\"https:\/\/skaitytaknyga.lt\/produktas\/santuokines-meiles-terapija\/#breadcrumb\",\"itemListElement\":[{\"@type\":\"ListItem\",\"position\":1,\"name\":\"Home\",\"item\":\"https:\/\/skaitytaknyga.lt\/\"},{\"@type\":\"ListItem\",\"position\":2,\"name\":\"Parduotuv\u0117\",\"item\":\"https:\/\/skaitytaknyga.lt\/knygu-parduotuve\/\"},{\"@type\":\"ListItem\",\"position\":3,\"name\":\"Santuokin\u0117s meil\u0117s terapija\"}]},{\"@type\":\"WebSite\",\"@id\":\"https:\/\/skaitytaknyga.lt\/#website\",\"url\":\"https:\/\/skaitytaknyga.lt\/\",\"name\":\"skaitytaknyga.lt\",\"description\":\"Skaitytaknyga.lt \u2013 tai ma\u017eas \u0161eimos verslas, kuris prasid\u0117jo nuo meil\u0117s knygoms ir siekio i\u0161gelb\u0117ti knygas nuo likimo prie konteinerio. Kas vienam nereikalingas daiktas \u2013 kitam lobis, o mes esame tarpininkai, kurie padeda abiems tapti laimingesniems ???? \u017dinome kaip nelengva i\u0161gyventi ma\u017eiems verslams, tad nuo \u0161iol, \u010dia rasite ir kit\u0173, ma\u017e\u0173 \u0161eim\u0173 versl\u0173, rank\u0173 darbo, dovan\u0173 sau ir artimiesiems.\",\"publisher\":{\"@id\":\"https:\/\/skaitytaknyga.lt\/#organization\"},\"potentialAction\":[{\"@type\":\"SearchAction\",\"target\":{\"@type\":\"EntryPoint\",\"urlTemplate\":\"https:\/\/skaitytaknyga.lt\/?s={search_term_string}\"},\"query-input\":{\"@type\":\"PropertyValueSpecification\",\"valueRequired\":true,\"valueName\":\"search_term_string\"}}],\"inLanguage\":\"en-GB\"},{\"@type\":\"Organization\",\"@id\":\"https:\/\/skaitytaknyga.lt\/#organization\",\"name\":\"skaitytaknyga.lt\",\"url\":\"https:\/\/skaitytaknyga.lt\/\",\"logo\":{\"@type\":\"ImageObject\",\"inLanguage\":\"en-GB\",\"@id\":\"https:\/\/skaitytaknyga.lt\/#\/schema\/logo\/image\/\",\"url\":\"https:\/\/skaitytaknyga.lt\/wp-content\/uploads\/2024\/05\/cropped-cropped-cropped-02_00843_jt3bggkj1j3HLc7SyY6rEUpg.jpeg\",\"contentUrl\":\"https:\/\/skaitytaknyga.lt\/wp-content\/uploads\/2024\/05\/cropped-cropped-cropped-02_00843_jt3bggkj1j3HLc7SyY6rEUpg.jpeg\",\"width\":1600,\"height\":1600,\"caption\":\"skaitytaknyga.lt\"},\"image\":{\"@id\":\"https:\/\/skaitytaknyga.lt\/#\/schema\/logo\/image\/\"},\"sameAs\":[\"https:\/\/www.facebook.com\/skaitytaknyga\/\"]}]}<\/script>\n<!-- \/ Yoast SEO plugin. -->","yoast_head_json":{"title":"Santuokin\u0117s meil\u0117s terapija - Skaitytaknyga","description":"Ar galima leistis \u012f kompromisus santuokoje? Kaip diskutuoti, kai situacija \u012ftempta? O jei suprantame, kad suklydome pasirinkdami partner\u012f? Santuokiniame gyvenime i\u0161kylan\u010dioms problemoms \u012fveikti reikalinga ir praktin\u0117 psichologin\u0117 pagalba. Kartais meil\u0117 pati savaime turi j\u0117g\u0173 i\u0161spr\u0119sti problemas, bet kartais joms reikia rimto gydymo. Psichoterapinis autoriaus metodas yra personalinis \u2013 jis vis\u0173 pirma m\u0117gina keisti pat\u012f asmen\u012f. Darbas, vaikai, uo\u0161viai, pinigai, seksas yra tos sritys, kuriose sutuoktiniai gali kasdien i\u0161m\u0117ginti savo asmenin\u012f ir poros brandum\u0105, neu\u017emir\u0161dami, kad skirtumai gali provokuoti ne prie\u0161i\u0161kum\u0105, o praturtinti vienas kit\u0105. Knygoje daug patarim\u0173, test\u0173, psichologini\u0173 pratyb\u0173. Tai ne tik knyga pasiskaitymui, bet ir vadov\u0117lis praktiniam naudojimui.  Valerio Albisetti \u2013 i\u0161kilus \u0161iuolaikin\u0117s psichoanaliz\u0117s atstovas, daugyb\u0117s knyg\u0173 autorius, s\u0117kmingai dirbantis Milane ir Vienoje.  \u201eKatalik\u0173 pasaulio leidiniai\u201c yra i\u0161leid\u0119 \u0161ias Valerio Albisetti knygas: \u201eJuoktis \u0161irdimi\u201c (2007), \u201eB\u016bti draugais ar tur\u0117ti draug\u0173\u201c (2002).","robots":{"index":"index","follow":"follow","max-snippet":"max-snippet:-1","max-image-preview":"max-image-preview:large","max-video-preview":"max-video-preview:-1"},"canonical":"https:\/\/skaitytaknyga.lt\/en\/produktas\/santuokines-meiles-terapija\/","og_locale":"en_GB","og_type":"article","og_title":"Santuokin\u0117s meil\u0117s terapija - Skaitytaknyga","og_description":"Ar galima leistis \u012f kompromisus santuokoje? Kaip diskutuoti, kai situacija \u012ftempta? O jei suprantame, kad suklydome pasirinkdami partner\u012f? Santuokiniame gyvenime i\u0161kylan\u010dioms problemoms \u012fveikti reikalinga ir praktin\u0117 psichologin\u0117 pagalba. Kartais meil\u0117 pati savaime turi j\u0117g\u0173 i\u0161spr\u0119sti problemas, bet kartais joms reikia rimto gydymo. Psichoterapinis autoriaus metodas yra personalinis \u2013 jis vis\u0173 pirma m\u0117gina keisti pat\u012f asmen\u012f. Darbas, vaikai, uo\u0161viai, pinigai, seksas yra tos sritys, kuriose sutuoktiniai gali kasdien i\u0161m\u0117ginti savo asmenin\u012f ir poros brandum\u0105, neu\u017emir\u0161dami, kad skirtumai gali provokuoti ne prie\u0161i\u0161kum\u0105, o praturtinti vienas kit\u0105. Knygoje daug patarim\u0173, test\u0173, psichologini\u0173 pratyb\u0173. Tai ne tik knyga pasiskaitymui, bet ir vadov\u0117lis praktiniam naudojimui.  Valerio Albisetti \u2013 i\u0161kilus \u0161iuolaikin\u0117s psichoanaliz\u0117s atstovas, daugyb\u0117s knyg\u0173 autorius, s\u0117kmingai dirbantis Milane ir Vienoje.  \u201eKatalik\u0173 pasaulio leidiniai\u201c yra i\u0161leid\u0119 \u0161ias Valerio Albisetti knygas: \u201eJuoktis \u0161irdimi\u201c (2007), \u201eB\u016bti draugais ar tur\u0117ti draug\u0173\u201c (2002).","og_url":"https:\/\/skaitytaknyga.lt\/en\/produktas\/santuokines-meiles-terapija\/","og_site_name":"Skaitytaknyga","article_publisher":"https:\/\/www.facebook.com\/skaitytaknyga\/","article_modified_time":"2024-05-03T07:29:32+00:00","og_image":[{"width":400,"height":640,"url":"https:\/\/skaitytaknyga.lt\/wp-content\/uploads\/2024\/05\/Meiles-terapija-400x640-1.jpg","type":"image\/jpeg"}],"twitter_card":"summary_large_image","twitter_misc":{"Estimated reading time":"1 minute"},"schema":{"@context":"https:\/\/schema.org","@graph":[{"@type":"WebPage","@id":"https:\/\/skaitytaknyga.lt\/produktas\/santuokines-meiles-terapija\/","url":"https:\/\/skaitytaknyga.lt\/produktas\/santuokines-meiles-terapija\/","name":"Santuokin\u0117s meil\u0117s terapija - Skaitytaknyga","isPartOf":{"@id":"https:\/\/skaitytaknyga.lt\/#website"},"primaryImageOfPage":{"@id":"https:\/\/skaitytaknyga.lt\/produktas\/santuokines-meiles-terapija\/#primaryimage"},"image":{"@id":"https:\/\/skaitytaknyga.lt\/produktas\/santuokines-meiles-terapija\/#primaryimage"},"thumbnailUrl":"https:\/\/skaitytaknyga.lt\/wp-content\/uploads\/2024\/05\/Meiles-terapija-400x640-1.jpg","datePublished":"2024-05-02T13:04:51+00:00","dateModified":"2024-05-03T07:29:32+00:00","description":"Ar galima leistis \u012f kompromisus santuokoje? Kaip diskutuoti, kai situacija \u012ftempta? O jei suprantame, kad suklydome pasirinkdami partner\u012f? Santuokiniame gyvenime i\u0161kylan\u010dioms problemoms \u012fveikti reikalinga ir praktin\u0117 psichologin\u0117 pagalba. Kartais meil\u0117 pati savaime turi j\u0117g\u0173 i\u0161spr\u0119sti problemas, bet kartais joms reikia rimto gydymo. Psichoterapinis autoriaus metodas yra personalinis \u2013 jis vis\u0173 pirma m\u0117gina keisti pat\u012f asmen\u012f. Darbas, vaikai, uo\u0161viai, pinigai, seksas yra tos sritys, kuriose sutuoktiniai gali kasdien i\u0161m\u0117ginti savo asmenin\u012f ir poros brandum\u0105, neu\u017emir\u0161dami, kad skirtumai gali provokuoti ne prie\u0161i\u0161kum\u0105, o praturtinti vienas kit\u0105. Knygoje daug patarim\u0173, test\u0173, psichologini\u0173 pratyb\u0173. Tai ne tik knyga pasiskaitymui, bet ir vadov\u0117lis praktiniam naudojimui. Valerio Albisetti \u2013 i\u0161kilus \u0161iuolaikin\u0117s psichoanaliz\u0117s atstovas, daugyb\u0117s knyg\u0173 autorius, s\u0117kmingai dirbantis Milane ir Vienoje. \u201eKatalik\u0173 pasaulio leidiniai\u201c yra i\u0161leid\u0119 \u0161ias Valerio Albisetti knygas: \u201eJuoktis \u0161irdimi\u201c (2007), \u201eB\u016bti draugais ar tur\u0117ti draug\u0173\u201c (2002).","breadcrumb":{"@id":"https:\/\/skaitytaknyga.lt\/produktas\/santuokines-meiles-terapija\/#breadcrumb"},"inLanguage":"en-GB","potentialAction":[{"@type":"ReadAction","target":["https:\/\/skaitytaknyga.lt\/produktas\/santuokines-meiles-terapija\/"]}]},{"@type":"ImageObject","inLanguage":"en-GB","@id":"https:\/\/skaitytaknyga.lt\/produktas\/santuokines-meiles-terapija\/#primaryimage","url":"https:\/\/skaitytaknyga.lt\/wp-content\/uploads\/2024\/05\/Meiles-terapija-400x640-1.jpg","contentUrl":"https:\/\/skaitytaknyga.lt\/wp-content\/uploads\/2024\/05\/Meiles-terapija-400x640-1.jpg","width":400,"height":640},{"@type":"BreadcrumbList","@id":"https:\/\/skaitytaknyga.lt\/produktas\/santuokines-meiles-terapija\/#breadcrumb","itemListElement":[{"@type":"ListItem","position":1,"name":"Home","item":"https:\/\/skaitytaknyga.lt\/"},{"@type":"ListItem","position":2,"name":"Parduotuv\u0117","item":"https:\/\/skaitytaknyga.lt\/knygu-parduotuve\/"},{"@type":"ListItem","position":3,"name":"Santuokin\u0117s meil\u0117s terapija"}]},{"@type":"WebSite","@id":"https:\/\/skaitytaknyga.lt\/#website","url":"https:\/\/skaitytaknyga.lt\/","name":"skaitytaknyga.lt","description":"Skaitytaknyga.lt \u2013 tai ma\u017eas \u0161eimos verslas, kuris prasid\u0117jo nuo meil\u0117s knygoms ir siekio i\u0161gelb\u0117ti knygas nuo likimo prie konteinerio. Kas vienam nereikalingas daiktas \u2013 kitam lobis, o mes esame tarpininkai, kurie padeda abiems tapti laimingesniems ???? \u017dinome kaip nelengva i\u0161gyventi ma\u017eiems verslams, tad nuo \u0161iol, \u010dia rasite ir kit\u0173, ma\u017e\u0173 \u0161eim\u0173 versl\u0173, rank\u0173 darbo, dovan\u0173 sau ir artimiesiems.","publisher":{"@id":"https:\/\/skaitytaknyga.lt\/#organization"},"potentialAction":[{"@type":"SearchAction","target":{"@type":"EntryPoint","urlTemplate":"https:\/\/skaitytaknyga.lt\/?s={search_term_string}"},"query-input":{"@type":"PropertyValueSpecification","valueRequired":true,"valueName":"search_term_string"}}],"inLanguage":"en-GB"},{"@type":"Organization","@id":"https:\/\/skaitytaknyga.lt\/#organization","name":"skaitytaknyga.lt","url":"https:\/\/skaitytaknyga.lt\/","logo":{"@type":"ImageObject","inLanguage":"en-GB","@id":"https:\/\/skaitytaknyga.lt\/#\/schema\/logo\/image\/","url":"https:\/\/skaitytaknyga.lt\/wp-content\/uploads\/2024\/05\/cropped-cropped-cropped-02_00843_jt3bggkj1j3HLc7SyY6rEUpg.jpeg","contentUrl":"https:\/\/skaitytaknyga.lt\/wp-content\/uploads\/2024\/05\/cropped-cropped-cropped-02_00843_jt3bggkj1j3HLc7SyY6rEUpg.jpeg","width":1600,"height":1600,"caption":"skaitytaknyga.lt"},"image":{"@id":"https:\/\/skaitytaknyga.lt\/#\/schema\/logo\/image\/"},"sameAs":["https:\/\/www.facebook.com\/skaitytaknyga\/"]}]}},"_links":{"self":[{"href":"https:\/\/skaitytaknyga.lt\/en\/wp-json\/wp\/v2\/product\/6052","targetHints":{"allow":["GET"]}}],"collection":[{"href":"https:\/\/skaitytaknyga.lt\/en\/wp-json\/wp\/v2\/product"}],"about":[{"href":"https:\/\/skaitytaknyga.lt\/en\/wp-json\/wp\/v2\/types\/product"}],"replies":[{"embeddable":true,"href":"https:\/\/skaitytaknyga.lt\/en\/wp-json\/wp\/v2\/comments?post=6052"}],"wp:featuredmedia":[{"embeddable":true,"href":"https:\/\/skaitytaknyga.lt\/en\/wp-json\/wp\/v2\/media\/6071"}],"wp:attachment":[{"href":"https:\/\/skaitytaknyga.lt\/en\/wp-json\/wp\/v2\/media?parent=6052"}],"wp:term":[{"taxonomy":"product_brand","embeddable":true,"href":"https:\/\/skaitytaknyga.lt\/en\/wp-json\/wp\/v2\/product_brand?post=6052"},{"taxonomy":"product_cat","embeddable":true,"href":"https:\/\/skaitytaknyga.lt\/en\/wp-json\/wp\/v2\/product_cat?post=6052"},{"taxonomy":"product_tag","embeddable":true,"href":"https:\/\/skaitytaknyga.lt\/en\/wp-json\/wp\/v2\/product_tag?post=6052"}],"curies":[{"name":"wp","href":"https:\/\/api.w.org\/{rel}","templated":true}]}}