{"id":6049,"date":"2024-05-02T13:04:51","date_gmt":"2024-05-02T13:04:51","guid":{"rendered":"https:\/\/skaitytaknyga.lt\/?post_type=product&#038;p=6049"},"modified":"2024-08-11T09:34:35","modified_gmt":"2024-08-11T06:34:35","slug":"arturas-konanas-doilis-rinktiniai-rastai-3-tomas","status":"publish","type":"product","link":"https:\/\/skaitytaknyga.lt\/en\/produktas\/arturas-konanas-doilis-rinktiniai-rastai-3-tomas\/","title":{"rendered":"Art\u016bras Konanas Doilis \u201eRinktiniai ra\u0161tai\u201c 3 tomas"},"content":{"rendered":"<p>Tre\u010diajame tome spausdinama apysaka \u201eBaskervili\u0173 \u0161uo\u201c ir pluo\u0161telis apsakym\u0173 apie sekl\u012f \u0160erlok\u0105 Holms\u0105.<\/p>\n<ul class=\"about-product d-none d-xl-block mt-4\">\n<li><strong>Autorius:<\/strong>\u00a0<a href=\"https:\/\/skaitytaknyga.lt\/?s=doilis&#038;post_type=product&#038;dgwt_wcas=1\">Art\u016bras Konanas Doilis<\/a><\/li>\n<li><strong>Leid\u0117jas:<\/strong>\u00a0Mintis<\/li>\n<li><strong>Metai:<\/strong>\u00a01994<\/li>\n<li><strong>Puslapiai:<\/strong>\u00a0400<\/li>\n<li><strong>ISBN-10:<\/strong>\u00a05417006750<\/li>\n<li><strong>ISBN-13:<\/strong>\u00a09785417006753<\/li>\n<li><strong>Formatas:<\/strong>\u00a014,5 x 20,5 cm, kieti vir\u0161eliai<\/li>\n<li><strong>Kalba:<\/strong>\u00a0Lietuvi\u0173<\/li>\n<li><strong>Vert\u0117jas:<\/strong>\u00a0K. Ambrasas-Sasnava, E. Kuosait\u0117-Ja\u0161inskien\u0117, R. Zagorskien\u0117<\/li>\n<\/ul>\n","protected":false},"excerpt":{"rendered":"<p>Tre\u010diajame tome spausdinama apysaka \u201eBaskervili\u0173 \u0161uo\u201c ir pluo\u0161telis apsakym\u0173 apie sekl\u012f \u0160erlok\u0105 Holms\u0105. Autorius:\u00a0Art\u016bras Konanas Doilis Leid\u0117jas:\u00a0Mintis Metai:\u00a01994 Puslapiai:\u00a0400 ISBN-10:\u00a05417006750 ISBN-13:\u00a09785417006753 Formatas:\u00a014,5 x 20,5 cm, kieti vir\u0161eliai Kalba:\u00a0Lietuvi\u0173 Vert\u0117jas:\u00a0K. Ambrasas-Sasnava, E. Kuosait\u0117-Ja\u0161inskien\u0117, R. Zagorskien\u0117<\/p>\n","protected":false},"featured_media":13426,"comment_status":"closed","ping_status":"closed","template":"","meta":{"_acf_changed":false,"site-sidebar-layout":"default","site-content-layout":"","ast-site-content-layout":"default","site-content-style":"default","site-sidebar-style":"default","ast-global-header-display":"","ast-banner-title-visibility":"","ast-main-header-display":"","ast-hfb-above-header-display":"","ast-hfb-below-header-display":"","ast-hfb-mobile-header-display":"","site-post-title":"","ast-breadcrumbs-content":"","ast-featured-img":"","footer-sml-layout":"","ast-disable-related-posts":"","theme-transparent-header-meta":"default","adv-header-id-meta":"","stick-header-meta":"","header-above-stick-meta":"","header-main-stick-meta":"","header-below-stick-meta":"","astra-migrate-meta-layouts":"set","ast-page-background-enabled":"default","ast-page-background-meta":{"desktop":{"background-color":"","background-image":"","background-repeat":"repeat","background-position":"center center","background-size":"auto","background-attachment":"scroll","background-type":"","background-media":"","overlay-type":"","overlay-color":"","overlay-opacity":"","overlay-gradient":""},"tablet":{"background-color":"","background-image":"","background-repeat":"repeat","background-position":"center center","background-size":"auto","background-attachment":"scroll","background-type":"","background-media":"","overlay-type":"","overlay-color":"","overlay-opacity":"","overlay-gradient":""},"mobile":{"background-color":"","background-image":"","background-repeat":"repeat","background-position":"center center","background-size":"auto","background-attachment":"scroll","background-type":"","background-media":"","overlay-type":"","overlay-color":"","overlay-opacity":"","overlay-gradient":""}},"ast-content-background-meta":{"desktop":{"background-color":"var(--ast-global-color-4)","background-image":"","background-repeat":"repeat","background-position":"center center","background-size":"auto","background-attachment":"scroll","background-type":"","background-media":"","overlay-type":"","overlay-color":"","overlay-opacity":"","overlay-gradient":""},"tablet":{"background-color":"var(--ast-global-color-4)","background-image":"","background-repeat":"repeat","background-position":"center center","background-size":"auto","background-attachment":"scroll","background-type":"","background-media":"","overlay-type":"","overlay-color":"","overlay-opacity":"","overlay-gradient":""},"mobile":{"background-color":"var(--ast-global-color-4)","background-image":"","background-repeat":"repeat","background-position":"center center","background-size":"auto","background-attachment":"scroll","background-type":"","background-media":"","overlay-type":"","overlay-color":"","overlay-opacity":"","overlay-gradient":""}}},"product_brand":[],"product_cat":[31],"product_tag":[],"class_list":{"0":"post-6049","1":"product","2":"type-product","3":"status-publish","4":"has-post-thumbnail","6":"product_cat-grozine-literatura","7":"desktop-align-left","8":"tablet-align-left","9":"mobile-align-left","11":"first","12":"instock","13":"shipping-taxable","14":"purchasable","15":"product-type-simple"},"acf":[],"yoast_head":"<!-- This site is optimized with the Yoast SEO plugin v27.0 - https:\/\/yoast.com\/product\/yoast-seo-wordpress\/ -->\n<title>Art\u016bras Konanas Doilis \u201eRinktiniai ra\u0161tai\u201c 3 tomas<\/title>\n<meta name=\"description\" content=\"Tre\u010diajame tome spausdinama apysaka \u201eBaskervili\u0173 \u0161uo\u201c ir pluo\u0161telis apsakym\u0173 apie sekl\u012f \u0160erlok\u0105 Holms\u0105. Autorius:\u00a0Art\u016bras Konanas Doilis Leid\u0117jas:\u00a0Mintis\" \/>\n<meta name=\"robots\" content=\"index, follow, max-snippet:-1, max-image-preview:large, max-video-preview:-1\" \/>\n<link rel=\"canonical\" href=\"https:\/\/skaitytaknyga.lt\/en\/produktas\/arturas-konanas-doilis-rinktiniai-rastai-3-tomas\/\" \/>\n<meta property=\"og:locale\" content=\"en_GB\" \/>\n<meta property=\"og:locale:alternate\" content=\"lt_LT\" \/>\n<meta property=\"og:type\" content=\"article\" \/>\n<meta property=\"og:title\" content=\"Art\u016bras Konanas Doilis \u201eRinktiniai ra\u0161tai\u201c 3 tomas\" \/>\n<meta property=\"og:description\" content=\"Tre\u010diajame tome spausdinama apysaka \u201eBaskervili\u0173 \u0161uo\u201c ir pluo\u0161telis apsakym\u0173 apie sekl\u012f \u0160erlok\u0105 Holms\u0105. Autorius:\u00a0Art\u016bras Konanas Doilis Leid\u0117jas:\u00a0Mintis\" \/>\n<meta property=\"og:url\" content=\"https:\/\/skaitytaknyga.lt\/en\/produktas\/arturas-konanas-doilis-rinktiniai-rastai-3-tomas\/\" \/>\n<meta property=\"og:site_name\" content=\"Skaitytaknyga\" \/>\n<meta property=\"article:publisher\" content=\"https:\/\/www.facebook.com\/skaitytaknyga\/\" \/>\n<meta property=\"article:modified_time\" content=\"2024-08-11T06:34:35+00:00\" \/>\n<meta property=\"og:image\" content=\"https:\/\/skaitytaknyga.lt\/wp-content\/uploads\/2024\/05\/1462886838_img0008-001.webp\" \/>\n\t<meta property=\"og:image:width\" content=\"546\" \/>\n\t<meta property=\"og:image:height\" content=\"800\" \/>\n\t<meta property=\"og:image:type\" content=\"image\/webp\" \/>\n<meta name=\"twitter:card\" content=\"summary_large_image\" \/>\n<meta name=\"twitter:label1\" content=\"Estimated reading time\" \/>\n\t<meta name=\"twitter:data1\" content=\"1 minute\" \/>\n<script type=\"application\/ld+json\" class=\"yoast-schema-graph\">{\"@context\":\"https:\/\/schema.org\",\"@graph\":[{\"@type\":\"WebPage\",\"@id\":\"https:\/\/skaitytaknyga.lt\/produktas\/arturas-konanas-doilis-rinktiniai-rastai-3-tomas\/\",\"url\":\"https:\/\/skaitytaknyga.lt\/produktas\/arturas-konanas-doilis-rinktiniai-rastai-3-tomas\/\",\"name\":\"Art\u016bras Konanas Doilis \u201eRinktiniai ra\u0161tai\u201c 3 tomas\",\"isPartOf\":{\"@id\":\"https:\/\/skaitytaknyga.lt\/#website\"},\"primaryImageOfPage\":{\"@id\":\"https:\/\/skaitytaknyga.lt\/produktas\/arturas-konanas-doilis-rinktiniai-rastai-3-tomas\/#primaryimage\"},\"image\":{\"@id\":\"https:\/\/skaitytaknyga.lt\/produktas\/arturas-konanas-doilis-rinktiniai-rastai-3-tomas\/#primaryimage\"},\"thumbnailUrl\":\"https:\/\/skaitytaknyga.lt\/wp-content\/uploads\/2024\/05\/1462886838_img0008-001.webp\",\"datePublished\":\"2024-05-02T13:04:51+00:00\",\"dateModified\":\"2024-08-11T06:34:35+00:00\",\"description\":\"Tre\u010diajame tome spausdinama apysaka \u201eBaskervili\u0173 \u0161uo\u201c ir pluo\u0161telis apsakym\u0173 apie sekl\u012f \u0160erlok\u0105 Holms\u0105. Autorius:\u00a0Art\u016bras Konanas Doilis Leid\u0117jas:\u00a0Mintis\",\"breadcrumb\":{\"@id\":\"https:\/\/skaitytaknyga.lt\/produktas\/arturas-konanas-doilis-rinktiniai-rastai-3-tomas\/#breadcrumb\"},\"inLanguage\":\"en-GB\",\"potentialAction\":[{\"@type\":\"ReadAction\",\"target\":[\"https:\/\/skaitytaknyga.lt\/produktas\/arturas-konanas-doilis-rinktiniai-rastai-3-tomas\/\"]}]},{\"@type\":\"ImageObject\",\"inLanguage\":\"en-GB\",\"@id\":\"https:\/\/skaitytaknyga.lt\/produktas\/arturas-konanas-doilis-rinktiniai-rastai-3-tomas\/#primaryimage\",\"url\":\"https:\/\/skaitytaknyga.lt\/wp-content\/uploads\/2024\/05\/1462886838_img0008-001.webp\",\"contentUrl\":\"https:\/\/skaitytaknyga.lt\/wp-content\/uploads\/2024\/05\/1462886838_img0008-001.webp\",\"width\":546,\"height\":800,\"caption\":\"Art\u016bras Konanas Doilis \u201eRinktiniai ra\u0161tai\u201c 3 tomas\"},{\"@type\":\"BreadcrumbList\",\"@id\":\"https:\/\/skaitytaknyga.lt\/produktas\/arturas-konanas-doilis-rinktiniai-rastai-3-tomas\/#breadcrumb\",\"itemListElement\":[{\"@type\":\"ListItem\",\"position\":1,\"name\":\"Home\",\"item\":\"https:\/\/skaitytaknyga.lt\/\"},{\"@type\":\"ListItem\",\"position\":2,\"name\":\"Parduotuv\u0117\",\"item\":\"https:\/\/skaitytaknyga.lt\/knygu-parduotuve\/\"},{\"@type\":\"ListItem\",\"position\":3,\"name\":\"Art\u016bras Konanas Doilis \u201eRinktiniai ra\u0161tai\u201c 3 tomas\"}]},{\"@type\":\"WebSite\",\"@id\":\"https:\/\/skaitytaknyga.lt\/#website\",\"url\":\"https:\/\/skaitytaknyga.lt\/\",\"name\":\"skaitytaknyga.lt\",\"description\":\"Skaitytaknyga.lt \u2013 tai ma\u017eas \u0161eimos verslas, kuris prasid\u0117jo nuo meil\u0117s knygoms ir siekio i\u0161gelb\u0117ti knygas nuo likimo prie konteinerio. Kas vienam nereikalingas daiktas \u2013 kitam lobis, o mes esame tarpininkai, kurie padeda abiems tapti laimingesniems ???? \u017dinome kaip nelengva i\u0161gyventi ma\u017eiems verslams, tad nuo \u0161iol, \u010dia rasite ir kit\u0173, ma\u017e\u0173 \u0161eim\u0173 versl\u0173, rank\u0173 darbo, dovan\u0173 sau ir artimiesiems.\",\"publisher\":{\"@id\":\"https:\/\/skaitytaknyga.lt\/#organization\"},\"potentialAction\":[{\"@type\":\"SearchAction\",\"target\":{\"@type\":\"EntryPoint\",\"urlTemplate\":\"https:\/\/skaitytaknyga.lt\/?s={search_term_string}\"},\"query-input\":{\"@type\":\"PropertyValueSpecification\",\"valueRequired\":true,\"valueName\":\"search_term_string\"}}],\"inLanguage\":\"en-GB\"},{\"@type\":\"Organization\",\"@id\":\"https:\/\/skaitytaknyga.lt\/#organization\",\"name\":\"skaitytaknyga.lt\",\"url\":\"https:\/\/skaitytaknyga.lt\/\",\"logo\":{\"@type\":\"ImageObject\",\"inLanguage\":\"en-GB\",\"@id\":\"https:\/\/skaitytaknyga.lt\/#\/schema\/logo\/image\/\",\"url\":\"https:\/\/skaitytaknyga.lt\/wp-content\/uploads\/2024\/05\/cropped-cropped-cropped-02_00843_jt3bggkj1j3HLc7SyY6rEUpg.jpeg\",\"contentUrl\":\"https:\/\/skaitytaknyga.lt\/wp-content\/uploads\/2024\/05\/cropped-cropped-cropped-02_00843_jt3bggkj1j3HLc7SyY6rEUpg.jpeg\",\"width\":1600,\"height\":1600,\"caption\":\"skaitytaknyga.lt\"},\"image\":{\"@id\":\"https:\/\/skaitytaknyga.lt\/#\/schema\/logo\/image\/\"},\"sameAs\":[\"https:\/\/www.facebook.com\/skaitytaknyga\/\"]}]}<\/script>\n<!-- \/ Yoast SEO plugin. -->","yoast_head_json":{"title":"Art\u016bras Konanas Doilis \u201eRinktiniai ra\u0161tai\u201c 3 tomas","description":"Tre\u010diajame tome spausdinama apysaka \u201eBaskervili\u0173 \u0161uo\u201c ir pluo\u0161telis apsakym\u0173 apie sekl\u012f \u0160erlok\u0105 Holms\u0105. Autorius:\u00a0Art\u016bras Konanas Doilis Leid\u0117jas:\u00a0Mintis","robots":{"index":"index","follow":"follow","max-snippet":"max-snippet:-1","max-image-preview":"max-image-preview:large","max-video-preview":"max-video-preview:-1"},"canonical":"https:\/\/skaitytaknyga.lt\/en\/produktas\/arturas-konanas-doilis-rinktiniai-rastai-3-tomas\/","og_locale":"en_GB","og_type":"article","og_title":"[:lt]Art\u016bras Konanas Doilis \u201eRinktiniai ra\u0161tai\u201c 3 tomas[:] - Skaitytaknyga","og_description":"Tre\u010diajame tome spausdinama apysaka \u201eBaskervili\u0173 \u0161uo\u201c ir pluo\u0161telis apsakym\u0173 apie sekl\u012f \u0160erlok\u0105 Holms\u0105. Autorius:\u00a0Art\u016bras Konanas Doilis Leid\u0117jas:\u00a0Mintis","og_url":"https:\/\/skaitytaknyga.lt\/en\/produktas\/arturas-konanas-doilis-rinktiniai-rastai-3-tomas\/","og_site_name":"Skaitytaknyga","article_publisher":"https:\/\/www.facebook.com\/skaitytaknyga\/","article_modified_time":"2024-08-11T06:34:35+00:00","og_image":[{"width":546,"height":800,"url":"https:\/\/skaitytaknyga.lt\/wp-content\/uploads\/2024\/05\/1462886838_img0008-001.webp","type":"image\/webp"}],"twitter_card":"summary_large_image","twitter_misc":{"Estimated reading time":"1 minute"},"schema":{"@context":"https:\/\/schema.org","@graph":[{"@type":"WebPage","@id":"https:\/\/skaitytaknyga.lt\/produktas\/arturas-konanas-doilis-rinktiniai-rastai-3-tomas\/","url":"https:\/\/skaitytaknyga.lt\/produktas\/arturas-konanas-doilis-rinktiniai-rastai-3-tomas\/","name":"Art\u016bras Konanas Doilis \u201eRinktiniai ra\u0161tai\u201c 3 tomas","isPartOf":{"@id":"https:\/\/skaitytaknyga.lt\/#website"},"primaryImageOfPage":{"@id":"https:\/\/skaitytaknyga.lt\/produktas\/arturas-konanas-doilis-rinktiniai-rastai-3-tomas\/#primaryimage"},"image":{"@id":"https:\/\/skaitytaknyga.lt\/produktas\/arturas-konanas-doilis-rinktiniai-rastai-3-tomas\/#primaryimage"},"thumbnailUrl":"https:\/\/skaitytaknyga.lt\/wp-content\/uploads\/2024\/05\/1462886838_img0008-001.webp","datePublished":"2024-05-02T13:04:51+00:00","dateModified":"2024-08-11T06:34:35+00:00","description":"Tre\u010diajame tome spausdinama apysaka \u201eBaskervili\u0173 \u0161uo\u201c ir pluo\u0161telis apsakym\u0173 apie sekl\u012f \u0160erlok\u0105 Holms\u0105. Autorius:\u00a0Art\u016bras Konanas Doilis Leid\u0117jas:\u00a0Mintis","breadcrumb":{"@id":"https:\/\/skaitytaknyga.lt\/produktas\/arturas-konanas-doilis-rinktiniai-rastai-3-tomas\/#breadcrumb"},"inLanguage":"en-GB","potentialAction":[{"@type":"ReadAction","target":["https:\/\/skaitytaknyga.lt\/produktas\/arturas-konanas-doilis-rinktiniai-rastai-3-tomas\/"]}]},{"@type":"ImageObject","inLanguage":"en-GB","@id":"https:\/\/skaitytaknyga.lt\/produktas\/arturas-konanas-doilis-rinktiniai-rastai-3-tomas\/#primaryimage","url":"https:\/\/skaitytaknyga.lt\/wp-content\/uploads\/2024\/05\/1462886838_img0008-001.webp","contentUrl":"https:\/\/skaitytaknyga.lt\/wp-content\/uploads\/2024\/05\/1462886838_img0008-001.webp","width":546,"height":800,"caption":"Art\u016bras Konanas Doilis \u201eRinktiniai ra\u0161tai\u201c 3 tomas"},{"@type":"BreadcrumbList","@id":"https:\/\/skaitytaknyga.lt\/produktas\/arturas-konanas-doilis-rinktiniai-rastai-3-tomas\/#breadcrumb","itemListElement":[{"@type":"ListItem","position":1,"name":"Home","item":"https:\/\/skaitytaknyga.lt\/"},{"@type":"ListItem","position":2,"name":"Parduotuv\u0117","item":"https:\/\/skaitytaknyga.lt\/knygu-parduotuve\/"},{"@type":"ListItem","position":3,"name":"Art\u016bras Konanas Doilis \u201eRinktiniai ra\u0161tai\u201c 3 tomas"}]},{"@type":"WebSite","@id":"https:\/\/skaitytaknyga.lt\/#website","url":"https:\/\/skaitytaknyga.lt\/","name":"skaitytaknyga.lt","description":"Skaitytaknyga.lt \u2013 tai ma\u017eas \u0161eimos verslas, kuris prasid\u0117jo nuo meil\u0117s knygoms ir siekio i\u0161gelb\u0117ti knygas nuo likimo prie konteinerio. Kas vienam nereikalingas daiktas \u2013 kitam lobis, o mes esame tarpininkai, kurie padeda abiems tapti laimingesniems ???? \u017dinome kaip nelengva i\u0161gyventi ma\u017eiems verslams, tad nuo \u0161iol, \u010dia rasite ir kit\u0173, ma\u017e\u0173 \u0161eim\u0173 versl\u0173, rank\u0173 darbo, dovan\u0173 sau ir artimiesiems.","publisher":{"@id":"https:\/\/skaitytaknyga.lt\/#organization"},"potentialAction":[{"@type":"SearchAction","target":{"@type":"EntryPoint","urlTemplate":"https:\/\/skaitytaknyga.lt\/?s={search_term_string}"},"query-input":{"@type":"PropertyValueSpecification","valueRequired":true,"valueName":"search_term_string"}}],"inLanguage":"en-GB"},{"@type":"Organization","@id":"https:\/\/skaitytaknyga.lt\/#organization","name":"skaitytaknyga.lt","url":"https:\/\/skaitytaknyga.lt\/","logo":{"@type":"ImageObject","inLanguage":"en-GB","@id":"https:\/\/skaitytaknyga.lt\/#\/schema\/logo\/image\/","url":"https:\/\/skaitytaknyga.lt\/wp-content\/uploads\/2024\/05\/cropped-cropped-cropped-02_00843_jt3bggkj1j3HLc7SyY6rEUpg.jpeg","contentUrl":"https:\/\/skaitytaknyga.lt\/wp-content\/uploads\/2024\/05\/cropped-cropped-cropped-02_00843_jt3bggkj1j3HLc7SyY6rEUpg.jpeg","width":1600,"height":1600,"caption":"skaitytaknyga.lt"},"image":{"@id":"https:\/\/skaitytaknyga.lt\/#\/schema\/logo\/image\/"},"sameAs":["https:\/\/www.facebook.com\/skaitytaknyga\/"]}]}},"_links":{"self":[{"href":"https:\/\/skaitytaknyga.lt\/en\/wp-json\/wp\/v2\/product\/6049","targetHints":{"allow":["GET"]}}],"collection":[{"href":"https:\/\/skaitytaknyga.lt\/en\/wp-json\/wp\/v2\/product"}],"about":[{"href":"https:\/\/skaitytaknyga.lt\/en\/wp-json\/wp\/v2\/types\/product"}],"replies":[{"embeddable":true,"href":"https:\/\/skaitytaknyga.lt\/en\/wp-json\/wp\/v2\/comments?post=6049"}],"wp:featuredmedia":[{"embeddable":true,"href":"https:\/\/skaitytaknyga.lt\/en\/wp-json\/wp\/v2\/media\/13426"}],"wp:attachment":[{"href":"https:\/\/skaitytaknyga.lt\/en\/wp-json\/wp\/v2\/media?parent=6049"}],"wp:term":[{"taxonomy":"product_brand","embeddable":true,"href":"https:\/\/skaitytaknyga.lt\/en\/wp-json\/wp\/v2\/product_brand?post=6049"},{"taxonomy":"product_cat","embeddable":true,"href":"https:\/\/skaitytaknyga.lt\/en\/wp-json\/wp\/v2\/product_cat?post=6049"},{"taxonomy":"product_tag","embeddable":true,"href":"https:\/\/skaitytaknyga.lt\/en\/wp-json\/wp\/v2\/product_tag?post=6049"}],"curies":[{"name":"wp","href":"https:\/\/api.w.org\/{rel}","templated":true}]}}