{"id":6035,"date":"2024-05-02T13:04:22","date_gmt":"2024-05-02T13:04:22","guid":{"rendered":"https:\/\/skaitytaknyga.lt\/?post_type=product&#038;p=6035"},"modified":"2026-03-05T13:28:36","modified_gmt":"2026-03-05T11:28:36","slug":"daiva-vaitkeviciute-moterys-meluoja-geriau-1-ir-2-dalys","status":"publish","type":"product","link":"https:\/\/skaitytaknyga.lt\/en\/produktas\/daiva-vaitkeviciute-moterys-meluoja-geriau-1-ir-2-dalys\/","title":{"rendered":"Moterys meluoja geriau 1 ir 2 dalys"},"content":{"rendered":"<p>Knygoje jauna autor\u0117 gyvai perteikia trij\u0173 pagrindini\u0173 heroj\u0173 &#8211; Jolantos, Kristinos ir Medos &#8211; pastangas \u012fsitvirtinti dinami\u0161kame am\u017ei\u0173 sand\u016bros Lietuvos gyvenime, svajones apie vien\u0105 vienintel\u012f draug\u0105 ir tikrov\u0117s akibrok\u0161tus, nuolat lydin\u010dius jas.<\/p>\n<p>Antrojoje romano dalyje sunkiausias i\u0161bandymas tenka jauniausiajai veik\u0117jai Jolantai. Ta\u010diau draug\u0117s Kristina ir Meda jos nepalieka nelaim\u0117je. Nepaisydamos sunkum\u0173 moterys i\u0161lieka savimi, joms pavyksta i\u0161saugoti vidaus pasaul\u012f.<\/p>\n","protected":false},"excerpt":{"rendered":"<p>Knygoje jauna autor\u0117 gyvai perteikia trij\u0173 pagrindini\u0173 heroj\u0173 &#8211; Jolantos, Kristinos ir Medos &#8211; pastangas \u012fsitvirtinti dinami\u0161kame am\u017ei\u0173 sand\u016bros Lietuvos gyvenime, svajones apie vien\u0105 vienintel\u012f draug\u0105 ir tikrov\u0117s akibrok\u0161tus, nuolat lydin\u010dius jas.<\/p>\n<p>Antrojoje romano dalyje sunkiausias i\u0161bandymas tenka jauniausiajai veik\u0117jai Jolantai. Ta\u010diau draug\u0117s Kristina ir Meda jos nepalieka nelaim\u0117je. Nepaisydamos sunkum\u0173 moterys i\u0161lieka savimi, joms pavyksta i\u0161saugoti vidaus pasaul\u012f.<\/p>\n","protected":false},"featured_media":6055,"comment_status":"closed","ping_status":"closed","template":"","meta":{"_acf_changed":false,"site-sidebar-layout":"default","site-content-layout":"","ast-site-content-layout":"default","site-content-style":"default","site-sidebar-style":"default","ast-global-header-display":"","ast-banner-title-visibility":"","ast-main-header-display":"","ast-hfb-above-header-display":"","ast-hfb-below-header-display":"","ast-hfb-mobile-header-display":"","site-post-title":"","ast-breadcrumbs-content":"","ast-featured-img":"","footer-sml-layout":"","ast-disable-related-posts":"","theme-transparent-header-meta":"","adv-header-id-meta":"","stick-header-meta":"","header-above-stick-meta":"","header-main-stick-meta":"","header-below-stick-meta":"","astra-migrate-meta-layouts":"default","ast-page-background-enabled":"default","ast-page-background-meta":{"desktop":{"background-color":"","background-image":"","background-repeat":"repeat","background-position":"center center","background-size":"auto","background-attachment":"scroll","background-type":"","background-media":"","overlay-type":"","overlay-color":"","overlay-opacity":"","overlay-gradient":""},"tablet":{"background-color":"","background-image":"","background-repeat":"repeat","background-position":"center center","background-size":"auto","background-attachment":"scroll","background-type":"","background-media":"","overlay-type":"","overlay-color":"","overlay-opacity":"","overlay-gradient":""},"mobile":{"background-color":"","background-image":"","background-repeat":"repeat","background-position":"center center","background-size":"auto","background-attachment":"scroll","background-type":"","background-media":"","overlay-type":"","overlay-color":"","overlay-opacity":"","overlay-gradient":""}},"ast-content-background-meta":{"desktop":{"background-color":"var(--ast-global-color-4)","background-image":"","background-repeat":"repeat","background-position":"center center","background-size":"auto","background-attachment":"scroll","background-type":"","background-media":"","overlay-type":"","overlay-color":"","overlay-opacity":"","overlay-gradient":""},"tablet":{"background-color":"var(--ast-global-color-4)","background-image":"","background-repeat":"repeat","background-position":"center center","background-size":"auto","background-attachment":"scroll","background-type":"","background-media":"","overlay-type":"","overlay-color":"","overlay-opacity":"","overlay-gradient":""},"mobile":{"background-color":"var(--ast-global-color-4)","background-image":"","background-repeat":"repeat","background-position":"center center","background-size":"auto","background-attachment":"scroll","background-type":"","background-media":"","overlay-type":"","overlay-color":"","overlay-opacity":"","overlay-gradient":""}}},"product_brand":[],"product_cat":[9590],"product_tag":[3053,1647,1744,2815,2582,1745,3054],"class_list":{"0":"post-6035","1":"product","2":"type-product","3":"status-publish","4":"has-post-thumbnail","6":"product_cat-lietuviu-literatura","7":"product_tag-daiva-vaitkeviciute","8":"product_tag-draugyste","9":"product_tag-lietuviu-literatura","10":"product_tag-moteru-likimai","11":"product_tag-moterys","12":"product_tag-romanas","13":"product_tag-siuolaikine-lietuva","14":"desktop-align-left","15":"tablet-align-left","16":"mobile-align-left","18":"first","19":"instock","20":"shipping-taxable","21":"purchasable","22":"product-type-simple"},"acf":[],"yoast_head":"<!-- This site is optimized with the Yoast SEO plugin v27.0 - https:\/\/yoast.com\/product\/yoast-seo-wordpress\/ -->\n<title>Moterys meluoja geriau 1 ir 2 dalys<\/title>\n<meta name=\"description\" content=\"Knygoje jauna autor\u0117 gyvai perteikia trij\u0173 pagrindini\u0173 heroj\u0173 - Jolantos, Kristinos ir Medos - pastangas \u012fsitvirtinti dinami\u0161kame am\u017ei\u0173 sand\u016bros Lietuvos gyvenime, svajones apie vien\u0105 vienintel\u012f draug\u0105 ir tikrov\u0117s akibrok\u0161tus, nuolat lydin\u010dius jas.  Antrojoje romano dalyje sunkiausias i\u0161bandymas tenka jauniausiajai veik\u0117jai Jolantai. Ta\u010diau draug\u0117s Kristina ir Meda jos nepalieka nelaim\u0117je. Nepaisydamos sunkum\u0173 moterys i\u0161lieka savimi, joms pavyksta i\u0161saugoti vidaus pasaul\u012f.\" \/>\n<meta name=\"robots\" content=\"index, follow, max-snippet:-1, max-image-preview:large, max-video-preview:-1\" \/>\n<link rel=\"canonical\" href=\"https:\/\/skaitytaknyga.lt\/en\/produktas\/daiva-vaitkeviciute-moterys-meluoja-geriau-1-ir-2-dalys\/\" \/>\n<meta property=\"og:locale\" content=\"en_GB\" \/>\n<meta property=\"og:locale:alternate\" content=\"lt_LT\" \/>\n<meta property=\"og:type\" content=\"article\" \/>\n<meta property=\"og:title\" content=\"Moterys meluoja geriau 1 ir 2 dalys\" \/>\n<meta property=\"og:description\" content=\"Knygoje jauna autor\u0117 gyvai perteikia trij\u0173 pagrindini\u0173 heroj\u0173 - Jolantos, Kristinos ir Medos - pastangas \u012fsitvirtinti dinami\u0161kame am\u017ei\u0173 sand\u016bros Lietuvos gyvenime, svajones apie vien\u0105 vienintel\u012f draug\u0105 ir tikrov\u0117s akibrok\u0161tus, nuolat lydin\u010dius jas.  Antrojoje romano dalyje sunkiausias i\u0161bandymas tenka jauniausiajai veik\u0117jai Jolantai. Ta\u010diau draug\u0117s Kristina ir Meda jos nepalieka nelaim\u0117je. Nepaisydamos sunkum\u0173 moterys i\u0161lieka savimi, joms pavyksta i\u0161saugoti vidaus pasaul\u012f.\" \/>\n<meta property=\"og:url\" content=\"https:\/\/skaitytaknyga.lt\/en\/produktas\/daiva-vaitkeviciute-moterys-meluoja-geriau-1-ir-2-dalys\/\" \/>\n<meta property=\"og:site_name\" content=\"Skaitytaknyga\" \/>\n<meta property=\"article:publisher\" content=\"https:\/\/www.facebook.com\/skaitytaknyga\/\" \/>\n<meta property=\"article:modified_time\" content=\"2026-03-05T11:28:36+00:00\" \/>\n<meta property=\"og:image\" content=\"https:\/\/skaitytaknyga.lt\/wp-content\/uploads\/2024\/05\/1462878445_img0009.jpg\" \/>\n\t<meta property=\"og:image:width\" content=\"269\" \/>\n\t<meta property=\"og:image:height\" content=\"430\" \/>\n\t<meta property=\"og:image:type\" content=\"image\/jpeg\" \/>\n<meta name=\"twitter:card\" content=\"summary_large_image\" \/>\n<meta name=\"twitter:label1\" content=\"Estimated reading time\" \/>\n\t<meta name=\"twitter:data1\" content=\"1 minute\" \/>\n<script type=\"application\/ld+json\" class=\"yoast-schema-graph\">{\"@context\":\"https:\/\/schema.org\",\"@graph\":[{\"@type\":\"WebPage\",\"@id\":\"https:\/\/skaitytaknyga.lt\/produktas\/daiva-vaitkeviciute-moterys-meluoja-geriau-1-ir-2-dalys\/\",\"url\":\"https:\/\/skaitytaknyga.lt\/produktas\/daiva-vaitkeviciute-moterys-meluoja-geriau-1-ir-2-dalys\/\",\"name\":\"Moterys meluoja geriau 1 ir 2 dalys\",\"isPartOf\":{\"@id\":\"https:\/\/skaitytaknyga.lt\/#website\"},\"primaryImageOfPage\":{\"@id\":\"https:\/\/skaitytaknyga.lt\/produktas\/daiva-vaitkeviciute-moterys-meluoja-geriau-1-ir-2-dalys\/#primaryimage\"},\"image\":{\"@id\":\"https:\/\/skaitytaknyga.lt\/produktas\/daiva-vaitkeviciute-moterys-meluoja-geriau-1-ir-2-dalys\/#primaryimage\"},\"thumbnailUrl\":\"https:\/\/skaitytaknyga.lt\/wp-content\/uploads\/2024\/05\/1462878445_img0009.jpg\",\"datePublished\":\"2024-05-02T13:04:22+00:00\",\"dateModified\":\"2026-03-05T11:28:36+00:00\",\"description\":\"Knygoje jauna autor\u0117 gyvai perteikia trij\u0173 pagrindini\u0173 heroj\u0173 - Jolantos, Kristinos ir Medos - pastangas \u012fsitvirtinti dinami\u0161kame am\u017ei\u0173 sand\u016bros Lietuvos gyvenime, svajones apie vien\u0105 vienintel\u012f draug\u0105 ir tikrov\u0117s akibrok\u0161tus, nuolat lydin\u010dius jas. Antrojoje romano dalyje sunkiausias i\u0161bandymas tenka jauniausiajai veik\u0117jai Jolantai. Ta\u010diau draug\u0117s Kristina ir Meda jos nepalieka nelaim\u0117je. Nepaisydamos sunkum\u0173 moterys i\u0161lieka savimi, joms pavyksta i\u0161saugoti vidaus pasaul\u012f.\",\"breadcrumb\":{\"@id\":\"https:\/\/skaitytaknyga.lt\/produktas\/daiva-vaitkeviciute-moterys-meluoja-geriau-1-ir-2-dalys\/#breadcrumb\"},\"inLanguage\":\"en-GB\",\"potentialAction\":[{\"@type\":\"ReadAction\",\"target\":[\"https:\/\/skaitytaknyga.lt\/produktas\/daiva-vaitkeviciute-moterys-meluoja-geriau-1-ir-2-dalys\/\"]}]},{\"@type\":\"ImageObject\",\"inLanguage\":\"en-GB\",\"@id\":\"https:\/\/skaitytaknyga.lt\/produktas\/daiva-vaitkeviciute-moterys-meluoja-geriau-1-ir-2-dalys\/#primaryimage\",\"url\":\"https:\/\/skaitytaknyga.lt\/wp-content\/uploads\/2024\/05\/1462878445_img0009.jpg\",\"contentUrl\":\"https:\/\/skaitytaknyga.lt\/wp-content\/uploads\/2024\/05\/1462878445_img0009.jpg\",\"width\":269,\"height\":430},{\"@type\":\"BreadcrumbList\",\"@id\":\"https:\/\/skaitytaknyga.lt\/produktas\/daiva-vaitkeviciute-moterys-meluoja-geriau-1-ir-2-dalys\/#breadcrumb\",\"itemListElement\":[{\"@type\":\"ListItem\",\"position\":1,\"name\":\"Home\",\"item\":\"https:\/\/skaitytaknyga.lt\/\"},{\"@type\":\"ListItem\",\"position\":2,\"name\":\"Parduotuv\u0117\",\"item\":\"https:\/\/skaitytaknyga.lt\/knygu-parduotuve\/\"},{\"@type\":\"ListItem\",\"position\":3,\"name\":\"Moterys meluoja geriau 1 ir 2 dalys\"}]},{\"@type\":\"WebSite\",\"@id\":\"https:\/\/skaitytaknyga.lt\/#website\",\"url\":\"https:\/\/skaitytaknyga.lt\/\",\"name\":\"skaitytaknyga.lt\",\"description\":\"Skaitytaknyga.lt \u2013 tai ma\u017eas \u0161eimos verslas, kuris prasid\u0117jo nuo meil\u0117s knygoms ir siekio i\u0161gelb\u0117ti knygas nuo likimo prie konteinerio. Kas vienam nereikalingas daiktas \u2013 kitam lobis, o mes esame tarpininkai, kurie padeda abiems tapti laimingesniems ???? \u017dinome kaip nelengva i\u0161gyventi ma\u017eiems verslams, tad nuo \u0161iol, \u010dia rasite ir kit\u0173, ma\u017e\u0173 \u0161eim\u0173 versl\u0173, rank\u0173 darbo, dovan\u0173 sau ir artimiesiems.\",\"publisher\":{\"@id\":\"https:\/\/skaitytaknyga.lt\/#organization\"},\"potentialAction\":[{\"@type\":\"SearchAction\",\"target\":{\"@type\":\"EntryPoint\",\"urlTemplate\":\"https:\/\/skaitytaknyga.lt\/?s={search_term_string}\"},\"query-input\":{\"@type\":\"PropertyValueSpecification\",\"valueRequired\":true,\"valueName\":\"search_term_string\"}}],\"inLanguage\":\"en-GB\"},{\"@type\":\"Organization\",\"@id\":\"https:\/\/skaitytaknyga.lt\/#organization\",\"name\":\"skaitytaknyga.lt\",\"url\":\"https:\/\/skaitytaknyga.lt\/\",\"logo\":{\"@type\":\"ImageObject\",\"inLanguage\":\"en-GB\",\"@id\":\"https:\/\/skaitytaknyga.lt\/#\/schema\/logo\/image\/\",\"url\":\"https:\/\/skaitytaknyga.lt\/wp-content\/uploads\/2024\/05\/cropped-cropped-cropped-02_00843_jt3bggkj1j3HLc7SyY6rEUpg.jpeg\",\"contentUrl\":\"https:\/\/skaitytaknyga.lt\/wp-content\/uploads\/2024\/05\/cropped-cropped-cropped-02_00843_jt3bggkj1j3HLc7SyY6rEUpg.jpeg\",\"width\":1600,\"height\":1600,\"caption\":\"skaitytaknyga.lt\"},\"image\":{\"@id\":\"https:\/\/skaitytaknyga.lt\/#\/schema\/logo\/image\/\"},\"sameAs\":[\"https:\/\/www.facebook.com\/skaitytaknyga\/\"]}]}<\/script>\n<!-- \/ Yoast SEO plugin. -->","yoast_head_json":{"title":"Moterys meluoja geriau 1 ir 2 dalys","description":"Knygoje jauna autor\u0117 gyvai perteikia trij\u0173 pagrindini\u0173 heroj\u0173 - Jolantos, Kristinos ir Medos - pastangas \u012fsitvirtinti dinami\u0161kame am\u017ei\u0173 sand\u016bros Lietuvos gyvenime, svajones apie vien\u0105 vienintel\u012f draug\u0105 ir tikrov\u0117s akibrok\u0161tus, nuolat lydin\u010dius jas.  Antrojoje romano dalyje sunkiausias i\u0161bandymas tenka jauniausiajai veik\u0117jai Jolantai. Ta\u010diau draug\u0117s Kristina ir Meda jos nepalieka nelaim\u0117je. Nepaisydamos sunkum\u0173 moterys i\u0161lieka savimi, joms pavyksta i\u0161saugoti vidaus pasaul\u012f.","robots":{"index":"index","follow":"follow","max-snippet":"max-snippet:-1","max-image-preview":"max-image-preview:large","max-video-preview":"max-video-preview:-1"},"canonical":"https:\/\/skaitytaknyga.lt\/en\/produktas\/daiva-vaitkeviciute-moterys-meluoja-geriau-1-ir-2-dalys\/","og_locale":"en_GB","og_type":"article","og_title":"[:lt]Moterys meluoja geriau 1 ir 2 dalys[:] - Skaitytaknyga","og_description":"Knygoje jauna autor\u0117 gyvai perteikia trij\u0173 pagrindini\u0173 heroj\u0173 - Jolantos, Kristinos ir Medos - pastangas \u012fsitvirtinti dinami\u0161kame am\u017ei\u0173 sand\u016bros Lietuvos gyvenime, svajones apie vien\u0105 vienintel\u012f draug\u0105 ir tikrov\u0117s akibrok\u0161tus, nuolat lydin\u010dius jas.  Antrojoje romano dalyje sunkiausias i\u0161bandymas tenka jauniausiajai veik\u0117jai Jolantai. Ta\u010diau draug\u0117s Kristina ir Meda jos nepalieka nelaim\u0117je. Nepaisydamos sunkum\u0173 moterys i\u0161lieka savimi, joms pavyksta i\u0161saugoti vidaus pasaul\u012f.","og_url":"https:\/\/skaitytaknyga.lt\/en\/produktas\/daiva-vaitkeviciute-moterys-meluoja-geriau-1-ir-2-dalys\/","og_site_name":"Skaitytaknyga","article_publisher":"https:\/\/www.facebook.com\/skaitytaknyga\/","article_modified_time":"2026-03-05T11:28:36+00:00","og_image":[{"width":269,"height":430,"url":"https:\/\/skaitytaknyga.lt\/wp-content\/uploads\/2024\/05\/1462878445_img0009.jpg","type":"image\/jpeg"}],"twitter_card":"summary_large_image","twitter_misc":{"Estimated reading time":"1 minute"},"schema":{"@context":"https:\/\/schema.org","@graph":[{"@type":"WebPage","@id":"https:\/\/skaitytaknyga.lt\/produktas\/daiva-vaitkeviciute-moterys-meluoja-geriau-1-ir-2-dalys\/","url":"https:\/\/skaitytaknyga.lt\/produktas\/daiva-vaitkeviciute-moterys-meluoja-geriau-1-ir-2-dalys\/","name":"Moterys meluoja geriau 1 ir 2 dalys","isPartOf":{"@id":"https:\/\/skaitytaknyga.lt\/#website"},"primaryImageOfPage":{"@id":"https:\/\/skaitytaknyga.lt\/produktas\/daiva-vaitkeviciute-moterys-meluoja-geriau-1-ir-2-dalys\/#primaryimage"},"image":{"@id":"https:\/\/skaitytaknyga.lt\/produktas\/daiva-vaitkeviciute-moterys-meluoja-geriau-1-ir-2-dalys\/#primaryimage"},"thumbnailUrl":"https:\/\/skaitytaknyga.lt\/wp-content\/uploads\/2024\/05\/1462878445_img0009.jpg","datePublished":"2024-05-02T13:04:22+00:00","dateModified":"2026-03-05T11:28:36+00:00","description":"Knygoje jauna autor\u0117 gyvai perteikia trij\u0173 pagrindini\u0173 heroj\u0173 - Jolantos, Kristinos ir Medos - pastangas \u012fsitvirtinti dinami\u0161kame am\u017ei\u0173 sand\u016bros Lietuvos gyvenime, svajones apie vien\u0105 vienintel\u012f draug\u0105 ir tikrov\u0117s akibrok\u0161tus, nuolat lydin\u010dius jas. Antrojoje romano dalyje sunkiausias i\u0161bandymas tenka jauniausiajai veik\u0117jai Jolantai. Ta\u010diau draug\u0117s Kristina ir Meda jos nepalieka nelaim\u0117je. Nepaisydamos sunkum\u0173 moterys i\u0161lieka savimi, joms pavyksta i\u0161saugoti vidaus pasaul\u012f.","breadcrumb":{"@id":"https:\/\/skaitytaknyga.lt\/produktas\/daiva-vaitkeviciute-moterys-meluoja-geriau-1-ir-2-dalys\/#breadcrumb"},"inLanguage":"en-GB","potentialAction":[{"@type":"ReadAction","target":["https:\/\/skaitytaknyga.lt\/produktas\/daiva-vaitkeviciute-moterys-meluoja-geriau-1-ir-2-dalys\/"]}]},{"@type":"ImageObject","inLanguage":"en-GB","@id":"https:\/\/skaitytaknyga.lt\/produktas\/daiva-vaitkeviciute-moterys-meluoja-geriau-1-ir-2-dalys\/#primaryimage","url":"https:\/\/skaitytaknyga.lt\/wp-content\/uploads\/2024\/05\/1462878445_img0009.jpg","contentUrl":"https:\/\/skaitytaknyga.lt\/wp-content\/uploads\/2024\/05\/1462878445_img0009.jpg","width":269,"height":430},{"@type":"BreadcrumbList","@id":"https:\/\/skaitytaknyga.lt\/produktas\/daiva-vaitkeviciute-moterys-meluoja-geriau-1-ir-2-dalys\/#breadcrumb","itemListElement":[{"@type":"ListItem","position":1,"name":"Home","item":"https:\/\/skaitytaknyga.lt\/"},{"@type":"ListItem","position":2,"name":"Parduotuv\u0117","item":"https:\/\/skaitytaknyga.lt\/knygu-parduotuve\/"},{"@type":"ListItem","position":3,"name":"Moterys meluoja geriau 1 ir 2 dalys"}]},{"@type":"WebSite","@id":"https:\/\/skaitytaknyga.lt\/#website","url":"https:\/\/skaitytaknyga.lt\/","name":"skaitytaknyga.lt","description":"Skaitytaknyga.lt \u2013 tai ma\u017eas \u0161eimos verslas, kuris prasid\u0117jo nuo meil\u0117s knygoms ir siekio i\u0161gelb\u0117ti knygas nuo likimo prie konteinerio. Kas vienam nereikalingas daiktas \u2013 kitam lobis, o mes esame tarpininkai, kurie padeda abiems tapti laimingesniems ???? \u017dinome kaip nelengva i\u0161gyventi ma\u017eiems verslams, tad nuo \u0161iol, \u010dia rasite ir kit\u0173, ma\u017e\u0173 \u0161eim\u0173 versl\u0173, rank\u0173 darbo, dovan\u0173 sau ir artimiesiems.","publisher":{"@id":"https:\/\/skaitytaknyga.lt\/#organization"},"potentialAction":[{"@type":"SearchAction","target":{"@type":"EntryPoint","urlTemplate":"https:\/\/skaitytaknyga.lt\/?s={search_term_string}"},"query-input":{"@type":"PropertyValueSpecification","valueRequired":true,"valueName":"search_term_string"}}],"inLanguage":"en-GB"},{"@type":"Organization","@id":"https:\/\/skaitytaknyga.lt\/#organization","name":"skaitytaknyga.lt","url":"https:\/\/skaitytaknyga.lt\/","logo":{"@type":"ImageObject","inLanguage":"en-GB","@id":"https:\/\/skaitytaknyga.lt\/#\/schema\/logo\/image\/","url":"https:\/\/skaitytaknyga.lt\/wp-content\/uploads\/2024\/05\/cropped-cropped-cropped-02_00843_jt3bggkj1j3HLc7SyY6rEUpg.jpeg","contentUrl":"https:\/\/skaitytaknyga.lt\/wp-content\/uploads\/2024\/05\/cropped-cropped-cropped-02_00843_jt3bggkj1j3HLc7SyY6rEUpg.jpeg","width":1600,"height":1600,"caption":"skaitytaknyga.lt"},"image":{"@id":"https:\/\/skaitytaknyga.lt\/#\/schema\/logo\/image\/"},"sameAs":["https:\/\/www.facebook.com\/skaitytaknyga\/"]}]}},"_links":{"self":[{"href":"https:\/\/skaitytaknyga.lt\/en\/wp-json\/wp\/v2\/product\/6035","targetHints":{"allow":["GET"]}}],"collection":[{"href":"https:\/\/skaitytaknyga.lt\/en\/wp-json\/wp\/v2\/product"}],"about":[{"href":"https:\/\/skaitytaknyga.lt\/en\/wp-json\/wp\/v2\/types\/product"}],"replies":[{"embeddable":true,"href":"https:\/\/skaitytaknyga.lt\/en\/wp-json\/wp\/v2\/comments?post=6035"}],"wp:featuredmedia":[{"embeddable":true,"href":"https:\/\/skaitytaknyga.lt\/en\/wp-json\/wp\/v2\/media\/6055"}],"wp:attachment":[{"href":"https:\/\/skaitytaknyga.lt\/en\/wp-json\/wp\/v2\/media?parent=6035"}],"wp:term":[{"taxonomy":"product_brand","embeddable":true,"href":"https:\/\/skaitytaknyga.lt\/en\/wp-json\/wp\/v2\/product_brand?post=6035"},{"taxonomy":"product_cat","embeddable":true,"href":"https:\/\/skaitytaknyga.lt\/en\/wp-json\/wp\/v2\/product_cat?post=6035"},{"taxonomy":"product_tag","embeddable":true,"href":"https:\/\/skaitytaknyga.lt\/en\/wp-json\/wp\/v2\/product_tag?post=6035"}],"curies":[{"name":"wp","href":"https:\/\/api.w.org\/{rel}","templated":true}]}}