{"id":6029,"date":"2024-05-02T13:03:50","date_gmt":"2024-05-02T13:03:50","guid":{"rendered":"https:\/\/skaitytaknyga.lt\/?post_type=product&#038;p=6029"},"modified":"2026-03-19T11:55:06","modified_gmt":"2026-03-19T09:55:06","slug":"mike-resnick-atgimes-nasliadirbys-sf-287","status":"publish","type":"product","link":"https:\/\/skaitytaknyga.lt\/en\/produktas\/mike-resnick-atgimes-nasliadirbys-sf-287\/","title":{"rendered":"Atgim\u0119s na\u0161liadirbys SF 287"},"content":{"rendered":"<p>Garsiausias Galaktikos galv\u0173 med\u017eiotojas D\u017eefersonas Naithaukas serga eplazija, nepagydoma odos liga, tod\u0117l miega u\u017e\u0161aldytas Giliuoju Miegu. Ta\u010diau toki\u0173 \u017emoni\u0173 paklausa Galaktikoje visada didel\u0117.<\/p>\n<p>Nes nuolat atsiranda darbelio, kur\u012f gali padaryti tik D\u017eefersonas Naithaukas, Na\u0161liadirbys. \u0160\u012f kart\u0105 u\u017eduotis itin pavojinga, tod\u0117l sukuriamas patyr\u0119s 38-i\u0173 met\u0173 jo klonas&#8230;<\/p>\n","protected":false},"excerpt":{"rendered":"<p>Garsiausias Galaktikos galv\u0173 med\u017eiotojas D\u017eefersonas Naithaukas serga eplazija, nepagydoma odos liga, tod\u0117l miega u\u017e\u0161aldytas Giliuoju Miegu. Ta\u010diau toki\u0173 \u017emoni\u0173 paklausa Galaktikoje visada didel\u0117.<\/p>\n<p>Nes nuolat atsiranda darbelio, kur\u012f gali padaryti tik D\u017eefersonas Naithaukas, Na\u0161liadirbys. \u0160\u012f kart\u0105 u\u017eduotis itin pavojinga, tod\u0117l sukuriamas patyr\u0119s 38-i\u0173 met\u0173 jo klonas&#8230;<\/p>\n","protected":false},"featured_media":6044,"comment_status":"closed","ping_status":"closed","template":"","meta":{"_acf_changed":false,"site-sidebar-layout":"default","site-content-layout":"","ast-site-content-layout":"default","site-content-style":"default","site-sidebar-style":"default","ast-global-header-display":"","ast-banner-title-visibility":"","ast-main-header-display":"","ast-hfb-above-header-display":"","ast-hfb-below-header-display":"","ast-hfb-mobile-header-display":"","site-post-title":"","ast-breadcrumbs-content":"","ast-featured-img":"","footer-sml-layout":"","ast-disable-related-posts":"","theme-transparent-header-meta":"","adv-header-id-meta":"","stick-header-meta":"","header-above-stick-meta":"","header-main-stick-meta":"","header-below-stick-meta":"","astra-migrate-meta-layouts":"default","ast-page-background-enabled":"default","ast-page-background-meta":{"desktop":{"background-color":"","background-image":"","background-repeat":"repeat","background-position":"center center","background-size":"auto","background-attachment":"scroll","background-type":"","background-media":"","overlay-type":"","overlay-color":"","overlay-opacity":"","overlay-gradient":""},"tablet":{"background-color":"","background-image":"","background-repeat":"repeat","background-position":"center center","background-size":"auto","background-attachment":"scroll","background-type":"","background-media":"","overlay-type":"","overlay-color":"","overlay-opacity":"","overlay-gradient":""},"mobile":{"background-color":"","background-image":"","background-repeat":"repeat","background-position":"center center","background-size":"auto","background-attachment":"scroll","background-type":"","background-media":"","overlay-type":"","overlay-color":"","overlay-opacity":"","overlay-gradient":""}},"ast-content-background-meta":{"desktop":{"background-color":"var(--ast-global-color-4)","background-image":"","background-repeat":"repeat","background-position":"center center","background-size":"auto","background-attachment":"scroll","background-type":"","background-media":"","overlay-type":"","overlay-color":"","overlay-opacity":"","overlay-gradient":""},"tablet":{"background-color":"var(--ast-global-color-4)","background-image":"","background-repeat":"repeat","background-position":"center center","background-size":"auto","background-attachment":"scroll","background-type":"","background-media":"","overlay-type":"","overlay-color":"","overlay-opacity":"","overlay-gradient":""},"mobile":{"background-color":"var(--ast-global-color-4)","background-image":"","background-repeat":"repeat","background-position":"center center","background-size":"auto","background-attachment":"scroll","background-type":"","background-media":"","overlay-type":"","overlay-color":"","overlay-opacity":"","overlay-gradient":""}}},"product_brand":[],"product_cat":[1059],"product_tag":[458],"class_list":{"0":"post-6029","1":"product","2":"type-product","3":"status-publish","4":"has-post-thumbnail","6":"product_cat-pasaulines-fantastikos-aukso-fondas","7":"product_tag-pasauline-fantastikos-aukso-fondas","8":"desktop-align-left","9":"tablet-align-left","10":"mobile-align-left","12":"first","13":"outofstock","14":"shipping-taxable","15":"purchasable","16":"product-type-simple"},"acf":[],"yoast_head":"<!-- This site is optimized with the Yoast SEO plugin v27.0 - https:\/\/yoast.com\/product\/yoast-seo-wordpress\/ -->\n<title>Atgim\u0119s na\u0161liadirbys SF 287<\/title>\n<meta name=\"description\" content=\"Garsiausias Galaktikos galv\u0173 med\u017eiotojas D\u017eefersonas Naithaukas serga eplazija, nepagydoma odos liga, tod\u0117l miega u\u017e\u0161aldytas Giliuoju Miegu. Ta\u010diau toki\u0173 \u017emoni\u0173 paklausa Galaktikoje visada didel\u0117.  Nes nuolat atsiranda darbelio, kur\u012f gali padaryti tik D\u017eefersonas Naithaukas, Na\u0161liadirbys. \u0160\u012f kart\u0105 u\u017eduotis itin pavojinga, tod\u0117l sukuriamas patyr\u0119s 38-i\u0173 met\u0173 jo klonas...\" \/>\n<meta name=\"robots\" content=\"index, follow, max-snippet:-1, max-image-preview:large, max-video-preview:-1\" \/>\n<link rel=\"canonical\" href=\"https:\/\/skaitytaknyga.lt\/en\/produktas\/mike-resnick-atgimes-nasliadirbys-sf-287\/\" \/>\n<meta property=\"og:locale\" content=\"en_GB\" \/>\n<meta property=\"og:locale:alternate\" content=\"lt_LT\" \/>\n<meta property=\"og:type\" content=\"article\" \/>\n<meta property=\"og:title\" content=\"Atgim\u0119s na\u0161liadirbys SF 287\" \/>\n<meta property=\"og:description\" content=\"Garsiausias Galaktikos galv\u0173 med\u017eiotojas D\u017eefersonas Naithaukas serga eplazija, nepagydoma odos liga, tod\u0117l miega u\u017e\u0161aldytas Giliuoju Miegu. Ta\u010diau toki\u0173 \u017emoni\u0173 paklausa Galaktikoje visada didel\u0117.  Nes nuolat atsiranda darbelio, kur\u012f gali padaryti tik D\u017eefersonas Naithaukas, Na\u0161liadirbys. \u0160\u012f kart\u0105 u\u017eduotis itin pavojinga, tod\u0117l sukuriamas patyr\u0119s 38-i\u0173 met\u0173 jo klonas...\" \/>\n<meta property=\"og:url\" content=\"https:\/\/skaitytaknyga.lt\/en\/produktas\/mike-resnick-atgimes-nasliadirbys-sf-287\/\" \/>\n<meta property=\"og:site_name\" content=\"Skaitytaknyga\" \/>\n<meta property=\"article:publisher\" content=\"https:\/\/www.facebook.com\/skaitytaknyga\/\" \/>\n<meta property=\"article:modified_time\" content=\"2026-03-19T09:55:06+00:00\" \/>\n<meta property=\"og:image\" content=\"https:\/\/skaitytaknyga.lt\/wp-content\/uploads\/2024\/05\/591-115-4.jpg\" \/>\n\t<meta property=\"og:image:width\" content=\"272\" \/>\n\t<meta property=\"og:image:height\" content=\"430\" \/>\n\t<meta property=\"og:image:type\" content=\"image\/jpeg\" \/>\n<meta name=\"twitter:card\" content=\"summary_large_image\" \/>\n<meta name=\"twitter:label1\" content=\"Estimated reading time\" \/>\n\t<meta name=\"twitter:data1\" content=\"1 minute\" \/>\n<script type=\"application\/ld+json\" class=\"yoast-schema-graph\">{\"@context\":\"https:\/\/schema.org\",\"@graph\":[{\"@type\":\"WebPage\",\"@id\":\"https:\/\/skaitytaknyga.lt\/produktas\/mike-resnick-atgimes-nasliadirbys-sf-287\/\",\"url\":\"https:\/\/skaitytaknyga.lt\/produktas\/mike-resnick-atgimes-nasliadirbys-sf-287\/\",\"name\":\"Atgim\u0119s na\u0161liadirbys SF 287\",\"isPartOf\":{\"@id\":\"https:\/\/skaitytaknyga.lt\/#website\"},\"primaryImageOfPage\":{\"@id\":\"https:\/\/skaitytaknyga.lt\/produktas\/mike-resnick-atgimes-nasliadirbys-sf-287\/#primaryimage\"},\"image\":{\"@id\":\"https:\/\/skaitytaknyga.lt\/produktas\/mike-resnick-atgimes-nasliadirbys-sf-287\/#primaryimage\"},\"thumbnailUrl\":\"https:\/\/skaitytaknyga.lt\/wp-content\/uploads\/2024\/05\/591-115-4.jpg\",\"datePublished\":\"2024-05-02T13:03:50+00:00\",\"dateModified\":\"2026-03-19T09:55:06+00:00\",\"description\":\"Garsiausias Galaktikos galv\u0173 med\u017eiotojas D\u017eefersonas Naithaukas serga eplazija, nepagydoma odos liga, tod\u0117l miega u\u017e\u0161aldytas Giliuoju Miegu. Ta\u010diau toki\u0173 \u017emoni\u0173 paklausa Galaktikoje visada didel\u0117. Nes nuolat atsiranda darbelio, kur\u012f gali padaryti tik D\u017eefersonas Naithaukas, Na\u0161liadirbys. \u0160\u012f kart\u0105 u\u017eduotis itin pavojinga, tod\u0117l sukuriamas patyr\u0119s 38-i\u0173 met\u0173 jo klonas...\",\"breadcrumb\":{\"@id\":\"https:\/\/skaitytaknyga.lt\/produktas\/mike-resnick-atgimes-nasliadirbys-sf-287\/#breadcrumb\"},\"inLanguage\":\"en-GB\",\"potentialAction\":[{\"@type\":\"ReadAction\",\"target\":[\"https:\/\/skaitytaknyga.lt\/produktas\/mike-resnick-atgimes-nasliadirbys-sf-287\/\"]}]},{\"@type\":\"ImageObject\",\"inLanguage\":\"en-GB\",\"@id\":\"https:\/\/skaitytaknyga.lt\/produktas\/mike-resnick-atgimes-nasliadirbys-sf-287\/#primaryimage\",\"url\":\"https:\/\/skaitytaknyga.lt\/wp-content\/uploads\/2024\/05\/591-115-4.jpg\",\"contentUrl\":\"https:\/\/skaitytaknyga.lt\/wp-content\/uploads\/2024\/05\/591-115-4.jpg\",\"width\":272,\"height\":430},{\"@type\":\"BreadcrumbList\",\"@id\":\"https:\/\/skaitytaknyga.lt\/produktas\/mike-resnick-atgimes-nasliadirbys-sf-287\/#breadcrumb\",\"itemListElement\":[{\"@type\":\"ListItem\",\"position\":1,\"name\":\"Home\",\"item\":\"https:\/\/skaitytaknyga.lt\/\"},{\"@type\":\"ListItem\",\"position\":2,\"name\":\"Parduotuv\u0117\",\"item\":\"https:\/\/skaitytaknyga.lt\/knygu-parduotuve\/\"},{\"@type\":\"ListItem\",\"position\":3,\"name\":\"Atgim\u0119s na\u0161liadirbys SF 287\"}]},{\"@type\":\"WebSite\",\"@id\":\"https:\/\/skaitytaknyga.lt\/#website\",\"url\":\"https:\/\/skaitytaknyga.lt\/\",\"name\":\"skaitytaknyga.lt\",\"description\":\"Skaitytaknyga.lt \u2013 tai ma\u017eas \u0161eimos verslas, kuris prasid\u0117jo nuo meil\u0117s knygoms ir siekio i\u0161gelb\u0117ti knygas nuo likimo prie konteinerio. Kas vienam nereikalingas daiktas \u2013 kitam lobis, o mes esame tarpininkai, kurie padeda abiems tapti laimingesniems ???? \u017dinome kaip nelengva i\u0161gyventi ma\u017eiems verslams, tad nuo \u0161iol, \u010dia rasite ir kit\u0173, ma\u017e\u0173 \u0161eim\u0173 versl\u0173, rank\u0173 darbo, dovan\u0173 sau ir artimiesiems.\",\"publisher\":{\"@id\":\"https:\/\/skaitytaknyga.lt\/#organization\"},\"potentialAction\":[{\"@type\":\"SearchAction\",\"target\":{\"@type\":\"EntryPoint\",\"urlTemplate\":\"https:\/\/skaitytaknyga.lt\/?s={search_term_string}\"},\"query-input\":{\"@type\":\"PropertyValueSpecification\",\"valueRequired\":true,\"valueName\":\"search_term_string\"}}],\"inLanguage\":\"en-GB\"},{\"@type\":\"Organization\",\"@id\":\"https:\/\/skaitytaknyga.lt\/#organization\",\"name\":\"skaitytaknyga.lt\",\"url\":\"https:\/\/skaitytaknyga.lt\/\",\"logo\":{\"@type\":\"ImageObject\",\"inLanguage\":\"en-GB\",\"@id\":\"https:\/\/skaitytaknyga.lt\/#\/schema\/logo\/image\/\",\"url\":\"https:\/\/skaitytaknyga.lt\/wp-content\/uploads\/2024\/05\/cropped-cropped-cropped-02_00843_jt3bggkj1j3HLc7SyY6rEUpg.jpeg\",\"contentUrl\":\"https:\/\/skaitytaknyga.lt\/wp-content\/uploads\/2024\/05\/cropped-cropped-cropped-02_00843_jt3bggkj1j3HLc7SyY6rEUpg.jpeg\",\"width\":1600,\"height\":1600,\"caption\":\"skaitytaknyga.lt\"},\"image\":{\"@id\":\"https:\/\/skaitytaknyga.lt\/#\/schema\/logo\/image\/\"},\"sameAs\":[\"https:\/\/www.facebook.com\/skaitytaknyga\/\"]}]}<\/script>\n<!-- \/ Yoast SEO plugin. -->","yoast_head_json":{"title":"Atgim\u0119s na\u0161liadirbys SF 287","description":"Garsiausias Galaktikos galv\u0173 med\u017eiotojas D\u017eefersonas Naithaukas serga eplazija, nepagydoma odos liga, tod\u0117l miega u\u017e\u0161aldytas Giliuoju Miegu. Ta\u010diau toki\u0173 \u017emoni\u0173 paklausa Galaktikoje visada didel\u0117.  Nes nuolat atsiranda darbelio, kur\u012f gali padaryti tik D\u017eefersonas Naithaukas, Na\u0161liadirbys. \u0160\u012f kart\u0105 u\u017eduotis itin pavojinga, tod\u0117l sukuriamas patyr\u0119s 38-i\u0173 met\u0173 jo klonas...","robots":{"index":"index","follow":"follow","max-snippet":"max-snippet:-1","max-image-preview":"max-image-preview:large","max-video-preview":"max-video-preview:-1"},"canonical":"https:\/\/skaitytaknyga.lt\/en\/produktas\/mike-resnick-atgimes-nasliadirbys-sf-287\/","og_locale":"en_GB","og_type":"article","og_title":"[:lt]Atgim\u0119s na\u0161liadirbys SF 287[:] - Skaitytaknyga","og_description":"Garsiausias Galaktikos galv\u0173 med\u017eiotojas D\u017eefersonas Naithaukas serga eplazija, nepagydoma odos liga, tod\u0117l miega u\u017e\u0161aldytas Giliuoju Miegu. Ta\u010diau toki\u0173 \u017emoni\u0173 paklausa Galaktikoje visada didel\u0117.  Nes nuolat atsiranda darbelio, kur\u012f gali padaryti tik D\u017eefersonas Naithaukas, Na\u0161liadirbys. \u0160\u012f kart\u0105 u\u017eduotis itin pavojinga, tod\u0117l sukuriamas patyr\u0119s 38-i\u0173 met\u0173 jo klonas...","og_url":"https:\/\/skaitytaknyga.lt\/en\/produktas\/mike-resnick-atgimes-nasliadirbys-sf-287\/","og_site_name":"Skaitytaknyga","article_publisher":"https:\/\/www.facebook.com\/skaitytaknyga\/","article_modified_time":"2026-03-19T09:55:06+00:00","og_image":[{"width":272,"height":430,"url":"https:\/\/skaitytaknyga.lt\/wp-content\/uploads\/2024\/05\/591-115-4.jpg","type":"image\/jpeg"}],"twitter_card":"summary_large_image","twitter_misc":{"Estimated reading time":"1 minute"},"schema":{"@context":"https:\/\/schema.org","@graph":[{"@type":"WebPage","@id":"https:\/\/skaitytaknyga.lt\/produktas\/mike-resnick-atgimes-nasliadirbys-sf-287\/","url":"https:\/\/skaitytaknyga.lt\/produktas\/mike-resnick-atgimes-nasliadirbys-sf-287\/","name":"Atgim\u0119s na\u0161liadirbys SF 287","isPartOf":{"@id":"https:\/\/skaitytaknyga.lt\/#website"},"primaryImageOfPage":{"@id":"https:\/\/skaitytaknyga.lt\/produktas\/mike-resnick-atgimes-nasliadirbys-sf-287\/#primaryimage"},"image":{"@id":"https:\/\/skaitytaknyga.lt\/produktas\/mike-resnick-atgimes-nasliadirbys-sf-287\/#primaryimage"},"thumbnailUrl":"https:\/\/skaitytaknyga.lt\/wp-content\/uploads\/2024\/05\/591-115-4.jpg","datePublished":"2024-05-02T13:03:50+00:00","dateModified":"2026-03-19T09:55:06+00:00","description":"Garsiausias Galaktikos galv\u0173 med\u017eiotojas D\u017eefersonas Naithaukas serga eplazija, nepagydoma odos liga, tod\u0117l miega u\u017e\u0161aldytas Giliuoju Miegu. Ta\u010diau toki\u0173 \u017emoni\u0173 paklausa Galaktikoje visada didel\u0117. Nes nuolat atsiranda darbelio, kur\u012f gali padaryti tik D\u017eefersonas Naithaukas, Na\u0161liadirbys. \u0160\u012f kart\u0105 u\u017eduotis itin pavojinga, tod\u0117l sukuriamas patyr\u0119s 38-i\u0173 met\u0173 jo klonas...","breadcrumb":{"@id":"https:\/\/skaitytaknyga.lt\/produktas\/mike-resnick-atgimes-nasliadirbys-sf-287\/#breadcrumb"},"inLanguage":"en-GB","potentialAction":[{"@type":"ReadAction","target":["https:\/\/skaitytaknyga.lt\/produktas\/mike-resnick-atgimes-nasliadirbys-sf-287\/"]}]},{"@type":"ImageObject","inLanguage":"en-GB","@id":"https:\/\/skaitytaknyga.lt\/produktas\/mike-resnick-atgimes-nasliadirbys-sf-287\/#primaryimage","url":"https:\/\/skaitytaknyga.lt\/wp-content\/uploads\/2024\/05\/591-115-4.jpg","contentUrl":"https:\/\/skaitytaknyga.lt\/wp-content\/uploads\/2024\/05\/591-115-4.jpg","width":272,"height":430},{"@type":"BreadcrumbList","@id":"https:\/\/skaitytaknyga.lt\/produktas\/mike-resnick-atgimes-nasliadirbys-sf-287\/#breadcrumb","itemListElement":[{"@type":"ListItem","position":1,"name":"Home","item":"https:\/\/skaitytaknyga.lt\/"},{"@type":"ListItem","position":2,"name":"Parduotuv\u0117","item":"https:\/\/skaitytaknyga.lt\/knygu-parduotuve\/"},{"@type":"ListItem","position":3,"name":"Atgim\u0119s na\u0161liadirbys SF 287"}]},{"@type":"WebSite","@id":"https:\/\/skaitytaknyga.lt\/#website","url":"https:\/\/skaitytaknyga.lt\/","name":"skaitytaknyga.lt","description":"Skaitytaknyga.lt \u2013 tai ma\u017eas \u0161eimos verslas, kuris prasid\u0117jo nuo meil\u0117s knygoms ir siekio i\u0161gelb\u0117ti knygas nuo likimo prie konteinerio. Kas vienam nereikalingas daiktas \u2013 kitam lobis, o mes esame tarpininkai, kurie padeda abiems tapti laimingesniems ???? \u017dinome kaip nelengva i\u0161gyventi ma\u017eiems verslams, tad nuo \u0161iol, \u010dia rasite ir kit\u0173, ma\u017e\u0173 \u0161eim\u0173 versl\u0173, rank\u0173 darbo, dovan\u0173 sau ir artimiesiems.","publisher":{"@id":"https:\/\/skaitytaknyga.lt\/#organization"},"potentialAction":[{"@type":"SearchAction","target":{"@type":"EntryPoint","urlTemplate":"https:\/\/skaitytaknyga.lt\/?s={search_term_string}"},"query-input":{"@type":"PropertyValueSpecification","valueRequired":true,"valueName":"search_term_string"}}],"inLanguage":"en-GB"},{"@type":"Organization","@id":"https:\/\/skaitytaknyga.lt\/#organization","name":"skaitytaknyga.lt","url":"https:\/\/skaitytaknyga.lt\/","logo":{"@type":"ImageObject","inLanguage":"en-GB","@id":"https:\/\/skaitytaknyga.lt\/#\/schema\/logo\/image\/","url":"https:\/\/skaitytaknyga.lt\/wp-content\/uploads\/2024\/05\/cropped-cropped-cropped-02_00843_jt3bggkj1j3HLc7SyY6rEUpg.jpeg","contentUrl":"https:\/\/skaitytaknyga.lt\/wp-content\/uploads\/2024\/05\/cropped-cropped-cropped-02_00843_jt3bggkj1j3HLc7SyY6rEUpg.jpeg","width":1600,"height":1600,"caption":"skaitytaknyga.lt"},"image":{"@id":"https:\/\/skaitytaknyga.lt\/#\/schema\/logo\/image\/"},"sameAs":["https:\/\/www.facebook.com\/skaitytaknyga\/"]}]}},"_links":{"self":[{"href":"https:\/\/skaitytaknyga.lt\/en\/wp-json\/wp\/v2\/product\/6029","targetHints":{"allow":["GET"]}}],"collection":[{"href":"https:\/\/skaitytaknyga.lt\/en\/wp-json\/wp\/v2\/product"}],"about":[{"href":"https:\/\/skaitytaknyga.lt\/en\/wp-json\/wp\/v2\/types\/product"}],"replies":[{"embeddable":true,"href":"https:\/\/skaitytaknyga.lt\/en\/wp-json\/wp\/v2\/comments?post=6029"}],"wp:featuredmedia":[{"embeddable":true,"href":"https:\/\/skaitytaknyga.lt\/en\/wp-json\/wp\/v2\/media\/6044"}],"wp:attachment":[{"href":"https:\/\/skaitytaknyga.lt\/en\/wp-json\/wp\/v2\/media?parent=6029"}],"wp:term":[{"taxonomy":"product_brand","embeddable":true,"href":"https:\/\/skaitytaknyga.lt\/en\/wp-json\/wp\/v2\/product_brand?post=6029"},{"taxonomy":"product_cat","embeddable":true,"href":"https:\/\/skaitytaknyga.lt\/en\/wp-json\/wp\/v2\/product_cat?post=6029"},{"taxonomy":"product_tag","embeddable":true,"href":"https:\/\/skaitytaknyga.lt\/en\/wp-json\/wp\/v2\/product_tag?post=6029"}],"curies":[{"name":"wp","href":"https:\/\/api.w.org\/{rel}","templated":true}]}}