{"id":6006,"date":"2024-05-02T13:03:27","date_gmt":"2024-05-02T13:03:27","guid":{"rendered":"https:\/\/skaitytaknyga.lt\/?post_type=product&#038;p=6006"},"modified":"2024-05-03T07:29:30","modified_gmt":"2024-05-03T07:29:30","slug":"a-konanas-doilis-raudonu-ant-balto","status":"publish","type":"product","link":"https:\/\/skaitytaknyga.lt\/en\/produktas\/a-konanas-doilis-raudonu-ant-balto\/","title":{"rendered":"A. Konanas Doilis \u201eRaudonu ant balto\u201c"},"content":{"rendered":"<p>\u201eA\u0161 numoviau sutuoktuvi\u0173 \u017eied\u0105 nuo velion\u0117s pir\u0161to ir prisiekiau, kad Dreberas prie\u0161 mirdamas j\u012f reg\u0117s prie\u0161 savo akis ir, i\u0161leisdamas paskutin\u0119 dvasi\u0105, bus priverstas galvoti tik apie nusikaltim\u0105, u\u017e kur\u012f susilauk\u0117 atpildo\u201c.<\/p>\n<p>Tai atkaklaus ir u\u017esispyrusio \u017emogaus, nuo\u017emaus ker\u0161ytojo \u017eod\u017eiai. Apysaka \u201eRaudonu ant balto\u201c (ji dar vadinama \u201ePurpurini\u0173 atspalvi\u0173 etiudu\u201c) \u017eymus angl\u0173 ra\u0161ytojas Art\u016bras Konanas Diolis pradeda detektyvini\u0173 k\u016brini\u0173 serij\u0105 apie gars\u0173j\u012f sekl\u012f \u0160erlok\u0105 Holms\u0105 ir jo bi\u010diul\u012f daktar\u0105 Votson\u0105.<\/p>\n","protected":false},"excerpt":{"rendered":"<p>\u201eA\u0161 numoviau sutuoktuvi\u0173 \u017eied\u0105 nuo velion\u0117s pir\u0161to ir prisiekiau, kad Dreberas prie\u0161 mirdamas j\u012f reg\u0117s prie\u0161 savo akis ir, i\u0161leisdamas paskutin\u0119 dvasi\u0105, bus priverstas galvoti tik apie nusikaltim\u0105, u\u017e kur\u012f susilauk\u0117 atpildo\u201c.<\/p>\n<p>Tai atkaklaus ir u\u017esispyrusio \u017emogaus, nuo\u017emaus ker\u0161ytojo \u017eod\u017eiai. Apysaka \u201eRaudonu ant balto\u201c (ji dar vadinama \u201ePurpurini\u0173 atspalvi\u0173 etiudu\u201c) \u017eymus angl\u0173 ra\u0161ytojas Art\u016bras Konanas Diolis pradeda detektyvini\u0173 k\u016brini\u0173 serij\u0105 apie gars\u0173j\u012f sekl\u012f \u0160erlok\u0105 Holms\u0105 ir jo bi\u010diul\u012f daktar\u0105 Votson\u0105.<\/p>\n","protected":false},"featured_media":6018,"comment_status":"closed","ping_status":"closed","template":"","meta":{"_acf_changed":false,"site-sidebar-layout":"default","site-content-layout":"","ast-site-content-layout":"default","site-content-style":"default","site-sidebar-style":"default","ast-global-header-display":"","ast-banner-title-visibility":"","ast-main-header-display":"","ast-hfb-above-header-display":"","ast-hfb-below-header-display":"","ast-hfb-mobile-header-display":"","site-post-title":"","ast-breadcrumbs-content":"","ast-featured-img":"","footer-sml-layout":"","ast-disable-related-posts":"","theme-transparent-header-meta":"","adv-header-id-meta":"","stick-header-meta":"","header-above-stick-meta":"","header-main-stick-meta":"","header-below-stick-meta":"","astra-migrate-meta-layouts":"default","ast-page-background-enabled":"default","ast-page-background-meta":{"desktop":{"background-color":"","background-image":"","background-repeat":"repeat","background-position":"center center","background-size":"auto","background-attachment":"scroll","background-type":"","background-media":"","overlay-type":"","overlay-color":"","overlay-opacity":"","overlay-gradient":""},"tablet":{"background-color":"","background-image":"","background-repeat":"repeat","background-position":"center center","background-size":"auto","background-attachment":"scroll","background-type":"","background-media":"","overlay-type":"","overlay-color":"","overlay-opacity":"","overlay-gradient":""},"mobile":{"background-color":"","background-image":"","background-repeat":"repeat","background-position":"center center","background-size":"auto","background-attachment":"scroll","background-type":"","background-media":"","overlay-type":"","overlay-color":"","overlay-opacity":"","overlay-gradient":""}},"ast-content-background-meta":{"desktop":{"background-color":"var(--ast-global-color-4)","background-image":"","background-repeat":"repeat","background-position":"center center","background-size":"auto","background-attachment":"scroll","background-type":"","background-media":"","overlay-type":"","overlay-color":"","overlay-opacity":"","overlay-gradient":""},"tablet":{"background-color":"var(--ast-global-color-4)","background-image":"","background-repeat":"repeat","background-position":"center center","background-size":"auto","background-attachment":"scroll","background-type":"","background-media":"","overlay-type":"","overlay-color":"","overlay-opacity":"","overlay-gradient":""},"mobile":{"background-color":"var(--ast-global-color-4)","background-image":"","background-repeat":"repeat","background-position":"center center","background-size":"auto","background-attachment":"scroll","background-type":"","background-media":"","overlay-type":"","overlay-color":"","overlay-opacity":"","overlay-gradient":""}}},"product_brand":[],"product_cat":[28,331,35],"product_tag":[],"class_list":{"0":"post-6006","1":"product","2":"type-product","3":"status-publish","4":"has-post-thumbnail","6":"product_cat-klasika","7":"product_cat-programine-literatura","8":"product_cat-vaikams-ir-paaugliams","9":"desktop-align-left","10":"tablet-align-left","11":"mobile-align-left","13":"first","14":"instock","15":"shipping-taxable","16":"purchasable","17":"product-type-simple"},"acf":[],"yoast_head":"<!-- This site is optimized with the Yoast SEO plugin v27.0 - https:\/\/yoast.com\/product\/yoast-seo-wordpress\/ -->\n<title>A. Konanas Doilis \u201eRaudonu ant balto\u201c - Skaitytaknyga<\/title>\n<meta name=\"description\" content=\"\u201eA\u0161 numoviau sutuoktuvi\u0173 \u017eied\u0105 nuo velion\u0117s pir\u0161to ir prisiekiau, kad Dreberas prie\u0161 mirdamas j\u012f reg\u0117s prie\u0161 savo akis ir, i\u0161leisdamas paskutin\u0119 dvasi\u0105, bus priverstas galvoti tik apie nusikaltim\u0105, u\u017e kur\u012f susilauk\u0117 atpildo\u201c.  Tai atkaklaus ir u\u017esispyrusio \u017emogaus, nuo\u017emaus ker\u0161ytojo \u017eod\u017eiai. Apysaka \u201eRaudonu ant balto\u201c (ji dar vadinama \u201ePurpurini\u0173 atspalvi\u0173 etiudu\u201c) \u017eymus angl\u0173 ra\u0161ytojas Art\u016bras Konanas Diolis pradeda detektyvini\u0173 k\u016brini\u0173 serij\u0105 apie gars\u0173j\u012f sekl\u012f \u0160erlok\u0105 Holms\u0105 ir jo bi\u010diul\u012f daktar\u0105 Votson\u0105.\" \/>\n<meta name=\"robots\" content=\"index, follow, max-snippet:-1, max-image-preview:large, max-video-preview:-1\" \/>\n<link rel=\"canonical\" href=\"https:\/\/skaitytaknyga.lt\/en\/produktas\/a-konanas-doilis-raudonu-ant-balto\/\" \/>\n<meta property=\"og:locale\" content=\"en_GB\" \/>\n<meta property=\"og:locale:alternate\" content=\"lt_LT\" \/>\n<meta property=\"og:type\" content=\"article\" \/>\n<meta property=\"og:title\" content=\"A. Konanas Doilis \u201eRaudonu ant balto\u201c - Skaitytaknyga\" \/>\n<meta property=\"og:description\" content=\"\u201eA\u0161 numoviau sutuoktuvi\u0173 \u017eied\u0105 nuo velion\u0117s pir\u0161to ir prisiekiau, kad Dreberas prie\u0161 mirdamas j\u012f reg\u0117s prie\u0161 savo akis ir, i\u0161leisdamas paskutin\u0119 dvasi\u0105, bus priverstas galvoti tik apie nusikaltim\u0105, u\u017e kur\u012f susilauk\u0117 atpildo\u201c.  Tai atkaklaus ir u\u017esispyrusio \u017emogaus, nuo\u017emaus ker\u0161ytojo \u017eod\u017eiai. Apysaka \u201eRaudonu ant balto\u201c (ji dar vadinama \u201ePurpurini\u0173 atspalvi\u0173 etiudu\u201c) \u017eymus angl\u0173 ra\u0161ytojas Art\u016bras Konanas Diolis pradeda detektyvini\u0173 k\u016brini\u0173 serij\u0105 apie gars\u0173j\u012f sekl\u012f \u0160erlok\u0105 Holms\u0105 ir jo bi\u010diul\u012f daktar\u0105 Votson\u0105.\" \/>\n<meta property=\"og:url\" content=\"https:\/\/skaitytaknyga.lt\/en\/produktas\/a-konanas-doilis-raudonu-ant-balto\/\" \/>\n<meta property=\"og:site_name\" content=\"Skaitytaknyga\" \/>\n<meta property=\"article:publisher\" content=\"https:\/\/www.facebook.com\/skaitytaknyga\/\" \/>\n<meta property=\"article:modified_time\" content=\"2024-05-03T07:29:30+00:00\" \/>\n<meta property=\"og:image\" content=\"https:\/\/skaitytaknyga.lt\/wp-content\/uploads\/2024\/05\/1462883451_img0006-001.jpg\" \/>\n\t<meta property=\"og:image:width\" content=\"283\" \/>\n\t<meta property=\"og:image:height\" content=\"430\" \/>\n\t<meta property=\"og:image:type\" content=\"image\/jpeg\" \/>\n<meta name=\"twitter:card\" content=\"summary_large_image\" \/>\n<meta name=\"twitter:label1\" content=\"Estimated reading time\" \/>\n\t<meta name=\"twitter:data1\" content=\"1 minute\" \/>\n<script type=\"application\/ld+json\" class=\"yoast-schema-graph\">{\"@context\":\"https:\/\/schema.org\",\"@graph\":[{\"@type\":\"WebPage\",\"@id\":\"https:\/\/skaitytaknyga.lt\/produktas\/a-konanas-doilis-raudonu-ant-balto\/\",\"url\":\"https:\/\/skaitytaknyga.lt\/produktas\/a-konanas-doilis-raudonu-ant-balto\/\",\"name\":\"A. Konanas Doilis \u201eRaudonu ant balto\u201c - Skaitytaknyga\",\"isPartOf\":{\"@id\":\"https:\/\/skaitytaknyga.lt\/#website\"},\"primaryImageOfPage\":{\"@id\":\"https:\/\/skaitytaknyga.lt\/produktas\/a-konanas-doilis-raudonu-ant-balto\/#primaryimage\"},\"image\":{\"@id\":\"https:\/\/skaitytaknyga.lt\/produktas\/a-konanas-doilis-raudonu-ant-balto\/#primaryimage\"},\"thumbnailUrl\":\"https:\/\/skaitytaknyga.lt\/wp-content\/uploads\/2024\/05\/1462883451_img0006-001.jpg\",\"datePublished\":\"2024-05-02T13:03:27+00:00\",\"dateModified\":\"2024-05-03T07:29:30+00:00\",\"description\":\"\u201eA\u0161 numoviau sutuoktuvi\u0173 \u017eied\u0105 nuo velion\u0117s pir\u0161to ir prisiekiau, kad Dreberas prie\u0161 mirdamas j\u012f reg\u0117s prie\u0161 savo akis ir, i\u0161leisdamas paskutin\u0119 dvasi\u0105, bus priverstas galvoti tik apie nusikaltim\u0105, u\u017e kur\u012f susilauk\u0117 atpildo\u201c. Tai atkaklaus ir u\u017esispyrusio \u017emogaus, nuo\u017emaus ker\u0161ytojo \u017eod\u017eiai. Apysaka \u201eRaudonu ant balto\u201c (ji dar vadinama \u201ePurpurini\u0173 atspalvi\u0173 etiudu\u201c) \u017eymus angl\u0173 ra\u0161ytojas Art\u016bras Konanas Diolis pradeda detektyvini\u0173 k\u016brini\u0173 serij\u0105 apie gars\u0173j\u012f sekl\u012f \u0160erlok\u0105 Holms\u0105 ir jo bi\u010diul\u012f daktar\u0105 Votson\u0105.\",\"breadcrumb\":{\"@id\":\"https:\/\/skaitytaknyga.lt\/produktas\/a-konanas-doilis-raudonu-ant-balto\/#breadcrumb\"},\"inLanguage\":\"en-GB\",\"potentialAction\":[{\"@type\":\"ReadAction\",\"target\":[\"https:\/\/skaitytaknyga.lt\/produktas\/a-konanas-doilis-raudonu-ant-balto\/\"]}]},{\"@type\":\"ImageObject\",\"inLanguage\":\"en-GB\",\"@id\":\"https:\/\/skaitytaknyga.lt\/produktas\/a-konanas-doilis-raudonu-ant-balto\/#primaryimage\",\"url\":\"https:\/\/skaitytaknyga.lt\/wp-content\/uploads\/2024\/05\/1462883451_img0006-001.jpg\",\"contentUrl\":\"https:\/\/skaitytaknyga.lt\/wp-content\/uploads\/2024\/05\/1462883451_img0006-001.jpg\",\"width\":283,\"height\":430},{\"@type\":\"BreadcrumbList\",\"@id\":\"https:\/\/skaitytaknyga.lt\/produktas\/a-konanas-doilis-raudonu-ant-balto\/#breadcrumb\",\"itemListElement\":[{\"@type\":\"ListItem\",\"position\":1,\"name\":\"Home\",\"item\":\"https:\/\/skaitytaknyga.lt\/\"},{\"@type\":\"ListItem\",\"position\":2,\"name\":\"Parduotuv\u0117\",\"item\":\"https:\/\/skaitytaknyga.lt\/knygu-parduotuve\/\"},{\"@type\":\"ListItem\",\"position\":3,\"name\":\"A. Konanas Doilis \u201eRaudonu ant balto\u201c\"}]},{\"@type\":\"WebSite\",\"@id\":\"https:\/\/skaitytaknyga.lt\/#website\",\"url\":\"https:\/\/skaitytaknyga.lt\/\",\"name\":\"skaitytaknyga.lt\",\"description\":\"Skaitytaknyga.lt \u2013 tai ma\u017eas \u0161eimos verslas, kuris prasid\u0117jo nuo meil\u0117s knygoms ir siekio i\u0161gelb\u0117ti knygas nuo likimo prie konteinerio. Kas vienam nereikalingas daiktas \u2013 kitam lobis, o mes esame tarpininkai, kurie padeda abiems tapti laimingesniems ???? \u017dinome kaip nelengva i\u0161gyventi ma\u017eiems verslams, tad nuo \u0161iol, \u010dia rasite ir kit\u0173, ma\u017e\u0173 \u0161eim\u0173 versl\u0173, rank\u0173 darbo, dovan\u0173 sau ir artimiesiems.\",\"publisher\":{\"@id\":\"https:\/\/skaitytaknyga.lt\/#organization\"},\"potentialAction\":[{\"@type\":\"SearchAction\",\"target\":{\"@type\":\"EntryPoint\",\"urlTemplate\":\"https:\/\/skaitytaknyga.lt\/?s={search_term_string}\"},\"query-input\":{\"@type\":\"PropertyValueSpecification\",\"valueRequired\":true,\"valueName\":\"search_term_string\"}}],\"inLanguage\":\"en-GB\"},{\"@type\":\"Organization\",\"@id\":\"https:\/\/skaitytaknyga.lt\/#organization\",\"name\":\"skaitytaknyga.lt\",\"url\":\"https:\/\/skaitytaknyga.lt\/\",\"logo\":{\"@type\":\"ImageObject\",\"inLanguage\":\"en-GB\",\"@id\":\"https:\/\/skaitytaknyga.lt\/#\/schema\/logo\/image\/\",\"url\":\"https:\/\/skaitytaknyga.lt\/wp-content\/uploads\/2024\/05\/cropped-cropped-cropped-02_00843_jt3bggkj1j3HLc7SyY6rEUpg.jpeg\",\"contentUrl\":\"https:\/\/skaitytaknyga.lt\/wp-content\/uploads\/2024\/05\/cropped-cropped-cropped-02_00843_jt3bggkj1j3HLc7SyY6rEUpg.jpeg\",\"width\":1600,\"height\":1600,\"caption\":\"skaitytaknyga.lt\"},\"image\":{\"@id\":\"https:\/\/skaitytaknyga.lt\/#\/schema\/logo\/image\/\"},\"sameAs\":[\"https:\/\/www.facebook.com\/skaitytaknyga\/\"]}]}<\/script>\n<!-- \/ Yoast SEO plugin. -->","yoast_head_json":{"title":"A. Konanas Doilis \u201eRaudonu ant balto\u201c - Skaitytaknyga","description":"\u201eA\u0161 numoviau sutuoktuvi\u0173 \u017eied\u0105 nuo velion\u0117s pir\u0161to ir prisiekiau, kad Dreberas prie\u0161 mirdamas j\u012f reg\u0117s prie\u0161 savo akis ir, i\u0161leisdamas paskutin\u0119 dvasi\u0105, bus priverstas galvoti tik apie nusikaltim\u0105, u\u017e kur\u012f susilauk\u0117 atpildo\u201c.  Tai atkaklaus ir u\u017esispyrusio \u017emogaus, nuo\u017emaus ker\u0161ytojo \u017eod\u017eiai. Apysaka \u201eRaudonu ant balto\u201c (ji dar vadinama \u201ePurpurini\u0173 atspalvi\u0173 etiudu\u201c) \u017eymus angl\u0173 ra\u0161ytojas Art\u016bras Konanas Diolis pradeda detektyvini\u0173 k\u016brini\u0173 serij\u0105 apie gars\u0173j\u012f sekl\u012f \u0160erlok\u0105 Holms\u0105 ir jo bi\u010diul\u012f daktar\u0105 Votson\u0105.","robots":{"index":"index","follow":"follow","max-snippet":"max-snippet:-1","max-image-preview":"max-image-preview:large","max-video-preview":"max-video-preview:-1"},"canonical":"https:\/\/skaitytaknyga.lt\/en\/produktas\/a-konanas-doilis-raudonu-ant-balto\/","og_locale":"en_GB","og_type":"article","og_title":"A. Konanas Doilis \u201eRaudonu ant balto\u201c - Skaitytaknyga","og_description":"\u201eA\u0161 numoviau sutuoktuvi\u0173 \u017eied\u0105 nuo velion\u0117s pir\u0161to ir prisiekiau, kad Dreberas prie\u0161 mirdamas j\u012f reg\u0117s prie\u0161 savo akis ir, i\u0161leisdamas paskutin\u0119 dvasi\u0105, bus priverstas galvoti tik apie nusikaltim\u0105, u\u017e kur\u012f susilauk\u0117 atpildo\u201c.  Tai atkaklaus ir u\u017esispyrusio \u017emogaus, nuo\u017emaus ker\u0161ytojo \u017eod\u017eiai. Apysaka \u201eRaudonu ant balto\u201c (ji dar vadinama \u201ePurpurini\u0173 atspalvi\u0173 etiudu\u201c) \u017eymus angl\u0173 ra\u0161ytojas Art\u016bras Konanas Diolis pradeda detektyvini\u0173 k\u016brini\u0173 serij\u0105 apie gars\u0173j\u012f sekl\u012f \u0160erlok\u0105 Holms\u0105 ir jo bi\u010diul\u012f daktar\u0105 Votson\u0105.","og_url":"https:\/\/skaitytaknyga.lt\/en\/produktas\/a-konanas-doilis-raudonu-ant-balto\/","og_site_name":"Skaitytaknyga","article_publisher":"https:\/\/www.facebook.com\/skaitytaknyga\/","article_modified_time":"2024-05-03T07:29:30+00:00","og_image":[{"width":283,"height":430,"url":"https:\/\/skaitytaknyga.lt\/wp-content\/uploads\/2024\/05\/1462883451_img0006-001.jpg","type":"image\/jpeg"}],"twitter_card":"summary_large_image","twitter_misc":{"Estimated reading time":"1 minute"},"schema":{"@context":"https:\/\/schema.org","@graph":[{"@type":"WebPage","@id":"https:\/\/skaitytaknyga.lt\/produktas\/a-konanas-doilis-raudonu-ant-balto\/","url":"https:\/\/skaitytaknyga.lt\/produktas\/a-konanas-doilis-raudonu-ant-balto\/","name":"A. Konanas Doilis \u201eRaudonu ant balto\u201c - Skaitytaknyga","isPartOf":{"@id":"https:\/\/skaitytaknyga.lt\/#website"},"primaryImageOfPage":{"@id":"https:\/\/skaitytaknyga.lt\/produktas\/a-konanas-doilis-raudonu-ant-balto\/#primaryimage"},"image":{"@id":"https:\/\/skaitytaknyga.lt\/produktas\/a-konanas-doilis-raudonu-ant-balto\/#primaryimage"},"thumbnailUrl":"https:\/\/skaitytaknyga.lt\/wp-content\/uploads\/2024\/05\/1462883451_img0006-001.jpg","datePublished":"2024-05-02T13:03:27+00:00","dateModified":"2024-05-03T07:29:30+00:00","description":"\u201eA\u0161 numoviau sutuoktuvi\u0173 \u017eied\u0105 nuo velion\u0117s pir\u0161to ir prisiekiau, kad Dreberas prie\u0161 mirdamas j\u012f reg\u0117s prie\u0161 savo akis ir, i\u0161leisdamas paskutin\u0119 dvasi\u0105, bus priverstas galvoti tik apie nusikaltim\u0105, u\u017e kur\u012f susilauk\u0117 atpildo\u201c. Tai atkaklaus ir u\u017esispyrusio \u017emogaus, nuo\u017emaus ker\u0161ytojo \u017eod\u017eiai. Apysaka \u201eRaudonu ant balto\u201c (ji dar vadinama \u201ePurpurini\u0173 atspalvi\u0173 etiudu\u201c) \u017eymus angl\u0173 ra\u0161ytojas Art\u016bras Konanas Diolis pradeda detektyvini\u0173 k\u016brini\u0173 serij\u0105 apie gars\u0173j\u012f sekl\u012f \u0160erlok\u0105 Holms\u0105 ir jo bi\u010diul\u012f daktar\u0105 Votson\u0105.","breadcrumb":{"@id":"https:\/\/skaitytaknyga.lt\/produktas\/a-konanas-doilis-raudonu-ant-balto\/#breadcrumb"},"inLanguage":"en-GB","potentialAction":[{"@type":"ReadAction","target":["https:\/\/skaitytaknyga.lt\/produktas\/a-konanas-doilis-raudonu-ant-balto\/"]}]},{"@type":"ImageObject","inLanguage":"en-GB","@id":"https:\/\/skaitytaknyga.lt\/produktas\/a-konanas-doilis-raudonu-ant-balto\/#primaryimage","url":"https:\/\/skaitytaknyga.lt\/wp-content\/uploads\/2024\/05\/1462883451_img0006-001.jpg","contentUrl":"https:\/\/skaitytaknyga.lt\/wp-content\/uploads\/2024\/05\/1462883451_img0006-001.jpg","width":283,"height":430},{"@type":"BreadcrumbList","@id":"https:\/\/skaitytaknyga.lt\/produktas\/a-konanas-doilis-raudonu-ant-balto\/#breadcrumb","itemListElement":[{"@type":"ListItem","position":1,"name":"Home","item":"https:\/\/skaitytaknyga.lt\/"},{"@type":"ListItem","position":2,"name":"Parduotuv\u0117","item":"https:\/\/skaitytaknyga.lt\/knygu-parduotuve\/"},{"@type":"ListItem","position":3,"name":"A. Konanas Doilis \u201eRaudonu ant balto\u201c"}]},{"@type":"WebSite","@id":"https:\/\/skaitytaknyga.lt\/#website","url":"https:\/\/skaitytaknyga.lt\/","name":"skaitytaknyga.lt","description":"Skaitytaknyga.lt \u2013 tai ma\u017eas \u0161eimos verslas, kuris prasid\u0117jo nuo meil\u0117s knygoms ir siekio i\u0161gelb\u0117ti knygas nuo likimo prie konteinerio. Kas vienam nereikalingas daiktas \u2013 kitam lobis, o mes esame tarpininkai, kurie padeda abiems tapti laimingesniems ???? \u017dinome kaip nelengva i\u0161gyventi ma\u017eiems verslams, tad nuo \u0161iol, \u010dia rasite ir kit\u0173, ma\u017e\u0173 \u0161eim\u0173 versl\u0173, rank\u0173 darbo, dovan\u0173 sau ir artimiesiems.","publisher":{"@id":"https:\/\/skaitytaknyga.lt\/#organization"},"potentialAction":[{"@type":"SearchAction","target":{"@type":"EntryPoint","urlTemplate":"https:\/\/skaitytaknyga.lt\/?s={search_term_string}"},"query-input":{"@type":"PropertyValueSpecification","valueRequired":true,"valueName":"search_term_string"}}],"inLanguage":"en-GB"},{"@type":"Organization","@id":"https:\/\/skaitytaknyga.lt\/#organization","name":"skaitytaknyga.lt","url":"https:\/\/skaitytaknyga.lt\/","logo":{"@type":"ImageObject","inLanguage":"en-GB","@id":"https:\/\/skaitytaknyga.lt\/#\/schema\/logo\/image\/","url":"https:\/\/skaitytaknyga.lt\/wp-content\/uploads\/2024\/05\/cropped-cropped-cropped-02_00843_jt3bggkj1j3HLc7SyY6rEUpg.jpeg","contentUrl":"https:\/\/skaitytaknyga.lt\/wp-content\/uploads\/2024\/05\/cropped-cropped-cropped-02_00843_jt3bggkj1j3HLc7SyY6rEUpg.jpeg","width":1600,"height":1600,"caption":"skaitytaknyga.lt"},"image":{"@id":"https:\/\/skaitytaknyga.lt\/#\/schema\/logo\/image\/"},"sameAs":["https:\/\/www.facebook.com\/skaitytaknyga\/"]}]}},"_links":{"self":[{"href":"https:\/\/skaitytaknyga.lt\/en\/wp-json\/wp\/v2\/product\/6006","targetHints":{"allow":["GET"]}}],"collection":[{"href":"https:\/\/skaitytaknyga.lt\/en\/wp-json\/wp\/v2\/product"}],"about":[{"href":"https:\/\/skaitytaknyga.lt\/en\/wp-json\/wp\/v2\/types\/product"}],"replies":[{"embeddable":true,"href":"https:\/\/skaitytaknyga.lt\/en\/wp-json\/wp\/v2\/comments?post=6006"}],"wp:featuredmedia":[{"embeddable":true,"href":"https:\/\/skaitytaknyga.lt\/en\/wp-json\/wp\/v2\/media\/6018"}],"wp:attachment":[{"href":"https:\/\/skaitytaknyga.lt\/en\/wp-json\/wp\/v2\/media?parent=6006"}],"wp:term":[{"taxonomy":"product_brand","embeddable":true,"href":"https:\/\/skaitytaknyga.lt\/en\/wp-json\/wp\/v2\/product_brand?post=6006"},{"taxonomy":"product_cat","embeddable":true,"href":"https:\/\/skaitytaknyga.lt\/en\/wp-json\/wp\/v2\/product_cat?post=6006"},{"taxonomy":"product_tag","embeddable":true,"href":"https:\/\/skaitytaknyga.lt\/en\/wp-json\/wp\/v2\/product_tag?post=6006"}],"curies":[{"name":"wp","href":"https:\/\/api.w.org\/{rel}","templated":true}]}}