{"id":5993,"date":"2024-05-02T13:03:05","date_gmt":"2024-05-02T13:03:05","guid":{"rendered":"https:\/\/skaitytaknyga.lt\/?post_type=product&#038;p=5993"},"modified":"2026-03-05T15:58:09","modified_gmt":"2026-03-05T13:58:09","slug":"koji-suzuki-tamsus-vanduo","status":"publish","type":"product","link":"https:\/\/skaitytaknyga.lt\/en\/produktas\/koji-suzuki-tamsus-vanduo\/","title":{"rendered":"Tamsus vanduo"},"content":{"rendered":"<div id=\"showMorefa61e21a-b82b-4cb5-8e64-a0365ba8bb77\">\u201eTamsus vanduo &#8221; &#8211; tai knyga apie \u017emogaus protui da\u017eniausiai nesuvokiamus, bet j\u012f u\u017evaldan\u010dius dalykus: baimes, nuojautas, mistin\u012f siaub\u0105. Kojis Suzukis dovanoja 7 naujas istorijas, kurias sieja ta pati tema &#8211; vanduo.<\/p>\n<p>Visos Suzukio istorijos pasi\u017eymi unikaliomis, bema\u017e alchemin\u0117mis savyb\u0117mis, o pats ra\u0161ytojas turi Dievo dovan\u0105 paprastus ir kasdieninius dalykus (bei daiktus) paversti itin g\u0105sdinan\u010diais.<\/p><\/div>\n","protected":false},"excerpt":{"rendered":"<div id=\"showMorefa61e21a-b82b-4cb5-8e64-a0365ba8bb77\">\u201eTamsus vanduo &#8221; &#8211; tai knyga apie \u017emogaus protui da\u017eniausiai nesuvokiamus, bet j\u012f u\u017evaldan\u010dius dalykus: baimes, nuojautas, mistin\u012f siaub\u0105. Kojis Suzukis dovanoja 7 naujas istorijas, kurias sieja ta pati tema &#8211; vanduo.<\/p>\n<p>Visos Suzukio istorijos pasi\u017eymi unikaliomis, bema\u017e alchemin\u0117mis savyb\u0117mis, o pats ra\u0161ytojas turi Dievo dovan\u0105 paprastus ir kasdieninius dalykus (bei daiktus) paversti itin g\u0105sdinan\u010diais.<\/p><\/div>\n","protected":false},"featured_media":6014,"comment_status":"closed","ping_status":"closed","template":"","meta":{"_acf_changed":false,"site-sidebar-layout":"default","site-content-layout":"","ast-site-content-layout":"default","site-content-style":"default","site-sidebar-style":"default","ast-global-header-display":"","ast-banner-title-visibility":"","ast-main-header-display":"","ast-hfb-above-header-display":"","ast-hfb-below-header-display":"","ast-hfb-mobile-header-display":"","site-post-title":"","ast-breadcrumbs-content":"","ast-featured-img":"","footer-sml-layout":"","ast-disable-related-posts":"","theme-transparent-header-meta":"","adv-header-id-meta":"","stick-header-meta":"","header-above-stick-meta":"","header-main-stick-meta":"","header-below-stick-meta":"","astra-migrate-meta-layouts":"default","ast-page-background-enabled":"default","ast-page-background-meta":{"desktop":{"background-color":"","background-image":"","background-repeat":"repeat","background-position":"center center","background-size":"auto","background-attachment":"scroll","background-type":"","background-media":"","overlay-type":"","overlay-color":"","overlay-opacity":"","overlay-gradient":""},"tablet":{"background-color":"","background-image":"","background-repeat":"repeat","background-position":"center center","background-size":"auto","background-attachment":"scroll","background-type":"","background-media":"","overlay-type":"","overlay-color":"","overlay-opacity":"","overlay-gradient":""},"mobile":{"background-color":"","background-image":"","background-repeat":"repeat","background-position":"center center","background-size":"auto","background-attachment":"scroll","background-type":"","background-media":"","overlay-type":"","overlay-color":"","overlay-opacity":"","overlay-gradient":""}},"ast-content-background-meta":{"desktop":{"background-color":"var(--ast-global-color-4)","background-image":"","background-repeat":"repeat","background-position":"center center","background-size":"auto","background-attachment":"scroll","background-type":"","background-media":"","overlay-type":"","overlay-color":"","overlay-opacity":"","overlay-gradient":""},"tablet":{"background-color":"var(--ast-global-color-4)","background-image":"","background-repeat":"repeat","background-position":"center center","background-size":"auto","background-attachment":"scroll","background-type":"","background-media":"","overlay-type":"","overlay-color":"","overlay-opacity":"","overlay-gradient":""},"mobile":{"background-color":"var(--ast-global-color-4)","background-image":"","background-repeat":"repeat","background-position":"center center","background-size":"auto","background-attachment":"scroll","background-type":"","background-media":"","overlay-type":"","overlay-color":"","overlay-opacity":"","overlay-gradient":""}}},"product_brand":[],"product_cat":[9580],"product_tag":[],"class_list":{"0":"post-5993","1":"product","2":"type-product","3":"status-publish","4":"has-post-thumbnail","6":"product_cat-psichologiniai-detektyvai","7":"desktop-align-left","8":"tablet-align-left","9":"mobile-align-left","11":"first","12":"outofstock","13":"shipping-taxable","14":"purchasable","15":"product-type-simple"},"acf":[],"yoast_head":"<!-- This site is optimized with the Yoast SEO plugin v27.0 - https:\/\/yoast.com\/product\/yoast-seo-wordpress\/ -->\n<title>Tamsus vanduo<\/title>\n<meta name=\"description\" content=\"\u201eTamsus vanduo &quot; - tai knyga apie \u017emogaus protui da\u017eniausiai nesuvokiamus, bet j\u012f u\u017evaldan\u010dius dalykus: baimes, nuojautas, mistin\u012f siaub\u0105. Kojis Suzukis dovanoja 7 naujas istorijas, kurias sieja ta pati tema - vanduo.  Visos Suzukio istorijos pasi\u017eymi unikaliomis, bema\u017e alchemin\u0117mis savyb\u0117mis, o pats ra\u0161ytojas turi Dievo dovan\u0105 paprastus ir kasdieninius dalykus (bei daiktus) paversti itin g\u0105sdinan\u010diais.\" \/>\n<meta name=\"robots\" content=\"index, follow, max-snippet:-1, max-image-preview:large, max-video-preview:-1\" \/>\n<link rel=\"canonical\" href=\"https:\/\/skaitytaknyga.lt\/en\/produktas\/koji-suzuki-tamsus-vanduo\/\" \/>\n<meta property=\"og:locale\" content=\"en_GB\" \/>\n<meta property=\"og:locale:alternate\" content=\"lt_LT\" \/>\n<meta property=\"og:type\" content=\"article\" \/>\n<meta property=\"og:title\" content=\"Tamsus vanduo\" \/>\n<meta property=\"og:description\" content=\"\u201eTamsus vanduo &quot; - tai knyga apie \u017emogaus protui da\u017eniausiai nesuvokiamus, bet j\u012f u\u017evaldan\u010dius dalykus: baimes, nuojautas, mistin\u012f siaub\u0105. Kojis Suzukis dovanoja 7 naujas istorijas, kurias sieja ta pati tema - vanduo.  Visos Suzukio istorijos pasi\u017eymi unikaliomis, bema\u017e alchemin\u0117mis savyb\u0117mis, o pats ra\u0161ytojas turi Dievo dovan\u0105 paprastus ir kasdieninius dalykus (bei daiktus) paversti itin g\u0105sdinan\u010diais.\" \/>\n<meta property=\"og:url\" content=\"https:\/\/skaitytaknyga.lt\/en\/produktas\/koji-suzuki-tamsus-vanduo\/\" \/>\n<meta property=\"og:site_name\" content=\"Skaitytaknyga\" \/>\n<meta property=\"article:publisher\" content=\"https:\/\/www.facebook.com\/skaitytaknyga\/\" \/>\n<meta property=\"article:modified_time\" content=\"2026-03-05T13:58:09+00:00\" \/>\n<meta property=\"og:image\" content=\"https:\/\/skaitytaknyga.lt\/wp-content\/uploads\/2024\/05\/1462872886_tamsus-vanduo.jpg\" \/>\n\t<meta property=\"og:image:width\" content=\"285\" \/>\n\t<meta property=\"og:image:height\" content=\"430\" \/>\n\t<meta property=\"og:image:type\" content=\"image\/jpeg\" \/>\n<meta name=\"twitter:card\" content=\"summary_large_image\" \/>\n<meta name=\"twitter:label1\" content=\"Estimated reading time\" \/>\n\t<meta name=\"twitter:data1\" content=\"1 minute\" \/>\n<script type=\"application\/ld+json\" class=\"yoast-schema-graph\">{\"@context\":\"https:\/\/schema.org\",\"@graph\":[{\"@type\":\"WebPage\",\"@id\":\"https:\/\/skaitytaknyga.lt\/produktas\/koji-suzuki-tamsus-vanduo\/\",\"url\":\"https:\/\/skaitytaknyga.lt\/produktas\/koji-suzuki-tamsus-vanduo\/\",\"name\":\"Tamsus vanduo\",\"isPartOf\":{\"@id\":\"https:\/\/skaitytaknyga.lt\/#website\"},\"primaryImageOfPage\":{\"@id\":\"https:\/\/skaitytaknyga.lt\/produktas\/koji-suzuki-tamsus-vanduo\/#primaryimage\"},\"image\":{\"@id\":\"https:\/\/skaitytaknyga.lt\/produktas\/koji-suzuki-tamsus-vanduo\/#primaryimage\"},\"thumbnailUrl\":\"https:\/\/skaitytaknyga.lt\/wp-content\/uploads\/2024\/05\/1462872886_tamsus-vanduo.jpg\",\"datePublished\":\"2024-05-02T13:03:05+00:00\",\"dateModified\":\"2026-03-05T13:58:09+00:00\",\"description\":\"\u201eTamsus vanduo \\\" - tai knyga apie \u017emogaus protui da\u017eniausiai nesuvokiamus, bet j\u012f u\u017evaldan\u010dius dalykus: baimes, nuojautas, mistin\u012f siaub\u0105. Kojis Suzukis dovanoja 7 naujas istorijas, kurias sieja ta pati tema - vanduo. Visos Suzukio istorijos pasi\u017eymi unikaliomis, bema\u017e alchemin\u0117mis savyb\u0117mis, o pats ra\u0161ytojas turi Dievo dovan\u0105 paprastus ir kasdieninius dalykus (bei daiktus) paversti itin g\u0105sdinan\u010diais.\",\"breadcrumb\":{\"@id\":\"https:\/\/skaitytaknyga.lt\/produktas\/koji-suzuki-tamsus-vanduo\/#breadcrumb\"},\"inLanguage\":\"en-GB\",\"potentialAction\":[{\"@type\":\"ReadAction\",\"target\":[\"https:\/\/skaitytaknyga.lt\/produktas\/koji-suzuki-tamsus-vanduo\/\"]}]},{\"@type\":\"ImageObject\",\"inLanguage\":\"en-GB\",\"@id\":\"https:\/\/skaitytaknyga.lt\/produktas\/koji-suzuki-tamsus-vanduo\/#primaryimage\",\"url\":\"https:\/\/skaitytaknyga.lt\/wp-content\/uploads\/2024\/05\/1462872886_tamsus-vanduo.jpg\",\"contentUrl\":\"https:\/\/skaitytaknyga.lt\/wp-content\/uploads\/2024\/05\/1462872886_tamsus-vanduo.jpg\",\"width\":285,\"height\":430},{\"@type\":\"BreadcrumbList\",\"@id\":\"https:\/\/skaitytaknyga.lt\/produktas\/koji-suzuki-tamsus-vanduo\/#breadcrumb\",\"itemListElement\":[{\"@type\":\"ListItem\",\"position\":1,\"name\":\"Home\",\"item\":\"https:\/\/skaitytaknyga.lt\/\"},{\"@type\":\"ListItem\",\"position\":2,\"name\":\"Parduotuv\u0117\",\"item\":\"https:\/\/skaitytaknyga.lt\/knygu-parduotuve\/\"},{\"@type\":\"ListItem\",\"position\":3,\"name\":\"Tamsus vanduo\"}]},{\"@type\":\"WebSite\",\"@id\":\"https:\/\/skaitytaknyga.lt\/#website\",\"url\":\"https:\/\/skaitytaknyga.lt\/\",\"name\":\"skaitytaknyga.lt\",\"description\":\"Skaitytaknyga.lt \u2013 tai ma\u017eas \u0161eimos verslas, kuris prasid\u0117jo nuo meil\u0117s knygoms ir siekio i\u0161gelb\u0117ti knygas nuo likimo prie konteinerio. Kas vienam nereikalingas daiktas \u2013 kitam lobis, o mes esame tarpininkai, kurie padeda abiems tapti laimingesniems ???? \u017dinome kaip nelengva i\u0161gyventi ma\u017eiems verslams, tad nuo \u0161iol, \u010dia rasite ir kit\u0173, ma\u017e\u0173 \u0161eim\u0173 versl\u0173, rank\u0173 darbo, dovan\u0173 sau ir artimiesiems.\",\"publisher\":{\"@id\":\"https:\/\/skaitytaknyga.lt\/#organization\"},\"potentialAction\":[{\"@type\":\"SearchAction\",\"target\":{\"@type\":\"EntryPoint\",\"urlTemplate\":\"https:\/\/skaitytaknyga.lt\/?s={search_term_string}\"},\"query-input\":{\"@type\":\"PropertyValueSpecification\",\"valueRequired\":true,\"valueName\":\"search_term_string\"}}],\"inLanguage\":\"en-GB\"},{\"@type\":\"Organization\",\"@id\":\"https:\/\/skaitytaknyga.lt\/#organization\",\"name\":\"skaitytaknyga.lt\",\"url\":\"https:\/\/skaitytaknyga.lt\/\",\"logo\":{\"@type\":\"ImageObject\",\"inLanguage\":\"en-GB\",\"@id\":\"https:\/\/skaitytaknyga.lt\/#\/schema\/logo\/image\/\",\"url\":\"https:\/\/skaitytaknyga.lt\/wp-content\/uploads\/2024\/05\/cropped-cropped-cropped-02_00843_jt3bggkj1j3HLc7SyY6rEUpg.jpeg\",\"contentUrl\":\"https:\/\/skaitytaknyga.lt\/wp-content\/uploads\/2024\/05\/cropped-cropped-cropped-02_00843_jt3bggkj1j3HLc7SyY6rEUpg.jpeg\",\"width\":1600,\"height\":1600,\"caption\":\"skaitytaknyga.lt\"},\"image\":{\"@id\":\"https:\/\/skaitytaknyga.lt\/#\/schema\/logo\/image\/\"},\"sameAs\":[\"https:\/\/www.facebook.com\/skaitytaknyga\/\"]}]}<\/script>\n<!-- \/ Yoast SEO plugin. -->","yoast_head_json":{"title":"Tamsus vanduo","description":"\u201eTamsus vanduo \" - tai knyga apie \u017emogaus protui da\u017eniausiai nesuvokiamus, bet j\u012f u\u017evaldan\u010dius dalykus: baimes, nuojautas, mistin\u012f siaub\u0105. Kojis Suzukis dovanoja 7 naujas istorijas, kurias sieja ta pati tema - vanduo.  Visos Suzukio istorijos pasi\u017eymi unikaliomis, bema\u017e alchemin\u0117mis savyb\u0117mis, o pats ra\u0161ytojas turi Dievo dovan\u0105 paprastus ir kasdieninius dalykus (bei daiktus) paversti itin g\u0105sdinan\u010diais.","robots":{"index":"index","follow":"follow","max-snippet":"max-snippet:-1","max-image-preview":"max-image-preview:large","max-video-preview":"max-video-preview:-1"},"canonical":"https:\/\/skaitytaknyga.lt\/en\/produktas\/koji-suzuki-tamsus-vanduo\/","og_locale":"en_GB","og_type":"article","og_title":"[:lt]Tamsus vanduo[:] - Skaitytaknyga","og_description":"\u201eTamsus vanduo \" - tai knyga apie \u017emogaus protui da\u017eniausiai nesuvokiamus, bet j\u012f u\u017evaldan\u010dius dalykus: baimes, nuojautas, mistin\u012f siaub\u0105. Kojis Suzukis dovanoja 7 naujas istorijas, kurias sieja ta pati tema - vanduo.  Visos Suzukio istorijos pasi\u017eymi unikaliomis, bema\u017e alchemin\u0117mis savyb\u0117mis, o pats ra\u0161ytojas turi Dievo dovan\u0105 paprastus ir kasdieninius dalykus (bei daiktus) paversti itin g\u0105sdinan\u010diais.","og_url":"https:\/\/skaitytaknyga.lt\/en\/produktas\/koji-suzuki-tamsus-vanduo\/","og_site_name":"Skaitytaknyga","article_publisher":"https:\/\/www.facebook.com\/skaitytaknyga\/","article_modified_time":"2026-03-05T13:58:09+00:00","og_image":[{"width":285,"height":430,"url":"https:\/\/skaitytaknyga.lt\/wp-content\/uploads\/2024\/05\/1462872886_tamsus-vanduo.jpg","type":"image\/jpeg"}],"twitter_card":"summary_large_image","twitter_misc":{"Estimated reading time":"1 minute"},"schema":{"@context":"https:\/\/schema.org","@graph":[{"@type":"WebPage","@id":"https:\/\/skaitytaknyga.lt\/produktas\/koji-suzuki-tamsus-vanduo\/","url":"https:\/\/skaitytaknyga.lt\/produktas\/koji-suzuki-tamsus-vanduo\/","name":"Tamsus vanduo","isPartOf":{"@id":"https:\/\/skaitytaknyga.lt\/#website"},"primaryImageOfPage":{"@id":"https:\/\/skaitytaknyga.lt\/produktas\/koji-suzuki-tamsus-vanduo\/#primaryimage"},"image":{"@id":"https:\/\/skaitytaknyga.lt\/produktas\/koji-suzuki-tamsus-vanduo\/#primaryimage"},"thumbnailUrl":"https:\/\/skaitytaknyga.lt\/wp-content\/uploads\/2024\/05\/1462872886_tamsus-vanduo.jpg","datePublished":"2024-05-02T13:03:05+00:00","dateModified":"2026-03-05T13:58:09+00:00","description":"\u201eTamsus vanduo \" - tai knyga apie \u017emogaus protui da\u017eniausiai nesuvokiamus, bet j\u012f u\u017evaldan\u010dius dalykus: baimes, nuojautas, mistin\u012f siaub\u0105. Kojis Suzukis dovanoja 7 naujas istorijas, kurias sieja ta pati tema - vanduo. Visos Suzukio istorijos pasi\u017eymi unikaliomis, bema\u017e alchemin\u0117mis savyb\u0117mis, o pats ra\u0161ytojas turi Dievo dovan\u0105 paprastus ir kasdieninius dalykus (bei daiktus) paversti itin g\u0105sdinan\u010diais.","breadcrumb":{"@id":"https:\/\/skaitytaknyga.lt\/produktas\/koji-suzuki-tamsus-vanduo\/#breadcrumb"},"inLanguage":"en-GB","potentialAction":[{"@type":"ReadAction","target":["https:\/\/skaitytaknyga.lt\/produktas\/koji-suzuki-tamsus-vanduo\/"]}]},{"@type":"ImageObject","inLanguage":"en-GB","@id":"https:\/\/skaitytaknyga.lt\/produktas\/koji-suzuki-tamsus-vanduo\/#primaryimage","url":"https:\/\/skaitytaknyga.lt\/wp-content\/uploads\/2024\/05\/1462872886_tamsus-vanduo.jpg","contentUrl":"https:\/\/skaitytaknyga.lt\/wp-content\/uploads\/2024\/05\/1462872886_tamsus-vanduo.jpg","width":285,"height":430},{"@type":"BreadcrumbList","@id":"https:\/\/skaitytaknyga.lt\/produktas\/koji-suzuki-tamsus-vanduo\/#breadcrumb","itemListElement":[{"@type":"ListItem","position":1,"name":"Home","item":"https:\/\/skaitytaknyga.lt\/"},{"@type":"ListItem","position":2,"name":"Parduotuv\u0117","item":"https:\/\/skaitytaknyga.lt\/knygu-parduotuve\/"},{"@type":"ListItem","position":3,"name":"Tamsus vanduo"}]},{"@type":"WebSite","@id":"https:\/\/skaitytaknyga.lt\/#website","url":"https:\/\/skaitytaknyga.lt\/","name":"skaitytaknyga.lt","description":"Skaitytaknyga.lt \u2013 tai ma\u017eas \u0161eimos verslas, kuris prasid\u0117jo nuo meil\u0117s knygoms ir siekio i\u0161gelb\u0117ti knygas nuo likimo prie konteinerio. Kas vienam nereikalingas daiktas \u2013 kitam lobis, o mes esame tarpininkai, kurie padeda abiems tapti laimingesniems ???? \u017dinome kaip nelengva i\u0161gyventi ma\u017eiems verslams, tad nuo \u0161iol, \u010dia rasite ir kit\u0173, ma\u017e\u0173 \u0161eim\u0173 versl\u0173, rank\u0173 darbo, dovan\u0173 sau ir artimiesiems.","publisher":{"@id":"https:\/\/skaitytaknyga.lt\/#organization"},"potentialAction":[{"@type":"SearchAction","target":{"@type":"EntryPoint","urlTemplate":"https:\/\/skaitytaknyga.lt\/?s={search_term_string}"},"query-input":{"@type":"PropertyValueSpecification","valueRequired":true,"valueName":"search_term_string"}}],"inLanguage":"en-GB"},{"@type":"Organization","@id":"https:\/\/skaitytaknyga.lt\/#organization","name":"skaitytaknyga.lt","url":"https:\/\/skaitytaknyga.lt\/","logo":{"@type":"ImageObject","inLanguage":"en-GB","@id":"https:\/\/skaitytaknyga.lt\/#\/schema\/logo\/image\/","url":"https:\/\/skaitytaknyga.lt\/wp-content\/uploads\/2024\/05\/cropped-cropped-cropped-02_00843_jt3bggkj1j3HLc7SyY6rEUpg.jpeg","contentUrl":"https:\/\/skaitytaknyga.lt\/wp-content\/uploads\/2024\/05\/cropped-cropped-cropped-02_00843_jt3bggkj1j3HLc7SyY6rEUpg.jpeg","width":1600,"height":1600,"caption":"skaitytaknyga.lt"},"image":{"@id":"https:\/\/skaitytaknyga.lt\/#\/schema\/logo\/image\/"},"sameAs":["https:\/\/www.facebook.com\/skaitytaknyga\/"]}]}},"_links":{"self":[{"href":"https:\/\/skaitytaknyga.lt\/en\/wp-json\/wp\/v2\/product\/5993","targetHints":{"allow":["GET"]}}],"collection":[{"href":"https:\/\/skaitytaknyga.lt\/en\/wp-json\/wp\/v2\/product"}],"about":[{"href":"https:\/\/skaitytaknyga.lt\/en\/wp-json\/wp\/v2\/types\/product"}],"replies":[{"embeddable":true,"href":"https:\/\/skaitytaknyga.lt\/en\/wp-json\/wp\/v2\/comments?post=5993"}],"wp:featuredmedia":[{"embeddable":true,"href":"https:\/\/skaitytaknyga.lt\/en\/wp-json\/wp\/v2\/media\/6014"}],"wp:attachment":[{"href":"https:\/\/skaitytaknyga.lt\/en\/wp-json\/wp\/v2\/media?parent=5993"}],"wp:term":[{"taxonomy":"product_brand","embeddable":true,"href":"https:\/\/skaitytaknyga.lt\/en\/wp-json\/wp\/v2\/product_brand?post=5993"},{"taxonomy":"product_cat","embeddable":true,"href":"https:\/\/skaitytaknyga.lt\/en\/wp-json\/wp\/v2\/product_cat?post=5993"},{"taxonomy":"product_tag","embeddable":true,"href":"https:\/\/skaitytaknyga.lt\/en\/wp-json\/wp\/v2\/product_tag?post=5993"}],"curies":[{"name":"wp","href":"https:\/\/api.w.org\/{rel}","templated":true}]}}