{"id":5990,"date":"2024-05-02T13:03:04","date_gmt":"2024-05-02T13:03:04","guid":{"rendered":"https:\/\/skaitytaknyga.lt\/?post_type=product&#038;p=5990"},"modified":"2026-03-05T15:58:10","modified_gmt":"2026-03-05T13:58:10","slug":"annie-cassidy-dingusi-dzude","status":"publish","type":"product","link":"https:\/\/skaitytaknyga.lt\/en\/produktas\/annie-cassidy-dingusi-dzude\/","title":{"rendered":"Dingusi D\u017eud\u0117"},"content":{"rendered":"<p>Penkiamet\u0117 D\u017eud\u0117 dingo prie\u0161 a\u0161tuonerius metus. Netektis slegia \u0161eim\u0105, o ypa\u010d D\u017eud\u0117s vyresni\u0105j\u0105 seser\u012f Kim, kuri paskutin\u0117 mat\u0117 mergait\u0119.<\/p>\n<p>Atrodo, kad t\u0117vai ir kiti artimieji niekada nesu\u017einos atsakym\u0173 \u012f daugyb\u0119 i\u0161kilusi\u0173 klausim\u0173, kol vien\u0105 dien\u0105 paai\u0161k\u0117ja nauj\u0173 parodym\u0173&#8230;<\/p>\n","protected":false},"excerpt":{"rendered":"<p>Penkiamet\u0117 D\u017eud\u0117 dingo prie\u0161 a\u0161tuonerius metus. Netektis slegia \u0161eim\u0105, o ypa\u010d D\u017eud\u0117s vyresni\u0105j\u0105 seser\u012f Kim, kuri paskutin\u0117 mat\u0117 mergait\u0119.<\/p>\n<p>Atrodo, kad t\u0117vai ir kiti artimieji niekada nesu\u017einos atsakym\u0173 \u012f daugyb\u0119 i\u0161kilusi\u0173 klausim\u0173, kol vien\u0105 dien\u0105 paai\u0161k\u0117ja nauj\u0173 parodym\u0173&#8230;<\/p>\n","protected":false},"featured_media":6002,"comment_status":"closed","ping_status":"closed","template":"","meta":{"_acf_changed":false,"site-sidebar-layout":"default","site-content-layout":"","ast-site-content-layout":"default","site-content-style":"default","site-sidebar-style":"default","ast-global-header-display":"","ast-banner-title-visibility":"","ast-main-header-display":"","ast-hfb-above-header-display":"","ast-hfb-below-header-display":"","ast-hfb-mobile-header-display":"","site-post-title":"","ast-breadcrumbs-content":"","ast-featured-img":"","footer-sml-layout":"","ast-disable-related-posts":"","theme-transparent-header-meta":"","adv-header-id-meta":"","stick-header-meta":"","header-above-stick-meta":"","header-main-stick-meta":"","header-below-stick-meta":"","astra-migrate-meta-layouts":"default","ast-page-background-enabled":"default","ast-page-background-meta":{"desktop":{"background-color":"","background-image":"","background-repeat":"repeat","background-position":"center center","background-size":"auto","background-attachment":"scroll","background-type":"","background-media":"","overlay-type":"","overlay-color":"","overlay-opacity":"","overlay-gradient":""},"tablet":{"background-color":"","background-image":"","background-repeat":"repeat","background-position":"center center","background-size":"auto","background-attachment":"scroll","background-type":"","background-media":"","overlay-type":"","overlay-color":"","overlay-opacity":"","overlay-gradient":""},"mobile":{"background-color":"","background-image":"","background-repeat":"repeat","background-position":"center center","background-size":"auto","background-attachment":"scroll","background-type":"","background-media":"","overlay-type":"","overlay-color":"","overlay-opacity":"","overlay-gradient":""}},"ast-content-background-meta":{"desktop":{"background-color":"var(--ast-global-color-4)","background-image":"","background-repeat":"repeat","background-position":"center center","background-size":"auto","background-attachment":"scroll","background-type":"","background-media":"","overlay-type":"","overlay-color":"","overlay-opacity":"","overlay-gradient":""},"tablet":{"background-color":"var(--ast-global-color-4)","background-image":"","background-repeat":"repeat","background-position":"center center","background-size":"auto","background-attachment":"scroll","background-type":"","background-media":"","overlay-type":"","overlay-color":"","overlay-opacity":"","overlay-gradient":""},"mobile":{"background-color":"var(--ast-global-color-4)","background-image":"","background-repeat":"repeat","background-position":"center center","background-size":"auto","background-attachment":"scroll","background-type":"","background-media":"","overlay-type":"","overlay-color":"","overlay-opacity":"","overlay-gradient":""}}},"product_brand":[],"product_cat":[9580],"product_tag":[],"class_list":{"0":"post-5990","1":"product","2":"type-product","3":"status-publish","4":"has-post-thumbnail","6":"product_cat-psichologiniai-detektyvai","7":"desktop-align-left","8":"tablet-align-left","9":"mobile-align-left","11":"first","12":"instock","13":"shipping-taxable","14":"purchasable","15":"product-type-simple"},"acf":[],"yoast_head":"<!-- This site is optimized with the Yoast SEO plugin v27.0 - https:\/\/yoast.com\/product\/yoast-seo-wordpress\/ -->\n<title>Dingusi D\u017eud\u0117<\/title>\n<meta name=\"description\" content=\"Penkiamet\u0117 D\u017eud\u0117 dingo prie\u0161 a\u0161tuonerius metus. Netektis slegia \u0161eim\u0105, o ypa\u010d D\u017eud\u0117s vyresni\u0105j\u0105 seser\u012f Kim, kuri paskutin\u0117 mat\u0117 mergait\u0119.  Atrodo, kad t\u0117vai ir kiti artimieji niekada nesu\u017einos atsakym\u0173 \u012f daugyb\u0119 i\u0161kilusi\u0173 klausim\u0173, kol vien\u0105 dien\u0105 paai\u0161k\u0117ja nauj\u0173 parodym\u0173...\" \/>\n<meta name=\"robots\" content=\"index, follow, max-snippet:-1, max-image-preview:large, max-video-preview:-1\" \/>\n<link rel=\"canonical\" href=\"https:\/\/skaitytaknyga.lt\/en\/produktas\/annie-cassidy-dingusi-dzude\/\" \/>\n<meta property=\"og:locale\" content=\"en_GB\" \/>\n<meta property=\"og:locale:alternate\" content=\"lt_LT\" \/>\n<meta property=\"og:type\" content=\"article\" \/>\n<meta property=\"og:title\" content=\"Dingusi D\u017eud\u0117\" \/>\n<meta property=\"og:description\" content=\"Penkiamet\u0117 D\u017eud\u0117 dingo prie\u0161 a\u0161tuonerius metus. Netektis slegia \u0161eim\u0105, o ypa\u010d D\u017eud\u0117s vyresni\u0105j\u0105 seser\u012f Kim, kuri paskutin\u0117 mat\u0117 mergait\u0119.  Atrodo, kad t\u0117vai ir kiti artimieji niekada nesu\u017einos atsakym\u0173 \u012f daugyb\u0119 i\u0161kilusi\u0173 klausim\u0173, kol vien\u0105 dien\u0105 paai\u0161k\u0117ja nauj\u0173 parodym\u0173...\" \/>\n<meta property=\"og:url\" content=\"https:\/\/skaitytaknyga.lt\/en\/produktas\/annie-cassidy-dingusi-dzude\/\" \/>\n<meta property=\"og:site_name\" content=\"Skaitytaknyga\" \/>\n<meta property=\"article:publisher\" content=\"https:\/\/www.facebook.com\/skaitytaknyga\/\" \/>\n<meta property=\"article:modified_time\" content=\"2026-03-05T13:58:10+00:00\" \/>\n<meta property=\"og:image\" content=\"https:\/\/skaitytaknyga.lt\/wp-content\/uploads\/2024\/05\/1462885428_img0002-001.jpg\" \/>\n\t<meta property=\"og:image:width\" content=\"270\" \/>\n\t<meta property=\"og:image:height\" content=\"430\" \/>\n\t<meta property=\"og:image:type\" content=\"image\/jpeg\" \/>\n<meta name=\"twitter:card\" content=\"summary_large_image\" \/>\n<meta name=\"twitter:label1\" content=\"Estimated reading time\" \/>\n\t<meta name=\"twitter:data1\" content=\"1 minute\" \/>\n<script type=\"application\/ld+json\" class=\"yoast-schema-graph\">{\"@context\":\"https:\/\/schema.org\",\"@graph\":[{\"@type\":\"WebPage\",\"@id\":\"https:\/\/skaitytaknyga.lt\/produktas\/annie-cassidy-dingusi-dzude\/\",\"url\":\"https:\/\/skaitytaknyga.lt\/produktas\/annie-cassidy-dingusi-dzude\/\",\"name\":\"Dingusi D\u017eud\u0117\",\"isPartOf\":{\"@id\":\"https:\/\/skaitytaknyga.lt\/#website\"},\"primaryImageOfPage\":{\"@id\":\"https:\/\/skaitytaknyga.lt\/produktas\/annie-cassidy-dingusi-dzude\/#primaryimage\"},\"image\":{\"@id\":\"https:\/\/skaitytaknyga.lt\/produktas\/annie-cassidy-dingusi-dzude\/#primaryimage\"},\"thumbnailUrl\":\"https:\/\/skaitytaknyga.lt\/wp-content\/uploads\/2024\/05\/1462885428_img0002-001.jpg\",\"datePublished\":\"2024-05-02T13:03:04+00:00\",\"dateModified\":\"2026-03-05T13:58:10+00:00\",\"description\":\"Penkiamet\u0117 D\u017eud\u0117 dingo prie\u0161 a\u0161tuonerius metus. Netektis slegia \u0161eim\u0105, o ypa\u010d D\u017eud\u0117s vyresni\u0105j\u0105 seser\u012f Kim, kuri paskutin\u0117 mat\u0117 mergait\u0119. Atrodo, kad t\u0117vai ir kiti artimieji niekada nesu\u017einos atsakym\u0173 \u012f daugyb\u0119 i\u0161kilusi\u0173 klausim\u0173, kol vien\u0105 dien\u0105 paai\u0161k\u0117ja nauj\u0173 parodym\u0173...\",\"breadcrumb\":{\"@id\":\"https:\/\/skaitytaknyga.lt\/produktas\/annie-cassidy-dingusi-dzude\/#breadcrumb\"},\"inLanguage\":\"en-GB\",\"potentialAction\":[{\"@type\":\"ReadAction\",\"target\":[\"https:\/\/skaitytaknyga.lt\/produktas\/annie-cassidy-dingusi-dzude\/\"]}]},{\"@type\":\"ImageObject\",\"inLanguage\":\"en-GB\",\"@id\":\"https:\/\/skaitytaknyga.lt\/produktas\/annie-cassidy-dingusi-dzude\/#primaryimage\",\"url\":\"https:\/\/skaitytaknyga.lt\/wp-content\/uploads\/2024\/05\/1462885428_img0002-001.jpg\",\"contentUrl\":\"https:\/\/skaitytaknyga.lt\/wp-content\/uploads\/2024\/05\/1462885428_img0002-001.jpg\",\"width\":270,\"height\":430},{\"@type\":\"BreadcrumbList\",\"@id\":\"https:\/\/skaitytaknyga.lt\/produktas\/annie-cassidy-dingusi-dzude\/#breadcrumb\",\"itemListElement\":[{\"@type\":\"ListItem\",\"position\":1,\"name\":\"Home\",\"item\":\"https:\/\/skaitytaknyga.lt\/\"},{\"@type\":\"ListItem\",\"position\":2,\"name\":\"Parduotuv\u0117\",\"item\":\"https:\/\/skaitytaknyga.lt\/knygu-parduotuve\/\"},{\"@type\":\"ListItem\",\"position\":3,\"name\":\"Dingusi D\u017eud\u0117\"}]},{\"@type\":\"WebSite\",\"@id\":\"https:\/\/skaitytaknyga.lt\/#website\",\"url\":\"https:\/\/skaitytaknyga.lt\/\",\"name\":\"skaitytaknyga.lt\",\"description\":\"Skaitytaknyga.lt \u2013 tai ma\u017eas \u0161eimos verslas, kuris prasid\u0117jo nuo meil\u0117s knygoms ir siekio i\u0161gelb\u0117ti knygas nuo likimo prie konteinerio. Kas vienam nereikalingas daiktas \u2013 kitam lobis, o mes esame tarpininkai, kurie padeda abiems tapti laimingesniems ???? \u017dinome kaip nelengva i\u0161gyventi ma\u017eiems verslams, tad nuo \u0161iol, \u010dia rasite ir kit\u0173, ma\u017e\u0173 \u0161eim\u0173 versl\u0173, rank\u0173 darbo, dovan\u0173 sau ir artimiesiems.\",\"publisher\":{\"@id\":\"https:\/\/skaitytaknyga.lt\/#organization\"},\"potentialAction\":[{\"@type\":\"SearchAction\",\"target\":{\"@type\":\"EntryPoint\",\"urlTemplate\":\"https:\/\/skaitytaknyga.lt\/?s={search_term_string}\"},\"query-input\":{\"@type\":\"PropertyValueSpecification\",\"valueRequired\":true,\"valueName\":\"search_term_string\"}}],\"inLanguage\":\"en-GB\"},{\"@type\":\"Organization\",\"@id\":\"https:\/\/skaitytaknyga.lt\/#organization\",\"name\":\"skaitytaknyga.lt\",\"url\":\"https:\/\/skaitytaknyga.lt\/\",\"logo\":{\"@type\":\"ImageObject\",\"inLanguage\":\"en-GB\",\"@id\":\"https:\/\/skaitytaknyga.lt\/#\/schema\/logo\/image\/\",\"url\":\"https:\/\/skaitytaknyga.lt\/wp-content\/uploads\/2024\/05\/cropped-cropped-cropped-02_00843_jt3bggkj1j3HLc7SyY6rEUpg.jpeg\",\"contentUrl\":\"https:\/\/skaitytaknyga.lt\/wp-content\/uploads\/2024\/05\/cropped-cropped-cropped-02_00843_jt3bggkj1j3HLc7SyY6rEUpg.jpeg\",\"width\":1600,\"height\":1600,\"caption\":\"skaitytaknyga.lt\"},\"image\":{\"@id\":\"https:\/\/skaitytaknyga.lt\/#\/schema\/logo\/image\/\"},\"sameAs\":[\"https:\/\/www.facebook.com\/skaitytaknyga\/\"]}]}<\/script>\n<!-- \/ Yoast SEO plugin. -->","yoast_head_json":{"title":"Dingusi D\u017eud\u0117","description":"Penkiamet\u0117 D\u017eud\u0117 dingo prie\u0161 a\u0161tuonerius metus. Netektis slegia \u0161eim\u0105, o ypa\u010d D\u017eud\u0117s vyresni\u0105j\u0105 seser\u012f Kim, kuri paskutin\u0117 mat\u0117 mergait\u0119.  Atrodo, kad t\u0117vai ir kiti artimieji niekada nesu\u017einos atsakym\u0173 \u012f daugyb\u0119 i\u0161kilusi\u0173 klausim\u0173, kol vien\u0105 dien\u0105 paai\u0161k\u0117ja nauj\u0173 parodym\u0173...","robots":{"index":"index","follow":"follow","max-snippet":"max-snippet:-1","max-image-preview":"max-image-preview:large","max-video-preview":"max-video-preview:-1"},"canonical":"https:\/\/skaitytaknyga.lt\/en\/produktas\/annie-cassidy-dingusi-dzude\/","og_locale":"en_GB","og_type":"article","og_title":"[:lt]Dingusi D\u017eud\u0117[:] - Skaitytaknyga","og_description":"Penkiamet\u0117 D\u017eud\u0117 dingo prie\u0161 a\u0161tuonerius metus. Netektis slegia \u0161eim\u0105, o ypa\u010d D\u017eud\u0117s vyresni\u0105j\u0105 seser\u012f Kim, kuri paskutin\u0117 mat\u0117 mergait\u0119.  Atrodo, kad t\u0117vai ir kiti artimieji niekada nesu\u017einos atsakym\u0173 \u012f daugyb\u0119 i\u0161kilusi\u0173 klausim\u0173, kol vien\u0105 dien\u0105 paai\u0161k\u0117ja nauj\u0173 parodym\u0173...","og_url":"https:\/\/skaitytaknyga.lt\/en\/produktas\/annie-cassidy-dingusi-dzude\/","og_site_name":"Skaitytaknyga","article_publisher":"https:\/\/www.facebook.com\/skaitytaknyga\/","article_modified_time":"2026-03-05T13:58:10+00:00","og_image":[{"width":270,"height":430,"url":"https:\/\/skaitytaknyga.lt\/wp-content\/uploads\/2024\/05\/1462885428_img0002-001.jpg","type":"image\/jpeg"}],"twitter_card":"summary_large_image","twitter_misc":{"Estimated reading time":"1 minute"},"schema":{"@context":"https:\/\/schema.org","@graph":[{"@type":"WebPage","@id":"https:\/\/skaitytaknyga.lt\/produktas\/annie-cassidy-dingusi-dzude\/","url":"https:\/\/skaitytaknyga.lt\/produktas\/annie-cassidy-dingusi-dzude\/","name":"Dingusi D\u017eud\u0117","isPartOf":{"@id":"https:\/\/skaitytaknyga.lt\/#website"},"primaryImageOfPage":{"@id":"https:\/\/skaitytaknyga.lt\/produktas\/annie-cassidy-dingusi-dzude\/#primaryimage"},"image":{"@id":"https:\/\/skaitytaknyga.lt\/produktas\/annie-cassidy-dingusi-dzude\/#primaryimage"},"thumbnailUrl":"https:\/\/skaitytaknyga.lt\/wp-content\/uploads\/2024\/05\/1462885428_img0002-001.jpg","datePublished":"2024-05-02T13:03:04+00:00","dateModified":"2026-03-05T13:58:10+00:00","description":"Penkiamet\u0117 D\u017eud\u0117 dingo prie\u0161 a\u0161tuonerius metus. Netektis slegia \u0161eim\u0105, o ypa\u010d D\u017eud\u0117s vyresni\u0105j\u0105 seser\u012f Kim, kuri paskutin\u0117 mat\u0117 mergait\u0119. Atrodo, kad t\u0117vai ir kiti artimieji niekada nesu\u017einos atsakym\u0173 \u012f daugyb\u0119 i\u0161kilusi\u0173 klausim\u0173, kol vien\u0105 dien\u0105 paai\u0161k\u0117ja nauj\u0173 parodym\u0173...","breadcrumb":{"@id":"https:\/\/skaitytaknyga.lt\/produktas\/annie-cassidy-dingusi-dzude\/#breadcrumb"},"inLanguage":"en-GB","potentialAction":[{"@type":"ReadAction","target":["https:\/\/skaitytaknyga.lt\/produktas\/annie-cassidy-dingusi-dzude\/"]}]},{"@type":"ImageObject","inLanguage":"en-GB","@id":"https:\/\/skaitytaknyga.lt\/produktas\/annie-cassidy-dingusi-dzude\/#primaryimage","url":"https:\/\/skaitytaknyga.lt\/wp-content\/uploads\/2024\/05\/1462885428_img0002-001.jpg","contentUrl":"https:\/\/skaitytaknyga.lt\/wp-content\/uploads\/2024\/05\/1462885428_img0002-001.jpg","width":270,"height":430},{"@type":"BreadcrumbList","@id":"https:\/\/skaitytaknyga.lt\/produktas\/annie-cassidy-dingusi-dzude\/#breadcrumb","itemListElement":[{"@type":"ListItem","position":1,"name":"Home","item":"https:\/\/skaitytaknyga.lt\/"},{"@type":"ListItem","position":2,"name":"Parduotuv\u0117","item":"https:\/\/skaitytaknyga.lt\/knygu-parduotuve\/"},{"@type":"ListItem","position":3,"name":"Dingusi D\u017eud\u0117"}]},{"@type":"WebSite","@id":"https:\/\/skaitytaknyga.lt\/#website","url":"https:\/\/skaitytaknyga.lt\/","name":"skaitytaknyga.lt","description":"Skaitytaknyga.lt \u2013 tai ma\u017eas \u0161eimos verslas, kuris prasid\u0117jo nuo meil\u0117s knygoms ir siekio i\u0161gelb\u0117ti knygas nuo likimo prie konteinerio. Kas vienam nereikalingas daiktas \u2013 kitam lobis, o mes esame tarpininkai, kurie padeda abiems tapti laimingesniems ???? \u017dinome kaip nelengva i\u0161gyventi ma\u017eiems verslams, tad nuo \u0161iol, \u010dia rasite ir kit\u0173, ma\u017e\u0173 \u0161eim\u0173 versl\u0173, rank\u0173 darbo, dovan\u0173 sau ir artimiesiems.","publisher":{"@id":"https:\/\/skaitytaknyga.lt\/#organization"},"potentialAction":[{"@type":"SearchAction","target":{"@type":"EntryPoint","urlTemplate":"https:\/\/skaitytaknyga.lt\/?s={search_term_string}"},"query-input":{"@type":"PropertyValueSpecification","valueRequired":true,"valueName":"search_term_string"}}],"inLanguage":"en-GB"},{"@type":"Organization","@id":"https:\/\/skaitytaknyga.lt\/#organization","name":"skaitytaknyga.lt","url":"https:\/\/skaitytaknyga.lt\/","logo":{"@type":"ImageObject","inLanguage":"en-GB","@id":"https:\/\/skaitytaknyga.lt\/#\/schema\/logo\/image\/","url":"https:\/\/skaitytaknyga.lt\/wp-content\/uploads\/2024\/05\/cropped-cropped-cropped-02_00843_jt3bggkj1j3HLc7SyY6rEUpg.jpeg","contentUrl":"https:\/\/skaitytaknyga.lt\/wp-content\/uploads\/2024\/05\/cropped-cropped-cropped-02_00843_jt3bggkj1j3HLc7SyY6rEUpg.jpeg","width":1600,"height":1600,"caption":"skaitytaknyga.lt"},"image":{"@id":"https:\/\/skaitytaknyga.lt\/#\/schema\/logo\/image\/"},"sameAs":["https:\/\/www.facebook.com\/skaitytaknyga\/"]}]}},"_links":{"self":[{"href":"https:\/\/skaitytaknyga.lt\/en\/wp-json\/wp\/v2\/product\/5990","targetHints":{"allow":["GET"]}}],"collection":[{"href":"https:\/\/skaitytaknyga.lt\/en\/wp-json\/wp\/v2\/product"}],"about":[{"href":"https:\/\/skaitytaknyga.lt\/en\/wp-json\/wp\/v2\/types\/product"}],"replies":[{"embeddable":true,"href":"https:\/\/skaitytaknyga.lt\/en\/wp-json\/wp\/v2\/comments?post=5990"}],"wp:featuredmedia":[{"embeddable":true,"href":"https:\/\/skaitytaknyga.lt\/en\/wp-json\/wp\/v2\/media\/6002"}],"wp:attachment":[{"href":"https:\/\/skaitytaknyga.lt\/en\/wp-json\/wp\/v2\/media?parent=5990"}],"wp:term":[{"taxonomy":"product_brand","embeddable":true,"href":"https:\/\/skaitytaknyga.lt\/en\/wp-json\/wp\/v2\/product_brand?post=5990"},{"taxonomy":"product_cat","embeddable":true,"href":"https:\/\/skaitytaknyga.lt\/en\/wp-json\/wp\/v2\/product_cat?post=5990"},{"taxonomy":"product_tag","embeddable":true,"href":"https:\/\/skaitytaknyga.lt\/en\/wp-json\/wp\/v2\/product_tag?post=5990"}],"curies":[{"name":"wp","href":"https:\/\/api.w.org\/{rel}","templated":true}]}}