{"id":5987,"date":"2024-05-02T13:03:04","date_gmt":"2024-05-02T13:03:04","guid":{"rendered":"https:\/\/skaitytaknyga.lt\/?post_type=product&#038;p=5987"},"modified":"2025-05-28T09:31:33","modified_gmt":"2025-05-28T06:31:33","slug":"gabriele-dannunzio-geismu-kudikis-yra-nedidelis-defektas","status":"publish","type":"product","link":"https:\/\/skaitytaknyga.lt\/en\/produktas\/gabriele-dannunzio-geismu-kudikis-yra-nedidelis-defektas\/","title":{"rendered":"Geism\u0173 k\u016bdikis"},"content":{"rendered":"<p>\u201eGeism\u0173 k\u016bdikis\u201c \u2013 pirmasis ital\u0173 ra\u0161ytojo Gabriele d\u2018Annunzio romanas. Brandus, skaitymo i\u0161gyvenim\u0173 vertas k\u016brinys apie \u017emog\u0173, klaid\u017eiojant\u012f poetini\u0173 ie\u0161kojim\u0173 labirintais, \u017emog\u0173, kurio k\u016brybines kan\u010dias papildo skausmingi meil\u0117s i\u0161gyvenimai.<\/p>\n<p>Romano herojus, rafinuotas aristokratas, menininkas ir palaid\u016bnas, savo gyvenimo dievu pasirenka meil\u0119, praranda dvasin\u0119 pusiausvyr\u0105 ir panyra \u012f nepaliaujam\u0173 dvejoni\u0173 verpet\u0105. Jo k\u016bnas atsidav\u0119s meilei, o protas k\u016brybai, tos meil\u0117s apdainavimui. Betgi kuria linkme eiti, kam teikti pirmenyb\u0119: k\u016bni\u0161kai aistrai su fatali\u0161ka moterimi, dvasingai, poetizuotai \u017eemi\u0161kosios moters pavidalo esybei ar tiesiog atsiduoti tobulam, egzaltuotam menui. A.Sperelis, XIX a. pabaigos Romos dendis, tarnauja malonumams, o malonumai tarnauja jam, bet kokiom aprai\u0161kom, bet kokiom formom.<\/p>\n","protected":false},"excerpt":{"rendered":"<p>\u201eGeism\u0173 k\u016bdikis\u201c \u2013 pirmasis ital\u0173 ra\u0161ytojo Gabriele d\u2018Annunzio romanas. Brandus, skaitymo i\u0161gyvenim\u0173 vertas k\u016brinys apie \u017emog\u0173, klaid\u017eiojant\u012f poetini\u0173 ie\u0161kojim\u0173 labirintais, \u017emog\u0173, kurio k\u016brybines kan\u010dias papildo skausmingi meil\u0117s i\u0161gyvenimai.<\/p>\n<p>Romano herojus, rafinuotas aristokratas, menininkas ir palaid\u016bnas, savo gyvenimo dievu pasirenka meil\u0119, praranda dvasin\u0119 pusiausvyr\u0105 ir panyra \u012f nepaliaujam\u0173 dvejoni\u0173 verpet\u0105. Jo k\u016bnas atsidav\u0119s meilei, o protas k\u016brybai, tos meil\u0117s apdainavimui. Betgi kuria linkme eiti, kam teikti pirmenyb\u0119: k\u016bni\u0161kai aistrai su fatali\u0161ka moterimi, dvasingai, poetizuotai \u017eemi\u0161kosios moters pavidalo esybei ar tiesiog atsiduoti tobulam, egzaltuotam menui. A.Sperelis, XIX a. pabaigos Romos dendis, tarnauja malonumams, o malonumai tarnauja jam, bet kokiom aprai\u0161kom, bet kokiom formom.<\/p>\n","protected":false},"featured_media":5999,"comment_status":"closed","ping_status":"closed","template":"","meta":{"_acf_changed":false,"site-sidebar-layout":"default","site-content-layout":"","ast-site-content-layout":"default","site-content-style":"default","site-sidebar-style":"default","ast-global-header-display":"","ast-banner-title-visibility":"","ast-main-header-display":"","ast-hfb-above-header-display":"","ast-hfb-below-header-display":"","ast-hfb-mobile-header-display":"","site-post-title":"","ast-breadcrumbs-content":"","ast-featured-img":"","footer-sml-layout":"","ast-disable-related-posts":"","theme-transparent-header-meta":"","adv-header-id-meta":"","stick-header-meta":"","header-above-stick-meta":"","header-main-stick-meta":"","header-below-stick-meta":"","astra-migrate-meta-layouts":"default","ast-page-background-enabled":"default","ast-page-background-meta":{"desktop":{"background-color":"","background-image":"","background-repeat":"repeat","background-position":"center center","background-size":"auto","background-attachment":"scroll","background-type":"","background-media":"","overlay-type":"","overlay-color":"","overlay-opacity":"","overlay-gradient":""},"tablet":{"background-color":"","background-image":"","background-repeat":"repeat","background-position":"center center","background-size":"auto","background-attachment":"scroll","background-type":"","background-media":"","overlay-type":"","overlay-color":"","overlay-opacity":"","overlay-gradient":""},"mobile":{"background-color":"","background-image":"","background-repeat":"repeat","background-position":"center center","background-size":"auto","background-attachment":"scroll","background-type":"","background-media":"","overlay-type":"","overlay-color":"","overlay-opacity":"","overlay-gradient":""}},"ast-content-background-meta":{"desktop":{"background-color":"var(--ast-global-color-4)","background-image":"","background-repeat":"repeat","background-position":"center center","background-size":"auto","background-attachment":"scroll","background-type":"","background-media":"","overlay-type":"","overlay-color":"","overlay-opacity":"","overlay-gradient":""},"tablet":{"background-color":"var(--ast-global-color-4)","background-image":"","background-repeat":"repeat","background-position":"center center","background-size":"auto","background-attachment":"scroll","background-type":"","background-media":"","overlay-type":"","overlay-color":"","overlay-opacity":"","overlay-gradient":""},"mobile":{"background-color":"var(--ast-global-color-4)","background-image":"","background-repeat":"repeat","background-position":"center center","background-size":"auto","background-attachment":"scroll","background-type":"","background-media":"","overlay-type":"","overlay-color":"","overlay-opacity":"","overlay-gradient":""}}},"product_brand":[],"product_cat":[31],"product_tag":[2775,4526,4527,4528,3052],"class_list":{"0":"post-5987","1":"product","2":"type-product","3":"status-publish","4":"has-post-thumbnail","6":"product_cat-grozine-literatura","7":"product_tag-aristokratija","8":"product_tag-gabriele-dannunzio","9":"product_tag-italu-literatura","10":"product_tag-meiles-aistros","11":"product_tag-menas","12":"desktop-align-left","13":"tablet-align-left","14":"mobile-align-left","16":"first","17":"instock","18":"shipping-taxable","19":"purchasable","20":"product-type-simple"},"acf":[],"yoast_head":"<!-- This site is optimized with the Yoast SEO plugin v27.0 - https:\/\/yoast.com\/product\/yoast-seo-wordpress\/ -->\n<title>Geism\u0173 k\u016bdikis<\/title>\n<meta name=\"description\" content=\"\u201eGeism\u0173 k\u016bdikis\u201c \u2013 pirmasis ital\u0173 ra\u0161ytojo Gabriele d\u2018Annunzio romanas. Brandus, skaitymo i\u0161gyvenim\u0173 vertas k\u016brinys apie \u017emog\u0173, klaid\u017eiojant\u012f poetini\u0173 ie\u0161kojim\u0173 labirintais, \u017emog\u0173, kurio k\u016brybines kan\u010dias papildo skausmingi meil\u0117s i\u0161gyvenimai.  Romano herojus, rafinuotas aristokratas, menininkas ir palaid\u016bnas, savo gyvenimo dievu pasirenka meil\u0119, praranda dvasin\u0119 pusiausvyr\u0105 ir panyra \u012f nepaliaujam\u0173 dvejoni\u0173 verpet\u0105. Jo k\u016bnas atsidav\u0119s meilei, o protas k\u016brybai, tos meil\u0117s apdainavimui. Betgi kuria linkme eiti, kam teikti pirmenyb\u0119: k\u016bni\u0161kai aistrai su fatali\u0161ka moterimi, dvasingai, poetizuotai \u017eemi\u0161kosios moters pavidalo esybei ar tiesiog atsiduoti tobulam, egzaltuotam menui. A.Sperelis, XIX a. pabaigos Romos dendis, tarnauja malonumams, o malonumai tarnauja jam, bet kokiom aprai\u0161kom, bet kokiom formom.\" \/>\n<meta name=\"robots\" content=\"index, follow, max-snippet:-1, max-image-preview:large, max-video-preview:-1\" \/>\n<link rel=\"canonical\" href=\"https:\/\/skaitytaknyga.lt\/en\/produktas\/gabriele-dannunzio-geismu-kudikis-yra-nedidelis-defektas\/\" \/>\n<meta property=\"og:locale\" content=\"en_GB\" \/>\n<meta property=\"og:locale:alternate\" content=\"lt_LT\" \/>\n<meta property=\"og:type\" content=\"article\" \/>\n<meta property=\"og:title\" content=\"Geism\u0173 k\u016bdikis\" \/>\n<meta property=\"og:description\" content=\"\u201eGeism\u0173 k\u016bdikis\u201c \u2013 pirmasis ital\u0173 ra\u0161ytojo Gabriele d\u2018Annunzio romanas. Brandus, skaitymo i\u0161gyvenim\u0173 vertas k\u016brinys apie \u017emog\u0173, klaid\u017eiojant\u012f poetini\u0173 ie\u0161kojim\u0173 labirintais, \u017emog\u0173, kurio k\u016brybines kan\u010dias papildo skausmingi meil\u0117s i\u0161gyvenimai.  Romano herojus, rafinuotas aristokratas, menininkas ir palaid\u016bnas, savo gyvenimo dievu pasirenka meil\u0119, praranda dvasin\u0119 pusiausvyr\u0105 ir panyra \u012f nepaliaujam\u0173 dvejoni\u0173 verpet\u0105. Jo k\u016bnas atsidav\u0119s meilei, o protas k\u016brybai, tos meil\u0117s apdainavimui. Betgi kuria linkme eiti, kam teikti pirmenyb\u0119: k\u016bni\u0161kai aistrai su fatali\u0161ka moterimi, dvasingai, poetizuotai \u017eemi\u0161kosios moters pavidalo esybei ar tiesiog atsiduoti tobulam, egzaltuotam menui. A.Sperelis, XIX a. pabaigos Romos dendis, tarnauja malonumams, o malonumai tarnauja jam, bet kokiom aprai\u0161kom, bet kokiom formom.\" \/>\n<meta property=\"og:url\" content=\"https:\/\/skaitytaknyga.lt\/en\/produktas\/gabriele-dannunzio-geismu-kudikis-yra-nedidelis-defektas\/\" \/>\n<meta property=\"og:site_name\" content=\"Skaitytaknyga\" \/>\n<meta property=\"article:publisher\" content=\"https:\/\/www.facebook.com\/skaitytaknyga\/\" \/>\n<meta property=\"article:modified_time\" content=\"2025-05-28T06:31:33+00:00\" \/>\n<meta property=\"og:image\" content=\"https:\/\/skaitytaknyga.lt\/wp-content\/uploads\/2024\/05\/104432-20171001-104400.jpg\" \/>\n\t<meta property=\"og:image:width\" content=\"541\" \/>\n\t<meta property=\"og:image:height\" content=\"800\" \/>\n\t<meta property=\"og:image:type\" content=\"image\/jpeg\" \/>\n<meta name=\"twitter:card\" content=\"summary_large_image\" \/>\n<meta name=\"twitter:label1\" content=\"Estimated reading time\" \/>\n\t<meta name=\"twitter:data1\" content=\"1 minute\" \/>\n<script type=\"application\/ld+json\" class=\"yoast-schema-graph\">{\"@context\":\"https:\/\/schema.org\",\"@graph\":[{\"@type\":\"WebPage\",\"@id\":\"https:\/\/skaitytaknyga.lt\/produktas\/gabriele-dannunzio-geismu-kudikis-yra-nedidelis-defektas\/\",\"url\":\"https:\/\/skaitytaknyga.lt\/produktas\/gabriele-dannunzio-geismu-kudikis-yra-nedidelis-defektas\/\",\"name\":\"Geism\u0173 k\u016bdikis\",\"isPartOf\":{\"@id\":\"https:\/\/skaitytaknyga.lt\/#website\"},\"primaryImageOfPage\":{\"@id\":\"https:\/\/skaitytaknyga.lt\/produktas\/gabriele-dannunzio-geismu-kudikis-yra-nedidelis-defektas\/#primaryimage\"},\"image\":{\"@id\":\"https:\/\/skaitytaknyga.lt\/produktas\/gabriele-dannunzio-geismu-kudikis-yra-nedidelis-defektas\/#primaryimage\"},\"thumbnailUrl\":\"https:\/\/skaitytaknyga.lt\/wp-content\/uploads\/2024\/05\/104432-20171001-104400.jpg\",\"datePublished\":\"2024-05-02T13:03:04+00:00\",\"dateModified\":\"2025-05-28T06:31:33+00:00\",\"description\":\"\u201eGeism\u0173 k\u016bdikis\u201c \u2013 pirmasis ital\u0173 ra\u0161ytojo Gabriele d\u2018Annunzio romanas. Brandus, skaitymo i\u0161gyvenim\u0173 vertas k\u016brinys apie \u017emog\u0173, klaid\u017eiojant\u012f poetini\u0173 ie\u0161kojim\u0173 labirintais, \u017emog\u0173, kurio k\u016brybines kan\u010dias papildo skausmingi meil\u0117s i\u0161gyvenimai. Romano herojus, rafinuotas aristokratas, menininkas ir palaid\u016bnas, savo gyvenimo dievu pasirenka meil\u0119, praranda dvasin\u0119 pusiausvyr\u0105 ir panyra \u012f nepaliaujam\u0173 dvejoni\u0173 verpet\u0105. Jo k\u016bnas atsidav\u0119s meilei, o protas k\u016brybai, tos meil\u0117s apdainavimui. Betgi kuria linkme eiti, kam teikti pirmenyb\u0119: k\u016bni\u0161kai aistrai su fatali\u0161ka moterimi, dvasingai, poetizuotai \u017eemi\u0161kosios moters pavidalo esybei ar tiesiog atsiduoti tobulam, egzaltuotam menui. A.Sperelis, XIX a. pabaigos Romos dendis, tarnauja malonumams, o malonumai tarnauja jam, bet kokiom aprai\u0161kom, bet kokiom formom.\",\"breadcrumb\":{\"@id\":\"https:\/\/skaitytaknyga.lt\/produktas\/gabriele-dannunzio-geismu-kudikis-yra-nedidelis-defektas\/#breadcrumb\"},\"inLanguage\":\"en-GB\",\"potentialAction\":[{\"@type\":\"ReadAction\",\"target\":[\"https:\/\/skaitytaknyga.lt\/produktas\/gabriele-dannunzio-geismu-kudikis-yra-nedidelis-defektas\/\"]}]},{\"@type\":\"ImageObject\",\"inLanguage\":\"en-GB\",\"@id\":\"https:\/\/skaitytaknyga.lt\/produktas\/gabriele-dannunzio-geismu-kudikis-yra-nedidelis-defektas\/#primaryimage\",\"url\":\"https:\/\/skaitytaknyga.lt\/wp-content\/uploads\/2024\/05\/104432-20171001-104400.jpg\",\"contentUrl\":\"https:\/\/skaitytaknyga.lt\/wp-content\/uploads\/2024\/05\/104432-20171001-104400.jpg\",\"width\":541,\"height\":800},{\"@type\":\"BreadcrumbList\",\"@id\":\"https:\/\/skaitytaknyga.lt\/produktas\/gabriele-dannunzio-geismu-kudikis-yra-nedidelis-defektas\/#breadcrumb\",\"itemListElement\":[{\"@type\":\"ListItem\",\"position\":1,\"name\":\"Home\",\"item\":\"https:\/\/skaitytaknyga.lt\/\"},{\"@type\":\"ListItem\",\"position\":2,\"name\":\"Parduotuv\u0117\",\"item\":\"https:\/\/skaitytaknyga.lt\/knygu-parduotuve\/\"},{\"@type\":\"ListItem\",\"position\":3,\"name\":\"Geism\u0173 k\u016bdikis\"}]},{\"@type\":\"WebSite\",\"@id\":\"https:\/\/skaitytaknyga.lt\/#website\",\"url\":\"https:\/\/skaitytaknyga.lt\/\",\"name\":\"skaitytaknyga.lt\",\"description\":\"Skaitytaknyga.lt \u2013 tai ma\u017eas \u0161eimos verslas, kuris prasid\u0117jo nuo meil\u0117s knygoms ir siekio i\u0161gelb\u0117ti knygas nuo likimo prie konteinerio. Kas vienam nereikalingas daiktas \u2013 kitam lobis, o mes esame tarpininkai, kurie padeda abiems tapti laimingesniems ???? \u017dinome kaip nelengva i\u0161gyventi ma\u017eiems verslams, tad nuo \u0161iol, \u010dia rasite ir kit\u0173, ma\u017e\u0173 \u0161eim\u0173 versl\u0173, rank\u0173 darbo, dovan\u0173 sau ir artimiesiems.\",\"publisher\":{\"@id\":\"https:\/\/skaitytaknyga.lt\/#organization\"},\"potentialAction\":[{\"@type\":\"SearchAction\",\"target\":{\"@type\":\"EntryPoint\",\"urlTemplate\":\"https:\/\/skaitytaknyga.lt\/?s={search_term_string}\"},\"query-input\":{\"@type\":\"PropertyValueSpecification\",\"valueRequired\":true,\"valueName\":\"search_term_string\"}}],\"inLanguage\":\"en-GB\"},{\"@type\":\"Organization\",\"@id\":\"https:\/\/skaitytaknyga.lt\/#organization\",\"name\":\"skaitytaknyga.lt\",\"url\":\"https:\/\/skaitytaknyga.lt\/\",\"logo\":{\"@type\":\"ImageObject\",\"inLanguage\":\"en-GB\",\"@id\":\"https:\/\/skaitytaknyga.lt\/#\/schema\/logo\/image\/\",\"url\":\"https:\/\/skaitytaknyga.lt\/wp-content\/uploads\/2024\/05\/cropped-cropped-cropped-02_00843_jt3bggkj1j3HLc7SyY6rEUpg.jpeg\",\"contentUrl\":\"https:\/\/skaitytaknyga.lt\/wp-content\/uploads\/2024\/05\/cropped-cropped-cropped-02_00843_jt3bggkj1j3HLc7SyY6rEUpg.jpeg\",\"width\":1600,\"height\":1600,\"caption\":\"skaitytaknyga.lt\"},\"image\":{\"@id\":\"https:\/\/skaitytaknyga.lt\/#\/schema\/logo\/image\/\"},\"sameAs\":[\"https:\/\/www.facebook.com\/skaitytaknyga\/\"]}]}<\/script>\n<!-- \/ Yoast SEO plugin. -->","yoast_head_json":{"title":"Geism\u0173 k\u016bdikis","description":"\u201eGeism\u0173 k\u016bdikis\u201c \u2013 pirmasis ital\u0173 ra\u0161ytojo Gabriele d\u2018Annunzio romanas. Brandus, skaitymo i\u0161gyvenim\u0173 vertas k\u016brinys apie \u017emog\u0173, klaid\u017eiojant\u012f poetini\u0173 ie\u0161kojim\u0173 labirintais, \u017emog\u0173, kurio k\u016brybines kan\u010dias papildo skausmingi meil\u0117s i\u0161gyvenimai.  Romano herojus, rafinuotas aristokratas, menininkas ir palaid\u016bnas, savo gyvenimo dievu pasirenka meil\u0119, praranda dvasin\u0119 pusiausvyr\u0105 ir panyra \u012f nepaliaujam\u0173 dvejoni\u0173 verpet\u0105. Jo k\u016bnas atsidav\u0119s meilei, o protas k\u016brybai, tos meil\u0117s apdainavimui. Betgi kuria linkme eiti, kam teikti pirmenyb\u0119: k\u016bni\u0161kai aistrai su fatali\u0161ka moterimi, dvasingai, poetizuotai \u017eemi\u0161kosios moters pavidalo esybei ar tiesiog atsiduoti tobulam, egzaltuotam menui. A.Sperelis, XIX a. pabaigos Romos dendis, tarnauja malonumams, o malonumai tarnauja jam, bet kokiom aprai\u0161kom, bet kokiom formom.","robots":{"index":"index","follow":"follow","max-snippet":"max-snippet:-1","max-image-preview":"max-image-preview:large","max-video-preview":"max-video-preview:-1"},"canonical":"https:\/\/skaitytaknyga.lt\/en\/produktas\/gabriele-dannunzio-geismu-kudikis-yra-nedidelis-defektas\/","og_locale":"en_GB","og_type":"article","og_title":"[:lt]Geism\u0173 k\u016bdikis[:] - Skaitytaknyga","og_description":"\u201eGeism\u0173 k\u016bdikis\u201c \u2013 pirmasis ital\u0173 ra\u0161ytojo Gabriele d\u2018Annunzio romanas. Brandus, skaitymo i\u0161gyvenim\u0173 vertas k\u016brinys apie \u017emog\u0173, klaid\u017eiojant\u012f poetini\u0173 ie\u0161kojim\u0173 labirintais, \u017emog\u0173, kurio k\u016brybines kan\u010dias papildo skausmingi meil\u0117s i\u0161gyvenimai.  Romano herojus, rafinuotas aristokratas, menininkas ir palaid\u016bnas, savo gyvenimo dievu pasirenka meil\u0119, praranda dvasin\u0119 pusiausvyr\u0105 ir panyra \u012f nepaliaujam\u0173 dvejoni\u0173 verpet\u0105. Jo k\u016bnas atsidav\u0119s meilei, o protas k\u016brybai, tos meil\u0117s apdainavimui. Betgi kuria linkme eiti, kam teikti pirmenyb\u0119: k\u016bni\u0161kai aistrai su fatali\u0161ka moterimi, dvasingai, poetizuotai \u017eemi\u0161kosios moters pavidalo esybei ar tiesiog atsiduoti tobulam, egzaltuotam menui. A.Sperelis, XIX a. pabaigos Romos dendis, tarnauja malonumams, o malonumai tarnauja jam, bet kokiom aprai\u0161kom, bet kokiom formom.","og_url":"https:\/\/skaitytaknyga.lt\/en\/produktas\/gabriele-dannunzio-geismu-kudikis-yra-nedidelis-defektas\/","og_site_name":"Skaitytaknyga","article_publisher":"https:\/\/www.facebook.com\/skaitytaknyga\/","article_modified_time":"2025-05-28T06:31:33+00:00","og_image":[{"width":541,"height":800,"url":"https:\/\/skaitytaknyga.lt\/wp-content\/uploads\/2024\/05\/104432-20171001-104400.jpg","type":"image\/jpeg"}],"twitter_card":"summary_large_image","twitter_misc":{"Estimated reading time":"1 minute"},"schema":{"@context":"https:\/\/schema.org","@graph":[{"@type":"WebPage","@id":"https:\/\/skaitytaknyga.lt\/produktas\/gabriele-dannunzio-geismu-kudikis-yra-nedidelis-defektas\/","url":"https:\/\/skaitytaknyga.lt\/produktas\/gabriele-dannunzio-geismu-kudikis-yra-nedidelis-defektas\/","name":"Geism\u0173 k\u016bdikis","isPartOf":{"@id":"https:\/\/skaitytaknyga.lt\/#website"},"primaryImageOfPage":{"@id":"https:\/\/skaitytaknyga.lt\/produktas\/gabriele-dannunzio-geismu-kudikis-yra-nedidelis-defektas\/#primaryimage"},"image":{"@id":"https:\/\/skaitytaknyga.lt\/produktas\/gabriele-dannunzio-geismu-kudikis-yra-nedidelis-defektas\/#primaryimage"},"thumbnailUrl":"https:\/\/skaitytaknyga.lt\/wp-content\/uploads\/2024\/05\/104432-20171001-104400.jpg","datePublished":"2024-05-02T13:03:04+00:00","dateModified":"2025-05-28T06:31:33+00:00","description":"\u201eGeism\u0173 k\u016bdikis\u201c \u2013 pirmasis ital\u0173 ra\u0161ytojo Gabriele d\u2018Annunzio romanas. Brandus, skaitymo i\u0161gyvenim\u0173 vertas k\u016brinys apie \u017emog\u0173, klaid\u017eiojant\u012f poetini\u0173 ie\u0161kojim\u0173 labirintais, \u017emog\u0173, kurio k\u016brybines kan\u010dias papildo skausmingi meil\u0117s i\u0161gyvenimai. Romano herojus, rafinuotas aristokratas, menininkas ir palaid\u016bnas, savo gyvenimo dievu pasirenka meil\u0119, praranda dvasin\u0119 pusiausvyr\u0105 ir panyra \u012f nepaliaujam\u0173 dvejoni\u0173 verpet\u0105. Jo k\u016bnas atsidav\u0119s meilei, o protas k\u016brybai, tos meil\u0117s apdainavimui. Betgi kuria linkme eiti, kam teikti pirmenyb\u0119: k\u016bni\u0161kai aistrai su fatali\u0161ka moterimi, dvasingai, poetizuotai \u017eemi\u0161kosios moters pavidalo esybei ar tiesiog atsiduoti tobulam, egzaltuotam menui. A.Sperelis, XIX a. pabaigos Romos dendis, tarnauja malonumams, o malonumai tarnauja jam, bet kokiom aprai\u0161kom, bet kokiom formom.","breadcrumb":{"@id":"https:\/\/skaitytaknyga.lt\/produktas\/gabriele-dannunzio-geismu-kudikis-yra-nedidelis-defektas\/#breadcrumb"},"inLanguage":"en-GB","potentialAction":[{"@type":"ReadAction","target":["https:\/\/skaitytaknyga.lt\/produktas\/gabriele-dannunzio-geismu-kudikis-yra-nedidelis-defektas\/"]}]},{"@type":"ImageObject","inLanguage":"en-GB","@id":"https:\/\/skaitytaknyga.lt\/produktas\/gabriele-dannunzio-geismu-kudikis-yra-nedidelis-defektas\/#primaryimage","url":"https:\/\/skaitytaknyga.lt\/wp-content\/uploads\/2024\/05\/104432-20171001-104400.jpg","contentUrl":"https:\/\/skaitytaknyga.lt\/wp-content\/uploads\/2024\/05\/104432-20171001-104400.jpg","width":541,"height":800},{"@type":"BreadcrumbList","@id":"https:\/\/skaitytaknyga.lt\/produktas\/gabriele-dannunzio-geismu-kudikis-yra-nedidelis-defektas\/#breadcrumb","itemListElement":[{"@type":"ListItem","position":1,"name":"Home","item":"https:\/\/skaitytaknyga.lt\/"},{"@type":"ListItem","position":2,"name":"Parduotuv\u0117","item":"https:\/\/skaitytaknyga.lt\/knygu-parduotuve\/"},{"@type":"ListItem","position":3,"name":"Geism\u0173 k\u016bdikis"}]},{"@type":"WebSite","@id":"https:\/\/skaitytaknyga.lt\/#website","url":"https:\/\/skaitytaknyga.lt\/","name":"skaitytaknyga.lt","description":"Skaitytaknyga.lt \u2013 tai ma\u017eas \u0161eimos verslas, kuris prasid\u0117jo nuo meil\u0117s knygoms ir siekio i\u0161gelb\u0117ti knygas nuo likimo prie konteinerio. Kas vienam nereikalingas daiktas \u2013 kitam lobis, o mes esame tarpininkai, kurie padeda abiems tapti laimingesniems ???? \u017dinome kaip nelengva i\u0161gyventi ma\u017eiems verslams, tad nuo \u0161iol, \u010dia rasite ir kit\u0173, ma\u017e\u0173 \u0161eim\u0173 versl\u0173, rank\u0173 darbo, dovan\u0173 sau ir artimiesiems.","publisher":{"@id":"https:\/\/skaitytaknyga.lt\/#organization"},"potentialAction":[{"@type":"SearchAction","target":{"@type":"EntryPoint","urlTemplate":"https:\/\/skaitytaknyga.lt\/?s={search_term_string}"},"query-input":{"@type":"PropertyValueSpecification","valueRequired":true,"valueName":"search_term_string"}}],"inLanguage":"en-GB"},{"@type":"Organization","@id":"https:\/\/skaitytaknyga.lt\/#organization","name":"skaitytaknyga.lt","url":"https:\/\/skaitytaknyga.lt\/","logo":{"@type":"ImageObject","inLanguage":"en-GB","@id":"https:\/\/skaitytaknyga.lt\/#\/schema\/logo\/image\/","url":"https:\/\/skaitytaknyga.lt\/wp-content\/uploads\/2024\/05\/cropped-cropped-cropped-02_00843_jt3bggkj1j3HLc7SyY6rEUpg.jpeg","contentUrl":"https:\/\/skaitytaknyga.lt\/wp-content\/uploads\/2024\/05\/cropped-cropped-cropped-02_00843_jt3bggkj1j3HLc7SyY6rEUpg.jpeg","width":1600,"height":1600,"caption":"skaitytaknyga.lt"},"image":{"@id":"https:\/\/skaitytaknyga.lt\/#\/schema\/logo\/image\/"},"sameAs":["https:\/\/www.facebook.com\/skaitytaknyga\/"]}]}},"_links":{"self":[{"href":"https:\/\/skaitytaknyga.lt\/en\/wp-json\/wp\/v2\/product\/5987","targetHints":{"allow":["GET"]}}],"collection":[{"href":"https:\/\/skaitytaknyga.lt\/en\/wp-json\/wp\/v2\/product"}],"about":[{"href":"https:\/\/skaitytaknyga.lt\/en\/wp-json\/wp\/v2\/types\/product"}],"replies":[{"embeddable":true,"href":"https:\/\/skaitytaknyga.lt\/en\/wp-json\/wp\/v2\/comments?post=5987"}],"wp:featuredmedia":[{"embeddable":true,"href":"https:\/\/skaitytaknyga.lt\/en\/wp-json\/wp\/v2\/media\/5999"}],"wp:attachment":[{"href":"https:\/\/skaitytaknyga.lt\/en\/wp-json\/wp\/v2\/media?parent=5987"}],"wp:term":[{"taxonomy":"product_brand","embeddable":true,"href":"https:\/\/skaitytaknyga.lt\/en\/wp-json\/wp\/v2\/product_brand?post=5987"},{"taxonomy":"product_cat","embeddable":true,"href":"https:\/\/skaitytaknyga.lt\/en\/wp-json\/wp\/v2\/product_cat?post=5987"},{"taxonomy":"product_tag","embeddable":true,"href":"https:\/\/skaitytaknyga.lt\/en\/wp-json\/wp\/v2\/product_tag?post=5987"}],"curies":[{"name":"wp","href":"https:\/\/api.w.org\/{rel}","templated":true}]}}