{"id":5976,"date":"2024-05-02T13:02:41","date_gmt":"2024-05-02T13:02:41","guid":{"rendered":"https:\/\/skaitytaknyga.lt\/?post_type=product&#038;p=5976"},"modified":"2024-05-03T07:29:30","modified_gmt":"2024-05-03T07:29:30","slug":"alain-robbe-grillet-labirinte","status":"publish","type":"product","link":"https:\/\/skaitytaknyga.lt\/en\/produktas\/alain-robbe-grillet-labirinte\/","title":{"rendered":"Alain Robbe &#8211; Grillet \u201eLabirinte\u201c"},"content":{"rendered":"<p>\u0160iame savitame ir \u012fdomiame romane matome original\u0173 \u0161iam autoriui b\u016bding\u0105 vaizdavimo metod\u0105: pasakotojas panyra \u012f keistus vaizdus, kurie virsta galvos\u016bkiais, nes nuolat tr\u016bksta vaizdo pilnatv\u0119 atstatan\u010di\u0173 detali\u0173. Daikt\u0173, atspind\u017ei\u0173, \u0161e\u0161\u0117li\u0173, koridori\u0173, laipt\u0173, gatvi\u0173 ir sankry\u017e\u0173 labirinte klaid\u017eioja i\u0161sekinta s\u0105mon\u0117, ie\u0161kanti vaizdo pilnatv\u0117s ir prasm\u0117s.<\/p>\n","protected":false},"excerpt":{"rendered":"<p>\u0160iame savitame ir \u012fdomiame romane matome original\u0173 \u0161iam autoriui b\u016bding\u0105 vaizdavimo metod\u0105: pasakotojas panyra \u012f keistus vaizdus, kurie virsta galvos\u016bkiais, nes nuolat tr\u016bksta vaizdo pilnatv\u0119 atstatan\u010di\u0173 detali\u0173. Daikt\u0173, atspind\u017ei\u0173, \u0161e\u0161\u0117li\u0173, koridori\u0173, laipt\u0173, gatvi\u0173 ir sankry\u017e\u0173 labirinte klaid\u017eioja i\u0161sekinta s\u0105mon\u0117, ie\u0161kanti vaizdo pilnatv\u0117s ir prasm\u0117s.<\/p>\n","protected":false},"featured_media":5996,"comment_status":"closed","ping_status":"closed","template":"","meta":{"_acf_changed":false,"site-sidebar-layout":"default","site-content-layout":"","ast-site-content-layout":"default","site-content-style":"default","site-sidebar-style":"default","ast-global-header-display":"","ast-banner-title-visibility":"","ast-main-header-display":"","ast-hfb-above-header-display":"","ast-hfb-below-header-display":"","ast-hfb-mobile-header-display":"","site-post-title":"","ast-breadcrumbs-content":"","ast-featured-img":"","footer-sml-layout":"","ast-disable-related-posts":"","theme-transparent-header-meta":"","adv-header-id-meta":"","stick-header-meta":"","header-above-stick-meta":"","header-main-stick-meta":"","header-below-stick-meta":"","astra-migrate-meta-layouts":"default","ast-page-background-enabled":"default","ast-page-background-meta":{"desktop":{"background-color":"","background-image":"","background-repeat":"repeat","background-position":"center center","background-size":"auto","background-attachment":"scroll","background-type":"","background-media":"","overlay-type":"","overlay-color":"","overlay-opacity":"","overlay-gradient":""},"tablet":{"background-color":"","background-image":"","background-repeat":"repeat","background-position":"center center","background-size":"auto","background-attachment":"scroll","background-type":"","background-media":"","overlay-type":"","overlay-color":"","overlay-opacity":"","overlay-gradient":""},"mobile":{"background-color":"","background-image":"","background-repeat":"repeat","background-position":"center center","background-size":"auto","background-attachment":"scroll","background-type":"","background-media":"","overlay-type":"","overlay-color":"","overlay-opacity":"","overlay-gradient":""}},"ast-content-background-meta":{"desktop":{"background-color":"var(--ast-global-color-4)","background-image":"","background-repeat":"repeat","background-position":"center center","background-size":"auto","background-attachment":"scroll","background-type":"","background-media":"","overlay-type":"","overlay-color":"","overlay-opacity":"","overlay-gradient":""},"tablet":{"background-color":"var(--ast-global-color-4)","background-image":"","background-repeat":"repeat","background-position":"center center","background-size":"auto","background-attachment":"scroll","background-type":"","background-media":"","overlay-type":"","overlay-color":"","overlay-opacity":"","overlay-gradient":""},"mobile":{"background-color":"var(--ast-global-color-4)","background-image":"","background-repeat":"repeat","background-position":"center center","background-size":"auto","background-attachment":"scroll","background-type":"","background-media":"","overlay-type":"","overlay-color":"","overlay-opacity":"","overlay-gradient":""}}},"product_brand":[],"product_cat":[31],"product_tag":[],"class_list":{"0":"post-5976","1":"product","2":"type-product","3":"status-publish","4":"has-post-thumbnail","6":"product_cat-grozine-literatura","7":"desktop-align-left","8":"tablet-align-left","9":"mobile-align-left","11":"first","12":"instock","13":"shipping-taxable","14":"purchasable","15":"product-type-simple"},"acf":[],"yoast_head":"<!-- This site is optimized with the Yoast SEO plugin v27.0 - https:\/\/yoast.com\/product\/yoast-seo-wordpress\/ -->\n<title>Alain Robbe - Grillet \u201eLabirinte\u201c - Skaitytaknyga<\/title>\n<meta name=\"description\" content=\"\u0160iame savitame ir \u012fdomiame romane matome original\u0173 \u0161iam autoriui b\u016bding\u0105 vaizdavimo metod\u0105: pasakotojas panyra \u012f keistus vaizdus, kurie virsta galvos\u016bkiais, nes nuolat tr\u016bksta vaizdo pilnatv\u0119 atstatan\u010di\u0173 detali\u0173. Daikt\u0173, atspind\u017ei\u0173, \u0161e\u0161\u0117li\u0173, koridori\u0173, laipt\u0173, gatvi\u0173 ir sankry\u017e\u0173 labirinte klaid\u017eioja i\u0161sekinta s\u0105mon\u0117, ie\u0161kanti vaizdo pilnatv\u0117s ir prasm\u0117s.\" \/>\n<meta name=\"robots\" content=\"index, follow, max-snippet:-1, max-image-preview:large, max-video-preview:-1\" \/>\n<link rel=\"canonical\" href=\"https:\/\/skaitytaknyga.lt\/en\/produktas\/alain-robbe-grillet-labirinte\/\" \/>\n<meta property=\"og:locale\" content=\"en_GB\" \/>\n<meta property=\"og:locale:alternate\" content=\"lt_LT\" \/>\n<meta property=\"og:type\" content=\"article\" \/>\n<meta property=\"og:title\" content=\"Alain Robbe - Grillet \u201eLabirinte\u201c - Skaitytaknyga\" \/>\n<meta property=\"og:description\" content=\"\u0160iame savitame ir \u012fdomiame romane matome original\u0173 \u0161iam autoriui b\u016bding\u0105 vaizdavimo metod\u0105: pasakotojas panyra \u012f keistus vaizdus, kurie virsta galvos\u016bkiais, nes nuolat tr\u016bksta vaizdo pilnatv\u0119 atstatan\u010di\u0173 detali\u0173. Daikt\u0173, atspind\u017ei\u0173, \u0161e\u0161\u0117li\u0173, koridori\u0173, laipt\u0173, gatvi\u0173 ir sankry\u017e\u0173 labirinte klaid\u017eioja i\u0161sekinta s\u0105mon\u0117, ie\u0161kanti vaizdo pilnatv\u0117s ir prasm\u0117s.\" \/>\n<meta property=\"og:url\" content=\"https:\/\/skaitytaknyga.lt\/en\/produktas\/alain-robbe-grillet-labirinte\/\" \/>\n<meta property=\"og:site_name\" content=\"Skaitytaknyga\" \/>\n<meta property=\"article:publisher\" content=\"https:\/\/www.facebook.com\/skaitytaknyga\/\" \/>\n<meta property=\"article:modified_time\" content=\"2024-05-03T07:29:30+00:00\" \/>\n<meta property=\"og:image\" content=\"https:\/\/skaitytaknyga.lt\/wp-content\/uploads\/2024\/05\/1462876175_labirinte.jpg\" \/>\n\t<meta property=\"og:image:width\" content=\"287\" \/>\n\t<meta property=\"og:image:height\" content=\"430\" \/>\n\t<meta property=\"og:image:type\" content=\"image\/jpeg\" \/>\n<meta name=\"twitter:card\" content=\"summary_large_image\" \/>\n<meta name=\"twitter:label1\" content=\"Estimated reading time\" \/>\n\t<meta name=\"twitter:data1\" content=\"1 minute\" \/>\n<script type=\"application\/ld+json\" class=\"yoast-schema-graph\">{\"@context\":\"https:\/\/schema.org\",\"@graph\":[{\"@type\":\"WebPage\",\"@id\":\"https:\/\/skaitytaknyga.lt\/produktas\/alain-robbe-grillet-labirinte\/\",\"url\":\"https:\/\/skaitytaknyga.lt\/produktas\/alain-robbe-grillet-labirinte\/\",\"name\":\"Alain Robbe - Grillet \u201eLabirinte\u201c - Skaitytaknyga\",\"isPartOf\":{\"@id\":\"https:\/\/skaitytaknyga.lt\/#website\"},\"primaryImageOfPage\":{\"@id\":\"https:\/\/skaitytaknyga.lt\/produktas\/alain-robbe-grillet-labirinte\/#primaryimage\"},\"image\":{\"@id\":\"https:\/\/skaitytaknyga.lt\/produktas\/alain-robbe-grillet-labirinte\/#primaryimage\"},\"thumbnailUrl\":\"https:\/\/skaitytaknyga.lt\/wp-content\/uploads\/2024\/05\/1462876175_labirinte.jpg\",\"datePublished\":\"2024-05-02T13:02:41+00:00\",\"dateModified\":\"2024-05-03T07:29:30+00:00\",\"description\":\"\u0160iame savitame ir \u012fdomiame romane matome original\u0173 \u0161iam autoriui b\u016bding\u0105 vaizdavimo metod\u0105: pasakotojas panyra \u012f keistus vaizdus, kurie virsta galvos\u016bkiais, nes nuolat tr\u016bksta vaizdo pilnatv\u0119 atstatan\u010di\u0173 detali\u0173. Daikt\u0173, atspind\u017ei\u0173, \u0161e\u0161\u0117li\u0173, koridori\u0173, laipt\u0173, gatvi\u0173 ir sankry\u017e\u0173 labirinte klaid\u017eioja i\u0161sekinta s\u0105mon\u0117, ie\u0161kanti vaizdo pilnatv\u0117s ir prasm\u0117s.\",\"breadcrumb\":{\"@id\":\"https:\/\/skaitytaknyga.lt\/produktas\/alain-robbe-grillet-labirinte\/#breadcrumb\"},\"inLanguage\":\"en-GB\",\"potentialAction\":[{\"@type\":\"ReadAction\",\"target\":[\"https:\/\/skaitytaknyga.lt\/produktas\/alain-robbe-grillet-labirinte\/\"]}]},{\"@type\":\"ImageObject\",\"inLanguage\":\"en-GB\",\"@id\":\"https:\/\/skaitytaknyga.lt\/produktas\/alain-robbe-grillet-labirinte\/#primaryimage\",\"url\":\"https:\/\/skaitytaknyga.lt\/wp-content\/uploads\/2024\/05\/1462876175_labirinte.jpg\",\"contentUrl\":\"https:\/\/skaitytaknyga.lt\/wp-content\/uploads\/2024\/05\/1462876175_labirinte.jpg\",\"width\":287,\"height\":430},{\"@type\":\"BreadcrumbList\",\"@id\":\"https:\/\/skaitytaknyga.lt\/produktas\/alain-robbe-grillet-labirinte\/#breadcrumb\",\"itemListElement\":[{\"@type\":\"ListItem\",\"position\":1,\"name\":\"Home\",\"item\":\"https:\/\/skaitytaknyga.lt\/\"},{\"@type\":\"ListItem\",\"position\":2,\"name\":\"Parduotuv\u0117\",\"item\":\"https:\/\/skaitytaknyga.lt\/knygu-parduotuve\/\"},{\"@type\":\"ListItem\",\"position\":3,\"name\":\"Alain Robbe &#8211; Grillet \u201eLabirinte\u201c\"}]},{\"@type\":\"WebSite\",\"@id\":\"https:\/\/skaitytaknyga.lt\/#website\",\"url\":\"https:\/\/skaitytaknyga.lt\/\",\"name\":\"skaitytaknyga.lt\",\"description\":\"Skaitytaknyga.lt \u2013 tai ma\u017eas \u0161eimos verslas, kuris prasid\u0117jo nuo meil\u0117s knygoms ir siekio i\u0161gelb\u0117ti knygas nuo likimo prie konteinerio. Kas vienam nereikalingas daiktas \u2013 kitam lobis, o mes esame tarpininkai, kurie padeda abiems tapti laimingesniems ???? \u017dinome kaip nelengva i\u0161gyventi ma\u017eiems verslams, tad nuo \u0161iol, \u010dia rasite ir kit\u0173, ma\u017e\u0173 \u0161eim\u0173 versl\u0173, rank\u0173 darbo, dovan\u0173 sau ir artimiesiems.\",\"publisher\":{\"@id\":\"https:\/\/skaitytaknyga.lt\/#organization\"},\"potentialAction\":[{\"@type\":\"SearchAction\",\"target\":{\"@type\":\"EntryPoint\",\"urlTemplate\":\"https:\/\/skaitytaknyga.lt\/?s={search_term_string}\"},\"query-input\":{\"@type\":\"PropertyValueSpecification\",\"valueRequired\":true,\"valueName\":\"search_term_string\"}}],\"inLanguage\":\"en-GB\"},{\"@type\":\"Organization\",\"@id\":\"https:\/\/skaitytaknyga.lt\/#organization\",\"name\":\"skaitytaknyga.lt\",\"url\":\"https:\/\/skaitytaknyga.lt\/\",\"logo\":{\"@type\":\"ImageObject\",\"inLanguage\":\"en-GB\",\"@id\":\"https:\/\/skaitytaknyga.lt\/#\/schema\/logo\/image\/\",\"url\":\"https:\/\/skaitytaknyga.lt\/wp-content\/uploads\/2024\/05\/cropped-cropped-cropped-02_00843_jt3bggkj1j3HLc7SyY6rEUpg.jpeg\",\"contentUrl\":\"https:\/\/skaitytaknyga.lt\/wp-content\/uploads\/2024\/05\/cropped-cropped-cropped-02_00843_jt3bggkj1j3HLc7SyY6rEUpg.jpeg\",\"width\":1600,\"height\":1600,\"caption\":\"skaitytaknyga.lt\"},\"image\":{\"@id\":\"https:\/\/skaitytaknyga.lt\/#\/schema\/logo\/image\/\"},\"sameAs\":[\"https:\/\/www.facebook.com\/skaitytaknyga\/\"]}]}<\/script>\n<!-- \/ Yoast SEO plugin. -->","yoast_head_json":{"title":"Alain Robbe - Grillet \u201eLabirinte\u201c - Skaitytaknyga","description":"\u0160iame savitame ir \u012fdomiame romane matome original\u0173 \u0161iam autoriui b\u016bding\u0105 vaizdavimo metod\u0105: pasakotojas panyra \u012f keistus vaizdus, kurie virsta galvos\u016bkiais, nes nuolat tr\u016bksta vaizdo pilnatv\u0119 atstatan\u010di\u0173 detali\u0173. Daikt\u0173, atspind\u017ei\u0173, \u0161e\u0161\u0117li\u0173, koridori\u0173, laipt\u0173, gatvi\u0173 ir sankry\u017e\u0173 labirinte klaid\u017eioja i\u0161sekinta s\u0105mon\u0117, ie\u0161kanti vaizdo pilnatv\u0117s ir prasm\u0117s.","robots":{"index":"index","follow":"follow","max-snippet":"max-snippet:-1","max-image-preview":"max-image-preview:large","max-video-preview":"max-video-preview:-1"},"canonical":"https:\/\/skaitytaknyga.lt\/en\/produktas\/alain-robbe-grillet-labirinte\/","og_locale":"en_GB","og_type":"article","og_title":"Alain Robbe - Grillet \u201eLabirinte\u201c - Skaitytaknyga","og_description":"\u0160iame savitame ir \u012fdomiame romane matome original\u0173 \u0161iam autoriui b\u016bding\u0105 vaizdavimo metod\u0105: pasakotojas panyra \u012f keistus vaizdus, kurie virsta galvos\u016bkiais, nes nuolat tr\u016bksta vaizdo pilnatv\u0119 atstatan\u010di\u0173 detali\u0173. Daikt\u0173, atspind\u017ei\u0173, \u0161e\u0161\u0117li\u0173, koridori\u0173, laipt\u0173, gatvi\u0173 ir sankry\u017e\u0173 labirinte klaid\u017eioja i\u0161sekinta s\u0105mon\u0117, ie\u0161kanti vaizdo pilnatv\u0117s ir prasm\u0117s.","og_url":"https:\/\/skaitytaknyga.lt\/en\/produktas\/alain-robbe-grillet-labirinte\/","og_site_name":"Skaitytaknyga","article_publisher":"https:\/\/www.facebook.com\/skaitytaknyga\/","article_modified_time":"2024-05-03T07:29:30+00:00","og_image":[{"width":287,"height":430,"url":"https:\/\/skaitytaknyga.lt\/wp-content\/uploads\/2024\/05\/1462876175_labirinte.jpg","type":"image\/jpeg"}],"twitter_card":"summary_large_image","twitter_misc":{"Estimated reading time":"1 minute"},"schema":{"@context":"https:\/\/schema.org","@graph":[{"@type":"WebPage","@id":"https:\/\/skaitytaknyga.lt\/produktas\/alain-robbe-grillet-labirinte\/","url":"https:\/\/skaitytaknyga.lt\/produktas\/alain-robbe-grillet-labirinte\/","name":"Alain Robbe - Grillet \u201eLabirinte\u201c - Skaitytaknyga","isPartOf":{"@id":"https:\/\/skaitytaknyga.lt\/#website"},"primaryImageOfPage":{"@id":"https:\/\/skaitytaknyga.lt\/produktas\/alain-robbe-grillet-labirinte\/#primaryimage"},"image":{"@id":"https:\/\/skaitytaknyga.lt\/produktas\/alain-robbe-grillet-labirinte\/#primaryimage"},"thumbnailUrl":"https:\/\/skaitytaknyga.lt\/wp-content\/uploads\/2024\/05\/1462876175_labirinte.jpg","datePublished":"2024-05-02T13:02:41+00:00","dateModified":"2024-05-03T07:29:30+00:00","description":"\u0160iame savitame ir \u012fdomiame romane matome original\u0173 \u0161iam autoriui b\u016bding\u0105 vaizdavimo metod\u0105: pasakotojas panyra \u012f keistus vaizdus, kurie virsta galvos\u016bkiais, nes nuolat tr\u016bksta vaizdo pilnatv\u0119 atstatan\u010di\u0173 detali\u0173. Daikt\u0173, atspind\u017ei\u0173, \u0161e\u0161\u0117li\u0173, koridori\u0173, laipt\u0173, gatvi\u0173 ir sankry\u017e\u0173 labirinte klaid\u017eioja i\u0161sekinta s\u0105mon\u0117, ie\u0161kanti vaizdo pilnatv\u0117s ir prasm\u0117s.","breadcrumb":{"@id":"https:\/\/skaitytaknyga.lt\/produktas\/alain-robbe-grillet-labirinte\/#breadcrumb"},"inLanguage":"en-GB","potentialAction":[{"@type":"ReadAction","target":["https:\/\/skaitytaknyga.lt\/produktas\/alain-robbe-grillet-labirinte\/"]}]},{"@type":"ImageObject","inLanguage":"en-GB","@id":"https:\/\/skaitytaknyga.lt\/produktas\/alain-robbe-grillet-labirinte\/#primaryimage","url":"https:\/\/skaitytaknyga.lt\/wp-content\/uploads\/2024\/05\/1462876175_labirinte.jpg","contentUrl":"https:\/\/skaitytaknyga.lt\/wp-content\/uploads\/2024\/05\/1462876175_labirinte.jpg","width":287,"height":430},{"@type":"BreadcrumbList","@id":"https:\/\/skaitytaknyga.lt\/produktas\/alain-robbe-grillet-labirinte\/#breadcrumb","itemListElement":[{"@type":"ListItem","position":1,"name":"Home","item":"https:\/\/skaitytaknyga.lt\/"},{"@type":"ListItem","position":2,"name":"Parduotuv\u0117","item":"https:\/\/skaitytaknyga.lt\/knygu-parduotuve\/"},{"@type":"ListItem","position":3,"name":"Alain Robbe &#8211; Grillet \u201eLabirinte\u201c"}]},{"@type":"WebSite","@id":"https:\/\/skaitytaknyga.lt\/#website","url":"https:\/\/skaitytaknyga.lt\/","name":"skaitytaknyga.lt","description":"Skaitytaknyga.lt \u2013 tai ma\u017eas \u0161eimos verslas, kuris prasid\u0117jo nuo meil\u0117s knygoms ir siekio i\u0161gelb\u0117ti knygas nuo likimo prie konteinerio. Kas vienam nereikalingas daiktas \u2013 kitam lobis, o mes esame tarpininkai, kurie padeda abiems tapti laimingesniems ???? \u017dinome kaip nelengva i\u0161gyventi ma\u017eiems verslams, tad nuo \u0161iol, \u010dia rasite ir kit\u0173, ma\u017e\u0173 \u0161eim\u0173 versl\u0173, rank\u0173 darbo, dovan\u0173 sau ir artimiesiems.","publisher":{"@id":"https:\/\/skaitytaknyga.lt\/#organization"},"potentialAction":[{"@type":"SearchAction","target":{"@type":"EntryPoint","urlTemplate":"https:\/\/skaitytaknyga.lt\/?s={search_term_string}"},"query-input":{"@type":"PropertyValueSpecification","valueRequired":true,"valueName":"search_term_string"}}],"inLanguage":"en-GB"},{"@type":"Organization","@id":"https:\/\/skaitytaknyga.lt\/#organization","name":"skaitytaknyga.lt","url":"https:\/\/skaitytaknyga.lt\/","logo":{"@type":"ImageObject","inLanguage":"en-GB","@id":"https:\/\/skaitytaknyga.lt\/#\/schema\/logo\/image\/","url":"https:\/\/skaitytaknyga.lt\/wp-content\/uploads\/2024\/05\/cropped-cropped-cropped-02_00843_jt3bggkj1j3HLc7SyY6rEUpg.jpeg","contentUrl":"https:\/\/skaitytaknyga.lt\/wp-content\/uploads\/2024\/05\/cropped-cropped-cropped-02_00843_jt3bggkj1j3HLc7SyY6rEUpg.jpeg","width":1600,"height":1600,"caption":"skaitytaknyga.lt"},"image":{"@id":"https:\/\/skaitytaknyga.lt\/#\/schema\/logo\/image\/"},"sameAs":["https:\/\/www.facebook.com\/skaitytaknyga\/"]}]}},"_links":{"self":[{"href":"https:\/\/skaitytaknyga.lt\/en\/wp-json\/wp\/v2\/product\/5976","targetHints":{"allow":["GET"]}}],"collection":[{"href":"https:\/\/skaitytaknyga.lt\/en\/wp-json\/wp\/v2\/product"}],"about":[{"href":"https:\/\/skaitytaknyga.lt\/en\/wp-json\/wp\/v2\/types\/product"}],"replies":[{"embeddable":true,"href":"https:\/\/skaitytaknyga.lt\/en\/wp-json\/wp\/v2\/comments?post=5976"}],"wp:featuredmedia":[{"embeddable":true,"href":"https:\/\/skaitytaknyga.lt\/en\/wp-json\/wp\/v2\/media\/5996"}],"wp:attachment":[{"href":"https:\/\/skaitytaknyga.lt\/en\/wp-json\/wp\/v2\/media?parent=5976"}],"wp:term":[{"taxonomy":"product_brand","embeddable":true,"href":"https:\/\/skaitytaknyga.lt\/en\/wp-json\/wp\/v2\/product_brand?post=5976"},{"taxonomy":"product_cat","embeddable":true,"href":"https:\/\/skaitytaknyga.lt\/en\/wp-json\/wp\/v2\/product_cat?post=5976"},{"taxonomy":"product_tag","embeddable":true,"href":"https:\/\/skaitytaknyga.lt\/en\/wp-json\/wp\/v2\/product_tag?post=5976"}],"curies":[{"name":"wp","href":"https:\/\/api.w.org\/{rel}","templated":true}]}}