{"id":5973,"date":"2024-05-02T13:02:41","date_gmt":"2024-05-02T13:02:41","guid":{"rendered":"https:\/\/skaitytaknyga.lt\/?post_type=product&#038;p=5973"},"modified":"2024-05-03T07:29:30","modified_gmt":"2024-05-03T07:29:30","slug":"kasdienio-gyvenimo-strategija-klasikinis-sekmes-ir-noru-issipildymu-vadovas","status":"publish","type":"product","link":"https:\/\/skaitytaknyga.lt\/en\/produktas\/kasdienio-gyvenimo-strategija-klasikinis-sekmes-ir-noru-issipildymu-vadovas\/","title":{"rendered":"Kasdienio gyvenimo strategija: klasikinis s\u0117km\u0117s ir nor\u0173 i\u0161sipildym\u0173 vadovas"},"content":{"rendered":"<p>Knyga \u201eKasdienio gyvenimo strategija\u201c \u2013 puikus vadovas, kupinas praktini\u0173 \u012f\u017evalg\u0173, padedantis atskleisti dvasios ir k\u016brybos galias, i\u0161vengti krizi\u0173, nepal\u016b\u017eti kasdienyb\u0117s sumai\u0161tyje. Analizuodamas gyvenimi\u0161kas situacijas, pateikdamas kasdienio gyvenimo taisykles ir principus, ra\u0161ytojas skatina pasitik\u0117ti savimi, i\u0161naudoti savo sugeb\u0117jimus, veikti, susikurti sav\u0105j\u0105 kasdienio gyvenimo strategij\u0105 ir atrasti Visatoje savo tikr\u0105j\u0105 viet\u0105.<\/p>\n","protected":false},"excerpt":{"rendered":"<p>Knyga \u201eKasdienio gyvenimo strategija\u201c \u2013 puikus vadovas, kupinas praktini\u0173 \u012f\u017evalg\u0173, padedantis atskleisti dvasios ir k\u016brybos galias, i\u0161vengti krizi\u0173, nepal\u016b\u017eti kasdienyb\u0117s sumai\u0161tyje. Analizuodamas gyvenimi\u0161kas situacijas, pateikdamas kasdienio gyvenimo taisykles ir principus, ra\u0161ytojas skatina pasitik\u0117ti savimi, i\u0161naudoti savo sugeb\u0117jimus, veikti, susikurti sav\u0105j\u0105 kasdienio gyvenimo strategij\u0105 ir atrasti Visatoje savo tikr\u0105j\u0105 viet\u0105.<\/p>\n","protected":false},"featured_media":5985,"comment_status":"closed","ping_status":"closed","template":"","meta":{"_acf_changed":false,"site-sidebar-layout":"default","site-content-layout":"","ast-site-content-layout":"default","site-content-style":"default","site-sidebar-style":"default","ast-global-header-display":"","ast-banner-title-visibility":"","ast-main-header-display":"","ast-hfb-above-header-display":"","ast-hfb-below-header-display":"","ast-hfb-mobile-header-display":"","site-post-title":"","ast-breadcrumbs-content":"","ast-featured-img":"","footer-sml-layout":"","ast-disable-related-posts":"","theme-transparent-header-meta":"","adv-header-id-meta":"","stick-header-meta":"","header-above-stick-meta":"","header-main-stick-meta":"","header-below-stick-meta":"","astra-migrate-meta-layouts":"default","ast-page-background-enabled":"default","ast-page-background-meta":{"desktop":{"background-color":"","background-image":"","background-repeat":"repeat","background-position":"center center","background-size":"auto","background-attachment":"scroll","background-type":"","background-media":"","overlay-type":"","overlay-color":"","overlay-opacity":"","overlay-gradient":""},"tablet":{"background-color":"","background-image":"","background-repeat":"repeat","background-position":"center center","background-size":"auto","background-attachment":"scroll","background-type":"","background-media":"","overlay-type":"","overlay-color":"","overlay-opacity":"","overlay-gradient":""},"mobile":{"background-color":"","background-image":"","background-repeat":"repeat","background-position":"center center","background-size":"auto","background-attachment":"scroll","background-type":"","background-media":"","overlay-type":"","overlay-color":"","overlay-opacity":"","overlay-gradient":""}},"ast-content-background-meta":{"desktop":{"background-color":"var(--ast-global-color-4)","background-image":"","background-repeat":"repeat","background-position":"center center","background-size":"auto","background-attachment":"scroll","background-type":"","background-media":"","overlay-type":"","overlay-color":"","overlay-opacity":"","overlay-gradient":""},"tablet":{"background-color":"var(--ast-global-color-4)","background-image":"","background-repeat":"repeat","background-position":"center center","background-size":"auto","background-attachment":"scroll","background-type":"","background-media":"","overlay-type":"","overlay-color":"","overlay-opacity":"","overlay-gradient":""},"mobile":{"background-color":"var(--ast-global-color-4)","background-image":"","background-repeat":"repeat","background-position":"center center","background-size":"auto","background-attachment":"scroll","background-type":"","background-media":"","overlay-type":"","overlay-color":"","overlay-opacity":"","overlay-gradient":""}}},"product_brand":[],"product_cat":[30],"product_tag":[],"class_list":{"0":"post-5973","1":"product","2":"type-product","3":"status-publish","4":"has-post-thumbnail","6":"product_cat-psichologija-ir-saviugda","7":"desktop-align-left","8":"tablet-align-left","9":"mobile-align-left","11":"first","12":"instock","13":"shipping-taxable","14":"purchasable","15":"product-type-simple"},"acf":[],"yoast_head":"<!-- This site is optimized with the Yoast SEO plugin v27.0 - https:\/\/yoast.com\/product\/yoast-seo-wordpress\/ -->\n<title>Kasdienio gyvenimo strategija: klasikinis s\u0117km\u0117s ir nor\u0173 i\u0161sipildym\u0173 vadovas - Skaitytaknyga<\/title>\n<meta name=\"description\" content=\"Knyga \u201eKasdienio gyvenimo strategija\u201c \u2013 puikus vadovas, kupinas praktini\u0173 \u012f\u017evalg\u0173, padedantis atskleisti dvasios ir k\u016brybos galias, i\u0161vengti krizi\u0173, nepal\u016b\u017eti kasdienyb\u0117s sumai\u0161tyje. Analizuodamas gyvenimi\u0161kas situacijas, pateikdamas kasdienio gyvenimo taisykles ir principus, ra\u0161ytojas skatina pasitik\u0117ti savimi, i\u0161naudoti savo sugeb\u0117jimus, veikti, susikurti sav\u0105j\u0105 kasdienio gyvenimo strategij\u0105 ir atrasti Visatoje savo tikr\u0105j\u0105 viet\u0105.\" \/>\n<meta name=\"robots\" content=\"index, follow, max-snippet:-1, max-image-preview:large, max-video-preview:-1\" \/>\n<link rel=\"canonical\" href=\"https:\/\/skaitytaknyga.lt\/en\/produktas\/kasdienio-gyvenimo-strategija-klasikinis-sekmes-ir-noru-issipildymu-vadovas\/\" \/>\n<meta property=\"og:locale\" content=\"en_GB\" \/>\n<meta property=\"og:locale:alternate\" content=\"lt_LT\" \/>\n<meta property=\"og:type\" content=\"article\" \/>\n<meta property=\"og:title\" content=\"Kasdienio gyvenimo strategija: klasikinis s\u0117km\u0117s ir nor\u0173 i\u0161sipildym\u0173 vadovas - Skaitytaknyga\" \/>\n<meta property=\"og:description\" content=\"Knyga \u201eKasdienio gyvenimo strategija\u201c \u2013 puikus vadovas, kupinas praktini\u0173 \u012f\u017evalg\u0173, padedantis atskleisti dvasios ir k\u016brybos galias, i\u0161vengti krizi\u0173, nepal\u016b\u017eti kasdienyb\u0117s sumai\u0161tyje. Analizuodamas gyvenimi\u0161kas situacijas, pateikdamas kasdienio gyvenimo taisykles ir principus, ra\u0161ytojas skatina pasitik\u0117ti savimi, i\u0161naudoti savo sugeb\u0117jimus, veikti, susikurti sav\u0105j\u0105 kasdienio gyvenimo strategij\u0105 ir atrasti Visatoje savo tikr\u0105j\u0105 viet\u0105.\" \/>\n<meta property=\"og:url\" content=\"https:\/\/skaitytaknyga.lt\/en\/produktas\/kasdienio-gyvenimo-strategija-klasikinis-sekmes-ir-noru-issipildymu-vadovas\/\" \/>\n<meta property=\"og:site_name\" content=\"Skaitytaknyga\" \/>\n<meta property=\"article:publisher\" content=\"https:\/\/www.facebook.com\/skaitytaknyga\/\" \/>\n<meta property=\"article:modified_time\" content=\"2024-05-03T07:29:30+00:00\" \/>\n<meta property=\"og:image\" content=\"https:\/\/skaitytaknyga.lt\/wp-content\/uploads\/2024\/05\/114615-img-20210106-102540-copy.jpg\" \/>\n\t<meta property=\"og:image:width\" content=\"488\" \/>\n\t<meta property=\"og:image:height\" content=\"800\" \/>\n\t<meta property=\"og:image:type\" content=\"image\/jpeg\" \/>\n<meta name=\"twitter:card\" content=\"summary_large_image\" \/>\n<meta name=\"twitter:label1\" content=\"Estimated reading time\" \/>\n\t<meta name=\"twitter:data1\" content=\"1 minute\" \/>\n<script type=\"application\/ld+json\" class=\"yoast-schema-graph\">{\"@context\":\"https:\/\/schema.org\",\"@graph\":[{\"@type\":\"WebPage\",\"@id\":\"https:\/\/skaitytaknyga.lt\/produktas\/kasdienio-gyvenimo-strategija-klasikinis-sekmes-ir-noru-issipildymu-vadovas\/\",\"url\":\"https:\/\/skaitytaknyga.lt\/produktas\/kasdienio-gyvenimo-strategija-klasikinis-sekmes-ir-noru-issipildymu-vadovas\/\",\"name\":\"Kasdienio gyvenimo strategija: klasikinis s\u0117km\u0117s ir nor\u0173 i\u0161sipildym\u0173 vadovas - Skaitytaknyga\",\"isPartOf\":{\"@id\":\"https:\/\/skaitytaknyga.lt\/#website\"},\"primaryImageOfPage\":{\"@id\":\"https:\/\/skaitytaknyga.lt\/produktas\/kasdienio-gyvenimo-strategija-klasikinis-sekmes-ir-noru-issipildymu-vadovas\/#primaryimage\"},\"image\":{\"@id\":\"https:\/\/skaitytaknyga.lt\/produktas\/kasdienio-gyvenimo-strategija-klasikinis-sekmes-ir-noru-issipildymu-vadovas\/#primaryimage\"},\"thumbnailUrl\":\"https:\/\/skaitytaknyga.lt\/wp-content\/uploads\/2024\/05\/114615-img-20210106-102540-copy.jpg\",\"datePublished\":\"2024-05-02T13:02:41+00:00\",\"dateModified\":\"2024-05-03T07:29:30+00:00\",\"description\":\"Knyga \u201eKasdienio gyvenimo strategija\u201c \u2013 puikus vadovas, kupinas praktini\u0173 \u012f\u017evalg\u0173, padedantis atskleisti dvasios ir k\u016brybos galias, i\u0161vengti krizi\u0173, nepal\u016b\u017eti kasdienyb\u0117s sumai\u0161tyje. Analizuodamas gyvenimi\u0161kas situacijas, pateikdamas kasdienio gyvenimo taisykles ir principus, ra\u0161ytojas skatina pasitik\u0117ti savimi, i\u0161naudoti savo sugeb\u0117jimus, veikti, susikurti sav\u0105j\u0105 kasdienio gyvenimo strategij\u0105 ir atrasti Visatoje savo tikr\u0105j\u0105 viet\u0105.\",\"breadcrumb\":{\"@id\":\"https:\/\/skaitytaknyga.lt\/produktas\/kasdienio-gyvenimo-strategija-klasikinis-sekmes-ir-noru-issipildymu-vadovas\/#breadcrumb\"},\"inLanguage\":\"en-GB\",\"potentialAction\":[{\"@type\":\"ReadAction\",\"target\":[\"https:\/\/skaitytaknyga.lt\/produktas\/kasdienio-gyvenimo-strategija-klasikinis-sekmes-ir-noru-issipildymu-vadovas\/\"]}]},{\"@type\":\"ImageObject\",\"inLanguage\":\"en-GB\",\"@id\":\"https:\/\/skaitytaknyga.lt\/produktas\/kasdienio-gyvenimo-strategija-klasikinis-sekmes-ir-noru-issipildymu-vadovas\/#primaryimage\",\"url\":\"https:\/\/skaitytaknyga.lt\/wp-content\/uploads\/2024\/05\/114615-img-20210106-102540-copy.jpg\",\"contentUrl\":\"https:\/\/skaitytaknyga.lt\/wp-content\/uploads\/2024\/05\/114615-img-20210106-102540-copy.jpg\",\"width\":488,\"height\":800},{\"@type\":\"BreadcrumbList\",\"@id\":\"https:\/\/skaitytaknyga.lt\/produktas\/kasdienio-gyvenimo-strategija-klasikinis-sekmes-ir-noru-issipildymu-vadovas\/#breadcrumb\",\"itemListElement\":[{\"@type\":\"ListItem\",\"position\":1,\"name\":\"Home\",\"item\":\"https:\/\/skaitytaknyga.lt\/\"},{\"@type\":\"ListItem\",\"position\":2,\"name\":\"Parduotuv\u0117\",\"item\":\"https:\/\/skaitytaknyga.lt\/knygu-parduotuve\/\"},{\"@type\":\"ListItem\",\"position\":3,\"name\":\"Kasdienio gyvenimo strategija: klasikinis s\u0117km\u0117s ir nor\u0173 i\u0161sipildym\u0173 vadovas\"}]},{\"@type\":\"WebSite\",\"@id\":\"https:\/\/skaitytaknyga.lt\/#website\",\"url\":\"https:\/\/skaitytaknyga.lt\/\",\"name\":\"skaitytaknyga.lt\",\"description\":\"Skaitytaknyga.lt \u2013 tai ma\u017eas \u0161eimos verslas, kuris prasid\u0117jo nuo meil\u0117s knygoms ir siekio i\u0161gelb\u0117ti knygas nuo likimo prie konteinerio. Kas vienam nereikalingas daiktas \u2013 kitam lobis, o mes esame tarpininkai, kurie padeda abiems tapti laimingesniems ???? \u017dinome kaip nelengva i\u0161gyventi ma\u017eiems verslams, tad nuo \u0161iol, \u010dia rasite ir kit\u0173, ma\u017e\u0173 \u0161eim\u0173 versl\u0173, rank\u0173 darbo, dovan\u0173 sau ir artimiesiems.\",\"publisher\":{\"@id\":\"https:\/\/skaitytaknyga.lt\/#organization\"},\"potentialAction\":[{\"@type\":\"SearchAction\",\"target\":{\"@type\":\"EntryPoint\",\"urlTemplate\":\"https:\/\/skaitytaknyga.lt\/?s={search_term_string}\"},\"query-input\":{\"@type\":\"PropertyValueSpecification\",\"valueRequired\":true,\"valueName\":\"search_term_string\"}}],\"inLanguage\":\"en-GB\"},{\"@type\":\"Organization\",\"@id\":\"https:\/\/skaitytaknyga.lt\/#organization\",\"name\":\"skaitytaknyga.lt\",\"url\":\"https:\/\/skaitytaknyga.lt\/\",\"logo\":{\"@type\":\"ImageObject\",\"inLanguage\":\"en-GB\",\"@id\":\"https:\/\/skaitytaknyga.lt\/#\/schema\/logo\/image\/\",\"url\":\"https:\/\/skaitytaknyga.lt\/wp-content\/uploads\/2024\/05\/cropped-cropped-cropped-02_00843_jt3bggkj1j3HLc7SyY6rEUpg.jpeg\",\"contentUrl\":\"https:\/\/skaitytaknyga.lt\/wp-content\/uploads\/2024\/05\/cropped-cropped-cropped-02_00843_jt3bggkj1j3HLc7SyY6rEUpg.jpeg\",\"width\":1600,\"height\":1600,\"caption\":\"skaitytaknyga.lt\"},\"image\":{\"@id\":\"https:\/\/skaitytaknyga.lt\/#\/schema\/logo\/image\/\"},\"sameAs\":[\"https:\/\/www.facebook.com\/skaitytaknyga\/\"]}]}<\/script>\n<!-- \/ Yoast SEO plugin. -->","yoast_head_json":{"title":"Kasdienio gyvenimo strategija: klasikinis s\u0117km\u0117s ir nor\u0173 i\u0161sipildym\u0173 vadovas - Skaitytaknyga","description":"Knyga \u201eKasdienio gyvenimo strategija\u201c \u2013 puikus vadovas, kupinas praktini\u0173 \u012f\u017evalg\u0173, padedantis atskleisti dvasios ir k\u016brybos galias, i\u0161vengti krizi\u0173, nepal\u016b\u017eti kasdienyb\u0117s sumai\u0161tyje. Analizuodamas gyvenimi\u0161kas situacijas, pateikdamas kasdienio gyvenimo taisykles ir principus, ra\u0161ytojas skatina pasitik\u0117ti savimi, i\u0161naudoti savo sugeb\u0117jimus, veikti, susikurti sav\u0105j\u0105 kasdienio gyvenimo strategij\u0105 ir atrasti Visatoje savo tikr\u0105j\u0105 viet\u0105.","robots":{"index":"index","follow":"follow","max-snippet":"max-snippet:-1","max-image-preview":"max-image-preview:large","max-video-preview":"max-video-preview:-1"},"canonical":"https:\/\/skaitytaknyga.lt\/en\/produktas\/kasdienio-gyvenimo-strategija-klasikinis-sekmes-ir-noru-issipildymu-vadovas\/","og_locale":"en_GB","og_type":"article","og_title":"Kasdienio gyvenimo strategija: klasikinis s\u0117km\u0117s ir nor\u0173 i\u0161sipildym\u0173 vadovas - Skaitytaknyga","og_description":"Knyga \u201eKasdienio gyvenimo strategija\u201c \u2013 puikus vadovas, kupinas praktini\u0173 \u012f\u017evalg\u0173, padedantis atskleisti dvasios ir k\u016brybos galias, i\u0161vengti krizi\u0173, nepal\u016b\u017eti kasdienyb\u0117s sumai\u0161tyje. Analizuodamas gyvenimi\u0161kas situacijas, pateikdamas kasdienio gyvenimo taisykles ir principus, ra\u0161ytojas skatina pasitik\u0117ti savimi, i\u0161naudoti savo sugeb\u0117jimus, veikti, susikurti sav\u0105j\u0105 kasdienio gyvenimo strategij\u0105 ir atrasti Visatoje savo tikr\u0105j\u0105 viet\u0105.","og_url":"https:\/\/skaitytaknyga.lt\/en\/produktas\/kasdienio-gyvenimo-strategija-klasikinis-sekmes-ir-noru-issipildymu-vadovas\/","og_site_name":"Skaitytaknyga","article_publisher":"https:\/\/www.facebook.com\/skaitytaknyga\/","article_modified_time":"2024-05-03T07:29:30+00:00","og_image":[{"width":488,"height":800,"url":"https:\/\/skaitytaknyga.lt\/wp-content\/uploads\/2024\/05\/114615-img-20210106-102540-copy.jpg","type":"image\/jpeg"}],"twitter_card":"summary_large_image","twitter_misc":{"Estimated reading time":"1 minute"},"schema":{"@context":"https:\/\/schema.org","@graph":[{"@type":"WebPage","@id":"https:\/\/skaitytaknyga.lt\/produktas\/kasdienio-gyvenimo-strategija-klasikinis-sekmes-ir-noru-issipildymu-vadovas\/","url":"https:\/\/skaitytaknyga.lt\/produktas\/kasdienio-gyvenimo-strategija-klasikinis-sekmes-ir-noru-issipildymu-vadovas\/","name":"Kasdienio gyvenimo strategija: klasikinis s\u0117km\u0117s ir nor\u0173 i\u0161sipildym\u0173 vadovas - Skaitytaknyga","isPartOf":{"@id":"https:\/\/skaitytaknyga.lt\/#website"},"primaryImageOfPage":{"@id":"https:\/\/skaitytaknyga.lt\/produktas\/kasdienio-gyvenimo-strategija-klasikinis-sekmes-ir-noru-issipildymu-vadovas\/#primaryimage"},"image":{"@id":"https:\/\/skaitytaknyga.lt\/produktas\/kasdienio-gyvenimo-strategija-klasikinis-sekmes-ir-noru-issipildymu-vadovas\/#primaryimage"},"thumbnailUrl":"https:\/\/skaitytaknyga.lt\/wp-content\/uploads\/2024\/05\/114615-img-20210106-102540-copy.jpg","datePublished":"2024-05-02T13:02:41+00:00","dateModified":"2024-05-03T07:29:30+00:00","description":"Knyga \u201eKasdienio gyvenimo strategija\u201c \u2013 puikus vadovas, kupinas praktini\u0173 \u012f\u017evalg\u0173, padedantis atskleisti dvasios ir k\u016brybos galias, i\u0161vengti krizi\u0173, nepal\u016b\u017eti kasdienyb\u0117s sumai\u0161tyje. Analizuodamas gyvenimi\u0161kas situacijas, pateikdamas kasdienio gyvenimo taisykles ir principus, ra\u0161ytojas skatina pasitik\u0117ti savimi, i\u0161naudoti savo sugeb\u0117jimus, veikti, susikurti sav\u0105j\u0105 kasdienio gyvenimo strategij\u0105 ir atrasti Visatoje savo tikr\u0105j\u0105 viet\u0105.","breadcrumb":{"@id":"https:\/\/skaitytaknyga.lt\/produktas\/kasdienio-gyvenimo-strategija-klasikinis-sekmes-ir-noru-issipildymu-vadovas\/#breadcrumb"},"inLanguage":"en-GB","potentialAction":[{"@type":"ReadAction","target":["https:\/\/skaitytaknyga.lt\/produktas\/kasdienio-gyvenimo-strategija-klasikinis-sekmes-ir-noru-issipildymu-vadovas\/"]}]},{"@type":"ImageObject","inLanguage":"en-GB","@id":"https:\/\/skaitytaknyga.lt\/produktas\/kasdienio-gyvenimo-strategija-klasikinis-sekmes-ir-noru-issipildymu-vadovas\/#primaryimage","url":"https:\/\/skaitytaknyga.lt\/wp-content\/uploads\/2024\/05\/114615-img-20210106-102540-copy.jpg","contentUrl":"https:\/\/skaitytaknyga.lt\/wp-content\/uploads\/2024\/05\/114615-img-20210106-102540-copy.jpg","width":488,"height":800},{"@type":"BreadcrumbList","@id":"https:\/\/skaitytaknyga.lt\/produktas\/kasdienio-gyvenimo-strategija-klasikinis-sekmes-ir-noru-issipildymu-vadovas\/#breadcrumb","itemListElement":[{"@type":"ListItem","position":1,"name":"Home","item":"https:\/\/skaitytaknyga.lt\/"},{"@type":"ListItem","position":2,"name":"Parduotuv\u0117","item":"https:\/\/skaitytaknyga.lt\/knygu-parduotuve\/"},{"@type":"ListItem","position":3,"name":"Kasdienio gyvenimo strategija: klasikinis s\u0117km\u0117s ir nor\u0173 i\u0161sipildym\u0173 vadovas"}]},{"@type":"WebSite","@id":"https:\/\/skaitytaknyga.lt\/#website","url":"https:\/\/skaitytaknyga.lt\/","name":"skaitytaknyga.lt","description":"Skaitytaknyga.lt \u2013 tai ma\u017eas \u0161eimos verslas, kuris prasid\u0117jo nuo meil\u0117s knygoms ir siekio i\u0161gelb\u0117ti knygas nuo likimo prie konteinerio. Kas vienam nereikalingas daiktas \u2013 kitam lobis, o mes esame tarpininkai, kurie padeda abiems tapti laimingesniems ???? \u017dinome kaip nelengva i\u0161gyventi ma\u017eiems verslams, tad nuo \u0161iol, \u010dia rasite ir kit\u0173, ma\u017e\u0173 \u0161eim\u0173 versl\u0173, rank\u0173 darbo, dovan\u0173 sau ir artimiesiems.","publisher":{"@id":"https:\/\/skaitytaknyga.lt\/#organization"},"potentialAction":[{"@type":"SearchAction","target":{"@type":"EntryPoint","urlTemplate":"https:\/\/skaitytaknyga.lt\/?s={search_term_string}"},"query-input":{"@type":"PropertyValueSpecification","valueRequired":true,"valueName":"search_term_string"}}],"inLanguage":"en-GB"},{"@type":"Organization","@id":"https:\/\/skaitytaknyga.lt\/#organization","name":"skaitytaknyga.lt","url":"https:\/\/skaitytaknyga.lt\/","logo":{"@type":"ImageObject","inLanguage":"en-GB","@id":"https:\/\/skaitytaknyga.lt\/#\/schema\/logo\/image\/","url":"https:\/\/skaitytaknyga.lt\/wp-content\/uploads\/2024\/05\/cropped-cropped-cropped-02_00843_jt3bggkj1j3HLc7SyY6rEUpg.jpeg","contentUrl":"https:\/\/skaitytaknyga.lt\/wp-content\/uploads\/2024\/05\/cropped-cropped-cropped-02_00843_jt3bggkj1j3HLc7SyY6rEUpg.jpeg","width":1600,"height":1600,"caption":"skaitytaknyga.lt"},"image":{"@id":"https:\/\/skaitytaknyga.lt\/#\/schema\/logo\/image\/"},"sameAs":["https:\/\/www.facebook.com\/skaitytaknyga\/"]}]}},"_links":{"self":[{"href":"https:\/\/skaitytaknyga.lt\/en\/wp-json\/wp\/v2\/product\/5973","targetHints":{"allow":["GET"]}}],"collection":[{"href":"https:\/\/skaitytaknyga.lt\/en\/wp-json\/wp\/v2\/product"}],"about":[{"href":"https:\/\/skaitytaknyga.lt\/en\/wp-json\/wp\/v2\/types\/product"}],"replies":[{"embeddable":true,"href":"https:\/\/skaitytaknyga.lt\/en\/wp-json\/wp\/v2\/comments?post=5973"}],"wp:featuredmedia":[{"embeddable":true,"href":"https:\/\/skaitytaknyga.lt\/en\/wp-json\/wp\/v2\/media\/5985"}],"wp:attachment":[{"href":"https:\/\/skaitytaknyga.lt\/en\/wp-json\/wp\/v2\/media?parent=5973"}],"wp:term":[{"taxonomy":"product_brand","embeddable":true,"href":"https:\/\/skaitytaknyga.lt\/en\/wp-json\/wp\/v2\/product_brand?post=5973"},{"taxonomy":"product_cat","embeddable":true,"href":"https:\/\/skaitytaknyga.lt\/en\/wp-json\/wp\/v2\/product_cat?post=5973"},{"taxonomy":"product_tag","embeddable":true,"href":"https:\/\/skaitytaknyga.lt\/en\/wp-json\/wp\/v2\/product_tag?post=5973"}],"curies":[{"name":"wp","href":"https:\/\/api.w.org\/{rel}","templated":true}]}}