{"id":5960,"date":"2024-05-02T13:01:55","date_gmt":"2024-05-02T13:01:55","guid":{"rendered":"https:\/\/skaitytaknyga.lt\/?post_type=product&#038;p=5960"},"modified":"2026-03-05T16:02:07","modified_gmt":"2026-03-05T14:02:07","slug":"herbertas-dzordzas-velsas-laiko-masina-daktaro-moro-sala","status":"publish","type":"product","link":"https:\/\/skaitytaknyga.lt\/en\/produktas\/herbertas-dzordzas-velsas-laiko-masina-daktaro-moro-sala\/","title":{"rendered":"Laiko ma\u0161ina. Daktaro Moro sala"},"content":{"rendered":"<p>Pasaulis i\u0161ties pakito! Visuomen\u0117, kuri\u0105 jis aptinka atrodo esanti visi\u0161koje harmonijoje su aplinka ir gyvena absoliu\u010dioje palaimoje. Ta\u010diau pasilikdamas ilgiau i\u0161siai\u0161kina, kad ne viskas taip idealu, kaip atrodo. Morlokai i\u0161lind\u0119 i\u0161 savo po\u017eemi\u0173 apver\u010dia jo po\u017ei\u016br\u012f auk\u0161tyn kojom. Pasaulis, kuris atrod\u0117 nuostabus, tampa \u017ev\u0117ri\u0161kas.<\/p>\n<p>\u0160i knyga savo laiku tapo bestseleriu i\u0161 kart ir iki \u0161iandien ji gerai \u017einoma. Taip pat \u0161i knyga prav\u0117r\u0117 duris naujam kelioni\u0173 laiku \u017eanrui. (Daktaro Moro sala) Jis \u0161ios salos \u0161eimininkas, o gal net tam tikra prasme \u201eDievas\u201c. Saloje jis atlieka \u017eiaurius eksprimentus su gyv\u016bnais. Jis naudodamas savo talent\u0105 priartina prie \u017emogi\u0161kumo. Padarai, kuriuos sukuria Moro, yra \u012fstrig\u0119 tarp \u017emogi\u0161kumo ir gyvuli\u0161kumo. \u012e \u0161i\u0105 sal\u0105 netik\u0117tai patenka Prendickas. I\u0161siai\u0161kina salos paslapt\u012f ir galiausiai savo akimis i\u0161vysta \u0161ios salos \u017e\u016bt\u012f.<\/p>\n","protected":false},"excerpt":{"rendered":"<p>Pasaulis i\u0161ties pakito! Visuomen\u0117, kuri\u0105 jis aptinka atrodo esanti visi\u0161koje harmonijoje su aplinka ir gyvena absoliu\u010dioje palaimoje. Ta\u010diau pasilikdamas ilgiau i\u0161siai\u0161kina, kad ne viskas taip idealu, kaip atrodo. Morlokai i\u0161lind\u0119 i\u0161 savo po\u017eemi\u0173 apver\u010dia jo po\u017ei\u016br\u012f auk\u0161tyn kojom. Pasaulis, kuris atrod\u0117 nuostabus, tampa \u017ev\u0117ri\u0161kas.<\/p>\n<p>\u0160i knyga savo laiku tapo bestseleriu i\u0161 kart ir iki \u0161iandien ji gerai \u017einoma. Taip pat \u0161i knyga prav\u0117r\u0117 duris naujam kelioni\u0173 laiku \u017eanrui. (Daktaro Moro sala) Jis \u0161ios salos \u0161eimininkas, o gal net tam tikra prasme \u201eDievas\u201c. Saloje jis atlieka \u017eiaurius eksprimentus su gyv\u016bnais. Jis naudodamas savo talent\u0105 priartina prie \u017emogi\u0161kumo. Padarai, kuriuos sukuria Moro, yra \u012fstrig\u0119 tarp \u017emogi\u0161kumo ir gyvuli\u0161kumo. \u012e \u0161i\u0105 sal\u0105 netik\u0117tai patenka Prendickas. I\u0161siai\u0161kina salos paslapt\u012f ir galiausiai savo akimis i\u0161vysta \u0161ios salos \u017e\u016bt\u012f.<\/p>\n","protected":false},"featured_media":5981,"comment_status":"closed","ping_status":"closed","template":"","meta":{"_acf_changed":false,"site-sidebar-layout":"default","site-content-layout":"","ast-site-content-layout":"default","site-content-style":"default","site-sidebar-style":"default","ast-global-header-display":"","ast-banner-title-visibility":"","ast-main-header-display":"","ast-hfb-above-header-display":"","ast-hfb-below-header-display":"","ast-hfb-mobile-header-display":"","site-post-title":"","ast-breadcrumbs-content":"","ast-featured-img":"","footer-sml-layout":"","ast-disable-related-posts":"","theme-transparent-header-meta":"","adv-header-id-meta":"","stick-header-meta":"","header-above-stick-meta":"","header-main-stick-meta":"","header-below-stick-meta":"","astra-migrate-meta-layouts":"default","ast-page-background-enabled":"default","ast-page-background-meta":{"desktop":{"background-color":"","background-image":"","background-repeat":"repeat","background-position":"center center","background-size":"auto","background-attachment":"scroll","background-type":"","background-media":"","overlay-type":"","overlay-color":"","overlay-opacity":"","overlay-gradient":""},"tablet":{"background-color":"","background-image":"","background-repeat":"repeat","background-position":"center center","background-size":"auto","background-attachment":"scroll","background-type":"","background-media":"","overlay-type":"","overlay-color":"","overlay-opacity":"","overlay-gradient":""},"mobile":{"background-color":"","background-image":"","background-repeat":"repeat","background-position":"center center","background-size":"auto","background-attachment":"scroll","background-type":"","background-media":"","overlay-type":"","overlay-color":"","overlay-opacity":"","overlay-gradient":""}},"ast-content-background-meta":{"desktop":{"background-color":"var(--ast-global-color-4)","background-image":"","background-repeat":"repeat","background-position":"center center","background-size":"auto","background-attachment":"scroll","background-type":"","background-media":"","overlay-type":"","overlay-color":"","overlay-opacity":"","overlay-gradient":""},"tablet":{"background-color":"var(--ast-global-color-4)","background-image":"","background-repeat":"repeat","background-position":"center center","background-size":"auto","background-attachment":"scroll","background-type":"","background-media":"","overlay-type":"","overlay-color":"","overlay-opacity":"","overlay-gradient":""},"mobile":{"background-color":"var(--ast-global-color-4)","background-image":"","background-repeat":"repeat","background-position":"center center","background-size":"auto","background-attachment":"scroll","background-type":"","background-media":"","overlay-type":"","overlay-color":"","overlay-opacity":"","overlay-gradient":""}}},"product_brand":[],"product_cat":[9622],"product_tag":[],"class_list":{"0":"post-5960","1":"product","2":"type-product","3":"status-publish","4":"has-post-thumbnail","6":"product_cat-zenitas","7":"desktop-align-left","8":"tablet-align-left","9":"mobile-align-left","11":"first","12":"outofstock","13":"shipping-taxable","14":"purchasable","15":"product-type-simple"},"acf":[],"yoast_head":"<!-- This site is optimized with the Yoast SEO plugin v27.0 - https:\/\/yoast.com\/product\/yoast-seo-wordpress\/ -->\n<title>Laiko ma\u0161ina. Daktaro Moro sala<\/title>\n<meta name=\"description\" content=\"Pasaulis i\u0161ties pakito! Visuomen\u0117, kuri\u0105 jis aptinka atrodo esanti visi\u0161koje harmonijoje su aplinka ir gyvena absoliu\u010dioje palaimoje. Ta\u010diau pasilikdamas ilgiau i\u0161siai\u0161kina, kad ne viskas taip idealu, kaip atrodo. Morlokai i\u0161lind\u0119 i\u0161 savo po\u017eemi\u0173 apver\u010dia jo po\u017ei\u016br\u012f auk\u0161tyn kojom. Pasaulis, kuris atrod\u0117 nuostabus, tampa \u017ev\u0117ri\u0161kas.  \u0160i knyga savo laiku tapo bestseleriu i\u0161 kart ir iki \u0161iandien ji gerai \u017einoma. Taip pat \u0161i knyga prav\u0117r\u0117 duris naujam kelioni\u0173 laiku \u017eanrui. (Daktaro Moro sala) Jis \u0161ios salos \u0161eimininkas, o gal net tam tikra prasme \u201eDievas\u201c. Saloje jis atlieka \u017eiaurius eksprimentus su gyv\u016bnais. Jis naudodamas savo talent\u0105 priartina prie \u017emogi\u0161kumo. Padarai, kuriuos sukuria Moro, yra \u012fstrig\u0119 tarp \u017emogi\u0161kumo ir gyvuli\u0161kumo. \u012e \u0161i\u0105 sal\u0105 netik\u0117tai patenka Prendickas. I\u0161siai\u0161kina salos paslapt\u012f ir galiausiai savo akimis i\u0161vysta \u0161ios salos \u017e\u016bt\u012f.\" \/>\n<meta name=\"robots\" content=\"index, follow, max-snippet:-1, max-image-preview:large, max-video-preview:-1\" \/>\n<link rel=\"canonical\" href=\"https:\/\/skaitytaknyga.lt\/en\/produktas\/herbertas-dzordzas-velsas-laiko-masina-daktaro-moro-sala\/\" \/>\n<meta property=\"og:locale\" content=\"en_GB\" \/>\n<meta property=\"og:locale:alternate\" content=\"lt_LT\" \/>\n<meta property=\"og:type\" content=\"article\" \/>\n<meta property=\"og:title\" content=\"Laiko ma\u0161ina. Daktaro Moro sala\" \/>\n<meta property=\"og:description\" content=\"Pasaulis i\u0161ties pakito! Visuomen\u0117, kuri\u0105 jis aptinka atrodo esanti visi\u0161koje harmonijoje su aplinka ir gyvena absoliu\u010dioje palaimoje. Ta\u010diau pasilikdamas ilgiau i\u0161siai\u0161kina, kad ne viskas taip idealu, kaip atrodo. Morlokai i\u0161lind\u0119 i\u0161 savo po\u017eemi\u0173 apver\u010dia jo po\u017ei\u016br\u012f auk\u0161tyn kojom. Pasaulis, kuris atrod\u0117 nuostabus, tampa \u017ev\u0117ri\u0161kas.  \u0160i knyga savo laiku tapo bestseleriu i\u0161 kart ir iki \u0161iandien ji gerai \u017einoma. Taip pat \u0161i knyga prav\u0117r\u0117 duris naujam kelioni\u0173 laiku \u017eanrui. (Daktaro Moro sala) Jis \u0161ios salos \u0161eimininkas, o gal net tam tikra prasme \u201eDievas\u201c. Saloje jis atlieka \u017eiaurius eksprimentus su gyv\u016bnais. Jis naudodamas savo talent\u0105 priartina prie \u017emogi\u0161kumo. Padarai, kuriuos sukuria Moro, yra \u012fstrig\u0119 tarp \u017emogi\u0161kumo ir gyvuli\u0161kumo. \u012e \u0161i\u0105 sal\u0105 netik\u0117tai patenka Prendickas. I\u0161siai\u0161kina salos paslapt\u012f ir galiausiai savo akimis i\u0161vysta \u0161ios salos \u017e\u016bt\u012f.\" \/>\n<meta property=\"og:url\" content=\"https:\/\/skaitytaknyga.lt\/en\/produktas\/herbertas-dzordzas-velsas-laiko-masina-daktaro-moro-sala\/\" \/>\n<meta property=\"og:site_name\" content=\"Skaitytaknyga\" \/>\n<meta property=\"article:publisher\" content=\"https:\/\/www.facebook.com\/skaitytaknyga\/\" \/>\n<meta property=\"article:modified_time\" content=\"2026-03-05T14:02:07+00:00\" \/>\n<meta property=\"og:image\" content=\"https:\/\/skaitytaknyga.lt\/wp-content\/uploads\/2024\/05\/1507274315_jpg_0010.jpg\" \/>\n\t<meta property=\"og:image:width\" content=\"268\" \/>\n\t<meta property=\"og:image:height\" content=\"430\" \/>\n\t<meta property=\"og:image:type\" content=\"image\/jpeg\" \/>\n<meta name=\"twitter:card\" content=\"summary_large_image\" \/>\n<meta name=\"twitter:label1\" content=\"Estimated reading time\" \/>\n\t<meta name=\"twitter:data1\" content=\"1 minute\" \/>\n<script type=\"application\/ld+json\" class=\"yoast-schema-graph\">{\"@context\":\"https:\/\/schema.org\",\"@graph\":[{\"@type\":\"WebPage\",\"@id\":\"https:\/\/skaitytaknyga.lt\/produktas\/herbertas-dzordzas-velsas-laiko-masina-daktaro-moro-sala\/\",\"url\":\"https:\/\/skaitytaknyga.lt\/produktas\/herbertas-dzordzas-velsas-laiko-masina-daktaro-moro-sala\/\",\"name\":\"Laiko ma\u0161ina. Daktaro Moro sala\",\"isPartOf\":{\"@id\":\"https:\/\/skaitytaknyga.lt\/#website\"},\"primaryImageOfPage\":{\"@id\":\"https:\/\/skaitytaknyga.lt\/produktas\/herbertas-dzordzas-velsas-laiko-masina-daktaro-moro-sala\/#primaryimage\"},\"image\":{\"@id\":\"https:\/\/skaitytaknyga.lt\/produktas\/herbertas-dzordzas-velsas-laiko-masina-daktaro-moro-sala\/#primaryimage\"},\"thumbnailUrl\":\"https:\/\/skaitytaknyga.lt\/wp-content\/uploads\/2024\/05\/1507274315_jpg_0010.jpg\",\"datePublished\":\"2024-05-02T13:01:55+00:00\",\"dateModified\":\"2026-03-05T14:02:07+00:00\",\"description\":\"Pasaulis i\u0161ties pakito! Visuomen\u0117, kuri\u0105 jis aptinka atrodo esanti visi\u0161koje harmonijoje su aplinka ir gyvena absoliu\u010dioje palaimoje. Ta\u010diau pasilikdamas ilgiau i\u0161siai\u0161kina, kad ne viskas taip idealu, kaip atrodo. Morlokai i\u0161lind\u0119 i\u0161 savo po\u017eemi\u0173 apver\u010dia jo po\u017ei\u016br\u012f auk\u0161tyn kojom. Pasaulis, kuris atrod\u0117 nuostabus, tampa \u017ev\u0117ri\u0161kas. \u0160i knyga savo laiku tapo bestseleriu i\u0161 kart ir iki \u0161iandien ji gerai \u017einoma. Taip pat \u0161i knyga prav\u0117r\u0117 duris naujam kelioni\u0173 laiku \u017eanrui. (Daktaro Moro sala) Jis \u0161ios salos \u0161eimininkas, o gal net tam tikra prasme \u201eDievas\u201c. Saloje jis atlieka \u017eiaurius eksprimentus su gyv\u016bnais. Jis naudodamas savo talent\u0105 priartina prie \u017emogi\u0161kumo. Padarai, kuriuos sukuria Moro, yra \u012fstrig\u0119 tarp \u017emogi\u0161kumo ir gyvuli\u0161kumo. \u012e \u0161i\u0105 sal\u0105 netik\u0117tai patenka Prendickas. I\u0161siai\u0161kina salos paslapt\u012f ir galiausiai savo akimis i\u0161vysta \u0161ios salos \u017e\u016bt\u012f.\",\"breadcrumb\":{\"@id\":\"https:\/\/skaitytaknyga.lt\/produktas\/herbertas-dzordzas-velsas-laiko-masina-daktaro-moro-sala\/#breadcrumb\"},\"inLanguage\":\"en-GB\",\"potentialAction\":[{\"@type\":\"ReadAction\",\"target\":[\"https:\/\/skaitytaknyga.lt\/produktas\/herbertas-dzordzas-velsas-laiko-masina-daktaro-moro-sala\/\"]}]},{\"@type\":\"ImageObject\",\"inLanguage\":\"en-GB\",\"@id\":\"https:\/\/skaitytaknyga.lt\/produktas\/herbertas-dzordzas-velsas-laiko-masina-daktaro-moro-sala\/#primaryimage\",\"url\":\"https:\/\/skaitytaknyga.lt\/wp-content\/uploads\/2024\/05\/1507274315_jpg_0010.jpg\",\"contentUrl\":\"https:\/\/skaitytaknyga.lt\/wp-content\/uploads\/2024\/05\/1507274315_jpg_0010.jpg\",\"width\":268,\"height\":430},{\"@type\":\"BreadcrumbList\",\"@id\":\"https:\/\/skaitytaknyga.lt\/produktas\/herbertas-dzordzas-velsas-laiko-masina-daktaro-moro-sala\/#breadcrumb\",\"itemListElement\":[{\"@type\":\"ListItem\",\"position\":1,\"name\":\"Home\",\"item\":\"https:\/\/skaitytaknyga.lt\/\"},{\"@type\":\"ListItem\",\"position\":2,\"name\":\"Parduotuv\u0117\",\"item\":\"https:\/\/skaitytaknyga.lt\/knygu-parduotuve\/\"},{\"@type\":\"ListItem\",\"position\":3,\"name\":\"Laiko ma\u0161ina. Daktaro Moro sala\"}]},{\"@type\":\"WebSite\",\"@id\":\"https:\/\/skaitytaknyga.lt\/#website\",\"url\":\"https:\/\/skaitytaknyga.lt\/\",\"name\":\"skaitytaknyga.lt\",\"description\":\"Skaitytaknyga.lt \u2013 tai ma\u017eas \u0161eimos verslas, kuris prasid\u0117jo nuo meil\u0117s knygoms ir siekio i\u0161gelb\u0117ti knygas nuo likimo prie konteinerio. Kas vienam nereikalingas daiktas \u2013 kitam lobis, o mes esame tarpininkai, kurie padeda abiems tapti laimingesniems ???? \u017dinome kaip nelengva i\u0161gyventi ma\u017eiems verslams, tad nuo \u0161iol, \u010dia rasite ir kit\u0173, ma\u017e\u0173 \u0161eim\u0173 versl\u0173, rank\u0173 darbo, dovan\u0173 sau ir artimiesiems.\",\"publisher\":{\"@id\":\"https:\/\/skaitytaknyga.lt\/#organization\"},\"potentialAction\":[{\"@type\":\"SearchAction\",\"target\":{\"@type\":\"EntryPoint\",\"urlTemplate\":\"https:\/\/skaitytaknyga.lt\/?s={search_term_string}\"},\"query-input\":{\"@type\":\"PropertyValueSpecification\",\"valueRequired\":true,\"valueName\":\"search_term_string\"}}],\"inLanguage\":\"en-GB\"},{\"@type\":\"Organization\",\"@id\":\"https:\/\/skaitytaknyga.lt\/#organization\",\"name\":\"skaitytaknyga.lt\",\"url\":\"https:\/\/skaitytaknyga.lt\/\",\"logo\":{\"@type\":\"ImageObject\",\"inLanguage\":\"en-GB\",\"@id\":\"https:\/\/skaitytaknyga.lt\/#\/schema\/logo\/image\/\",\"url\":\"https:\/\/skaitytaknyga.lt\/wp-content\/uploads\/2024\/05\/cropped-cropped-cropped-02_00843_jt3bggkj1j3HLc7SyY6rEUpg.jpeg\",\"contentUrl\":\"https:\/\/skaitytaknyga.lt\/wp-content\/uploads\/2024\/05\/cropped-cropped-cropped-02_00843_jt3bggkj1j3HLc7SyY6rEUpg.jpeg\",\"width\":1600,\"height\":1600,\"caption\":\"skaitytaknyga.lt\"},\"image\":{\"@id\":\"https:\/\/skaitytaknyga.lt\/#\/schema\/logo\/image\/\"},\"sameAs\":[\"https:\/\/www.facebook.com\/skaitytaknyga\/\"]}]}<\/script>\n<!-- \/ Yoast SEO plugin. -->","yoast_head_json":{"title":"Laiko ma\u0161ina. Daktaro Moro sala","description":"Pasaulis i\u0161ties pakito! Visuomen\u0117, kuri\u0105 jis aptinka atrodo esanti visi\u0161koje harmonijoje su aplinka ir gyvena absoliu\u010dioje palaimoje. Ta\u010diau pasilikdamas ilgiau i\u0161siai\u0161kina, kad ne viskas taip idealu, kaip atrodo. Morlokai i\u0161lind\u0119 i\u0161 savo po\u017eemi\u0173 apver\u010dia jo po\u017ei\u016br\u012f auk\u0161tyn kojom. Pasaulis, kuris atrod\u0117 nuostabus, tampa \u017ev\u0117ri\u0161kas.  \u0160i knyga savo laiku tapo bestseleriu i\u0161 kart ir iki \u0161iandien ji gerai \u017einoma. Taip pat \u0161i knyga prav\u0117r\u0117 duris naujam kelioni\u0173 laiku \u017eanrui. (Daktaro Moro sala) Jis \u0161ios salos \u0161eimininkas, o gal net tam tikra prasme \u201eDievas\u201c. Saloje jis atlieka \u017eiaurius eksprimentus su gyv\u016bnais. Jis naudodamas savo talent\u0105 priartina prie \u017emogi\u0161kumo. Padarai, kuriuos sukuria Moro, yra \u012fstrig\u0119 tarp \u017emogi\u0161kumo ir gyvuli\u0161kumo. \u012e \u0161i\u0105 sal\u0105 netik\u0117tai patenka Prendickas. I\u0161siai\u0161kina salos paslapt\u012f ir galiausiai savo akimis i\u0161vysta \u0161ios salos \u017e\u016bt\u012f.","robots":{"index":"index","follow":"follow","max-snippet":"max-snippet:-1","max-image-preview":"max-image-preview:large","max-video-preview":"max-video-preview:-1"},"canonical":"https:\/\/skaitytaknyga.lt\/en\/produktas\/herbertas-dzordzas-velsas-laiko-masina-daktaro-moro-sala\/","og_locale":"en_GB","og_type":"article","og_title":"[:lt]Laiko ma\u0161ina. Daktaro Moro sala[:] - Skaitytaknyga","og_description":"Pasaulis i\u0161ties pakito! Visuomen\u0117, kuri\u0105 jis aptinka atrodo esanti visi\u0161koje harmonijoje su aplinka ir gyvena absoliu\u010dioje palaimoje. Ta\u010diau pasilikdamas ilgiau i\u0161siai\u0161kina, kad ne viskas taip idealu, kaip atrodo. Morlokai i\u0161lind\u0119 i\u0161 savo po\u017eemi\u0173 apver\u010dia jo po\u017ei\u016br\u012f auk\u0161tyn kojom. Pasaulis, kuris atrod\u0117 nuostabus, tampa \u017ev\u0117ri\u0161kas.  \u0160i knyga savo laiku tapo bestseleriu i\u0161 kart ir iki \u0161iandien ji gerai \u017einoma. Taip pat \u0161i knyga prav\u0117r\u0117 duris naujam kelioni\u0173 laiku \u017eanrui. (Daktaro Moro sala) Jis \u0161ios salos \u0161eimininkas, o gal net tam tikra prasme \u201eDievas\u201c. Saloje jis atlieka \u017eiaurius eksprimentus su gyv\u016bnais. Jis naudodamas savo talent\u0105 priartina prie \u017emogi\u0161kumo. Padarai, kuriuos sukuria Moro, yra \u012fstrig\u0119 tarp \u017emogi\u0161kumo ir gyvuli\u0161kumo. \u012e \u0161i\u0105 sal\u0105 netik\u0117tai patenka Prendickas. I\u0161siai\u0161kina salos paslapt\u012f ir galiausiai savo akimis i\u0161vysta \u0161ios salos \u017e\u016bt\u012f.","og_url":"https:\/\/skaitytaknyga.lt\/en\/produktas\/herbertas-dzordzas-velsas-laiko-masina-daktaro-moro-sala\/","og_site_name":"Skaitytaknyga","article_publisher":"https:\/\/www.facebook.com\/skaitytaknyga\/","article_modified_time":"2026-03-05T14:02:07+00:00","og_image":[{"width":268,"height":430,"url":"https:\/\/skaitytaknyga.lt\/wp-content\/uploads\/2024\/05\/1507274315_jpg_0010.jpg","type":"image\/jpeg"}],"twitter_card":"summary_large_image","twitter_misc":{"Estimated reading time":"1 minute"},"schema":{"@context":"https:\/\/schema.org","@graph":[{"@type":"WebPage","@id":"https:\/\/skaitytaknyga.lt\/produktas\/herbertas-dzordzas-velsas-laiko-masina-daktaro-moro-sala\/","url":"https:\/\/skaitytaknyga.lt\/produktas\/herbertas-dzordzas-velsas-laiko-masina-daktaro-moro-sala\/","name":"Laiko ma\u0161ina. Daktaro Moro sala","isPartOf":{"@id":"https:\/\/skaitytaknyga.lt\/#website"},"primaryImageOfPage":{"@id":"https:\/\/skaitytaknyga.lt\/produktas\/herbertas-dzordzas-velsas-laiko-masina-daktaro-moro-sala\/#primaryimage"},"image":{"@id":"https:\/\/skaitytaknyga.lt\/produktas\/herbertas-dzordzas-velsas-laiko-masina-daktaro-moro-sala\/#primaryimage"},"thumbnailUrl":"https:\/\/skaitytaknyga.lt\/wp-content\/uploads\/2024\/05\/1507274315_jpg_0010.jpg","datePublished":"2024-05-02T13:01:55+00:00","dateModified":"2026-03-05T14:02:07+00:00","description":"Pasaulis i\u0161ties pakito! Visuomen\u0117, kuri\u0105 jis aptinka atrodo esanti visi\u0161koje harmonijoje su aplinka ir gyvena absoliu\u010dioje palaimoje. Ta\u010diau pasilikdamas ilgiau i\u0161siai\u0161kina, kad ne viskas taip idealu, kaip atrodo. Morlokai i\u0161lind\u0119 i\u0161 savo po\u017eemi\u0173 apver\u010dia jo po\u017ei\u016br\u012f auk\u0161tyn kojom. Pasaulis, kuris atrod\u0117 nuostabus, tampa \u017ev\u0117ri\u0161kas. \u0160i knyga savo laiku tapo bestseleriu i\u0161 kart ir iki \u0161iandien ji gerai \u017einoma. Taip pat \u0161i knyga prav\u0117r\u0117 duris naujam kelioni\u0173 laiku \u017eanrui. (Daktaro Moro sala) Jis \u0161ios salos \u0161eimininkas, o gal net tam tikra prasme \u201eDievas\u201c. Saloje jis atlieka \u017eiaurius eksprimentus su gyv\u016bnais. Jis naudodamas savo talent\u0105 priartina prie \u017emogi\u0161kumo. Padarai, kuriuos sukuria Moro, yra \u012fstrig\u0119 tarp \u017emogi\u0161kumo ir gyvuli\u0161kumo. \u012e \u0161i\u0105 sal\u0105 netik\u0117tai patenka Prendickas. I\u0161siai\u0161kina salos paslapt\u012f ir galiausiai savo akimis i\u0161vysta \u0161ios salos \u017e\u016bt\u012f.","breadcrumb":{"@id":"https:\/\/skaitytaknyga.lt\/produktas\/herbertas-dzordzas-velsas-laiko-masina-daktaro-moro-sala\/#breadcrumb"},"inLanguage":"en-GB","potentialAction":[{"@type":"ReadAction","target":["https:\/\/skaitytaknyga.lt\/produktas\/herbertas-dzordzas-velsas-laiko-masina-daktaro-moro-sala\/"]}]},{"@type":"ImageObject","inLanguage":"en-GB","@id":"https:\/\/skaitytaknyga.lt\/produktas\/herbertas-dzordzas-velsas-laiko-masina-daktaro-moro-sala\/#primaryimage","url":"https:\/\/skaitytaknyga.lt\/wp-content\/uploads\/2024\/05\/1507274315_jpg_0010.jpg","contentUrl":"https:\/\/skaitytaknyga.lt\/wp-content\/uploads\/2024\/05\/1507274315_jpg_0010.jpg","width":268,"height":430},{"@type":"BreadcrumbList","@id":"https:\/\/skaitytaknyga.lt\/produktas\/herbertas-dzordzas-velsas-laiko-masina-daktaro-moro-sala\/#breadcrumb","itemListElement":[{"@type":"ListItem","position":1,"name":"Home","item":"https:\/\/skaitytaknyga.lt\/"},{"@type":"ListItem","position":2,"name":"Parduotuv\u0117","item":"https:\/\/skaitytaknyga.lt\/knygu-parduotuve\/"},{"@type":"ListItem","position":3,"name":"Laiko ma\u0161ina. Daktaro Moro sala"}]},{"@type":"WebSite","@id":"https:\/\/skaitytaknyga.lt\/#website","url":"https:\/\/skaitytaknyga.lt\/","name":"skaitytaknyga.lt","description":"Skaitytaknyga.lt \u2013 tai ma\u017eas \u0161eimos verslas, kuris prasid\u0117jo nuo meil\u0117s knygoms ir siekio i\u0161gelb\u0117ti knygas nuo likimo prie konteinerio. Kas vienam nereikalingas daiktas \u2013 kitam lobis, o mes esame tarpininkai, kurie padeda abiems tapti laimingesniems ???? \u017dinome kaip nelengva i\u0161gyventi ma\u017eiems verslams, tad nuo \u0161iol, \u010dia rasite ir kit\u0173, ma\u017e\u0173 \u0161eim\u0173 versl\u0173, rank\u0173 darbo, dovan\u0173 sau ir artimiesiems.","publisher":{"@id":"https:\/\/skaitytaknyga.lt\/#organization"},"potentialAction":[{"@type":"SearchAction","target":{"@type":"EntryPoint","urlTemplate":"https:\/\/skaitytaknyga.lt\/?s={search_term_string}"},"query-input":{"@type":"PropertyValueSpecification","valueRequired":true,"valueName":"search_term_string"}}],"inLanguage":"en-GB"},{"@type":"Organization","@id":"https:\/\/skaitytaknyga.lt\/#organization","name":"skaitytaknyga.lt","url":"https:\/\/skaitytaknyga.lt\/","logo":{"@type":"ImageObject","inLanguage":"en-GB","@id":"https:\/\/skaitytaknyga.lt\/#\/schema\/logo\/image\/","url":"https:\/\/skaitytaknyga.lt\/wp-content\/uploads\/2024\/05\/cropped-cropped-cropped-02_00843_jt3bggkj1j3HLc7SyY6rEUpg.jpeg","contentUrl":"https:\/\/skaitytaknyga.lt\/wp-content\/uploads\/2024\/05\/cropped-cropped-cropped-02_00843_jt3bggkj1j3HLc7SyY6rEUpg.jpeg","width":1600,"height":1600,"caption":"skaitytaknyga.lt"},"image":{"@id":"https:\/\/skaitytaknyga.lt\/#\/schema\/logo\/image\/"},"sameAs":["https:\/\/www.facebook.com\/skaitytaknyga\/"]}]}},"_links":{"self":[{"href":"https:\/\/skaitytaknyga.lt\/en\/wp-json\/wp\/v2\/product\/5960","targetHints":{"allow":["GET"]}}],"collection":[{"href":"https:\/\/skaitytaknyga.lt\/en\/wp-json\/wp\/v2\/product"}],"about":[{"href":"https:\/\/skaitytaknyga.lt\/en\/wp-json\/wp\/v2\/types\/product"}],"replies":[{"embeddable":true,"href":"https:\/\/skaitytaknyga.lt\/en\/wp-json\/wp\/v2\/comments?post=5960"}],"wp:featuredmedia":[{"embeddable":true,"href":"https:\/\/skaitytaknyga.lt\/en\/wp-json\/wp\/v2\/media\/5981"}],"wp:attachment":[{"href":"https:\/\/skaitytaknyga.lt\/en\/wp-json\/wp\/v2\/media?parent=5960"}],"wp:term":[{"taxonomy":"product_brand","embeddable":true,"href":"https:\/\/skaitytaknyga.lt\/en\/wp-json\/wp\/v2\/product_brand?post=5960"},{"taxonomy":"product_cat","embeddable":true,"href":"https:\/\/skaitytaknyga.lt\/en\/wp-json\/wp\/v2\/product_cat?post=5960"},{"taxonomy":"product_tag","embeddable":true,"href":"https:\/\/skaitytaknyga.lt\/en\/wp-json\/wp\/v2\/product_tag?post=5960"}],"curies":[{"name":"wp","href":"https:\/\/api.w.org\/{rel}","templated":true}]}}