{"id":5958,"date":"2024-05-02T13:01:55","date_gmt":"2024-05-02T13:01:55","guid":{"rendered":"https:\/\/skaitytaknyga.lt\/?post_type=product&#038;p=5958"},"modified":"2024-05-03T07:29:29","modified_gmt":"2024-05-03T07:29:29","slug":"ken-kesey-skrydis-virs-gegutes-lizdo-pagelte-lapai","status":"publish","type":"product","link":"https:\/\/skaitytaknyga.lt\/en\/produktas\/ken-kesey-skrydis-virs-gegutes-lizdo-pagelte-lapai\/","title":{"rendered":"Ken Kesey \u201eSkrydis vir\u0161 gegut\u0117s lizdo\u201c (Pagelt\u0119 lapai)"},"content":{"rendered":"<p>\u201e\u0160is romanas \u2013 protesto prover\u017eis prie\u0161 taisykles, pagal kurias gyvena vidutinybi\u0173 visuomen\u0117, ir prie\u0161 tuos nematomus serg\u0117tojus, kurie \u017ei\u016bri, kad \u0161i\u0173 taisykli\u0173 b\u016bt\u0173 laikomasi&#8221;, \u2013 taip apib\u016bdino<strong>\u00a0\u201eSkryd\u012f vir\u0161 gegut\u0117s lizdo&#8221;<\/strong>\u00a0\u017eurnalas Time.<\/p>\n<p>2012 metais Jungtin\u0117se Valstijose buvo i\u0161leistas jubiliejinis, penkiasde\u0161imtasis, romano leidimas. Nuo pat pasirodymo k\u016brinys buvo ver\u010diamas \u012f kitas kalbas, pagal j\u012f statomi spektakliai, o re\u017eisieriui<strong>\u00a0Milo\u0161ui Formanui<\/strong>\u00a0suk\u016brus to paties pavadinimo film\u0105, romanas \u012fgijo ir pasaulin\u0119 \u0161lov\u0119.<\/p>\n","protected":false},"excerpt":{"rendered":"<p>\u201e\u0160is romanas \u2013 protesto prover\u017eis prie\u0161 taisykles, pagal kurias gyvena vidutinybi\u0173 visuomen\u0117, ir prie\u0161 tuos nematomus serg\u0117tojus, kurie \u017ei\u016bri, kad \u0161i\u0173 taisykli\u0173 b\u016bt\u0173 laikomasi&#8221;, \u2013 taip apib\u016bdino<strong>\u00a0\u201eSkryd\u012f vir\u0161 gegut\u0117s lizdo&#8221;<\/strong>\u00a0\u017eurnalas Time.<\/p>\n<p>2012 metais Jungtin\u0117se Valstijose buvo i\u0161leistas jubiliejinis, penkiasde\u0161imtasis, romano leidimas. Nuo pat pasirodymo k\u016brinys buvo ver\u010diamas \u012f kitas kalbas, pagal j\u012f statomi spektakliai, o re\u017eisieriui<strong>\u00a0Milo\u0161ui Formanui<\/strong>\u00a0suk\u016brus to paties pavadinimo film\u0105, romanas \u012fgijo ir pasaulin\u0119 \u0161lov\u0119.<\/p>\n","protected":false},"featured_media":5979,"comment_status":"closed","ping_status":"closed","template":"","meta":{"_acf_changed":false,"site-sidebar-layout":"default","site-content-layout":"","ast-site-content-layout":"default","site-content-style":"default","site-sidebar-style":"default","ast-global-header-display":"","ast-banner-title-visibility":"","ast-main-header-display":"","ast-hfb-above-header-display":"","ast-hfb-below-header-display":"","ast-hfb-mobile-header-display":"","site-post-title":"","ast-breadcrumbs-content":"","ast-featured-img":"","footer-sml-layout":"","ast-disable-related-posts":"","theme-transparent-header-meta":"","adv-header-id-meta":"","stick-header-meta":"","header-above-stick-meta":"","header-main-stick-meta":"","header-below-stick-meta":"","astra-migrate-meta-layouts":"default","ast-page-background-enabled":"default","ast-page-background-meta":{"desktop":{"background-color":"","background-image":"","background-repeat":"repeat","background-position":"center center","background-size":"auto","background-attachment":"scroll","background-type":"","background-media":"","overlay-type":"","overlay-color":"","overlay-opacity":"","overlay-gradient":""},"tablet":{"background-color":"","background-image":"","background-repeat":"repeat","background-position":"center center","background-size":"auto","background-attachment":"scroll","background-type":"","background-media":"","overlay-type":"","overlay-color":"","overlay-opacity":"","overlay-gradient":""},"mobile":{"background-color":"","background-image":"","background-repeat":"repeat","background-position":"center center","background-size":"auto","background-attachment":"scroll","background-type":"","background-media":"","overlay-type":"","overlay-color":"","overlay-opacity":"","overlay-gradient":""}},"ast-content-background-meta":{"desktop":{"background-color":"var(--ast-global-color-4)","background-image":"","background-repeat":"repeat","background-position":"center center","background-size":"auto","background-attachment":"scroll","background-type":"","background-media":"","overlay-type":"","overlay-color":"","overlay-opacity":"","overlay-gradient":""},"tablet":{"background-color":"var(--ast-global-color-4)","background-image":"","background-repeat":"repeat","background-position":"center center","background-size":"auto","background-attachment":"scroll","background-type":"","background-media":"","overlay-type":"","overlay-color":"","overlay-opacity":"","overlay-gradient":""},"mobile":{"background-color":"var(--ast-global-color-4)","background-image":"","background-repeat":"repeat","background-position":"center center","background-size":"auto","background-attachment":"scroll","background-type":"","background-media":"","overlay-type":"","overlay-color":"","overlay-opacity":"","overlay-gradient":""}}},"product_brand":[],"product_cat":[31,331],"product_tag":[],"class_list":{"0":"post-5958","1":"product","2":"type-product","3":"status-publish","4":"has-post-thumbnail","6":"product_cat-grozine-literatura","7":"product_cat-programine-literatura","8":"desktop-align-left","9":"tablet-align-left","10":"mobile-align-left","12":"first","13":"outofstock","14":"shipping-taxable","15":"purchasable","16":"product-type-simple"},"acf":[],"yoast_head":"<!-- This site is optimized with the Yoast SEO plugin v27.0 - https:\/\/yoast.com\/product\/yoast-seo-wordpress\/ -->\n<title>Ken Kesey \u201eSkrydis vir\u0161 gegut\u0117s lizdo\u201c (Pagelt\u0119 lapai) - Skaitytaknyga<\/title>\n<meta name=\"description\" content=\"\u201e\u0160is romanas \u2013 protesto prover\u017eis prie\u0161 taisykles, pagal kurias gyvena vidutinybi\u0173 visuomen\u0117, ir prie\u0161 tuos nematomus serg\u0117tojus, kurie \u017ei\u016bri, kad \u0161i\u0173 taisykli\u0173 b\u016bt\u0173 laikomasi&quot;, \u2013 taip apib\u016bdino\u00a0\u201eSkryd\u012f vir\u0161 gegut\u0117s lizdo&quot;\u00a0\u017eurnalas Time.  2012 metais Jungtin\u0117se Valstijose buvo i\u0161leistas jubiliejinis, penkiasde\u0161imtasis, romano leidimas. Nuo pat pasirodymo k\u016brinys buvo ver\u010diamas \u012f kitas kalbas, pagal j\u012f statomi spektakliai, o re\u017eisieriui\u00a0Milo\u0161ui Formanui\u00a0suk\u016brus to paties pavadinimo film\u0105, romanas \u012fgijo ir pasaulin\u0119 \u0161lov\u0119.\" \/>\n<meta name=\"robots\" content=\"index, follow, max-snippet:-1, max-image-preview:large, max-video-preview:-1\" \/>\n<link rel=\"canonical\" href=\"https:\/\/skaitytaknyga.lt\/en\/produktas\/ken-kesey-skrydis-virs-gegutes-lizdo-pagelte-lapai\/\" \/>\n<meta property=\"og:locale\" content=\"en_GB\" \/>\n<meta property=\"og:locale:alternate\" content=\"lt_LT\" \/>\n<meta property=\"og:type\" content=\"article\" \/>\n<meta property=\"og:title\" content=\"Ken Kesey \u201eSkrydis vir\u0161 gegut\u0117s lizdo\u201c (Pagelt\u0119 lapai) - Skaitytaknyga\" \/>\n<meta property=\"og:description\" content=\"\u201e\u0160is romanas \u2013 protesto prover\u017eis prie\u0161 taisykles, pagal kurias gyvena vidutinybi\u0173 visuomen\u0117, ir prie\u0161 tuos nematomus serg\u0117tojus, kurie \u017ei\u016bri, kad \u0161i\u0173 taisykli\u0173 b\u016bt\u0173 laikomasi&quot;, \u2013 taip apib\u016bdino\u00a0\u201eSkryd\u012f vir\u0161 gegut\u0117s lizdo&quot;\u00a0\u017eurnalas Time.  2012 metais Jungtin\u0117se Valstijose buvo i\u0161leistas jubiliejinis, penkiasde\u0161imtasis, romano leidimas. Nuo pat pasirodymo k\u016brinys buvo ver\u010diamas \u012f kitas kalbas, pagal j\u012f statomi spektakliai, o re\u017eisieriui\u00a0Milo\u0161ui Formanui\u00a0suk\u016brus to paties pavadinimo film\u0105, romanas \u012fgijo ir pasaulin\u0119 \u0161lov\u0119.\" \/>\n<meta property=\"og:url\" content=\"https:\/\/skaitytaknyga.lt\/en\/produktas\/ken-kesey-skrydis-virs-gegutes-lizdo-pagelte-lapai\/\" \/>\n<meta property=\"og:site_name\" content=\"Skaitytaknyga\" \/>\n<meta property=\"article:publisher\" content=\"https:\/\/www.facebook.com\/skaitytaknyga\/\" \/>\n<meta property=\"article:modified_time\" content=\"2024-05-03T07:29:29+00:00\" \/>\n<meta property=\"og:image\" content=\"https:\/\/skaitytaknyga.lt\/wp-content\/uploads\/2024\/05\/1507897732_jpg_0002.jpg\" \/>\n\t<meta property=\"og:image:width\" content=\"275\" \/>\n\t<meta property=\"og:image:height\" content=\"430\" \/>\n\t<meta property=\"og:image:type\" content=\"image\/jpeg\" \/>\n<meta name=\"twitter:card\" content=\"summary_large_image\" \/>\n<meta name=\"twitter:label1\" content=\"Estimated reading time\" \/>\n\t<meta name=\"twitter:data1\" content=\"1 minute\" \/>\n<script type=\"application\/ld+json\" class=\"yoast-schema-graph\">{\"@context\":\"https:\/\/schema.org\",\"@graph\":[{\"@type\":\"WebPage\",\"@id\":\"https:\/\/skaitytaknyga.lt\/produktas\/ken-kesey-skrydis-virs-gegutes-lizdo-pagelte-lapai\/\",\"url\":\"https:\/\/skaitytaknyga.lt\/produktas\/ken-kesey-skrydis-virs-gegutes-lizdo-pagelte-lapai\/\",\"name\":\"Ken Kesey \u201eSkrydis vir\u0161 gegut\u0117s lizdo\u201c (Pagelt\u0119 lapai) - Skaitytaknyga\",\"isPartOf\":{\"@id\":\"https:\/\/skaitytaknyga.lt\/#website\"},\"primaryImageOfPage\":{\"@id\":\"https:\/\/skaitytaknyga.lt\/produktas\/ken-kesey-skrydis-virs-gegutes-lizdo-pagelte-lapai\/#primaryimage\"},\"image\":{\"@id\":\"https:\/\/skaitytaknyga.lt\/produktas\/ken-kesey-skrydis-virs-gegutes-lizdo-pagelte-lapai\/#primaryimage\"},\"thumbnailUrl\":\"https:\/\/skaitytaknyga.lt\/wp-content\/uploads\/2024\/05\/1507897732_jpg_0002.jpg\",\"datePublished\":\"2024-05-02T13:01:55+00:00\",\"dateModified\":\"2024-05-03T07:29:29+00:00\",\"description\":\"\u201e\u0160is romanas \u2013 protesto prover\u017eis prie\u0161 taisykles, pagal kurias gyvena vidutinybi\u0173 visuomen\u0117, ir prie\u0161 tuos nematomus serg\u0117tojus, kurie \u017ei\u016bri, kad \u0161i\u0173 taisykli\u0173 b\u016bt\u0173 laikomasi\\\", \u2013 taip apib\u016bdino\u00a0\u201eSkryd\u012f vir\u0161 gegut\u0117s lizdo\\\"\u00a0\u017eurnalas Time. 2012 metais Jungtin\u0117se Valstijose buvo i\u0161leistas jubiliejinis, penkiasde\u0161imtasis, romano leidimas. Nuo pat pasirodymo k\u016brinys buvo ver\u010diamas \u012f kitas kalbas, pagal j\u012f statomi spektakliai, o re\u017eisieriui\u00a0Milo\u0161ui Formanui\u00a0suk\u016brus to paties pavadinimo film\u0105, romanas \u012fgijo ir pasaulin\u0119 \u0161lov\u0119.\",\"breadcrumb\":{\"@id\":\"https:\/\/skaitytaknyga.lt\/produktas\/ken-kesey-skrydis-virs-gegutes-lizdo-pagelte-lapai\/#breadcrumb\"},\"inLanguage\":\"en-GB\",\"potentialAction\":[{\"@type\":\"ReadAction\",\"target\":[\"https:\/\/skaitytaknyga.lt\/produktas\/ken-kesey-skrydis-virs-gegutes-lizdo-pagelte-lapai\/\"]}]},{\"@type\":\"ImageObject\",\"inLanguage\":\"en-GB\",\"@id\":\"https:\/\/skaitytaknyga.lt\/produktas\/ken-kesey-skrydis-virs-gegutes-lizdo-pagelte-lapai\/#primaryimage\",\"url\":\"https:\/\/skaitytaknyga.lt\/wp-content\/uploads\/2024\/05\/1507897732_jpg_0002.jpg\",\"contentUrl\":\"https:\/\/skaitytaknyga.lt\/wp-content\/uploads\/2024\/05\/1507897732_jpg_0002.jpg\",\"width\":275,\"height\":430},{\"@type\":\"BreadcrumbList\",\"@id\":\"https:\/\/skaitytaknyga.lt\/produktas\/ken-kesey-skrydis-virs-gegutes-lizdo-pagelte-lapai\/#breadcrumb\",\"itemListElement\":[{\"@type\":\"ListItem\",\"position\":1,\"name\":\"Home\",\"item\":\"https:\/\/skaitytaknyga.lt\/\"},{\"@type\":\"ListItem\",\"position\":2,\"name\":\"Parduotuv\u0117\",\"item\":\"https:\/\/skaitytaknyga.lt\/knygu-parduotuve\/\"},{\"@type\":\"ListItem\",\"position\":3,\"name\":\"Ken Kesey \u201eSkrydis vir\u0161 gegut\u0117s lizdo\u201c (Pagelt\u0119 lapai)\"}]},{\"@type\":\"WebSite\",\"@id\":\"https:\/\/skaitytaknyga.lt\/#website\",\"url\":\"https:\/\/skaitytaknyga.lt\/\",\"name\":\"skaitytaknyga.lt\",\"description\":\"Skaitytaknyga.lt \u2013 tai ma\u017eas \u0161eimos verslas, kuris prasid\u0117jo nuo meil\u0117s knygoms ir siekio i\u0161gelb\u0117ti knygas nuo likimo prie konteinerio. Kas vienam nereikalingas daiktas \u2013 kitam lobis, o mes esame tarpininkai, kurie padeda abiems tapti laimingesniems ???? \u017dinome kaip nelengva i\u0161gyventi ma\u017eiems verslams, tad nuo \u0161iol, \u010dia rasite ir kit\u0173, ma\u017e\u0173 \u0161eim\u0173 versl\u0173, rank\u0173 darbo, dovan\u0173 sau ir artimiesiems.\",\"publisher\":{\"@id\":\"https:\/\/skaitytaknyga.lt\/#organization\"},\"potentialAction\":[{\"@type\":\"SearchAction\",\"target\":{\"@type\":\"EntryPoint\",\"urlTemplate\":\"https:\/\/skaitytaknyga.lt\/?s={search_term_string}\"},\"query-input\":{\"@type\":\"PropertyValueSpecification\",\"valueRequired\":true,\"valueName\":\"search_term_string\"}}],\"inLanguage\":\"en-GB\"},{\"@type\":\"Organization\",\"@id\":\"https:\/\/skaitytaknyga.lt\/#organization\",\"name\":\"skaitytaknyga.lt\",\"url\":\"https:\/\/skaitytaknyga.lt\/\",\"logo\":{\"@type\":\"ImageObject\",\"inLanguage\":\"en-GB\",\"@id\":\"https:\/\/skaitytaknyga.lt\/#\/schema\/logo\/image\/\",\"url\":\"https:\/\/skaitytaknyga.lt\/wp-content\/uploads\/2024\/05\/cropped-cropped-cropped-02_00843_jt3bggkj1j3HLc7SyY6rEUpg.jpeg\",\"contentUrl\":\"https:\/\/skaitytaknyga.lt\/wp-content\/uploads\/2024\/05\/cropped-cropped-cropped-02_00843_jt3bggkj1j3HLc7SyY6rEUpg.jpeg\",\"width\":1600,\"height\":1600,\"caption\":\"skaitytaknyga.lt\"},\"image\":{\"@id\":\"https:\/\/skaitytaknyga.lt\/#\/schema\/logo\/image\/\"},\"sameAs\":[\"https:\/\/www.facebook.com\/skaitytaknyga\/\"]}]}<\/script>\n<!-- \/ Yoast SEO plugin. -->","yoast_head_json":{"title":"Ken Kesey \u201eSkrydis vir\u0161 gegut\u0117s lizdo\u201c (Pagelt\u0119 lapai) - Skaitytaknyga","description":"\u201e\u0160is romanas \u2013 protesto prover\u017eis prie\u0161 taisykles, pagal kurias gyvena vidutinybi\u0173 visuomen\u0117, ir prie\u0161 tuos nematomus serg\u0117tojus, kurie \u017ei\u016bri, kad \u0161i\u0173 taisykli\u0173 b\u016bt\u0173 laikomasi\", \u2013 taip apib\u016bdino\u00a0\u201eSkryd\u012f vir\u0161 gegut\u0117s lizdo\"\u00a0\u017eurnalas Time.  2012 metais Jungtin\u0117se Valstijose buvo i\u0161leistas jubiliejinis, penkiasde\u0161imtasis, romano leidimas. Nuo pat pasirodymo k\u016brinys buvo ver\u010diamas \u012f kitas kalbas, pagal j\u012f statomi spektakliai, o re\u017eisieriui\u00a0Milo\u0161ui Formanui\u00a0suk\u016brus to paties pavadinimo film\u0105, romanas \u012fgijo ir pasaulin\u0119 \u0161lov\u0119.","robots":{"index":"index","follow":"follow","max-snippet":"max-snippet:-1","max-image-preview":"max-image-preview:large","max-video-preview":"max-video-preview:-1"},"canonical":"https:\/\/skaitytaknyga.lt\/en\/produktas\/ken-kesey-skrydis-virs-gegutes-lizdo-pagelte-lapai\/","og_locale":"en_GB","og_type":"article","og_title":"Ken Kesey \u201eSkrydis vir\u0161 gegut\u0117s lizdo\u201c (Pagelt\u0119 lapai) - Skaitytaknyga","og_description":"\u201e\u0160is romanas \u2013 protesto prover\u017eis prie\u0161 taisykles, pagal kurias gyvena vidutinybi\u0173 visuomen\u0117, ir prie\u0161 tuos nematomus serg\u0117tojus, kurie \u017ei\u016bri, kad \u0161i\u0173 taisykli\u0173 b\u016bt\u0173 laikomasi\", \u2013 taip apib\u016bdino\u00a0\u201eSkryd\u012f vir\u0161 gegut\u0117s lizdo\"\u00a0\u017eurnalas Time.  2012 metais Jungtin\u0117se Valstijose buvo i\u0161leistas jubiliejinis, penkiasde\u0161imtasis, romano leidimas. Nuo pat pasirodymo k\u016brinys buvo ver\u010diamas \u012f kitas kalbas, pagal j\u012f statomi spektakliai, o re\u017eisieriui\u00a0Milo\u0161ui Formanui\u00a0suk\u016brus to paties pavadinimo film\u0105, romanas \u012fgijo ir pasaulin\u0119 \u0161lov\u0119.","og_url":"https:\/\/skaitytaknyga.lt\/en\/produktas\/ken-kesey-skrydis-virs-gegutes-lizdo-pagelte-lapai\/","og_site_name":"Skaitytaknyga","article_publisher":"https:\/\/www.facebook.com\/skaitytaknyga\/","article_modified_time":"2024-05-03T07:29:29+00:00","og_image":[{"width":275,"height":430,"url":"https:\/\/skaitytaknyga.lt\/wp-content\/uploads\/2024\/05\/1507897732_jpg_0002.jpg","type":"image\/jpeg"}],"twitter_card":"summary_large_image","twitter_misc":{"Estimated reading time":"1 minute"},"schema":{"@context":"https:\/\/schema.org","@graph":[{"@type":"WebPage","@id":"https:\/\/skaitytaknyga.lt\/produktas\/ken-kesey-skrydis-virs-gegutes-lizdo-pagelte-lapai\/","url":"https:\/\/skaitytaknyga.lt\/produktas\/ken-kesey-skrydis-virs-gegutes-lizdo-pagelte-lapai\/","name":"Ken Kesey \u201eSkrydis vir\u0161 gegut\u0117s lizdo\u201c (Pagelt\u0119 lapai) - Skaitytaknyga","isPartOf":{"@id":"https:\/\/skaitytaknyga.lt\/#website"},"primaryImageOfPage":{"@id":"https:\/\/skaitytaknyga.lt\/produktas\/ken-kesey-skrydis-virs-gegutes-lizdo-pagelte-lapai\/#primaryimage"},"image":{"@id":"https:\/\/skaitytaknyga.lt\/produktas\/ken-kesey-skrydis-virs-gegutes-lizdo-pagelte-lapai\/#primaryimage"},"thumbnailUrl":"https:\/\/skaitytaknyga.lt\/wp-content\/uploads\/2024\/05\/1507897732_jpg_0002.jpg","datePublished":"2024-05-02T13:01:55+00:00","dateModified":"2024-05-03T07:29:29+00:00","description":"\u201e\u0160is romanas \u2013 protesto prover\u017eis prie\u0161 taisykles, pagal kurias gyvena vidutinybi\u0173 visuomen\u0117, ir prie\u0161 tuos nematomus serg\u0117tojus, kurie \u017ei\u016bri, kad \u0161i\u0173 taisykli\u0173 b\u016bt\u0173 laikomasi\", \u2013 taip apib\u016bdino\u00a0\u201eSkryd\u012f vir\u0161 gegut\u0117s lizdo\"\u00a0\u017eurnalas Time. 2012 metais Jungtin\u0117se Valstijose buvo i\u0161leistas jubiliejinis, penkiasde\u0161imtasis, romano leidimas. Nuo pat pasirodymo k\u016brinys buvo ver\u010diamas \u012f kitas kalbas, pagal j\u012f statomi spektakliai, o re\u017eisieriui\u00a0Milo\u0161ui Formanui\u00a0suk\u016brus to paties pavadinimo film\u0105, romanas \u012fgijo ir pasaulin\u0119 \u0161lov\u0119.","breadcrumb":{"@id":"https:\/\/skaitytaknyga.lt\/produktas\/ken-kesey-skrydis-virs-gegutes-lizdo-pagelte-lapai\/#breadcrumb"},"inLanguage":"en-GB","potentialAction":[{"@type":"ReadAction","target":["https:\/\/skaitytaknyga.lt\/produktas\/ken-kesey-skrydis-virs-gegutes-lizdo-pagelte-lapai\/"]}]},{"@type":"ImageObject","inLanguage":"en-GB","@id":"https:\/\/skaitytaknyga.lt\/produktas\/ken-kesey-skrydis-virs-gegutes-lizdo-pagelte-lapai\/#primaryimage","url":"https:\/\/skaitytaknyga.lt\/wp-content\/uploads\/2024\/05\/1507897732_jpg_0002.jpg","contentUrl":"https:\/\/skaitytaknyga.lt\/wp-content\/uploads\/2024\/05\/1507897732_jpg_0002.jpg","width":275,"height":430},{"@type":"BreadcrumbList","@id":"https:\/\/skaitytaknyga.lt\/produktas\/ken-kesey-skrydis-virs-gegutes-lizdo-pagelte-lapai\/#breadcrumb","itemListElement":[{"@type":"ListItem","position":1,"name":"Home","item":"https:\/\/skaitytaknyga.lt\/"},{"@type":"ListItem","position":2,"name":"Parduotuv\u0117","item":"https:\/\/skaitytaknyga.lt\/knygu-parduotuve\/"},{"@type":"ListItem","position":3,"name":"Ken Kesey \u201eSkrydis vir\u0161 gegut\u0117s lizdo\u201c (Pagelt\u0119 lapai)"}]},{"@type":"WebSite","@id":"https:\/\/skaitytaknyga.lt\/#website","url":"https:\/\/skaitytaknyga.lt\/","name":"skaitytaknyga.lt","description":"Skaitytaknyga.lt \u2013 tai ma\u017eas \u0161eimos verslas, kuris prasid\u0117jo nuo meil\u0117s knygoms ir siekio i\u0161gelb\u0117ti knygas nuo likimo prie konteinerio. Kas vienam nereikalingas daiktas \u2013 kitam lobis, o mes esame tarpininkai, kurie padeda abiems tapti laimingesniems ???? \u017dinome kaip nelengva i\u0161gyventi ma\u017eiems verslams, tad nuo \u0161iol, \u010dia rasite ir kit\u0173, ma\u017e\u0173 \u0161eim\u0173 versl\u0173, rank\u0173 darbo, dovan\u0173 sau ir artimiesiems.","publisher":{"@id":"https:\/\/skaitytaknyga.lt\/#organization"},"potentialAction":[{"@type":"SearchAction","target":{"@type":"EntryPoint","urlTemplate":"https:\/\/skaitytaknyga.lt\/?s={search_term_string}"},"query-input":{"@type":"PropertyValueSpecification","valueRequired":true,"valueName":"search_term_string"}}],"inLanguage":"en-GB"},{"@type":"Organization","@id":"https:\/\/skaitytaknyga.lt\/#organization","name":"skaitytaknyga.lt","url":"https:\/\/skaitytaknyga.lt\/","logo":{"@type":"ImageObject","inLanguage":"en-GB","@id":"https:\/\/skaitytaknyga.lt\/#\/schema\/logo\/image\/","url":"https:\/\/skaitytaknyga.lt\/wp-content\/uploads\/2024\/05\/cropped-cropped-cropped-02_00843_jt3bggkj1j3HLc7SyY6rEUpg.jpeg","contentUrl":"https:\/\/skaitytaknyga.lt\/wp-content\/uploads\/2024\/05\/cropped-cropped-cropped-02_00843_jt3bggkj1j3HLc7SyY6rEUpg.jpeg","width":1600,"height":1600,"caption":"skaitytaknyga.lt"},"image":{"@id":"https:\/\/skaitytaknyga.lt\/#\/schema\/logo\/image\/"},"sameAs":["https:\/\/www.facebook.com\/skaitytaknyga\/"]}]}},"_links":{"self":[{"href":"https:\/\/skaitytaknyga.lt\/en\/wp-json\/wp\/v2\/product\/5958","targetHints":{"allow":["GET"]}}],"collection":[{"href":"https:\/\/skaitytaknyga.lt\/en\/wp-json\/wp\/v2\/product"}],"about":[{"href":"https:\/\/skaitytaknyga.lt\/en\/wp-json\/wp\/v2\/types\/product"}],"replies":[{"embeddable":true,"href":"https:\/\/skaitytaknyga.lt\/en\/wp-json\/wp\/v2\/comments?post=5958"}],"wp:featuredmedia":[{"embeddable":true,"href":"https:\/\/skaitytaknyga.lt\/en\/wp-json\/wp\/v2\/media\/5979"}],"wp:attachment":[{"href":"https:\/\/skaitytaknyga.lt\/en\/wp-json\/wp\/v2\/media?parent=5958"}],"wp:term":[{"taxonomy":"product_brand","embeddable":true,"href":"https:\/\/skaitytaknyga.lt\/en\/wp-json\/wp\/v2\/product_brand?post=5958"},{"taxonomy":"product_cat","embeddable":true,"href":"https:\/\/skaitytaknyga.lt\/en\/wp-json\/wp\/v2\/product_cat?post=5958"},{"taxonomy":"product_tag","embeddable":true,"href":"https:\/\/skaitytaknyga.lt\/en\/wp-json\/wp\/v2\/product_tag?post=5958"}],"curies":[{"name":"wp","href":"https:\/\/api.w.org\/{rel}","templated":true}]}}