{"id":5940,"date":"2024-05-02T13:01:33","date_gmt":"2024-05-02T13:01:33","guid":{"rendered":"https:\/\/skaitytaknyga.lt\/?post_type=product&#038;p=5940"},"modified":"2025-12-31T21:36:33","modified_gmt":"2025-12-31T19:36:33","slug":"takuan-soho-nesupanciotas-protas","status":"publish","type":"product","link":"https:\/\/skaitytaknyga.lt\/en\/produktas\/takuan-soho-nesupanciotas-protas\/","title":{"rendered":"Takuan Soho \u201eNesupan\u010diotas protas\u201c"},"content":{"rendered":"<p>Kad to i\u0161moktume, tenka atsigr\u0119\u017eti \u012f praeit\u012f ir pasisemti patirties i\u0161 t\u0173, kas tikrai i\u0161mano kovos men\u0105. \u201eNesupan\u010diotas protas&#8221; &#8211; tai ketvirtoji knyga i\u0161 serijos apie senov\u0117s japon\u0173 i\u0161mint\u012f, samurajus ir kovos men\u0105. Tai XVII a. japon\u0173 m\u0105stytojo Takuano Soho garsiausi\u0173 darb\u0173 rinkinys, kuris priblo\u0161kia savo i\u0161skirtinumu. \u010cia pirm\u0105 kart\u0105 sujungti i\u0161 pirmo \u017evilgsnio nesudarinami dalykai: dzen mokymas ir kovos menas. I\u0161ties unikalus Japonijos kult\u016bros palikimas&#8230;<\/p>\n<p>\u201eKardas, dvasiniai pratimai ir nesuvar\u017eytas protas \u2013 \u0161tai apie k\u0105 \u0161i knyga. Mes turime kasdien lavinti prot\u0105, kol prie\u0161ai, atsirad\u0119 d\u0117l m\u016bs\u0173 pa\u010di\u0173 pyk\u010dio, dvejoni\u0173 ir godumo, bus nugal\u0117ti staigiu ir ry\u017etingu kardo kir\u010diu.\u201c<\/p>\n","protected":false},"excerpt":{"rendered":"<p>Kad to i\u0161moktume, tenka atsigr\u0119\u017eti \u012f praeit\u012f ir pasisemti patirties i\u0161 t\u0173, kas tikrai i\u0161mano kovos men\u0105. \u201eNesupan\u010diotas protas&#8221; &#8211; tai ketvirtoji knyga i\u0161 serijos apie senov\u0117s japon\u0173 i\u0161mint\u012f, samurajus ir kovos men\u0105. Tai XVII a. japon\u0173 m\u0105stytojo Takuano Soho garsiausi\u0173 darb\u0173 rinkinys, kuris priblo\u0161kia savo i\u0161skirtinumu. \u010cia pirm\u0105 kart\u0105 sujungti i\u0161 pirmo \u017evilgsnio nesudarinami dalykai: dzen mokymas ir kovos menas. I\u0161ties unikalus Japonijos kult\u016bros palikimas&#8230;<\/p>\n<p>\u201eKardas, dvasiniai pratimai ir nesuvar\u017eytas protas \u2013 \u0161tai apie k\u0105 \u0161i knyga. Mes turime kasdien lavinti prot\u0105, kol prie\u0161ai, atsirad\u0119 d\u0117l m\u016bs\u0173 pa\u010di\u0173 pyk\u010dio, dvejoni\u0173 ir godumo, bus nugal\u0117ti staigiu ir ry\u017etingu kardo kir\u010diu.\u201c<\/p>\n","protected":false},"featured_media":5961,"comment_status":"closed","ping_status":"closed","template":"","meta":{"_acf_changed":false,"site-sidebar-layout":"default","site-content-layout":"","ast-site-content-layout":"default","site-content-style":"default","site-sidebar-style":"default","ast-global-header-display":"","ast-banner-title-visibility":"","ast-main-header-display":"","ast-hfb-above-header-display":"","ast-hfb-below-header-display":"","ast-hfb-mobile-header-display":"","site-post-title":"","ast-breadcrumbs-content":"","ast-featured-img":"","footer-sml-layout":"","ast-disable-related-posts":"","theme-transparent-header-meta":"","adv-header-id-meta":"","stick-header-meta":"","header-above-stick-meta":"","header-main-stick-meta":"","header-below-stick-meta":"","astra-migrate-meta-layouts":"default","ast-page-background-enabled":"default","ast-page-background-meta":{"desktop":{"background-color":"","background-image":"","background-repeat":"repeat","background-position":"center center","background-size":"auto","background-attachment":"scroll","background-type":"","background-media":"","overlay-type":"","overlay-color":"","overlay-opacity":"","overlay-gradient":""},"tablet":{"background-color":"","background-image":"","background-repeat":"repeat","background-position":"center center","background-size":"auto","background-attachment":"scroll","background-type":"","background-media":"","overlay-type":"","overlay-color":"","overlay-opacity":"","overlay-gradient":""},"mobile":{"background-color":"","background-image":"","background-repeat":"repeat","background-position":"center center","background-size":"auto","background-attachment":"scroll","background-type":"","background-media":"","overlay-type":"","overlay-color":"","overlay-opacity":"","overlay-gradient":""}},"ast-content-background-meta":{"desktop":{"background-color":"var(--ast-global-color-4)","background-image":"","background-repeat":"repeat","background-position":"center center","background-size":"auto","background-attachment":"scroll","background-type":"","background-media":"","overlay-type":"","overlay-color":"","overlay-opacity":"","overlay-gradient":""},"tablet":{"background-color":"var(--ast-global-color-4)","background-image":"","background-repeat":"repeat","background-position":"center center","background-size":"auto","background-attachment":"scroll","background-type":"","background-media":"","overlay-type":"","overlay-color":"","overlay-opacity":"","overlay-gradient":""},"mobile":{"background-color":"var(--ast-global-color-4)","background-image":"","background-repeat":"repeat","background-position":"center center","background-size":"auto","background-attachment":"scroll","background-type":"","background-media":"","overlay-type":"","overlay-color":"","overlay-opacity":"","overlay-gradient":""}}},"product_brand":[],"product_cat":[165],"product_tag":[],"class_list":{"0":"post-5940","1":"product","2":"type-product","3":"status-publish","4":"has-post-thumbnail","6":"product_cat-religija-filosofija-ir-ezoterika","7":"desktop-align-left","8":"tablet-align-left","9":"mobile-align-left","11":"first","12":"outofstock","13":"shipping-taxable","14":"purchasable","15":"product-type-simple"},"acf":[],"yoast_head":"<!-- This site is optimized with the Yoast SEO plugin v27.0 - https:\/\/yoast.com\/product\/yoast-seo-wordpress\/ -->\n<title>Takuan Soho \u201eNesupan\u010diotas protas\u201c - Skaitytaknyga<\/title>\n<meta name=\"description\" content=\"Kad to i\u0161moktume, tenka atsigr\u0119\u017eti \u012f praeit\u012f ir pasisemti patirties i\u0161 t\u0173, kas tikrai i\u0161mano kovos men\u0105. \u201eNesupan\u010diotas protas&quot; - tai ketvirtoji knyga i\u0161 serijos apie senov\u0117s japon\u0173 i\u0161mint\u012f, samurajus ir kovos men\u0105. Tai XVII a. japon\u0173 m\u0105stytojo Takuano Soho garsiausi\u0173 darb\u0173 rinkinys, kuris priblo\u0161kia savo i\u0161skirtinumu. \u010cia pirm\u0105 kart\u0105 sujungti i\u0161 pirmo \u017evilgsnio nesudarinami dalykai: dzen mokymas ir kovos menas. I\u0161ties unikalus Japonijos kult\u016bros palikimas...  \u201eKardas, dvasiniai pratimai ir nesuvar\u017eytas protas \u2013 \u0161tai apie k\u0105 \u0161i knyga. Mes turime kasdien lavinti prot\u0105, kol prie\u0161ai, atsirad\u0119 d\u0117l m\u016bs\u0173 pa\u010di\u0173 pyk\u010dio, dvejoni\u0173 ir godumo, bus nugal\u0117ti staigiu ir ry\u017etingu kardo kir\u010diu.\u201c\" \/>\n<meta name=\"robots\" content=\"index, follow, max-snippet:-1, max-image-preview:large, max-video-preview:-1\" \/>\n<link rel=\"canonical\" href=\"https:\/\/skaitytaknyga.lt\/en\/produktas\/takuan-soho-nesupanciotas-protas\/\" \/>\n<meta property=\"og:locale\" content=\"en_GB\" \/>\n<meta property=\"og:locale:alternate\" content=\"lt_LT\" \/>\n<meta property=\"og:type\" content=\"article\" \/>\n<meta property=\"og:title\" content=\"Takuan Soho \u201eNesupan\u010diotas protas\u201c - Skaitytaknyga\" \/>\n<meta property=\"og:description\" content=\"Kad to i\u0161moktume, tenka atsigr\u0119\u017eti \u012f praeit\u012f ir pasisemti patirties i\u0161 t\u0173, kas tikrai i\u0161mano kovos men\u0105. \u201eNesupan\u010diotas protas&quot; - tai ketvirtoji knyga i\u0161 serijos apie senov\u0117s japon\u0173 i\u0161mint\u012f, samurajus ir kovos men\u0105. Tai XVII a. japon\u0173 m\u0105stytojo Takuano Soho garsiausi\u0173 darb\u0173 rinkinys, kuris priblo\u0161kia savo i\u0161skirtinumu. \u010cia pirm\u0105 kart\u0105 sujungti i\u0161 pirmo \u017evilgsnio nesudarinami dalykai: dzen mokymas ir kovos menas. I\u0161ties unikalus Japonijos kult\u016bros palikimas...  \u201eKardas, dvasiniai pratimai ir nesuvar\u017eytas protas \u2013 \u0161tai apie k\u0105 \u0161i knyga. Mes turime kasdien lavinti prot\u0105, kol prie\u0161ai, atsirad\u0119 d\u0117l m\u016bs\u0173 pa\u010di\u0173 pyk\u010dio, dvejoni\u0173 ir godumo, bus nugal\u0117ti staigiu ir ry\u017etingu kardo kir\u010diu.\u201c\" \/>\n<meta property=\"og:url\" content=\"https:\/\/skaitytaknyga.lt\/en\/produktas\/takuan-soho-nesupanciotas-protas\/\" \/>\n<meta property=\"og:site_name\" content=\"Skaitytaknyga\" \/>\n<meta property=\"article:publisher\" content=\"https:\/\/www.facebook.com\/skaitytaknyga\/\" \/>\n<meta property=\"article:modified_time\" content=\"2025-12-31T19:36:33+00:00\" \/>\n<meta property=\"og:image\" content=\"https:\/\/skaitytaknyga.lt\/wp-content\/uploads\/2024\/05\/soho-takuan-nesupanciotas-protas-e1622126097750.jpg\" \/>\n\t<meta property=\"og:image:width\" content=\"275\" \/>\n\t<meta property=\"og:image:height\" content=\"398\" \/>\n\t<meta property=\"og:image:type\" content=\"image\/jpeg\" \/>\n<meta name=\"twitter:card\" content=\"summary_large_image\" \/>\n<meta name=\"twitter:label1\" content=\"Estimated reading time\" \/>\n\t<meta name=\"twitter:data1\" content=\"1 minute\" \/>\n<script type=\"application\/ld+json\" class=\"yoast-schema-graph\">{\"@context\":\"https:\/\/schema.org\",\"@graph\":[{\"@type\":\"WebPage\",\"@id\":\"https:\/\/skaitytaknyga.lt\/produktas\/takuan-soho-nesupanciotas-protas\/\",\"url\":\"https:\/\/skaitytaknyga.lt\/produktas\/takuan-soho-nesupanciotas-protas\/\",\"name\":\"Takuan Soho \u201eNesupan\u010diotas protas\u201c - Skaitytaknyga\",\"isPartOf\":{\"@id\":\"https:\/\/skaitytaknyga.lt\/#website\"},\"primaryImageOfPage\":{\"@id\":\"https:\/\/skaitytaknyga.lt\/produktas\/takuan-soho-nesupanciotas-protas\/#primaryimage\"},\"image\":{\"@id\":\"https:\/\/skaitytaknyga.lt\/produktas\/takuan-soho-nesupanciotas-protas\/#primaryimage\"},\"thumbnailUrl\":\"https:\/\/skaitytaknyga.lt\/wp-content\/uploads\/2024\/05\/soho-takuan-nesupanciotas-protas-e1622126097750.jpg\",\"datePublished\":\"2024-05-02T13:01:33+00:00\",\"dateModified\":\"2025-12-31T19:36:33+00:00\",\"description\":\"Kad to i\u0161moktume, tenka atsigr\u0119\u017eti \u012f praeit\u012f ir pasisemti patirties i\u0161 t\u0173, kas tikrai i\u0161mano kovos men\u0105. \u201eNesupan\u010diotas protas\\\" - tai ketvirtoji knyga i\u0161 serijos apie senov\u0117s japon\u0173 i\u0161mint\u012f, samurajus ir kovos men\u0105. Tai XVII a. japon\u0173 m\u0105stytojo Takuano Soho garsiausi\u0173 darb\u0173 rinkinys, kuris priblo\u0161kia savo i\u0161skirtinumu. \u010cia pirm\u0105 kart\u0105 sujungti i\u0161 pirmo \u017evilgsnio nesudarinami dalykai: dzen mokymas ir kovos menas. I\u0161ties unikalus Japonijos kult\u016bros palikimas... \u201eKardas, dvasiniai pratimai ir nesuvar\u017eytas protas \u2013 \u0161tai apie k\u0105 \u0161i knyga. Mes turime kasdien lavinti prot\u0105, kol prie\u0161ai, atsirad\u0119 d\u0117l m\u016bs\u0173 pa\u010di\u0173 pyk\u010dio, dvejoni\u0173 ir godumo, bus nugal\u0117ti staigiu ir ry\u017etingu kardo kir\u010diu.\u201c\",\"breadcrumb\":{\"@id\":\"https:\/\/skaitytaknyga.lt\/produktas\/takuan-soho-nesupanciotas-protas\/#breadcrumb\"},\"inLanguage\":\"en-GB\",\"potentialAction\":[{\"@type\":\"ReadAction\",\"target\":[\"https:\/\/skaitytaknyga.lt\/produktas\/takuan-soho-nesupanciotas-protas\/\"]}]},{\"@type\":\"ImageObject\",\"inLanguage\":\"en-GB\",\"@id\":\"https:\/\/skaitytaknyga.lt\/produktas\/takuan-soho-nesupanciotas-protas\/#primaryimage\",\"url\":\"https:\/\/skaitytaknyga.lt\/wp-content\/uploads\/2024\/05\/soho-takuan-nesupanciotas-protas-e1622126097750.jpg\",\"contentUrl\":\"https:\/\/skaitytaknyga.lt\/wp-content\/uploads\/2024\/05\/soho-takuan-nesupanciotas-protas-e1622126097750.jpg\",\"width\":275,\"height\":398},{\"@type\":\"BreadcrumbList\",\"@id\":\"https:\/\/skaitytaknyga.lt\/produktas\/takuan-soho-nesupanciotas-protas\/#breadcrumb\",\"itemListElement\":[{\"@type\":\"ListItem\",\"position\":1,\"name\":\"Home\",\"item\":\"https:\/\/skaitytaknyga.lt\/\"},{\"@type\":\"ListItem\",\"position\":2,\"name\":\"Parduotuv\u0117\",\"item\":\"https:\/\/skaitytaknyga.lt\/knygu-parduotuve\/\"},{\"@type\":\"ListItem\",\"position\":3,\"name\":\"Takuan Soho \u201eNesupan\u010diotas protas\u201c\"}]},{\"@type\":\"WebSite\",\"@id\":\"https:\/\/skaitytaknyga.lt\/#website\",\"url\":\"https:\/\/skaitytaknyga.lt\/\",\"name\":\"skaitytaknyga.lt\",\"description\":\"Skaitytaknyga.lt \u2013 tai ma\u017eas \u0161eimos verslas, kuris prasid\u0117jo nuo meil\u0117s knygoms ir siekio i\u0161gelb\u0117ti knygas nuo likimo prie konteinerio. Kas vienam nereikalingas daiktas \u2013 kitam lobis, o mes esame tarpininkai, kurie padeda abiems tapti laimingesniems ???? \u017dinome kaip nelengva i\u0161gyventi ma\u017eiems verslams, tad nuo \u0161iol, \u010dia rasite ir kit\u0173, ma\u017e\u0173 \u0161eim\u0173 versl\u0173, rank\u0173 darbo, dovan\u0173 sau ir artimiesiems.\",\"publisher\":{\"@id\":\"https:\/\/skaitytaknyga.lt\/#organization\"},\"potentialAction\":[{\"@type\":\"SearchAction\",\"target\":{\"@type\":\"EntryPoint\",\"urlTemplate\":\"https:\/\/skaitytaknyga.lt\/?s={search_term_string}\"},\"query-input\":{\"@type\":\"PropertyValueSpecification\",\"valueRequired\":true,\"valueName\":\"search_term_string\"}}],\"inLanguage\":\"en-GB\"},{\"@type\":\"Organization\",\"@id\":\"https:\/\/skaitytaknyga.lt\/#organization\",\"name\":\"skaitytaknyga.lt\",\"url\":\"https:\/\/skaitytaknyga.lt\/\",\"logo\":{\"@type\":\"ImageObject\",\"inLanguage\":\"en-GB\",\"@id\":\"https:\/\/skaitytaknyga.lt\/#\/schema\/logo\/image\/\",\"url\":\"https:\/\/skaitytaknyga.lt\/wp-content\/uploads\/2024\/05\/cropped-cropped-cropped-02_00843_jt3bggkj1j3HLc7SyY6rEUpg.jpeg\",\"contentUrl\":\"https:\/\/skaitytaknyga.lt\/wp-content\/uploads\/2024\/05\/cropped-cropped-cropped-02_00843_jt3bggkj1j3HLc7SyY6rEUpg.jpeg\",\"width\":1600,\"height\":1600,\"caption\":\"skaitytaknyga.lt\"},\"image\":{\"@id\":\"https:\/\/skaitytaknyga.lt\/#\/schema\/logo\/image\/\"},\"sameAs\":[\"https:\/\/www.facebook.com\/skaitytaknyga\/\"]}]}<\/script>\n<!-- \/ Yoast SEO plugin. -->","yoast_head_json":{"title":"Takuan Soho \u201eNesupan\u010diotas protas\u201c - Skaitytaknyga","description":"Kad to i\u0161moktume, tenka atsigr\u0119\u017eti \u012f praeit\u012f ir pasisemti patirties i\u0161 t\u0173, kas tikrai i\u0161mano kovos men\u0105. \u201eNesupan\u010diotas protas\" - tai ketvirtoji knyga i\u0161 serijos apie senov\u0117s japon\u0173 i\u0161mint\u012f, samurajus ir kovos men\u0105. Tai XVII a. japon\u0173 m\u0105stytojo Takuano Soho garsiausi\u0173 darb\u0173 rinkinys, kuris priblo\u0161kia savo i\u0161skirtinumu. \u010cia pirm\u0105 kart\u0105 sujungti i\u0161 pirmo \u017evilgsnio nesudarinami dalykai: dzen mokymas ir kovos menas. I\u0161ties unikalus Japonijos kult\u016bros palikimas...  \u201eKardas, dvasiniai pratimai ir nesuvar\u017eytas protas \u2013 \u0161tai apie k\u0105 \u0161i knyga. Mes turime kasdien lavinti prot\u0105, kol prie\u0161ai, atsirad\u0119 d\u0117l m\u016bs\u0173 pa\u010di\u0173 pyk\u010dio, dvejoni\u0173 ir godumo, bus nugal\u0117ti staigiu ir ry\u017etingu kardo kir\u010diu.\u201c","robots":{"index":"index","follow":"follow","max-snippet":"max-snippet:-1","max-image-preview":"max-image-preview:large","max-video-preview":"max-video-preview:-1"},"canonical":"https:\/\/skaitytaknyga.lt\/en\/produktas\/takuan-soho-nesupanciotas-protas\/","og_locale":"en_GB","og_type":"article","og_title":"Takuan Soho \u201eNesupan\u010diotas protas\u201c - Skaitytaknyga","og_description":"Kad to i\u0161moktume, tenka atsigr\u0119\u017eti \u012f praeit\u012f ir pasisemti patirties i\u0161 t\u0173, kas tikrai i\u0161mano kovos men\u0105. \u201eNesupan\u010diotas protas\" - tai ketvirtoji knyga i\u0161 serijos apie senov\u0117s japon\u0173 i\u0161mint\u012f, samurajus ir kovos men\u0105. Tai XVII a. japon\u0173 m\u0105stytojo Takuano Soho garsiausi\u0173 darb\u0173 rinkinys, kuris priblo\u0161kia savo i\u0161skirtinumu. \u010cia pirm\u0105 kart\u0105 sujungti i\u0161 pirmo \u017evilgsnio nesudarinami dalykai: dzen mokymas ir kovos menas. I\u0161ties unikalus Japonijos kult\u016bros palikimas...  \u201eKardas, dvasiniai pratimai ir nesuvar\u017eytas protas \u2013 \u0161tai apie k\u0105 \u0161i knyga. Mes turime kasdien lavinti prot\u0105, kol prie\u0161ai, atsirad\u0119 d\u0117l m\u016bs\u0173 pa\u010di\u0173 pyk\u010dio, dvejoni\u0173 ir godumo, bus nugal\u0117ti staigiu ir ry\u017etingu kardo kir\u010diu.\u201c","og_url":"https:\/\/skaitytaknyga.lt\/en\/produktas\/takuan-soho-nesupanciotas-protas\/","og_site_name":"Skaitytaknyga","article_publisher":"https:\/\/www.facebook.com\/skaitytaknyga\/","article_modified_time":"2025-12-31T19:36:33+00:00","og_image":[{"width":275,"height":398,"url":"https:\/\/skaitytaknyga.lt\/wp-content\/uploads\/2024\/05\/soho-takuan-nesupanciotas-protas-e1622126097750.jpg","type":"image\/jpeg"}],"twitter_card":"summary_large_image","twitter_misc":{"Estimated reading time":"1 minute"},"schema":{"@context":"https:\/\/schema.org","@graph":[{"@type":"WebPage","@id":"https:\/\/skaitytaknyga.lt\/produktas\/takuan-soho-nesupanciotas-protas\/","url":"https:\/\/skaitytaknyga.lt\/produktas\/takuan-soho-nesupanciotas-protas\/","name":"Takuan Soho \u201eNesupan\u010diotas protas\u201c - Skaitytaknyga","isPartOf":{"@id":"https:\/\/skaitytaknyga.lt\/#website"},"primaryImageOfPage":{"@id":"https:\/\/skaitytaknyga.lt\/produktas\/takuan-soho-nesupanciotas-protas\/#primaryimage"},"image":{"@id":"https:\/\/skaitytaknyga.lt\/produktas\/takuan-soho-nesupanciotas-protas\/#primaryimage"},"thumbnailUrl":"https:\/\/skaitytaknyga.lt\/wp-content\/uploads\/2024\/05\/soho-takuan-nesupanciotas-protas-e1622126097750.jpg","datePublished":"2024-05-02T13:01:33+00:00","dateModified":"2025-12-31T19:36:33+00:00","description":"Kad to i\u0161moktume, tenka atsigr\u0119\u017eti \u012f praeit\u012f ir pasisemti patirties i\u0161 t\u0173, kas tikrai i\u0161mano kovos men\u0105. \u201eNesupan\u010diotas protas\" - tai ketvirtoji knyga i\u0161 serijos apie senov\u0117s japon\u0173 i\u0161mint\u012f, samurajus ir kovos men\u0105. Tai XVII a. japon\u0173 m\u0105stytojo Takuano Soho garsiausi\u0173 darb\u0173 rinkinys, kuris priblo\u0161kia savo i\u0161skirtinumu. \u010cia pirm\u0105 kart\u0105 sujungti i\u0161 pirmo \u017evilgsnio nesudarinami dalykai: dzen mokymas ir kovos menas. I\u0161ties unikalus Japonijos kult\u016bros palikimas... \u201eKardas, dvasiniai pratimai ir nesuvar\u017eytas protas \u2013 \u0161tai apie k\u0105 \u0161i knyga. Mes turime kasdien lavinti prot\u0105, kol prie\u0161ai, atsirad\u0119 d\u0117l m\u016bs\u0173 pa\u010di\u0173 pyk\u010dio, dvejoni\u0173 ir godumo, bus nugal\u0117ti staigiu ir ry\u017etingu kardo kir\u010diu.\u201c","breadcrumb":{"@id":"https:\/\/skaitytaknyga.lt\/produktas\/takuan-soho-nesupanciotas-protas\/#breadcrumb"},"inLanguage":"en-GB","potentialAction":[{"@type":"ReadAction","target":["https:\/\/skaitytaknyga.lt\/produktas\/takuan-soho-nesupanciotas-protas\/"]}]},{"@type":"ImageObject","inLanguage":"en-GB","@id":"https:\/\/skaitytaknyga.lt\/produktas\/takuan-soho-nesupanciotas-protas\/#primaryimage","url":"https:\/\/skaitytaknyga.lt\/wp-content\/uploads\/2024\/05\/soho-takuan-nesupanciotas-protas-e1622126097750.jpg","contentUrl":"https:\/\/skaitytaknyga.lt\/wp-content\/uploads\/2024\/05\/soho-takuan-nesupanciotas-protas-e1622126097750.jpg","width":275,"height":398},{"@type":"BreadcrumbList","@id":"https:\/\/skaitytaknyga.lt\/produktas\/takuan-soho-nesupanciotas-protas\/#breadcrumb","itemListElement":[{"@type":"ListItem","position":1,"name":"Home","item":"https:\/\/skaitytaknyga.lt\/"},{"@type":"ListItem","position":2,"name":"Parduotuv\u0117","item":"https:\/\/skaitytaknyga.lt\/knygu-parduotuve\/"},{"@type":"ListItem","position":3,"name":"Takuan Soho \u201eNesupan\u010diotas protas\u201c"}]},{"@type":"WebSite","@id":"https:\/\/skaitytaknyga.lt\/#website","url":"https:\/\/skaitytaknyga.lt\/","name":"skaitytaknyga.lt","description":"Skaitytaknyga.lt \u2013 tai ma\u017eas \u0161eimos verslas, kuris prasid\u0117jo nuo meil\u0117s knygoms ir siekio i\u0161gelb\u0117ti knygas nuo likimo prie konteinerio. Kas vienam nereikalingas daiktas \u2013 kitam lobis, o mes esame tarpininkai, kurie padeda abiems tapti laimingesniems ???? \u017dinome kaip nelengva i\u0161gyventi ma\u017eiems verslams, tad nuo \u0161iol, \u010dia rasite ir kit\u0173, ma\u017e\u0173 \u0161eim\u0173 versl\u0173, rank\u0173 darbo, dovan\u0173 sau ir artimiesiems.","publisher":{"@id":"https:\/\/skaitytaknyga.lt\/#organization"},"potentialAction":[{"@type":"SearchAction","target":{"@type":"EntryPoint","urlTemplate":"https:\/\/skaitytaknyga.lt\/?s={search_term_string}"},"query-input":{"@type":"PropertyValueSpecification","valueRequired":true,"valueName":"search_term_string"}}],"inLanguage":"en-GB"},{"@type":"Organization","@id":"https:\/\/skaitytaknyga.lt\/#organization","name":"skaitytaknyga.lt","url":"https:\/\/skaitytaknyga.lt\/","logo":{"@type":"ImageObject","inLanguage":"en-GB","@id":"https:\/\/skaitytaknyga.lt\/#\/schema\/logo\/image\/","url":"https:\/\/skaitytaknyga.lt\/wp-content\/uploads\/2024\/05\/cropped-cropped-cropped-02_00843_jt3bggkj1j3HLc7SyY6rEUpg.jpeg","contentUrl":"https:\/\/skaitytaknyga.lt\/wp-content\/uploads\/2024\/05\/cropped-cropped-cropped-02_00843_jt3bggkj1j3HLc7SyY6rEUpg.jpeg","width":1600,"height":1600,"caption":"skaitytaknyga.lt"},"image":{"@id":"https:\/\/skaitytaknyga.lt\/#\/schema\/logo\/image\/"},"sameAs":["https:\/\/www.facebook.com\/skaitytaknyga\/"]}]}},"_links":{"self":[{"href":"https:\/\/skaitytaknyga.lt\/en\/wp-json\/wp\/v2\/product\/5940","targetHints":{"allow":["GET"]}}],"collection":[{"href":"https:\/\/skaitytaknyga.lt\/en\/wp-json\/wp\/v2\/product"}],"about":[{"href":"https:\/\/skaitytaknyga.lt\/en\/wp-json\/wp\/v2\/types\/product"}],"replies":[{"embeddable":true,"href":"https:\/\/skaitytaknyga.lt\/en\/wp-json\/wp\/v2\/comments?post=5940"}],"wp:featuredmedia":[{"embeddable":true,"href":"https:\/\/skaitytaknyga.lt\/en\/wp-json\/wp\/v2\/media\/5961"}],"wp:attachment":[{"href":"https:\/\/skaitytaknyga.lt\/en\/wp-json\/wp\/v2\/media?parent=5940"}],"wp:term":[{"taxonomy":"product_brand","embeddable":true,"href":"https:\/\/skaitytaknyga.lt\/en\/wp-json\/wp\/v2\/product_brand?post=5940"},{"taxonomy":"product_cat","embeddable":true,"href":"https:\/\/skaitytaknyga.lt\/en\/wp-json\/wp\/v2\/product_cat?post=5940"},{"taxonomy":"product_tag","embeddable":true,"href":"https:\/\/skaitytaknyga.lt\/en\/wp-json\/wp\/v2\/product_tag?post=5940"}],"curies":[{"name":"wp","href":"https:\/\/api.w.org\/{rel}","templated":true}]}}