{"id":5938,"date":"2024-05-02T13:01:33","date_gmt":"2024-05-02T13:01:33","guid":{"rendered":"https:\/\/skaitytaknyga.lt\/?post_type=product&#038;p=5938"},"modified":"2026-03-18T11:19:07","modified_gmt":"2026-03-18T09:19:07","slug":"kai-meyer-akmens-sviesa","status":"publish","type":"product","link":"https:\/\/skaitytaknyga.lt\/en\/produktas\/kai-meyer-akmens-sviesa\/","title":{"rendered":"Akmens \u0161viesa"},"content":{"rendered":"<p>Antrojoje savo trilogijos dalyje Kai Meyeris toliau pasakoja knygoje \u201eVandens karalien\u0117\u201c prasid\u0117jusius paslaptingus ir \u012ftampos kupinus nuotykius.<\/p>\n<p>Merl\u0117s pasaulis kupinas magijos. Ta\u010diau nuo tada, kai blogio gali\u0173 veikiami Vandens karalien\u0117s kerai atsitrauk\u0117 i\u0161 Venecijos, mieste tvyro baim\u0117 ir li\u016bdesys. J\u016br\u0173 mergel\u0117s, vagi\u0173 meistras, sfinks\u0117 ir dr\u0105s\u016bs mai\u0161tininkai \u2013 jie visi suvokia, kad tik Merl\u0117 gali pakeisti lag\u016bnos miesto likim\u0105. Tuo metu, kai jos draugai Venecijos r\u016bmuose kaunasi u\u017e laisv\u0119, Merl\u0117 ant akmeninio li\u016bto nugaros skrenda \u012f keli\u0173 kilometr\u0173 bedugn\u0119 iki pasaulio a\u0161ies. \u010cia, Akmens \u0161viesos valdose, ji turi pasirinkti: senoji draugyst\u0117 ar viso pasaulio taika.<\/p>\n","protected":false},"excerpt":{"rendered":"<p>Antrojoje savo trilogijos dalyje Kai Meyeris toliau pasakoja knygoje \u201eVandens karalien\u0117\u201c prasid\u0117jusius paslaptingus ir \u012ftampos kupinus nuotykius.<\/p>\n<p>Merl\u0117s pasaulis kupinas magijos. Ta\u010diau nuo tada, kai blogio gali\u0173 veikiami Vandens karalien\u0117s kerai atsitrauk\u0117 i\u0161 Venecijos, mieste tvyro baim\u0117 ir li\u016bdesys. J\u016br\u0173 mergel\u0117s, vagi\u0173 meistras, sfinks\u0117 ir dr\u0105s\u016bs mai\u0161tininkai \u2013 jie visi suvokia, kad tik Merl\u0117 gali pakeisti lag\u016bnos miesto likim\u0105. Tuo metu, kai jos draugai Venecijos r\u016bmuose kaunasi u\u017e laisv\u0119, Merl\u0117 ant akmeninio li\u016bto nugaros skrenda \u012f keli\u0173 kilometr\u0173 bedugn\u0119 iki pasaulio a\u0161ies. \u010cia, Akmens \u0161viesos valdose, ji turi pasirinkti: senoji draugyst\u0117 ar viso pasaulio taika.<\/p>\n","protected":false},"featured_media":5950,"comment_status":"closed","ping_status":"closed","template":"","meta":{"_acf_changed":false,"site-sidebar-layout":"default","site-content-layout":"","ast-site-content-layout":"default","site-content-style":"default","site-sidebar-style":"default","ast-global-header-display":"","ast-banner-title-visibility":"","ast-main-header-display":"","ast-hfb-above-header-display":"","ast-hfb-below-header-display":"","ast-hfb-mobile-header-display":"","site-post-title":"","ast-breadcrumbs-content":"","ast-featured-img":"","footer-sml-layout":"","ast-disable-related-posts":"","theme-transparent-header-meta":"","adv-header-id-meta":"","stick-header-meta":"","header-above-stick-meta":"","header-main-stick-meta":"","header-below-stick-meta":"","astra-migrate-meta-layouts":"default","ast-page-background-enabled":"default","ast-page-background-meta":{"desktop":{"background-color":"","background-image":"","background-repeat":"repeat","background-position":"center center","background-size":"auto","background-attachment":"scroll","background-type":"","background-media":"","overlay-type":"","overlay-color":"","overlay-opacity":"","overlay-gradient":""},"tablet":{"background-color":"","background-image":"","background-repeat":"repeat","background-position":"center center","background-size":"auto","background-attachment":"scroll","background-type":"","background-media":"","overlay-type":"","overlay-color":"","overlay-opacity":"","overlay-gradient":""},"mobile":{"background-color":"","background-image":"","background-repeat":"repeat","background-position":"center center","background-size":"auto","background-attachment":"scroll","background-type":"","background-media":"","overlay-type":"","overlay-color":"","overlay-opacity":"","overlay-gradient":""}},"ast-content-background-meta":{"desktop":{"background-color":"var(--ast-global-color-4)","background-image":"","background-repeat":"repeat","background-position":"center center","background-size":"auto","background-attachment":"scroll","background-type":"","background-media":"","overlay-type":"","overlay-color":"","overlay-opacity":"","overlay-gradient":""},"tablet":{"background-color":"var(--ast-global-color-4)","background-image":"","background-repeat":"repeat","background-position":"center center","background-size":"auto","background-attachment":"scroll","background-type":"","background-media":"","overlay-type":"","overlay-color":"","overlay-opacity":"","overlay-gradient":""},"mobile":{"background-color":"var(--ast-global-color-4)","background-image":"","background-repeat":"repeat","background-position":"center center","background-size":"auto","background-attachment":"scroll","background-type":"","background-media":"","overlay-type":"","overlay-color":"","overlay-opacity":"","overlay-gradient":""}}},"product_brand":[],"product_cat":[9618],"product_tag":[],"class_list":{"0":"post-5938","1":"product","2":"type-product","3":"status-publish","4":"has-post-thumbnail","6":"product_cat-istoriniai-romanai","7":"desktop-align-left","8":"tablet-align-left","9":"mobile-align-left","11":"first","12":"instock","13":"shipping-taxable","14":"purchasable","15":"product-type-simple"},"acf":[],"yoast_head":"<!-- This site is optimized with the Yoast SEO plugin v27.0 - https:\/\/yoast.com\/product\/yoast-seo-wordpress\/ -->\n<title>Akmens \u0161viesa<\/title>\n<meta name=\"description\" content=\"Antrojoje savo trilogijos dalyje Kai Meyeris toliau pasakoja knygoje \u201eVandens karalien\u0117\u201c prasid\u0117jusius paslaptingus ir \u012ftampos kupinus nuotykius.  Merl\u0117s pasaulis kupinas magijos. Ta\u010diau nuo tada, kai blogio gali\u0173 veikiami Vandens karalien\u0117s kerai atsitrauk\u0117 i\u0161 Venecijos, mieste tvyro baim\u0117 ir li\u016bdesys. J\u016br\u0173 mergel\u0117s, vagi\u0173 meistras, sfinks\u0117 ir dr\u0105s\u016bs mai\u0161tininkai \u2013 jie visi suvokia, kad tik Merl\u0117 gali pakeisti lag\u016bnos miesto likim\u0105. Tuo metu, kai jos draugai Venecijos r\u016bmuose kaunasi u\u017e laisv\u0119, Merl\u0117 ant akmeninio li\u016bto nugaros skrenda \u012f keli\u0173 kilometr\u0173 bedugn\u0119 iki pasaulio a\u0161ies. \u010cia, Akmens \u0161viesos valdose, ji turi pasirinkti: senoji draugyst\u0117 ar viso pasaulio taika.\" \/>\n<meta name=\"robots\" content=\"index, follow, max-snippet:-1, max-image-preview:large, max-video-preview:-1\" \/>\n<link rel=\"canonical\" href=\"https:\/\/skaitytaknyga.lt\/en\/produktas\/kai-meyer-akmens-sviesa\/\" \/>\n<meta property=\"og:locale\" content=\"en_GB\" \/>\n<meta property=\"og:locale:alternate\" content=\"lt_LT\" \/>\n<meta property=\"og:type\" content=\"article\" \/>\n<meta property=\"og:title\" content=\"Akmens \u0161viesa\" \/>\n<meta property=\"og:description\" content=\"Antrojoje savo trilogijos dalyje Kai Meyeris toliau pasakoja knygoje \u201eVandens karalien\u0117\u201c prasid\u0117jusius paslaptingus ir \u012ftampos kupinus nuotykius.  Merl\u0117s pasaulis kupinas magijos. Ta\u010diau nuo tada, kai blogio gali\u0173 veikiami Vandens karalien\u0117s kerai atsitrauk\u0117 i\u0161 Venecijos, mieste tvyro baim\u0117 ir li\u016bdesys. J\u016br\u0173 mergel\u0117s, vagi\u0173 meistras, sfinks\u0117 ir dr\u0105s\u016bs mai\u0161tininkai \u2013 jie visi suvokia, kad tik Merl\u0117 gali pakeisti lag\u016bnos miesto likim\u0105. Tuo metu, kai jos draugai Venecijos r\u016bmuose kaunasi u\u017e laisv\u0119, Merl\u0117 ant akmeninio li\u016bto nugaros skrenda \u012f keli\u0173 kilometr\u0173 bedugn\u0119 iki pasaulio a\u0161ies. \u010cia, Akmens \u0161viesos valdose, ji turi pasirinkti: senoji draugyst\u0117 ar viso pasaulio taika.\" \/>\n<meta property=\"og:url\" content=\"https:\/\/skaitytaknyga.lt\/en\/produktas\/kai-meyer-akmens-sviesa\/\" \/>\n<meta property=\"og:site_name\" content=\"Skaitytaknyga\" \/>\n<meta property=\"article:publisher\" content=\"https:\/\/www.facebook.com\/skaitytaknyga\/\" \/>\n<meta property=\"article:modified_time\" content=\"2026-03-18T09:19:07+00:00\" \/>\n<meta property=\"og:image\" content=\"https:\/\/skaitytaknyga.lt\/wp-content\/uploads\/2024\/05\/1462873748_akmens-sviesa.jpg\" \/>\n\t<meta property=\"og:image:width\" content=\"288\" \/>\n\t<meta property=\"og:image:height\" content=\"430\" \/>\n\t<meta property=\"og:image:type\" content=\"image\/jpeg\" \/>\n<meta name=\"twitter:card\" content=\"summary_large_image\" \/>\n<meta name=\"twitter:label1\" content=\"Estimated reading time\" \/>\n\t<meta name=\"twitter:data1\" content=\"1 minute\" \/>\n<script type=\"application\/ld+json\" class=\"yoast-schema-graph\">{\"@context\":\"https:\/\/schema.org\",\"@graph\":[{\"@type\":\"WebPage\",\"@id\":\"https:\/\/skaitytaknyga.lt\/produktas\/kai-meyer-akmens-sviesa\/\",\"url\":\"https:\/\/skaitytaknyga.lt\/produktas\/kai-meyer-akmens-sviesa\/\",\"name\":\"Akmens \u0161viesa\",\"isPartOf\":{\"@id\":\"https:\/\/skaitytaknyga.lt\/#website\"},\"primaryImageOfPage\":{\"@id\":\"https:\/\/skaitytaknyga.lt\/produktas\/kai-meyer-akmens-sviesa\/#primaryimage\"},\"image\":{\"@id\":\"https:\/\/skaitytaknyga.lt\/produktas\/kai-meyer-akmens-sviesa\/#primaryimage\"},\"thumbnailUrl\":\"https:\/\/skaitytaknyga.lt\/wp-content\/uploads\/2024\/05\/1462873748_akmens-sviesa.jpg\",\"datePublished\":\"2024-05-02T13:01:33+00:00\",\"dateModified\":\"2026-03-18T09:19:07+00:00\",\"description\":\"Antrojoje savo trilogijos dalyje Kai Meyeris toliau pasakoja knygoje \u201eVandens karalien\u0117\u201c prasid\u0117jusius paslaptingus ir \u012ftampos kupinus nuotykius. Merl\u0117s pasaulis kupinas magijos. Ta\u010diau nuo tada, kai blogio gali\u0173 veikiami Vandens karalien\u0117s kerai atsitrauk\u0117 i\u0161 Venecijos, mieste tvyro baim\u0117 ir li\u016bdesys. J\u016br\u0173 mergel\u0117s, vagi\u0173 meistras, sfinks\u0117 ir dr\u0105s\u016bs mai\u0161tininkai \u2013 jie visi suvokia, kad tik Merl\u0117 gali pakeisti lag\u016bnos miesto likim\u0105. Tuo metu, kai jos draugai Venecijos r\u016bmuose kaunasi u\u017e laisv\u0119, Merl\u0117 ant akmeninio li\u016bto nugaros skrenda \u012f keli\u0173 kilometr\u0173 bedugn\u0119 iki pasaulio a\u0161ies. \u010cia, Akmens \u0161viesos valdose, ji turi pasirinkti: senoji draugyst\u0117 ar viso pasaulio taika.\",\"breadcrumb\":{\"@id\":\"https:\/\/skaitytaknyga.lt\/produktas\/kai-meyer-akmens-sviesa\/#breadcrumb\"},\"inLanguage\":\"en-GB\",\"potentialAction\":[{\"@type\":\"ReadAction\",\"target\":[\"https:\/\/skaitytaknyga.lt\/produktas\/kai-meyer-akmens-sviesa\/\"]}]},{\"@type\":\"ImageObject\",\"inLanguage\":\"en-GB\",\"@id\":\"https:\/\/skaitytaknyga.lt\/produktas\/kai-meyer-akmens-sviesa\/#primaryimage\",\"url\":\"https:\/\/skaitytaknyga.lt\/wp-content\/uploads\/2024\/05\/1462873748_akmens-sviesa.jpg\",\"contentUrl\":\"https:\/\/skaitytaknyga.lt\/wp-content\/uploads\/2024\/05\/1462873748_akmens-sviesa.jpg\",\"width\":288,\"height\":430},{\"@type\":\"BreadcrumbList\",\"@id\":\"https:\/\/skaitytaknyga.lt\/produktas\/kai-meyer-akmens-sviesa\/#breadcrumb\",\"itemListElement\":[{\"@type\":\"ListItem\",\"position\":1,\"name\":\"Home\",\"item\":\"https:\/\/skaitytaknyga.lt\/\"},{\"@type\":\"ListItem\",\"position\":2,\"name\":\"Parduotuv\u0117\",\"item\":\"https:\/\/skaitytaknyga.lt\/knygu-parduotuve\/\"},{\"@type\":\"ListItem\",\"position\":3,\"name\":\"Akmens \u0161viesa\"}]},{\"@type\":\"WebSite\",\"@id\":\"https:\/\/skaitytaknyga.lt\/#website\",\"url\":\"https:\/\/skaitytaknyga.lt\/\",\"name\":\"skaitytaknyga.lt\",\"description\":\"Skaitytaknyga.lt \u2013 tai ma\u017eas \u0161eimos verslas, kuris prasid\u0117jo nuo meil\u0117s knygoms ir siekio i\u0161gelb\u0117ti knygas nuo likimo prie konteinerio. Kas vienam nereikalingas daiktas \u2013 kitam lobis, o mes esame tarpininkai, kurie padeda abiems tapti laimingesniems ???? \u017dinome kaip nelengva i\u0161gyventi ma\u017eiems verslams, tad nuo \u0161iol, \u010dia rasite ir kit\u0173, ma\u017e\u0173 \u0161eim\u0173 versl\u0173, rank\u0173 darbo, dovan\u0173 sau ir artimiesiems.\",\"publisher\":{\"@id\":\"https:\/\/skaitytaknyga.lt\/#organization\"},\"potentialAction\":[{\"@type\":\"SearchAction\",\"target\":{\"@type\":\"EntryPoint\",\"urlTemplate\":\"https:\/\/skaitytaknyga.lt\/?s={search_term_string}\"},\"query-input\":{\"@type\":\"PropertyValueSpecification\",\"valueRequired\":true,\"valueName\":\"search_term_string\"}}],\"inLanguage\":\"en-GB\"},{\"@type\":\"Organization\",\"@id\":\"https:\/\/skaitytaknyga.lt\/#organization\",\"name\":\"skaitytaknyga.lt\",\"url\":\"https:\/\/skaitytaknyga.lt\/\",\"logo\":{\"@type\":\"ImageObject\",\"inLanguage\":\"en-GB\",\"@id\":\"https:\/\/skaitytaknyga.lt\/#\/schema\/logo\/image\/\",\"url\":\"https:\/\/skaitytaknyga.lt\/wp-content\/uploads\/2024\/05\/cropped-cropped-cropped-02_00843_jt3bggkj1j3HLc7SyY6rEUpg.jpeg\",\"contentUrl\":\"https:\/\/skaitytaknyga.lt\/wp-content\/uploads\/2024\/05\/cropped-cropped-cropped-02_00843_jt3bggkj1j3HLc7SyY6rEUpg.jpeg\",\"width\":1600,\"height\":1600,\"caption\":\"skaitytaknyga.lt\"},\"image\":{\"@id\":\"https:\/\/skaitytaknyga.lt\/#\/schema\/logo\/image\/\"},\"sameAs\":[\"https:\/\/www.facebook.com\/skaitytaknyga\/\"]}]}<\/script>\n<!-- \/ Yoast SEO plugin. -->","yoast_head_json":{"title":"Akmens \u0161viesa","description":"Antrojoje savo trilogijos dalyje Kai Meyeris toliau pasakoja knygoje \u201eVandens karalien\u0117\u201c prasid\u0117jusius paslaptingus ir \u012ftampos kupinus nuotykius.  Merl\u0117s pasaulis kupinas magijos. Ta\u010diau nuo tada, kai blogio gali\u0173 veikiami Vandens karalien\u0117s kerai atsitrauk\u0117 i\u0161 Venecijos, mieste tvyro baim\u0117 ir li\u016bdesys. J\u016br\u0173 mergel\u0117s, vagi\u0173 meistras, sfinks\u0117 ir dr\u0105s\u016bs mai\u0161tininkai \u2013 jie visi suvokia, kad tik Merl\u0117 gali pakeisti lag\u016bnos miesto likim\u0105. Tuo metu, kai jos draugai Venecijos r\u016bmuose kaunasi u\u017e laisv\u0119, Merl\u0117 ant akmeninio li\u016bto nugaros skrenda \u012f keli\u0173 kilometr\u0173 bedugn\u0119 iki pasaulio a\u0161ies. \u010cia, Akmens \u0161viesos valdose, ji turi pasirinkti: senoji draugyst\u0117 ar viso pasaulio taika.","robots":{"index":"index","follow":"follow","max-snippet":"max-snippet:-1","max-image-preview":"max-image-preview:large","max-video-preview":"max-video-preview:-1"},"canonical":"https:\/\/skaitytaknyga.lt\/en\/produktas\/kai-meyer-akmens-sviesa\/","og_locale":"en_GB","og_type":"article","og_title":"[:lt]Akmens \u0161viesa[:] - Skaitytaknyga","og_description":"Antrojoje savo trilogijos dalyje Kai Meyeris toliau pasakoja knygoje \u201eVandens karalien\u0117\u201c prasid\u0117jusius paslaptingus ir \u012ftampos kupinus nuotykius.  Merl\u0117s pasaulis kupinas magijos. Ta\u010diau nuo tada, kai blogio gali\u0173 veikiami Vandens karalien\u0117s kerai atsitrauk\u0117 i\u0161 Venecijos, mieste tvyro baim\u0117 ir li\u016bdesys. J\u016br\u0173 mergel\u0117s, vagi\u0173 meistras, sfinks\u0117 ir dr\u0105s\u016bs mai\u0161tininkai \u2013 jie visi suvokia, kad tik Merl\u0117 gali pakeisti lag\u016bnos miesto likim\u0105. Tuo metu, kai jos draugai Venecijos r\u016bmuose kaunasi u\u017e laisv\u0119, Merl\u0117 ant akmeninio li\u016bto nugaros skrenda \u012f keli\u0173 kilometr\u0173 bedugn\u0119 iki pasaulio a\u0161ies. \u010cia, Akmens \u0161viesos valdose, ji turi pasirinkti: senoji draugyst\u0117 ar viso pasaulio taika.","og_url":"https:\/\/skaitytaknyga.lt\/en\/produktas\/kai-meyer-akmens-sviesa\/","og_site_name":"Skaitytaknyga","article_publisher":"https:\/\/www.facebook.com\/skaitytaknyga\/","article_modified_time":"2026-03-18T09:19:07+00:00","og_image":[{"width":288,"height":430,"url":"https:\/\/skaitytaknyga.lt\/wp-content\/uploads\/2024\/05\/1462873748_akmens-sviesa.jpg","type":"image\/jpeg"}],"twitter_card":"summary_large_image","twitter_misc":{"Estimated reading time":"1 minute"},"schema":{"@context":"https:\/\/schema.org","@graph":[{"@type":"WebPage","@id":"https:\/\/skaitytaknyga.lt\/produktas\/kai-meyer-akmens-sviesa\/","url":"https:\/\/skaitytaknyga.lt\/produktas\/kai-meyer-akmens-sviesa\/","name":"Akmens \u0161viesa","isPartOf":{"@id":"https:\/\/skaitytaknyga.lt\/#website"},"primaryImageOfPage":{"@id":"https:\/\/skaitytaknyga.lt\/produktas\/kai-meyer-akmens-sviesa\/#primaryimage"},"image":{"@id":"https:\/\/skaitytaknyga.lt\/produktas\/kai-meyer-akmens-sviesa\/#primaryimage"},"thumbnailUrl":"https:\/\/skaitytaknyga.lt\/wp-content\/uploads\/2024\/05\/1462873748_akmens-sviesa.jpg","datePublished":"2024-05-02T13:01:33+00:00","dateModified":"2026-03-18T09:19:07+00:00","description":"Antrojoje savo trilogijos dalyje Kai Meyeris toliau pasakoja knygoje \u201eVandens karalien\u0117\u201c prasid\u0117jusius paslaptingus ir \u012ftampos kupinus nuotykius. Merl\u0117s pasaulis kupinas magijos. Ta\u010diau nuo tada, kai blogio gali\u0173 veikiami Vandens karalien\u0117s kerai atsitrauk\u0117 i\u0161 Venecijos, mieste tvyro baim\u0117 ir li\u016bdesys. J\u016br\u0173 mergel\u0117s, vagi\u0173 meistras, sfinks\u0117 ir dr\u0105s\u016bs mai\u0161tininkai \u2013 jie visi suvokia, kad tik Merl\u0117 gali pakeisti lag\u016bnos miesto likim\u0105. Tuo metu, kai jos draugai Venecijos r\u016bmuose kaunasi u\u017e laisv\u0119, Merl\u0117 ant akmeninio li\u016bto nugaros skrenda \u012f keli\u0173 kilometr\u0173 bedugn\u0119 iki pasaulio a\u0161ies. \u010cia, Akmens \u0161viesos valdose, ji turi pasirinkti: senoji draugyst\u0117 ar viso pasaulio taika.","breadcrumb":{"@id":"https:\/\/skaitytaknyga.lt\/produktas\/kai-meyer-akmens-sviesa\/#breadcrumb"},"inLanguage":"en-GB","potentialAction":[{"@type":"ReadAction","target":["https:\/\/skaitytaknyga.lt\/produktas\/kai-meyer-akmens-sviesa\/"]}]},{"@type":"ImageObject","inLanguage":"en-GB","@id":"https:\/\/skaitytaknyga.lt\/produktas\/kai-meyer-akmens-sviesa\/#primaryimage","url":"https:\/\/skaitytaknyga.lt\/wp-content\/uploads\/2024\/05\/1462873748_akmens-sviesa.jpg","contentUrl":"https:\/\/skaitytaknyga.lt\/wp-content\/uploads\/2024\/05\/1462873748_akmens-sviesa.jpg","width":288,"height":430},{"@type":"BreadcrumbList","@id":"https:\/\/skaitytaknyga.lt\/produktas\/kai-meyer-akmens-sviesa\/#breadcrumb","itemListElement":[{"@type":"ListItem","position":1,"name":"Home","item":"https:\/\/skaitytaknyga.lt\/"},{"@type":"ListItem","position":2,"name":"Parduotuv\u0117","item":"https:\/\/skaitytaknyga.lt\/knygu-parduotuve\/"},{"@type":"ListItem","position":3,"name":"Akmens \u0161viesa"}]},{"@type":"WebSite","@id":"https:\/\/skaitytaknyga.lt\/#website","url":"https:\/\/skaitytaknyga.lt\/","name":"skaitytaknyga.lt","description":"Skaitytaknyga.lt \u2013 tai ma\u017eas \u0161eimos verslas, kuris prasid\u0117jo nuo meil\u0117s knygoms ir siekio i\u0161gelb\u0117ti knygas nuo likimo prie konteinerio. Kas vienam nereikalingas daiktas \u2013 kitam lobis, o mes esame tarpininkai, kurie padeda abiems tapti laimingesniems ???? \u017dinome kaip nelengva i\u0161gyventi ma\u017eiems verslams, tad nuo \u0161iol, \u010dia rasite ir kit\u0173, ma\u017e\u0173 \u0161eim\u0173 versl\u0173, rank\u0173 darbo, dovan\u0173 sau ir artimiesiems.","publisher":{"@id":"https:\/\/skaitytaknyga.lt\/#organization"},"potentialAction":[{"@type":"SearchAction","target":{"@type":"EntryPoint","urlTemplate":"https:\/\/skaitytaknyga.lt\/?s={search_term_string}"},"query-input":{"@type":"PropertyValueSpecification","valueRequired":true,"valueName":"search_term_string"}}],"inLanguage":"en-GB"},{"@type":"Organization","@id":"https:\/\/skaitytaknyga.lt\/#organization","name":"skaitytaknyga.lt","url":"https:\/\/skaitytaknyga.lt\/","logo":{"@type":"ImageObject","inLanguage":"en-GB","@id":"https:\/\/skaitytaknyga.lt\/#\/schema\/logo\/image\/","url":"https:\/\/skaitytaknyga.lt\/wp-content\/uploads\/2024\/05\/cropped-cropped-cropped-02_00843_jt3bggkj1j3HLc7SyY6rEUpg.jpeg","contentUrl":"https:\/\/skaitytaknyga.lt\/wp-content\/uploads\/2024\/05\/cropped-cropped-cropped-02_00843_jt3bggkj1j3HLc7SyY6rEUpg.jpeg","width":1600,"height":1600,"caption":"skaitytaknyga.lt"},"image":{"@id":"https:\/\/skaitytaknyga.lt\/#\/schema\/logo\/image\/"},"sameAs":["https:\/\/www.facebook.com\/skaitytaknyga\/"]}]}},"_links":{"self":[{"href":"https:\/\/skaitytaknyga.lt\/en\/wp-json\/wp\/v2\/product\/5938","targetHints":{"allow":["GET"]}}],"collection":[{"href":"https:\/\/skaitytaknyga.lt\/en\/wp-json\/wp\/v2\/product"}],"about":[{"href":"https:\/\/skaitytaknyga.lt\/en\/wp-json\/wp\/v2\/types\/product"}],"replies":[{"embeddable":true,"href":"https:\/\/skaitytaknyga.lt\/en\/wp-json\/wp\/v2\/comments?post=5938"}],"wp:featuredmedia":[{"embeddable":true,"href":"https:\/\/skaitytaknyga.lt\/en\/wp-json\/wp\/v2\/media\/5950"}],"wp:attachment":[{"href":"https:\/\/skaitytaknyga.lt\/en\/wp-json\/wp\/v2\/media?parent=5938"}],"wp:term":[{"taxonomy":"product_brand","embeddable":true,"href":"https:\/\/skaitytaknyga.lt\/en\/wp-json\/wp\/v2\/product_brand?post=5938"},{"taxonomy":"product_cat","embeddable":true,"href":"https:\/\/skaitytaknyga.lt\/en\/wp-json\/wp\/v2\/product_cat?post=5938"},{"taxonomy":"product_tag","embeddable":true,"href":"https:\/\/skaitytaknyga.lt\/en\/wp-json\/wp\/v2\/product_tag?post=5938"}],"curies":[{"name":"wp","href":"https:\/\/api.w.org\/{rel}","templated":true}]}}