{"id":5899,"date":"2024-05-02T13:00:18","date_gmt":"2024-05-02T13:00:18","guid":{"rendered":"https:\/\/skaitytaknyga.lt\/?post_type=product&#038;p=5899"},"modified":"2026-03-05T15:58:10","modified_gmt":"2026-03-05T13:58:10","slug":"s-king-svytejimas","status":"publish","type":"product","link":"https:\/\/skaitytaknyga.lt\/en\/produktas\/s-king-svytejimas\/","title":{"rendered":"\u0160vyt\u0117jimas (truput\u012f \u012fply\u0161\u0119s vir\u0161elis ir keli puslapiai)"},"content":{"rendered":"<p>D\u017eekas Torensas buvo i\u0161mestas i\u0161 darbo universitete, kai nesusivald\u0119s smog\u0117 studentui.<\/p>\n<p>Atsiriboti nuo nemalonios praeities tur\u0117t\u0173 pad\u0117ti gautas pasi\u016blymas, kuriuo susi\u017eav\u0117t\u0173 bet kuris darbo ie\u0161kantis ra\u0161ytojas. Jis kartu su \u0161eima gyvens puikiame vie\u0161butyje Kolorado kalnuose. Jo darbas \u2013 pri\u017ei\u016br\u0117ti ne sezono metu i\u0161tu\u0161t\u0117jus\u012f vie\u0161but\u012f. Vis\u0105 laik\u0105 D\u017eekas gal\u0117s skirti k\u016brybai, o s\u016bnelis su \u017emona m\u0117gausis tyru oru ir ramybe.<\/p>\n<p>Ta\u010diau \u012f vyri\u0161kio pas\u0105mon\u0119 ima smelktis nepaai\u0161kinama baim\u0117, siaubingi ko\u0161marai, o prie\u0161 kelet\u0105 met\u0173 vie\u0161butyje \u012fvykusi tragedija past\u016bm\u0117ja D\u017eek\u0105 griebtis sen\u0173 \u012fpro\u010di\u0173&#8230;<\/p>\n<p>\u201e\u0160vyt\u0117jime\u201c nestinga realaus gyvenimo atspind\u017ei\u0173, \u012fd\u0117maus \u017evilgsnio \u012f menkai tei\u0161tirtas \u017emogaus s\u0105mon\u0117s bei pas\u0105mon\u0117s sritis ir lakios fantazijos. Romanas nepaliks abejingo n\u0117 vieno skaitytojo: \u017eiemos sezonui atvyk\u0119s \u012f \u201ePanoramos\u201c vie\u0161but\u012f kalnuose drauge su Torens\u0173 \u0161eima \u2013 gavusiu ten pri\u017ei\u016br\u0117tojo darb\u0105 D\u017eeku, jo \u017emona Vende ir ma\u017euoju Deniu, \u2013 norom nenorom imi jausti tai, k\u0105 jau\u010dia u\u017epustytame, sniego atkirstame nuo viso pasaulio prastos \u0161lov\u0117s vie\u0161butyje knygos herojai, imi baimintis to, kas slypi u\u017e kiekvien\u0173 daugyb\u0117s kambari\u0173 dur\u0173, \u017eaidim\u0173 aik\u0161tel\u0117je, lifte, kas kelia siaub\u0105 jiems, pirmiausia \u0161vyt\u0117jimo dovan\u0105 turin\u010diam Deniui, imi ie\u0161koti i\u0161eities i\u0161 klaid\u017ei\u0173 \u201ePanoramos\u201c ir \u017emogaus sielos labirint\u0173 taip, kaip jos ie\u0161ko Torensai ir Halorenas&#8230;<\/p>\n<p>Pagal \u0161\u012f roman\u0105 buvo sukurta Stanley Kubricko \u201e\u0160vyt\u0117jimas\u201c ekranizacija.<\/p>\n<div class=\"cfwc-custom-field-wrapper\"><b>Leidimo data:<\/b>\u00a01993<\/div>\n<div class=\"cfwc-custom-field-wrapper\"><b>Leidykla:<\/b>\u00a0\u017daltvyksl\u0117<\/div>\n<div class=\"cfwc-custom-field-wrapper\"><b>Knygos vir\u0161elis:\u00a0<\/b>Mink\u0161tas<\/div>\n<div class=\"cfwc-custom-field-wrapper\"><b>Knygos puslapi\u0173 skai\u010dius:\u00a0<\/b>512<\/div>\n<p>&nbsp;<\/p>\n","protected":false},"excerpt":{"rendered":"<p>D\u017eekas Torensas buvo i\u0161mestas i\u0161 darbo universitete, kai nesusivald\u0119s smog\u0117 studentui. Atsiriboti nuo nemalonios praeities tur\u0117t\u0173 pad\u0117ti gautas pasi\u016blymas, kuriuo susi\u017eav\u0117t\u0173 bet kuris darbo ie\u0161kantis ra\u0161ytojas. Jis kartu su \u0161eima gyvens puikiame vie\u0161butyje Kolorado kalnuose. Jo darbas \u2013 pri\u017ei\u016br\u0117ti ne sezono metu i\u0161tu\u0161t\u0117jus\u012f vie\u0161but\u012f. Vis\u0105 laik\u0105 D\u017eekas gal\u0117s skirti k\u016brybai, o s\u016bnelis su \u017emona m\u0117gausis tyru oru ir ramybe. Ta\u010diau \u012f vyri\u0161kio pas\u0105mon\u0119 ima smelktis nepaai\u0161kinama baim\u0117, siaubingi ko\u0161marai, o prie\u0161 kelet\u0105 met\u0173 vie\u0161butyje \u012fvykusi tragedija past\u016bm\u0117ja D\u017eek\u0105 griebtis sen\u0173 \u012fpro\u010di\u0173&#8230; \u201e\u0160vyt\u0117jime\u201c nestinga realaus gyvenimo atspind\u017ei\u0173, \u012fd\u0117maus \u017evilgsnio \u012f menkai tei\u0161tirtas \u017emogaus s\u0105mon\u0117s bei pas\u0105mon\u0117s sritis ir lakios fantazijos. Romanas nepaliks abejingo n\u0117 vieno skaitytojo: \u017eiemos sezonui atvyk\u0119s \u012f \u201ePanoramos\u201c vie\u0161but\u012f kalnuose drauge su Torens\u0173 \u0161eima \u2013 gavusiu ten pri\u017ei\u016br\u0117tojo darb\u0105 D\u017eeku, jo \u017emona Vende ir ma\u017euoju Deniu, \u2013 norom nenorom imi jausti tai, k\u0105 jau\u010dia u\u017epustytame, sniego atkirstame nuo viso pasaulio prastos \u0161lov\u0117s vie\u0161butyje knygos herojai, imi baimintis to, kas slypi u\u017e kiekvien\u0173 daugyb\u0117s kambari\u0173 dur\u0173, \u017eaidim\u0173 aik\u0161tel\u0117je, lifte, kas kelia siaub\u0105 jiems, pirmiausia \u0161vyt\u0117jimo dovan\u0105 turin\u010diam Deniui, imi ie\u0161koti i\u0161eities i\u0161 klaid\u017ei\u0173 \u201ePanoramos\u201c ir \u017emogaus sielos labirint\u0173 taip, kaip jos ie\u0161ko Torensai ir Halorenas&#8230; Pagal \u0161\u012f roman\u0105 buvo sukurta Stanley Kubricko \u201e\u0160vyt\u0117jimas\u201c ekranizacija. Leidimo data:\u00a01993 Leidykla:\u00a0\u017daltvyksl\u0117 Knygos vir\u0161elis:\u00a0Mink\u0161tas Knygos puslapi\u0173 skai\u010dius:\u00a0512 &nbsp;<\/p>\n","protected":false},"featured_media":5917,"comment_status":"closed","ping_status":"closed","template":"","meta":{"_acf_changed":false,"site-sidebar-layout":"default","site-content-layout":"","ast-site-content-layout":"default","site-content-style":"default","site-sidebar-style":"default","ast-global-header-display":"","ast-banner-title-visibility":"","ast-main-header-display":"","ast-hfb-above-header-display":"","ast-hfb-below-header-display":"","ast-hfb-mobile-header-display":"","site-post-title":"","ast-breadcrumbs-content":"","ast-featured-img":"","footer-sml-layout":"","ast-disable-related-posts":"","theme-transparent-header-meta":"default","adv-header-id-meta":"","stick-header-meta":"","header-above-stick-meta":"","header-main-stick-meta":"","header-below-stick-meta":"","astra-migrate-meta-layouts":"set","ast-page-background-enabled":"default","ast-page-background-meta":{"desktop":{"background-color":"","background-image":"","background-repeat":"repeat","background-position":"center center","background-size":"auto","background-attachment":"scroll","background-type":"","background-media":"","overlay-type":"","overlay-color":"","overlay-opacity":"","overlay-gradient":""},"tablet":{"background-color":"","background-image":"","background-repeat":"repeat","background-position":"center center","background-size":"auto","background-attachment":"scroll","background-type":"","background-media":"","overlay-type":"","overlay-color":"","overlay-opacity":"","overlay-gradient":""},"mobile":{"background-color":"","background-image":"","background-repeat":"repeat","background-position":"center center","background-size":"auto","background-attachment":"scroll","background-type":"","background-media":"","overlay-type":"","overlay-color":"","overlay-opacity":"","overlay-gradient":""}},"ast-content-background-meta":{"desktop":{"background-color":"var(--ast-global-color-4)","background-image":"","background-repeat":"repeat","background-position":"center center","background-size":"auto","background-attachment":"scroll","background-type":"","background-media":"","overlay-type":"","overlay-color":"","overlay-opacity":"","overlay-gradient":""},"tablet":{"background-color":"var(--ast-global-color-4)","background-image":"","background-repeat":"repeat","background-position":"center center","background-size":"auto","background-attachment":"scroll","background-type":"","background-media":"","overlay-type":"","overlay-color":"","overlay-opacity":"","overlay-gradient":""},"mobile":{"background-color":"var(--ast-global-color-4)","background-image":"","background-repeat":"repeat","background-position":"center center","background-size":"auto","background-attachment":"scroll","background-type":"","background-media":"","overlay-type":"","overlay-color":"","overlay-opacity":"","overlay-gradient":""}}},"product_brand":[],"product_cat":[9580],"product_tag":[],"class_list":{"0":"post-5899","1":"product","2":"type-product","3":"status-publish","4":"has-post-thumbnail","6":"product_cat-psichologiniai-detektyvai","7":"desktop-align-left","8":"tablet-align-left","9":"mobile-align-left","11":"first","12":"instock","13":"shipping-taxable","14":"purchasable","15":"product-type-simple"},"acf":[],"yoast_head":"<!-- This site is optimized with the Yoast SEO plugin v27.0 - https:\/\/yoast.com\/product\/yoast-seo-wordpress\/ -->\n<title>\u0160vyt\u0117jimas (truput\u012f \u012fply\u0161\u0119s vir\u0161elis ir keli puslapiai)<\/title>\n<meta name=\"description\" content=\"\u201e\u0160vyt\u0117jime\u201c nestinga realaus gyvenimo atspind\u017ei\u0173, \u012fd\u0117maus \u017evilgsnio \u012f menkai tei\u0161tirtas \u017emogaus s\u0105mon\u0117s bei pas\u0105mon\u0117s sritis ir lakios fantazijos. Romanas nepaliks abejingo n\u0117 vieno skaitytojo\" \/>\n<meta name=\"robots\" content=\"index, follow, max-snippet:-1, max-image-preview:large, max-video-preview:-1\" \/>\n<link rel=\"canonical\" href=\"https:\/\/skaitytaknyga.lt\/en\/produktas\/s-king-svytejimas\/\" \/>\n<meta property=\"og:locale\" content=\"en_GB\" \/>\n<meta property=\"og:locale:alternate\" content=\"lt_LT\" \/>\n<meta property=\"og:type\" content=\"article\" \/>\n<meta property=\"og:title\" content=\"\u0160vyt\u0117jimas (truput\u012f \u012fply\u0161\u0119s vir\u0161elis ir keli puslapiai)\" \/>\n<meta property=\"og:description\" content=\"\u201e\u0160vyt\u0117jime\u201c nestinga realaus gyvenimo atspind\u017ei\u0173, \u012fd\u0117maus \u017evilgsnio \u012f menkai tei\u0161tirtas \u017emogaus s\u0105mon\u0117s bei pas\u0105mon\u0117s sritis ir lakios fantazijos. Romanas nepaliks abejingo n\u0117 vieno skaitytojo\" \/>\n<meta property=\"og:url\" content=\"https:\/\/skaitytaknyga.lt\/en\/produktas\/s-king-svytejimas\/\" \/>\n<meta property=\"og:site_name\" content=\"Skaitytaknyga\" \/>\n<meta property=\"article:publisher\" content=\"https:\/\/www.facebook.com\/skaitytaknyga\/\" \/>\n<meta property=\"article:modified_time\" content=\"2026-03-05T13:58:10+00:00\" \/>\n<meta property=\"og:image\" content=\"https:\/\/skaitytaknyga.lt\/wp-content\/uploads\/2024\/05\/1462880327_img0006.jpg\" \/>\n\t<meta property=\"og:image:width\" content=\"270\" \/>\n\t<meta property=\"og:image:height\" content=\"430\" \/>\n\t<meta property=\"og:image:type\" content=\"image\/jpeg\" \/>\n<meta name=\"twitter:card\" content=\"summary_large_image\" \/>\n<meta name=\"twitter:label1\" content=\"Estimated reading time\" \/>\n\t<meta name=\"twitter:data1\" content=\"2 minutes\" \/>\n<script type=\"application\/ld+json\" class=\"yoast-schema-graph\">{\"@context\":\"https:\/\/schema.org\",\"@graph\":[{\"@type\":\"WebPage\",\"@id\":\"https:\/\/skaitytaknyga.lt\/produktas\/s-king-svytejimas\/\",\"url\":\"https:\/\/skaitytaknyga.lt\/produktas\/s-king-svytejimas\/\",\"name\":\"\u0160vyt\u0117jimas (truput\u012f \u012fply\u0161\u0119s vir\u0161elis ir keli puslapiai)\",\"isPartOf\":{\"@id\":\"https:\/\/skaitytaknyga.lt\/#website\"},\"primaryImageOfPage\":{\"@id\":\"https:\/\/skaitytaknyga.lt\/produktas\/s-king-svytejimas\/#primaryimage\"},\"image\":{\"@id\":\"https:\/\/skaitytaknyga.lt\/produktas\/s-king-svytejimas\/#primaryimage\"},\"thumbnailUrl\":\"https:\/\/skaitytaknyga.lt\/wp-content\/uploads\/2024\/05\/1462880327_img0006.jpg\",\"datePublished\":\"2024-05-02T13:00:18+00:00\",\"dateModified\":\"2026-03-05T13:58:10+00:00\",\"description\":\"\u201e\u0160vyt\u0117jime\u201c nestinga realaus gyvenimo atspind\u017ei\u0173, \u012fd\u0117maus \u017evilgsnio \u012f menkai tei\u0161tirtas \u017emogaus s\u0105mon\u0117s bei pas\u0105mon\u0117s sritis ir lakios fantazijos. Romanas nepaliks abejingo n\u0117 vieno skaitytojo\",\"breadcrumb\":{\"@id\":\"https:\/\/skaitytaknyga.lt\/produktas\/s-king-svytejimas\/#breadcrumb\"},\"inLanguage\":\"en-GB\",\"potentialAction\":[{\"@type\":\"ReadAction\",\"target\":[\"https:\/\/skaitytaknyga.lt\/produktas\/s-king-svytejimas\/\"]}]},{\"@type\":\"ImageObject\",\"inLanguage\":\"en-GB\",\"@id\":\"https:\/\/skaitytaknyga.lt\/produktas\/s-king-svytejimas\/#primaryimage\",\"url\":\"https:\/\/skaitytaknyga.lt\/wp-content\/uploads\/2024\/05\/1462880327_img0006.jpg\",\"contentUrl\":\"https:\/\/skaitytaknyga.lt\/wp-content\/uploads\/2024\/05\/1462880327_img0006.jpg\",\"width\":270,\"height\":430},{\"@type\":\"BreadcrumbList\",\"@id\":\"https:\/\/skaitytaknyga.lt\/produktas\/s-king-svytejimas\/#breadcrumb\",\"itemListElement\":[{\"@type\":\"ListItem\",\"position\":1,\"name\":\"Home\",\"item\":\"https:\/\/skaitytaknyga.lt\/\"},{\"@type\":\"ListItem\",\"position\":2,\"name\":\"Parduotuv\u0117\",\"item\":\"https:\/\/skaitytaknyga.lt\/knygu-parduotuve\/\"},{\"@type\":\"ListItem\",\"position\":3,\"name\":\"\u0160vyt\u0117jimas (truput\u012f \u012fply\u0161\u0119s vir\u0161elis ir keli puslapiai)\"}]},{\"@type\":\"WebSite\",\"@id\":\"https:\/\/skaitytaknyga.lt\/#website\",\"url\":\"https:\/\/skaitytaknyga.lt\/\",\"name\":\"skaitytaknyga.lt\",\"description\":\"Skaitytaknyga.lt \u2013 tai ma\u017eas \u0161eimos verslas, kuris prasid\u0117jo nuo meil\u0117s knygoms ir siekio i\u0161gelb\u0117ti knygas nuo likimo prie konteinerio. Kas vienam nereikalingas daiktas \u2013 kitam lobis, o mes esame tarpininkai, kurie padeda abiems tapti laimingesniems ???? \u017dinome kaip nelengva i\u0161gyventi ma\u017eiems verslams, tad nuo \u0161iol, \u010dia rasite ir kit\u0173, ma\u017e\u0173 \u0161eim\u0173 versl\u0173, rank\u0173 darbo, dovan\u0173 sau ir artimiesiems.\",\"publisher\":{\"@id\":\"https:\/\/skaitytaknyga.lt\/#organization\"},\"potentialAction\":[{\"@type\":\"SearchAction\",\"target\":{\"@type\":\"EntryPoint\",\"urlTemplate\":\"https:\/\/skaitytaknyga.lt\/?s={search_term_string}\"},\"query-input\":{\"@type\":\"PropertyValueSpecification\",\"valueRequired\":true,\"valueName\":\"search_term_string\"}}],\"inLanguage\":\"en-GB\"},{\"@type\":\"Organization\",\"@id\":\"https:\/\/skaitytaknyga.lt\/#organization\",\"name\":\"skaitytaknyga.lt\",\"url\":\"https:\/\/skaitytaknyga.lt\/\",\"logo\":{\"@type\":\"ImageObject\",\"inLanguage\":\"en-GB\",\"@id\":\"https:\/\/skaitytaknyga.lt\/#\/schema\/logo\/image\/\",\"url\":\"https:\/\/skaitytaknyga.lt\/wp-content\/uploads\/2024\/05\/cropped-cropped-cropped-02_00843_jt3bggkj1j3HLc7SyY6rEUpg.jpeg\",\"contentUrl\":\"https:\/\/skaitytaknyga.lt\/wp-content\/uploads\/2024\/05\/cropped-cropped-cropped-02_00843_jt3bggkj1j3HLc7SyY6rEUpg.jpeg\",\"width\":1600,\"height\":1600,\"caption\":\"skaitytaknyga.lt\"},\"image\":{\"@id\":\"https:\/\/skaitytaknyga.lt\/#\/schema\/logo\/image\/\"},\"sameAs\":[\"https:\/\/www.facebook.com\/skaitytaknyga\/\"]}]}<\/script>\n<!-- \/ Yoast SEO plugin. -->","yoast_head_json":{"title":"\u0160vyt\u0117jimas (truput\u012f \u012fply\u0161\u0119s vir\u0161elis ir keli puslapiai)","description":"\u201e\u0160vyt\u0117jime\u201c nestinga realaus gyvenimo atspind\u017ei\u0173, \u012fd\u0117maus \u017evilgsnio \u012f menkai tei\u0161tirtas \u017emogaus s\u0105mon\u0117s bei pas\u0105mon\u0117s sritis ir lakios fantazijos. Romanas nepaliks abejingo n\u0117 vieno skaitytojo","robots":{"index":"index","follow":"follow","max-snippet":"max-snippet:-1","max-image-preview":"max-image-preview:large","max-video-preview":"max-video-preview:-1"},"canonical":"https:\/\/skaitytaknyga.lt\/en\/produktas\/s-king-svytejimas\/","og_locale":"en_GB","og_type":"article","og_title":"[:lt]\u0160vyt\u0117jimas (truput\u012f \u012fply\u0161\u0119s vir\u0161elis ir keli puslapiai)[:] - Skaitytaknyga","og_description":"\u201e\u0160vyt\u0117jime\u201c nestinga realaus gyvenimo atspind\u017ei\u0173, \u012fd\u0117maus \u017evilgsnio \u012f menkai tei\u0161tirtas \u017emogaus s\u0105mon\u0117s bei pas\u0105mon\u0117s sritis ir lakios fantazijos. Romanas nepaliks abejingo n\u0117 vieno skaitytojo","og_url":"https:\/\/skaitytaknyga.lt\/en\/produktas\/s-king-svytejimas\/","og_site_name":"Skaitytaknyga","article_publisher":"https:\/\/www.facebook.com\/skaitytaknyga\/","article_modified_time":"2026-03-05T13:58:10+00:00","og_image":[{"width":270,"height":430,"url":"https:\/\/skaitytaknyga.lt\/wp-content\/uploads\/2024\/05\/1462880327_img0006.jpg","type":"image\/jpeg"}],"twitter_card":"summary_large_image","twitter_misc":{"Estimated reading time":"2 minutes"},"schema":{"@context":"https:\/\/schema.org","@graph":[{"@type":"WebPage","@id":"https:\/\/skaitytaknyga.lt\/produktas\/s-king-svytejimas\/","url":"https:\/\/skaitytaknyga.lt\/produktas\/s-king-svytejimas\/","name":"\u0160vyt\u0117jimas (truput\u012f \u012fply\u0161\u0119s vir\u0161elis ir keli puslapiai)","isPartOf":{"@id":"https:\/\/skaitytaknyga.lt\/#website"},"primaryImageOfPage":{"@id":"https:\/\/skaitytaknyga.lt\/produktas\/s-king-svytejimas\/#primaryimage"},"image":{"@id":"https:\/\/skaitytaknyga.lt\/produktas\/s-king-svytejimas\/#primaryimage"},"thumbnailUrl":"https:\/\/skaitytaknyga.lt\/wp-content\/uploads\/2024\/05\/1462880327_img0006.jpg","datePublished":"2024-05-02T13:00:18+00:00","dateModified":"2026-03-05T13:58:10+00:00","description":"\u201e\u0160vyt\u0117jime\u201c nestinga realaus gyvenimo atspind\u017ei\u0173, \u012fd\u0117maus \u017evilgsnio \u012f menkai tei\u0161tirtas \u017emogaus s\u0105mon\u0117s bei pas\u0105mon\u0117s sritis ir lakios fantazijos. Romanas nepaliks abejingo n\u0117 vieno skaitytojo","breadcrumb":{"@id":"https:\/\/skaitytaknyga.lt\/produktas\/s-king-svytejimas\/#breadcrumb"},"inLanguage":"en-GB","potentialAction":[{"@type":"ReadAction","target":["https:\/\/skaitytaknyga.lt\/produktas\/s-king-svytejimas\/"]}]},{"@type":"ImageObject","inLanguage":"en-GB","@id":"https:\/\/skaitytaknyga.lt\/produktas\/s-king-svytejimas\/#primaryimage","url":"https:\/\/skaitytaknyga.lt\/wp-content\/uploads\/2024\/05\/1462880327_img0006.jpg","contentUrl":"https:\/\/skaitytaknyga.lt\/wp-content\/uploads\/2024\/05\/1462880327_img0006.jpg","width":270,"height":430},{"@type":"BreadcrumbList","@id":"https:\/\/skaitytaknyga.lt\/produktas\/s-king-svytejimas\/#breadcrumb","itemListElement":[{"@type":"ListItem","position":1,"name":"Home","item":"https:\/\/skaitytaknyga.lt\/"},{"@type":"ListItem","position":2,"name":"Parduotuv\u0117","item":"https:\/\/skaitytaknyga.lt\/knygu-parduotuve\/"},{"@type":"ListItem","position":3,"name":"\u0160vyt\u0117jimas (truput\u012f \u012fply\u0161\u0119s vir\u0161elis ir keli puslapiai)"}]},{"@type":"WebSite","@id":"https:\/\/skaitytaknyga.lt\/#website","url":"https:\/\/skaitytaknyga.lt\/","name":"skaitytaknyga.lt","description":"Skaitytaknyga.lt \u2013 tai ma\u017eas \u0161eimos verslas, kuris prasid\u0117jo nuo meil\u0117s knygoms ir siekio i\u0161gelb\u0117ti knygas nuo likimo prie konteinerio. Kas vienam nereikalingas daiktas \u2013 kitam lobis, o mes esame tarpininkai, kurie padeda abiems tapti laimingesniems ???? \u017dinome kaip nelengva i\u0161gyventi ma\u017eiems verslams, tad nuo \u0161iol, \u010dia rasite ir kit\u0173, ma\u017e\u0173 \u0161eim\u0173 versl\u0173, rank\u0173 darbo, dovan\u0173 sau ir artimiesiems.","publisher":{"@id":"https:\/\/skaitytaknyga.lt\/#organization"},"potentialAction":[{"@type":"SearchAction","target":{"@type":"EntryPoint","urlTemplate":"https:\/\/skaitytaknyga.lt\/?s={search_term_string}"},"query-input":{"@type":"PropertyValueSpecification","valueRequired":true,"valueName":"search_term_string"}}],"inLanguage":"en-GB"},{"@type":"Organization","@id":"https:\/\/skaitytaknyga.lt\/#organization","name":"skaitytaknyga.lt","url":"https:\/\/skaitytaknyga.lt\/","logo":{"@type":"ImageObject","inLanguage":"en-GB","@id":"https:\/\/skaitytaknyga.lt\/#\/schema\/logo\/image\/","url":"https:\/\/skaitytaknyga.lt\/wp-content\/uploads\/2024\/05\/cropped-cropped-cropped-02_00843_jt3bggkj1j3HLc7SyY6rEUpg.jpeg","contentUrl":"https:\/\/skaitytaknyga.lt\/wp-content\/uploads\/2024\/05\/cropped-cropped-cropped-02_00843_jt3bggkj1j3HLc7SyY6rEUpg.jpeg","width":1600,"height":1600,"caption":"skaitytaknyga.lt"},"image":{"@id":"https:\/\/skaitytaknyga.lt\/#\/schema\/logo\/image\/"},"sameAs":["https:\/\/www.facebook.com\/skaitytaknyga\/"]}]}},"_links":{"self":[{"href":"https:\/\/skaitytaknyga.lt\/en\/wp-json\/wp\/v2\/product\/5899","targetHints":{"allow":["GET"]}}],"collection":[{"href":"https:\/\/skaitytaknyga.lt\/en\/wp-json\/wp\/v2\/product"}],"about":[{"href":"https:\/\/skaitytaknyga.lt\/en\/wp-json\/wp\/v2\/types\/product"}],"replies":[{"embeddable":true,"href":"https:\/\/skaitytaknyga.lt\/en\/wp-json\/wp\/v2\/comments?post=5899"}],"wp:featuredmedia":[{"embeddable":true,"href":"https:\/\/skaitytaknyga.lt\/en\/wp-json\/wp\/v2\/media\/5917"}],"wp:attachment":[{"href":"https:\/\/skaitytaknyga.lt\/en\/wp-json\/wp\/v2\/media?parent=5899"}],"wp:term":[{"taxonomy":"product_brand","embeddable":true,"href":"https:\/\/skaitytaknyga.lt\/en\/wp-json\/wp\/v2\/product_brand?post=5899"},{"taxonomy":"product_cat","embeddable":true,"href":"https:\/\/skaitytaknyga.lt\/en\/wp-json\/wp\/v2\/product_cat?post=5899"},{"taxonomy":"product_tag","embeddable":true,"href":"https:\/\/skaitytaknyga.lt\/en\/wp-json\/wp\/v2\/product_tag?post=5899"}],"curies":[{"name":"wp","href":"https:\/\/api.w.org\/{rel}","templated":true}]}}