{"id":5898,"date":"2024-05-02T13:00:18","date_gmt":"2024-05-02T13:00:18","guid":{"rendered":"https:\/\/skaitytaknyga.lt\/?post_type=product&#038;p=5898"},"modified":"2025-05-13T10:21:17","modified_gmt":"2025-05-13T07:21:17","slug":"aleksandra-riplej-skarlete-i-ii-dalys","status":"publish","type":"product","link":"https:\/\/skaitytaknyga.lt\/en\/produktas\/aleksandra-riplej-skarlete-i-ii-dalys\/","title":{"rendered":"Skarlet\u0117  I-II dalys"},"content":{"rendered":"<p>M. Mit\u010del romano \u201eV\u0117jo nublok\u0161ti\u201c t\u0119sinys.<\/p>\n","protected":false},"excerpt":{"rendered":"<p>Tai D\u017e. Hilpatrik romano \u201ePavadinsime j\u0105 Skarlet\u201c t\u0119sinys. Knygoje susipa\u017e\u012fstame su \u012fdomia skaitytoj\u0173 pam\u0117gtos heroj\u0117s Skarlet t\u0117v\u0173 gyvenimo istorija, su\u017einome, kod\u0117l i\u0161 t\u0117v\u0173 nam\u0173 buvo i\u0161vytas Retas Batleris.<\/p>\n<p>Ir nuo tada Batleris keliauja po vis\u0105 Amerik\u0105, patiria daug nuotyki\u0173, ie\u0161kodamas pasl\u0117pto aukso. Skarlet ir Batleris dar toli vienas nuo kito, bet jie skirti vienas kitam.<\/p>\n","protected":false},"featured_media":5916,"comment_status":"closed","ping_status":"closed","template":"","meta":{"_acf_changed":false,"site-sidebar-layout":"default","site-content-layout":"","ast-site-content-layout":"default","site-content-style":"default","site-sidebar-style":"default","ast-global-header-display":"","ast-banner-title-visibility":"","ast-main-header-display":"","ast-hfb-above-header-display":"","ast-hfb-below-header-display":"","ast-hfb-mobile-header-display":"","site-post-title":"","ast-breadcrumbs-content":"","ast-featured-img":"","footer-sml-layout":"","ast-disable-related-posts":"","theme-transparent-header-meta":"","adv-header-id-meta":"","stick-header-meta":"","header-above-stick-meta":"","header-main-stick-meta":"","header-below-stick-meta":"","astra-migrate-meta-layouts":"default","ast-page-background-enabled":"default","ast-page-background-meta":{"desktop":{"background-color":"","background-image":"","background-repeat":"repeat","background-position":"center center","background-size":"auto","background-attachment":"scroll","background-type":"","background-media":"","overlay-type":"","overlay-color":"","overlay-opacity":"","overlay-gradient":""},"tablet":{"background-color":"","background-image":"","background-repeat":"repeat","background-position":"center center","background-size":"auto","background-attachment":"scroll","background-type":"","background-media":"","overlay-type":"","overlay-color":"","overlay-opacity":"","overlay-gradient":""},"mobile":{"background-color":"","background-image":"","background-repeat":"repeat","background-position":"center center","background-size":"auto","background-attachment":"scroll","background-type":"","background-media":"","overlay-type":"","overlay-color":"","overlay-opacity":"","overlay-gradient":""}},"ast-content-background-meta":{"desktop":{"background-color":"var(--ast-global-color-4)","background-image":"","background-repeat":"repeat","background-position":"center center","background-size":"auto","background-attachment":"scroll","background-type":"","background-media":"","overlay-type":"","overlay-color":"","overlay-opacity":"","overlay-gradient":""},"tablet":{"background-color":"var(--ast-global-color-4)","background-image":"","background-repeat":"repeat","background-position":"center center","background-size":"auto","background-attachment":"scroll","background-type":"","background-media":"","overlay-type":"","overlay-color":"","overlay-opacity":"","overlay-gradient":""},"mobile":{"background-color":"var(--ast-global-color-4)","background-image":"","background-repeat":"repeat","background-position":"center center","background-size":"auto","background-attachment":"scroll","background-type":"","background-media":"","overlay-type":"","overlay-color":"","overlay-opacity":"","overlay-gradient":""}}},"product_brand":[],"product_cat":[31],"product_tag":[2125,2128,2127,2129,2126],"class_list":{"0":"post-5898","1":"product","2":"type-product","3":"status-publish","4":"has-post-thumbnail","6":"product_cat-grozine-literatura","7":"product_tag-alexandra-ripley","8":"product_tag-literaturos-tesinys","9":"product_tag-margaret-mitchell-tesinys","10":"product_tag-romantika","11":"product_tag-skarlete","12":"desktop-align-left","13":"tablet-align-left","14":"mobile-align-left","16":"first","17":"instock","18":"shipping-taxable","19":"purchasable","20":"product-type-simple"},"acf":[],"yoast_head":"<!-- This site is optimized with the Yoast SEO plugin v27.0 - https:\/\/yoast.com\/product\/yoast-seo-wordpress\/ -->\n<title>Skarlet\u0117 I-II dalys<\/title>\n<meta name=\"description\" content=\"Tai D\u017e. Hilpatrik romano \u201ePavadinsime j\u0105 Skarlet\u201c t\u0119sinys. Knygoje susipa\u017e\u012fstame su \u012fdomia skaitytoj\u0173 pam\u0117gtos heroj\u0117s Skarlet t\u0117v\u0173 gyvenimo istorija, su\u017einome, kod\u0117l i\u0161 t\u0117v\u0173 nam\u0173 buvo i\u0161vytas Retas Batleris.  Ir nuo tada Batleris keliauja po vis\u0105 Amerik\u0105, patiria daug nuotyki\u0173, ie\u0161kodamas pasl\u0117pto aukso. Skarlet ir Batleris dar toli vienas nuo kito, bet jie skirti vienas kitam.\" \/>\n<meta name=\"robots\" content=\"index, follow, max-snippet:-1, max-image-preview:large, max-video-preview:-1\" \/>\n<link rel=\"canonical\" href=\"https:\/\/skaitytaknyga.lt\/en\/produktas\/aleksandra-riplej-skarlete-i-ii-dalys\/\" \/>\n<meta property=\"og:locale\" content=\"en_GB\" \/>\n<meta property=\"og:locale:alternate\" content=\"lt_LT\" \/>\n<meta property=\"og:type\" content=\"article\" \/>\n<meta property=\"og:title\" content=\"Skarlet\u0117 I-II dalys\" \/>\n<meta property=\"og:description\" content=\"Tai D\u017e. Hilpatrik romano \u201ePavadinsime j\u0105 Skarlet\u201c t\u0119sinys. Knygoje susipa\u017e\u012fstame su \u012fdomia skaitytoj\u0173 pam\u0117gtos heroj\u0117s Skarlet t\u0117v\u0173 gyvenimo istorija, su\u017einome, kod\u0117l i\u0161 t\u0117v\u0173 nam\u0173 buvo i\u0161vytas Retas Batleris.  Ir nuo tada Batleris keliauja po vis\u0105 Amerik\u0105, patiria daug nuotyki\u0173, ie\u0161kodamas pasl\u0117pto aukso. Skarlet ir Batleris dar toli vienas nuo kito, bet jie skirti vienas kitam.\" \/>\n<meta property=\"og:url\" content=\"https:\/\/skaitytaknyga.lt\/en\/produktas\/aleksandra-riplej-skarlete-i-ii-dalys\/\" \/>\n<meta property=\"og:site_name\" content=\"Skaitytaknyga\" \/>\n<meta property=\"article:publisher\" content=\"https:\/\/www.facebook.com\/skaitytaknyga\/\" \/>\n<meta property=\"article:modified_time\" content=\"2025-05-13T07:21:17+00:00\" \/>\n<meta property=\"og:image\" content=\"https:\/\/skaitytaknyga.lt\/wp-content\/uploads\/2024\/05\/1462880499_img0055-1.jpg\" \/>\n\t<meta property=\"og:image:width\" content=\"271\" \/>\n\t<meta property=\"og:image:height\" content=\"430\" \/>\n\t<meta property=\"og:image:type\" content=\"image\/jpeg\" \/>\n<meta name=\"twitter:card\" content=\"summary_large_image\" \/>\n<meta name=\"twitter:label1\" content=\"Estimated reading time\" \/>\n\t<meta name=\"twitter:data1\" content=\"1 minute\" \/>\n<script type=\"application\/ld+json\" class=\"yoast-schema-graph\">{\"@context\":\"https:\/\/schema.org\",\"@graph\":[{\"@type\":\"WebPage\",\"@id\":\"https:\/\/skaitytaknyga.lt\/produktas\/aleksandra-riplej-skarlete-i-ii-dalys\/\",\"url\":\"https:\/\/skaitytaknyga.lt\/produktas\/aleksandra-riplej-skarlete-i-ii-dalys\/\",\"name\":\"Skarlet\u0117 I-II dalys\",\"isPartOf\":{\"@id\":\"https:\/\/skaitytaknyga.lt\/#website\"},\"primaryImageOfPage\":{\"@id\":\"https:\/\/skaitytaknyga.lt\/produktas\/aleksandra-riplej-skarlete-i-ii-dalys\/#primaryimage\"},\"image\":{\"@id\":\"https:\/\/skaitytaknyga.lt\/produktas\/aleksandra-riplej-skarlete-i-ii-dalys\/#primaryimage\"},\"thumbnailUrl\":\"https:\/\/skaitytaknyga.lt\/wp-content\/uploads\/2024\/05\/1462880499_img0055-1.jpg\",\"datePublished\":\"2024-05-02T13:00:18+00:00\",\"dateModified\":\"2025-05-13T07:21:17+00:00\",\"description\":\"Tai D\u017e. Hilpatrik romano \u201ePavadinsime j\u0105 Skarlet\u201c t\u0119sinys. Knygoje susipa\u017e\u012fstame su \u012fdomia skaitytoj\u0173 pam\u0117gtos heroj\u0117s Skarlet t\u0117v\u0173 gyvenimo istorija, su\u017einome, kod\u0117l i\u0161 t\u0117v\u0173 nam\u0173 buvo i\u0161vytas Retas Batleris. Ir nuo tada Batleris keliauja po vis\u0105 Amerik\u0105, patiria daug nuotyki\u0173, ie\u0161kodamas pasl\u0117pto aukso. Skarlet ir Batleris dar toli vienas nuo kito, bet jie skirti vienas kitam.\",\"breadcrumb\":{\"@id\":\"https:\/\/skaitytaknyga.lt\/produktas\/aleksandra-riplej-skarlete-i-ii-dalys\/#breadcrumb\"},\"inLanguage\":\"en-GB\",\"potentialAction\":[{\"@type\":\"ReadAction\",\"target\":[\"https:\/\/skaitytaknyga.lt\/produktas\/aleksandra-riplej-skarlete-i-ii-dalys\/\"]}]},{\"@type\":\"ImageObject\",\"inLanguage\":\"en-GB\",\"@id\":\"https:\/\/skaitytaknyga.lt\/produktas\/aleksandra-riplej-skarlete-i-ii-dalys\/#primaryimage\",\"url\":\"https:\/\/skaitytaknyga.lt\/wp-content\/uploads\/2024\/05\/1462880499_img0055-1.jpg\",\"contentUrl\":\"https:\/\/skaitytaknyga.lt\/wp-content\/uploads\/2024\/05\/1462880499_img0055-1.jpg\",\"width\":271,\"height\":430},{\"@type\":\"BreadcrumbList\",\"@id\":\"https:\/\/skaitytaknyga.lt\/produktas\/aleksandra-riplej-skarlete-i-ii-dalys\/#breadcrumb\",\"itemListElement\":[{\"@type\":\"ListItem\",\"position\":1,\"name\":\"Home\",\"item\":\"https:\/\/skaitytaknyga.lt\/\"},{\"@type\":\"ListItem\",\"position\":2,\"name\":\"Parduotuv\u0117\",\"item\":\"https:\/\/skaitytaknyga.lt\/knygu-parduotuve\/\"},{\"@type\":\"ListItem\",\"position\":3,\"name\":\"Skarlet\u0117 I-II dalys\"}]},{\"@type\":\"WebSite\",\"@id\":\"https:\/\/skaitytaknyga.lt\/#website\",\"url\":\"https:\/\/skaitytaknyga.lt\/\",\"name\":\"skaitytaknyga.lt\",\"description\":\"Skaitytaknyga.lt \u2013 tai ma\u017eas \u0161eimos verslas, kuris prasid\u0117jo nuo meil\u0117s knygoms ir siekio i\u0161gelb\u0117ti knygas nuo likimo prie konteinerio. Kas vienam nereikalingas daiktas \u2013 kitam lobis, o mes esame tarpininkai, kurie padeda abiems tapti laimingesniems ???? \u017dinome kaip nelengva i\u0161gyventi ma\u017eiems verslams, tad nuo \u0161iol, \u010dia rasite ir kit\u0173, ma\u017e\u0173 \u0161eim\u0173 versl\u0173, rank\u0173 darbo, dovan\u0173 sau ir artimiesiems.\",\"publisher\":{\"@id\":\"https:\/\/skaitytaknyga.lt\/#organization\"},\"potentialAction\":[{\"@type\":\"SearchAction\",\"target\":{\"@type\":\"EntryPoint\",\"urlTemplate\":\"https:\/\/skaitytaknyga.lt\/?s={search_term_string}\"},\"query-input\":{\"@type\":\"PropertyValueSpecification\",\"valueRequired\":true,\"valueName\":\"search_term_string\"}}],\"inLanguage\":\"en-GB\"},{\"@type\":\"Organization\",\"@id\":\"https:\/\/skaitytaknyga.lt\/#organization\",\"name\":\"skaitytaknyga.lt\",\"url\":\"https:\/\/skaitytaknyga.lt\/\",\"logo\":{\"@type\":\"ImageObject\",\"inLanguage\":\"en-GB\",\"@id\":\"https:\/\/skaitytaknyga.lt\/#\/schema\/logo\/image\/\",\"url\":\"https:\/\/skaitytaknyga.lt\/wp-content\/uploads\/2024\/05\/cropped-cropped-cropped-02_00843_jt3bggkj1j3HLc7SyY6rEUpg.jpeg\",\"contentUrl\":\"https:\/\/skaitytaknyga.lt\/wp-content\/uploads\/2024\/05\/cropped-cropped-cropped-02_00843_jt3bggkj1j3HLc7SyY6rEUpg.jpeg\",\"width\":1600,\"height\":1600,\"caption\":\"skaitytaknyga.lt\"},\"image\":{\"@id\":\"https:\/\/skaitytaknyga.lt\/#\/schema\/logo\/image\/\"},\"sameAs\":[\"https:\/\/www.facebook.com\/skaitytaknyga\/\"]}]}<\/script>\n<!-- \/ Yoast SEO plugin. -->","yoast_head_json":{"title":"Skarlet\u0117 I-II dalys","description":"Tai D\u017e. Hilpatrik romano \u201ePavadinsime j\u0105 Skarlet\u201c t\u0119sinys. Knygoje susipa\u017e\u012fstame su \u012fdomia skaitytoj\u0173 pam\u0117gtos heroj\u0117s Skarlet t\u0117v\u0173 gyvenimo istorija, su\u017einome, kod\u0117l i\u0161 t\u0117v\u0173 nam\u0173 buvo i\u0161vytas Retas Batleris.  Ir nuo tada Batleris keliauja po vis\u0105 Amerik\u0105, patiria daug nuotyki\u0173, ie\u0161kodamas pasl\u0117pto aukso. Skarlet ir Batleris dar toli vienas nuo kito, bet jie skirti vienas kitam.","robots":{"index":"index","follow":"follow","max-snippet":"max-snippet:-1","max-image-preview":"max-image-preview:large","max-video-preview":"max-video-preview:-1"},"canonical":"https:\/\/skaitytaknyga.lt\/en\/produktas\/aleksandra-riplej-skarlete-i-ii-dalys\/","og_locale":"en_GB","og_type":"article","og_title":"[:lt]Skarlet\u0117 I-II dalys[:] - Skaitytaknyga","og_description":"Tai D\u017e. Hilpatrik romano \u201ePavadinsime j\u0105 Skarlet\u201c t\u0119sinys. Knygoje susipa\u017e\u012fstame su \u012fdomia skaitytoj\u0173 pam\u0117gtos heroj\u0117s Skarlet t\u0117v\u0173 gyvenimo istorija, su\u017einome, kod\u0117l i\u0161 t\u0117v\u0173 nam\u0173 buvo i\u0161vytas Retas Batleris.  Ir nuo tada Batleris keliauja po vis\u0105 Amerik\u0105, patiria daug nuotyki\u0173, ie\u0161kodamas pasl\u0117pto aukso. Skarlet ir Batleris dar toli vienas nuo kito, bet jie skirti vienas kitam.","og_url":"https:\/\/skaitytaknyga.lt\/en\/produktas\/aleksandra-riplej-skarlete-i-ii-dalys\/","og_site_name":"Skaitytaknyga","article_publisher":"https:\/\/www.facebook.com\/skaitytaknyga\/","article_modified_time":"2025-05-13T07:21:17+00:00","og_image":[{"width":271,"height":430,"url":"https:\/\/skaitytaknyga.lt\/wp-content\/uploads\/2024\/05\/1462880499_img0055-1.jpg","type":"image\/jpeg"}],"twitter_card":"summary_large_image","twitter_misc":{"Estimated reading time":"1 minute"},"schema":{"@context":"https:\/\/schema.org","@graph":[{"@type":"WebPage","@id":"https:\/\/skaitytaknyga.lt\/produktas\/aleksandra-riplej-skarlete-i-ii-dalys\/","url":"https:\/\/skaitytaknyga.lt\/produktas\/aleksandra-riplej-skarlete-i-ii-dalys\/","name":"Skarlet\u0117 I-II dalys","isPartOf":{"@id":"https:\/\/skaitytaknyga.lt\/#website"},"primaryImageOfPage":{"@id":"https:\/\/skaitytaknyga.lt\/produktas\/aleksandra-riplej-skarlete-i-ii-dalys\/#primaryimage"},"image":{"@id":"https:\/\/skaitytaknyga.lt\/produktas\/aleksandra-riplej-skarlete-i-ii-dalys\/#primaryimage"},"thumbnailUrl":"https:\/\/skaitytaknyga.lt\/wp-content\/uploads\/2024\/05\/1462880499_img0055-1.jpg","datePublished":"2024-05-02T13:00:18+00:00","dateModified":"2025-05-13T07:21:17+00:00","description":"Tai D\u017e. Hilpatrik romano \u201ePavadinsime j\u0105 Skarlet\u201c t\u0119sinys. Knygoje susipa\u017e\u012fstame su \u012fdomia skaitytoj\u0173 pam\u0117gtos heroj\u0117s Skarlet t\u0117v\u0173 gyvenimo istorija, su\u017einome, kod\u0117l i\u0161 t\u0117v\u0173 nam\u0173 buvo i\u0161vytas Retas Batleris. Ir nuo tada Batleris keliauja po vis\u0105 Amerik\u0105, patiria daug nuotyki\u0173, ie\u0161kodamas pasl\u0117pto aukso. Skarlet ir Batleris dar toli vienas nuo kito, bet jie skirti vienas kitam.","breadcrumb":{"@id":"https:\/\/skaitytaknyga.lt\/produktas\/aleksandra-riplej-skarlete-i-ii-dalys\/#breadcrumb"},"inLanguage":"en-GB","potentialAction":[{"@type":"ReadAction","target":["https:\/\/skaitytaknyga.lt\/produktas\/aleksandra-riplej-skarlete-i-ii-dalys\/"]}]},{"@type":"ImageObject","inLanguage":"en-GB","@id":"https:\/\/skaitytaknyga.lt\/produktas\/aleksandra-riplej-skarlete-i-ii-dalys\/#primaryimage","url":"https:\/\/skaitytaknyga.lt\/wp-content\/uploads\/2024\/05\/1462880499_img0055-1.jpg","contentUrl":"https:\/\/skaitytaknyga.lt\/wp-content\/uploads\/2024\/05\/1462880499_img0055-1.jpg","width":271,"height":430},{"@type":"BreadcrumbList","@id":"https:\/\/skaitytaknyga.lt\/produktas\/aleksandra-riplej-skarlete-i-ii-dalys\/#breadcrumb","itemListElement":[{"@type":"ListItem","position":1,"name":"Home","item":"https:\/\/skaitytaknyga.lt\/"},{"@type":"ListItem","position":2,"name":"Parduotuv\u0117","item":"https:\/\/skaitytaknyga.lt\/knygu-parduotuve\/"},{"@type":"ListItem","position":3,"name":"Skarlet\u0117 I-II dalys"}]},{"@type":"WebSite","@id":"https:\/\/skaitytaknyga.lt\/#website","url":"https:\/\/skaitytaknyga.lt\/","name":"skaitytaknyga.lt","description":"Skaitytaknyga.lt \u2013 tai ma\u017eas \u0161eimos verslas, kuris prasid\u0117jo nuo meil\u0117s knygoms ir siekio i\u0161gelb\u0117ti knygas nuo likimo prie konteinerio. Kas vienam nereikalingas daiktas \u2013 kitam lobis, o mes esame tarpininkai, kurie padeda abiems tapti laimingesniems ???? \u017dinome kaip nelengva i\u0161gyventi ma\u017eiems verslams, tad nuo \u0161iol, \u010dia rasite ir kit\u0173, ma\u017e\u0173 \u0161eim\u0173 versl\u0173, rank\u0173 darbo, dovan\u0173 sau ir artimiesiems.","publisher":{"@id":"https:\/\/skaitytaknyga.lt\/#organization"},"potentialAction":[{"@type":"SearchAction","target":{"@type":"EntryPoint","urlTemplate":"https:\/\/skaitytaknyga.lt\/?s={search_term_string}"},"query-input":{"@type":"PropertyValueSpecification","valueRequired":true,"valueName":"search_term_string"}}],"inLanguage":"en-GB"},{"@type":"Organization","@id":"https:\/\/skaitytaknyga.lt\/#organization","name":"skaitytaknyga.lt","url":"https:\/\/skaitytaknyga.lt\/","logo":{"@type":"ImageObject","inLanguage":"en-GB","@id":"https:\/\/skaitytaknyga.lt\/#\/schema\/logo\/image\/","url":"https:\/\/skaitytaknyga.lt\/wp-content\/uploads\/2024\/05\/cropped-cropped-cropped-02_00843_jt3bggkj1j3HLc7SyY6rEUpg.jpeg","contentUrl":"https:\/\/skaitytaknyga.lt\/wp-content\/uploads\/2024\/05\/cropped-cropped-cropped-02_00843_jt3bggkj1j3HLc7SyY6rEUpg.jpeg","width":1600,"height":1600,"caption":"skaitytaknyga.lt"},"image":{"@id":"https:\/\/skaitytaknyga.lt\/#\/schema\/logo\/image\/"},"sameAs":["https:\/\/www.facebook.com\/skaitytaknyga\/"]}]}},"_links":{"self":[{"href":"https:\/\/skaitytaknyga.lt\/en\/wp-json\/wp\/v2\/product\/5898","targetHints":{"allow":["GET"]}}],"collection":[{"href":"https:\/\/skaitytaknyga.lt\/en\/wp-json\/wp\/v2\/product"}],"about":[{"href":"https:\/\/skaitytaknyga.lt\/en\/wp-json\/wp\/v2\/types\/product"}],"replies":[{"embeddable":true,"href":"https:\/\/skaitytaknyga.lt\/en\/wp-json\/wp\/v2\/comments?post=5898"}],"wp:featuredmedia":[{"embeddable":true,"href":"https:\/\/skaitytaknyga.lt\/en\/wp-json\/wp\/v2\/media\/5916"}],"wp:attachment":[{"href":"https:\/\/skaitytaknyga.lt\/en\/wp-json\/wp\/v2\/media?parent=5898"}],"wp:term":[{"taxonomy":"product_brand","embeddable":true,"href":"https:\/\/skaitytaknyga.lt\/en\/wp-json\/wp\/v2\/product_brand?post=5898"},{"taxonomy":"product_cat","embeddable":true,"href":"https:\/\/skaitytaknyga.lt\/en\/wp-json\/wp\/v2\/product_cat?post=5898"},{"taxonomy":"product_tag","embeddable":true,"href":"https:\/\/skaitytaknyga.lt\/en\/wp-json\/wp\/v2\/product_tag?post=5898"}],"curies":[{"name":"wp","href":"https:\/\/api.w.org\/{rel}","templated":true}]}}