{"id":5883,"date":"2024-05-02T15:59:52","date_gmt":"2024-05-02T12:59:52","guid":{"rendered":"https:\/\/skaitytaknyga.lt\/?post_type=product&#038;p=5883"},"modified":"2025-09-16T20:03:35","modified_gmt":"2025-09-16T17:03:35","slug":"m-k-radvila-naslaitelis-kelione-i-jeruzale","status":"publish","type":"product","link":"https:\/\/skaitytaknyga.lt\/en\/produktas\/m-k-radvila-naslaitelis-kelione-i-jeruzale\/","title":{"rendered":"M. K. Radvila Na\u0161lait\u0117lis \u201eKelion\u0117 \u012f Jeruzal\u0119\u201c (yra ma\u017e\u0173 defekt\u0173)"},"content":{"rendered":"<p>Tai unikalus LDK mar\u0161alkos M. K. Radvilos (1549-1616) 1582-1584 m. kelion\u0117s po Palestin\u0105, Sirij\u0105, Egipt\u0105, Kret\u0105, Apenin\u0173 pusiasal\u012f dienora\u0161tis. Jame vaizdingai apra\u0161yta Artim\u0173j\u0173 Ryt\u0173 taut\u0173 praeitis, papro\u010diai, tikin\u010di\u0173j\u0173 santykiai, architekt\u016bra, k\u016bryba, prekyba, klimatas, derlius, diplomatin\u0117s tarnybos ir daugyb\u0117 kit\u0173 to meto kasdienyb\u0117s realij\u0173.<\/p>\n","protected":false},"excerpt":{"rendered":"<p>ai unikalus LDK mar\u0161alkos M. K. Radvilos (1549-1616) 1582-1584 m. kelion\u0117s po Palestin\u0105, Sirij\u0105, Egipt\u0105, Kret\u0105, Apenin\u0173 pusiasal\u012f dienora\u0161tis. Jame vaizdingai apra\u0161yta Artim\u0173j\u0173 Ryt\u0173 taut\u0173 praeitis, papro\u010diai, tikin\u010di\u0173j\u0173 santykiai, architekt\u016bra, k\u016bryba, prekyba, klimatas, derlius, diplomatin\u0117s tarnybos ir daugyb\u0117 kit\u0173 to meto kasdienyb\u0117s realij\u0173.<\/p>\n","protected":false},"featured_media":5903,"comment_status":"closed","ping_status":"closed","template":"","meta":{"_acf_changed":false,"site-sidebar-layout":"default","site-content-layout":"","ast-site-content-layout":"default","site-content-style":"default","site-sidebar-style":"default","ast-global-header-display":"","ast-banner-title-visibility":"","ast-main-header-display":"","ast-hfb-above-header-display":"","ast-hfb-below-header-display":"","ast-hfb-mobile-header-display":"","site-post-title":"","ast-breadcrumbs-content":"","ast-featured-img":"","footer-sml-layout":"","ast-disable-related-posts":"","theme-transparent-header-meta":"","adv-header-id-meta":"","stick-header-meta":"","header-above-stick-meta":"","header-main-stick-meta":"","header-below-stick-meta":"","astra-migrate-meta-layouts":"default","ast-page-background-enabled":"default","ast-page-background-meta":{"desktop":{"background-color":"","background-image":"","background-repeat":"repeat","background-position":"center center","background-size":"auto","background-attachment":"scroll","background-type":"","background-media":"","overlay-type":"","overlay-color":"","overlay-opacity":"","overlay-gradient":""},"tablet":{"background-color":"","background-image":"","background-repeat":"repeat","background-position":"center center","background-size":"auto","background-attachment":"scroll","background-type":"","background-media":"","overlay-type":"","overlay-color":"","overlay-opacity":"","overlay-gradient":""},"mobile":{"background-color":"","background-image":"","background-repeat":"repeat","background-position":"center center","background-size":"auto","background-attachment":"scroll","background-type":"","background-media":"","overlay-type":"","overlay-color":"","overlay-opacity":"","overlay-gradient":""}},"ast-content-background-meta":{"desktop":{"background-color":"var(--ast-global-color-4)","background-image":"","background-repeat":"repeat","background-position":"center center","background-size":"auto","background-attachment":"scroll","background-type":"","background-media":"","overlay-type":"","overlay-color":"","overlay-opacity":"","overlay-gradient":""},"tablet":{"background-color":"var(--ast-global-color-4)","background-image":"","background-repeat":"repeat","background-position":"center center","background-size":"auto","background-attachment":"scroll","background-type":"","background-media":"","overlay-type":"","overlay-color":"","overlay-opacity":"","overlay-gradient":""},"mobile":{"background-color":"var(--ast-global-color-4)","background-image":"","background-repeat":"repeat","background-position":"center center","background-size":"auto","background-attachment":"scroll","background-type":"","background-media":"","overlay-type":"","overlay-color":"","overlay-opacity":"","overlay-gradient":""}}},"product_brand":[],"product_cat":[174,448],"product_tag":[],"class_list":{"0":"post-5883","1":"product","2":"type-product","3":"status-publish","4":"has-post-thumbnail","6":"product_cat-istorija-ir-politologija","7":"product_cat-keliones","8":"desktop-align-left","9":"tablet-align-left","10":"mobile-align-left","12":"first","13":"outofstock","14":"shipping-taxable","15":"purchasable","16":"product-type-simple"},"acf":[],"yoast_head":"<!-- This site is optimized with the Yoast SEO plugin v27.4 - https:\/\/yoast.com\/product\/yoast-seo-wordpress\/ -->\n<title>M. K. Radvila Na\u0161lait\u0117lis \u201eKelion\u0117 \u012f Jeruzal\u0119\u201c (yra ma\u017e\u0173 defekt\u0173)<\/title>\n<meta name=\"description\" content=\"ai unikalus LDK mar\u0161alkos M. K. Radvilos (1549-1616) 1582-1584 m. kelion\u0117s po Palestin\u0105, Sirij\u0105, Egipt\u0105, Kret\u0105, Apenin\u0173 pusiasal\u012f dienora\u0161tis. Jame vaizdingai apra\u0161yta Artim\u0173j\u0173 Ryt\u0173 taut\u0173 praeitis, papro\u010diai, tikin\u010di\u0173j\u0173 santykiai, architekt\u016bra, k\u016bryba, prekyba, klimatas, derlius, diplomatin\u0117s tarnybos ir daugyb\u0117 kit\u0173 to meto kasdienyb\u0117s realij\u0173.\" \/>\n<meta name=\"robots\" content=\"index, follow, max-snippet:-1, max-image-preview:large, max-video-preview:-1\" \/>\n<link rel=\"canonical\" href=\"https:\/\/skaitytaknyga.lt\/en\/produktas\/m-k-radvila-naslaitelis-kelione-i-jeruzale\/\" \/>\n<meta property=\"og:locale\" content=\"en_GB\" \/>\n<meta property=\"og:locale:alternate\" content=\"lt_LT\" \/>\n<meta property=\"og:type\" content=\"article\" \/>\n<meta property=\"og:title\" content=\"M. K. Radvila Na\u0161lait\u0117lis \u201eKelion\u0117 \u012f Jeruzal\u0119\u201c (yra ma\u017e\u0173 defekt\u0173)\" \/>\n<meta property=\"og:description\" content=\"ai unikalus LDK mar\u0161alkos M. K. Radvilos (1549-1616) 1582-1584 m. kelion\u0117s po Palestin\u0105, Sirij\u0105, Egipt\u0105, Kret\u0105, Apenin\u0173 pusiasal\u012f dienora\u0161tis. Jame vaizdingai apra\u0161yta Artim\u0173j\u0173 Ryt\u0173 taut\u0173 praeitis, papro\u010diai, tikin\u010di\u0173j\u0173 santykiai, architekt\u016bra, k\u016bryba, prekyba, klimatas, derlius, diplomatin\u0117s tarnybos ir daugyb\u0117 kit\u0173 to meto kasdienyb\u0117s realij\u0173.\" \/>\n<meta property=\"og:url\" content=\"https:\/\/skaitytaknyga.lt\/en\/produktas\/m-k-radvila-naslaitelis-kelione-i-jeruzale\/\" \/>\n<meta property=\"og:site_name\" content=\"Skaitytaknyga\" \/>\n<meta property=\"article:publisher\" content=\"https:\/\/www.facebook.com\/skaitytaknyga\/\" \/>\n<meta property=\"article:modified_time\" content=\"2025-09-16T17:03:35+00:00\" \/>\n<meta property=\"og:image\" content=\"https:\/\/skaitytaknyga.lt\/wp-content\/uploads\/2024\/05\/1490167163_IMG_0004.jpg\" \/>\n\t<meta property=\"og:image:width\" content=\"260\" \/>\n\t<meta property=\"og:image:height\" content=\"430\" \/>\n\t<meta property=\"og:image:type\" content=\"image\/jpeg\" \/>\n<meta name=\"twitter:card\" content=\"summary_large_image\" \/>\n<meta name=\"twitter:label1\" content=\"Estimated reading time\" \/>\n\t<meta name=\"twitter:data1\" content=\"1 minute\" \/>\n<script type=\"application\/ld+json\" class=\"yoast-schema-graph\">{\"@context\":\"https:\\\/\\\/schema.org\",\"@graph\":[{\"@type\":\"WebPage\",\"@id\":\"https:\\\/\\\/skaitytaknyga.lt\\\/produktas\\\/m-k-radvila-naslaitelis-kelione-i-jeruzale\\\/\",\"url\":\"https:\\\/\\\/skaitytaknyga.lt\\\/produktas\\\/m-k-radvila-naslaitelis-kelione-i-jeruzale\\\/\",\"name\":\"M. K. Radvila Na\u0161lait\u0117lis \u201eKelion\u0117 \u012f Jeruzal\u0119\u201c (yra ma\u017e\u0173 defekt\u0173)\",\"isPartOf\":{\"@id\":\"https:\\\/\\\/skaitytaknyga.lt\\\/#website\"},\"primaryImageOfPage\":{\"@id\":\"https:\\\/\\\/skaitytaknyga.lt\\\/produktas\\\/m-k-radvila-naslaitelis-kelione-i-jeruzale\\\/#primaryimage\"},\"image\":{\"@id\":\"https:\\\/\\\/skaitytaknyga.lt\\\/produktas\\\/m-k-radvila-naslaitelis-kelione-i-jeruzale\\\/#primaryimage\"},\"thumbnailUrl\":\"https:\\\/\\\/skaitytaknyga.lt\\\/wp-content\\\/uploads\\\/2024\\\/05\\\/1490167163_IMG_0004.jpg\",\"datePublished\":\"2024-05-02T12:59:52+00:00\",\"dateModified\":\"2025-09-16T17:03:35+00:00\",\"description\":\"ai unikalus LDK mar\u0161alkos M. K. Radvilos (1549-1616) 1582-1584 m. kelion\u0117s po Palestin\u0105, Sirij\u0105, Egipt\u0105, Kret\u0105, Apenin\u0173 pusiasal\u012f dienora\u0161tis. Jame vaizdingai apra\u0161yta Artim\u0173j\u0173 Ryt\u0173 taut\u0173 praeitis, papro\u010diai, tikin\u010di\u0173j\u0173 santykiai, architekt\u016bra, k\u016bryba, prekyba, klimatas, derlius, diplomatin\u0117s tarnybos ir daugyb\u0117 kit\u0173 to meto kasdienyb\u0117s realij\u0173.\",\"breadcrumb\":{\"@id\":\"https:\\\/\\\/skaitytaknyga.lt\\\/produktas\\\/m-k-radvila-naslaitelis-kelione-i-jeruzale\\\/#breadcrumb\"},\"inLanguage\":\"en-GB\",\"potentialAction\":[{\"@type\":\"ReadAction\",\"target\":[\"https:\\\/\\\/skaitytaknyga.lt\\\/produktas\\\/m-k-radvila-naslaitelis-kelione-i-jeruzale\\\/\"]}]},{\"@type\":\"ImageObject\",\"inLanguage\":\"en-GB\",\"@id\":\"https:\\\/\\\/skaitytaknyga.lt\\\/produktas\\\/m-k-radvila-naslaitelis-kelione-i-jeruzale\\\/#primaryimage\",\"url\":\"https:\\\/\\\/skaitytaknyga.lt\\\/wp-content\\\/uploads\\\/2024\\\/05\\\/1490167163_IMG_0004.jpg\",\"contentUrl\":\"https:\\\/\\\/skaitytaknyga.lt\\\/wp-content\\\/uploads\\\/2024\\\/05\\\/1490167163_IMG_0004.jpg\",\"width\":260,\"height\":430},{\"@type\":\"BreadcrumbList\",\"@id\":\"https:\\\/\\\/skaitytaknyga.lt\\\/produktas\\\/m-k-radvila-naslaitelis-kelione-i-jeruzale\\\/#breadcrumb\",\"itemListElement\":[{\"@type\":\"ListItem\",\"position\":1,\"name\":\"Home\",\"item\":\"https:\\\/\\\/skaitytaknyga.lt\\\/\"},{\"@type\":\"ListItem\",\"position\":2,\"name\":\"Parduotuv\u0117\",\"item\":\"https:\\\/\\\/skaitytaknyga.lt\\\/knygu-parduotuve\\\/\"},{\"@type\":\"ListItem\",\"position\":3,\"name\":\"M. K. Radvila Na\u0161lait\u0117lis \u201eKelion\u0117 \u012f Jeruzal\u0119\u201c (yra ma\u017e\u0173 defekt\u0173)\"}]},{\"@type\":\"WebSite\",\"@id\":\"https:\\\/\\\/skaitytaknyga.lt\\\/#website\",\"url\":\"https:\\\/\\\/skaitytaknyga.lt\\\/\",\"name\":\"skaitytaknyga.lt\",\"description\":\"Skaitytaknyga.lt \u2013 tai ma\u017eas \u0161eimos verslas, kuris prasid\u0117jo nuo meil\u0117s knygoms ir siekio i\u0161gelb\u0117ti knygas nuo likimo prie konteinerio. Kas vienam nereikalingas daiktas \u2013 kitam lobis, o mes esame tarpininkai, kurie padeda abiems tapti laimingesniems ???? \u017dinome kaip nelengva i\u0161gyventi ma\u017eiems verslams, tad nuo \u0161iol, \u010dia rasite ir kit\u0173, ma\u017e\u0173 \u0161eim\u0173 versl\u0173, rank\u0173 darbo, dovan\u0173 sau ir artimiesiems.\",\"publisher\":{\"@id\":\"https:\\\/\\\/skaitytaknyga.lt\\\/#organization\"},\"potentialAction\":[{\"@type\":\"SearchAction\",\"target\":{\"@type\":\"EntryPoint\",\"urlTemplate\":\"https:\\\/\\\/skaitytaknyga.lt\\\/?s={search_term_string}\"},\"query-input\":{\"@type\":\"PropertyValueSpecification\",\"valueRequired\":true,\"valueName\":\"search_term_string\"}}],\"inLanguage\":\"en-GB\"},{\"@type\":\"Organization\",\"@id\":\"https:\\\/\\\/skaitytaknyga.lt\\\/#organization\",\"name\":\"skaitytaknyga.lt\",\"url\":\"https:\\\/\\\/skaitytaknyga.lt\\\/\",\"logo\":{\"@type\":\"ImageObject\",\"inLanguage\":\"en-GB\",\"@id\":\"https:\\\/\\\/skaitytaknyga.lt\\\/#\\\/schema\\\/logo\\\/image\\\/\",\"url\":\"https:\\\/\\\/skaitytaknyga.lt\\\/wp-content\\\/uploads\\\/2024\\\/05\\\/cropped-cropped-cropped-02_00843_jt3bggkj1j3HLc7SyY6rEUpg.jpeg\",\"contentUrl\":\"https:\\\/\\\/skaitytaknyga.lt\\\/wp-content\\\/uploads\\\/2024\\\/05\\\/cropped-cropped-cropped-02_00843_jt3bggkj1j3HLc7SyY6rEUpg.jpeg\",\"width\":1600,\"height\":1600,\"caption\":\"skaitytaknyga.lt\"},\"image\":{\"@id\":\"https:\\\/\\\/skaitytaknyga.lt\\\/#\\\/schema\\\/logo\\\/image\\\/\"},\"sameAs\":[\"https:\\\/\\\/www.facebook.com\\\/skaitytaknyga\\\/\"]}]}<\/script>\n<!-- \/ Yoast SEO plugin. -->","yoast_head_json":{"title":"M. K. Radvila Na\u0161lait\u0117lis \u201eKelion\u0117 \u012f Jeruzal\u0119\u201c (yra ma\u017e\u0173 defekt\u0173)","description":"ai unikalus LDK mar\u0161alkos M. K. Radvilos (1549-1616) 1582-1584 m. kelion\u0117s po Palestin\u0105, Sirij\u0105, Egipt\u0105, Kret\u0105, Apenin\u0173 pusiasal\u012f dienora\u0161tis. Jame vaizdingai apra\u0161yta Artim\u0173j\u0173 Ryt\u0173 taut\u0173 praeitis, papro\u010diai, tikin\u010di\u0173j\u0173 santykiai, architekt\u016bra, k\u016bryba, prekyba, klimatas, derlius, diplomatin\u0117s tarnybos ir daugyb\u0117 kit\u0173 to meto kasdienyb\u0117s realij\u0173.","robots":{"index":"index","follow":"follow","max-snippet":"max-snippet:-1","max-image-preview":"max-image-preview:large","max-video-preview":"max-video-preview:-1"},"canonical":"https:\/\/skaitytaknyga.lt\/en\/produktas\/m-k-radvila-naslaitelis-kelione-i-jeruzale\/","og_locale":"en_GB","og_type":"article","og_title":"[:lt]M. K. Radvila Na\u0161lait\u0117lis \u201eKelion\u0117 \u012f Jeruzal\u0119\u201c (yra ma\u017e\u0173 defekt\u0173)[:] - Skaitytaknyga","og_description":"ai unikalus LDK mar\u0161alkos M. K. Radvilos (1549-1616) 1582-1584 m. kelion\u0117s po Palestin\u0105, Sirij\u0105, Egipt\u0105, Kret\u0105, Apenin\u0173 pusiasal\u012f dienora\u0161tis. Jame vaizdingai apra\u0161yta Artim\u0173j\u0173 Ryt\u0173 taut\u0173 praeitis, papro\u010diai, tikin\u010di\u0173j\u0173 santykiai, architekt\u016bra, k\u016bryba, prekyba, klimatas, derlius, diplomatin\u0117s tarnybos ir daugyb\u0117 kit\u0173 to meto kasdienyb\u0117s realij\u0173.","og_url":"https:\/\/skaitytaknyga.lt\/en\/produktas\/m-k-radvila-naslaitelis-kelione-i-jeruzale\/","og_site_name":"Skaitytaknyga","article_publisher":"https:\/\/www.facebook.com\/skaitytaknyga\/","article_modified_time":"2025-09-16T17:03:35+00:00","og_image":[{"width":260,"height":430,"url":"https:\/\/skaitytaknyga.lt\/wp-content\/uploads\/2024\/05\/1490167163_IMG_0004.jpg","type":"image\/jpeg"}],"twitter_card":"summary_large_image","twitter_misc":{"Estimated reading time":"1 minute"},"schema":{"@context":"https:\/\/schema.org","@graph":[{"@type":"WebPage","@id":"https:\/\/skaitytaknyga.lt\/produktas\/m-k-radvila-naslaitelis-kelione-i-jeruzale\/","url":"https:\/\/skaitytaknyga.lt\/produktas\/m-k-radvila-naslaitelis-kelione-i-jeruzale\/","name":"M. K. Radvila Na\u0161lait\u0117lis \u201eKelion\u0117 \u012f Jeruzal\u0119\u201c (yra ma\u017e\u0173 defekt\u0173)","isPartOf":{"@id":"https:\/\/skaitytaknyga.lt\/#website"},"primaryImageOfPage":{"@id":"https:\/\/skaitytaknyga.lt\/produktas\/m-k-radvila-naslaitelis-kelione-i-jeruzale\/#primaryimage"},"image":{"@id":"https:\/\/skaitytaknyga.lt\/produktas\/m-k-radvila-naslaitelis-kelione-i-jeruzale\/#primaryimage"},"thumbnailUrl":"https:\/\/skaitytaknyga.lt\/wp-content\/uploads\/2024\/05\/1490167163_IMG_0004.jpg","datePublished":"2024-05-02T12:59:52+00:00","dateModified":"2025-09-16T17:03:35+00:00","description":"ai unikalus LDK mar\u0161alkos M. K. Radvilos (1549-1616) 1582-1584 m. kelion\u0117s po Palestin\u0105, Sirij\u0105, Egipt\u0105, Kret\u0105, Apenin\u0173 pusiasal\u012f dienora\u0161tis. Jame vaizdingai apra\u0161yta Artim\u0173j\u0173 Ryt\u0173 taut\u0173 praeitis, papro\u010diai, tikin\u010di\u0173j\u0173 santykiai, architekt\u016bra, k\u016bryba, prekyba, klimatas, derlius, diplomatin\u0117s tarnybos ir daugyb\u0117 kit\u0173 to meto kasdienyb\u0117s realij\u0173.","breadcrumb":{"@id":"https:\/\/skaitytaknyga.lt\/produktas\/m-k-radvila-naslaitelis-kelione-i-jeruzale\/#breadcrumb"},"inLanguage":"en-GB","potentialAction":[{"@type":"ReadAction","target":["https:\/\/skaitytaknyga.lt\/produktas\/m-k-radvila-naslaitelis-kelione-i-jeruzale\/"]}]},{"@type":"ImageObject","inLanguage":"en-GB","@id":"https:\/\/skaitytaknyga.lt\/produktas\/m-k-radvila-naslaitelis-kelione-i-jeruzale\/#primaryimage","url":"https:\/\/skaitytaknyga.lt\/wp-content\/uploads\/2024\/05\/1490167163_IMG_0004.jpg","contentUrl":"https:\/\/skaitytaknyga.lt\/wp-content\/uploads\/2024\/05\/1490167163_IMG_0004.jpg","width":260,"height":430},{"@type":"BreadcrumbList","@id":"https:\/\/skaitytaknyga.lt\/produktas\/m-k-radvila-naslaitelis-kelione-i-jeruzale\/#breadcrumb","itemListElement":[{"@type":"ListItem","position":1,"name":"Home","item":"https:\/\/skaitytaknyga.lt\/"},{"@type":"ListItem","position":2,"name":"Parduotuv\u0117","item":"https:\/\/skaitytaknyga.lt\/knygu-parduotuve\/"},{"@type":"ListItem","position":3,"name":"M. K. Radvila Na\u0161lait\u0117lis \u201eKelion\u0117 \u012f Jeruzal\u0119\u201c (yra ma\u017e\u0173 defekt\u0173)"}]},{"@type":"WebSite","@id":"https:\/\/skaitytaknyga.lt\/#website","url":"https:\/\/skaitytaknyga.lt\/","name":"skaitytaknyga.lt","description":"Skaitytaknyga.lt \u2013 tai ma\u017eas \u0161eimos verslas, kuris prasid\u0117jo nuo meil\u0117s knygoms ir siekio i\u0161gelb\u0117ti knygas nuo likimo prie konteinerio. Kas vienam nereikalingas daiktas \u2013 kitam lobis, o mes esame tarpininkai, kurie padeda abiems tapti laimingesniems ???? \u017dinome kaip nelengva i\u0161gyventi ma\u017eiems verslams, tad nuo \u0161iol, \u010dia rasite ir kit\u0173, ma\u017e\u0173 \u0161eim\u0173 versl\u0173, rank\u0173 darbo, dovan\u0173 sau ir artimiesiems.","publisher":{"@id":"https:\/\/skaitytaknyga.lt\/#organization"},"potentialAction":[{"@type":"SearchAction","target":{"@type":"EntryPoint","urlTemplate":"https:\/\/skaitytaknyga.lt\/?s={search_term_string}"},"query-input":{"@type":"PropertyValueSpecification","valueRequired":true,"valueName":"search_term_string"}}],"inLanguage":"en-GB"},{"@type":"Organization","@id":"https:\/\/skaitytaknyga.lt\/#organization","name":"skaitytaknyga.lt","url":"https:\/\/skaitytaknyga.lt\/","logo":{"@type":"ImageObject","inLanguage":"en-GB","@id":"https:\/\/skaitytaknyga.lt\/#\/schema\/logo\/image\/","url":"https:\/\/skaitytaknyga.lt\/wp-content\/uploads\/2024\/05\/cropped-cropped-cropped-02_00843_jt3bggkj1j3HLc7SyY6rEUpg.jpeg","contentUrl":"https:\/\/skaitytaknyga.lt\/wp-content\/uploads\/2024\/05\/cropped-cropped-cropped-02_00843_jt3bggkj1j3HLc7SyY6rEUpg.jpeg","width":1600,"height":1600,"caption":"skaitytaknyga.lt"},"image":{"@id":"https:\/\/skaitytaknyga.lt\/#\/schema\/logo\/image\/"},"sameAs":["https:\/\/www.facebook.com\/skaitytaknyga\/"]}]}},"_links":{"self":[{"href":"https:\/\/skaitytaknyga.lt\/en\/wp-json\/wp\/v2\/product\/5883","targetHints":{"allow":["GET"]}}],"collection":[{"href":"https:\/\/skaitytaknyga.lt\/en\/wp-json\/wp\/v2\/product"}],"about":[{"href":"https:\/\/skaitytaknyga.lt\/en\/wp-json\/wp\/v2\/types\/product"}],"replies":[{"embeddable":true,"href":"https:\/\/skaitytaknyga.lt\/en\/wp-json\/wp\/v2\/comments?post=5883"}],"wp:featuredmedia":[{"embeddable":true,"href":"https:\/\/skaitytaknyga.lt\/en\/wp-json\/wp\/v2\/media\/5903"}],"wp:attachment":[{"href":"https:\/\/skaitytaknyga.lt\/en\/wp-json\/wp\/v2\/media?parent=5883"}],"wp:term":[{"taxonomy":"product_brand","embeddable":true,"href":"https:\/\/skaitytaknyga.lt\/en\/wp-json\/wp\/v2\/product_brand?post=5883"},{"taxonomy":"product_cat","embeddable":true,"href":"https:\/\/skaitytaknyga.lt\/en\/wp-json\/wp\/v2\/product_cat?post=5883"},{"taxonomy":"product_tag","embeddable":true,"href":"https:\/\/skaitytaknyga.lt\/en\/wp-json\/wp\/v2\/product_tag?post=5883"}],"curies":[{"name":"wp","href":"https:\/\/api.w.org\/{rel}","templated":true}]}}