{"id":5881,"date":"2024-05-02T15:59:52","date_gmt":"2024-05-02T12:59:52","guid":{"rendered":"https:\/\/skaitytaknyga.lt\/?post_type=product&#038;p=5881"},"modified":"2026-03-05T11:04:29","modified_gmt":"2026-03-05T09:04:29","slug":"jurga-ivanauskaite-ragana-ir-lietus","status":"publish","type":"product","link":"https:\/\/skaitytaknyga.lt\/en\/produktas\/jurga-ivanauskaite-ragana-ir-lietus\/","title":{"rendered":"Ragana ir lietus"},"content":{"rendered":"<p>J. Ivanauskait\u0117s ,,Ragana ir lietus&#8221; &#8211; romanas apie k\u016bn\u0105 ir siel\u0105, meil\u0119 ir nuod\u0117m\u0119, skausming\u0105 jaunos moters aistr\u0105 kunigui, kuris u\u017esidaro vienuolyne. Lietuvoje pirm\u0105kart i\u0161leista 1993-iaisiais, po dideli\u0173 istorini\u0173 permain\u0173, knyga u\u017egavo atvir\u0105 visuomen\u0117s nerv\u0105. \u0160iandien \u0161is romanas jau skaitomas Vokietijoje (trys leidimai), Latvijoje, Estijoje.<\/p>\n","protected":false},"excerpt":{"rendered":"<p>J. Ivanauskait\u0117s ,,Ragana ir lietus&#8221; &#8211; romanas apie k\u016bn\u0105 ir siel\u0105, meil\u0119 ir nuod\u0117m\u0119, skausming\u0105 jaunos moters aistr\u0105 kunigui, kuris u\u017esidaro vienuolyne. Lietuvoje pirm\u0105kart i\u0161leista 1993-iaisiais, po dideli\u0173 istorini\u0173 permain\u0173, knyga u\u017egavo atvir\u0105 visuomen\u0117s nerv\u0105. \u0160iandien \u0161is romanas jau skaitomas Vokietijoje (trys leidimai), Latvijoje, Estijoje.<\/p>\n","protected":false},"featured_media":5901,"comment_status":"closed","ping_status":"closed","template":"","meta":{"_acf_changed":false,"site-sidebar-layout":"default","site-content-layout":"","ast-site-content-layout":"default","site-content-style":"default","site-sidebar-style":"default","ast-global-header-display":"","ast-banner-title-visibility":"","ast-main-header-display":"","ast-hfb-above-header-display":"","ast-hfb-below-header-display":"","ast-hfb-mobile-header-display":"","site-post-title":"","ast-breadcrumbs-content":"","ast-featured-img":"","footer-sml-layout":"","ast-disable-related-posts":"","theme-transparent-header-meta":"","adv-header-id-meta":"","stick-header-meta":"","header-above-stick-meta":"","header-main-stick-meta":"","header-below-stick-meta":"","astra-migrate-meta-layouts":"default","ast-page-background-enabled":"default","ast-page-background-meta":{"desktop":{"background-color":"","background-image":"","background-repeat":"repeat","background-position":"center center","background-size":"auto","background-attachment":"scroll","background-type":"","background-media":"","overlay-type":"","overlay-color":"","overlay-opacity":"","overlay-gradient":""},"tablet":{"background-color":"","background-image":"","background-repeat":"repeat","background-position":"center center","background-size":"auto","background-attachment":"scroll","background-type":"","background-media":"","overlay-type":"","overlay-color":"","overlay-opacity":"","overlay-gradient":""},"mobile":{"background-color":"","background-image":"","background-repeat":"repeat","background-position":"center center","background-size":"auto","background-attachment":"scroll","background-type":"","background-media":"","overlay-type":"","overlay-color":"","overlay-opacity":"","overlay-gradient":""}},"ast-content-background-meta":{"desktop":{"background-color":"var(--ast-global-color-4)","background-image":"","background-repeat":"repeat","background-position":"center center","background-size":"auto","background-attachment":"scroll","background-type":"","background-media":"","overlay-type":"","overlay-color":"","overlay-opacity":"","overlay-gradient":""},"tablet":{"background-color":"var(--ast-global-color-4)","background-image":"","background-repeat":"repeat","background-position":"center center","background-size":"auto","background-attachment":"scroll","background-type":"","background-media":"","overlay-type":"","overlay-color":"","overlay-opacity":"","overlay-gradient":""},"mobile":{"background-color":"var(--ast-global-color-4)","background-image":"","background-repeat":"repeat","background-position":"center center","background-size":"auto","background-attachment":"scroll","background-type":"","background-media":"","overlay-type":"","overlay-color":"","overlay-opacity":"","overlay-gradient":""}}},"product_brand":[],"product_cat":[9590],"product_tag":[],"class_list":{"0":"post-5881","1":"product","2":"type-product","3":"status-publish","4":"has-post-thumbnail","6":"product_cat-lietuviu-literatura","7":"pa_leidimo-metai-680","8":"pa_virselis-kietas","9":"desktop-align-left","10":"tablet-align-left","11":"mobile-align-left","13":"first","14":"instock","15":"shipping-taxable","16":"purchasable","17":"product-type-simple"},"acf":[],"yoast_head":"<!-- This site is optimized with the Yoast SEO plugin v27.0 - https:\/\/yoast.com\/product\/yoast-seo-wordpress\/ -->\n<title>Ragana ir lietus<\/title>\n<meta name=\"description\" content=\"J. Ivanauskait\u0117s ,,Ragana ir lietus&quot; - romanas apie k\u016bn\u0105 ir siel\u0105, meil\u0119 ir nuod\u0117m\u0119, skausming\u0105 jaunos moters aistr\u0105 kunigui, kuris u\u017esidaro vienuolyne. Lietuvoje pirm\u0105kart i\u0161leista 1993-iaisiais, po dideli\u0173 istorini\u0173 permain\u0173, knyga u\u017egavo atvir\u0105 visuomen\u0117s nerv\u0105. \u0160iandien \u0161is romanas jau skaitomas Vokietijoje (trys leidimai), Latvijoje, Estijoje.\" \/>\n<meta name=\"robots\" content=\"index, follow, max-snippet:-1, max-image-preview:large, max-video-preview:-1\" \/>\n<link rel=\"canonical\" href=\"https:\/\/skaitytaknyga.lt\/en\/produktas\/jurga-ivanauskaite-ragana-ir-lietus\/\" \/>\n<meta property=\"og:locale\" content=\"en_GB\" \/>\n<meta property=\"og:locale:alternate\" content=\"lt_LT\" \/>\n<meta property=\"og:type\" content=\"article\" \/>\n<meta property=\"og:title\" content=\"Ragana ir lietus\" \/>\n<meta property=\"og:description\" content=\"J. Ivanauskait\u0117s ,,Ragana ir lietus&quot; - romanas apie k\u016bn\u0105 ir siel\u0105, meil\u0119 ir nuod\u0117m\u0119, skausming\u0105 jaunos moters aistr\u0105 kunigui, kuris u\u017esidaro vienuolyne. Lietuvoje pirm\u0105kart i\u0161leista 1993-iaisiais, po dideli\u0173 istorini\u0173 permain\u0173, knyga u\u017egavo atvir\u0105 visuomen\u0117s nerv\u0105. \u0160iandien \u0161is romanas jau skaitomas Vokietijoje (trys leidimai), Latvijoje, Estijoje.\" \/>\n<meta property=\"og:url\" content=\"https:\/\/skaitytaknyga.lt\/en\/produktas\/jurga-ivanauskaite-ragana-ir-lietus\/\" \/>\n<meta property=\"og:site_name\" content=\"Skaitytaknyga\" \/>\n<meta property=\"article:publisher\" content=\"https:\/\/www.facebook.com\/skaitytaknyga\/\" \/>\n<meta property=\"article:modified_time\" content=\"2026-03-05T09:04:29+00:00\" \/>\n<meta property=\"og:image\" content=\"https:\/\/skaitytaknyga.lt\/wp-content\/uploads\/2024\/05\/Raganairlietussenas.jpg\" \/>\n\t<meta property=\"og:image:width\" content=\"271\" \/>\n\t<meta property=\"og:image:height\" content=\"430\" \/>\n\t<meta property=\"og:image:type\" content=\"image\/jpeg\" \/>\n<meta name=\"twitter:card\" content=\"summary_large_image\" \/>\n<meta name=\"twitter:label1\" content=\"Estimated reading time\" \/>\n\t<meta name=\"twitter:data1\" content=\"1 minute\" \/>\n<script type=\"application\/ld+json\" class=\"yoast-schema-graph\">{\"@context\":\"https:\/\/schema.org\",\"@graph\":[{\"@type\":\"WebPage\",\"@id\":\"https:\/\/skaitytaknyga.lt\/produktas\/jurga-ivanauskaite-ragana-ir-lietus\/\",\"url\":\"https:\/\/skaitytaknyga.lt\/produktas\/jurga-ivanauskaite-ragana-ir-lietus\/\",\"name\":\"Ragana ir lietus\",\"isPartOf\":{\"@id\":\"https:\/\/skaitytaknyga.lt\/#website\"},\"primaryImageOfPage\":{\"@id\":\"https:\/\/skaitytaknyga.lt\/produktas\/jurga-ivanauskaite-ragana-ir-lietus\/#primaryimage\"},\"image\":{\"@id\":\"https:\/\/skaitytaknyga.lt\/produktas\/jurga-ivanauskaite-ragana-ir-lietus\/#primaryimage\"},\"thumbnailUrl\":\"https:\/\/skaitytaknyga.lt\/wp-content\/uploads\/2024\/05\/Raganairlietussenas.jpg\",\"datePublished\":\"2024-05-02T12:59:52+00:00\",\"dateModified\":\"2026-03-05T09:04:29+00:00\",\"description\":\"J. Ivanauskait\u0117s ,,Ragana ir lietus\\\" - romanas apie k\u016bn\u0105 ir siel\u0105, meil\u0119 ir nuod\u0117m\u0119, skausming\u0105 jaunos moters aistr\u0105 kunigui, kuris u\u017esidaro vienuolyne. Lietuvoje pirm\u0105kart i\u0161leista 1993-iaisiais, po dideli\u0173 istorini\u0173 permain\u0173, knyga u\u017egavo atvir\u0105 visuomen\u0117s nerv\u0105. \u0160iandien \u0161is romanas jau skaitomas Vokietijoje (trys leidimai), Latvijoje, Estijoje.\",\"breadcrumb\":{\"@id\":\"https:\/\/skaitytaknyga.lt\/produktas\/jurga-ivanauskaite-ragana-ir-lietus\/#breadcrumb\"},\"inLanguage\":\"en-GB\",\"potentialAction\":[{\"@type\":\"ReadAction\",\"target\":[\"https:\/\/skaitytaknyga.lt\/produktas\/jurga-ivanauskaite-ragana-ir-lietus\/\"]}]},{\"@type\":\"ImageObject\",\"inLanguage\":\"en-GB\",\"@id\":\"https:\/\/skaitytaknyga.lt\/produktas\/jurga-ivanauskaite-ragana-ir-lietus\/#primaryimage\",\"url\":\"https:\/\/skaitytaknyga.lt\/wp-content\/uploads\/2024\/05\/Raganairlietussenas.jpg\",\"contentUrl\":\"https:\/\/skaitytaknyga.lt\/wp-content\/uploads\/2024\/05\/Raganairlietussenas.jpg\",\"width\":271,\"height\":430},{\"@type\":\"BreadcrumbList\",\"@id\":\"https:\/\/skaitytaknyga.lt\/produktas\/jurga-ivanauskaite-ragana-ir-lietus\/#breadcrumb\",\"itemListElement\":[{\"@type\":\"ListItem\",\"position\":1,\"name\":\"Home\",\"item\":\"https:\/\/skaitytaknyga.lt\/\"},{\"@type\":\"ListItem\",\"position\":2,\"name\":\"Parduotuv\u0117\",\"item\":\"https:\/\/skaitytaknyga.lt\/knygu-parduotuve\/\"},{\"@type\":\"ListItem\",\"position\":3,\"name\":\"Ragana ir lietus\"}]},{\"@type\":\"WebSite\",\"@id\":\"https:\/\/skaitytaknyga.lt\/#website\",\"url\":\"https:\/\/skaitytaknyga.lt\/\",\"name\":\"skaitytaknyga.lt\",\"description\":\"Skaitytaknyga.lt \u2013 tai ma\u017eas \u0161eimos verslas, kuris prasid\u0117jo nuo meil\u0117s knygoms ir siekio i\u0161gelb\u0117ti knygas nuo likimo prie konteinerio. Kas vienam nereikalingas daiktas \u2013 kitam lobis, o mes esame tarpininkai, kurie padeda abiems tapti laimingesniems ???? \u017dinome kaip nelengva i\u0161gyventi ma\u017eiems verslams, tad nuo \u0161iol, \u010dia rasite ir kit\u0173, ma\u017e\u0173 \u0161eim\u0173 versl\u0173, rank\u0173 darbo, dovan\u0173 sau ir artimiesiems.\",\"publisher\":{\"@id\":\"https:\/\/skaitytaknyga.lt\/#organization\"},\"potentialAction\":[{\"@type\":\"SearchAction\",\"target\":{\"@type\":\"EntryPoint\",\"urlTemplate\":\"https:\/\/skaitytaknyga.lt\/?s={search_term_string}\"},\"query-input\":{\"@type\":\"PropertyValueSpecification\",\"valueRequired\":true,\"valueName\":\"search_term_string\"}}],\"inLanguage\":\"en-GB\"},{\"@type\":\"Organization\",\"@id\":\"https:\/\/skaitytaknyga.lt\/#organization\",\"name\":\"skaitytaknyga.lt\",\"url\":\"https:\/\/skaitytaknyga.lt\/\",\"logo\":{\"@type\":\"ImageObject\",\"inLanguage\":\"en-GB\",\"@id\":\"https:\/\/skaitytaknyga.lt\/#\/schema\/logo\/image\/\",\"url\":\"https:\/\/skaitytaknyga.lt\/wp-content\/uploads\/2024\/05\/cropped-cropped-cropped-02_00843_jt3bggkj1j3HLc7SyY6rEUpg.jpeg\",\"contentUrl\":\"https:\/\/skaitytaknyga.lt\/wp-content\/uploads\/2024\/05\/cropped-cropped-cropped-02_00843_jt3bggkj1j3HLc7SyY6rEUpg.jpeg\",\"width\":1600,\"height\":1600,\"caption\":\"skaitytaknyga.lt\"},\"image\":{\"@id\":\"https:\/\/skaitytaknyga.lt\/#\/schema\/logo\/image\/\"},\"sameAs\":[\"https:\/\/www.facebook.com\/skaitytaknyga\/\"]}]}<\/script>\n<!-- \/ Yoast SEO plugin. -->","yoast_head_json":{"title":"Ragana ir lietus","description":"J. Ivanauskait\u0117s ,,Ragana ir lietus\" - romanas apie k\u016bn\u0105 ir siel\u0105, meil\u0119 ir nuod\u0117m\u0119, skausming\u0105 jaunos moters aistr\u0105 kunigui, kuris u\u017esidaro vienuolyne. Lietuvoje pirm\u0105kart i\u0161leista 1993-iaisiais, po dideli\u0173 istorini\u0173 permain\u0173, knyga u\u017egavo atvir\u0105 visuomen\u0117s nerv\u0105. \u0160iandien \u0161is romanas jau skaitomas Vokietijoje (trys leidimai), Latvijoje, Estijoje.","robots":{"index":"index","follow":"follow","max-snippet":"max-snippet:-1","max-image-preview":"max-image-preview:large","max-video-preview":"max-video-preview:-1"},"canonical":"https:\/\/skaitytaknyga.lt\/en\/produktas\/jurga-ivanauskaite-ragana-ir-lietus\/","og_locale":"en_GB","og_type":"article","og_title":"[:lt]Ragana ir lietus[:] - Skaitytaknyga","og_description":"J. Ivanauskait\u0117s ,,Ragana ir lietus\" - romanas apie k\u016bn\u0105 ir siel\u0105, meil\u0119 ir nuod\u0117m\u0119, skausming\u0105 jaunos moters aistr\u0105 kunigui, kuris u\u017esidaro vienuolyne. Lietuvoje pirm\u0105kart i\u0161leista 1993-iaisiais, po dideli\u0173 istorini\u0173 permain\u0173, knyga u\u017egavo atvir\u0105 visuomen\u0117s nerv\u0105. \u0160iandien \u0161is romanas jau skaitomas Vokietijoje (trys leidimai), Latvijoje, Estijoje.","og_url":"https:\/\/skaitytaknyga.lt\/en\/produktas\/jurga-ivanauskaite-ragana-ir-lietus\/","og_site_name":"Skaitytaknyga","article_publisher":"https:\/\/www.facebook.com\/skaitytaknyga\/","article_modified_time":"2026-03-05T09:04:29+00:00","og_image":[{"width":271,"height":430,"url":"https:\/\/skaitytaknyga.lt\/wp-content\/uploads\/2024\/05\/Raganairlietussenas.jpg","type":"image\/jpeg"}],"twitter_card":"summary_large_image","twitter_misc":{"Estimated reading time":"1 minute"},"schema":{"@context":"https:\/\/schema.org","@graph":[{"@type":"WebPage","@id":"https:\/\/skaitytaknyga.lt\/produktas\/jurga-ivanauskaite-ragana-ir-lietus\/","url":"https:\/\/skaitytaknyga.lt\/produktas\/jurga-ivanauskaite-ragana-ir-lietus\/","name":"Ragana ir lietus","isPartOf":{"@id":"https:\/\/skaitytaknyga.lt\/#website"},"primaryImageOfPage":{"@id":"https:\/\/skaitytaknyga.lt\/produktas\/jurga-ivanauskaite-ragana-ir-lietus\/#primaryimage"},"image":{"@id":"https:\/\/skaitytaknyga.lt\/produktas\/jurga-ivanauskaite-ragana-ir-lietus\/#primaryimage"},"thumbnailUrl":"https:\/\/skaitytaknyga.lt\/wp-content\/uploads\/2024\/05\/Raganairlietussenas.jpg","datePublished":"2024-05-02T12:59:52+00:00","dateModified":"2026-03-05T09:04:29+00:00","description":"J. Ivanauskait\u0117s ,,Ragana ir lietus\" - romanas apie k\u016bn\u0105 ir siel\u0105, meil\u0119 ir nuod\u0117m\u0119, skausming\u0105 jaunos moters aistr\u0105 kunigui, kuris u\u017esidaro vienuolyne. Lietuvoje pirm\u0105kart i\u0161leista 1993-iaisiais, po dideli\u0173 istorini\u0173 permain\u0173, knyga u\u017egavo atvir\u0105 visuomen\u0117s nerv\u0105. \u0160iandien \u0161is romanas jau skaitomas Vokietijoje (trys leidimai), Latvijoje, Estijoje.","breadcrumb":{"@id":"https:\/\/skaitytaknyga.lt\/produktas\/jurga-ivanauskaite-ragana-ir-lietus\/#breadcrumb"},"inLanguage":"en-GB","potentialAction":[{"@type":"ReadAction","target":["https:\/\/skaitytaknyga.lt\/produktas\/jurga-ivanauskaite-ragana-ir-lietus\/"]}]},{"@type":"ImageObject","inLanguage":"en-GB","@id":"https:\/\/skaitytaknyga.lt\/produktas\/jurga-ivanauskaite-ragana-ir-lietus\/#primaryimage","url":"https:\/\/skaitytaknyga.lt\/wp-content\/uploads\/2024\/05\/Raganairlietussenas.jpg","contentUrl":"https:\/\/skaitytaknyga.lt\/wp-content\/uploads\/2024\/05\/Raganairlietussenas.jpg","width":271,"height":430},{"@type":"BreadcrumbList","@id":"https:\/\/skaitytaknyga.lt\/produktas\/jurga-ivanauskaite-ragana-ir-lietus\/#breadcrumb","itemListElement":[{"@type":"ListItem","position":1,"name":"Home","item":"https:\/\/skaitytaknyga.lt\/"},{"@type":"ListItem","position":2,"name":"Parduotuv\u0117","item":"https:\/\/skaitytaknyga.lt\/knygu-parduotuve\/"},{"@type":"ListItem","position":3,"name":"Ragana ir lietus"}]},{"@type":"WebSite","@id":"https:\/\/skaitytaknyga.lt\/#website","url":"https:\/\/skaitytaknyga.lt\/","name":"skaitytaknyga.lt","description":"Skaitytaknyga.lt \u2013 tai ma\u017eas \u0161eimos verslas, kuris prasid\u0117jo nuo meil\u0117s knygoms ir siekio i\u0161gelb\u0117ti knygas nuo likimo prie konteinerio. Kas vienam nereikalingas daiktas \u2013 kitam lobis, o mes esame tarpininkai, kurie padeda abiems tapti laimingesniems ???? \u017dinome kaip nelengva i\u0161gyventi ma\u017eiems verslams, tad nuo \u0161iol, \u010dia rasite ir kit\u0173, ma\u017e\u0173 \u0161eim\u0173 versl\u0173, rank\u0173 darbo, dovan\u0173 sau ir artimiesiems.","publisher":{"@id":"https:\/\/skaitytaknyga.lt\/#organization"},"potentialAction":[{"@type":"SearchAction","target":{"@type":"EntryPoint","urlTemplate":"https:\/\/skaitytaknyga.lt\/?s={search_term_string}"},"query-input":{"@type":"PropertyValueSpecification","valueRequired":true,"valueName":"search_term_string"}}],"inLanguage":"en-GB"},{"@type":"Organization","@id":"https:\/\/skaitytaknyga.lt\/#organization","name":"skaitytaknyga.lt","url":"https:\/\/skaitytaknyga.lt\/","logo":{"@type":"ImageObject","inLanguage":"en-GB","@id":"https:\/\/skaitytaknyga.lt\/#\/schema\/logo\/image\/","url":"https:\/\/skaitytaknyga.lt\/wp-content\/uploads\/2024\/05\/cropped-cropped-cropped-02_00843_jt3bggkj1j3HLc7SyY6rEUpg.jpeg","contentUrl":"https:\/\/skaitytaknyga.lt\/wp-content\/uploads\/2024\/05\/cropped-cropped-cropped-02_00843_jt3bggkj1j3HLc7SyY6rEUpg.jpeg","width":1600,"height":1600,"caption":"skaitytaknyga.lt"},"image":{"@id":"https:\/\/skaitytaknyga.lt\/#\/schema\/logo\/image\/"},"sameAs":["https:\/\/www.facebook.com\/skaitytaknyga\/"]}]}},"_links":{"self":[{"href":"https:\/\/skaitytaknyga.lt\/en\/wp-json\/wp\/v2\/product\/5881","targetHints":{"allow":["GET"]}}],"collection":[{"href":"https:\/\/skaitytaknyga.lt\/en\/wp-json\/wp\/v2\/product"}],"about":[{"href":"https:\/\/skaitytaknyga.lt\/en\/wp-json\/wp\/v2\/types\/product"}],"replies":[{"embeddable":true,"href":"https:\/\/skaitytaknyga.lt\/en\/wp-json\/wp\/v2\/comments?post=5881"}],"wp:featuredmedia":[{"embeddable":true,"href":"https:\/\/skaitytaknyga.lt\/en\/wp-json\/wp\/v2\/media\/5901"}],"wp:attachment":[{"href":"https:\/\/skaitytaknyga.lt\/en\/wp-json\/wp\/v2\/media?parent=5881"}],"wp:term":[{"taxonomy":"product_brand","embeddable":true,"href":"https:\/\/skaitytaknyga.lt\/en\/wp-json\/wp\/v2\/product_brand?post=5881"},{"taxonomy":"product_cat","embeddable":true,"href":"https:\/\/skaitytaknyga.lt\/en\/wp-json\/wp\/v2\/product_cat?post=5881"},{"taxonomy":"product_tag","embeddable":true,"href":"https:\/\/skaitytaknyga.lt\/en\/wp-json\/wp\/v2\/product_tag?post=5881"}],"curies":[{"name":"wp","href":"https:\/\/api.w.org\/{rel}","templated":true}]}}