{"id":5877,"date":"2024-05-02T12:59:52","date_gmt":"2024-05-02T12:59:52","guid":{"rendered":"https:\/\/skaitytaknyga.lt\/?post_type=product&#038;p=5877"},"modified":"2025-06-26T16:09:59","modified_gmt":"2025-06-26T13:09:59","slug":"romualdas-granauskas-gyvenimas-po-klevu","status":"publish","type":"product","link":"https:\/\/skaitytaknyga.lt\/en\/produktas\/romualdas-granauskas-gyvenimas-po-klevu\/","title":{"rendered":"Gyvenimas po klevu"},"content":{"rendered":"<p>Nacionalin\u0117s premijos laureato R. Granausko apysakoje \u201eGyvenimas po klevu\u201c per vienos \u0161eimos \u017elugimo istorij\u0105 skausmingai atsisveikinama su senuoju lietuvi\u0161ku kaimu. Knyga sudrebino visuomen\u0119 savo bevilti\u0161kumu. Tada tai buvo nauja ir neleistina.<\/p>\n<p>Kaimo \u017emogaus akimis parodoma niekuo nedangstoma gyvenimo tiesa. Apysakos heroj\u0117, vieni\u0161a senoji Kairien\u0117, atrodo tokia tikra, lyg b\u016bt\u0173 perkelta \u012f k\u016brin\u012f tiesiai i\u0161 pa\u010dios skaud\u017eiausios to meto kaimo realyb\u0117s. Su vaik\u0173 apleistais senais t\u0117vais, nesibaigian\u010diu girtuokliavimu, jaunimo dvasiniu skurdu ir kitom sovietin\u0117m pikt\u017eaizd\u0117m.<\/p>\n","protected":false},"excerpt":{"rendered":"<p>Nacionalin\u0117s premijos laureato R. Granausko apysakoje \u201eGyvenimas po klevu\u201c per vienos \u0161eimos \u017elugimo istorij\u0105 skausmingai atsisveikinama su senuoju lietuvi\u0161ku kaimu. Knyga sudrebino visuomen\u0119 savo bevilti\u0161kumu. Tada tai buvo nauja ir neleistina.<\/p>\n<p>Kaimo \u017emogaus akimis parodoma niekuo nedangstoma gyvenimo tiesa. Apysakos heroj\u0117, vieni\u0161a senoji Kairien\u0117, atrodo tokia tikra, lyg b\u016bt\u0173 perkelta \u012f k\u016brin\u012f tiesiai i\u0161 pa\u010dios skaud\u017eiausios to meto kaimo realyb\u0117s. Su vaik\u0173 apleistais senais t\u0117vais, nesibaigian\u010diu girtuokliavimu, jaunimo dvasiniu skurdu ir kitom sovietin\u0117m pikt\u017eaizd\u0117m.<\/p>\n","protected":false},"featured_media":5889,"comment_status":"closed","ping_status":"closed","template":"","meta":{"_acf_changed":false,"site-sidebar-layout":"default","site-content-layout":"","ast-site-content-layout":"default","site-content-style":"default","site-sidebar-style":"default","ast-global-header-display":"","ast-banner-title-visibility":"","ast-main-header-display":"","ast-hfb-above-header-display":"","ast-hfb-below-header-display":"","ast-hfb-mobile-header-display":"","site-post-title":"","ast-breadcrumbs-content":"","ast-featured-img":"","footer-sml-layout":"","ast-disable-related-posts":"","theme-transparent-header-meta":"","adv-header-id-meta":"","stick-header-meta":"","header-above-stick-meta":"","header-main-stick-meta":"","header-below-stick-meta":"","astra-migrate-meta-layouts":"default","ast-page-background-enabled":"default","ast-page-background-meta":{"desktop":{"background-color":"","background-image":"","background-repeat":"repeat","background-position":"center center","background-size":"auto","background-attachment":"scroll","background-type":"","background-media":"","overlay-type":"","overlay-color":"","overlay-opacity":"","overlay-gradient":""},"tablet":{"background-color":"","background-image":"","background-repeat":"repeat","background-position":"center center","background-size":"auto","background-attachment":"scroll","background-type":"","background-media":"","overlay-type":"","overlay-color":"","overlay-opacity":"","overlay-gradient":""},"mobile":{"background-color":"","background-image":"","background-repeat":"repeat","background-position":"center center","background-size":"auto","background-attachment":"scroll","background-type":"","background-media":"","overlay-type":"","overlay-color":"","overlay-opacity":"","overlay-gradient":""}},"ast-content-background-meta":{"desktop":{"background-color":"var(--ast-global-color-4)","background-image":"","background-repeat":"repeat","background-position":"center center","background-size":"auto","background-attachment":"scroll","background-type":"","background-media":"","overlay-type":"","overlay-color":"","overlay-opacity":"","overlay-gradient":""},"tablet":{"background-color":"var(--ast-global-color-4)","background-image":"","background-repeat":"repeat","background-position":"center center","background-size":"auto","background-attachment":"scroll","background-type":"","background-media":"","overlay-type":"","overlay-color":"","overlay-opacity":"","overlay-gradient":""},"mobile":{"background-color":"var(--ast-global-color-4)","background-image":"","background-repeat":"repeat","background-position":"center center","background-size":"auto","background-attachment":"scroll","background-type":"","background-media":"","overlay-type":"","overlay-color":"","overlay-opacity":"","overlay-gradient":""}}},"product_brand":[],"product_cat":[31,331],"product_tag":[5992,2625,5991,1646,3077],"class_list":{"0":"post-5877","1":"product","2":"type-product","3":"status-publish","4":"has-post-thumbnail","6":"product_cat-grozine-literatura","7":"product_cat-programine-literatura","8":"product_tag-kaimas","9":"product_tag-lietuva","10":"product_tag-romualdas-granauskas","11":"product_tag-seima","12":"product_tag-socialine-drama","13":"pa_leidimo-metai-680","14":"pa_virselis-kietas","15":"desktop-align-left","16":"tablet-align-left","17":"mobile-align-left","19":"first","20":"instock","21":"shipping-taxable","22":"purchasable","23":"product-type-simple"},"acf":[],"yoast_head":"<!-- This site is optimized with the Yoast SEO plugin v27.0 - https:\/\/yoast.com\/product\/yoast-seo-wordpress\/ -->\n<title>Gyvenimas po klevu<\/title>\n<meta name=\"description\" content=\"Nacionalin\u0117s premijos laureato R. Granausko apysakoje \u201eGyvenimas po klevu\u201c per vienos \u0161eimos \u017elugimo istorij\u0105 skausmingai atsisveikinama su senuoju lietuvi\u0161ku kaimu. Knyga sudrebino visuomen\u0119 savo bevilti\u0161kumu. Tada tai buvo nauja ir neleistina.  Kaimo \u017emogaus akimis parodoma niekuo nedangstoma gyvenimo tiesa. Apysakos heroj\u0117, vieni\u0161a senoji Kairien\u0117, atrodo tokia tikra, lyg b\u016bt\u0173 perkelta \u012f k\u016brin\u012f tiesiai i\u0161 pa\u010dios skaud\u017eiausios to meto kaimo realyb\u0117s. Su vaik\u0173 apleistais senais t\u0117vais, nesibaigian\u010diu girtuokliavimu, jaunimo dvasiniu skurdu ir kitom sovietin\u0117m pikt\u017eaizd\u0117m.\" \/>\n<meta name=\"robots\" content=\"index, follow, max-snippet:-1, max-image-preview:large, max-video-preview:-1\" \/>\n<link rel=\"canonical\" href=\"https:\/\/skaitytaknyga.lt\/en\/produktas\/romualdas-granauskas-gyvenimas-po-klevu\/\" \/>\n<meta property=\"og:locale\" content=\"en_GB\" \/>\n<meta property=\"og:locale:alternate\" content=\"lt_LT\" \/>\n<meta property=\"og:type\" content=\"article\" \/>\n<meta property=\"og:title\" content=\"Gyvenimas po klevu\" \/>\n<meta property=\"og:description\" content=\"Nacionalin\u0117s premijos laureato R. Granausko apysakoje \u201eGyvenimas po klevu\u201c per vienos \u0161eimos \u017elugimo istorij\u0105 skausmingai atsisveikinama su senuoju lietuvi\u0161ku kaimu. Knyga sudrebino visuomen\u0119 savo bevilti\u0161kumu. Tada tai buvo nauja ir neleistina.  Kaimo \u017emogaus akimis parodoma niekuo nedangstoma gyvenimo tiesa. Apysakos heroj\u0117, vieni\u0161a senoji Kairien\u0117, atrodo tokia tikra, lyg b\u016bt\u0173 perkelta \u012f k\u016brin\u012f tiesiai i\u0161 pa\u010dios skaud\u017eiausios to meto kaimo realyb\u0117s. Su vaik\u0173 apleistais senais t\u0117vais, nesibaigian\u010diu girtuokliavimu, jaunimo dvasiniu skurdu ir kitom sovietin\u0117m pikt\u017eaizd\u0117m.\" \/>\n<meta property=\"og:url\" content=\"https:\/\/skaitytaknyga.lt\/en\/produktas\/romualdas-granauskas-gyvenimas-po-klevu\/\" \/>\n<meta property=\"og:site_name\" content=\"Skaitytaknyga\" \/>\n<meta property=\"article:publisher\" content=\"https:\/\/www.facebook.com\/skaitytaknyga\/\" \/>\n<meta property=\"article:modified_time\" content=\"2025-06-26T13:09:59+00:00\" \/>\n<meta property=\"og:image\" content=\"https:\/\/skaitytaknyga.lt\/wp-content\/uploads\/2024\/05\/1462881096_img0047.jpg\" \/>\n\t<meta property=\"og:image:width\" content=\"461\" \/>\n\t<meta property=\"og:image:height\" content=\"800\" \/>\n\t<meta property=\"og:image:type\" content=\"image\/jpeg\" \/>\n<meta name=\"twitter:card\" content=\"summary_large_image\" \/>\n<meta name=\"twitter:label1\" content=\"Estimated reading time\" \/>\n\t<meta name=\"twitter:data1\" content=\"1 minute\" \/>\n<script type=\"application\/ld+json\" class=\"yoast-schema-graph\">{\"@context\":\"https:\/\/schema.org\",\"@graph\":[{\"@type\":\"WebPage\",\"@id\":\"https:\/\/skaitytaknyga.lt\/produktas\/romualdas-granauskas-gyvenimas-po-klevu\/\",\"url\":\"https:\/\/skaitytaknyga.lt\/produktas\/romualdas-granauskas-gyvenimas-po-klevu\/\",\"name\":\"Gyvenimas po klevu\",\"isPartOf\":{\"@id\":\"https:\/\/skaitytaknyga.lt\/#website\"},\"primaryImageOfPage\":{\"@id\":\"https:\/\/skaitytaknyga.lt\/produktas\/romualdas-granauskas-gyvenimas-po-klevu\/#primaryimage\"},\"image\":{\"@id\":\"https:\/\/skaitytaknyga.lt\/produktas\/romualdas-granauskas-gyvenimas-po-klevu\/#primaryimage\"},\"thumbnailUrl\":\"https:\/\/skaitytaknyga.lt\/wp-content\/uploads\/2024\/05\/1462881096_img0047.jpg\",\"datePublished\":\"2024-05-02T12:59:52+00:00\",\"dateModified\":\"2025-06-26T13:09:59+00:00\",\"description\":\"Nacionalin\u0117s premijos laureato R. Granausko apysakoje \u201eGyvenimas po klevu\u201c per vienos \u0161eimos \u017elugimo istorij\u0105 skausmingai atsisveikinama su senuoju lietuvi\u0161ku kaimu. Knyga sudrebino visuomen\u0119 savo bevilti\u0161kumu. Tada tai buvo nauja ir neleistina. Kaimo \u017emogaus akimis parodoma niekuo nedangstoma gyvenimo tiesa. Apysakos heroj\u0117, vieni\u0161a senoji Kairien\u0117, atrodo tokia tikra, lyg b\u016bt\u0173 perkelta \u012f k\u016brin\u012f tiesiai i\u0161 pa\u010dios skaud\u017eiausios to meto kaimo realyb\u0117s. Su vaik\u0173 apleistais senais t\u0117vais, nesibaigian\u010diu girtuokliavimu, jaunimo dvasiniu skurdu ir kitom sovietin\u0117m pikt\u017eaizd\u0117m.\",\"breadcrumb\":{\"@id\":\"https:\/\/skaitytaknyga.lt\/produktas\/romualdas-granauskas-gyvenimas-po-klevu\/#breadcrumb\"},\"inLanguage\":\"en-GB\",\"potentialAction\":[{\"@type\":\"ReadAction\",\"target\":[\"https:\/\/skaitytaknyga.lt\/produktas\/romualdas-granauskas-gyvenimas-po-klevu\/\"]}]},{\"@type\":\"ImageObject\",\"inLanguage\":\"en-GB\",\"@id\":\"https:\/\/skaitytaknyga.lt\/produktas\/romualdas-granauskas-gyvenimas-po-klevu\/#primaryimage\",\"url\":\"https:\/\/skaitytaknyga.lt\/wp-content\/uploads\/2024\/05\/1462881096_img0047.jpg\",\"contentUrl\":\"https:\/\/skaitytaknyga.lt\/wp-content\/uploads\/2024\/05\/1462881096_img0047.jpg\",\"width\":461,\"height\":800},{\"@type\":\"BreadcrumbList\",\"@id\":\"https:\/\/skaitytaknyga.lt\/produktas\/romualdas-granauskas-gyvenimas-po-klevu\/#breadcrumb\",\"itemListElement\":[{\"@type\":\"ListItem\",\"position\":1,\"name\":\"Home\",\"item\":\"https:\/\/skaitytaknyga.lt\/\"},{\"@type\":\"ListItem\",\"position\":2,\"name\":\"Parduotuv\u0117\",\"item\":\"https:\/\/skaitytaknyga.lt\/knygu-parduotuve\/\"},{\"@type\":\"ListItem\",\"position\":3,\"name\":\"Gyvenimas po klevu\"}]},{\"@type\":\"WebSite\",\"@id\":\"https:\/\/skaitytaknyga.lt\/#website\",\"url\":\"https:\/\/skaitytaknyga.lt\/\",\"name\":\"skaitytaknyga.lt\",\"description\":\"Skaitytaknyga.lt \u2013 tai ma\u017eas \u0161eimos verslas, kuris prasid\u0117jo nuo meil\u0117s knygoms ir siekio i\u0161gelb\u0117ti knygas nuo likimo prie konteinerio. Kas vienam nereikalingas daiktas \u2013 kitam lobis, o mes esame tarpininkai, kurie padeda abiems tapti laimingesniems ???? \u017dinome kaip nelengva i\u0161gyventi ma\u017eiems verslams, tad nuo \u0161iol, \u010dia rasite ir kit\u0173, ma\u017e\u0173 \u0161eim\u0173 versl\u0173, rank\u0173 darbo, dovan\u0173 sau ir artimiesiems.\",\"publisher\":{\"@id\":\"https:\/\/skaitytaknyga.lt\/#organization\"},\"potentialAction\":[{\"@type\":\"SearchAction\",\"target\":{\"@type\":\"EntryPoint\",\"urlTemplate\":\"https:\/\/skaitytaknyga.lt\/?s={search_term_string}\"},\"query-input\":{\"@type\":\"PropertyValueSpecification\",\"valueRequired\":true,\"valueName\":\"search_term_string\"}}],\"inLanguage\":\"en-GB\"},{\"@type\":\"Organization\",\"@id\":\"https:\/\/skaitytaknyga.lt\/#organization\",\"name\":\"skaitytaknyga.lt\",\"url\":\"https:\/\/skaitytaknyga.lt\/\",\"logo\":{\"@type\":\"ImageObject\",\"inLanguage\":\"en-GB\",\"@id\":\"https:\/\/skaitytaknyga.lt\/#\/schema\/logo\/image\/\",\"url\":\"https:\/\/skaitytaknyga.lt\/wp-content\/uploads\/2024\/05\/cropped-cropped-cropped-02_00843_jt3bggkj1j3HLc7SyY6rEUpg.jpeg\",\"contentUrl\":\"https:\/\/skaitytaknyga.lt\/wp-content\/uploads\/2024\/05\/cropped-cropped-cropped-02_00843_jt3bggkj1j3HLc7SyY6rEUpg.jpeg\",\"width\":1600,\"height\":1600,\"caption\":\"skaitytaknyga.lt\"},\"image\":{\"@id\":\"https:\/\/skaitytaknyga.lt\/#\/schema\/logo\/image\/\"},\"sameAs\":[\"https:\/\/www.facebook.com\/skaitytaknyga\/\"]}]}<\/script>\n<!-- \/ Yoast SEO plugin. -->","yoast_head_json":{"title":"Gyvenimas po klevu","description":"Nacionalin\u0117s premijos laureato R. Granausko apysakoje \u201eGyvenimas po klevu\u201c per vienos \u0161eimos \u017elugimo istorij\u0105 skausmingai atsisveikinama su senuoju lietuvi\u0161ku kaimu. Knyga sudrebino visuomen\u0119 savo bevilti\u0161kumu. Tada tai buvo nauja ir neleistina.  Kaimo \u017emogaus akimis parodoma niekuo nedangstoma gyvenimo tiesa. Apysakos heroj\u0117, vieni\u0161a senoji Kairien\u0117, atrodo tokia tikra, lyg b\u016bt\u0173 perkelta \u012f k\u016brin\u012f tiesiai i\u0161 pa\u010dios skaud\u017eiausios to meto kaimo realyb\u0117s. Su vaik\u0173 apleistais senais t\u0117vais, nesibaigian\u010diu girtuokliavimu, jaunimo dvasiniu skurdu ir kitom sovietin\u0117m pikt\u017eaizd\u0117m.","robots":{"index":"index","follow":"follow","max-snippet":"max-snippet:-1","max-image-preview":"max-image-preview:large","max-video-preview":"max-video-preview:-1"},"canonical":"https:\/\/skaitytaknyga.lt\/en\/produktas\/romualdas-granauskas-gyvenimas-po-klevu\/","og_locale":"en_GB","og_type":"article","og_title":"[:lt]Gyvenimas po klevu[:] - Skaitytaknyga","og_description":"Nacionalin\u0117s premijos laureato R. Granausko apysakoje \u201eGyvenimas po klevu\u201c per vienos \u0161eimos \u017elugimo istorij\u0105 skausmingai atsisveikinama su senuoju lietuvi\u0161ku kaimu. Knyga sudrebino visuomen\u0119 savo bevilti\u0161kumu. Tada tai buvo nauja ir neleistina.  Kaimo \u017emogaus akimis parodoma niekuo nedangstoma gyvenimo tiesa. Apysakos heroj\u0117, vieni\u0161a senoji Kairien\u0117, atrodo tokia tikra, lyg b\u016bt\u0173 perkelta \u012f k\u016brin\u012f tiesiai i\u0161 pa\u010dios skaud\u017eiausios to meto kaimo realyb\u0117s. Su vaik\u0173 apleistais senais t\u0117vais, nesibaigian\u010diu girtuokliavimu, jaunimo dvasiniu skurdu ir kitom sovietin\u0117m pikt\u017eaizd\u0117m.","og_url":"https:\/\/skaitytaknyga.lt\/en\/produktas\/romualdas-granauskas-gyvenimas-po-klevu\/","og_site_name":"Skaitytaknyga","article_publisher":"https:\/\/www.facebook.com\/skaitytaknyga\/","article_modified_time":"2025-06-26T13:09:59+00:00","og_image":[{"width":461,"height":800,"url":"https:\/\/skaitytaknyga.lt\/wp-content\/uploads\/2024\/05\/1462881096_img0047.jpg","type":"image\/jpeg"}],"twitter_card":"summary_large_image","twitter_misc":{"Estimated reading time":"1 minute"},"schema":{"@context":"https:\/\/schema.org","@graph":[{"@type":"WebPage","@id":"https:\/\/skaitytaknyga.lt\/produktas\/romualdas-granauskas-gyvenimas-po-klevu\/","url":"https:\/\/skaitytaknyga.lt\/produktas\/romualdas-granauskas-gyvenimas-po-klevu\/","name":"Gyvenimas po klevu","isPartOf":{"@id":"https:\/\/skaitytaknyga.lt\/#website"},"primaryImageOfPage":{"@id":"https:\/\/skaitytaknyga.lt\/produktas\/romualdas-granauskas-gyvenimas-po-klevu\/#primaryimage"},"image":{"@id":"https:\/\/skaitytaknyga.lt\/produktas\/romualdas-granauskas-gyvenimas-po-klevu\/#primaryimage"},"thumbnailUrl":"https:\/\/skaitytaknyga.lt\/wp-content\/uploads\/2024\/05\/1462881096_img0047.jpg","datePublished":"2024-05-02T12:59:52+00:00","dateModified":"2025-06-26T13:09:59+00:00","description":"Nacionalin\u0117s premijos laureato R. Granausko apysakoje \u201eGyvenimas po klevu\u201c per vienos \u0161eimos \u017elugimo istorij\u0105 skausmingai atsisveikinama su senuoju lietuvi\u0161ku kaimu. Knyga sudrebino visuomen\u0119 savo bevilti\u0161kumu. Tada tai buvo nauja ir neleistina. Kaimo \u017emogaus akimis parodoma niekuo nedangstoma gyvenimo tiesa. Apysakos heroj\u0117, vieni\u0161a senoji Kairien\u0117, atrodo tokia tikra, lyg b\u016bt\u0173 perkelta \u012f k\u016brin\u012f tiesiai i\u0161 pa\u010dios skaud\u017eiausios to meto kaimo realyb\u0117s. Su vaik\u0173 apleistais senais t\u0117vais, nesibaigian\u010diu girtuokliavimu, jaunimo dvasiniu skurdu ir kitom sovietin\u0117m pikt\u017eaizd\u0117m.","breadcrumb":{"@id":"https:\/\/skaitytaknyga.lt\/produktas\/romualdas-granauskas-gyvenimas-po-klevu\/#breadcrumb"},"inLanguage":"en-GB","potentialAction":[{"@type":"ReadAction","target":["https:\/\/skaitytaknyga.lt\/produktas\/romualdas-granauskas-gyvenimas-po-klevu\/"]}]},{"@type":"ImageObject","inLanguage":"en-GB","@id":"https:\/\/skaitytaknyga.lt\/produktas\/romualdas-granauskas-gyvenimas-po-klevu\/#primaryimage","url":"https:\/\/skaitytaknyga.lt\/wp-content\/uploads\/2024\/05\/1462881096_img0047.jpg","contentUrl":"https:\/\/skaitytaknyga.lt\/wp-content\/uploads\/2024\/05\/1462881096_img0047.jpg","width":461,"height":800},{"@type":"BreadcrumbList","@id":"https:\/\/skaitytaknyga.lt\/produktas\/romualdas-granauskas-gyvenimas-po-klevu\/#breadcrumb","itemListElement":[{"@type":"ListItem","position":1,"name":"Home","item":"https:\/\/skaitytaknyga.lt\/"},{"@type":"ListItem","position":2,"name":"Parduotuv\u0117","item":"https:\/\/skaitytaknyga.lt\/knygu-parduotuve\/"},{"@type":"ListItem","position":3,"name":"Gyvenimas po klevu"}]},{"@type":"WebSite","@id":"https:\/\/skaitytaknyga.lt\/#website","url":"https:\/\/skaitytaknyga.lt\/","name":"skaitytaknyga.lt","description":"Skaitytaknyga.lt \u2013 tai ma\u017eas \u0161eimos verslas, kuris prasid\u0117jo nuo meil\u0117s knygoms ir siekio i\u0161gelb\u0117ti knygas nuo likimo prie konteinerio. Kas vienam nereikalingas daiktas \u2013 kitam lobis, o mes esame tarpininkai, kurie padeda abiems tapti laimingesniems ???? \u017dinome kaip nelengva i\u0161gyventi ma\u017eiems verslams, tad nuo \u0161iol, \u010dia rasite ir kit\u0173, ma\u017e\u0173 \u0161eim\u0173 versl\u0173, rank\u0173 darbo, dovan\u0173 sau ir artimiesiems.","publisher":{"@id":"https:\/\/skaitytaknyga.lt\/#organization"},"potentialAction":[{"@type":"SearchAction","target":{"@type":"EntryPoint","urlTemplate":"https:\/\/skaitytaknyga.lt\/?s={search_term_string}"},"query-input":{"@type":"PropertyValueSpecification","valueRequired":true,"valueName":"search_term_string"}}],"inLanguage":"en-GB"},{"@type":"Organization","@id":"https:\/\/skaitytaknyga.lt\/#organization","name":"skaitytaknyga.lt","url":"https:\/\/skaitytaknyga.lt\/","logo":{"@type":"ImageObject","inLanguage":"en-GB","@id":"https:\/\/skaitytaknyga.lt\/#\/schema\/logo\/image\/","url":"https:\/\/skaitytaknyga.lt\/wp-content\/uploads\/2024\/05\/cropped-cropped-cropped-02_00843_jt3bggkj1j3HLc7SyY6rEUpg.jpeg","contentUrl":"https:\/\/skaitytaknyga.lt\/wp-content\/uploads\/2024\/05\/cropped-cropped-cropped-02_00843_jt3bggkj1j3HLc7SyY6rEUpg.jpeg","width":1600,"height":1600,"caption":"skaitytaknyga.lt"},"image":{"@id":"https:\/\/skaitytaknyga.lt\/#\/schema\/logo\/image\/"},"sameAs":["https:\/\/www.facebook.com\/skaitytaknyga\/"]}]}},"_links":{"self":[{"href":"https:\/\/skaitytaknyga.lt\/en\/wp-json\/wp\/v2\/product\/5877","targetHints":{"allow":["GET"]}}],"collection":[{"href":"https:\/\/skaitytaknyga.lt\/en\/wp-json\/wp\/v2\/product"}],"about":[{"href":"https:\/\/skaitytaknyga.lt\/en\/wp-json\/wp\/v2\/types\/product"}],"replies":[{"embeddable":true,"href":"https:\/\/skaitytaknyga.lt\/en\/wp-json\/wp\/v2\/comments?post=5877"}],"wp:featuredmedia":[{"embeddable":true,"href":"https:\/\/skaitytaknyga.lt\/en\/wp-json\/wp\/v2\/media\/5889"}],"wp:attachment":[{"href":"https:\/\/skaitytaknyga.lt\/en\/wp-json\/wp\/v2\/media?parent=5877"}],"wp:term":[{"taxonomy":"product_brand","embeddable":true,"href":"https:\/\/skaitytaknyga.lt\/en\/wp-json\/wp\/v2\/product_brand?post=5877"},{"taxonomy":"product_cat","embeddable":true,"href":"https:\/\/skaitytaknyga.lt\/en\/wp-json\/wp\/v2\/product_cat?post=5877"},{"taxonomy":"product_tag","embeddable":true,"href":"https:\/\/skaitytaknyga.lt\/en\/wp-json\/wp\/v2\/product_tag?post=5877"}],"curies":[{"name":"wp","href":"https:\/\/api.w.org\/{rel}","templated":true}]}}