{"id":5847,"date":"2024-05-02T12:59:04","date_gmt":"2024-05-02T12:59:04","guid":{"rendered":"https:\/\/skaitytaknyga.lt\/?post_type=product&#038;p=5847"},"modified":"2024-05-03T07:29:25","modified_gmt":"2024-05-03T07:29:25","slug":"daphne-du-maurier-mano-pussesere-reicel","status":"publish","type":"product","link":"https:\/\/skaitytaknyga.lt\/en\/produktas\/daphne-du-maurier-mano-pussesere-reicel\/","title":{"rendered":"Daphne du Maurier \u201eMano pusseser\u0117 Rei\u010del\u201c"},"content":{"rendered":"<p><strong>Daphne du Maurier<\/strong>\u00a0(1907-1989) &#8211; nepralenkiama paslapting\u0173, romanti\u0161k\u0173, \u012ftempto siu\u017eeto k\u016brini\u0173 meistr\u0117, viena geriausi\u0173 ne tik Anglijos, bet ir pasaulio \u0161io literat\u016bros \u017eanro atstov\u0173.<\/p>\n<p>Pagrindinis romano veik\u0117jas Filipas E\u0161lis su\u017eino, jog Italijoje, kur buvo nuvyk\u0119s pataisyti sveikatos, neseniai ved\u0119s, keista mirtimi ir keistom aplinkyb\u0117m mir\u0117 jo pusbrolis Embrouzas, atstoj\u0119s jam ir brol\u012f, ir t\u0117v\u0105. O jo \u017emona Rei\u010del, dabar jau na\u0161l\u0117, atvyksta \u012f Embrouzo dvar\u0105 Anglijoje. Filipui E\u0161liui lemta j\u0105 sutikti.<\/p>\n","protected":false},"excerpt":{"rendered":"<p><strong>Daphne du Maurier<\/strong>\u00a0(1907-1989) &#8211; nepralenkiama paslapting\u0173, romanti\u0161k\u0173, \u012ftempto siu\u017eeto k\u016brini\u0173 meistr\u0117, viena geriausi\u0173 ne tik Anglijos, bet ir pasaulio \u0161io literat\u016bros \u017eanro atstov\u0173.<\/p>\n<p>Pagrindinis romano veik\u0117jas Filipas E\u0161lis su\u017eino, jog Italijoje, kur buvo nuvyk\u0119s pataisyti sveikatos, neseniai ved\u0119s, keista mirtimi ir keistom aplinkyb\u0117m mir\u0117 jo pusbrolis Embrouzas, atstoj\u0119s jam ir brol\u012f, ir t\u0117v\u0105. O jo \u017emona Rei\u010del, dabar jau na\u0161l\u0117, atvyksta \u012f Embrouzo dvar\u0105 Anglijoje. Filipui E\u0161liui lemta j\u0105 sutikti.<\/p>\n","protected":false},"featured_media":5867,"comment_status":"closed","ping_status":"closed","template":"","meta":{"_acf_changed":false,"site-sidebar-layout":"default","site-content-layout":"","ast-site-content-layout":"default","site-content-style":"default","site-sidebar-style":"default","ast-global-header-display":"","ast-banner-title-visibility":"","ast-main-header-display":"","ast-hfb-above-header-display":"","ast-hfb-below-header-display":"","ast-hfb-mobile-header-display":"","site-post-title":"","ast-breadcrumbs-content":"","ast-featured-img":"","footer-sml-layout":"","ast-disable-related-posts":"","theme-transparent-header-meta":"","adv-header-id-meta":"","stick-header-meta":"","header-above-stick-meta":"","header-main-stick-meta":"","header-below-stick-meta":"","astra-migrate-meta-layouts":"default","ast-page-background-enabled":"default","ast-page-background-meta":{"desktop":{"background-color":"","background-image":"","background-repeat":"repeat","background-position":"center center","background-size":"auto","background-attachment":"scroll","background-type":"","background-media":"","overlay-type":"","overlay-color":"","overlay-opacity":"","overlay-gradient":""},"tablet":{"background-color":"","background-image":"","background-repeat":"repeat","background-position":"center center","background-size":"auto","background-attachment":"scroll","background-type":"","background-media":"","overlay-type":"","overlay-color":"","overlay-opacity":"","overlay-gradient":""},"mobile":{"background-color":"","background-image":"","background-repeat":"repeat","background-position":"center center","background-size":"auto","background-attachment":"scroll","background-type":"","background-media":"","overlay-type":"","overlay-color":"","overlay-opacity":"","overlay-gradient":""}},"ast-content-background-meta":{"desktop":{"background-color":"var(--ast-global-color-4)","background-image":"","background-repeat":"repeat","background-position":"center center","background-size":"auto","background-attachment":"scroll","background-type":"","background-media":"","overlay-type":"","overlay-color":"","overlay-opacity":"","overlay-gradient":""},"tablet":{"background-color":"var(--ast-global-color-4)","background-image":"","background-repeat":"repeat","background-position":"center center","background-size":"auto","background-attachment":"scroll","background-type":"","background-media":"","overlay-type":"","overlay-color":"","overlay-opacity":"","overlay-gradient":""},"mobile":{"background-color":"var(--ast-global-color-4)","background-image":"","background-repeat":"repeat","background-position":"center center","background-size":"auto","background-attachment":"scroll","background-type":"","background-media":"","overlay-type":"","overlay-color":"","overlay-opacity":"","overlay-gradient":""}}},"product_brand":[],"product_cat":[31],"product_tag":[],"class_list":{"0":"post-5847","1":"product","2":"type-product","3":"status-publish","4":"has-post-thumbnail","6":"product_cat-grozine-literatura","7":"desktop-align-left","8":"tablet-align-left","9":"mobile-align-left","11":"first","12":"instock","13":"shipping-taxable","14":"purchasable","15":"product-type-simple"},"acf":[],"yoast_head":"<!-- This site is optimized with the Yoast SEO plugin v27.0 - https:\/\/yoast.com\/product\/yoast-seo-wordpress\/ -->\n<title>Daphne du Maurier \u201eMano pusseser\u0117 Rei\u010del\u201c - Skaitytaknyga<\/title>\n<meta name=\"description\" content=\"Daphne du Maurier\u00a0(1907-1989) - nepralenkiama paslapting\u0173, romanti\u0161k\u0173, \u012ftempto siu\u017eeto k\u016brini\u0173 meistr\u0117, viena geriausi\u0173 ne tik Anglijos, bet ir pasaulio \u0161io literat\u016bros \u017eanro atstov\u0173.  Pagrindinis romano veik\u0117jas Filipas E\u0161lis su\u017eino, jog Italijoje, kur buvo nuvyk\u0119s pataisyti sveikatos, neseniai ved\u0119s, keista mirtimi ir keistom aplinkyb\u0117m mir\u0117 jo pusbrolis Embrouzas, atstoj\u0119s jam ir brol\u012f, ir t\u0117v\u0105. O jo \u017emona Rei\u010del, dabar jau na\u0161l\u0117, atvyksta \u012f Embrouzo dvar\u0105 Anglijoje. Filipui E\u0161liui lemta j\u0105 sutikti.\" \/>\n<meta name=\"robots\" content=\"index, follow, max-snippet:-1, max-image-preview:large, max-video-preview:-1\" \/>\n<link rel=\"canonical\" href=\"https:\/\/skaitytaknyga.lt\/en\/produktas\/daphne-du-maurier-mano-pussesere-reicel\/\" \/>\n<meta property=\"og:locale\" content=\"en_GB\" \/>\n<meta property=\"og:locale:alternate\" content=\"lt_LT\" \/>\n<meta property=\"og:type\" content=\"article\" \/>\n<meta property=\"og:title\" content=\"Daphne du Maurier \u201eMano pusseser\u0117 Rei\u010del\u201c - Skaitytaknyga\" \/>\n<meta property=\"og:description\" content=\"Daphne du Maurier\u00a0(1907-1989) - nepralenkiama paslapting\u0173, romanti\u0161k\u0173, \u012ftempto siu\u017eeto k\u016brini\u0173 meistr\u0117, viena geriausi\u0173 ne tik Anglijos, bet ir pasaulio \u0161io literat\u016bros \u017eanro atstov\u0173.  Pagrindinis romano veik\u0117jas Filipas E\u0161lis su\u017eino, jog Italijoje, kur buvo nuvyk\u0119s pataisyti sveikatos, neseniai ved\u0119s, keista mirtimi ir keistom aplinkyb\u0117m mir\u0117 jo pusbrolis Embrouzas, atstoj\u0119s jam ir brol\u012f, ir t\u0117v\u0105. O jo \u017emona Rei\u010del, dabar jau na\u0161l\u0117, atvyksta \u012f Embrouzo dvar\u0105 Anglijoje. Filipui E\u0161liui lemta j\u0105 sutikti.\" \/>\n<meta property=\"og:url\" content=\"https:\/\/skaitytaknyga.lt\/en\/produktas\/daphne-du-maurier-mano-pussesere-reicel\/\" \/>\n<meta property=\"og:site_name\" content=\"Skaitytaknyga\" \/>\n<meta property=\"article:publisher\" content=\"https:\/\/www.facebook.com\/skaitytaknyga\/\" \/>\n<meta property=\"article:modified_time\" content=\"2024-05-03T07:29:25+00:00\" \/>\n<meta property=\"og:image\" content=\"https:\/\/skaitytaknyga.lt\/wp-content\/uploads\/2024\/05\/1462881103_img0006.jpg\" \/>\n\t<meta property=\"og:image:width\" content=\"269\" \/>\n\t<meta property=\"og:image:height\" content=\"430\" \/>\n\t<meta property=\"og:image:type\" content=\"image\/jpeg\" \/>\n<meta name=\"twitter:card\" content=\"summary_large_image\" \/>\n<meta name=\"twitter:label1\" content=\"Estimated reading time\" \/>\n\t<meta name=\"twitter:data1\" content=\"1 minute\" \/>\n<script type=\"application\/ld+json\" class=\"yoast-schema-graph\">{\"@context\":\"https:\/\/schema.org\",\"@graph\":[{\"@type\":\"WebPage\",\"@id\":\"https:\/\/skaitytaknyga.lt\/produktas\/daphne-du-maurier-mano-pussesere-reicel\/\",\"url\":\"https:\/\/skaitytaknyga.lt\/produktas\/daphne-du-maurier-mano-pussesere-reicel\/\",\"name\":\"Daphne du Maurier \u201eMano pusseser\u0117 Rei\u010del\u201c - Skaitytaknyga\",\"isPartOf\":{\"@id\":\"https:\/\/skaitytaknyga.lt\/#website\"},\"primaryImageOfPage\":{\"@id\":\"https:\/\/skaitytaknyga.lt\/produktas\/daphne-du-maurier-mano-pussesere-reicel\/#primaryimage\"},\"image\":{\"@id\":\"https:\/\/skaitytaknyga.lt\/produktas\/daphne-du-maurier-mano-pussesere-reicel\/#primaryimage\"},\"thumbnailUrl\":\"https:\/\/skaitytaknyga.lt\/wp-content\/uploads\/2024\/05\/1462881103_img0006.jpg\",\"datePublished\":\"2024-05-02T12:59:04+00:00\",\"dateModified\":\"2024-05-03T07:29:25+00:00\",\"description\":\"Daphne du Maurier\u00a0(1907-1989) - nepralenkiama paslapting\u0173, romanti\u0161k\u0173, \u012ftempto siu\u017eeto k\u016brini\u0173 meistr\u0117, viena geriausi\u0173 ne tik Anglijos, bet ir pasaulio \u0161io literat\u016bros \u017eanro atstov\u0173. Pagrindinis romano veik\u0117jas Filipas E\u0161lis su\u017eino, jog Italijoje, kur buvo nuvyk\u0119s pataisyti sveikatos, neseniai ved\u0119s, keista mirtimi ir keistom aplinkyb\u0117m mir\u0117 jo pusbrolis Embrouzas, atstoj\u0119s jam ir brol\u012f, ir t\u0117v\u0105. O jo \u017emona Rei\u010del, dabar jau na\u0161l\u0117, atvyksta \u012f Embrouzo dvar\u0105 Anglijoje. Filipui E\u0161liui lemta j\u0105 sutikti.\",\"breadcrumb\":{\"@id\":\"https:\/\/skaitytaknyga.lt\/produktas\/daphne-du-maurier-mano-pussesere-reicel\/#breadcrumb\"},\"inLanguage\":\"en-GB\",\"potentialAction\":[{\"@type\":\"ReadAction\",\"target\":[\"https:\/\/skaitytaknyga.lt\/produktas\/daphne-du-maurier-mano-pussesere-reicel\/\"]}]},{\"@type\":\"ImageObject\",\"inLanguage\":\"en-GB\",\"@id\":\"https:\/\/skaitytaknyga.lt\/produktas\/daphne-du-maurier-mano-pussesere-reicel\/#primaryimage\",\"url\":\"https:\/\/skaitytaknyga.lt\/wp-content\/uploads\/2024\/05\/1462881103_img0006.jpg\",\"contentUrl\":\"https:\/\/skaitytaknyga.lt\/wp-content\/uploads\/2024\/05\/1462881103_img0006.jpg\",\"width\":269,\"height\":430},{\"@type\":\"BreadcrumbList\",\"@id\":\"https:\/\/skaitytaknyga.lt\/produktas\/daphne-du-maurier-mano-pussesere-reicel\/#breadcrumb\",\"itemListElement\":[{\"@type\":\"ListItem\",\"position\":1,\"name\":\"Home\",\"item\":\"https:\/\/skaitytaknyga.lt\/\"},{\"@type\":\"ListItem\",\"position\":2,\"name\":\"Parduotuv\u0117\",\"item\":\"https:\/\/skaitytaknyga.lt\/knygu-parduotuve\/\"},{\"@type\":\"ListItem\",\"position\":3,\"name\":\"Daphne du Maurier \u201eMano pusseser\u0117 Rei\u010del\u201c\"}]},{\"@type\":\"WebSite\",\"@id\":\"https:\/\/skaitytaknyga.lt\/#website\",\"url\":\"https:\/\/skaitytaknyga.lt\/\",\"name\":\"skaitytaknyga.lt\",\"description\":\"Skaitytaknyga.lt \u2013 tai ma\u017eas \u0161eimos verslas, kuris prasid\u0117jo nuo meil\u0117s knygoms ir siekio i\u0161gelb\u0117ti knygas nuo likimo prie konteinerio. Kas vienam nereikalingas daiktas \u2013 kitam lobis, o mes esame tarpininkai, kurie padeda abiems tapti laimingesniems ???? \u017dinome kaip nelengva i\u0161gyventi ma\u017eiems verslams, tad nuo \u0161iol, \u010dia rasite ir kit\u0173, ma\u017e\u0173 \u0161eim\u0173 versl\u0173, rank\u0173 darbo, dovan\u0173 sau ir artimiesiems.\",\"publisher\":{\"@id\":\"https:\/\/skaitytaknyga.lt\/#organization\"},\"potentialAction\":[{\"@type\":\"SearchAction\",\"target\":{\"@type\":\"EntryPoint\",\"urlTemplate\":\"https:\/\/skaitytaknyga.lt\/?s={search_term_string}\"},\"query-input\":{\"@type\":\"PropertyValueSpecification\",\"valueRequired\":true,\"valueName\":\"search_term_string\"}}],\"inLanguage\":\"en-GB\"},{\"@type\":\"Organization\",\"@id\":\"https:\/\/skaitytaknyga.lt\/#organization\",\"name\":\"skaitytaknyga.lt\",\"url\":\"https:\/\/skaitytaknyga.lt\/\",\"logo\":{\"@type\":\"ImageObject\",\"inLanguage\":\"en-GB\",\"@id\":\"https:\/\/skaitytaknyga.lt\/#\/schema\/logo\/image\/\",\"url\":\"https:\/\/skaitytaknyga.lt\/wp-content\/uploads\/2024\/05\/cropped-cropped-cropped-02_00843_jt3bggkj1j3HLc7SyY6rEUpg.jpeg\",\"contentUrl\":\"https:\/\/skaitytaknyga.lt\/wp-content\/uploads\/2024\/05\/cropped-cropped-cropped-02_00843_jt3bggkj1j3HLc7SyY6rEUpg.jpeg\",\"width\":1600,\"height\":1600,\"caption\":\"skaitytaknyga.lt\"},\"image\":{\"@id\":\"https:\/\/skaitytaknyga.lt\/#\/schema\/logo\/image\/\"},\"sameAs\":[\"https:\/\/www.facebook.com\/skaitytaknyga\/\"]}]}<\/script>\n<!-- \/ Yoast SEO plugin. -->","yoast_head_json":{"title":"Daphne du Maurier \u201eMano pusseser\u0117 Rei\u010del\u201c - Skaitytaknyga","description":"Daphne du Maurier\u00a0(1907-1989) - nepralenkiama paslapting\u0173, romanti\u0161k\u0173, \u012ftempto siu\u017eeto k\u016brini\u0173 meistr\u0117, viena geriausi\u0173 ne tik Anglijos, bet ir pasaulio \u0161io literat\u016bros \u017eanro atstov\u0173.  Pagrindinis romano veik\u0117jas Filipas E\u0161lis su\u017eino, jog Italijoje, kur buvo nuvyk\u0119s pataisyti sveikatos, neseniai ved\u0119s, keista mirtimi ir keistom aplinkyb\u0117m mir\u0117 jo pusbrolis Embrouzas, atstoj\u0119s jam ir brol\u012f, ir t\u0117v\u0105. O jo \u017emona Rei\u010del, dabar jau na\u0161l\u0117, atvyksta \u012f Embrouzo dvar\u0105 Anglijoje. Filipui E\u0161liui lemta j\u0105 sutikti.","robots":{"index":"index","follow":"follow","max-snippet":"max-snippet:-1","max-image-preview":"max-image-preview:large","max-video-preview":"max-video-preview:-1"},"canonical":"https:\/\/skaitytaknyga.lt\/en\/produktas\/daphne-du-maurier-mano-pussesere-reicel\/","og_locale":"en_GB","og_type":"article","og_title":"Daphne du Maurier \u201eMano pusseser\u0117 Rei\u010del\u201c - Skaitytaknyga","og_description":"Daphne du Maurier\u00a0(1907-1989) - nepralenkiama paslapting\u0173, romanti\u0161k\u0173, \u012ftempto siu\u017eeto k\u016brini\u0173 meistr\u0117, viena geriausi\u0173 ne tik Anglijos, bet ir pasaulio \u0161io literat\u016bros \u017eanro atstov\u0173.  Pagrindinis romano veik\u0117jas Filipas E\u0161lis su\u017eino, jog Italijoje, kur buvo nuvyk\u0119s pataisyti sveikatos, neseniai ved\u0119s, keista mirtimi ir keistom aplinkyb\u0117m mir\u0117 jo pusbrolis Embrouzas, atstoj\u0119s jam ir brol\u012f, ir t\u0117v\u0105. O jo \u017emona Rei\u010del, dabar jau na\u0161l\u0117, atvyksta \u012f Embrouzo dvar\u0105 Anglijoje. Filipui E\u0161liui lemta j\u0105 sutikti.","og_url":"https:\/\/skaitytaknyga.lt\/en\/produktas\/daphne-du-maurier-mano-pussesere-reicel\/","og_site_name":"Skaitytaknyga","article_publisher":"https:\/\/www.facebook.com\/skaitytaknyga\/","article_modified_time":"2024-05-03T07:29:25+00:00","og_image":[{"width":269,"height":430,"url":"https:\/\/skaitytaknyga.lt\/wp-content\/uploads\/2024\/05\/1462881103_img0006.jpg","type":"image\/jpeg"}],"twitter_card":"summary_large_image","twitter_misc":{"Estimated reading time":"1 minute"},"schema":{"@context":"https:\/\/schema.org","@graph":[{"@type":"WebPage","@id":"https:\/\/skaitytaknyga.lt\/produktas\/daphne-du-maurier-mano-pussesere-reicel\/","url":"https:\/\/skaitytaknyga.lt\/produktas\/daphne-du-maurier-mano-pussesere-reicel\/","name":"Daphne du Maurier \u201eMano pusseser\u0117 Rei\u010del\u201c - Skaitytaknyga","isPartOf":{"@id":"https:\/\/skaitytaknyga.lt\/#website"},"primaryImageOfPage":{"@id":"https:\/\/skaitytaknyga.lt\/produktas\/daphne-du-maurier-mano-pussesere-reicel\/#primaryimage"},"image":{"@id":"https:\/\/skaitytaknyga.lt\/produktas\/daphne-du-maurier-mano-pussesere-reicel\/#primaryimage"},"thumbnailUrl":"https:\/\/skaitytaknyga.lt\/wp-content\/uploads\/2024\/05\/1462881103_img0006.jpg","datePublished":"2024-05-02T12:59:04+00:00","dateModified":"2024-05-03T07:29:25+00:00","description":"Daphne du Maurier\u00a0(1907-1989) - nepralenkiama paslapting\u0173, romanti\u0161k\u0173, \u012ftempto siu\u017eeto k\u016brini\u0173 meistr\u0117, viena geriausi\u0173 ne tik Anglijos, bet ir pasaulio \u0161io literat\u016bros \u017eanro atstov\u0173. Pagrindinis romano veik\u0117jas Filipas E\u0161lis su\u017eino, jog Italijoje, kur buvo nuvyk\u0119s pataisyti sveikatos, neseniai ved\u0119s, keista mirtimi ir keistom aplinkyb\u0117m mir\u0117 jo pusbrolis Embrouzas, atstoj\u0119s jam ir brol\u012f, ir t\u0117v\u0105. O jo \u017emona Rei\u010del, dabar jau na\u0161l\u0117, atvyksta \u012f Embrouzo dvar\u0105 Anglijoje. Filipui E\u0161liui lemta j\u0105 sutikti.","breadcrumb":{"@id":"https:\/\/skaitytaknyga.lt\/produktas\/daphne-du-maurier-mano-pussesere-reicel\/#breadcrumb"},"inLanguage":"en-GB","potentialAction":[{"@type":"ReadAction","target":["https:\/\/skaitytaknyga.lt\/produktas\/daphne-du-maurier-mano-pussesere-reicel\/"]}]},{"@type":"ImageObject","inLanguage":"en-GB","@id":"https:\/\/skaitytaknyga.lt\/produktas\/daphne-du-maurier-mano-pussesere-reicel\/#primaryimage","url":"https:\/\/skaitytaknyga.lt\/wp-content\/uploads\/2024\/05\/1462881103_img0006.jpg","contentUrl":"https:\/\/skaitytaknyga.lt\/wp-content\/uploads\/2024\/05\/1462881103_img0006.jpg","width":269,"height":430},{"@type":"BreadcrumbList","@id":"https:\/\/skaitytaknyga.lt\/produktas\/daphne-du-maurier-mano-pussesere-reicel\/#breadcrumb","itemListElement":[{"@type":"ListItem","position":1,"name":"Home","item":"https:\/\/skaitytaknyga.lt\/"},{"@type":"ListItem","position":2,"name":"Parduotuv\u0117","item":"https:\/\/skaitytaknyga.lt\/knygu-parduotuve\/"},{"@type":"ListItem","position":3,"name":"Daphne du Maurier \u201eMano pusseser\u0117 Rei\u010del\u201c"}]},{"@type":"WebSite","@id":"https:\/\/skaitytaknyga.lt\/#website","url":"https:\/\/skaitytaknyga.lt\/","name":"skaitytaknyga.lt","description":"Skaitytaknyga.lt \u2013 tai ma\u017eas \u0161eimos verslas, kuris prasid\u0117jo nuo meil\u0117s knygoms ir siekio i\u0161gelb\u0117ti knygas nuo likimo prie konteinerio. Kas vienam nereikalingas daiktas \u2013 kitam lobis, o mes esame tarpininkai, kurie padeda abiems tapti laimingesniems ???? \u017dinome kaip nelengva i\u0161gyventi ma\u017eiems verslams, tad nuo \u0161iol, \u010dia rasite ir kit\u0173, ma\u017e\u0173 \u0161eim\u0173 versl\u0173, rank\u0173 darbo, dovan\u0173 sau ir artimiesiems.","publisher":{"@id":"https:\/\/skaitytaknyga.lt\/#organization"},"potentialAction":[{"@type":"SearchAction","target":{"@type":"EntryPoint","urlTemplate":"https:\/\/skaitytaknyga.lt\/?s={search_term_string}"},"query-input":{"@type":"PropertyValueSpecification","valueRequired":true,"valueName":"search_term_string"}}],"inLanguage":"en-GB"},{"@type":"Organization","@id":"https:\/\/skaitytaknyga.lt\/#organization","name":"skaitytaknyga.lt","url":"https:\/\/skaitytaknyga.lt\/","logo":{"@type":"ImageObject","inLanguage":"en-GB","@id":"https:\/\/skaitytaknyga.lt\/#\/schema\/logo\/image\/","url":"https:\/\/skaitytaknyga.lt\/wp-content\/uploads\/2024\/05\/cropped-cropped-cropped-02_00843_jt3bggkj1j3HLc7SyY6rEUpg.jpeg","contentUrl":"https:\/\/skaitytaknyga.lt\/wp-content\/uploads\/2024\/05\/cropped-cropped-cropped-02_00843_jt3bggkj1j3HLc7SyY6rEUpg.jpeg","width":1600,"height":1600,"caption":"skaitytaknyga.lt"},"image":{"@id":"https:\/\/skaitytaknyga.lt\/#\/schema\/logo\/image\/"},"sameAs":["https:\/\/www.facebook.com\/skaitytaknyga\/"]}]}},"_links":{"self":[{"href":"https:\/\/skaitytaknyga.lt\/en\/wp-json\/wp\/v2\/product\/5847","targetHints":{"allow":["GET"]}}],"collection":[{"href":"https:\/\/skaitytaknyga.lt\/en\/wp-json\/wp\/v2\/product"}],"about":[{"href":"https:\/\/skaitytaknyga.lt\/en\/wp-json\/wp\/v2\/types\/product"}],"replies":[{"embeddable":true,"href":"https:\/\/skaitytaknyga.lt\/en\/wp-json\/wp\/v2\/comments?post=5847"}],"wp:featuredmedia":[{"embeddable":true,"href":"https:\/\/skaitytaknyga.lt\/en\/wp-json\/wp\/v2\/media\/5867"}],"wp:attachment":[{"href":"https:\/\/skaitytaknyga.lt\/en\/wp-json\/wp\/v2\/media?parent=5847"}],"wp:term":[{"taxonomy":"product_brand","embeddable":true,"href":"https:\/\/skaitytaknyga.lt\/en\/wp-json\/wp\/v2\/product_brand?post=5847"},{"taxonomy":"product_cat","embeddable":true,"href":"https:\/\/skaitytaknyga.lt\/en\/wp-json\/wp\/v2\/product_cat?post=5847"},{"taxonomy":"product_tag","embeddable":true,"href":"https:\/\/skaitytaknyga.lt\/en\/wp-json\/wp\/v2\/product_tag?post=5847"}],"curies":[{"name":"wp","href":"https:\/\/api.w.org\/{rel}","templated":true}]}}