{"id":5842,"date":"2024-05-02T12:59:04","date_gmt":"2024-05-02T12:59:04","guid":{"rendered":"https:\/\/skaitytaknyga.lt\/?post_type=product&#038;p=5842"},"modified":"2024-08-20T19:04:13","modified_gmt":"2024-08-20T16:04:13","slug":"tomas-main-ridas-baltoji-pirstine","status":"publish","type":"product","link":"https:\/\/skaitytaknyga.lt\/en\/produktas\/tomas-main-ridas-baltoji-pirstine\/","title":{"rendered":"Tomas Main Ridas \u201eBaltoji pir\u0161tin\u0117\u201c"},"content":{"rendered":"<p>Romanas \u201eBaltoji pir\u0161tin\u0117\u201c \u2013 romanti\u0161ka istorija, nukelianti \u012f XIX a. Anglij\u0105 ir pasakojanti apie gra\u017euol\u0117s Merijenos ir Holtspero, d\u0117l pom\u0117gio d\u0117v\u0117ti tamsius drabu\u017eius ir jodin\u0117ti juodu kaip derva \u017eirgu vadinamo Juoduoju Raiteliu, meil\u0119.<\/p>\n<p>Ta\u010diau Holtsperas n\u0117ra vienintelis Merijenos gerb\u0117jas&#8230;<\/p>\n<p>Var\u017eytuv\u0117s, kam atiteks Merijenos ranka bei turtai, riteri\u0173 kovos, \u0161pag\u0173 skambesys \u2013 visa tai \u017eavi ir intriguoja. O kur dar baltoji pir\u0161tin\u0117, kuri kaip meil\u0117s \u012frodymas puo\u0161ia ne vienintelio Juodojo Raitelio skryb\u0117l\u0119&#8230;<\/p>\n<ul class=\"about-product d-none d-xl-block mt-4\">\n<li><strong>Autorius:<\/strong><a href=\"https:\/\/skaitytaknyga.lt\/?s=Tomas+Main+Ridas&#038;post_type=product&#038;dgwt_wcas=1\">\u00a0<\/a><a href=\"https:\/\/www.knygos.lt\/lt\/knygos\/autorius\/tomas-main-ridas\/\">Tomas Main Ridas<\/a><\/li>\n<li><strong>Leid\u0117jas:<\/strong>\u00a0Rosma<\/li>\n<li><strong>Metai:<\/strong>\u00a01992<\/li>\n<li><strong>Puslapiai:<\/strong>\u00a0264<\/li>\n<li><strong>Formatas:<\/strong>\u00a015 x 21 cm, kieti vir\u0161eliai<\/li>\n<li><strong>Kalba:<\/strong>\u00a0Lietuvi\u0173<\/li>\n<li><strong>Vert\u0117jas:<\/strong>\u00a0E. Vild\u017ei\u016bnien\u0117<\/li>\n<\/ul>\n","protected":false},"excerpt":{"rendered":"<p>Romanas \u201eBaltoji pir\u0161tin\u0117\u201c \u2013 romanti\u0161ka istorija, nukelianti \u012f XIX a. Anglij\u0105 ir pasakojanti apie gra\u017euol\u0117s Merijenos ir Holtspero, d\u0117l pom\u0117gio d\u0117v\u0117ti tamsius drabu\u017eius ir jodin\u0117ti juodu kaip derva \u017eirgu vadinamo Juoduoju Raiteliu, meil\u0119. Ta\u010diau Holtsperas n\u0117ra vienintelis Merijenos gerb\u0117jas&#8230; Var\u017eytuv\u0117s, kam atiteks Merijenos ranka bei turtai, riteri\u0173 kovos, \u0161pag\u0173 skambesys \u2013 visa tai \u017eavi ir intriguoja. O kur dar baltoji pir\u0161tin\u0117, kuri kaip meil\u0117s \u012frodymas puo\u0161ia ne vienintelio Juodojo Raitelio skryb\u0117l\u0119&#8230; Autorius:\u00a0Tomas Main Ridas Leid\u0117jas:\u00a0Rosma Metai:\u00a01992 Puslapiai:\u00a0264 Formatas:\u00a015 x 21 cm, kieti vir\u0161eliai Kalba:\u00a0Lietuvi\u0173 Vert\u0117jas:\u00a0E. Vild\u017ei\u016bnien\u0117<\/p>\n","protected":false},"featured_media":5854,"comment_status":"closed","ping_status":"closed","template":"","meta":{"_acf_changed":false,"site-sidebar-layout":"default","site-content-layout":"","ast-site-content-layout":"default","site-content-style":"default","site-sidebar-style":"default","ast-global-header-display":"","ast-banner-title-visibility":"","ast-main-header-display":"","ast-hfb-above-header-display":"","ast-hfb-below-header-display":"","ast-hfb-mobile-header-display":"","site-post-title":"","ast-breadcrumbs-content":"","ast-featured-img":"","footer-sml-layout":"","ast-disable-related-posts":"","theme-transparent-header-meta":"default","adv-header-id-meta":"","stick-header-meta":"","header-above-stick-meta":"","header-main-stick-meta":"","header-below-stick-meta":"","astra-migrate-meta-layouts":"set","ast-page-background-enabled":"default","ast-page-background-meta":{"desktop":{"background-color":"","background-image":"","background-repeat":"repeat","background-position":"center center","background-size":"auto","background-attachment":"scroll","background-type":"","background-media":"","overlay-type":"","overlay-color":"","overlay-opacity":"","overlay-gradient":""},"tablet":{"background-color":"","background-image":"","background-repeat":"repeat","background-position":"center center","background-size":"auto","background-attachment":"scroll","background-type":"","background-media":"","overlay-type":"","overlay-color":"","overlay-opacity":"","overlay-gradient":""},"mobile":{"background-color":"","background-image":"","background-repeat":"repeat","background-position":"center center","background-size":"auto","background-attachment":"scroll","background-type":"","background-media":"","overlay-type":"","overlay-color":"","overlay-opacity":"","overlay-gradient":""}},"ast-content-background-meta":{"desktop":{"background-color":"var(--ast-global-color-4)","background-image":"","background-repeat":"repeat","background-position":"center center","background-size":"auto","background-attachment":"scroll","background-type":"","background-media":"","overlay-type":"","overlay-color":"","overlay-opacity":"","overlay-gradient":""},"tablet":{"background-color":"var(--ast-global-color-4)","background-image":"","background-repeat":"repeat","background-position":"center center","background-size":"auto","background-attachment":"scroll","background-type":"","background-media":"","overlay-type":"","overlay-color":"","overlay-opacity":"","overlay-gradient":""},"mobile":{"background-color":"var(--ast-global-color-4)","background-image":"","background-repeat":"repeat","background-position":"center center","background-size":"auto","background-attachment":"scroll","background-type":"","background-media":"","overlay-type":"","overlay-color":"","overlay-opacity":"","overlay-gradient":""}}},"product_brand":[],"product_cat":[31],"product_tag":[],"class_list":{"0":"post-5842","1":"product","2":"type-product","3":"status-publish","4":"has-post-thumbnail","6":"product_cat-grozine-literatura","7":"desktop-align-left","8":"tablet-align-left","9":"mobile-align-left","11":"first","12":"instock","13":"shipping-taxable","14":"purchasable","15":"product-type-simple"},"acf":[],"yoast_head":"<!-- This site is optimized with the Yoast SEO plugin v27.0 - https:\/\/yoast.com\/product\/yoast-seo-wordpress\/ -->\n<title>Tomas Main Ridas \u201eBaltoji pir\u0161tin\u0117\u201c<\/title>\n<meta name=\"description\" content=\"Romanas \u201eBaltoji pir\u0161tin\u0117\u201c \u2013 romanti\u0161ka istorija, nukelianti \u012f XIX a. Anglij\u0105 ir pasakojanti apie gra\u017euol\u0117s Merijenos ir Holtspero, d\u0117l pom\u0117gio d\u0117v\u0117ti\" \/>\n<meta name=\"robots\" content=\"index, follow, max-snippet:-1, max-image-preview:large, max-video-preview:-1\" \/>\n<link rel=\"canonical\" href=\"https:\/\/skaitytaknyga.lt\/en\/produktas\/tomas-main-ridas-baltoji-pirstine\/\" \/>\n<meta property=\"og:locale\" content=\"en_GB\" \/>\n<meta property=\"og:locale:alternate\" content=\"lt_LT\" \/>\n<meta property=\"og:type\" content=\"article\" \/>\n<meta property=\"og:title\" content=\"Tomas Main Ridas \u201eBaltoji pir\u0161tin\u0117\u201c\" \/>\n<meta property=\"og:description\" content=\"Romanas \u201eBaltoji pir\u0161tin\u0117\u201c \u2013 romanti\u0161ka istorija, nukelianti \u012f XIX a. Anglij\u0105 ir pasakojanti apie gra\u017euol\u0117s Merijenos ir Holtspero, d\u0117l pom\u0117gio d\u0117v\u0117ti\" \/>\n<meta property=\"og:url\" content=\"https:\/\/skaitytaknyga.lt\/en\/produktas\/tomas-main-ridas-baltoji-pirstine\/\" \/>\n<meta property=\"og:site_name\" content=\"Skaitytaknyga\" \/>\n<meta property=\"article:publisher\" content=\"https:\/\/www.facebook.com\/skaitytaknyga\/\" \/>\n<meta property=\"article:modified_time\" content=\"2024-08-20T16:04:13+00:00\" \/>\n<meta property=\"og:image\" content=\"https:\/\/skaitytaknyga.lt\/wp-content\/uploads\/2024\/05\/1462883960_img0011-001.jpg\" \/>\n\t<meta property=\"og:image:width\" content=\"289\" \/>\n\t<meta property=\"og:image:height\" content=\"430\" \/>\n\t<meta property=\"og:image:type\" content=\"image\/jpeg\" \/>\n<meta name=\"twitter:card\" content=\"summary_large_image\" \/>\n<meta name=\"twitter:label1\" content=\"Estimated reading time\" \/>\n\t<meta name=\"twitter:data1\" content=\"1 minute\" \/>\n<script type=\"application\/ld+json\" class=\"yoast-schema-graph\">{\"@context\":\"https:\/\/schema.org\",\"@graph\":[{\"@type\":\"WebPage\",\"@id\":\"https:\/\/skaitytaknyga.lt\/produktas\/tomas-main-ridas-baltoji-pirstine\/\",\"url\":\"https:\/\/skaitytaknyga.lt\/produktas\/tomas-main-ridas-baltoji-pirstine\/\",\"name\":\"Tomas Main Ridas \u201eBaltoji pir\u0161tin\u0117\u201c\",\"isPartOf\":{\"@id\":\"https:\/\/skaitytaknyga.lt\/#website\"},\"primaryImageOfPage\":{\"@id\":\"https:\/\/skaitytaknyga.lt\/produktas\/tomas-main-ridas-baltoji-pirstine\/#primaryimage\"},\"image\":{\"@id\":\"https:\/\/skaitytaknyga.lt\/produktas\/tomas-main-ridas-baltoji-pirstine\/#primaryimage\"},\"thumbnailUrl\":\"https:\/\/skaitytaknyga.lt\/wp-content\/uploads\/2024\/05\/1462883960_img0011-001.jpg\",\"datePublished\":\"2024-05-02T12:59:04+00:00\",\"dateModified\":\"2024-08-20T16:04:13+00:00\",\"description\":\"Romanas \u201eBaltoji pir\u0161tin\u0117\u201c \u2013 romanti\u0161ka istorija, nukelianti \u012f XIX a. Anglij\u0105 ir pasakojanti apie gra\u017euol\u0117s Merijenos ir Holtspero, d\u0117l pom\u0117gio d\u0117v\u0117ti\",\"breadcrumb\":{\"@id\":\"https:\/\/skaitytaknyga.lt\/produktas\/tomas-main-ridas-baltoji-pirstine\/#breadcrumb\"},\"inLanguage\":\"en-GB\",\"potentialAction\":[{\"@type\":\"ReadAction\",\"target\":[\"https:\/\/skaitytaknyga.lt\/produktas\/tomas-main-ridas-baltoji-pirstine\/\"]}]},{\"@type\":\"ImageObject\",\"inLanguage\":\"en-GB\",\"@id\":\"https:\/\/skaitytaknyga.lt\/produktas\/tomas-main-ridas-baltoji-pirstine\/#primaryimage\",\"url\":\"https:\/\/skaitytaknyga.lt\/wp-content\/uploads\/2024\/05\/1462883960_img0011-001.jpg\",\"contentUrl\":\"https:\/\/skaitytaknyga.lt\/wp-content\/uploads\/2024\/05\/1462883960_img0011-001.jpg\",\"width\":289,\"height\":430,\"caption\":\"Tomas Main Ridas \u201eBaltoji pir\u0161tin\u0117\u201c\"},{\"@type\":\"BreadcrumbList\",\"@id\":\"https:\/\/skaitytaknyga.lt\/produktas\/tomas-main-ridas-baltoji-pirstine\/#breadcrumb\",\"itemListElement\":[{\"@type\":\"ListItem\",\"position\":1,\"name\":\"Home\",\"item\":\"https:\/\/skaitytaknyga.lt\/\"},{\"@type\":\"ListItem\",\"position\":2,\"name\":\"Parduotuv\u0117\",\"item\":\"https:\/\/skaitytaknyga.lt\/knygu-parduotuve\/\"},{\"@type\":\"ListItem\",\"position\":3,\"name\":\"Tomas Main Ridas \u201eBaltoji pir\u0161tin\u0117\u201c\"}]},{\"@type\":\"WebSite\",\"@id\":\"https:\/\/skaitytaknyga.lt\/#website\",\"url\":\"https:\/\/skaitytaknyga.lt\/\",\"name\":\"skaitytaknyga.lt\",\"description\":\"Skaitytaknyga.lt \u2013 tai ma\u017eas \u0161eimos verslas, kuris prasid\u0117jo nuo meil\u0117s knygoms ir siekio i\u0161gelb\u0117ti knygas nuo likimo prie konteinerio. Kas vienam nereikalingas daiktas \u2013 kitam lobis, o mes esame tarpininkai, kurie padeda abiems tapti laimingesniems ???? \u017dinome kaip nelengva i\u0161gyventi ma\u017eiems verslams, tad nuo \u0161iol, \u010dia rasite ir kit\u0173, ma\u017e\u0173 \u0161eim\u0173 versl\u0173, rank\u0173 darbo, dovan\u0173 sau ir artimiesiems.\",\"publisher\":{\"@id\":\"https:\/\/skaitytaknyga.lt\/#organization\"},\"potentialAction\":[{\"@type\":\"SearchAction\",\"target\":{\"@type\":\"EntryPoint\",\"urlTemplate\":\"https:\/\/skaitytaknyga.lt\/?s={search_term_string}\"},\"query-input\":{\"@type\":\"PropertyValueSpecification\",\"valueRequired\":true,\"valueName\":\"search_term_string\"}}],\"inLanguage\":\"en-GB\"},{\"@type\":\"Organization\",\"@id\":\"https:\/\/skaitytaknyga.lt\/#organization\",\"name\":\"skaitytaknyga.lt\",\"url\":\"https:\/\/skaitytaknyga.lt\/\",\"logo\":{\"@type\":\"ImageObject\",\"inLanguage\":\"en-GB\",\"@id\":\"https:\/\/skaitytaknyga.lt\/#\/schema\/logo\/image\/\",\"url\":\"https:\/\/skaitytaknyga.lt\/wp-content\/uploads\/2024\/05\/cropped-cropped-cropped-02_00843_jt3bggkj1j3HLc7SyY6rEUpg.jpeg\",\"contentUrl\":\"https:\/\/skaitytaknyga.lt\/wp-content\/uploads\/2024\/05\/cropped-cropped-cropped-02_00843_jt3bggkj1j3HLc7SyY6rEUpg.jpeg\",\"width\":1600,\"height\":1600,\"caption\":\"skaitytaknyga.lt\"},\"image\":{\"@id\":\"https:\/\/skaitytaknyga.lt\/#\/schema\/logo\/image\/\"},\"sameAs\":[\"https:\/\/www.facebook.com\/skaitytaknyga\/\"]}]}<\/script>\n<!-- \/ Yoast SEO plugin. -->","yoast_head_json":{"title":"Tomas Main Ridas \u201eBaltoji pir\u0161tin\u0117\u201c","description":"Romanas \u201eBaltoji pir\u0161tin\u0117\u201c \u2013 romanti\u0161ka istorija, nukelianti \u012f XIX a. Anglij\u0105 ir pasakojanti apie gra\u017euol\u0117s Merijenos ir Holtspero, d\u0117l pom\u0117gio d\u0117v\u0117ti","robots":{"index":"index","follow":"follow","max-snippet":"max-snippet:-1","max-image-preview":"max-image-preview:large","max-video-preview":"max-video-preview:-1"},"canonical":"https:\/\/skaitytaknyga.lt\/en\/produktas\/tomas-main-ridas-baltoji-pirstine\/","og_locale":"en_GB","og_type":"article","og_title":"[:lt]Tomas Main Ridas \u201eBaltoji pir\u0161tin\u0117\u201c[:] - Skaitytaknyga","og_description":"Romanas \u201eBaltoji pir\u0161tin\u0117\u201c \u2013 romanti\u0161ka istorija, nukelianti \u012f XIX a. Anglij\u0105 ir pasakojanti apie gra\u017euol\u0117s Merijenos ir Holtspero, d\u0117l pom\u0117gio d\u0117v\u0117ti","og_url":"https:\/\/skaitytaknyga.lt\/en\/produktas\/tomas-main-ridas-baltoji-pirstine\/","og_site_name":"Skaitytaknyga","article_publisher":"https:\/\/www.facebook.com\/skaitytaknyga\/","article_modified_time":"2024-08-20T16:04:13+00:00","og_image":[{"width":289,"height":430,"url":"https:\/\/skaitytaknyga.lt\/wp-content\/uploads\/2024\/05\/1462883960_img0011-001.jpg","type":"image\/jpeg"}],"twitter_card":"summary_large_image","twitter_misc":{"Estimated reading time":"1 minute"},"schema":{"@context":"https:\/\/schema.org","@graph":[{"@type":"WebPage","@id":"https:\/\/skaitytaknyga.lt\/produktas\/tomas-main-ridas-baltoji-pirstine\/","url":"https:\/\/skaitytaknyga.lt\/produktas\/tomas-main-ridas-baltoji-pirstine\/","name":"Tomas Main Ridas \u201eBaltoji pir\u0161tin\u0117\u201c","isPartOf":{"@id":"https:\/\/skaitytaknyga.lt\/#website"},"primaryImageOfPage":{"@id":"https:\/\/skaitytaknyga.lt\/produktas\/tomas-main-ridas-baltoji-pirstine\/#primaryimage"},"image":{"@id":"https:\/\/skaitytaknyga.lt\/produktas\/tomas-main-ridas-baltoji-pirstine\/#primaryimage"},"thumbnailUrl":"https:\/\/skaitytaknyga.lt\/wp-content\/uploads\/2024\/05\/1462883960_img0011-001.jpg","datePublished":"2024-05-02T12:59:04+00:00","dateModified":"2024-08-20T16:04:13+00:00","description":"Romanas \u201eBaltoji pir\u0161tin\u0117\u201c \u2013 romanti\u0161ka istorija, nukelianti \u012f XIX a. Anglij\u0105 ir pasakojanti apie gra\u017euol\u0117s Merijenos ir Holtspero, d\u0117l pom\u0117gio d\u0117v\u0117ti","breadcrumb":{"@id":"https:\/\/skaitytaknyga.lt\/produktas\/tomas-main-ridas-baltoji-pirstine\/#breadcrumb"},"inLanguage":"en-GB","potentialAction":[{"@type":"ReadAction","target":["https:\/\/skaitytaknyga.lt\/produktas\/tomas-main-ridas-baltoji-pirstine\/"]}]},{"@type":"ImageObject","inLanguage":"en-GB","@id":"https:\/\/skaitytaknyga.lt\/produktas\/tomas-main-ridas-baltoji-pirstine\/#primaryimage","url":"https:\/\/skaitytaknyga.lt\/wp-content\/uploads\/2024\/05\/1462883960_img0011-001.jpg","contentUrl":"https:\/\/skaitytaknyga.lt\/wp-content\/uploads\/2024\/05\/1462883960_img0011-001.jpg","width":289,"height":430,"caption":"Tomas Main Ridas \u201eBaltoji pir\u0161tin\u0117\u201c"},{"@type":"BreadcrumbList","@id":"https:\/\/skaitytaknyga.lt\/produktas\/tomas-main-ridas-baltoji-pirstine\/#breadcrumb","itemListElement":[{"@type":"ListItem","position":1,"name":"Home","item":"https:\/\/skaitytaknyga.lt\/"},{"@type":"ListItem","position":2,"name":"Parduotuv\u0117","item":"https:\/\/skaitytaknyga.lt\/knygu-parduotuve\/"},{"@type":"ListItem","position":3,"name":"Tomas Main Ridas \u201eBaltoji pir\u0161tin\u0117\u201c"}]},{"@type":"WebSite","@id":"https:\/\/skaitytaknyga.lt\/#website","url":"https:\/\/skaitytaknyga.lt\/","name":"skaitytaknyga.lt","description":"Skaitytaknyga.lt \u2013 tai ma\u017eas \u0161eimos verslas, kuris prasid\u0117jo nuo meil\u0117s knygoms ir siekio i\u0161gelb\u0117ti knygas nuo likimo prie konteinerio. Kas vienam nereikalingas daiktas \u2013 kitam lobis, o mes esame tarpininkai, kurie padeda abiems tapti laimingesniems ???? \u017dinome kaip nelengva i\u0161gyventi ma\u017eiems verslams, tad nuo \u0161iol, \u010dia rasite ir kit\u0173, ma\u017e\u0173 \u0161eim\u0173 versl\u0173, rank\u0173 darbo, dovan\u0173 sau ir artimiesiems.","publisher":{"@id":"https:\/\/skaitytaknyga.lt\/#organization"},"potentialAction":[{"@type":"SearchAction","target":{"@type":"EntryPoint","urlTemplate":"https:\/\/skaitytaknyga.lt\/?s={search_term_string}"},"query-input":{"@type":"PropertyValueSpecification","valueRequired":true,"valueName":"search_term_string"}}],"inLanguage":"en-GB"},{"@type":"Organization","@id":"https:\/\/skaitytaknyga.lt\/#organization","name":"skaitytaknyga.lt","url":"https:\/\/skaitytaknyga.lt\/","logo":{"@type":"ImageObject","inLanguage":"en-GB","@id":"https:\/\/skaitytaknyga.lt\/#\/schema\/logo\/image\/","url":"https:\/\/skaitytaknyga.lt\/wp-content\/uploads\/2024\/05\/cropped-cropped-cropped-02_00843_jt3bggkj1j3HLc7SyY6rEUpg.jpeg","contentUrl":"https:\/\/skaitytaknyga.lt\/wp-content\/uploads\/2024\/05\/cropped-cropped-cropped-02_00843_jt3bggkj1j3HLc7SyY6rEUpg.jpeg","width":1600,"height":1600,"caption":"skaitytaknyga.lt"},"image":{"@id":"https:\/\/skaitytaknyga.lt\/#\/schema\/logo\/image\/"},"sameAs":["https:\/\/www.facebook.com\/skaitytaknyga\/"]}]}},"_links":{"self":[{"href":"https:\/\/skaitytaknyga.lt\/en\/wp-json\/wp\/v2\/product\/5842","targetHints":{"allow":["GET"]}}],"collection":[{"href":"https:\/\/skaitytaknyga.lt\/en\/wp-json\/wp\/v2\/product"}],"about":[{"href":"https:\/\/skaitytaknyga.lt\/en\/wp-json\/wp\/v2\/types\/product"}],"replies":[{"embeddable":true,"href":"https:\/\/skaitytaknyga.lt\/en\/wp-json\/wp\/v2\/comments?post=5842"}],"wp:featuredmedia":[{"embeddable":true,"href":"https:\/\/skaitytaknyga.lt\/en\/wp-json\/wp\/v2\/media\/5854"}],"wp:attachment":[{"href":"https:\/\/skaitytaknyga.lt\/en\/wp-json\/wp\/v2\/media?parent=5842"}],"wp:term":[{"taxonomy":"product_brand","embeddable":true,"href":"https:\/\/skaitytaknyga.lt\/en\/wp-json\/wp\/v2\/product_brand?post=5842"},{"taxonomy":"product_cat","embeddable":true,"href":"https:\/\/skaitytaknyga.lt\/en\/wp-json\/wp\/v2\/product_cat?post=5842"},{"taxonomy":"product_tag","embeddable":true,"href":"https:\/\/skaitytaknyga.lt\/en\/wp-json\/wp\/v2\/product_tag?post=5842"}],"curies":[{"name":"wp","href":"https:\/\/api.w.org\/{rel}","templated":true}]}}