{"id":5804,"date":"2024-05-02T12:58:15","date_gmt":"2024-05-02T12:58:15","guid":{"rendered":"https:\/\/skaitytaknyga.lt\/?post_type=product&#038;p=5804"},"modified":"2025-06-12T08:02:13","modified_gmt":"2025-06-12T05:02:13","slug":"a-diuma-paryziaus-mohikanai-i-ii-tomai","status":"publish","type":"product","link":"https:\/\/skaitytaknyga.lt\/en\/produktas\/a-diuma-paryziaus-mohikanai-i-ii-tomai\/","title":{"rendered":"Pary\u017eiaus mohikanai I-II tomai"},"content":{"rendered":"<p>Patrauklus, intriguojan\u010dio siu\u017eeto romanas, para\u0161ytas XIX a. romantizmo dvasia, pasakoja apie trij\u0173 jaunikai\u010di\u0173 &#8211; poeto \u017dano Robero, gydytojo Liudviko ir dailininko Petriuso nuotykius paskutin\u0117mis ponapoleonin\u0117s epochos, restauracijos laik\u0173 dienomis.<\/p>\n<p>1830-\u0173j\u0173 met\u0173 liepos revoliucijos i\u0161vakar\u0117se. Pie\u0161iama plati to meto visuomen\u0117s panorama nuo padugni\u0173 iki aristokrati\u0161k\u0173j\u0173 vir\u0161\u016bni\u0173, \u0161iltai vaizduojama nykstan\u010di\u0173 gatv\u0117s artist\u0173, komediant\u0173 ir juokdari\u0173, t\u0173 Pary\u017eiaus mohikan\u0173 karta.<\/p>\n<p>Pa\u010diame istorini\u0173 \u012fvyki\u0173 fone i\u0161siskiria romanti\u0161kos \u017diusteno ir Minos, Kolombano ir Karmelitos, Petriuso ir Reginos meil\u0117s istorijos, bei paslaptingo geradario Salvatoriaus fig\u016bra.<\/p>\n","protected":false},"excerpt":{"rendered":"<p>Patrauklus, intriguojan\u010dio siu\u017eeto romanas, para\u0161ytas XIX a. romantizmo dvasia, pasakoja apie trij\u0173 jaunikai\u010di\u0173 &#8211; poeto \u017dano Robero, gydytojo Liudviko ir dailininko Petriuso nuotykius paskutin\u0117mis ponapoleonin\u0117s epochos, restauracijos laik\u0173 dienomis.<\/p>\n<p>1830-\u0173j\u0173 met\u0173 liepos revoliucijos i\u0161vakar\u0117se. Pie\u0161iama plati to meto visuomen\u0117s panorama nuo padugni\u0173 iki aristokrati\u0161k\u0173j\u0173 vir\u0161\u016bni\u0173, \u0161iltai vaizduojama nykstan\u010di\u0173 gatv\u0117s artist\u0173, komediant\u0173 ir juokdari\u0173, t\u0173 Pary\u017eiaus mohikan\u0173 karta.<\/p>\n<p>Pa\u010diame istorini\u0173 \u012fvyki\u0173 fone i\u0161siskiria romanti\u0161kos \u017diusteno ir Minos, Kolombano ir Karmelitos, Petriuso ir Reginos meil\u0117s istorijos, bei paslaptingo geradario Salvatoriaus fig\u016bra.<\/p>\n","protected":false},"featured_media":5630,"comment_status":"closed","ping_status":"closed","template":"","meta":{"_acf_changed":false,"site-sidebar-layout":"default","site-content-layout":"","ast-site-content-layout":"default","site-content-style":"default","site-sidebar-style":"default","ast-global-header-display":"","ast-banner-title-visibility":"","ast-main-header-display":"","ast-hfb-above-header-display":"","ast-hfb-below-header-display":"","ast-hfb-mobile-header-display":"","site-post-title":"","ast-breadcrumbs-content":"","ast-featured-img":"","footer-sml-layout":"","ast-disable-related-posts":"","theme-transparent-header-meta":"","adv-header-id-meta":"","stick-header-meta":"","header-above-stick-meta":"","header-main-stick-meta":"","header-below-stick-meta":"","astra-migrate-meta-layouts":"default","ast-page-background-enabled":"default","ast-page-background-meta":{"desktop":{"background-color":"","background-image":"","background-repeat":"repeat","background-position":"center center","background-size":"auto","background-attachment":"scroll","background-type":"","background-media":"","overlay-type":"","overlay-color":"","overlay-opacity":"","overlay-gradient":""},"tablet":{"background-color":"","background-image":"","background-repeat":"repeat","background-position":"center center","background-size":"auto","background-attachment":"scroll","background-type":"","background-media":"","overlay-type":"","overlay-color":"","overlay-opacity":"","overlay-gradient":""},"mobile":{"background-color":"","background-image":"","background-repeat":"repeat","background-position":"center center","background-size":"auto","background-attachment":"scroll","background-type":"","background-media":"","overlay-type":"","overlay-color":"","overlay-opacity":"","overlay-gradient":""}},"ast-content-background-meta":{"desktop":{"background-color":"var(--ast-global-color-4)","background-image":"","background-repeat":"repeat","background-position":"center center","background-size":"auto","background-attachment":"scroll","background-type":"","background-media":"","overlay-type":"","overlay-color":"","overlay-opacity":"","overlay-gradient":""},"tablet":{"background-color":"var(--ast-global-color-4)","background-image":"","background-repeat":"repeat","background-position":"center center","background-size":"auto","background-attachment":"scroll","background-type":"","background-media":"","overlay-type":"","overlay-color":"","overlay-opacity":"","overlay-gradient":""},"mobile":{"background-color":"var(--ast-global-color-4)","background-image":"","background-repeat":"repeat","background-position":"center center","background-size":"auto","background-attachment":"scroll","background-type":"","background-media":"","overlay-type":"","overlay-color":"","overlay-opacity":"","overlay-gradient":""}}},"product_brand":[],"product_cat":[28],"product_tag":[],"class_list":{"0":"post-5804","1":"product","2":"type-product","3":"status-publish","4":"has-post-thumbnail","6":"product_cat-klasika","7":"desktop-align-left","8":"tablet-align-left","9":"mobile-align-left","11":"first","12":"instock","13":"shipping-taxable","14":"purchasable","15":"product-type-simple"},"acf":[],"yoast_head":"<!-- This site is optimized with the Yoast SEO plugin v27.0 - https:\/\/yoast.com\/product\/yoast-seo-wordpress\/ -->\n<title>Pary\u017eiaus mohikanai I-II tomai<\/title>\n<meta name=\"description\" content=\"Patrauklus, intriguojan\u010dio siu\u017eeto romanas, para\u0161ytas XIX a. romantizmo dvasia, pasakoja apie trij\u0173 jaunikai\u010di\u0173 - poeto \u017dano Robero, gydytojo Liudviko ir dailininko Petriuso nuotykius paskutin\u0117mis ponapoleonin\u0117s epochos, restauracijos laik\u0173 dienomis.  1830-\u0173j\u0173 met\u0173 liepos revoliucijos i\u0161vakar\u0117se. Pie\u0161iama plati to meto visuomen\u0117s panorama nuo padugni\u0173 iki aristokrati\u0161k\u0173j\u0173 vir\u0161\u016bni\u0173, \u0161iltai vaizduojama nykstan\u010di\u0173 gatv\u0117s artist\u0173, komediant\u0173 ir juokdari\u0173, t\u0173 Pary\u017eiaus mohikan\u0173 karta.  Pa\u010diame istorini\u0173 \u012fvyki\u0173 fone i\u0161siskiria romanti\u0161kos \u017diusteno ir Minos, Kolombano ir Karmelitos, Petriuso ir Reginos meil\u0117s istorijos, bei paslaptingo geradario Salvatoriaus fig\u016bra.\" \/>\n<meta name=\"robots\" content=\"index, follow, max-snippet:-1, max-image-preview:large, max-video-preview:-1\" \/>\n<link rel=\"canonical\" href=\"https:\/\/skaitytaknyga.lt\/en\/produktas\/a-diuma-paryziaus-mohikanai-i-ii-tomai\/\" \/>\n<meta property=\"og:locale\" content=\"en_GB\" \/>\n<meta property=\"og:locale:alternate\" content=\"lt_LT\" \/>\n<meta property=\"og:type\" content=\"article\" \/>\n<meta property=\"og:title\" content=\"Pary\u017eiaus mohikanai I-II tomai\" \/>\n<meta property=\"og:description\" content=\"Patrauklus, intriguojan\u010dio siu\u017eeto romanas, para\u0161ytas XIX a. romantizmo dvasia, pasakoja apie trij\u0173 jaunikai\u010di\u0173 - poeto \u017dano Robero, gydytojo Liudviko ir dailininko Petriuso nuotykius paskutin\u0117mis ponapoleonin\u0117s epochos, restauracijos laik\u0173 dienomis.  1830-\u0173j\u0173 met\u0173 liepos revoliucijos i\u0161vakar\u0117se. Pie\u0161iama plati to meto visuomen\u0117s panorama nuo padugni\u0173 iki aristokrati\u0161k\u0173j\u0173 vir\u0161\u016bni\u0173, \u0161iltai vaizduojama nykstan\u010di\u0173 gatv\u0117s artist\u0173, komediant\u0173 ir juokdari\u0173, t\u0173 Pary\u017eiaus mohikan\u0173 karta.  Pa\u010diame istorini\u0173 \u012fvyki\u0173 fone i\u0161siskiria romanti\u0161kos \u017diusteno ir Minos, Kolombano ir Karmelitos, Petriuso ir Reginos meil\u0117s istorijos, bei paslaptingo geradario Salvatoriaus fig\u016bra.\" \/>\n<meta property=\"og:url\" content=\"https:\/\/skaitytaknyga.lt\/en\/produktas\/a-diuma-paryziaus-mohikanai-i-ii-tomai\/\" \/>\n<meta property=\"og:site_name\" content=\"Skaitytaknyga\" \/>\n<meta property=\"article:publisher\" content=\"https:\/\/www.facebook.com\/skaitytaknyga\/\" \/>\n<meta property=\"article:modified_time\" content=\"2025-06-12T05:02:13+00:00\" \/>\n<meta property=\"og:image\" content=\"https:\/\/skaitytaknyga.lt\/wp-content\/uploads\/2024\/05\/232529-51e8ffc364531-e1619277942778.jpg\" \/>\n\t<meta property=\"og:image:width\" content=\"539\" \/>\n\t<meta property=\"og:image:height\" content=\"433\" \/>\n\t<meta property=\"og:image:type\" content=\"image\/jpeg\" \/>\n<meta name=\"twitter:card\" content=\"summary_large_image\" \/>\n<meta name=\"twitter:label1\" content=\"Estimated reading time\" \/>\n\t<meta name=\"twitter:data1\" content=\"1 minute\" \/>\n<script type=\"application\/ld+json\" class=\"yoast-schema-graph\">{\"@context\":\"https:\/\/schema.org\",\"@graph\":[{\"@type\":\"WebPage\",\"@id\":\"https:\/\/skaitytaknyga.lt\/produktas\/a-diuma-paryziaus-mohikanai-i-ii-tomai\/\",\"url\":\"https:\/\/skaitytaknyga.lt\/produktas\/a-diuma-paryziaus-mohikanai-i-ii-tomai\/\",\"name\":\"Pary\u017eiaus mohikanai I-II tomai\",\"isPartOf\":{\"@id\":\"https:\/\/skaitytaknyga.lt\/#website\"},\"primaryImageOfPage\":{\"@id\":\"https:\/\/skaitytaknyga.lt\/produktas\/a-diuma-paryziaus-mohikanai-i-ii-tomai\/#primaryimage\"},\"image\":{\"@id\":\"https:\/\/skaitytaknyga.lt\/produktas\/a-diuma-paryziaus-mohikanai-i-ii-tomai\/#primaryimage\"},\"thumbnailUrl\":\"https:\/\/skaitytaknyga.lt\/wp-content\/uploads\/2024\/05\/232529-51e8ffc364531-e1619277942778.jpg\",\"datePublished\":\"2024-05-02T12:58:15+00:00\",\"dateModified\":\"2025-06-12T05:02:13+00:00\",\"description\":\"Patrauklus, intriguojan\u010dio siu\u017eeto romanas, para\u0161ytas XIX a. romantizmo dvasia, pasakoja apie trij\u0173 jaunikai\u010di\u0173 - poeto \u017dano Robero, gydytojo Liudviko ir dailininko Petriuso nuotykius paskutin\u0117mis ponapoleonin\u0117s epochos, restauracijos laik\u0173 dienomis. 1830-\u0173j\u0173 met\u0173 liepos revoliucijos i\u0161vakar\u0117se. Pie\u0161iama plati to meto visuomen\u0117s panorama nuo padugni\u0173 iki aristokrati\u0161k\u0173j\u0173 vir\u0161\u016bni\u0173, \u0161iltai vaizduojama nykstan\u010di\u0173 gatv\u0117s artist\u0173, komediant\u0173 ir juokdari\u0173, t\u0173 Pary\u017eiaus mohikan\u0173 karta. Pa\u010diame istorini\u0173 \u012fvyki\u0173 fone i\u0161siskiria romanti\u0161kos \u017diusteno ir Minos, Kolombano ir Karmelitos, Petriuso ir Reginos meil\u0117s istorijos, bei paslaptingo geradario Salvatoriaus fig\u016bra.\",\"breadcrumb\":{\"@id\":\"https:\/\/skaitytaknyga.lt\/produktas\/a-diuma-paryziaus-mohikanai-i-ii-tomai\/#breadcrumb\"},\"inLanguage\":\"en-GB\",\"potentialAction\":[{\"@type\":\"ReadAction\",\"target\":[\"https:\/\/skaitytaknyga.lt\/produktas\/a-diuma-paryziaus-mohikanai-i-ii-tomai\/\"]}]},{\"@type\":\"ImageObject\",\"inLanguage\":\"en-GB\",\"@id\":\"https:\/\/skaitytaknyga.lt\/produktas\/a-diuma-paryziaus-mohikanai-i-ii-tomai\/#primaryimage\",\"url\":\"https:\/\/skaitytaknyga.lt\/wp-content\/uploads\/2024\/05\/232529-51e8ffc364531-e1619277942778.jpg\",\"contentUrl\":\"https:\/\/skaitytaknyga.lt\/wp-content\/uploads\/2024\/05\/232529-51e8ffc364531-e1619277942778.jpg\",\"width\":539,\"height\":433},{\"@type\":\"BreadcrumbList\",\"@id\":\"https:\/\/skaitytaknyga.lt\/produktas\/a-diuma-paryziaus-mohikanai-i-ii-tomai\/#breadcrumb\",\"itemListElement\":[{\"@type\":\"ListItem\",\"position\":1,\"name\":\"Home\",\"item\":\"https:\/\/skaitytaknyga.lt\/\"},{\"@type\":\"ListItem\",\"position\":2,\"name\":\"Parduotuv\u0117\",\"item\":\"https:\/\/skaitytaknyga.lt\/knygu-parduotuve\/\"},{\"@type\":\"ListItem\",\"position\":3,\"name\":\"Pary\u017eiaus mohikanai I-II tomai\"}]},{\"@type\":\"WebSite\",\"@id\":\"https:\/\/skaitytaknyga.lt\/#website\",\"url\":\"https:\/\/skaitytaknyga.lt\/\",\"name\":\"skaitytaknyga.lt\",\"description\":\"Skaitytaknyga.lt \u2013 tai ma\u017eas \u0161eimos verslas, kuris prasid\u0117jo nuo meil\u0117s knygoms ir siekio i\u0161gelb\u0117ti knygas nuo likimo prie konteinerio. Kas vienam nereikalingas daiktas \u2013 kitam lobis, o mes esame tarpininkai, kurie padeda abiems tapti laimingesniems ???? \u017dinome kaip nelengva i\u0161gyventi ma\u017eiems verslams, tad nuo \u0161iol, \u010dia rasite ir kit\u0173, ma\u017e\u0173 \u0161eim\u0173 versl\u0173, rank\u0173 darbo, dovan\u0173 sau ir artimiesiems.\",\"publisher\":{\"@id\":\"https:\/\/skaitytaknyga.lt\/#organization\"},\"potentialAction\":[{\"@type\":\"SearchAction\",\"target\":{\"@type\":\"EntryPoint\",\"urlTemplate\":\"https:\/\/skaitytaknyga.lt\/?s={search_term_string}\"},\"query-input\":{\"@type\":\"PropertyValueSpecification\",\"valueRequired\":true,\"valueName\":\"search_term_string\"}}],\"inLanguage\":\"en-GB\"},{\"@type\":\"Organization\",\"@id\":\"https:\/\/skaitytaknyga.lt\/#organization\",\"name\":\"skaitytaknyga.lt\",\"url\":\"https:\/\/skaitytaknyga.lt\/\",\"logo\":{\"@type\":\"ImageObject\",\"inLanguage\":\"en-GB\",\"@id\":\"https:\/\/skaitytaknyga.lt\/#\/schema\/logo\/image\/\",\"url\":\"https:\/\/skaitytaknyga.lt\/wp-content\/uploads\/2024\/05\/cropped-cropped-cropped-02_00843_jt3bggkj1j3HLc7SyY6rEUpg.jpeg\",\"contentUrl\":\"https:\/\/skaitytaknyga.lt\/wp-content\/uploads\/2024\/05\/cropped-cropped-cropped-02_00843_jt3bggkj1j3HLc7SyY6rEUpg.jpeg\",\"width\":1600,\"height\":1600,\"caption\":\"skaitytaknyga.lt\"},\"image\":{\"@id\":\"https:\/\/skaitytaknyga.lt\/#\/schema\/logo\/image\/\"},\"sameAs\":[\"https:\/\/www.facebook.com\/skaitytaknyga\/\"]}]}<\/script>\n<!-- \/ Yoast SEO plugin. -->","yoast_head_json":{"title":"Pary\u017eiaus mohikanai I-II tomai","description":"Patrauklus, intriguojan\u010dio siu\u017eeto romanas, para\u0161ytas XIX a. romantizmo dvasia, pasakoja apie trij\u0173 jaunikai\u010di\u0173 - poeto \u017dano Robero, gydytojo Liudviko ir dailininko Petriuso nuotykius paskutin\u0117mis ponapoleonin\u0117s epochos, restauracijos laik\u0173 dienomis.  1830-\u0173j\u0173 met\u0173 liepos revoliucijos i\u0161vakar\u0117se. Pie\u0161iama plati to meto visuomen\u0117s panorama nuo padugni\u0173 iki aristokrati\u0161k\u0173j\u0173 vir\u0161\u016bni\u0173, \u0161iltai vaizduojama nykstan\u010di\u0173 gatv\u0117s artist\u0173, komediant\u0173 ir juokdari\u0173, t\u0173 Pary\u017eiaus mohikan\u0173 karta.  Pa\u010diame istorini\u0173 \u012fvyki\u0173 fone i\u0161siskiria romanti\u0161kos \u017diusteno ir Minos, Kolombano ir Karmelitos, Petriuso ir Reginos meil\u0117s istorijos, bei paslaptingo geradario Salvatoriaus fig\u016bra.","robots":{"index":"index","follow":"follow","max-snippet":"max-snippet:-1","max-image-preview":"max-image-preview:large","max-video-preview":"max-video-preview:-1"},"canonical":"https:\/\/skaitytaknyga.lt\/en\/produktas\/a-diuma-paryziaus-mohikanai-i-ii-tomai\/","og_locale":"en_GB","og_type":"article","og_title":"[:lt]Pary\u017eiaus mohikanai I-II tomai[:] - Skaitytaknyga","og_description":"Patrauklus, intriguojan\u010dio siu\u017eeto romanas, para\u0161ytas XIX a. romantizmo dvasia, pasakoja apie trij\u0173 jaunikai\u010di\u0173 - poeto \u017dano Robero, gydytojo Liudviko ir dailininko Petriuso nuotykius paskutin\u0117mis ponapoleonin\u0117s epochos, restauracijos laik\u0173 dienomis.  1830-\u0173j\u0173 met\u0173 liepos revoliucijos i\u0161vakar\u0117se. Pie\u0161iama plati to meto visuomen\u0117s panorama nuo padugni\u0173 iki aristokrati\u0161k\u0173j\u0173 vir\u0161\u016bni\u0173, \u0161iltai vaizduojama nykstan\u010di\u0173 gatv\u0117s artist\u0173, komediant\u0173 ir juokdari\u0173, t\u0173 Pary\u017eiaus mohikan\u0173 karta.  Pa\u010diame istorini\u0173 \u012fvyki\u0173 fone i\u0161siskiria romanti\u0161kos \u017diusteno ir Minos, Kolombano ir Karmelitos, Petriuso ir Reginos meil\u0117s istorijos, bei paslaptingo geradario Salvatoriaus fig\u016bra.","og_url":"https:\/\/skaitytaknyga.lt\/en\/produktas\/a-diuma-paryziaus-mohikanai-i-ii-tomai\/","og_site_name":"Skaitytaknyga","article_publisher":"https:\/\/www.facebook.com\/skaitytaknyga\/","article_modified_time":"2025-06-12T05:02:13+00:00","og_image":[{"width":539,"height":433,"url":"https:\/\/skaitytaknyga.lt\/wp-content\/uploads\/2024\/05\/232529-51e8ffc364531-e1619277942778.jpg","type":"image\/jpeg"}],"twitter_card":"summary_large_image","twitter_misc":{"Estimated reading time":"1 minute"},"schema":{"@context":"https:\/\/schema.org","@graph":[{"@type":"WebPage","@id":"https:\/\/skaitytaknyga.lt\/produktas\/a-diuma-paryziaus-mohikanai-i-ii-tomai\/","url":"https:\/\/skaitytaknyga.lt\/produktas\/a-diuma-paryziaus-mohikanai-i-ii-tomai\/","name":"Pary\u017eiaus mohikanai I-II tomai","isPartOf":{"@id":"https:\/\/skaitytaknyga.lt\/#website"},"primaryImageOfPage":{"@id":"https:\/\/skaitytaknyga.lt\/produktas\/a-diuma-paryziaus-mohikanai-i-ii-tomai\/#primaryimage"},"image":{"@id":"https:\/\/skaitytaknyga.lt\/produktas\/a-diuma-paryziaus-mohikanai-i-ii-tomai\/#primaryimage"},"thumbnailUrl":"https:\/\/skaitytaknyga.lt\/wp-content\/uploads\/2024\/05\/232529-51e8ffc364531-e1619277942778.jpg","datePublished":"2024-05-02T12:58:15+00:00","dateModified":"2025-06-12T05:02:13+00:00","description":"Patrauklus, intriguojan\u010dio siu\u017eeto romanas, para\u0161ytas XIX a. romantizmo dvasia, pasakoja apie trij\u0173 jaunikai\u010di\u0173 - poeto \u017dano Robero, gydytojo Liudviko ir dailininko Petriuso nuotykius paskutin\u0117mis ponapoleonin\u0117s epochos, restauracijos laik\u0173 dienomis. 1830-\u0173j\u0173 met\u0173 liepos revoliucijos i\u0161vakar\u0117se. Pie\u0161iama plati to meto visuomen\u0117s panorama nuo padugni\u0173 iki aristokrati\u0161k\u0173j\u0173 vir\u0161\u016bni\u0173, \u0161iltai vaizduojama nykstan\u010di\u0173 gatv\u0117s artist\u0173, komediant\u0173 ir juokdari\u0173, t\u0173 Pary\u017eiaus mohikan\u0173 karta. Pa\u010diame istorini\u0173 \u012fvyki\u0173 fone i\u0161siskiria romanti\u0161kos \u017diusteno ir Minos, Kolombano ir Karmelitos, Petriuso ir Reginos meil\u0117s istorijos, bei paslaptingo geradario Salvatoriaus fig\u016bra.","breadcrumb":{"@id":"https:\/\/skaitytaknyga.lt\/produktas\/a-diuma-paryziaus-mohikanai-i-ii-tomai\/#breadcrumb"},"inLanguage":"en-GB","potentialAction":[{"@type":"ReadAction","target":["https:\/\/skaitytaknyga.lt\/produktas\/a-diuma-paryziaus-mohikanai-i-ii-tomai\/"]}]},{"@type":"ImageObject","inLanguage":"en-GB","@id":"https:\/\/skaitytaknyga.lt\/produktas\/a-diuma-paryziaus-mohikanai-i-ii-tomai\/#primaryimage","url":"https:\/\/skaitytaknyga.lt\/wp-content\/uploads\/2024\/05\/232529-51e8ffc364531-e1619277942778.jpg","contentUrl":"https:\/\/skaitytaknyga.lt\/wp-content\/uploads\/2024\/05\/232529-51e8ffc364531-e1619277942778.jpg","width":539,"height":433},{"@type":"BreadcrumbList","@id":"https:\/\/skaitytaknyga.lt\/produktas\/a-diuma-paryziaus-mohikanai-i-ii-tomai\/#breadcrumb","itemListElement":[{"@type":"ListItem","position":1,"name":"Home","item":"https:\/\/skaitytaknyga.lt\/"},{"@type":"ListItem","position":2,"name":"Parduotuv\u0117","item":"https:\/\/skaitytaknyga.lt\/knygu-parduotuve\/"},{"@type":"ListItem","position":3,"name":"Pary\u017eiaus mohikanai I-II tomai"}]},{"@type":"WebSite","@id":"https:\/\/skaitytaknyga.lt\/#website","url":"https:\/\/skaitytaknyga.lt\/","name":"skaitytaknyga.lt","description":"Skaitytaknyga.lt \u2013 tai ma\u017eas \u0161eimos verslas, kuris prasid\u0117jo nuo meil\u0117s knygoms ir siekio i\u0161gelb\u0117ti knygas nuo likimo prie konteinerio. Kas vienam nereikalingas daiktas \u2013 kitam lobis, o mes esame tarpininkai, kurie padeda abiems tapti laimingesniems ???? \u017dinome kaip nelengva i\u0161gyventi ma\u017eiems verslams, tad nuo \u0161iol, \u010dia rasite ir kit\u0173, ma\u017e\u0173 \u0161eim\u0173 versl\u0173, rank\u0173 darbo, dovan\u0173 sau ir artimiesiems.","publisher":{"@id":"https:\/\/skaitytaknyga.lt\/#organization"},"potentialAction":[{"@type":"SearchAction","target":{"@type":"EntryPoint","urlTemplate":"https:\/\/skaitytaknyga.lt\/?s={search_term_string}"},"query-input":{"@type":"PropertyValueSpecification","valueRequired":true,"valueName":"search_term_string"}}],"inLanguage":"en-GB"},{"@type":"Organization","@id":"https:\/\/skaitytaknyga.lt\/#organization","name":"skaitytaknyga.lt","url":"https:\/\/skaitytaknyga.lt\/","logo":{"@type":"ImageObject","inLanguage":"en-GB","@id":"https:\/\/skaitytaknyga.lt\/#\/schema\/logo\/image\/","url":"https:\/\/skaitytaknyga.lt\/wp-content\/uploads\/2024\/05\/cropped-cropped-cropped-02_00843_jt3bggkj1j3HLc7SyY6rEUpg.jpeg","contentUrl":"https:\/\/skaitytaknyga.lt\/wp-content\/uploads\/2024\/05\/cropped-cropped-cropped-02_00843_jt3bggkj1j3HLc7SyY6rEUpg.jpeg","width":1600,"height":1600,"caption":"skaitytaknyga.lt"},"image":{"@id":"https:\/\/skaitytaknyga.lt\/#\/schema\/logo\/image\/"},"sameAs":["https:\/\/www.facebook.com\/skaitytaknyga\/"]}]}},"_links":{"self":[{"href":"https:\/\/skaitytaknyga.lt\/en\/wp-json\/wp\/v2\/product\/5804","targetHints":{"allow":["GET"]}}],"collection":[{"href":"https:\/\/skaitytaknyga.lt\/en\/wp-json\/wp\/v2\/product"}],"about":[{"href":"https:\/\/skaitytaknyga.lt\/en\/wp-json\/wp\/v2\/types\/product"}],"replies":[{"embeddable":true,"href":"https:\/\/skaitytaknyga.lt\/en\/wp-json\/wp\/v2\/comments?post=5804"}],"wp:featuredmedia":[{"embeddable":true,"href":"https:\/\/skaitytaknyga.lt\/en\/wp-json\/wp\/v2\/media\/5630"}],"wp:attachment":[{"href":"https:\/\/skaitytaknyga.lt\/en\/wp-json\/wp\/v2\/media?parent=5804"}],"wp:term":[{"taxonomy":"product_brand","embeddable":true,"href":"https:\/\/skaitytaknyga.lt\/en\/wp-json\/wp\/v2\/product_brand?post=5804"},{"taxonomy":"product_cat","embeddable":true,"href":"https:\/\/skaitytaknyga.lt\/en\/wp-json\/wp\/v2\/product_cat?post=5804"},{"taxonomy":"product_tag","embeddable":true,"href":"https:\/\/skaitytaknyga.lt\/en\/wp-json\/wp\/v2\/product_tag?post=5804"}],"curies":[{"name":"wp","href":"https:\/\/api.w.org\/{rel}","templated":true}]}}