{"id":5786,"date":"2024-05-02T12:57:54","date_gmt":"2024-05-02T12:57:54","guid":{"rendered":"https:\/\/skaitytaknyga.lt\/?post_type=product&#038;p=5786"},"modified":"2024-05-03T07:29:22","modified_gmt":"2024-05-03T07:29:22","slug":"remarkas-laikas-gyventi-ir-laikas-mirti","status":"publish","type":"product","link":"https:\/\/skaitytaknyga.lt\/en\/produktas\/remarkas-laikas-gyventi-ir-laikas-mirti\/","title":{"rendered":"Remarkas \u201eLaikas gyventi ir laikas mirti\u201c"},"content":{"rendered":"<p>&nbsp;<\/p>\n<p>Pagrindinis herojus \u2013 eilinis Greberis, gr\u012f\u017e\u0119s i\u0161 fronto atostog\u0173 \u012f savo gimt\u0105j\u012f miestel\u012f. Ta\u010diau jis randa visai ne tai, ko tik\u0117josi \u2013 visam miestely tvyro chaosas, po s\u0105junginink\u0173 bombardavim\u0173 ma\u017eai kas telik\u0119 nesugriauto. Greberis tikisi rast savo t\u0117vus, deja, randa tik namo griuv\u0117sius. Dabar jam liko tik viena i\u0161eitis \u2013 ie\u0161kot ir tik\u0117tis, kad t\u0117vai yra gyvi. Po berg\u017ed\u017ei\u0173 paie\u0161k\u0173 jis sutinka savo vaikyst\u0117s draug\u0119 Elizabet\u0105, tarp j\u0173 \u012fsi\u017eiebia ypatingas ry\u0161ys.<\/p>\n","protected":false},"excerpt":{"rendered":"<p>&nbsp;<\/p>\n<p>Pagrindinis herojus \u2013 eilinis Greberis, gr\u012f\u017e\u0119s i\u0161 fronto atostog\u0173 \u012f savo gimt\u0105j\u012f miestel\u012f. Ta\u010diau jis randa visai ne tai, ko tik\u0117josi \u2013 visam miestely tvyro chaosas, po s\u0105junginink\u0173 bombardavim\u0173 ma\u017eai kas telik\u0119 nesugriauto. Greberis tikisi rast savo t\u0117vus, deja, randa tik namo griuv\u0117sius. Dabar jam liko tik viena i\u0161eitis \u2013 ie\u0161kot ir tik\u0117tis, kad t\u0117vai yra gyvi. Po berg\u017ed\u017ei\u0173 paie\u0161k\u0173 jis sutinka savo vaikyst\u0117s draug\u0119 Elizabet\u0105, tarp j\u0173 \u012fsi\u017eiebia ypatingas ry\u0161ys.<\/p>\n","protected":false},"featured_media":5798,"comment_status":"closed","ping_status":"closed","template":"","meta":{"_acf_changed":false,"site-sidebar-layout":"default","site-content-layout":"","ast-site-content-layout":"default","site-content-style":"default","site-sidebar-style":"default","ast-global-header-display":"","ast-banner-title-visibility":"","ast-main-header-display":"","ast-hfb-above-header-display":"","ast-hfb-below-header-display":"","ast-hfb-mobile-header-display":"","site-post-title":"","ast-breadcrumbs-content":"","ast-featured-img":"","footer-sml-layout":"","ast-disable-related-posts":"","theme-transparent-header-meta":"","adv-header-id-meta":"","stick-header-meta":"","header-above-stick-meta":"","header-main-stick-meta":"","header-below-stick-meta":"","astra-migrate-meta-layouts":"default","ast-page-background-enabled":"default","ast-page-background-meta":{"desktop":{"background-color":"","background-image":"","background-repeat":"repeat","background-position":"center center","background-size":"auto","background-attachment":"scroll","background-type":"","background-media":"","overlay-type":"","overlay-color":"","overlay-opacity":"","overlay-gradient":""},"tablet":{"background-color":"","background-image":"","background-repeat":"repeat","background-position":"center center","background-size":"auto","background-attachment":"scroll","background-type":"","background-media":"","overlay-type":"","overlay-color":"","overlay-opacity":"","overlay-gradient":""},"mobile":{"background-color":"","background-image":"","background-repeat":"repeat","background-position":"center center","background-size":"auto","background-attachment":"scroll","background-type":"","background-media":"","overlay-type":"","overlay-color":"","overlay-opacity":"","overlay-gradient":""}},"ast-content-background-meta":{"desktop":{"background-color":"var(--ast-global-color-4)","background-image":"","background-repeat":"repeat","background-position":"center center","background-size":"auto","background-attachment":"scroll","background-type":"","background-media":"","overlay-type":"","overlay-color":"","overlay-opacity":"","overlay-gradient":""},"tablet":{"background-color":"var(--ast-global-color-4)","background-image":"","background-repeat":"repeat","background-position":"center center","background-size":"auto","background-attachment":"scroll","background-type":"","background-media":"","overlay-type":"","overlay-color":"","overlay-opacity":"","overlay-gradient":""},"mobile":{"background-color":"var(--ast-global-color-4)","background-image":"","background-repeat":"repeat","background-position":"center center","background-size":"auto","background-attachment":"scroll","background-type":"","background-media":"","overlay-type":"","overlay-color":"","overlay-opacity":"","overlay-gradient":""}}},"product_brand":[],"product_cat":[31,28],"product_tag":[],"class_list":{"0":"post-5786","1":"product","2":"type-product","3":"status-publish","4":"has-post-thumbnail","6":"product_cat-grozine-literatura","7":"product_cat-klasika","8":"pa_leidimo-metai-777","9":"pa_virselis-minkstas","10":"desktop-align-left","11":"tablet-align-left","12":"mobile-align-left","14":"first","15":"outofstock","16":"shipping-taxable","17":"purchasable","18":"product-type-simple"},"acf":[],"yoast_head":"<!-- This site is optimized with the Yoast SEO plugin v27.0 - https:\/\/yoast.com\/product\/yoast-seo-wordpress\/ -->\n<title>Remarkas \u201eLaikas gyventi ir laikas mirti\u201c - Skaitytaknyga<\/title>\n<meta name=\"description\" content=\"&nbsp;  Pagrindinis herojus \u2013 eilinis Greberis, gr\u012f\u017e\u0119s i\u0161 fronto atostog\u0173 \u012f savo gimt\u0105j\u012f miestel\u012f. Ta\u010diau jis randa visai ne tai, ko tik\u0117josi \u2013 visam miestely tvyro chaosas, po s\u0105junginink\u0173 bombardavim\u0173 ma\u017eai kas telik\u0119 nesugriauto. Greberis tikisi rast savo t\u0117vus, deja, randa tik namo griuv\u0117sius. Dabar jam liko tik viena i\u0161eitis \u2013 ie\u0161kot ir tik\u0117tis, kad t\u0117vai yra gyvi. Po berg\u017ed\u017ei\u0173 paie\u0161k\u0173 jis sutinka savo vaikyst\u0117s draug\u0119 Elizabet\u0105, tarp j\u0173 \u012fsi\u017eiebia ypatingas ry\u0161ys.\" \/>\n<meta name=\"robots\" content=\"index, follow, max-snippet:-1, max-image-preview:large, max-video-preview:-1\" \/>\n<link rel=\"canonical\" href=\"https:\/\/skaitytaknyga.lt\/en\/produktas\/remarkas-laikas-gyventi-ir-laikas-mirti\/\" \/>\n<meta property=\"og:locale\" content=\"en_GB\" \/>\n<meta property=\"og:locale:alternate\" content=\"lt_LT\" \/>\n<meta property=\"og:type\" content=\"article\" \/>\n<meta property=\"og:title\" content=\"Remarkas \u201eLaikas gyventi ir laikas mirti\u201c - Skaitytaknyga\" \/>\n<meta property=\"og:description\" content=\"&nbsp;  Pagrindinis herojus \u2013 eilinis Greberis, gr\u012f\u017e\u0119s i\u0161 fronto atostog\u0173 \u012f savo gimt\u0105j\u012f miestel\u012f. Ta\u010diau jis randa visai ne tai, ko tik\u0117josi \u2013 visam miestely tvyro chaosas, po s\u0105junginink\u0173 bombardavim\u0173 ma\u017eai kas telik\u0119 nesugriauto. Greberis tikisi rast savo t\u0117vus, deja, randa tik namo griuv\u0117sius. Dabar jam liko tik viena i\u0161eitis \u2013 ie\u0161kot ir tik\u0117tis, kad t\u0117vai yra gyvi. Po berg\u017ed\u017ei\u0173 paie\u0161k\u0173 jis sutinka savo vaikyst\u0117s draug\u0119 Elizabet\u0105, tarp j\u0173 \u012fsi\u017eiebia ypatingas ry\u0161ys.\" \/>\n<meta property=\"og:url\" content=\"https:\/\/skaitytaknyga.lt\/en\/produktas\/remarkas-laikas-gyventi-ir-laikas-mirti\/\" \/>\n<meta property=\"og:site_name\" content=\"Skaitytaknyga\" \/>\n<meta property=\"article:publisher\" content=\"https:\/\/www.facebook.com\/skaitytaknyga\/\" \/>\n<meta property=\"article:modified_time\" content=\"2024-05-03T07:29:22+00:00\" \/>\n<meta property=\"og:image\" content=\"https:\/\/skaitytaknyga.lt\/wp-content\/uploads\/2024\/05\/l.png\" \/>\n\t<meta property=\"og:image:width\" content=\"268\" \/>\n\t<meta property=\"og:image:height\" content=\"430\" \/>\n\t<meta property=\"og:image:type\" content=\"image\/png\" \/>\n<meta name=\"twitter:card\" content=\"summary_large_image\" \/>\n<meta name=\"twitter:label1\" content=\"Estimated reading time\" \/>\n\t<meta name=\"twitter:data1\" content=\"1 minute\" \/>\n<script type=\"application\/ld+json\" class=\"yoast-schema-graph\">{\"@context\":\"https:\/\/schema.org\",\"@graph\":[{\"@type\":\"WebPage\",\"@id\":\"https:\/\/skaitytaknyga.lt\/produktas\/remarkas-laikas-gyventi-ir-laikas-mirti\/\",\"url\":\"https:\/\/skaitytaknyga.lt\/produktas\/remarkas-laikas-gyventi-ir-laikas-mirti\/\",\"name\":\"Remarkas \u201eLaikas gyventi ir laikas mirti\u201c - Skaitytaknyga\",\"isPartOf\":{\"@id\":\"https:\/\/skaitytaknyga.lt\/#website\"},\"primaryImageOfPage\":{\"@id\":\"https:\/\/skaitytaknyga.lt\/produktas\/remarkas-laikas-gyventi-ir-laikas-mirti\/#primaryimage\"},\"image\":{\"@id\":\"https:\/\/skaitytaknyga.lt\/produktas\/remarkas-laikas-gyventi-ir-laikas-mirti\/#primaryimage\"},\"thumbnailUrl\":\"https:\/\/skaitytaknyga.lt\/wp-content\/uploads\/2024\/05\/l.png\",\"datePublished\":\"2024-05-02T12:57:54+00:00\",\"dateModified\":\"2024-05-03T07:29:22+00:00\",\"description\":\"&nbsp; Pagrindinis herojus \u2013 eilinis Greberis, gr\u012f\u017e\u0119s i\u0161 fronto atostog\u0173 \u012f savo gimt\u0105j\u012f miestel\u012f. Ta\u010diau jis randa visai ne tai, ko tik\u0117josi \u2013 visam miestely tvyro chaosas, po s\u0105junginink\u0173 bombardavim\u0173 ma\u017eai kas telik\u0119 nesugriauto. Greberis tikisi rast savo t\u0117vus, deja, randa tik namo griuv\u0117sius. Dabar jam liko tik viena i\u0161eitis \u2013 ie\u0161kot ir tik\u0117tis, kad t\u0117vai yra gyvi. Po berg\u017ed\u017ei\u0173 paie\u0161k\u0173 jis sutinka savo vaikyst\u0117s draug\u0119 Elizabet\u0105, tarp j\u0173 \u012fsi\u017eiebia ypatingas ry\u0161ys.\",\"breadcrumb\":{\"@id\":\"https:\/\/skaitytaknyga.lt\/produktas\/remarkas-laikas-gyventi-ir-laikas-mirti\/#breadcrumb\"},\"inLanguage\":\"en-GB\",\"potentialAction\":[{\"@type\":\"ReadAction\",\"target\":[\"https:\/\/skaitytaknyga.lt\/produktas\/remarkas-laikas-gyventi-ir-laikas-mirti\/\"]}]},{\"@type\":\"ImageObject\",\"inLanguage\":\"en-GB\",\"@id\":\"https:\/\/skaitytaknyga.lt\/produktas\/remarkas-laikas-gyventi-ir-laikas-mirti\/#primaryimage\",\"url\":\"https:\/\/skaitytaknyga.lt\/wp-content\/uploads\/2024\/05\/l.png\",\"contentUrl\":\"https:\/\/skaitytaknyga.lt\/wp-content\/uploads\/2024\/05\/l.png\",\"width\":268,\"height\":430},{\"@type\":\"BreadcrumbList\",\"@id\":\"https:\/\/skaitytaknyga.lt\/produktas\/remarkas-laikas-gyventi-ir-laikas-mirti\/#breadcrumb\",\"itemListElement\":[{\"@type\":\"ListItem\",\"position\":1,\"name\":\"Home\",\"item\":\"https:\/\/skaitytaknyga.lt\/\"},{\"@type\":\"ListItem\",\"position\":2,\"name\":\"Parduotuv\u0117\",\"item\":\"https:\/\/skaitytaknyga.lt\/knygu-parduotuve\/\"},{\"@type\":\"ListItem\",\"position\":3,\"name\":\"Remarkas \u201eLaikas gyventi ir laikas mirti\u201c\"}]},{\"@type\":\"WebSite\",\"@id\":\"https:\/\/skaitytaknyga.lt\/#website\",\"url\":\"https:\/\/skaitytaknyga.lt\/\",\"name\":\"skaitytaknyga.lt\",\"description\":\"Skaitytaknyga.lt \u2013 tai ma\u017eas \u0161eimos verslas, kuris prasid\u0117jo nuo meil\u0117s knygoms ir siekio i\u0161gelb\u0117ti knygas nuo likimo prie konteinerio. Kas vienam nereikalingas daiktas \u2013 kitam lobis, o mes esame tarpininkai, kurie padeda abiems tapti laimingesniems ???? \u017dinome kaip nelengva i\u0161gyventi ma\u017eiems verslams, tad nuo \u0161iol, \u010dia rasite ir kit\u0173, ma\u017e\u0173 \u0161eim\u0173 versl\u0173, rank\u0173 darbo, dovan\u0173 sau ir artimiesiems.\",\"publisher\":{\"@id\":\"https:\/\/skaitytaknyga.lt\/#organization\"},\"potentialAction\":[{\"@type\":\"SearchAction\",\"target\":{\"@type\":\"EntryPoint\",\"urlTemplate\":\"https:\/\/skaitytaknyga.lt\/?s={search_term_string}\"},\"query-input\":{\"@type\":\"PropertyValueSpecification\",\"valueRequired\":true,\"valueName\":\"search_term_string\"}}],\"inLanguage\":\"en-GB\"},{\"@type\":\"Organization\",\"@id\":\"https:\/\/skaitytaknyga.lt\/#organization\",\"name\":\"skaitytaknyga.lt\",\"url\":\"https:\/\/skaitytaknyga.lt\/\",\"logo\":{\"@type\":\"ImageObject\",\"inLanguage\":\"en-GB\",\"@id\":\"https:\/\/skaitytaknyga.lt\/#\/schema\/logo\/image\/\",\"url\":\"https:\/\/skaitytaknyga.lt\/wp-content\/uploads\/2024\/05\/cropped-cropped-cropped-02_00843_jt3bggkj1j3HLc7SyY6rEUpg.jpeg\",\"contentUrl\":\"https:\/\/skaitytaknyga.lt\/wp-content\/uploads\/2024\/05\/cropped-cropped-cropped-02_00843_jt3bggkj1j3HLc7SyY6rEUpg.jpeg\",\"width\":1600,\"height\":1600,\"caption\":\"skaitytaknyga.lt\"},\"image\":{\"@id\":\"https:\/\/skaitytaknyga.lt\/#\/schema\/logo\/image\/\"},\"sameAs\":[\"https:\/\/www.facebook.com\/skaitytaknyga\/\"]}]}<\/script>\n<!-- \/ Yoast SEO plugin. -->","yoast_head_json":{"title":"Remarkas \u201eLaikas gyventi ir laikas mirti\u201c - Skaitytaknyga","description":"&nbsp;  Pagrindinis herojus \u2013 eilinis Greberis, gr\u012f\u017e\u0119s i\u0161 fronto atostog\u0173 \u012f savo gimt\u0105j\u012f miestel\u012f. Ta\u010diau jis randa visai ne tai, ko tik\u0117josi \u2013 visam miestely tvyro chaosas, po s\u0105junginink\u0173 bombardavim\u0173 ma\u017eai kas telik\u0119 nesugriauto. Greberis tikisi rast savo t\u0117vus, deja, randa tik namo griuv\u0117sius. Dabar jam liko tik viena i\u0161eitis \u2013 ie\u0161kot ir tik\u0117tis, kad t\u0117vai yra gyvi. Po berg\u017ed\u017ei\u0173 paie\u0161k\u0173 jis sutinka savo vaikyst\u0117s draug\u0119 Elizabet\u0105, tarp j\u0173 \u012fsi\u017eiebia ypatingas ry\u0161ys.","robots":{"index":"index","follow":"follow","max-snippet":"max-snippet:-1","max-image-preview":"max-image-preview:large","max-video-preview":"max-video-preview:-1"},"canonical":"https:\/\/skaitytaknyga.lt\/en\/produktas\/remarkas-laikas-gyventi-ir-laikas-mirti\/","og_locale":"en_GB","og_type":"article","og_title":"Remarkas \u201eLaikas gyventi ir laikas mirti\u201c - Skaitytaknyga","og_description":"&nbsp;  Pagrindinis herojus \u2013 eilinis Greberis, gr\u012f\u017e\u0119s i\u0161 fronto atostog\u0173 \u012f savo gimt\u0105j\u012f miestel\u012f. Ta\u010diau jis randa visai ne tai, ko tik\u0117josi \u2013 visam miestely tvyro chaosas, po s\u0105junginink\u0173 bombardavim\u0173 ma\u017eai kas telik\u0119 nesugriauto. Greberis tikisi rast savo t\u0117vus, deja, randa tik namo griuv\u0117sius. Dabar jam liko tik viena i\u0161eitis \u2013 ie\u0161kot ir tik\u0117tis, kad t\u0117vai yra gyvi. Po berg\u017ed\u017ei\u0173 paie\u0161k\u0173 jis sutinka savo vaikyst\u0117s draug\u0119 Elizabet\u0105, tarp j\u0173 \u012fsi\u017eiebia ypatingas ry\u0161ys.","og_url":"https:\/\/skaitytaknyga.lt\/en\/produktas\/remarkas-laikas-gyventi-ir-laikas-mirti\/","og_site_name":"Skaitytaknyga","article_publisher":"https:\/\/www.facebook.com\/skaitytaknyga\/","article_modified_time":"2024-05-03T07:29:22+00:00","og_image":[{"width":268,"height":430,"url":"https:\/\/skaitytaknyga.lt\/wp-content\/uploads\/2024\/05\/l.png","type":"image\/png"}],"twitter_card":"summary_large_image","twitter_misc":{"Estimated reading time":"1 minute"},"schema":{"@context":"https:\/\/schema.org","@graph":[{"@type":"WebPage","@id":"https:\/\/skaitytaknyga.lt\/produktas\/remarkas-laikas-gyventi-ir-laikas-mirti\/","url":"https:\/\/skaitytaknyga.lt\/produktas\/remarkas-laikas-gyventi-ir-laikas-mirti\/","name":"Remarkas \u201eLaikas gyventi ir laikas mirti\u201c - Skaitytaknyga","isPartOf":{"@id":"https:\/\/skaitytaknyga.lt\/#website"},"primaryImageOfPage":{"@id":"https:\/\/skaitytaknyga.lt\/produktas\/remarkas-laikas-gyventi-ir-laikas-mirti\/#primaryimage"},"image":{"@id":"https:\/\/skaitytaknyga.lt\/produktas\/remarkas-laikas-gyventi-ir-laikas-mirti\/#primaryimage"},"thumbnailUrl":"https:\/\/skaitytaknyga.lt\/wp-content\/uploads\/2024\/05\/l.png","datePublished":"2024-05-02T12:57:54+00:00","dateModified":"2024-05-03T07:29:22+00:00","description":"&nbsp; Pagrindinis herojus \u2013 eilinis Greberis, gr\u012f\u017e\u0119s i\u0161 fronto atostog\u0173 \u012f savo gimt\u0105j\u012f miestel\u012f. Ta\u010diau jis randa visai ne tai, ko tik\u0117josi \u2013 visam miestely tvyro chaosas, po s\u0105junginink\u0173 bombardavim\u0173 ma\u017eai kas telik\u0119 nesugriauto. Greberis tikisi rast savo t\u0117vus, deja, randa tik namo griuv\u0117sius. Dabar jam liko tik viena i\u0161eitis \u2013 ie\u0161kot ir tik\u0117tis, kad t\u0117vai yra gyvi. Po berg\u017ed\u017ei\u0173 paie\u0161k\u0173 jis sutinka savo vaikyst\u0117s draug\u0119 Elizabet\u0105, tarp j\u0173 \u012fsi\u017eiebia ypatingas ry\u0161ys.","breadcrumb":{"@id":"https:\/\/skaitytaknyga.lt\/produktas\/remarkas-laikas-gyventi-ir-laikas-mirti\/#breadcrumb"},"inLanguage":"en-GB","potentialAction":[{"@type":"ReadAction","target":["https:\/\/skaitytaknyga.lt\/produktas\/remarkas-laikas-gyventi-ir-laikas-mirti\/"]}]},{"@type":"ImageObject","inLanguage":"en-GB","@id":"https:\/\/skaitytaknyga.lt\/produktas\/remarkas-laikas-gyventi-ir-laikas-mirti\/#primaryimage","url":"https:\/\/skaitytaknyga.lt\/wp-content\/uploads\/2024\/05\/l.png","contentUrl":"https:\/\/skaitytaknyga.lt\/wp-content\/uploads\/2024\/05\/l.png","width":268,"height":430},{"@type":"BreadcrumbList","@id":"https:\/\/skaitytaknyga.lt\/produktas\/remarkas-laikas-gyventi-ir-laikas-mirti\/#breadcrumb","itemListElement":[{"@type":"ListItem","position":1,"name":"Home","item":"https:\/\/skaitytaknyga.lt\/"},{"@type":"ListItem","position":2,"name":"Parduotuv\u0117","item":"https:\/\/skaitytaknyga.lt\/knygu-parduotuve\/"},{"@type":"ListItem","position":3,"name":"Remarkas \u201eLaikas gyventi ir laikas mirti\u201c"}]},{"@type":"WebSite","@id":"https:\/\/skaitytaknyga.lt\/#website","url":"https:\/\/skaitytaknyga.lt\/","name":"skaitytaknyga.lt","description":"Skaitytaknyga.lt \u2013 tai ma\u017eas \u0161eimos verslas, kuris prasid\u0117jo nuo meil\u0117s knygoms ir siekio i\u0161gelb\u0117ti knygas nuo likimo prie konteinerio. Kas vienam nereikalingas daiktas \u2013 kitam lobis, o mes esame tarpininkai, kurie padeda abiems tapti laimingesniems ???? \u017dinome kaip nelengva i\u0161gyventi ma\u017eiems verslams, tad nuo \u0161iol, \u010dia rasite ir kit\u0173, ma\u017e\u0173 \u0161eim\u0173 versl\u0173, rank\u0173 darbo, dovan\u0173 sau ir artimiesiems.","publisher":{"@id":"https:\/\/skaitytaknyga.lt\/#organization"},"potentialAction":[{"@type":"SearchAction","target":{"@type":"EntryPoint","urlTemplate":"https:\/\/skaitytaknyga.lt\/?s={search_term_string}"},"query-input":{"@type":"PropertyValueSpecification","valueRequired":true,"valueName":"search_term_string"}}],"inLanguage":"en-GB"},{"@type":"Organization","@id":"https:\/\/skaitytaknyga.lt\/#organization","name":"skaitytaknyga.lt","url":"https:\/\/skaitytaknyga.lt\/","logo":{"@type":"ImageObject","inLanguage":"en-GB","@id":"https:\/\/skaitytaknyga.lt\/#\/schema\/logo\/image\/","url":"https:\/\/skaitytaknyga.lt\/wp-content\/uploads\/2024\/05\/cropped-cropped-cropped-02_00843_jt3bggkj1j3HLc7SyY6rEUpg.jpeg","contentUrl":"https:\/\/skaitytaknyga.lt\/wp-content\/uploads\/2024\/05\/cropped-cropped-cropped-02_00843_jt3bggkj1j3HLc7SyY6rEUpg.jpeg","width":1600,"height":1600,"caption":"skaitytaknyga.lt"},"image":{"@id":"https:\/\/skaitytaknyga.lt\/#\/schema\/logo\/image\/"},"sameAs":["https:\/\/www.facebook.com\/skaitytaknyga\/"]}]}},"_links":{"self":[{"href":"https:\/\/skaitytaknyga.lt\/en\/wp-json\/wp\/v2\/product\/5786","targetHints":{"allow":["GET"]}}],"collection":[{"href":"https:\/\/skaitytaknyga.lt\/en\/wp-json\/wp\/v2\/product"}],"about":[{"href":"https:\/\/skaitytaknyga.lt\/en\/wp-json\/wp\/v2\/types\/product"}],"replies":[{"embeddable":true,"href":"https:\/\/skaitytaknyga.lt\/en\/wp-json\/wp\/v2\/comments?post=5786"}],"wp:featuredmedia":[{"embeddable":true,"href":"https:\/\/skaitytaknyga.lt\/en\/wp-json\/wp\/v2\/media\/5798"}],"wp:attachment":[{"href":"https:\/\/skaitytaknyga.lt\/en\/wp-json\/wp\/v2\/media?parent=5786"}],"wp:term":[{"taxonomy":"product_brand","embeddable":true,"href":"https:\/\/skaitytaknyga.lt\/en\/wp-json\/wp\/v2\/product_brand?post=5786"},{"taxonomy":"product_cat","embeddable":true,"href":"https:\/\/skaitytaknyga.lt\/en\/wp-json\/wp\/v2\/product_cat?post=5786"},{"taxonomy":"product_tag","embeddable":true,"href":"https:\/\/skaitytaknyga.lt\/en\/wp-json\/wp\/v2\/product_tag?post=5786"}],"curies":[{"name":"wp","href":"https:\/\/api.w.org\/{rel}","templated":true}]}}