{"id":5783,"date":"2024-05-02T12:57:53","date_gmt":"2024-05-02T12:57:53","guid":{"rendered":"https:\/\/skaitytaknyga.lt\/?post_type=product&#038;p=5783"},"modified":"2024-05-03T07:29:22","modified_gmt":"2024-05-03T07:29:22","slug":"remarkas-seseliai-rojuje","status":"publish","type":"product","link":"https:\/\/skaitytaknyga.lt\/en\/produktas\/remarkas-seseliai-rojuje\/","title":{"rendered":"Remarkas &#8220;\u0160e\u0161\u0117liai rojuje&#8221;"},"content":{"rendered":"<p>Romane \u201e\u0160e\u0161\u0117liai rojuje\u201c E. M. Remarkas vaizduoja vokie\u010di\u0173 emigrant\u0173 gyvenim\u0105 Jungtin\u0117se Amerikos valstijose.<\/p>\n<p>Ten, fa\u0161izmo pragare, liko persekiojimai ir pa\u017eeminimai, kal\u0117jimai, koncentracijos stovyklos ir nuolatin\u0117 mirties baim\u0117, ten liko ir visa, kas brangiausia, &#8211; gimin\u0117s ir draugai, namai ir m\u0117gstamas darbas, ten nuolat gr\u012f\u017eta emigrant\u0173 mintys, juoba kad ir Amerikos \u201erojus\u201c, pavaizduotas romane labai i\u0161rai\u0161kingai, pasitiko \u201e\u0161e\u0161\u0117lius\u201c ne taip jau svetingai.<\/p>\n","protected":false},"excerpt":{"rendered":"<p>Romane \u201e\u0160e\u0161\u0117liai rojuje\u201c E. M. Remarkas vaizduoja vokie\u010di\u0173 emigrant\u0173 gyvenim\u0105 Jungtin\u0117se Amerikos valstijose.<\/p>\n<p>Ten, fa\u0161izmo pragare, liko persekiojimai ir pa\u017eeminimai, kal\u0117jimai, koncentracijos stovyklos ir nuolatin\u0117 mirties baim\u0117, ten liko ir visa, kas brangiausia, &#8211; gimin\u0117s ir draugai, namai ir m\u0117gstamas darbas, ten nuolat gr\u012f\u017eta emigrant\u0173 mintys, juoba kad ir Amerikos \u201erojus\u201c, pavaizduotas romane labai i\u0161rai\u0161kingai, pasitiko \u201e\u0161e\u0161\u0117lius\u201c ne taip jau svetingai.<\/p>\n","protected":false},"featured_media":5795,"comment_status":"closed","ping_status":"closed","template":"","meta":{"_acf_changed":false,"site-sidebar-layout":"default","site-content-layout":"","ast-site-content-layout":"default","site-content-style":"default","site-sidebar-style":"default","ast-global-header-display":"","ast-banner-title-visibility":"","ast-main-header-display":"","ast-hfb-above-header-display":"","ast-hfb-below-header-display":"","ast-hfb-mobile-header-display":"","site-post-title":"","ast-breadcrumbs-content":"","ast-featured-img":"","footer-sml-layout":"","ast-disable-related-posts":"","theme-transparent-header-meta":"","adv-header-id-meta":"","stick-header-meta":"","header-above-stick-meta":"","header-main-stick-meta":"","header-below-stick-meta":"","astra-migrate-meta-layouts":"default","ast-page-background-enabled":"default","ast-page-background-meta":{"desktop":{"background-color":"","background-image":"","background-repeat":"repeat","background-position":"center center","background-size":"auto","background-attachment":"scroll","background-type":"","background-media":"","overlay-type":"","overlay-color":"","overlay-opacity":"","overlay-gradient":""},"tablet":{"background-color":"","background-image":"","background-repeat":"repeat","background-position":"center center","background-size":"auto","background-attachment":"scroll","background-type":"","background-media":"","overlay-type":"","overlay-color":"","overlay-opacity":"","overlay-gradient":""},"mobile":{"background-color":"","background-image":"","background-repeat":"repeat","background-position":"center center","background-size":"auto","background-attachment":"scroll","background-type":"","background-media":"","overlay-type":"","overlay-color":"","overlay-opacity":"","overlay-gradient":""}},"ast-content-background-meta":{"desktop":{"background-color":"var(--ast-global-color-4)","background-image":"","background-repeat":"repeat","background-position":"center center","background-size":"auto","background-attachment":"scroll","background-type":"","background-media":"","overlay-type":"","overlay-color":"","overlay-opacity":"","overlay-gradient":""},"tablet":{"background-color":"var(--ast-global-color-4)","background-image":"","background-repeat":"repeat","background-position":"center center","background-size":"auto","background-attachment":"scroll","background-type":"","background-media":"","overlay-type":"","overlay-color":"","overlay-opacity":"","overlay-gradient":""},"mobile":{"background-color":"var(--ast-global-color-4)","background-image":"","background-repeat":"repeat","background-position":"center center","background-size":"auto","background-attachment":"scroll","background-type":"","background-media":"","overlay-type":"","overlay-color":"","overlay-opacity":"","overlay-gradient":""}}},"product_brand":[],"product_cat":[31,28],"product_tag":[],"class_list":{"0":"post-5783","1":"product","2":"type-product","3":"status-publish","4":"has-post-thumbnail","6":"product_cat-grozine-literatura","7":"product_cat-klasika","8":"pa_leidimo-metai-777","9":"pa_virselis-minkstas","10":"desktop-align-left","11":"tablet-align-left","12":"mobile-align-left","14":"first","15":"outofstock","16":"shipping-taxable","17":"purchasable","18":"product-type-simple"},"acf":[],"yoast_head":"<!-- This site is optimized with the Yoast SEO plugin v27.0 - https:\/\/yoast.com\/product\/yoast-seo-wordpress\/ -->\n<title>Remarkas &quot;\u0160e\u0161\u0117liai rojuje&quot; - Skaitytaknyga<\/title>\n<meta name=\"description\" content=\"Romane \u201e\u0160e\u0161\u0117liai rojuje\u201c E. M. Remarkas vaizduoja vokie\u010di\u0173 emigrant\u0173 gyvenim\u0105 Jungtin\u0117se Amerikos valstijose.  Ten, fa\u0161izmo pragare, liko persekiojimai ir pa\u017eeminimai, kal\u0117jimai, koncentracijos stovyklos ir nuolatin\u0117 mirties baim\u0117, ten liko ir visa, kas brangiausia, - gimin\u0117s ir draugai, namai ir m\u0117gstamas darbas, ten nuolat gr\u012f\u017eta emigrant\u0173 mintys, juoba kad ir Amerikos \u201erojus\u201c, pavaizduotas romane labai i\u0161rai\u0161kingai, pasitiko \u201e\u0161e\u0161\u0117lius\u201c ne taip jau svetingai.\" \/>\n<meta name=\"robots\" content=\"index, follow, max-snippet:-1, max-image-preview:large, max-video-preview:-1\" \/>\n<link rel=\"canonical\" href=\"https:\/\/skaitytaknyga.lt\/en\/produktas\/remarkas-seseliai-rojuje\/\" \/>\n<meta property=\"og:locale\" content=\"en_GB\" \/>\n<meta property=\"og:locale:alternate\" content=\"lt_LT\" \/>\n<meta property=\"og:type\" content=\"article\" \/>\n<meta property=\"og:title\" content=\"Remarkas &quot;\u0160e\u0161\u0117liai rojuje&quot; - Skaitytaknyga\" \/>\n<meta property=\"og:description\" content=\"Romane \u201e\u0160e\u0161\u0117liai rojuje\u201c E. M. Remarkas vaizduoja vokie\u010di\u0173 emigrant\u0173 gyvenim\u0105 Jungtin\u0117se Amerikos valstijose.  Ten, fa\u0161izmo pragare, liko persekiojimai ir pa\u017eeminimai, kal\u0117jimai, koncentracijos stovyklos ir nuolatin\u0117 mirties baim\u0117, ten liko ir visa, kas brangiausia, - gimin\u0117s ir draugai, namai ir m\u0117gstamas darbas, ten nuolat gr\u012f\u017eta emigrant\u0173 mintys, juoba kad ir Amerikos \u201erojus\u201c, pavaizduotas romane labai i\u0161rai\u0161kingai, pasitiko \u201e\u0161e\u0161\u0117lius\u201c ne taip jau svetingai.\" \/>\n<meta property=\"og:url\" content=\"https:\/\/skaitytaknyga.lt\/en\/produktas\/remarkas-seseliai-rojuje\/\" \/>\n<meta property=\"og:site_name\" content=\"Skaitytaknyga\" \/>\n<meta property=\"article:publisher\" content=\"https:\/\/www.facebook.com\/skaitytaknyga\/\" \/>\n<meta property=\"article:modified_time\" content=\"2024-05-03T07:29:22+00:00\" \/>\n<meta property=\"og:image\" content=\"https:\/\/skaitytaknyga.lt\/wp-content\/uploads\/2024\/05\/1462886103_img0006-001.jpg\" \/>\n\t<meta property=\"og:image:width\" content=\"276\" \/>\n\t<meta property=\"og:image:height\" content=\"430\" \/>\n\t<meta property=\"og:image:type\" content=\"image\/jpeg\" \/>\n<meta name=\"twitter:card\" content=\"summary_large_image\" \/>\n<meta name=\"twitter:label1\" content=\"Estimated reading time\" \/>\n\t<meta name=\"twitter:data1\" content=\"1 minute\" \/>\n<script type=\"application\/ld+json\" class=\"yoast-schema-graph\">{\"@context\":\"https:\/\/schema.org\",\"@graph\":[{\"@type\":\"WebPage\",\"@id\":\"https:\/\/skaitytaknyga.lt\/produktas\/remarkas-seseliai-rojuje\/\",\"url\":\"https:\/\/skaitytaknyga.lt\/produktas\/remarkas-seseliai-rojuje\/\",\"name\":\"Remarkas \\\"\u0160e\u0161\u0117liai rojuje\\\" - Skaitytaknyga\",\"isPartOf\":{\"@id\":\"https:\/\/skaitytaknyga.lt\/#website\"},\"primaryImageOfPage\":{\"@id\":\"https:\/\/skaitytaknyga.lt\/produktas\/remarkas-seseliai-rojuje\/#primaryimage\"},\"image\":{\"@id\":\"https:\/\/skaitytaknyga.lt\/produktas\/remarkas-seseliai-rojuje\/#primaryimage\"},\"thumbnailUrl\":\"https:\/\/skaitytaknyga.lt\/wp-content\/uploads\/2024\/05\/1462886103_img0006-001.jpg\",\"datePublished\":\"2024-05-02T12:57:53+00:00\",\"dateModified\":\"2024-05-03T07:29:22+00:00\",\"description\":\"Romane \u201e\u0160e\u0161\u0117liai rojuje\u201c E. M. Remarkas vaizduoja vokie\u010di\u0173 emigrant\u0173 gyvenim\u0105 Jungtin\u0117se Amerikos valstijose. Ten, fa\u0161izmo pragare, liko persekiojimai ir pa\u017eeminimai, kal\u0117jimai, koncentracijos stovyklos ir nuolatin\u0117 mirties baim\u0117, ten liko ir visa, kas brangiausia, - gimin\u0117s ir draugai, namai ir m\u0117gstamas darbas, ten nuolat gr\u012f\u017eta emigrant\u0173 mintys, juoba kad ir Amerikos \u201erojus\u201c, pavaizduotas romane labai i\u0161rai\u0161kingai, pasitiko \u201e\u0161e\u0161\u0117lius\u201c ne taip jau svetingai.\",\"breadcrumb\":{\"@id\":\"https:\/\/skaitytaknyga.lt\/produktas\/remarkas-seseliai-rojuje\/#breadcrumb\"},\"inLanguage\":\"en-GB\",\"potentialAction\":[{\"@type\":\"ReadAction\",\"target\":[\"https:\/\/skaitytaknyga.lt\/produktas\/remarkas-seseliai-rojuje\/\"]}]},{\"@type\":\"ImageObject\",\"inLanguage\":\"en-GB\",\"@id\":\"https:\/\/skaitytaknyga.lt\/produktas\/remarkas-seseliai-rojuje\/#primaryimage\",\"url\":\"https:\/\/skaitytaknyga.lt\/wp-content\/uploads\/2024\/05\/1462886103_img0006-001.jpg\",\"contentUrl\":\"https:\/\/skaitytaknyga.lt\/wp-content\/uploads\/2024\/05\/1462886103_img0006-001.jpg\",\"width\":276,\"height\":430},{\"@type\":\"BreadcrumbList\",\"@id\":\"https:\/\/skaitytaknyga.lt\/produktas\/remarkas-seseliai-rojuje\/#breadcrumb\",\"itemListElement\":[{\"@type\":\"ListItem\",\"position\":1,\"name\":\"Home\",\"item\":\"https:\/\/skaitytaknyga.lt\/\"},{\"@type\":\"ListItem\",\"position\":2,\"name\":\"Parduotuv\u0117\",\"item\":\"https:\/\/skaitytaknyga.lt\/knygu-parduotuve\/\"},{\"@type\":\"ListItem\",\"position\":3,\"name\":\"Remarkas &#8222;\u0160e\u0161\u0117liai rojuje&#8221;\"}]},{\"@type\":\"WebSite\",\"@id\":\"https:\/\/skaitytaknyga.lt\/#website\",\"url\":\"https:\/\/skaitytaknyga.lt\/\",\"name\":\"skaitytaknyga.lt\",\"description\":\"Skaitytaknyga.lt \u2013 tai ma\u017eas \u0161eimos verslas, kuris prasid\u0117jo nuo meil\u0117s knygoms ir siekio i\u0161gelb\u0117ti knygas nuo likimo prie konteinerio. Kas vienam nereikalingas daiktas \u2013 kitam lobis, o mes esame tarpininkai, kurie padeda abiems tapti laimingesniems ???? \u017dinome kaip nelengva i\u0161gyventi ma\u017eiems verslams, tad nuo \u0161iol, \u010dia rasite ir kit\u0173, ma\u017e\u0173 \u0161eim\u0173 versl\u0173, rank\u0173 darbo, dovan\u0173 sau ir artimiesiems.\",\"publisher\":{\"@id\":\"https:\/\/skaitytaknyga.lt\/#organization\"},\"potentialAction\":[{\"@type\":\"SearchAction\",\"target\":{\"@type\":\"EntryPoint\",\"urlTemplate\":\"https:\/\/skaitytaknyga.lt\/?s={search_term_string}\"},\"query-input\":{\"@type\":\"PropertyValueSpecification\",\"valueRequired\":true,\"valueName\":\"search_term_string\"}}],\"inLanguage\":\"en-GB\"},{\"@type\":\"Organization\",\"@id\":\"https:\/\/skaitytaknyga.lt\/#organization\",\"name\":\"skaitytaknyga.lt\",\"url\":\"https:\/\/skaitytaknyga.lt\/\",\"logo\":{\"@type\":\"ImageObject\",\"inLanguage\":\"en-GB\",\"@id\":\"https:\/\/skaitytaknyga.lt\/#\/schema\/logo\/image\/\",\"url\":\"https:\/\/skaitytaknyga.lt\/wp-content\/uploads\/2024\/05\/cropped-cropped-cropped-02_00843_jt3bggkj1j3HLc7SyY6rEUpg.jpeg\",\"contentUrl\":\"https:\/\/skaitytaknyga.lt\/wp-content\/uploads\/2024\/05\/cropped-cropped-cropped-02_00843_jt3bggkj1j3HLc7SyY6rEUpg.jpeg\",\"width\":1600,\"height\":1600,\"caption\":\"skaitytaknyga.lt\"},\"image\":{\"@id\":\"https:\/\/skaitytaknyga.lt\/#\/schema\/logo\/image\/\"},\"sameAs\":[\"https:\/\/www.facebook.com\/skaitytaknyga\/\"]}]}<\/script>\n<!-- \/ Yoast SEO plugin. -->","yoast_head_json":{"title":"Remarkas \"\u0160e\u0161\u0117liai rojuje\" - Skaitytaknyga","description":"Romane \u201e\u0160e\u0161\u0117liai rojuje\u201c E. M. Remarkas vaizduoja vokie\u010di\u0173 emigrant\u0173 gyvenim\u0105 Jungtin\u0117se Amerikos valstijose.  Ten, fa\u0161izmo pragare, liko persekiojimai ir pa\u017eeminimai, kal\u0117jimai, koncentracijos stovyklos ir nuolatin\u0117 mirties baim\u0117, ten liko ir visa, kas brangiausia, - gimin\u0117s ir draugai, namai ir m\u0117gstamas darbas, ten nuolat gr\u012f\u017eta emigrant\u0173 mintys, juoba kad ir Amerikos \u201erojus\u201c, pavaizduotas romane labai i\u0161rai\u0161kingai, pasitiko \u201e\u0161e\u0161\u0117lius\u201c ne taip jau svetingai.","robots":{"index":"index","follow":"follow","max-snippet":"max-snippet:-1","max-image-preview":"max-image-preview:large","max-video-preview":"max-video-preview:-1"},"canonical":"https:\/\/skaitytaknyga.lt\/en\/produktas\/remarkas-seseliai-rojuje\/","og_locale":"en_GB","og_type":"article","og_title":"Remarkas \"\u0160e\u0161\u0117liai rojuje\" - Skaitytaknyga","og_description":"Romane \u201e\u0160e\u0161\u0117liai rojuje\u201c E. M. Remarkas vaizduoja vokie\u010di\u0173 emigrant\u0173 gyvenim\u0105 Jungtin\u0117se Amerikos valstijose.  Ten, fa\u0161izmo pragare, liko persekiojimai ir pa\u017eeminimai, kal\u0117jimai, koncentracijos stovyklos ir nuolatin\u0117 mirties baim\u0117, ten liko ir visa, kas brangiausia, - gimin\u0117s ir draugai, namai ir m\u0117gstamas darbas, ten nuolat gr\u012f\u017eta emigrant\u0173 mintys, juoba kad ir Amerikos \u201erojus\u201c, pavaizduotas romane labai i\u0161rai\u0161kingai, pasitiko \u201e\u0161e\u0161\u0117lius\u201c ne taip jau svetingai.","og_url":"https:\/\/skaitytaknyga.lt\/en\/produktas\/remarkas-seseliai-rojuje\/","og_site_name":"Skaitytaknyga","article_publisher":"https:\/\/www.facebook.com\/skaitytaknyga\/","article_modified_time":"2024-05-03T07:29:22+00:00","og_image":[{"width":276,"height":430,"url":"https:\/\/skaitytaknyga.lt\/wp-content\/uploads\/2024\/05\/1462886103_img0006-001.jpg","type":"image\/jpeg"}],"twitter_card":"summary_large_image","twitter_misc":{"Estimated reading time":"1 minute"},"schema":{"@context":"https:\/\/schema.org","@graph":[{"@type":"WebPage","@id":"https:\/\/skaitytaknyga.lt\/produktas\/remarkas-seseliai-rojuje\/","url":"https:\/\/skaitytaknyga.lt\/produktas\/remarkas-seseliai-rojuje\/","name":"Remarkas \"\u0160e\u0161\u0117liai rojuje\" - Skaitytaknyga","isPartOf":{"@id":"https:\/\/skaitytaknyga.lt\/#website"},"primaryImageOfPage":{"@id":"https:\/\/skaitytaknyga.lt\/produktas\/remarkas-seseliai-rojuje\/#primaryimage"},"image":{"@id":"https:\/\/skaitytaknyga.lt\/produktas\/remarkas-seseliai-rojuje\/#primaryimage"},"thumbnailUrl":"https:\/\/skaitytaknyga.lt\/wp-content\/uploads\/2024\/05\/1462886103_img0006-001.jpg","datePublished":"2024-05-02T12:57:53+00:00","dateModified":"2024-05-03T07:29:22+00:00","description":"Romane \u201e\u0160e\u0161\u0117liai rojuje\u201c E. M. Remarkas vaizduoja vokie\u010di\u0173 emigrant\u0173 gyvenim\u0105 Jungtin\u0117se Amerikos valstijose. Ten, fa\u0161izmo pragare, liko persekiojimai ir pa\u017eeminimai, kal\u0117jimai, koncentracijos stovyklos ir nuolatin\u0117 mirties baim\u0117, ten liko ir visa, kas brangiausia, - gimin\u0117s ir draugai, namai ir m\u0117gstamas darbas, ten nuolat gr\u012f\u017eta emigrant\u0173 mintys, juoba kad ir Amerikos \u201erojus\u201c, pavaizduotas romane labai i\u0161rai\u0161kingai, pasitiko \u201e\u0161e\u0161\u0117lius\u201c ne taip jau svetingai.","breadcrumb":{"@id":"https:\/\/skaitytaknyga.lt\/produktas\/remarkas-seseliai-rojuje\/#breadcrumb"},"inLanguage":"en-GB","potentialAction":[{"@type":"ReadAction","target":["https:\/\/skaitytaknyga.lt\/produktas\/remarkas-seseliai-rojuje\/"]}]},{"@type":"ImageObject","inLanguage":"en-GB","@id":"https:\/\/skaitytaknyga.lt\/produktas\/remarkas-seseliai-rojuje\/#primaryimage","url":"https:\/\/skaitytaknyga.lt\/wp-content\/uploads\/2024\/05\/1462886103_img0006-001.jpg","contentUrl":"https:\/\/skaitytaknyga.lt\/wp-content\/uploads\/2024\/05\/1462886103_img0006-001.jpg","width":276,"height":430},{"@type":"BreadcrumbList","@id":"https:\/\/skaitytaknyga.lt\/produktas\/remarkas-seseliai-rojuje\/#breadcrumb","itemListElement":[{"@type":"ListItem","position":1,"name":"Home","item":"https:\/\/skaitytaknyga.lt\/"},{"@type":"ListItem","position":2,"name":"Parduotuv\u0117","item":"https:\/\/skaitytaknyga.lt\/knygu-parduotuve\/"},{"@type":"ListItem","position":3,"name":"Remarkas &#8222;\u0160e\u0161\u0117liai rojuje&#8221;"}]},{"@type":"WebSite","@id":"https:\/\/skaitytaknyga.lt\/#website","url":"https:\/\/skaitytaknyga.lt\/","name":"skaitytaknyga.lt","description":"Skaitytaknyga.lt \u2013 tai ma\u017eas \u0161eimos verslas, kuris prasid\u0117jo nuo meil\u0117s knygoms ir siekio i\u0161gelb\u0117ti knygas nuo likimo prie konteinerio. Kas vienam nereikalingas daiktas \u2013 kitam lobis, o mes esame tarpininkai, kurie padeda abiems tapti laimingesniems ???? \u017dinome kaip nelengva i\u0161gyventi ma\u017eiems verslams, tad nuo \u0161iol, \u010dia rasite ir kit\u0173, ma\u017e\u0173 \u0161eim\u0173 versl\u0173, rank\u0173 darbo, dovan\u0173 sau ir artimiesiems.","publisher":{"@id":"https:\/\/skaitytaknyga.lt\/#organization"},"potentialAction":[{"@type":"SearchAction","target":{"@type":"EntryPoint","urlTemplate":"https:\/\/skaitytaknyga.lt\/?s={search_term_string}"},"query-input":{"@type":"PropertyValueSpecification","valueRequired":true,"valueName":"search_term_string"}}],"inLanguage":"en-GB"},{"@type":"Organization","@id":"https:\/\/skaitytaknyga.lt\/#organization","name":"skaitytaknyga.lt","url":"https:\/\/skaitytaknyga.lt\/","logo":{"@type":"ImageObject","inLanguage":"en-GB","@id":"https:\/\/skaitytaknyga.lt\/#\/schema\/logo\/image\/","url":"https:\/\/skaitytaknyga.lt\/wp-content\/uploads\/2024\/05\/cropped-cropped-cropped-02_00843_jt3bggkj1j3HLc7SyY6rEUpg.jpeg","contentUrl":"https:\/\/skaitytaknyga.lt\/wp-content\/uploads\/2024\/05\/cropped-cropped-cropped-02_00843_jt3bggkj1j3HLc7SyY6rEUpg.jpeg","width":1600,"height":1600,"caption":"skaitytaknyga.lt"},"image":{"@id":"https:\/\/skaitytaknyga.lt\/#\/schema\/logo\/image\/"},"sameAs":["https:\/\/www.facebook.com\/skaitytaknyga\/"]}]}},"_links":{"self":[{"href":"https:\/\/skaitytaknyga.lt\/en\/wp-json\/wp\/v2\/product\/5783","targetHints":{"allow":["GET"]}}],"collection":[{"href":"https:\/\/skaitytaknyga.lt\/en\/wp-json\/wp\/v2\/product"}],"about":[{"href":"https:\/\/skaitytaknyga.lt\/en\/wp-json\/wp\/v2\/types\/product"}],"replies":[{"embeddable":true,"href":"https:\/\/skaitytaknyga.lt\/en\/wp-json\/wp\/v2\/comments?post=5783"}],"wp:featuredmedia":[{"embeddable":true,"href":"https:\/\/skaitytaknyga.lt\/en\/wp-json\/wp\/v2\/media\/5795"}],"wp:attachment":[{"href":"https:\/\/skaitytaknyga.lt\/en\/wp-json\/wp\/v2\/media?parent=5783"}],"wp:term":[{"taxonomy":"product_brand","embeddable":true,"href":"https:\/\/skaitytaknyga.lt\/en\/wp-json\/wp\/v2\/product_brand?post=5783"},{"taxonomy":"product_cat","embeddable":true,"href":"https:\/\/skaitytaknyga.lt\/en\/wp-json\/wp\/v2\/product_cat?post=5783"},{"taxonomy":"product_tag","embeddable":true,"href":"https:\/\/skaitytaknyga.lt\/en\/wp-json\/wp\/v2\/product_tag?post=5783"}],"curies":[{"name":"wp","href":"https:\/\/api.w.org\/{rel}","templated":true}]}}