{"id":5763,"date":"2024-05-02T15:57:08","date_gmt":"2024-05-02T12:57:08","guid":{"rendered":"https:\/\/skaitytaknyga.lt\/?post_type=product&#038;p=5763"},"modified":"2025-09-06T19:03:07","modified_gmt":"2025-09-06T16:03:07","slug":"anzelika-angelu-markize","status":"publish","type":"product","link":"https:\/\/skaitytaknyga.lt\/en\/produktas\/anzelika-angelu-markize\/","title":{"rendered":"An\u017eelika. Angel\u0173 markiz\u0117"},"content":{"rendered":"<p>&nbsp;<\/p>\n<div class=\"about-product-wrapper mob-view bg-white\">\n<div class=\"filter-wrapper filter-more-content book-description\">\n<div class=\"items am-filter-items-attr_leidykla\">\n<p>T\u0117vas i\u0161tekina labai jaun\u0105 An\u017eelik\u0105 u\u017e Tul\u016bzos didiko \u017dofr\u0117jaus de Peirako. Jis yra turtingesnis ir kilnesnis u\u017e jos am\u017einink\u0105 Liudvik\u0105 XIV. Ar ji pamils ir bus laiminga? An\u017eelika pamilsta savo vyr\u0105, nors jis ir luo\u0161as, ir su\u017ealotu veidu.<\/p>\n<p>Ta\u010diau,nelaimei, d\u0117l jo dideli\u0173 turt\u0173 ba\u017eny\u010dia ir karalius i\u0161 pavydo apkaltin\u0105 raganavimu, ry\u0161iais su velniu ir nori sudeginti j\u012f ant lau\u017eo.<\/p>\n<\/div>\n<\/div>\n<\/div>\n","protected":false},"excerpt":{"rendered":"<p>&nbsp;<\/p>\n<div class=\"about-product-wrapper mob-view bg-white\">\n<div class=\"filter-wrapper filter-more-content book-description\">\n<div class=\"items am-filter-items-attr_leidykla\">\n<p>T\u0117vas i\u0161tekina labai jaun\u0105 An\u017eelik\u0105 u\u017e Tul\u016bzos didiko \u017dofr\u0117jaus de Peirako. Jis yra turtingesnis ir kilnesnis u\u017e jos am\u017einink\u0105 Liudvik\u0105 XIV. Ar ji pamils ir bus laiminga? An\u017eelika pamilsta savo vyr\u0105, nors jis ir luo\u0161as, ir su\u017ealotu veidu.<\/p>\n<p>Ta\u010diau,nelaimei, d\u0117l jo dideli\u0173 turt\u0173 ba\u017eny\u010dia ir karalius i\u0161 pavydo apkaltin\u0105 raganavimu, ry\u0161iais su velniu ir nori sudeginti j\u012f ant lau\u017eo.<\/p>\n<\/div>\n<\/div>\n<\/div>\n","protected":false},"featured_media":5793,"comment_status":"closed","ping_status":"closed","template":"","meta":{"_acf_changed":false,"site-sidebar-layout":"default","site-content-layout":"","ast-site-content-layout":"default","site-content-style":"default","site-sidebar-style":"default","ast-global-header-display":"","ast-banner-title-visibility":"","ast-main-header-display":"","ast-hfb-above-header-display":"","ast-hfb-below-header-display":"","ast-hfb-mobile-header-display":"","site-post-title":"","ast-breadcrumbs-content":"","ast-featured-img":"","footer-sml-layout":"","ast-disable-related-posts":"","theme-transparent-header-meta":"","adv-header-id-meta":"","stick-header-meta":"","header-above-stick-meta":"","header-main-stick-meta":"","header-below-stick-meta":"","astra-migrate-meta-layouts":"default","ast-page-background-enabled":"default","ast-page-background-meta":{"desktop":{"background-color":"","background-image":"","background-repeat":"repeat","background-position":"center center","background-size":"auto","background-attachment":"scroll","background-type":"","background-media":"","overlay-type":"","overlay-color":"","overlay-opacity":"","overlay-gradient":""},"tablet":{"background-color":"","background-image":"","background-repeat":"repeat","background-position":"center center","background-size":"auto","background-attachment":"scroll","background-type":"","background-media":"","overlay-type":"","overlay-color":"","overlay-opacity":"","overlay-gradient":""},"mobile":{"background-color":"","background-image":"","background-repeat":"repeat","background-position":"center center","background-size":"auto","background-attachment":"scroll","background-type":"","background-media":"","overlay-type":"","overlay-color":"","overlay-opacity":"","overlay-gradient":""}},"ast-content-background-meta":{"desktop":{"background-color":"var(--ast-global-color-4)","background-image":"","background-repeat":"repeat","background-position":"center center","background-size":"auto","background-attachment":"scroll","background-type":"","background-media":"","overlay-type":"","overlay-color":"","overlay-opacity":"","overlay-gradient":""},"tablet":{"background-color":"var(--ast-global-color-4)","background-image":"","background-repeat":"repeat","background-position":"center center","background-size":"auto","background-attachment":"scroll","background-type":"","background-media":"","overlay-type":"","overlay-color":"","overlay-opacity":"","overlay-gradient":""},"mobile":{"background-color":"var(--ast-global-color-4)","background-image":"","background-repeat":"repeat","background-position":"center center","background-size":"auto","background-attachment":"scroll","background-type":"","background-media":"","overlay-type":"","overlay-color":"","overlay-opacity":"","overlay-gradient":""}}},"product_brand":[],"product_cat":[31],"product_tag":[],"class_list":{"0":"post-5763","1":"product","2":"type-product","3":"status-publish","4":"has-post-thumbnail","6":"product_cat-grozine-literatura","7":"pa_leidimo-metai-680","8":"pa_virselis-kietas","9":"desktop-align-left","10":"tablet-align-left","11":"mobile-align-left","13":"first","14":"outofstock","15":"shipping-taxable","16":"purchasable","17":"product-type-simple"},"acf":[],"yoast_head":"<!-- This site is optimized with the Yoast SEO plugin v27.4 - https:\/\/yoast.com\/product\/yoast-seo-wordpress\/ -->\n<title>An\u017eelika. Angel\u0173 markiz\u0117<\/title>\n<meta name=\"description\" content=\"&nbsp;     T\u0117vas i\u0161tekina labai jaun\u0105 An\u017eelik\u0105 u\u017e Tul\u016bzos didiko \u017dofr\u0117jaus de Peirako. Jis yra turtingesnis ir kilnesnis u\u017e jos am\u017einink\u0105 Liudvik\u0105 XIV. Ar ji pamils ir bus laiminga? An\u017eelika pamilsta savo vyr\u0105, nors jis ir luo\u0161as, ir su\u017ealotu veidu.  Ta\u010diau,nelaimei, d\u0117l jo dideli\u0173 turt\u0173 ba\u017eny\u010dia ir karalius i\u0161 pavydo apkaltin\u0105 raganavimu, ry\u0161iais su velniu ir nori sudeginti j\u012f ant lau\u017eo.\" \/>\n<meta name=\"robots\" content=\"index, follow, max-snippet:-1, max-image-preview:large, max-video-preview:-1\" \/>\n<link rel=\"canonical\" href=\"https:\/\/skaitytaknyga.lt\/en\/produktas\/anzelika-angelu-markize\/\" \/>\n<meta property=\"og:locale\" content=\"en_GB\" \/>\n<meta property=\"og:locale:alternate\" content=\"lt_LT\" \/>\n<meta property=\"og:type\" content=\"article\" \/>\n<meta property=\"og:title\" content=\"An\u017eelika. Angel\u0173 markiz\u0117\" \/>\n<meta property=\"og:description\" content=\"&nbsp;     T\u0117vas i\u0161tekina labai jaun\u0105 An\u017eelik\u0105 u\u017e Tul\u016bzos didiko \u017dofr\u0117jaus de Peirako. Jis yra turtingesnis ir kilnesnis u\u017e jos am\u017einink\u0105 Liudvik\u0105 XIV. Ar ji pamils ir bus laiminga? An\u017eelika pamilsta savo vyr\u0105, nors jis ir luo\u0161as, ir su\u017ealotu veidu.  Ta\u010diau,nelaimei, d\u0117l jo dideli\u0173 turt\u0173 ba\u017eny\u010dia ir karalius i\u0161 pavydo apkaltin\u0105 raganavimu, ry\u0161iais su velniu ir nori sudeginti j\u012f ant lau\u017eo.\" \/>\n<meta property=\"og:url\" content=\"https:\/\/skaitytaknyga.lt\/en\/produktas\/anzelika-angelu-markize\/\" \/>\n<meta property=\"og:site_name\" content=\"Skaitytaknyga\" \/>\n<meta property=\"article:publisher\" content=\"https:\/\/www.facebook.com\/skaitytaknyga\/\" \/>\n<meta property=\"article:modified_time\" content=\"2025-09-06T16:03:07+00:00\" \/>\n<meta property=\"og:image\" content=\"https:\/\/skaitytaknyga.lt\/wp-content\/uploads\/2024\/05\/1462878354_img0023.jpg\" \/>\n\t<meta property=\"og:image:width\" content=\"276\" \/>\n\t<meta property=\"og:image:height\" content=\"430\" \/>\n\t<meta property=\"og:image:type\" content=\"image\/jpeg\" \/>\n<meta name=\"twitter:card\" content=\"summary_large_image\" \/>\n<meta name=\"twitter:label1\" content=\"Estimated reading time\" \/>\n\t<meta name=\"twitter:data1\" content=\"1 minute\" \/>\n<script type=\"application\/ld+json\" class=\"yoast-schema-graph\">{\"@context\":\"https:\\\/\\\/schema.org\",\"@graph\":[{\"@type\":\"WebPage\",\"@id\":\"https:\\\/\\\/skaitytaknyga.lt\\\/produktas\\\/anzelika-angelu-markize\\\/\",\"url\":\"https:\\\/\\\/skaitytaknyga.lt\\\/produktas\\\/anzelika-angelu-markize\\\/\",\"name\":\"An\u017eelika. Angel\u0173 markiz\u0117\",\"isPartOf\":{\"@id\":\"https:\\\/\\\/skaitytaknyga.lt\\\/#website\"},\"primaryImageOfPage\":{\"@id\":\"https:\\\/\\\/skaitytaknyga.lt\\\/produktas\\\/anzelika-angelu-markize\\\/#primaryimage\"},\"image\":{\"@id\":\"https:\\\/\\\/skaitytaknyga.lt\\\/produktas\\\/anzelika-angelu-markize\\\/#primaryimage\"},\"thumbnailUrl\":\"https:\\\/\\\/skaitytaknyga.lt\\\/wp-content\\\/uploads\\\/2024\\\/05\\\/1462878354_img0023.jpg\",\"datePublished\":\"2024-05-02T12:57:08+00:00\",\"dateModified\":\"2025-09-06T16:03:07+00:00\",\"description\":\"&nbsp; T\u0117vas i\u0161tekina labai jaun\u0105 An\u017eelik\u0105 u\u017e Tul\u016bzos didiko \u017dofr\u0117jaus de Peirako. Jis yra turtingesnis ir kilnesnis u\u017e jos am\u017einink\u0105 Liudvik\u0105 XIV. Ar ji pamils ir bus laiminga? An\u017eelika pamilsta savo vyr\u0105, nors jis ir luo\u0161as, ir su\u017ealotu veidu. Ta\u010diau,nelaimei, d\u0117l jo dideli\u0173 turt\u0173 ba\u017eny\u010dia ir karalius i\u0161 pavydo apkaltin\u0105 raganavimu, ry\u0161iais su velniu ir nori sudeginti j\u012f ant lau\u017eo.\",\"breadcrumb\":{\"@id\":\"https:\\\/\\\/skaitytaknyga.lt\\\/produktas\\\/anzelika-angelu-markize\\\/#breadcrumb\"},\"inLanguage\":\"en-GB\",\"potentialAction\":[{\"@type\":\"ReadAction\",\"target\":[\"https:\\\/\\\/skaitytaknyga.lt\\\/produktas\\\/anzelika-angelu-markize\\\/\"]}]},{\"@type\":\"ImageObject\",\"inLanguage\":\"en-GB\",\"@id\":\"https:\\\/\\\/skaitytaknyga.lt\\\/produktas\\\/anzelika-angelu-markize\\\/#primaryimage\",\"url\":\"https:\\\/\\\/skaitytaknyga.lt\\\/wp-content\\\/uploads\\\/2024\\\/05\\\/1462878354_img0023.jpg\",\"contentUrl\":\"https:\\\/\\\/skaitytaknyga.lt\\\/wp-content\\\/uploads\\\/2024\\\/05\\\/1462878354_img0023.jpg\",\"width\":276,\"height\":430},{\"@type\":\"BreadcrumbList\",\"@id\":\"https:\\\/\\\/skaitytaknyga.lt\\\/produktas\\\/anzelika-angelu-markize\\\/#breadcrumb\",\"itemListElement\":[{\"@type\":\"ListItem\",\"position\":1,\"name\":\"Home\",\"item\":\"https:\\\/\\\/skaitytaknyga.lt\\\/\"},{\"@type\":\"ListItem\",\"position\":2,\"name\":\"Parduotuv\u0117\",\"item\":\"https:\\\/\\\/skaitytaknyga.lt\\\/knygu-parduotuve\\\/\"},{\"@type\":\"ListItem\",\"position\":3,\"name\":\"An\u017eelika. Angel\u0173 markiz\u0117\"}]},{\"@type\":\"WebSite\",\"@id\":\"https:\\\/\\\/skaitytaknyga.lt\\\/#website\",\"url\":\"https:\\\/\\\/skaitytaknyga.lt\\\/\",\"name\":\"skaitytaknyga.lt\",\"description\":\"Skaitytaknyga.lt \u2013 tai ma\u017eas \u0161eimos verslas, kuris prasid\u0117jo nuo meil\u0117s knygoms ir siekio i\u0161gelb\u0117ti knygas nuo likimo prie konteinerio. Kas vienam nereikalingas daiktas \u2013 kitam lobis, o mes esame tarpininkai, kurie padeda abiems tapti laimingesniems ???? \u017dinome kaip nelengva i\u0161gyventi ma\u017eiems verslams, tad nuo \u0161iol, \u010dia rasite ir kit\u0173, ma\u017e\u0173 \u0161eim\u0173 versl\u0173, rank\u0173 darbo, dovan\u0173 sau ir artimiesiems.\",\"publisher\":{\"@id\":\"https:\\\/\\\/skaitytaknyga.lt\\\/#organization\"},\"potentialAction\":[{\"@type\":\"SearchAction\",\"target\":{\"@type\":\"EntryPoint\",\"urlTemplate\":\"https:\\\/\\\/skaitytaknyga.lt\\\/?s={search_term_string}\"},\"query-input\":{\"@type\":\"PropertyValueSpecification\",\"valueRequired\":true,\"valueName\":\"search_term_string\"}}],\"inLanguage\":\"en-GB\"},{\"@type\":\"Organization\",\"@id\":\"https:\\\/\\\/skaitytaknyga.lt\\\/#organization\",\"name\":\"skaitytaknyga.lt\",\"url\":\"https:\\\/\\\/skaitytaknyga.lt\\\/\",\"logo\":{\"@type\":\"ImageObject\",\"inLanguage\":\"en-GB\",\"@id\":\"https:\\\/\\\/skaitytaknyga.lt\\\/#\\\/schema\\\/logo\\\/image\\\/\",\"url\":\"https:\\\/\\\/skaitytaknyga.lt\\\/wp-content\\\/uploads\\\/2024\\\/05\\\/cropped-cropped-cropped-02_00843_jt3bggkj1j3HLc7SyY6rEUpg.jpeg\",\"contentUrl\":\"https:\\\/\\\/skaitytaknyga.lt\\\/wp-content\\\/uploads\\\/2024\\\/05\\\/cropped-cropped-cropped-02_00843_jt3bggkj1j3HLc7SyY6rEUpg.jpeg\",\"width\":1600,\"height\":1600,\"caption\":\"skaitytaknyga.lt\"},\"image\":{\"@id\":\"https:\\\/\\\/skaitytaknyga.lt\\\/#\\\/schema\\\/logo\\\/image\\\/\"},\"sameAs\":[\"https:\\\/\\\/www.facebook.com\\\/skaitytaknyga\\\/\"]}]}<\/script>\n<!-- \/ Yoast SEO plugin. -->","yoast_head_json":{"title":"An\u017eelika. Angel\u0173 markiz\u0117","description":"&nbsp;     T\u0117vas i\u0161tekina labai jaun\u0105 An\u017eelik\u0105 u\u017e Tul\u016bzos didiko \u017dofr\u0117jaus de Peirako. Jis yra turtingesnis ir kilnesnis u\u017e jos am\u017einink\u0105 Liudvik\u0105 XIV. Ar ji pamils ir bus laiminga? An\u017eelika pamilsta savo vyr\u0105, nors jis ir luo\u0161as, ir su\u017ealotu veidu.  Ta\u010diau,nelaimei, d\u0117l jo dideli\u0173 turt\u0173 ba\u017eny\u010dia ir karalius i\u0161 pavydo apkaltin\u0105 raganavimu, ry\u0161iais su velniu ir nori sudeginti j\u012f ant lau\u017eo.","robots":{"index":"index","follow":"follow","max-snippet":"max-snippet:-1","max-image-preview":"max-image-preview:large","max-video-preview":"max-video-preview:-1"},"canonical":"https:\/\/skaitytaknyga.lt\/en\/produktas\/anzelika-angelu-markize\/","og_locale":"en_GB","og_type":"article","og_title":"[:lt]An\u017eelika. Angel\u0173 markiz\u0117[:] - Skaitytaknyga","og_description":"&nbsp;     T\u0117vas i\u0161tekina labai jaun\u0105 An\u017eelik\u0105 u\u017e Tul\u016bzos didiko \u017dofr\u0117jaus de Peirako. Jis yra turtingesnis ir kilnesnis u\u017e jos am\u017einink\u0105 Liudvik\u0105 XIV. Ar ji pamils ir bus laiminga? An\u017eelika pamilsta savo vyr\u0105, nors jis ir luo\u0161as, ir su\u017ealotu veidu.  Ta\u010diau,nelaimei, d\u0117l jo dideli\u0173 turt\u0173 ba\u017eny\u010dia ir karalius i\u0161 pavydo apkaltin\u0105 raganavimu, ry\u0161iais su velniu ir nori sudeginti j\u012f ant lau\u017eo.","og_url":"https:\/\/skaitytaknyga.lt\/en\/produktas\/anzelika-angelu-markize\/","og_site_name":"Skaitytaknyga","article_publisher":"https:\/\/www.facebook.com\/skaitytaknyga\/","article_modified_time":"2025-09-06T16:03:07+00:00","og_image":[{"width":276,"height":430,"url":"https:\/\/skaitytaknyga.lt\/wp-content\/uploads\/2024\/05\/1462878354_img0023.jpg","type":"image\/jpeg"}],"twitter_card":"summary_large_image","twitter_misc":{"Estimated reading time":"1 minute"},"schema":{"@context":"https:\/\/schema.org","@graph":[{"@type":"WebPage","@id":"https:\/\/skaitytaknyga.lt\/produktas\/anzelika-angelu-markize\/","url":"https:\/\/skaitytaknyga.lt\/produktas\/anzelika-angelu-markize\/","name":"An\u017eelika. Angel\u0173 markiz\u0117","isPartOf":{"@id":"https:\/\/skaitytaknyga.lt\/#website"},"primaryImageOfPage":{"@id":"https:\/\/skaitytaknyga.lt\/produktas\/anzelika-angelu-markize\/#primaryimage"},"image":{"@id":"https:\/\/skaitytaknyga.lt\/produktas\/anzelika-angelu-markize\/#primaryimage"},"thumbnailUrl":"https:\/\/skaitytaknyga.lt\/wp-content\/uploads\/2024\/05\/1462878354_img0023.jpg","datePublished":"2024-05-02T12:57:08+00:00","dateModified":"2025-09-06T16:03:07+00:00","description":"&nbsp; T\u0117vas i\u0161tekina labai jaun\u0105 An\u017eelik\u0105 u\u017e Tul\u016bzos didiko \u017dofr\u0117jaus de Peirako. Jis yra turtingesnis ir kilnesnis u\u017e jos am\u017einink\u0105 Liudvik\u0105 XIV. Ar ji pamils ir bus laiminga? An\u017eelika pamilsta savo vyr\u0105, nors jis ir luo\u0161as, ir su\u017ealotu veidu. Ta\u010diau,nelaimei, d\u0117l jo dideli\u0173 turt\u0173 ba\u017eny\u010dia ir karalius i\u0161 pavydo apkaltin\u0105 raganavimu, ry\u0161iais su velniu ir nori sudeginti j\u012f ant lau\u017eo.","breadcrumb":{"@id":"https:\/\/skaitytaknyga.lt\/produktas\/anzelika-angelu-markize\/#breadcrumb"},"inLanguage":"en-GB","potentialAction":[{"@type":"ReadAction","target":["https:\/\/skaitytaknyga.lt\/produktas\/anzelika-angelu-markize\/"]}]},{"@type":"ImageObject","inLanguage":"en-GB","@id":"https:\/\/skaitytaknyga.lt\/produktas\/anzelika-angelu-markize\/#primaryimage","url":"https:\/\/skaitytaknyga.lt\/wp-content\/uploads\/2024\/05\/1462878354_img0023.jpg","contentUrl":"https:\/\/skaitytaknyga.lt\/wp-content\/uploads\/2024\/05\/1462878354_img0023.jpg","width":276,"height":430},{"@type":"BreadcrumbList","@id":"https:\/\/skaitytaknyga.lt\/produktas\/anzelika-angelu-markize\/#breadcrumb","itemListElement":[{"@type":"ListItem","position":1,"name":"Home","item":"https:\/\/skaitytaknyga.lt\/"},{"@type":"ListItem","position":2,"name":"Parduotuv\u0117","item":"https:\/\/skaitytaknyga.lt\/knygu-parduotuve\/"},{"@type":"ListItem","position":3,"name":"An\u017eelika. Angel\u0173 markiz\u0117"}]},{"@type":"WebSite","@id":"https:\/\/skaitytaknyga.lt\/#website","url":"https:\/\/skaitytaknyga.lt\/","name":"skaitytaknyga.lt","description":"Skaitytaknyga.lt \u2013 tai ma\u017eas \u0161eimos verslas, kuris prasid\u0117jo nuo meil\u0117s knygoms ir siekio i\u0161gelb\u0117ti knygas nuo likimo prie konteinerio. Kas vienam nereikalingas daiktas \u2013 kitam lobis, o mes esame tarpininkai, kurie padeda abiems tapti laimingesniems ???? \u017dinome kaip nelengva i\u0161gyventi ma\u017eiems verslams, tad nuo \u0161iol, \u010dia rasite ir kit\u0173, ma\u017e\u0173 \u0161eim\u0173 versl\u0173, rank\u0173 darbo, dovan\u0173 sau ir artimiesiems.","publisher":{"@id":"https:\/\/skaitytaknyga.lt\/#organization"},"potentialAction":[{"@type":"SearchAction","target":{"@type":"EntryPoint","urlTemplate":"https:\/\/skaitytaknyga.lt\/?s={search_term_string}"},"query-input":{"@type":"PropertyValueSpecification","valueRequired":true,"valueName":"search_term_string"}}],"inLanguage":"en-GB"},{"@type":"Organization","@id":"https:\/\/skaitytaknyga.lt\/#organization","name":"skaitytaknyga.lt","url":"https:\/\/skaitytaknyga.lt\/","logo":{"@type":"ImageObject","inLanguage":"en-GB","@id":"https:\/\/skaitytaknyga.lt\/#\/schema\/logo\/image\/","url":"https:\/\/skaitytaknyga.lt\/wp-content\/uploads\/2024\/05\/cropped-cropped-cropped-02_00843_jt3bggkj1j3HLc7SyY6rEUpg.jpeg","contentUrl":"https:\/\/skaitytaknyga.lt\/wp-content\/uploads\/2024\/05\/cropped-cropped-cropped-02_00843_jt3bggkj1j3HLc7SyY6rEUpg.jpeg","width":1600,"height":1600,"caption":"skaitytaknyga.lt"},"image":{"@id":"https:\/\/skaitytaknyga.lt\/#\/schema\/logo\/image\/"},"sameAs":["https:\/\/www.facebook.com\/skaitytaknyga\/"]}]}},"_links":{"self":[{"href":"https:\/\/skaitytaknyga.lt\/en\/wp-json\/wp\/v2\/product\/5763","targetHints":{"allow":["GET"]}}],"collection":[{"href":"https:\/\/skaitytaknyga.lt\/en\/wp-json\/wp\/v2\/product"}],"about":[{"href":"https:\/\/skaitytaknyga.lt\/en\/wp-json\/wp\/v2\/types\/product"}],"replies":[{"embeddable":true,"href":"https:\/\/skaitytaknyga.lt\/en\/wp-json\/wp\/v2\/comments?post=5763"}],"wp:featuredmedia":[{"embeddable":true,"href":"https:\/\/skaitytaknyga.lt\/en\/wp-json\/wp\/v2\/media\/5793"}],"wp:attachment":[{"href":"https:\/\/skaitytaknyga.lt\/en\/wp-json\/wp\/v2\/media?parent=5763"}],"wp:term":[{"taxonomy":"product_brand","embeddable":true,"href":"https:\/\/skaitytaknyga.lt\/en\/wp-json\/wp\/v2\/product_brand?post=5763"},{"taxonomy":"product_cat","embeddable":true,"href":"https:\/\/skaitytaknyga.lt\/en\/wp-json\/wp\/v2\/product_cat?post=5763"},{"taxonomy":"product_tag","embeddable":true,"href":"https:\/\/skaitytaknyga.lt\/en\/wp-json\/wp\/v2\/product_tag?post=5763"}],"curies":[{"name":"wp","href":"https:\/\/api.w.org\/{rel}","templated":true}]}}