{"id":5761,"date":"2024-05-02T12:56:45","date_gmt":"2024-05-02T12:56:45","guid":{"rendered":"https:\/\/skaitytaknyga.lt\/?post_type=product&#038;p=5761"},"modified":"2025-09-06T19:03:16","modified_gmt":"2025-09-06T16:03:16","slug":"nesutramdomoji-anzelika","status":"publish","type":"product","link":"https:\/\/skaitytaknyga.lt\/en\/produktas\/nesutramdomoji-anzelika\/","title":{"rendered":"Nesutramdomoji An\u017eelika"},"content":{"rendered":"<p>&nbsp;<\/p>\n<p>Veiksmas vyksta Vidur\u017eemio j\u016broje ir \u0160iaur\u0117s Afrikoje Liudviko XIV am\u017eininko Mul\u0117jaus Ismailio, vadinamo \u201eIslamo kardu\u201c, laikais. \u0160is valdovas \u012fk\u016br\u0117 imperij\u0105, kuri driek\u0117si nuo Vidur\u017eemio j\u016bros iki Nigerio krant\u0173 ir iki Nilo i\u0161tak\u0173.<\/p>\n<p>An\u017eelika atkakliai ie\u0161ko savo pirmojo vyro grafo \u017dofr\u0117jaus de Peirako. Jai nutinka ne\u012ftikinamiausi\u0173 nuotyki\u0173. \u0160\u012f kart\u0105 ji rizikuoja pra\u017eudyti ne tik k\u016bn\u0105, bet ir dvasi\u0105.<\/p>\n<p>Vydamasi vyro \u0161m\u0117kl\u0105, kuri b\u0117ga nuo jos kaip dykum\u0173 mira\u017eas, gra\u017eioji An\u017eelika i\u0161gyvena kupinas aistros ir tragizmo valandas. Kaip bjauri vergija ir Ryt\u0173 \u017eavesys paveikia m\u016bs\u0173 heroj\u0119? Ar vis\u0173 v\u0117j\u0173 bla\u0161koma valtel\u0117 pasieks ram\u0173 u\u017eut\u0117k\u012f? Ar An\u017eelika v\u0117l gal\u0117s d\u017eiaugtis nam\u0173 \u017eidinio jaukumu? Gal pagaliau bus atskleista grafo de Peirako dingimo paslaptis?<\/p>\n","protected":false},"excerpt":{"rendered":"<p>&nbsp;<\/p>\n<p>Veiksmas vyksta Vidur\u017eemio j\u016broje ir \u0160iaur\u0117s Afrikoje Liudviko XIV am\u017eininko Mul\u0117jaus Ismailio, vadinamo \u201eIslamo kardu\u201c, laikais. \u0160is valdovas \u012fk\u016br\u0117 imperij\u0105, kuri driek\u0117si nuo Vidur\u017eemio j\u016bros iki Nigerio krant\u0173 ir iki Nilo i\u0161tak\u0173.<\/p>\n<p>An\u017eelika atkakliai ie\u0161ko savo pirmojo vyro grafo \u017dofr\u0117jaus de Peirako. Jai nutinka ne\u012ftikinamiausi\u0173 nuotyki\u0173. \u0160\u012f kart\u0105 ji rizikuoja pra\u017eudyti ne tik k\u016bn\u0105, bet ir dvasi\u0105.<\/p>\n<p>Vydamasi vyro \u0161m\u0117kl\u0105, kuri b\u0117ga nuo jos kaip dykum\u0173 mira\u017eas, gra\u017eioji An\u017eelika i\u0161gyvena kupinas aistros ir tragizmo valandas. Kaip bjauri vergija ir Ryt\u0173 \u017eavesys paveikia m\u016bs\u0173 heroj\u0119? Ar vis\u0173 v\u0117j\u0173 bla\u0161koma valtel\u0117 pasieks ram\u0173 u\u017eut\u0117k\u012f? Ar An\u017eelika v\u0117l gal\u0117s d\u017eiaugtis nam\u0173 \u017eidinio jaukumu? Gal pagaliau bus atskleista grafo de Peirako dingimo paslaptis?<\/p>\n","protected":false},"featured_media":5792,"comment_status":"closed","ping_status":"closed","template":"","meta":{"_acf_changed":false,"site-sidebar-layout":"default","site-content-layout":"","ast-site-content-layout":"default","site-content-style":"default","site-sidebar-style":"default","ast-global-header-display":"","ast-banner-title-visibility":"","ast-main-header-display":"","ast-hfb-above-header-display":"","ast-hfb-below-header-display":"","ast-hfb-mobile-header-display":"","site-post-title":"","ast-breadcrumbs-content":"","ast-featured-img":"","footer-sml-layout":"","ast-disable-related-posts":"","theme-transparent-header-meta":"","adv-header-id-meta":"","stick-header-meta":"","header-above-stick-meta":"","header-main-stick-meta":"","header-below-stick-meta":"","astra-migrate-meta-layouts":"default","ast-page-background-enabled":"default","ast-page-background-meta":{"desktop":{"background-color":"","background-image":"","background-repeat":"repeat","background-position":"center center","background-size":"auto","background-attachment":"scroll","background-type":"","background-media":"","overlay-type":"","overlay-color":"","overlay-opacity":"","overlay-gradient":""},"tablet":{"background-color":"","background-image":"","background-repeat":"repeat","background-position":"center center","background-size":"auto","background-attachment":"scroll","background-type":"","background-media":"","overlay-type":"","overlay-color":"","overlay-opacity":"","overlay-gradient":""},"mobile":{"background-color":"","background-image":"","background-repeat":"repeat","background-position":"center center","background-size":"auto","background-attachment":"scroll","background-type":"","background-media":"","overlay-type":"","overlay-color":"","overlay-opacity":"","overlay-gradient":""}},"ast-content-background-meta":{"desktop":{"background-color":"var(--ast-global-color-4)","background-image":"","background-repeat":"repeat","background-position":"center center","background-size":"auto","background-attachment":"scroll","background-type":"","background-media":"","overlay-type":"","overlay-color":"","overlay-opacity":"","overlay-gradient":""},"tablet":{"background-color":"var(--ast-global-color-4)","background-image":"","background-repeat":"repeat","background-position":"center center","background-size":"auto","background-attachment":"scroll","background-type":"","background-media":"","overlay-type":"","overlay-color":"","overlay-opacity":"","overlay-gradient":""},"mobile":{"background-color":"var(--ast-global-color-4)","background-image":"","background-repeat":"repeat","background-position":"center center","background-size":"auto","background-attachment":"scroll","background-type":"","background-media":"","overlay-type":"","overlay-color":"","overlay-opacity":"","overlay-gradient":""}}},"product_brand":[],"product_cat":[31],"product_tag":[],"class_list":{"0":"post-5761","1":"product","2":"type-product","3":"status-publish","4":"has-post-thumbnail","6":"product_cat-grozine-literatura","7":"pa_leidimo-metai-680","8":"pa_virselis-kietas","9":"desktop-align-left","10":"tablet-align-left","11":"mobile-align-left","13":"first","14":"outofstock","15":"shipping-taxable","16":"purchasable","17":"product-type-simple"},"acf":[],"yoast_head":"<!-- This site is optimized with the Yoast SEO plugin v27.0 - https:\/\/yoast.com\/product\/yoast-seo-wordpress\/ -->\n<title>Nesutramdomoji An\u017eelika - Skaitytaknyga<\/title>\n<meta name=\"description\" content=\"&nbsp;  Veiksmas vyksta Vidur\u017eemio j\u016broje ir \u0160iaur\u0117s Afrikoje Liudviko XIV am\u017eininko Mul\u0117jaus Ismailio, vadinamo \u201eIslamo kardu\u201c, laikais. \u0160is valdovas \u012fk\u016br\u0117 imperij\u0105, kuri driek\u0117si nuo Vidur\u017eemio j\u016bros iki Nigerio krant\u0173 ir iki Nilo i\u0161tak\u0173.  An\u017eelika atkakliai ie\u0161ko savo pirmojo vyro grafo \u017dofr\u0117jaus de Peirako. Jai nutinka ne\u012ftikinamiausi\u0173 nuotyki\u0173. \u0160\u012f kart\u0105 ji rizikuoja pra\u017eudyti ne tik k\u016bn\u0105, bet ir dvasi\u0105.  Vydamasi vyro \u0161m\u0117kl\u0105, kuri b\u0117ga nuo jos kaip dykum\u0173 mira\u017eas, gra\u017eioji An\u017eelika i\u0161gyvena kupinas aistros ir tragizmo valandas. Kaip bjauri vergija ir Ryt\u0173 \u017eavesys paveikia m\u016bs\u0173 heroj\u0119? Ar vis\u0173 v\u0117j\u0173 bla\u0161koma valtel\u0117 pasieks ram\u0173 u\u017eut\u0117k\u012f? Ar An\u017eelika v\u0117l gal\u0117s d\u017eiaugtis nam\u0173 \u017eidinio jaukumu? Gal pagaliau bus atskleista grafo de Peirako dingimo paslaptis?\" \/>\n<meta name=\"robots\" content=\"index, follow, max-snippet:-1, max-image-preview:large, max-video-preview:-1\" \/>\n<link rel=\"canonical\" href=\"https:\/\/skaitytaknyga.lt\/en\/produktas\/nesutramdomoji-anzelika\/\" \/>\n<meta property=\"og:locale\" content=\"en_GB\" \/>\n<meta property=\"og:locale:alternate\" content=\"lt_LT\" \/>\n<meta property=\"og:type\" content=\"article\" \/>\n<meta property=\"og:title\" content=\"Nesutramdomoji An\u017eelika - Skaitytaknyga\" \/>\n<meta property=\"og:description\" content=\"&nbsp;  Veiksmas vyksta Vidur\u017eemio j\u016broje ir \u0160iaur\u0117s Afrikoje Liudviko XIV am\u017eininko Mul\u0117jaus Ismailio, vadinamo \u201eIslamo kardu\u201c, laikais. \u0160is valdovas \u012fk\u016br\u0117 imperij\u0105, kuri driek\u0117si nuo Vidur\u017eemio j\u016bros iki Nigerio krant\u0173 ir iki Nilo i\u0161tak\u0173.  An\u017eelika atkakliai ie\u0161ko savo pirmojo vyro grafo \u017dofr\u0117jaus de Peirako. Jai nutinka ne\u012ftikinamiausi\u0173 nuotyki\u0173. \u0160\u012f kart\u0105 ji rizikuoja pra\u017eudyti ne tik k\u016bn\u0105, bet ir dvasi\u0105.  Vydamasi vyro \u0161m\u0117kl\u0105, kuri b\u0117ga nuo jos kaip dykum\u0173 mira\u017eas, gra\u017eioji An\u017eelika i\u0161gyvena kupinas aistros ir tragizmo valandas. Kaip bjauri vergija ir Ryt\u0173 \u017eavesys paveikia m\u016bs\u0173 heroj\u0119? Ar vis\u0173 v\u0117j\u0173 bla\u0161koma valtel\u0117 pasieks ram\u0173 u\u017eut\u0117k\u012f? Ar An\u017eelika v\u0117l gal\u0117s d\u017eiaugtis nam\u0173 \u017eidinio jaukumu? Gal pagaliau bus atskleista grafo de Peirako dingimo paslaptis?\" \/>\n<meta property=\"og:url\" content=\"https:\/\/skaitytaknyga.lt\/en\/produktas\/nesutramdomoji-anzelika\/\" \/>\n<meta property=\"og:site_name\" content=\"Skaitytaknyga\" \/>\n<meta property=\"article:publisher\" content=\"https:\/\/www.facebook.com\/skaitytaknyga\/\" \/>\n<meta property=\"article:modified_time\" content=\"2025-09-06T16:03:16+00:00\" \/>\n<meta property=\"og:image\" content=\"https:\/\/skaitytaknyga.lt\/wp-content\/uploads\/2024\/05\/1462885173_img0043-001.jpg\" \/>\n\t<meta property=\"og:image:width\" content=\"282\" \/>\n\t<meta property=\"og:image:height\" content=\"430\" \/>\n\t<meta property=\"og:image:type\" content=\"image\/jpeg\" \/>\n<meta name=\"twitter:card\" content=\"summary_large_image\" \/>\n<meta name=\"twitter:label1\" content=\"Estimated reading time\" \/>\n\t<meta name=\"twitter:data1\" content=\"1 minute\" \/>\n<script type=\"application\/ld+json\" class=\"yoast-schema-graph\">{\"@context\":\"https:\/\/schema.org\",\"@graph\":[{\"@type\":\"WebPage\",\"@id\":\"https:\/\/skaitytaknyga.lt\/produktas\/nesutramdomoji-anzelika\/\",\"url\":\"https:\/\/skaitytaknyga.lt\/produktas\/nesutramdomoji-anzelika\/\",\"name\":\"Nesutramdomoji An\u017eelika - Skaitytaknyga\",\"isPartOf\":{\"@id\":\"https:\/\/skaitytaknyga.lt\/#website\"},\"primaryImageOfPage\":{\"@id\":\"https:\/\/skaitytaknyga.lt\/produktas\/nesutramdomoji-anzelika\/#primaryimage\"},\"image\":{\"@id\":\"https:\/\/skaitytaknyga.lt\/produktas\/nesutramdomoji-anzelika\/#primaryimage\"},\"thumbnailUrl\":\"https:\/\/skaitytaknyga.lt\/wp-content\/uploads\/2024\/05\/1462885173_img0043-001.jpg\",\"datePublished\":\"2024-05-02T12:56:45+00:00\",\"dateModified\":\"2025-09-06T16:03:16+00:00\",\"description\":\"&nbsp; Veiksmas vyksta Vidur\u017eemio j\u016broje ir \u0160iaur\u0117s Afrikoje Liudviko XIV am\u017eininko Mul\u0117jaus Ismailio, vadinamo \u201eIslamo kardu\u201c, laikais. \u0160is valdovas \u012fk\u016br\u0117 imperij\u0105, kuri driek\u0117si nuo Vidur\u017eemio j\u016bros iki Nigerio krant\u0173 ir iki Nilo i\u0161tak\u0173. An\u017eelika atkakliai ie\u0161ko savo pirmojo vyro grafo \u017dofr\u0117jaus de Peirako. Jai nutinka ne\u012ftikinamiausi\u0173 nuotyki\u0173. \u0160\u012f kart\u0105 ji rizikuoja pra\u017eudyti ne tik k\u016bn\u0105, bet ir dvasi\u0105. Vydamasi vyro \u0161m\u0117kl\u0105, kuri b\u0117ga nuo jos kaip dykum\u0173 mira\u017eas, gra\u017eioji An\u017eelika i\u0161gyvena kupinas aistros ir tragizmo valandas. Kaip bjauri vergija ir Ryt\u0173 \u017eavesys paveikia m\u016bs\u0173 heroj\u0119? Ar vis\u0173 v\u0117j\u0173 bla\u0161koma valtel\u0117 pasieks ram\u0173 u\u017eut\u0117k\u012f? Ar An\u017eelika v\u0117l gal\u0117s d\u017eiaugtis nam\u0173 \u017eidinio jaukumu? Gal pagaliau bus atskleista grafo de Peirako dingimo paslaptis?\",\"breadcrumb\":{\"@id\":\"https:\/\/skaitytaknyga.lt\/produktas\/nesutramdomoji-anzelika\/#breadcrumb\"},\"inLanguage\":\"en-GB\",\"potentialAction\":[{\"@type\":\"ReadAction\",\"target\":[\"https:\/\/skaitytaknyga.lt\/produktas\/nesutramdomoji-anzelika\/\"]}]},{\"@type\":\"ImageObject\",\"inLanguage\":\"en-GB\",\"@id\":\"https:\/\/skaitytaknyga.lt\/produktas\/nesutramdomoji-anzelika\/#primaryimage\",\"url\":\"https:\/\/skaitytaknyga.lt\/wp-content\/uploads\/2024\/05\/1462885173_img0043-001.jpg\",\"contentUrl\":\"https:\/\/skaitytaknyga.lt\/wp-content\/uploads\/2024\/05\/1462885173_img0043-001.jpg\",\"width\":282,\"height\":430},{\"@type\":\"BreadcrumbList\",\"@id\":\"https:\/\/skaitytaknyga.lt\/produktas\/nesutramdomoji-anzelika\/#breadcrumb\",\"itemListElement\":[{\"@type\":\"ListItem\",\"position\":1,\"name\":\"Home\",\"item\":\"https:\/\/skaitytaknyga.lt\/\"},{\"@type\":\"ListItem\",\"position\":2,\"name\":\"Parduotuv\u0117\",\"item\":\"https:\/\/skaitytaknyga.lt\/knygu-parduotuve\/\"},{\"@type\":\"ListItem\",\"position\":3,\"name\":\"Nesutramdomoji An\u017eelika\"}]},{\"@type\":\"WebSite\",\"@id\":\"https:\/\/skaitytaknyga.lt\/#website\",\"url\":\"https:\/\/skaitytaknyga.lt\/\",\"name\":\"skaitytaknyga.lt\",\"description\":\"Skaitytaknyga.lt \u2013 tai ma\u017eas \u0161eimos verslas, kuris prasid\u0117jo nuo meil\u0117s knygoms ir siekio i\u0161gelb\u0117ti knygas nuo likimo prie konteinerio. Kas vienam nereikalingas daiktas \u2013 kitam lobis, o mes esame tarpininkai, kurie padeda abiems tapti laimingesniems ???? \u017dinome kaip nelengva i\u0161gyventi ma\u017eiems verslams, tad nuo \u0161iol, \u010dia rasite ir kit\u0173, ma\u017e\u0173 \u0161eim\u0173 versl\u0173, rank\u0173 darbo, dovan\u0173 sau ir artimiesiems.\",\"publisher\":{\"@id\":\"https:\/\/skaitytaknyga.lt\/#organization\"},\"potentialAction\":[{\"@type\":\"SearchAction\",\"target\":{\"@type\":\"EntryPoint\",\"urlTemplate\":\"https:\/\/skaitytaknyga.lt\/?s={search_term_string}\"},\"query-input\":{\"@type\":\"PropertyValueSpecification\",\"valueRequired\":true,\"valueName\":\"search_term_string\"}}],\"inLanguage\":\"en-GB\"},{\"@type\":\"Organization\",\"@id\":\"https:\/\/skaitytaknyga.lt\/#organization\",\"name\":\"skaitytaknyga.lt\",\"url\":\"https:\/\/skaitytaknyga.lt\/\",\"logo\":{\"@type\":\"ImageObject\",\"inLanguage\":\"en-GB\",\"@id\":\"https:\/\/skaitytaknyga.lt\/#\/schema\/logo\/image\/\",\"url\":\"https:\/\/skaitytaknyga.lt\/wp-content\/uploads\/2024\/05\/cropped-cropped-cropped-02_00843_jt3bggkj1j3HLc7SyY6rEUpg.jpeg\",\"contentUrl\":\"https:\/\/skaitytaknyga.lt\/wp-content\/uploads\/2024\/05\/cropped-cropped-cropped-02_00843_jt3bggkj1j3HLc7SyY6rEUpg.jpeg\",\"width\":1600,\"height\":1600,\"caption\":\"skaitytaknyga.lt\"},\"image\":{\"@id\":\"https:\/\/skaitytaknyga.lt\/#\/schema\/logo\/image\/\"},\"sameAs\":[\"https:\/\/www.facebook.com\/skaitytaknyga\/\"]}]}<\/script>\n<!-- \/ Yoast SEO plugin. -->","yoast_head_json":{"title":"Nesutramdomoji An\u017eelika - Skaitytaknyga","description":"&nbsp;  Veiksmas vyksta Vidur\u017eemio j\u016broje ir \u0160iaur\u0117s Afrikoje Liudviko XIV am\u017eininko Mul\u0117jaus Ismailio, vadinamo \u201eIslamo kardu\u201c, laikais. \u0160is valdovas \u012fk\u016br\u0117 imperij\u0105, kuri driek\u0117si nuo Vidur\u017eemio j\u016bros iki Nigerio krant\u0173 ir iki Nilo i\u0161tak\u0173.  An\u017eelika atkakliai ie\u0161ko savo pirmojo vyro grafo \u017dofr\u0117jaus de Peirako. Jai nutinka ne\u012ftikinamiausi\u0173 nuotyki\u0173. \u0160\u012f kart\u0105 ji rizikuoja pra\u017eudyti ne tik k\u016bn\u0105, bet ir dvasi\u0105.  Vydamasi vyro \u0161m\u0117kl\u0105, kuri b\u0117ga nuo jos kaip dykum\u0173 mira\u017eas, gra\u017eioji An\u017eelika i\u0161gyvena kupinas aistros ir tragizmo valandas. Kaip bjauri vergija ir Ryt\u0173 \u017eavesys paveikia m\u016bs\u0173 heroj\u0119? Ar vis\u0173 v\u0117j\u0173 bla\u0161koma valtel\u0117 pasieks ram\u0173 u\u017eut\u0117k\u012f? Ar An\u017eelika v\u0117l gal\u0117s d\u017eiaugtis nam\u0173 \u017eidinio jaukumu? Gal pagaliau bus atskleista grafo de Peirako dingimo paslaptis?","robots":{"index":"index","follow":"follow","max-snippet":"max-snippet:-1","max-image-preview":"max-image-preview:large","max-video-preview":"max-video-preview:-1"},"canonical":"https:\/\/skaitytaknyga.lt\/en\/produktas\/nesutramdomoji-anzelika\/","og_locale":"en_GB","og_type":"article","og_title":"Nesutramdomoji An\u017eelika - Skaitytaknyga","og_description":"&nbsp;  Veiksmas vyksta Vidur\u017eemio j\u016broje ir \u0160iaur\u0117s Afrikoje Liudviko XIV am\u017eininko Mul\u0117jaus Ismailio, vadinamo \u201eIslamo kardu\u201c, laikais. \u0160is valdovas \u012fk\u016br\u0117 imperij\u0105, kuri driek\u0117si nuo Vidur\u017eemio j\u016bros iki Nigerio krant\u0173 ir iki Nilo i\u0161tak\u0173.  An\u017eelika atkakliai ie\u0161ko savo pirmojo vyro grafo \u017dofr\u0117jaus de Peirako. Jai nutinka ne\u012ftikinamiausi\u0173 nuotyki\u0173. \u0160\u012f kart\u0105 ji rizikuoja pra\u017eudyti ne tik k\u016bn\u0105, bet ir dvasi\u0105.  Vydamasi vyro \u0161m\u0117kl\u0105, kuri b\u0117ga nuo jos kaip dykum\u0173 mira\u017eas, gra\u017eioji An\u017eelika i\u0161gyvena kupinas aistros ir tragizmo valandas. Kaip bjauri vergija ir Ryt\u0173 \u017eavesys paveikia m\u016bs\u0173 heroj\u0119? Ar vis\u0173 v\u0117j\u0173 bla\u0161koma valtel\u0117 pasieks ram\u0173 u\u017eut\u0117k\u012f? Ar An\u017eelika v\u0117l gal\u0117s d\u017eiaugtis nam\u0173 \u017eidinio jaukumu? Gal pagaliau bus atskleista grafo de Peirako dingimo paslaptis?","og_url":"https:\/\/skaitytaknyga.lt\/en\/produktas\/nesutramdomoji-anzelika\/","og_site_name":"Skaitytaknyga","article_publisher":"https:\/\/www.facebook.com\/skaitytaknyga\/","article_modified_time":"2025-09-06T16:03:16+00:00","og_image":[{"width":282,"height":430,"url":"https:\/\/skaitytaknyga.lt\/wp-content\/uploads\/2024\/05\/1462885173_img0043-001.jpg","type":"image\/jpeg"}],"twitter_card":"summary_large_image","twitter_misc":{"Estimated reading time":"1 minute"},"schema":{"@context":"https:\/\/schema.org","@graph":[{"@type":"WebPage","@id":"https:\/\/skaitytaknyga.lt\/produktas\/nesutramdomoji-anzelika\/","url":"https:\/\/skaitytaknyga.lt\/produktas\/nesutramdomoji-anzelika\/","name":"Nesutramdomoji An\u017eelika - Skaitytaknyga","isPartOf":{"@id":"https:\/\/skaitytaknyga.lt\/#website"},"primaryImageOfPage":{"@id":"https:\/\/skaitytaknyga.lt\/produktas\/nesutramdomoji-anzelika\/#primaryimage"},"image":{"@id":"https:\/\/skaitytaknyga.lt\/produktas\/nesutramdomoji-anzelika\/#primaryimage"},"thumbnailUrl":"https:\/\/skaitytaknyga.lt\/wp-content\/uploads\/2024\/05\/1462885173_img0043-001.jpg","datePublished":"2024-05-02T12:56:45+00:00","dateModified":"2025-09-06T16:03:16+00:00","description":"&nbsp; Veiksmas vyksta Vidur\u017eemio j\u016broje ir \u0160iaur\u0117s Afrikoje Liudviko XIV am\u017eininko Mul\u0117jaus Ismailio, vadinamo \u201eIslamo kardu\u201c, laikais. \u0160is valdovas \u012fk\u016br\u0117 imperij\u0105, kuri driek\u0117si nuo Vidur\u017eemio j\u016bros iki Nigerio krant\u0173 ir iki Nilo i\u0161tak\u0173. An\u017eelika atkakliai ie\u0161ko savo pirmojo vyro grafo \u017dofr\u0117jaus de Peirako. Jai nutinka ne\u012ftikinamiausi\u0173 nuotyki\u0173. \u0160\u012f kart\u0105 ji rizikuoja pra\u017eudyti ne tik k\u016bn\u0105, bet ir dvasi\u0105. Vydamasi vyro \u0161m\u0117kl\u0105, kuri b\u0117ga nuo jos kaip dykum\u0173 mira\u017eas, gra\u017eioji An\u017eelika i\u0161gyvena kupinas aistros ir tragizmo valandas. Kaip bjauri vergija ir Ryt\u0173 \u017eavesys paveikia m\u016bs\u0173 heroj\u0119? Ar vis\u0173 v\u0117j\u0173 bla\u0161koma valtel\u0117 pasieks ram\u0173 u\u017eut\u0117k\u012f? Ar An\u017eelika v\u0117l gal\u0117s d\u017eiaugtis nam\u0173 \u017eidinio jaukumu? Gal pagaliau bus atskleista grafo de Peirako dingimo paslaptis?","breadcrumb":{"@id":"https:\/\/skaitytaknyga.lt\/produktas\/nesutramdomoji-anzelika\/#breadcrumb"},"inLanguage":"en-GB","potentialAction":[{"@type":"ReadAction","target":["https:\/\/skaitytaknyga.lt\/produktas\/nesutramdomoji-anzelika\/"]}]},{"@type":"ImageObject","inLanguage":"en-GB","@id":"https:\/\/skaitytaknyga.lt\/produktas\/nesutramdomoji-anzelika\/#primaryimage","url":"https:\/\/skaitytaknyga.lt\/wp-content\/uploads\/2024\/05\/1462885173_img0043-001.jpg","contentUrl":"https:\/\/skaitytaknyga.lt\/wp-content\/uploads\/2024\/05\/1462885173_img0043-001.jpg","width":282,"height":430},{"@type":"BreadcrumbList","@id":"https:\/\/skaitytaknyga.lt\/produktas\/nesutramdomoji-anzelika\/#breadcrumb","itemListElement":[{"@type":"ListItem","position":1,"name":"Home","item":"https:\/\/skaitytaknyga.lt\/"},{"@type":"ListItem","position":2,"name":"Parduotuv\u0117","item":"https:\/\/skaitytaknyga.lt\/knygu-parduotuve\/"},{"@type":"ListItem","position":3,"name":"Nesutramdomoji An\u017eelika"}]},{"@type":"WebSite","@id":"https:\/\/skaitytaknyga.lt\/#website","url":"https:\/\/skaitytaknyga.lt\/","name":"skaitytaknyga.lt","description":"Skaitytaknyga.lt \u2013 tai ma\u017eas \u0161eimos verslas, kuris prasid\u0117jo nuo meil\u0117s knygoms ir siekio i\u0161gelb\u0117ti knygas nuo likimo prie konteinerio. Kas vienam nereikalingas daiktas \u2013 kitam lobis, o mes esame tarpininkai, kurie padeda abiems tapti laimingesniems ???? \u017dinome kaip nelengva i\u0161gyventi ma\u017eiems verslams, tad nuo \u0161iol, \u010dia rasite ir kit\u0173, ma\u017e\u0173 \u0161eim\u0173 versl\u0173, rank\u0173 darbo, dovan\u0173 sau ir artimiesiems.","publisher":{"@id":"https:\/\/skaitytaknyga.lt\/#organization"},"potentialAction":[{"@type":"SearchAction","target":{"@type":"EntryPoint","urlTemplate":"https:\/\/skaitytaknyga.lt\/?s={search_term_string}"},"query-input":{"@type":"PropertyValueSpecification","valueRequired":true,"valueName":"search_term_string"}}],"inLanguage":"en-GB"},{"@type":"Organization","@id":"https:\/\/skaitytaknyga.lt\/#organization","name":"skaitytaknyga.lt","url":"https:\/\/skaitytaknyga.lt\/","logo":{"@type":"ImageObject","inLanguage":"en-GB","@id":"https:\/\/skaitytaknyga.lt\/#\/schema\/logo\/image\/","url":"https:\/\/skaitytaknyga.lt\/wp-content\/uploads\/2024\/05\/cropped-cropped-cropped-02_00843_jt3bggkj1j3HLc7SyY6rEUpg.jpeg","contentUrl":"https:\/\/skaitytaknyga.lt\/wp-content\/uploads\/2024\/05\/cropped-cropped-cropped-02_00843_jt3bggkj1j3HLc7SyY6rEUpg.jpeg","width":1600,"height":1600,"caption":"skaitytaknyga.lt"},"image":{"@id":"https:\/\/skaitytaknyga.lt\/#\/schema\/logo\/image\/"},"sameAs":["https:\/\/www.facebook.com\/skaitytaknyga\/"]}]}},"_links":{"self":[{"href":"https:\/\/skaitytaknyga.lt\/en\/wp-json\/wp\/v2\/product\/5761","targetHints":{"allow":["GET"]}}],"collection":[{"href":"https:\/\/skaitytaknyga.lt\/en\/wp-json\/wp\/v2\/product"}],"about":[{"href":"https:\/\/skaitytaknyga.lt\/en\/wp-json\/wp\/v2\/types\/product"}],"replies":[{"embeddable":true,"href":"https:\/\/skaitytaknyga.lt\/en\/wp-json\/wp\/v2\/comments?post=5761"}],"wp:featuredmedia":[{"embeddable":true,"href":"https:\/\/skaitytaknyga.lt\/en\/wp-json\/wp\/v2\/media\/5792"}],"wp:attachment":[{"href":"https:\/\/skaitytaknyga.lt\/en\/wp-json\/wp\/v2\/media?parent=5761"}],"wp:term":[{"taxonomy":"product_brand","embeddable":true,"href":"https:\/\/skaitytaknyga.lt\/en\/wp-json\/wp\/v2\/product_brand?post=5761"},{"taxonomy":"product_cat","embeddable":true,"href":"https:\/\/skaitytaknyga.lt\/en\/wp-json\/wp\/v2\/product_cat?post=5761"},{"taxonomy":"product_tag","embeddable":true,"href":"https:\/\/skaitytaknyga.lt\/en\/wp-json\/wp\/v2\/product_tag?post=5761"}],"curies":[{"name":"wp","href":"https:\/\/api.w.org\/{rel}","templated":true}]}}