{"id":5755,"date":"2024-05-02T12:56:21","date_gmt":"2024-05-02T12:56:21","guid":{"rendered":"https:\/\/skaitytaknyga.lt\/?post_type=product&#038;p=5755"},"modified":"2026-03-05T13:21:04","modified_gmt":"2026-03-05T11:21:04","slug":"vladimiras-obrucevas-sanikovo-zeme","status":"publish","type":"product","link":"https:\/\/skaitytaknyga.lt\/en\/produktas\/vladimiras-obrucevas-sanikovo-zeme\/","title":{"rendered":"Sanikovo \u017eem\u0117"},"content":{"rendered":"<p>\u017dmon\u0117s pasteb\u0117jo, kad \u0160iaur\u0117s kryptimi skrenda pauk\u0161\u010di\u0173 pulkai. Pasirodo, tarp Arkties j\u016bros ledkalni\u0173 ir ledlauki\u0173, am\u017eino \u012f\u0161alo sal\u0173, esama \u017dem\u0117s \u2013 gyvyb\u0117s oaz\u0117s, \u2013 kurioje i\u0161likusi gausi pirmyk\u0161t\u0117 augmenija ir gyv\u016bnija, pirmyk\u0161\u010diai \u017emon\u0117s.<\/p>\n<p>Apie Goriunovo ir jo bi\u010diuli\u0173 ekspedicij\u0105 \u012f paslapting\u0105j\u0105 Sanikovo \u017dem\u0119, apie j\u0173 susid\u016brimus su tos \u017dem\u0117s gyventojais onkilonais ir pirmyk\u0161\u010diais \u017emon\u0117mis vampu pasakojama \u017eymaus mokslininko geologo fantastiniame mokslo romane \u201eSanikovo \u017eem\u0117\u201c.<\/p>\n<p>Serija \u201eZenitas\u201c<\/p>\n","protected":false},"excerpt":{"rendered":"<p>\u017dmon\u0117s pasteb\u0117jo, kad \u0160iaur\u0117s kryptimi skrenda pauk\u0161\u010di\u0173 pulkai. Pasirodo, tarp Arkties j\u016bros ledkalni\u0173 ir ledlauki\u0173, am\u017eino \u012f\u0161alo sal\u0173, esama \u017dem\u0117s \u2013 gyvyb\u0117s oaz\u0117s, \u2013 kurioje i\u0161likusi gausi pirmyk\u0161t\u0117 augmenija ir gyv\u016bnija, pirmyk\u0161\u010diai \u017emon\u0117s.<\/p>\n<p>Apie Goriunovo ir jo bi\u010diuli\u0173 ekspedicij\u0105 \u012f paslapting\u0105j\u0105 Sanikovo \u017dem\u0119, apie j\u0173 susid\u016brimus su tos \u017dem\u0117s gyventojais onkilonais ir pirmyk\u0161\u010diais \u017emon\u0117mis vampu pasakojama \u017eymaus mokslininko geologo fantastiniame mokslo romane \u201eSanikovo \u017eem\u0117\u201c.<\/p>\n<p>Serija \u201eZenitas\u201c<\/p>\n","protected":false},"featured_media":5778,"comment_status":"closed","ping_status":"closed","template":"","meta":{"_acf_changed":false,"site-sidebar-layout":"default","site-content-layout":"","ast-site-content-layout":"default","site-content-style":"default","site-sidebar-style":"default","ast-global-header-display":"","ast-banner-title-visibility":"","ast-main-header-display":"","ast-hfb-above-header-display":"","ast-hfb-below-header-display":"","ast-hfb-mobile-header-display":"","site-post-title":"","ast-breadcrumbs-content":"","ast-featured-img":"","footer-sml-layout":"","ast-disable-related-posts":"","theme-transparent-header-meta":"","adv-header-id-meta":"","stick-header-meta":"","header-above-stick-meta":"","header-main-stick-meta":"","header-below-stick-meta":"","astra-migrate-meta-layouts":"default","ast-page-background-enabled":"default","ast-page-background-meta":{"desktop":{"background-color":"","background-image":"","background-repeat":"repeat","background-position":"center center","background-size":"auto","background-attachment":"scroll","background-type":"","background-media":"","overlay-type":"","overlay-color":"","overlay-opacity":"","overlay-gradient":""},"tablet":{"background-color":"","background-image":"","background-repeat":"repeat","background-position":"center center","background-size":"auto","background-attachment":"scroll","background-type":"","background-media":"","overlay-type":"","overlay-color":"","overlay-opacity":"","overlay-gradient":""},"mobile":{"background-color":"","background-image":"","background-repeat":"repeat","background-position":"center center","background-size":"auto","background-attachment":"scroll","background-type":"","background-media":"","overlay-type":"","overlay-color":"","overlay-opacity":"","overlay-gradient":""}},"ast-content-background-meta":{"desktop":{"background-color":"var(--ast-global-color-4)","background-image":"","background-repeat":"repeat","background-position":"center center","background-size":"auto","background-attachment":"scroll","background-type":"","background-media":"","overlay-type":"","overlay-color":"","overlay-opacity":"","overlay-gradient":""},"tablet":{"background-color":"var(--ast-global-color-4)","background-image":"","background-repeat":"repeat","background-position":"center center","background-size":"auto","background-attachment":"scroll","background-type":"","background-media":"","overlay-type":"","overlay-color":"","overlay-opacity":"","overlay-gradient":""},"mobile":{"background-color":"var(--ast-global-color-4)","background-image":"","background-repeat":"repeat","background-position":"center center","background-size":"auto","background-attachment":"scroll","background-type":"","background-media":"","overlay-type":"","overlay-color":"","overlay-opacity":"","overlay-gradient":""}}},"product_brand":[],"product_cat":[9622],"product_tag":[716],"class_list":{"0":"post-5755","1":"product","2":"type-product","3":"status-publish","4":"has-post-thumbnail","6":"product_cat-zenitas","7":"product_tag-zenitas","8":"pa_leidimo-metai-672","9":"desktop-align-left","10":"tablet-align-left","11":"mobile-align-left","13":"first","14":"instock","15":"shipping-taxable","16":"purchasable","17":"product-type-simple"},"acf":[],"yoast_head":"<!-- This site is optimized with the Yoast SEO plugin v27.0 - https:\/\/yoast.com\/product\/yoast-seo-wordpress\/ -->\n<title>Sanikovo \u017eem\u0117<\/title>\n<meta name=\"description\" content=\"\u017dmon\u0117s pasteb\u0117jo, kad \u0160iaur\u0117s kryptimi skrenda pauk\u0161\u010di\u0173 pulkai. Pasirodo, tarp Arkties j\u016bros ledkalni\u0173 ir ledlauki\u0173, am\u017eino \u012f\u0161alo sal\u0173, esama \u017dem\u0117s \u2013 gyvyb\u0117s oaz\u0117s, \u2013 kurioje i\u0161likusi gausi pirmyk\u0161t\u0117 augmenija ir gyv\u016bnija, pirmyk\u0161\u010diai \u017emon\u0117s.  Apie Goriunovo ir jo bi\u010diuli\u0173 ekspedicij\u0105 \u012f paslapting\u0105j\u0105 Sanikovo \u017dem\u0119, apie j\u0173 susid\u016brimus su tos \u017dem\u0117s gyventojais onkilonais ir pirmyk\u0161\u010diais \u017emon\u0117mis vampu pasakojama \u017eymaus mokslininko geologo fantastiniame mokslo romane \u201eSanikovo \u017eem\u0117\u201c.  Serija \u201eZenitas\u201c\" \/>\n<meta name=\"robots\" content=\"index, follow, max-snippet:-1, max-image-preview:large, max-video-preview:-1\" \/>\n<link rel=\"canonical\" href=\"https:\/\/skaitytaknyga.lt\/en\/produktas\/vladimiras-obrucevas-sanikovo-zeme\/\" \/>\n<meta property=\"og:locale\" content=\"en_GB\" \/>\n<meta property=\"og:locale:alternate\" content=\"lt_LT\" \/>\n<meta property=\"og:type\" content=\"article\" \/>\n<meta property=\"og:title\" content=\"Sanikovo \u017eem\u0117\" \/>\n<meta property=\"og:description\" content=\"\u017dmon\u0117s pasteb\u0117jo, kad \u0160iaur\u0117s kryptimi skrenda pauk\u0161\u010di\u0173 pulkai. Pasirodo, tarp Arkties j\u016bros ledkalni\u0173 ir ledlauki\u0173, am\u017eino \u012f\u0161alo sal\u0173, esama \u017dem\u0117s \u2013 gyvyb\u0117s oaz\u0117s, \u2013 kurioje i\u0161likusi gausi pirmyk\u0161t\u0117 augmenija ir gyv\u016bnija, pirmyk\u0161\u010diai \u017emon\u0117s.  Apie Goriunovo ir jo bi\u010diuli\u0173 ekspedicij\u0105 \u012f paslapting\u0105j\u0105 Sanikovo \u017dem\u0119, apie j\u0173 susid\u016brimus su tos \u017dem\u0117s gyventojais onkilonais ir pirmyk\u0161\u010diais \u017emon\u0117mis vampu pasakojama \u017eymaus mokslininko geologo fantastiniame mokslo romane \u201eSanikovo \u017eem\u0117\u201c.  Serija \u201eZenitas\u201c\" \/>\n<meta property=\"og:url\" content=\"https:\/\/skaitytaknyga.lt\/en\/produktas\/vladimiras-obrucevas-sanikovo-zeme\/\" \/>\n<meta property=\"og:site_name\" content=\"Skaitytaknyga\" \/>\n<meta property=\"article:publisher\" content=\"https:\/\/www.facebook.com\/skaitytaknyga\/\" \/>\n<meta property=\"article:modified_time\" content=\"2026-03-05T11:21:04+00:00\" \/>\n<meta property=\"og:image\" content=\"https:\/\/skaitytaknyga.lt\/wp-content\/uploads\/2024\/05\/1462889304_img0009-001.jpg\" \/>\n\t<meta property=\"og:image:width\" content=\"475\" \/>\n\t<meta property=\"og:image:height\" content=\"799\" \/>\n\t<meta property=\"og:image:type\" content=\"image\/jpeg\" \/>\n<meta name=\"twitter:card\" content=\"summary_large_image\" \/>\n<meta name=\"twitter:label1\" content=\"Estimated reading time\" \/>\n\t<meta name=\"twitter:data1\" content=\"1 minute\" \/>\n<script type=\"application\/ld+json\" class=\"yoast-schema-graph\">{\"@context\":\"https:\/\/schema.org\",\"@graph\":[{\"@type\":\"WebPage\",\"@id\":\"https:\/\/skaitytaknyga.lt\/produktas\/vladimiras-obrucevas-sanikovo-zeme\/\",\"url\":\"https:\/\/skaitytaknyga.lt\/produktas\/vladimiras-obrucevas-sanikovo-zeme\/\",\"name\":\"Sanikovo \u017eem\u0117\",\"isPartOf\":{\"@id\":\"https:\/\/skaitytaknyga.lt\/#website\"},\"primaryImageOfPage\":{\"@id\":\"https:\/\/skaitytaknyga.lt\/produktas\/vladimiras-obrucevas-sanikovo-zeme\/#primaryimage\"},\"image\":{\"@id\":\"https:\/\/skaitytaknyga.lt\/produktas\/vladimiras-obrucevas-sanikovo-zeme\/#primaryimage\"},\"thumbnailUrl\":\"https:\/\/skaitytaknyga.lt\/wp-content\/uploads\/2024\/05\/1462889304_img0009-001.jpg\",\"datePublished\":\"2024-05-02T12:56:21+00:00\",\"dateModified\":\"2026-03-05T11:21:04+00:00\",\"description\":\"\u017dmon\u0117s pasteb\u0117jo, kad \u0160iaur\u0117s kryptimi skrenda pauk\u0161\u010di\u0173 pulkai. Pasirodo, tarp Arkties j\u016bros ledkalni\u0173 ir ledlauki\u0173, am\u017eino \u012f\u0161alo sal\u0173, esama \u017dem\u0117s \u2013 gyvyb\u0117s oaz\u0117s, \u2013 kurioje i\u0161likusi gausi pirmyk\u0161t\u0117 augmenija ir gyv\u016bnija, pirmyk\u0161\u010diai \u017emon\u0117s. Apie Goriunovo ir jo bi\u010diuli\u0173 ekspedicij\u0105 \u012f paslapting\u0105j\u0105 Sanikovo \u017dem\u0119, apie j\u0173 susid\u016brimus su tos \u017dem\u0117s gyventojais onkilonais ir pirmyk\u0161\u010diais \u017emon\u0117mis vampu pasakojama \u017eymaus mokslininko geologo fantastiniame mokslo romane \u201eSanikovo \u017eem\u0117\u201c. Serija \u201eZenitas\u201c\",\"breadcrumb\":{\"@id\":\"https:\/\/skaitytaknyga.lt\/produktas\/vladimiras-obrucevas-sanikovo-zeme\/#breadcrumb\"},\"inLanguage\":\"en-GB\",\"potentialAction\":[{\"@type\":\"ReadAction\",\"target\":[\"https:\/\/skaitytaknyga.lt\/produktas\/vladimiras-obrucevas-sanikovo-zeme\/\"]}]},{\"@type\":\"ImageObject\",\"inLanguage\":\"en-GB\",\"@id\":\"https:\/\/skaitytaknyga.lt\/produktas\/vladimiras-obrucevas-sanikovo-zeme\/#primaryimage\",\"url\":\"https:\/\/skaitytaknyga.lt\/wp-content\/uploads\/2024\/05\/1462889304_img0009-001.jpg\",\"contentUrl\":\"https:\/\/skaitytaknyga.lt\/wp-content\/uploads\/2024\/05\/1462889304_img0009-001.jpg\",\"width\":475,\"height\":799},{\"@type\":\"BreadcrumbList\",\"@id\":\"https:\/\/skaitytaknyga.lt\/produktas\/vladimiras-obrucevas-sanikovo-zeme\/#breadcrumb\",\"itemListElement\":[{\"@type\":\"ListItem\",\"position\":1,\"name\":\"Home\",\"item\":\"https:\/\/skaitytaknyga.lt\/\"},{\"@type\":\"ListItem\",\"position\":2,\"name\":\"Parduotuv\u0117\",\"item\":\"https:\/\/skaitytaknyga.lt\/knygu-parduotuve\/\"},{\"@type\":\"ListItem\",\"position\":3,\"name\":\"Sanikovo \u017eem\u0117\"}]},{\"@type\":\"WebSite\",\"@id\":\"https:\/\/skaitytaknyga.lt\/#website\",\"url\":\"https:\/\/skaitytaknyga.lt\/\",\"name\":\"skaitytaknyga.lt\",\"description\":\"Skaitytaknyga.lt \u2013 tai ma\u017eas \u0161eimos verslas, kuris prasid\u0117jo nuo meil\u0117s knygoms ir siekio i\u0161gelb\u0117ti knygas nuo likimo prie konteinerio. Kas vienam nereikalingas daiktas \u2013 kitam lobis, o mes esame tarpininkai, kurie padeda abiems tapti laimingesniems ???? \u017dinome kaip nelengva i\u0161gyventi ma\u017eiems verslams, tad nuo \u0161iol, \u010dia rasite ir kit\u0173, ma\u017e\u0173 \u0161eim\u0173 versl\u0173, rank\u0173 darbo, dovan\u0173 sau ir artimiesiems.\",\"publisher\":{\"@id\":\"https:\/\/skaitytaknyga.lt\/#organization\"},\"potentialAction\":[{\"@type\":\"SearchAction\",\"target\":{\"@type\":\"EntryPoint\",\"urlTemplate\":\"https:\/\/skaitytaknyga.lt\/?s={search_term_string}\"},\"query-input\":{\"@type\":\"PropertyValueSpecification\",\"valueRequired\":true,\"valueName\":\"search_term_string\"}}],\"inLanguage\":\"en-GB\"},{\"@type\":\"Organization\",\"@id\":\"https:\/\/skaitytaknyga.lt\/#organization\",\"name\":\"skaitytaknyga.lt\",\"url\":\"https:\/\/skaitytaknyga.lt\/\",\"logo\":{\"@type\":\"ImageObject\",\"inLanguage\":\"en-GB\",\"@id\":\"https:\/\/skaitytaknyga.lt\/#\/schema\/logo\/image\/\",\"url\":\"https:\/\/skaitytaknyga.lt\/wp-content\/uploads\/2024\/05\/cropped-cropped-cropped-02_00843_jt3bggkj1j3HLc7SyY6rEUpg.jpeg\",\"contentUrl\":\"https:\/\/skaitytaknyga.lt\/wp-content\/uploads\/2024\/05\/cropped-cropped-cropped-02_00843_jt3bggkj1j3HLc7SyY6rEUpg.jpeg\",\"width\":1600,\"height\":1600,\"caption\":\"skaitytaknyga.lt\"},\"image\":{\"@id\":\"https:\/\/skaitytaknyga.lt\/#\/schema\/logo\/image\/\"},\"sameAs\":[\"https:\/\/www.facebook.com\/skaitytaknyga\/\"]}]}<\/script>\n<!-- \/ Yoast SEO plugin. -->","yoast_head_json":{"title":"Sanikovo \u017eem\u0117","description":"\u017dmon\u0117s pasteb\u0117jo, kad \u0160iaur\u0117s kryptimi skrenda pauk\u0161\u010di\u0173 pulkai. Pasirodo, tarp Arkties j\u016bros ledkalni\u0173 ir ledlauki\u0173, am\u017eino \u012f\u0161alo sal\u0173, esama \u017dem\u0117s \u2013 gyvyb\u0117s oaz\u0117s, \u2013 kurioje i\u0161likusi gausi pirmyk\u0161t\u0117 augmenija ir gyv\u016bnija, pirmyk\u0161\u010diai \u017emon\u0117s.  Apie Goriunovo ir jo bi\u010diuli\u0173 ekspedicij\u0105 \u012f paslapting\u0105j\u0105 Sanikovo \u017dem\u0119, apie j\u0173 susid\u016brimus su tos \u017dem\u0117s gyventojais onkilonais ir pirmyk\u0161\u010diais \u017emon\u0117mis vampu pasakojama \u017eymaus mokslininko geologo fantastiniame mokslo romane \u201eSanikovo \u017eem\u0117\u201c.  Serija \u201eZenitas\u201c","robots":{"index":"index","follow":"follow","max-snippet":"max-snippet:-1","max-image-preview":"max-image-preview:large","max-video-preview":"max-video-preview:-1"},"canonical":"https:\/\/skaitytaknyga.lt\/en\/produktas\/vladimiras-obrucevas-sanikovo-zeme\/","og_locale":"en_GB","og_type":"article","og_title":"[:lt]Sanikovo \u017eem\u0117[:] - Skaitytaknyga","og_description":"\u017dmon\u0117s pasteb\u0117jo, kad \u0160iaur\u0117s kryptimi skrenda pauk\u0161\u010di\u0173 pulkai. Pasirodo, tarp Arkties j\u016bros ledkalni\u0173 ir ledlauki\u0173, am\u017eino \u012f\u0161alo sal\u0173, esama \u017dem\u0117s \u2013 gyvyb\u0117s oaz\u0117s, \u2013 kurioje i\u0161likusi gausi pirmyk\u0161t\u0117 augmenija ir gyv\u016bnija, pirmyk\u0161\u010diai \u017emon\u0117s.  Apie Goriunovo ir jo bi\u010diuli\u0173 ekspedicij\u0105 \u012f paslapting\u0105j\u0105 Sanikovo \u017dem\u0119, apie j\u0173 susid\u016brimus su tos \u017dem\u0117s gyventojais onkilonais ir pirmyk\u0161\u010diais \u017emon\u0117mis vampu pasakojama \u017eymaus mokslininko geologo fantastiniame mokslo romane \u201eSanikovo \u017eem\u0117\u201c.  Serija \u201eZenitas\u201c","og_url":"https:\/\/skaitytaknyga.lt\/en\/produktas\/vladimiras-obrucevas-sanikovo-zeme\/","og_site_name":"Skaitytaknyga","article_publisher":"https:\/\/www.facebook.com\/skaitytaknyga\/","article_modified_time":"2026-03-05T11:21:04+00:00","og_image":[{"width":475,"height":799,"url":"https:\/\/skaitytaknyga.lt\/wp-content\/uploads\/2024\/05\/1462889304_img0009-001.jpg","type":"image\/jpeg"}],"twitter_card":"summary_large_image","twitter_misc":{"Estimated reading time":"1 minute"},"schema":{"@context":"https:\/\/schema.org","@graph":[{"@type":"WebPage","@id":"https:\/\/skaitytaknyga.lt\/produktas\/vladimiras-obrucevas-sanikovo-zeme\/","url":"https:\/\/skaitytaknyga.lt\/produktas\/vladimiras-obrucevas-sanikovo-zeme\/","name":"Sanikovo \u017eem\u0117","isPartOf":{"@id":"https:\/\/skaitytaknyga.lt\/#website"},"primaryImageOfPage":{"@id":"https:\/\/skaitytaknyga.lt\/produktas\/vladimiras-obrucevas-sanikovo-zeme\/#primaryimage"},"image":{"@id":"https:\/\/skaitytaknyga.lt\/produktas\/vladimiras-obrucevas-sanikovo-zeme\/#primaryimage"},"thumbnailUrl":"https:\/\/skaitytaknyga.lt\/wp-content\/uploads\/2024\/05\/1462889304_img0009-001.jpg","datePublished":"2024-05-02T12:56:21+00:00","dateModified":"2026-03-05T11:21:04+00:00","description":"\u017dmon\u0117s pasteb\u0117jo, kad \u0160iaur\u0117s kryptimi skrenda pauk\u0161\u010di\u0173 pulkai. Pasirodo, tarp Arkties j\u016bros ledkalni\u0173 ir ledlauki\u0173, am\u017eino \u012f\u0161alo sal\u0173, esama \u017dem\u0117s \u2013 gyvyb\u0117s oaz\u0117s, \u2013 kurioje i\u0161likusi gausi pirmyk\u0161t\u0117 augmenija ir gyv\u016bnija, pirmyk\u0161\u010diai \u017emon\u0117s. Apie Goriunovo ir jo bi\u010diuli\u0173 ekspedicij\u0105 \u012f paslapting\u0105j\u0105 Sanikovo \u017dem\u0119, apie j\u0173 susid\u016brimus su tos \u017dem\u0117s gyventojais onkilonais ir pirmyk\u0161\u010diais \u017emon\u0117mis vampu pasakojama \u017eymaus mokslininko geologo fantastiniame mokslo romane \u201eSanikovo \u017eem\u0117\u201c. Serija \u201eZenitas\u201c","breadcrumb":{"@id":"https:\/\/skaitytaknyga.lt\/produktas\/vladimiras-obrucevas-sanikovo-zeme\/#breadcrumb"},"inLanguage":"en-GB","potentialAction":[{"@type":"ReadAction","target":["https:\/\/skaitytaknyga.lt\/produktas\/vladimiras-obrucevas-sanikovo-zeme\/"]}]},{"@type":"ImageObject","inLanguage":"en-GB","@id":"https:\/\/skaitytaknyga.lt\/produktas\/vladimiras-obrucevas-sanikovo-zeme\/#primaryimage","url":"https:\/\/skaitytaknyga.lt\/wp-content\/uploads\/2024\/05\/1462889304_img0009-001.jpg","contentUrl":"https:\/\/skaitytaknyga.lt\/wp-content\/uploads\/2024\/05\/1462889304_img0009-001.jpg","width":475,"height":799},{"@type":"BreadcrumbList","@id":"https:\/\/skaitytaknyga.lt\/produktas\/vladimiras-obrucevas-sanikovo-zeme\/#breadcrumb","itemListElement":[{"@type":"ListItem","position":1,"name":"Home","item":"https:\/\/skaitytaknyga.lt\/"},{"@type":"ListItem","position":2,"name":"Parduotuv\u0117","item":"https:\/\/skaitytaknyga.lt\/knygu-parduotuve\/"},{"@type":"ListItem","position":3,"name":"Sanikovo \u017eem\u0117"}]},{"@type":"WebSite","@id":"https:\/\/skaitytaknyga.lt\/#website","url":"https:\/\/skaitytaknyga.lt\/","name":"skaitytaknyga.lt","description":"Skaitytaknyga.lt \u2013 tai ma\u017eas \u0161eimos verslas, kuris prasid\u0117jo nuo meil\u0117s knygoms ir siekio i\u0161gelb\u0117ti knygas nuo likimo prie konteinerio. Kas vienam nereikalingas daiktas \u2013 kitam lobis, o mes esame tarpininkai, kurie padeda abiems tapti laimingesniems ???? \u017dinome kaip nelengva i\u0161gyventi ma\u017eiems verslams, tad nuo \u0161iol, \u010dia rasite ir kit\u0173, ma\u017e\u0173 \u0161eim\u0173 versl\u0173, rank\u0173 darbo, dovan\u0173 sau ir artimiesiems.","publisher":{"@id":"https:\/\/skaitytaknyga.lt\/#organization"},"potentialAction":[{"@type":"SearchAction","target":{"@type":"EntryPoint","urlTemplate":"https:\/\/skaitytaknyga.lt\/?s={search_term_string}"},"query-input":{"@type":"PropertyValueSpecification","valueRequired":true,"valueName":"search_term_string"}}],"inLanguage":"en-GB"},{"@type":"Organization","@id":"https:\/\/skaitytaknyga.lt\/#organization","name":"skaitytaknyga.lt","url":"https:\/\/skaitytaknyga.lt\/","logo":{"@type":"ImageObject","inLanguage":"en-GB","@id":"https:\/\/skaitytaknyga.lt\/#\/schema\/logo\/image\/","url":"https:\/\/skaitytaknyga.lt\/wp-content\/uploads\/2024\/05\/cropped-cropped-cropped-02_00843_jt3bggkj1j3HLc7SyY6rEUpg.jpeg","contentUrl":"https:\/\/skaitytaknyga.lt\/wp-content\/uploads\/2024\/05\/cropped-cropped-cropped-02_00843_jt3bggkj1j3HLc7SyY6rEUpg.jpeg","width":1600,"height":1600,"caption":"skaitytaknyga.lt"},"image":{"@id":"https:\/\/skaitytaknyga.lt\/#\/schema\/logo\/image\/"},"sameAs":["https:\/\/www.facebook.com\/skaitytaknyga\/"]}]}},"_links":{"self":[{"href":"https:\/\/skaitytaknyga.lt\/en\/wp-json\/wp\/v2\/product\/5755","targetHints":{"allow":["GET"]}}],"collection":[{"href":"https:\/\/skaitytaknyga.lt\/en\/wp-json\/wp\/v2\/product"}],"about":[{"href":"https:\/\/skaitytaknyga.lt\/en\/wp-json\/wp\/v2\/types\/product"}],"replies":[{"embeddable":true,"href":"https:\/\/skaitytaknyga.lt\/en\/wp-json\/wp\/v2\/comments?post=5755"}],"wp:featuredmedia":[{"embeddable":true,"href":"https:\/\/skaitytaknyga.lt\/en\/wp-json\/wp\/v2\/media\/5778"}],"wp:attachment":[{"href":"https:\/\/skaitytaknyga.lt\/en\/wp-json\/wp\/v2\/media?parent=5755"}],"wp:term":[{"taxonomy":"product_brand","embeddable":true,"href":"https:\/\/skaitytaknyga.lt\/en\/wp-json\/wp\/v2\/product_brand?post=5755"},{"taxonomy":"product_cat","embeddable":true,"href":"https:\/\/skaitytaknyga.lt\/en\/wp-json\/wp\/v2\/product_cat?post=5755"},{"taxonomy":"product_tag","embeddable":true,"href":"https:\/\/skaitytaknyga.lt\/en\/wp-json\/wp\/v2\/product_tag?post=5755"}],"curies":[{"name":"wp","href":"https:\/\/api.w.org\/{rel}","templated":true}]}}