{"id":5737,"date":"2024-06-08T12:55:44","date_gmt":"2024-06-08T12:55:44","guid":{"rendered":"https:\/\/skaitytaknyga.lt\/?post_type=product&#038;p=5737"},"modified":"2025-05-29T13:21:05","modified_gmt":"2025-05-29T10:21:05","slug":"uzbure-alause-nuskende-varpai-dailininko-jono-rimsos-atminimui","status":"publish","type":"product","link":"https:\/\/skaitytaknyga.lt\/en\/produktas\/uzbure-alause-nuskende-varpai-dailininko-jono-rimsos-atminimui\/","title":{"rendered":"U\u017eb\u016br\u0117 Alau\u0161e nuskend\u0119 varpai : dailininko Jono Rim\u0161os atminimui"},"content":{"rendered":"<p id=\"rmjs-1\" class=\"article\" data-readmore=\"\" aria-expanded=\"true\">Tai knyga apie lietuv\u012f dailinink\u0105 Jon\u0105 Rim\u0161\u0105, pra\u0117jus\u012f labai audring\u0105, kupin\u0105 netek\u010di\u0173 ir pakilim\u0173 gyvenimo keli\u0105. A\u0161 paband\u017eiau surikiuoti miestus, kuriuose jis ilgiau apsistodavo. I\u0161\u0117jo \u0161tai toks s\u0105ra\u0161as: Sv\u0117dasai, Charkovas, Kaunas, Viena, Kaunas, Pary\u017eius, San Paulas, Rosarijas, Buenos Air\u0117s, San Karlos de Barilo\u010d\u0117l\u0117, La Pasas, Buenos Air\u0117s, Sukr\u0117, Taitis, Santa Monika. Trumpesniais laiko tarpais jis yra gyven\u0119s daugumoje Lotyn\u0173 Amerikos miest\u0173, miesteli\u0173 ir d\u017eiungl\u0117se pasimetusi\u0173 kaim\u0173. J\u012f galima dr\u0105siai pavadinti Pasaulio keleiviu.<\/p>\n","protected":false},"excerpt":{"rendered":"<p>Tai knyga apie lietuv\u012f dailinink\u0105 Jon\u0105 Rim\u0161\u0105, pra\u0117jus\u012f labai audring\u0105, kupin\u0105 netek\u010di\u0173 ir pakilim\u0173 gyvenimo keli\u0105. A\u0161 paband\u017eiau surikiuoti miestus, kuriuose jis ilgiau apsistodavo. I\u0161\u0117jo \u0161tai toks s\u0105ra\u0161as: Sv\u0117dasai, Charkovas, Kaunas, Viena, Kaunas, Pary\u017eius, San Paulas, Rosarijas, Buenos Air\u0117s, San Karlos de Barilo\u010d\u0117l\u0117, La Pasas, Buenos Air\u0117s, Sukr\u0117, Taitis, Santa Monika. Trumpesniais laiko tarpais jis yra gyven\u0119s daugumoje Lotyn\u0173 Amerikos miest\u0173, miesteli\u0173 ir d\u017eiungl\u0117se pasimetusi\u0173 kaim\u0173. J\u012f galima dr\u0105siai pavadinti Pasaulio keleiviu.<\/p>\n","protected":false},"featured_media":5749,"comment_status":"closed","ping_status":"closed","template":"","meta":{"_acf_changed":false,"site-sidebar-layout":"default","site-content-layout":"","ast-site-content-layout":"default","site-content-style":"default","site-sidebar-style":"default","ast-global-header-display":"","ast-banner-title-visibility":"","ast-main-header-display":"","ast-hfb-above-header-display":"","ast-hfb-below-header-display":"","ast-hfb-mobile-header-display":"","site-post-title":"","ast-breadcrumbs-content":"","ast-featured-img":"","footer-sml-layout":"","ast-disable-related-posts":"","theme-transparent-header-meta":"default","adv-header-id-meta":"","stick-header-meta":"","header-above-stick-meta":"","header-main-stick-meta":"","header-below-stick-meta":"","astra-migrate-meta-layouts":"set","ast-page-background-enabled":"default","ast-page-background-meta":{"desktop":{"background-color":"","background-image":"","background-repeat":"repeat","background-position":"center center","background-size":"auto","background-attachment":"scroll","background-type":"","background-media":"","overlay-type":"","overlay-color":"","overlay-opacity":"","overlay-gradient":""},"tablet":{"background-color":"","background-image":"","background-repeat":"repeat","background-position":"center center","background-size":"auto","background-attachment":"scroll","background-type":"","background-media":"","overlay-type":"","overlay-color":"","overlay-opacity":"","overlay-gradient":""},"mobile":{"background-color":"","background-image":"","background-repeat":"repeat","background-position":"center center","background-size":"auto","background-attachment":"scroll","background-type":"","background-media":"","overlay-type":"","overlay-color":"","overlay-opacity":"","overlay-gradient":""}},"ast-content-background-meta":{"desktop":{"background-color":"var(--ast-global-color-4)","background-image":"","background-repeat":"repeat","background-position":"center center","background-size":"auto","background-attachment":"scroll","background-type":"","background-media":"","overlay-type":"","overlay-color":"","overlay-opacity":"","overlay-gradient":""},"tablet":{"background-color":"var(--ast-global-color-4)","background-image":"","background-repeat":"repeat","background-position":"center center","background-size":"auto","background-attachment":"scroll","background-type":"","background-media":"","overlay-type":"","overlay-color":"","overlay-opacity":"","overlay-gradient":""},"mobile":{"background-color":"var(--ast-global-color-4)","background-image":"","background-repeat":"repeat","background-position":"center center","background-size":"auto","background-attachment":"scroll","background-type":"","background-media":"","overlay-type":"","overlay-color":"","overlay-opacity":"","overlay-gradient":""}}},"product_brand":[],"product_cat":[33,57],"product_tag":[],"class_list":{"0":"post-5737","1":"product","2":"type-product","3":"status-publish","4":"has-post-thumbnail","6":"product_cat-biografijos","7":"product_cat-menas-ir-albumai","8":"desktop-align-left","9":"tablet-align-left","10":"mobile-align-left","12":"first","13":"instock","14":"shipping-taxable","15":"purchasable","16":"product-type-simple"},"acf":[],"yoast_head":"<!-- This site is optimized with the Yoast SEO plugin v27.0 - https:\/\/yoast.com\/product\/yoast-seo-wordpress\/ -->\n<title>U\u017eb\u016br\u0117 Alau\u0161e nuskend\u0119 varpai : dailininko Jono Rim\u0161os atminimui<\/title>\n<meta name=\"description\" content=\"Tai knyga apie lietuv\u012f dailinink\u0105 Jon\u0105 Rim\u0161\u0105, pra\u0117jus\u012f labai audring\u0105, kupin\u0105 netek\u010di\u0173 ir pakilim\u0173 gyvenimo keli\u0105. A\u0161 paband\u017eiau surikiuoti miestus,\" \/>\n<meta name=\"robots\" content=\"index, follow, max-snippet:-1, max-image-preview:large, max-video-preview:-1\" \/>\n<link rel=\"canonical\" href=\"https:\/\/skaitytaknyga.lt\/en\/produktas\/uzbure-alause-nuskende-varpai-dailininko-jono-rimsos-atminimui\/\" \/>\n<meta property=\"og:locale\" content=\"en_GB\" \/>\n<meta property=\"og:locale:alternate\" content=\"lt_LT\" \/>\n<meta property=\"og:type\" content=\"article\" \/>\n<meta property=\"og:title\" content=\"U\u017eb\u016br\u0117 Alau\u0161e nuskend\u0119 varpai : dailininko Jono Rim\u0161os atminimui\" \/>\n<meta property=\"og:description\" content=\"Tai knyga apie lietuv\u012f dailinink\u0105 Jon\u0105 Rim\u0161\u0105, pra\u0117jus\u012f labai audring\u0105, kupin\u0105 netek\u010di\u0173 ir pakilim\u0173 gyvenimo keli\u0105. A\u0161 paband\u017eiau surikiuoti miestus,\" \/>\n<meta property=\"og:url\" content=\"https:\/\/skaitytaknyga.lt\/en\/produktas\/uzbure-alause-nuskende-varpai-dailininko-jono-rimsos-atminimui\/\" \/>\n<meta property=\"og:site_name\" content=\"Skaitytaknyga\" \/>\n<meta property=\"article:publisher\" content=\"https:\/\/www.facebook.com\/skaitytaknyga\/\" \/>\n<meta property=\"article:modified_time\" content=\"2025-05-29T10:21:05+00:00\" \/>\n<meta property=\"og:image\" content=\"https:\/\/skaitytaknyga.lt\/wp-content\/uploads\/2024\/05\/Be-pavadinimo-3.png\" \/>\n\t<meta property=\"og:image:width\" content=\"552\" \/>\n\t<meta property=\"og:image:height\" content=\"397\" \/>\n\t<meta property=\"og:image:type\" content=\"image\/png\" \/>\n<meta name=\"twitter:card\" content=\"summary_large_image\" \/>\n<meta name=\"twitter:label1\" content=\"Estimated reading time\" \/>\n\t<meta name=\"twitter:data1\" content=\"1 minute\" \/>\n<script type=\"application\/ld+json\" class=\"yoast-schema-graph\">{\"@context\":\"https:\/\/schema.org\",\"@graph\":[{\"@type\":\"WebPage\",\"@id\":\"https:\/\/skaitytaknyga.lt\/produktas\/uzbure-alause-nuskende-varpai-dailininko-jono-rimsos-atminimui\/\",\"url\":\"https:\/\/skaitytaknyga.lt\/produktas\/uzbure-alause-nuskende-varpai-dailininko-jono-rimsos-atminimui\/\",\"name\":\"U\u017eb\u016br\u0117 Alau\u0161e nuskend\u0119 varpai : dailininko Jono Rim\u0161os atminimui\",\"isPartOf\":{\"@id\":\"https:\/\/skaitytaknyga.lt\/#website\"},\"primaryImageOfPage\":{\"@id\":\"https:\/\/skaitytaknyga.lt\/produktas\/uzbure-alause-nuskende-varpai-dailininko-jono-rimsos-atminimui\/#primaryimage\"},\"image\":{\"@id\":\"https:\/\/skaitytaknyga.lt\/produktas\/uzbure-alause-nuskende-varpai-dailininko-jono-rimsos-atminimui\/#primaryimage\"},\"thumbnailUrl\":\"https:\/\/skaitytaknyga.lt\/wp-content\/uploads\/2024\/05\/Be-pavadinimo-3.png\",\"datePublished\":\"2024-06-08T12:55:44+00:00\",\"dateModified\":\"2025-05-29T10:21:05+00:00\",\"description\":\"Tai knyga apie lietuv\u012f dailinink\u0105 Jon\u0105 Rim\u0161\u0105, pra\u0117jus\u012f labai audring\u0105, kupin\u0105 netek\u010di\u0173 ir pakilim\u0173 gyvenimo keli\u0105. A\u0161 paband\u017eiau surikiuoti miestus,\",\"breadcrumb\":{\"@id\":\"https:\/\/skaitytaknyga.lt\/produktas\/uzbure-alause-nuskende-varpai-dailininko-jono-rimsos-atminimui\/#breadcrumb\"},\"inLanguage\":\"en-GB\",\"potentialAction\":[{\"@type\":\"ReadAction\",\"target\":[\"https:\/\/skaitytaknyga.lt\/produktas\/uzbure-alause-nuskende-varpai-dailininko-jono-rimsos-atminimui\/\"]}]},{\"@type\":\"ImageObject\",\"inLanguage\":\"en-GB\",\"@id\":\"https:\/\/skaitytaknyga.lt\/produktas\/uzbure-alause-nuskende-varpai-dailininko-jono-rimsos-atminimui\/#primaryimage\",\"url\":\"https:\/\/skaitytaknyga.lt\/wp-content\/uploads\/2024\/05\/Be-pavadinimo-3.png\",\"contentUrl\":\"https:\/\/skaitytaknyga.lt\/wp-content\/uploads\/2024\/05\/Be-pavadinimo-3.png\",\"width\":552,\"height\":397},{\"@type\":\"BreadcrumbList\",\"@id\":\"https:\/\/skaitytaknyga.lt\/produktas\/uzbure-alause-nuskende-varpai-dailininko-jono-rimsos-atminimui\/#breadcrumb\",\"itemListElement\":[{\"@type\":\"ListItem\",\"position\":1,\"name\":\"Home\",\"item\":\"https:\/\/skaitytaknyga.lt\/\"},{\"@type\":\"ListItem\",\"position\":2,\"name\":\"Parduotuv\u0117\",\"item\":\"https:\/\/skaitytaknyga.lt\/knygu-parduotuve\/\"},{\"@type\":\"ListItem\",\"position\":3,\"name\":\"U\u017eb\u016br\u0117 Alau\u0161e nuskend\u0119 varpai : dailininko Jono Rim\u0161os atminimui\"}]},{\"@type\":\"WebSite\",\"@id\":\"https:\/\/skaitytaknyga.lt\/#website\",\"url\":\"https:\/\/skaitytaknyga.lt\/\",\"name\":\"skaitytaknyga.lt\",\"description\":\"Skaitytaknyga.lt \u2013 tai ma\u017eas \u0161eimos verslas, kuris prasid\u0117jo nuo meil\u0117s knygoms ir siekio i\u0161gelb\u0117ti knygas nuo likimo prie konteinerio. Kas vienam nereikalingas daiktas \u2013 kitam lobis, o mes esame tarpininkai, kurie padeda abiems tapti laimingesniems ???? \u017dinome kaip nelengva i\u0161gyventi ma\u017eiems verslams, tad nuo \u0161iol, \u010dia rasite ir kit\u0173, ma\u017e\u0173 \u0161eim\u0173 versl\u0173, rank\u0173 darbo, dovan\u0173 sau ir artimiesiems.\",\"publisher\":{\"@id\":\"https:\/\/skaitytaknyga.lt\/#organization\"},\"potentialAction\":[{\"@type\":\"SearchAction\",\"target\":{\"@type\":\"EntryPoint\",\"urlTemplate\":\"https:\/\/skaitytaknyga.lt\/?s={search_term_string}\"},\"query-input\":{\"@type\":\"PropertyValueSpecification\",\"valueRequired\":true,\"valueName\":\"search_term_string\"}}],\"inLanguage\":\"en-GB\"},{\"@type\":\"Organization\",\"@id\":\"https:\/\/skaitytaknyga.lt\/#organization\",\"name\":\"skaitytaknyga.lt\",\"url\":\"https:\/\/skaitytaknyga.lt\/\",\"logo\":{\"@type\":\"ImageObject\",\"inLanguage\":\"en-GB\",\"@id\":\"https:\/\/skaitytaknyga.lt\/#\/schema\/logo\/image\/\",\"url\":\"https:\/\/skaitytaknyga.lt\/wp-content\/uploads\/2024\/05\/cropped-cropped-cropped-02_00843_jt3bggkj1j3HLc7SyY6rEUpg.jpeg\",\"contentUrl\":\"https:\/\/skaitytaknyga.lt\/wp-content\/uploads\/2024\/05\/cropped-cropped-cropped-02_00843_jt3bggkj1j3HLc7SyY6rEUpg.jpeg\",\"width\":1600,\"height\":1600,\"caption\":\"skaitytaknyga.lt\"},\"image\":{\"@id\":\"https:\/\/skaitytaknyga.lt\/#\/schema\/logo\/image\/\"},\"sameAs\":[\"https:\/\/www.facebook.com\/skaitytaknyga\/\"]}]}<\/script>\n<!-- \/ Yoast SEO plugin. -->","yoast_head_json":{"title":"U\u017eb\u016br\u0117 Alau\u0161e nuskend\u0119 varpai : dailininko Jono Rim\u0161os atminimui","description":"Tai knyga apie lietuv\u012f dailinink\u0105 Jon\u0105 Rim\u0161\u0105, pra\u0117jus\u012f labai audring\u0105, kupin\u0105 netek\u010di\u0173 ir pakilim\u0173 gyvenimo keli\u0105. A\u0161 paband\u017eiau surikiuoti miestus,","robots":{"index":"index","follow":"follow","max-snippet":"max-snippet:-1","max-image-preview":"max-image-preview:large","max-video-preview":"max-video-preview:-1"},"canonical":"https:\/\/skaitytaknyga.lt\/en\/produktas\/uzbure-alause-nuskende-varpai-dailininko-jono-rimsos-atminimui\/","og_locale":"en_GB","og_type":"article","og_title":"[:lt]U\u017eb\u016br\u0117 Alau\u0161e nuskend\u0119 varpai : dailininko Jono Rim\u0161os atminimui[:] - Skaitytaknyga","og_description":"Tai knyga apie lietuv\u012f dailinink\u0105 Jon\u0105 Rim\u0161\u0105, pra\u0117jus\u012f labai audring\u0105, kupin\u0105 netek\u010di\u0173 ir pakilim\u0173 gyvenimo keli\u0105. A\u0161 paband\u017eiau surikiuoti miestus,","og_url":"https:\/\/skaitytaknyga.lt\/en\/produktas\/uzbure-alause-nuskende-varpai-dailininko-jono-rimsos-atminimui\/","og_site_name":"Skaitytaknyga","article_publisher":"https:\/\/www.facebook.com\/skaitytaknyga\/","article_modified_time":"2025-05-29T10:21:05+00:00","og_image":[{"width":552,"height":397,"url":"https:\/\/skaitytaknyga.lt\/wp-content\/uploads\/2024\/05\/Be-pavadinimo-3.png","type":"image\/png"}],"twitter_card":"summary_large_image","twitter_misc":{"Estimated reading time":"1 minute"},"schema":{"@context":"https:\/\/schema.org","@graph":[{"@type":"WebPage","@id":"https:\/\/skaitytaknyga.lt\/produktas\/uzbure-alause-nuskende-varpai-dailininko-jono-rimsos-atminimui\/","url":"https:\/\/skaitytaknyga.lt\/produktas\/uzbure-alause-nuskende-varpai-dailininko-jono-rimsos-atminimui\/","name":"U\u017eb\u016br\u0117 Alau\u0161e nuskend\u0119 varpai : dailininko Jono Rim\u0161os atminimui","isPartOf":{"@id":"https:\/\/skaitytaknyga.lt\/#website"},"primaryImageOfPage":{"@id":"https:\/\/skaitytaknyga.lt\/produktas\/uzbure-alause-nuskende-varpai-dailininko-jono-rimsos-atminimui\/#primaryimage"},"image":{"@id":"https:\/\/skaitytaknyga.lt\/produktas\/uzbure-alause-nuskende-varpai-dailininko-jono-rimsos-atminimui\/#primaryimage"},"thumbnailUrl":"https:\/\/skaitytaknyga.lt\/wp-content\/uploads\/2024\/05\/Be-pavadinimo-3.png","datePublished":"2024-06-08T12:55:44+00:00","dateModified":"2025-05-29T10:21:05+00:00","description":"Tai knyga apie lietuv\u012f dailinink\u0105 Jon\u0105 Rim\u0161\u0105, pra\u0117jus\u012f labai audring\u0105, kupin\u0105 netek\u010di\u0173 ir pakilim\u0173 gyvenimo keli\u0105. A\u0161 paband\u017eiau surikiuoti miestus,","breadcrumb":{"@id":"https:\/\/skaitytaknyga.lt\/produktas\/uzbure-alause-nuskende-varpai-dailininko-jono-rimsos-atminimui\/#breadcrumb"},"inLanguage":"en-GB","potentialAction":[{"@type":"ReadAction","target":["https:\/\/skaitytaknyga.lt\/produktas\/uzbure-alause-nuskende-varpai-dailininko-jono-rimsos-atminimui\/"]}]},{"@type":"ImageObject","inLanguage":"en-GB","@id":"https:\/\/skaitytaknyga.lt\/produktas\/uzbure-alause-nuskende-varpai-dailininko-jono-rimsos-atminimui\/#primaryimage","url":"https:\/\/skaitytaknyga.lt\/wp-content\/uploads\/2024\/05\/Be-pavadinimo-3.png","contentUrl":"https:\/\/skaitytaknyga.lt\/wp-content\/uploads\/2024\/05\/Be-pavadinimo-3.png","width":552,"height":397},{"@type":"BreadcrumbList","@id":"https:\/\/skaitytaknyga.lt\/produktas\/uzbure-alause-nuskende-varpai-dailininko-jono-rimsos-atminimui\/#breadcrumb","itemListElement":[{"@type":"ListItem","position":1,"name":"Home","item":"https:\/\/skaitytaknyga.lt\/"},{"@type":"ListItem","position":2,"name":"Parduotuv\u0117","item":"https:\/\/skaitytaknyga.lt\/knygu-parduotuve\/"},{"@type":"ListItem","position":3,"name":"U\u017eb\u016br\u0117 Alau\u0161e nuskend\u0119 varpai : dailininko Jono Rim\u0161os atminimui"}]},{"@type":"WebSite","@id":"https:\/\/skaitytaknyga.lt\/#website","url":"https:\/\/skaitytaknyga.lt\/","name":"skaitytaknyga.lt","description":"Skaitytaknyga.lt \u2013 tai ma\u017eas \u0161eimos verslas, kuris prasid\u0117jo nuo meil\u0117s knygoms ir siekio i\u0161gelb\u0117ti knygas nuo likimo prie konteinerio. Kas vienam nereikalingas daiktas \u2013 kitam lobis, o mes esame tarpininkai, kurie padeda abiems tapti laimingesniems ???? \u017dinome kaip nelengva i\u0161gyventi ma\u017eiems verslams, tad nuo \u0161iol, \u010dia rasite ir kit\u0173, ma\u017e\u0173 \u0161eim\u0173 versl\u0173, rank\u0173 darbo, dovan\u0173 sau ir artimiesiems.","publisher":{"@id":"https:\/\/skaitytaknyga.lt\/#organization"},"potentialAction":[{"@type":"SearchAction","target":{"@type":"EntryPoint","urlTemplate":"https:\/\/skaitytaknyga.lt\/?s={search_term_string}"},"query-input":{"@type":"PropertyValueSpecification","valueRequired":true,"valueName":"search_term_string"}}],"inLanguage":"en-GB"},{"@type":"Organization","@id":"https:\/\/skaitytaknyga.lt\/#organization","name":"skaitytaknyga.lt","url":"https:\/\/skaitytaknyga.lt\/","logo":{"@type":"ImageObject","inLanguage":"en-GB","@id":"https:\/\/skaitytaknyga.lt\/#\/schema\/logo\/image\/","url":"https:\/\/skaitytaknyga.lt\/wp-content\/uploads\/2024\/05\/cropped-cropped-cropped-02_00843_jt3bggkj1j3HLc7SyY6rEUpg.jpeg","contentUrl":"https:\/\/skaitytaknyga.lt\/wp-content\/uploads\/2024\/05\/cropped-cropped-cropped-02_00843_jt3bggkj1j3HLc7SyY6rEUpg.jpeg","width":1600,"height":1600,"caption":"skaitytaknyga.lt"},"image":{"@id":"https:\/\/skaitytaknyga.lt\/#\/schema\/logo\/image\/"},"sameAs":["https:\/\/www.facebook.com\/skaitytaknyga\/"]}]}},"_links":{"self":[{"href":"https:\/\/skaitytaknyga.lt\/en\/wp-json\/wp\/v2\/product\/5737","targetHints":{"allow":["GET"]}}],"collection":[{"href":"https:\/\/skaitytaknyga.lt\/en\/wp-json\/wp\/v2\/product"}],"about":[{"href":"https:\/\/skaitytaknyga.lt\/en\/wp-json\/wp\/v2\/types\/product"}],"replies":[{"embeddable":true,"href":"https:\/\/skaitytaknyga.lt\/en\/wp-json\/wp\/v2\/comments?post=5737"}],"wp:featuredmedia":[{"embeddable":true,"href":"https:\/\/skaitytaknyga.lt\/en\/wp-json\/wp\/v2\/media\/5749"}],"wp:attachment":[{"href":"https:\/\/skaitytaknyga.lt\/en\/wp-json\/wp\/v2\/media?parent=5737"}],"wp:term":[{"taxonomy":"product_brand","embeddable":true,"href":"https:\/\/skaitytaknyga.lt\/en\/wp-json\/wp\/v2\/product_brand?post=5737"},{"taxonomy":"product_cat","embeddable":true,"href":"https:\/\/skaitytaknyga.lt\/en\/wp-json\/wp\/v2\/product_cat?post=5737"},{"taxonomy":"product_tag","embeddable":true,"href":"https:\/\/skaitytaknyga.lt\/en\/wp-json\/wp\/v2\/product_tag?post=5737"}],"curies":[{"name":"wp","href":"https:\/\/api.w.org\/{rel}","templated":true}]}}