{"id":5724,"date":"2024-05-02T12:55:24","date_gmt":"2024-05-02T12:55:24","guid":{"rendered":"https:\/\/skaitytaknyga.lt\/?post_type=product&#038;p=5724"},"modified":"2026-03-18T14:45:56","modified_gmt":"2026-03-18T12:45:56","slug":"jonas-uzurka-kunigaikstiene-birute-taurios-meiles-drama-atvirksciai-irista","status":"publish","type":"product","link":"https:\/\/skaitytaknyga.lt\/en\/produktas\/jonas-uzurka-kunigaikstiene-birute-taurios-meiles-drama-atvirksciai-irista\/","title":{"rendered":"Jonas U\u017eurka \u201eKunigaik\u0161tien\u0117 Birut\u0117 : taurios meil\u0117s drama\u201c (atvirk\u0161\u010diai \u012fri\u0161ta)"},"content":{"rendered":"<p>Romano veiksmas vyksta g\u016bd\u017eiais viduram\u017ei\u0173 laikais \u2013 XIV am\u017eiuje. Du broliai \u2013 didieji kunigaik\u0161\u010diai Algirdas ir K\u0119stutis \u2013 s\u0117kmingai valdo i\u0161 t\u0117vo Gedimino paveld\u0117tas \u017eemes, kuria naujas \u0161eimas, augina vaikus, kariauja su Kry\u017eiuo\u010di\u0173 ir Kalavijuo\u010di\u0173 ordinais, ple\u010dia Lietuvos Did\u017ei\u0105j\u0105 Kunigaik\u0161tyst\u0119. Mirus Algirdui prasideda politin\u0117s intrigos, nesutarimai tarp K\u0119stu\u010dio ir jo s\u016bn\u0117no Jogailos. Nuolatiniai ordin\u0173 puldin\u0117jimai, da\u017eni K\u0119stu\u010dio \u017eygiai nualina kra\u0161t\u0105, suskaldo didikus. \u017dlunga diarchija, nusilpsta K\u0119stutis. Galiausiai jis klastingai nu\u017eudomas, tragi\u0161ko likimo sulaukia ir Birut\u0117, vis\u0105 laik\u0105 labai myl\u0117jusi, pri\u017ei\u016br\u0117jusi ir globojusi savo vyr\u0105.<br \/>\nK\u016brinyje gausu karo \u017eygi\u0173 apra\u0161ym\u0173, puikiai perteikta karaliaus dvaro atmosfera, sodriomis spalvomis pie\u0161iami moter\u0173 \u2013 K\u0119stu\u010dio \u017emonos Birut\u0117s ir Algirdo \u017emonos Julijonos \u2013 paveikslai.<\/p>\n","protected":false},"excerpt":{"rendered":"<p>Romano veiksmas vyksta g\u016bd\u017eiais viduram\u017ei\u0173 laikais \u2013 XIV am\u017eiuje. Du broliai \u2013 didieji kunigaik\u0161\u010diai Algirdas ir K\u0119stutis \u2013 s\u0117kmingai valdo i\u0161 t\u0117vo Gedimino paveld\u0117tas \u017eemes, kuria naujas \u0161eimas, augina vaikus, kariauja su Kry\u017eiuo\u010di\u0173 ir Kalavijuo\u010di\u0173 ordinais, ple\u010dia Lietuvos Did\u017ei\u0105j\u0105 Kunigaik\u0161tyst\u0119. Mirus Algirdui prasideda politin\u0117s intrigos, nesutarimai tarp K\u0119stu\u010dio ir jo s\u016bn\u0117no Jogailos. Nuolatiniai ordin\u0173 puldin\u0117jimai, da\u017eni K\u0119stu\u010dio \u017eygiai nualina kra\u0161t\u0105, suskaldo didikus. \u017dlunga diarchija, nusilpsta K\u0119stutis. Galiausiai jis klastingai nu\u017eudomas, tragi\u0161ko likimo sulaukia ir Birut\u0117, vis\u0105 laik\u0105 labai myl\u0117jusi, pri\u017ei\u016br\u0117jusi ir globojusi savo vyr\u0105.<br \/>\nK\u016brinyje gausu karo \u017eygi\u0173 apra\u0161ym\u0173, puikiai perteikta karaliaus dvaro atmosfera, sodriomis spalvomis pie\u0161iami moter\u0173 \u2013 K\u0119stu\u010dio \u017emonos Birut\u0117s ir Algirdo \u017emonos Julijonos \u2013 paveikslai.<\/p>\n","protected":false},"featured_media":5745,"comment_status":"closed","ping_status":"closed","template":"","meta":{"_acf_changed":false,"site-sidebar-layout":"default","site-content-layout":"","ast-site-content-layout":"default","site-content-style":"default","site-sidebar-style":"default","ast-global-header-display":"","ast-banner-title-visibility":"","ast-main-header-display":"","ast-hfb-above-header-display":"","ast-hfb-below-header-display":"","ast-hfb-mobile-header-display":"","site-post-title":"","ast-breadcrumbs-content":"","ast-featured-img":"","footer-sml-layout":"","ast-disable-related-posts":"","theme-transparent-header-meta":"","adv-header-id-meta":"","stick-header-meta":"","header-above-stick-meta":"","header-main-stick-meta":"","header-below-stick-meta":"","astra-migrate-meta-layouts":"default","ast-page-background-enabled":"default","ast-page-background-meta":{"desktop":{"background-color":"","background-image":"","background-repeat":"repeat","background-position":"center center","background-size":"auto","background-attachment":"scroll","background-type":"","background-media":"","overlay-type":"","overlay-color":"","overlay-opacity":"","overlay-gradient":""},"tablet":{"background-color":"","background-image":"","background-repeat":"repeat","background-position":"center center","background-size":"auto","background-attachment":"scroll","background-type":"","background-media":"","overlay-type":"","overlay-color":"","overlay-opacity":"","overlay-gradient":""},"mobile":{"background-color":"","background-image":"","background-repeat":"repeat","background-position":"center center","background-size":"auto","background-attachment":"scroll","background-type":"","background-media":"","overlay-type":"","overlay-color":"","overlay-opacity":"","overlay-gradient":""}},"ast-content-background-meta":{"desktop":{"background-color":"var(--ast-global-color-4)","background-image":"","background-repeat":"repeat","background-position":"center center","background-size":"auto","background-attachment":"scroll","background-type":"","background-media":"","overlay-type":"","overlay-color":"","overlay-opacity":"","overlay-gradient":""},"tablet":{"background-color":"var(--ast-global-color-4)","background-image":"","background-repeat":"repeat","background-position":"center center","background-size":"auto","background-attachment":"scroll","background-type":"","background-media":"","overlay-type":"","overlay-color":"","overlay-opacity":"","overlay-gradient":""},"mobile":{"background-color":"var(--ast-global-color-4)","background-image":"","background-repeat":"repeat","background-position":"center center","background-size":"auto","background-attachment":"scroll","background-type":"","background-media":"","overlay-type":"","overlay-color":"","overlay-opacity":"","overlay-gradient":""}}},"product_brand":[],"product_cat":[9590],"product_tag":[],"class_list":{"0":"post-5724","1":"product","2":"type-product","3":"status-publish","4":"has-post-thumbnail","6":"product_cat-lietuviu-literatura","7":"desktop-align-left","8":"tablet-align-left","9":"mobile-align-left","11":"first","12":"outofstock","13":"shipping-taxable","14":"purchasable","15":"product-type-simple"},"acf":[],"yoast_head":"<!-- This site is optimized with the Yoast SEO plugin v27.0 - https:\/\/yoast.com\/product\/yoast-seo-wordpress\/ -->\n<title>Jonas U\u017eurka \u201eKunigaik\u0161tien\u0117 Birut\u0117 : taurios meil\u0117s drama\u201c (atvirk\u0161\u010diai \u012fri\u0161ta)<\/title>\n<meta name=\"description\" content=\"Romano veiksmas vyksta g\u016bd\u017eiais viduram\u017ei\u0173 laikais \u2013 XIV am\u017eiuje. Du broliai \u2013 didieji kunigaik\u0161\u010diai Algirdas ir K\u0119stutis \u2013 s\u0117kmingai valdo i\u0161 t\u0117vo Gedimino paveld\u0117tas \u017eemes, kuria naujas \u0161eimas, augina vaikus, kariauja su Kry\u017eiuo\u010di\u0173 ir Kalavijuo\u010di\u0173 ordinais, ple\u010dia Lietuvos Did\u017ei\u0105j\u0105 Kunigaik\u0161tyst\u0119. Mirus Algirdui prasideda politin\u0117s intrigos, nesutarimai tarp K\u0119stu\u010dio ir jo s\u016bn\u0117no Jogailos. Nuolatiniai ordin\u0173 puldin\u0117jimai, da\u017eni K\u0119stu\u010dio \u017eygiai nualina kra\u0161t\u0105, suskaldo didikus. \u017dlunga diarchija, nusilpsta K\u0119stutis. Galiausiai jis klastingai nu\u017eudomas, tragi\u0161ko likimo sulaukia ir Birut\u0117, vis\u0105 laik\u0105 labai myl\u0117jusi, pri\u017ei\u016br\u0117jusi ir globojusi savo vyr\u0105. K\u016brinyje gausu karo \u017eygi\u0173 apra\u0161ym\u0173, puikiai perteikta karaliaus dvaro atmosfera, sodriomis spalvomis pie\u0161iami moter\u0173 \u2013 K\u0119stu\u010dio \u017emonos Birut\u0117s ir Algirdo \u017emonos Julijonos \u2013 paveikslai.\" \/>\n<meta name=\"robots\" content=\"index, follow, max-snippet:-1, max-image-preview:large, max-video-preview:-1\" \/>\n<link rel=\"canonical\" href=\"https:\/\/skaitytaknyga.lt\/en\/produktas\/jonas-uzurka-kunigaikstiene-birute-taurios-meiles-drama-atvirksciai-irista\/\" \/>\n<meta property=\"og:locale\" content=\"en_GB\" \/>\n<meta property=\"og:locale:alternate\" content=\"lt_LT\" \/>\n<meta property=\"og:type\" content=\"article\" \/>\n<meta property=\"og:title\" content=\"Jonas U\u017eurka \u201eKunigaik\u0161tien\u0117 Birut\u0117 : taurios meil\u0117s drama\u201c (atvirk\u0161\u010diai \u012fri\u0161ta)\" \/>\n<meta property=\"og:description\" content=\"Romano veiksmas vyksta g\u016bd\u017eiais viduram\u017ei\u0173 laikais \u2013 XIV am\u017eiuje. Du broliai \u2013 didieji kunigaik\u0161\u010diai Algirdas ir K\u0119stutis \u2013 s\u0117kmingai valdo i\u0161 t\u0117vo Gedimino paveld\u0117tas \u017eemes, kuria naujas \u0161eimas, augina vaikus, kariauja su Kry\u017eiuo\u010di\u0173 ir Kalavijuo\u010di\u0173 ordinais, ple\u010dia Lietuvos Did\u017ei\u0105j\u0105 Kunigaik\u0161tyst\u0119. Mirus Algirdui prasideda politin\u0117s intrigos, nesutarimai tarp K\u0119stu\u010dio ir jo s\u016bn\u0117no Jogailos. Nuolatiniai ordin\u0173 puldin\u0117jimai, da\u017eni K\u0119stu\u010dio \u017eygiai nualina kra\u0161t\u0105, suskaldo didikus. \u017dlunga diarchija, nusilpsta K\u0119stutis. Galiausiai jis klastingai nu\u017eudomas, tragi\u0161ko likimo sulaukia ir Birut\u0117, vis\u0105 laik\u0105 labai myl\u0117jusi, pri\u017ei\u016br\u0117jusi ir globojusi savo vyr\u0105. K\u016brinyje gausu karo \u017eygi\u0173 apra\u0161ym\u0173, puikiai perteikta karaliaus dvaro atmosfera, sodriomis spalvomis pie\u0161iami moter\u0173 \u2013 K\u0119stu\u010dio \u017emonos Birut\u0117s ir Algirdo \u017emonos Julijonos \u2013 paveikslai.\" \/>\n<meta property=\"og:url\" content=\"https:\/\/skaitytaknyga.lt\/en\/produktas\/jonas-uzurka-kunigaikstiene-birute-taurios-meiles-drama-atvirksciai-irista\/\" \/>\n<meta property=\"og:site_name\" content=\"Skaitytaknyga\" \/>\n<meta property=\"article:publisher\" content=\"https:\/\/www.facebook.com\/skaitytaknyga\/\" \/>\n<meta property=\"article:modified_time\" content=\"2026-03-18T12:45:56+00:00\" \/>\n<meta property=\"og:image\" content=\"https:\/\/skaitytaknyga.lt\/wp-content\/uploads\/2024\/05\/1489144785_IMG_0001.jpg\" \/>\n\t<meta property=\"og:image:width\" content=\"292\" \/>\n\t<meta property=\"og:image:height\" content=\"430\" \/>\n\t<meta property=\"og:image:type\" content=\"image\/jpeg\" \/>\n<meta name=\"twitter:card\" content=\"summary_large_image\" \/>\n<meta name=\"twitter:label1\" content=\"Estimated reading time\" \/>\n\t<meta name=\"twitter:data1\" content=\"1 minute\" \/>\n<script type=\"application\/ld+json\" class=\"yoast-schema-graph\">{\"@context\":\"https:\/\/schema.org\",\"@graph\":[{\"@type\":\"WebPage\",\"@id\":\"https:\/\/skaitytaknyga.lt\/produktas\/jonas-uzurka-kunigaikstiene-birute-taurios-meiles-drama-atvirksciai-irista\/\",\"url\":\"https:\/\/skaitytaknyga.lt\/produktas\/jonas-uzurka-kunigaikstiene-birute-taurios-meiles-drama-atvirksciai-irista\/\",\"name\":\"Jonas U\u017eurka \u201eKunigaik\u0161tien\u0117 Birut\u0117 : taurios meil\u0117s drama\u201c (atvirk\u0161\u010diai \u012fri\u0161ta)\",\"isPartOf\":{\"@id\":\"https:\/\/skaitytaknyga.lt\/#website\"},\"primaryImageOfPage\":{\"@id\":\"https:\/\/skaitytaknyga.lt\/produktas\/jonas-uzurka-kunigaikstiene-birute-taurios-meiles-drama-atvirksciai-irista\/#primaryimage\"},\"image\":{\"@id\":\"https:\/\/skaitytaknyga.lt\/produktas\/jonas-uzurka-kunigaikstiene-birute-taurios-meiles-drama-atvirksciai-irista\/#primaryimage\"},\"thumbnailUrl\":\"https:\/\/skaitytaknyga.lt\/wp-content\/uploads\/2024\/05\/1489144785_IMG_0001.jpg\",\"datePublished\":\"2024-05-02T12:55:24+00:00\",\"dateModified\":\"2026-03-18T12:45:56+00:00\",\"description\":\"Romano veiksmas vyksta g\u016bd\u017eiais viduram\u017ei\u0173 laikais \u2013 XIV am\u017eiuje. Du broliai \u2013 didieji kunigaik\u0161\u010diai Algirdas ir K\u0119stutis \u2013 s\u0117kmingai valdo i\u0161 t\u0117vo Gedimino paveld\u0117tas \u017eemes, kuria naujas \u0161eimas, augina vaikus, kariauja su Kry\u017eiuo\u010di\u0173 ir Kalavijuo\u010di\u0173 ordinais, ple\u010dia Lietuvos Did\u017ei\u0105j\u0105 Kunigaik\u0161tyst\u0119. Mirus Algirdui prasideda politin\u0117s intrigos, nesutarimai tarp K\u0119stu\u010dio ir jo s\u016bn\u0117no Jogailos. Nuolatiniai ordin\u0173 puldin\u0117jimai, da\u017eni K\u0119stu\u010dio \u017eygiai nualina kra\u0161t\u0105, suskaldo didikus. \u017dlunga diarchija, nusilpsta K\u0119stutis. Galiausiai jis klastingai nu\u017eudomas, tragi\u0161ko likimo sulaukia ir Birut\u0117, vis\u0105 laik\u0105 labai myl\u0117jusi, pri\u017ei\u016br\u0117jusi ir globojusi savo vyr\u0105. K\u016brinyje gausu karo \u017eygi\u0173 apra\u0161ym\u0173, puikiai perteikta karaliaus dvaro atmosfera, sodriomis spalvomis pie\u0161iami moter\u0173 \u2013 K\u0119stu\u010dio \u017emonos Birut\u0117s ir Algirdo \u017emonos Julijonos \u2013 paveikslai.\",\"breadcrumb\":{\"@id\":\"https:\/\/skaitytaknyga.lt\/produktas\/jonas-uzurka-kunigaikstiene-birute-taurios-meiles-drama-atvirksciai-irista\/#breadcrumb\"},\"inLanguage\":\"en-GB\",\"potentialAction\":[{\"@type\":\"ReadAction\",\"target\":[\"https:\/\/skaitytaknyga.lt\/produktas\/jonas-uzurka-kunigaikstiene-birute-taurios-meiles-drama-atvirksciai-irista\/\"]}]},{\"@type\":\"ImageObject\",\"inLanguage\":\"en-GB\",\"@id\":\"https:\/\/skaitytaknyga.lt\/produktas\/jonas-uzurka-kunigaikstiene-birute-taurios-meiles-drama-atvirksciai-irista\/#primaryimage\",\"url\":\"https:\/\/skaitytaknyga.lt\/wp-content\/uploads\/2024\/05\/1489144785_IMG_0001.jpg\",\"contentUrl\":\"https:\/\/skaitytaknyga.lt\/wp-content\/uploads\/2024\/05\/1489144785_IMG_0001.jpg\",\"width\":292,\"height\":430},{\"@type\":\"BreadcrumbList\",\"@id\":\"https:\/\/skaitytaknyga.lt\/produktas\/jonas-uzurka-kunigaikstiene-birute-taurios-meiles-drama-atvirksciai-irista\/#breadcrumb\",\"itemListElement\":[{\"@type\":\"ListItem\",\"position\":1,\"name\":\"Home\",\"item\":\"https:\/\/skaitytaknyga.lt\/\"},{\"@type\":\"ListItem\",\"position\":2,\"name\":\"Parduotuv\u0117\",\"item\":\"https:\/\/skaitytaknyga.lt\/knygu-parduotuve\/\"},{\"@type\":\"ListItem\",\"position\":3,\"name\":\"Jonas U\u017eurka \u201eKunigaik\u0161tien\u0117 Birut\u0117 : taurios meil\u0117s drama\u201c (atvirk\u0161\u010diai \u012fri\u0161ta)\"}]},{\"@type\":\"WebSite\",\"@id\":\"https:\/\/skaitytaknyga.lt\/#website\",\"url\":\"https:\/\/skaitytaknyga.lt\/\",\"name\":\"skaitytaknyga.lt\",\"description\":\"Skaitytaknyga.lt \u2013 tai ma\u017eas \u0161eimos verslas, kuris prasid\u0117jo nuo meil\u0117s knygoms ir siekio i\u0161gelb\u0117ti knygas nuo likimo prie konteinerio. Kas vienam nereikalingas daiktas \u2013 kitam lobis, o mes esame tarpininkai, kurie padeda abiems tapti laimingesniems ???? \u017dinome kaip nelengva i\u0161gyventi ma\u017eiems verslams, tad nuo \u0161iol, \u010dia rasite ir kit\u0173, ma\u017e\u0173 \u0161eim\u0173 versl\u0173, rank\u0173 darbo, dovan\u0173 sau ir artimiesiems.\",\"publisher\":{\"@id\":\"https:\/\/skaitytaknyga.lt\/#organization\"},\"potentialAction\":[{\"@type\":\"SearchAction\",\"target\":{\"@type\":\"EntryPoint\",\"urlTemplate\":\"https:\/\/skaitytaknyga.lt\/?s={search_term_string}\"},\"query-input\":{\"@type\":\"PropertyValueSpecification\",\"valueRequired\":true,\"valueName\":\"search_term_string\"}}],\"inLanguage\":\"en-GB\"},{\"@type\":\"Organization\",\"@id\":\"https:\/\/skaitytaknyga.lt\/#organization\",\"name\":\"skaitytaknyga.lt\",\"url\":\"https:\/\/skaitytaknyga.lt\/\",\"logo\":{\"@type\":\"ImageObject\",\"inLanguage\":\"en-GB\",\"@id\":\"https:\/\/skaitytaknyga.lt\/#\/schema\/logo\/image\/\",\"url\":\"https:\/\/skaitytaknyga.lt\/wp-content\/uploads\/2024\/05\/cropped-cropped-cropped-02_00843_jt3bggkj1j3HLc7SyY6rEUpg.jpeg\",\"contentUrl\":\"https:\/\/skaitytaknyga.lt\/wp-content\/uploads\/2024\/05\/cropped-cropped-cropped-02_00843_jt3bggkj1j3HLc7SyY6rEUpg.jpeg\",\"width\":1600,\"height\":1600,\"caption\":\"skaitytaknyga.lt\"},\"image\":{\"@id\":\"https:\/\/skaitytaknyga.lt\/#\/schema\/logo\/image\/\"},\"sameAs\":[\"https:\/\/www.facebook.com\/skaitytaknyga\/\"]}]}<\/script>\n<!-- \/ Yoast SEO plugin. -->","yoast_head_json":{"title":"Jonas U\u017eurka \u201eKunigaik\u0161tien\u0117 Birut\u0117 : taurios meil\u0117s drama\u201c (atvirk\u0161\u010diai \u012fri\u0161ta)","description":"Romano veiksmas vyksta g\u016bd\u017eiais viduram\u017ei\u0173 laikais \u2013 XIV am\u017eiuje. Du broliai \u2013 didieji kunigaik\u0161\u010diai Algirdas ir K\u0119stutis \u2013 s\u0117kmingai valdo i\u0161 t\u0117vo Gedimino paveld\u0117tas \u017eemes, kuria naujas \u0161eimas, augina vaikus, kariauja su Kry\u017eiuo\u010di\u0173 ir Kalavijuo\u010di\u0173 ordinais, ple\u010dia Lietuvos Did\u017ei\u0105j\u0105 Kunigaik\u0161tyst\u0119. Mirus Algirdui prasideda politin\u0117s intrigos, nesutarimai tarp K\u0119stu\u010dio ir jo s\u016bn\u0117no Jogailos. Nuolatiniai ordin\u0173 puldin\u0117jimai, da\u017eni K\u0119stu\u010dio \u017eygiai nualina kra\u0161t\u0105, suskaldo didikus. \u017dlunga diarchija, nusilpsta K\u0119stutis. Galiausiai jis klastingai nu\u017eudomas, tragi\u0161ko likimo sulaukia ir Birut\u0117, vis\u0105 laik\u0105 labai myl\u0117jusi, pri\u017ei\u016br\u0117jusi ir globojusi savo vyr\u0105. K\u016brinyje gausu karo \u017eygi\u0173 apra\u0161ym\u0173, puikiai perteikta karaliaus dvaro atmosfera, sodriomis spalvomis pie\u0161iami moter\u0173 \u2013 K\u0119stu\u010dio \u017emonos Birut\u0117s ir Algirdo \u017emonos Julijonos \u2013 paveikslai.","robots":{"index":"index","follow":"follow","max-snippet":"max-snippet:-1","max-image-preview":"max-image-preview:large","max-video-preview":"max-video-preview:-1"},"canonical":"https:\/\/skaitytaknyga.lt\/en\/produktas\/jonas-uzurka-kunigaikstiene-birute-taurios-meiles-drama-atvirksciai-irista\/","og_locale":"en_GB","og_type":"article","og_title":"[:lt]Jonas U\u017eurka \u201eKunigaik\u0161tien\u0117 Birut\u0117 : taurios meil\u0117s drama\u201c (atvirk\u0161\u010diai \u012fri\u0161ta)[:] - Skaitytaknyga","og_description":"Romano veiksmas vyksta g\u016bd\u017eiais viduram\u017ei\u0173 laikais \u2013 XIV am\u017eiuje. Du broliai \u2013 didieji kunigaik\u0161\u010diai Algirdas ir K\u0119stutis \u2013 s\u0117kmingai valdo i\u0161 t\u0117vo Gedimino paveld\u0117tas \u017eemes, kuria naujas \u0161eimas, augina vaikus, kariauja su Kry\u017eiuo\u010di\u0173 ir Kalavijuo\u010di\u0173 ordinais, ple\u010dia Lietuvos Did\u017ei\u0105j\u0105 Kunigaik\u0161tyst\u0119. Mirus Algirdui prasideda politin\u0117s intrigos, nesutarimai tarp K\u0119stu\u010dio ir jo s\u016bn\u0117no Jogailos. Nuolatiniai ordin\u0173 puldin\u0117jimai, da\u017eni K\u0119stu\u010dio \u017eygiai nualina kra\u0161t\u0105, suskaldo didikus. \u017dlunga diarchija, nusilpsta K\u0119stutis. Galiausiai jis klastingai nu\u017eudomas, tragi\u0161ko likimo sulaukia ir Birut\u0117, vis\u0105 laik\u0105 labai myl\u0117jusi, pri\u017ei\u016br\u0117jusi ir globojusi savo vyr\u0105. K\u016brinyje gausu karo \u017eygi\u0173 apra\u0161ym\u0173, puikiai perteikta karaliaus dvaro atmosfera, sodriomis spalvomis pie\u0161iami moter\u0173 \u2013 K\u0119stu\u010dio \u017emonos Birut\u0117s ir Algirdo \u017emonos Julijonos \u2013 paveikslai.","og_url":"https:\/\/skaitytaknyga.lt\/en\/produktas\/jonas-uzurka-kunigaikstiene-birute-taurios-meiles-drama-atvirksciai-irista\/","og_site_name":"Skaitytaknyga","article_publisher":"https:\/\/www.facebook.com\/skaitytaknyga\/","article_modified_time":"2026-03-18T12:45:56+00:00","og_image":[{"width":292,"height":430,"url":"https:\/\/skaitytaknyga.lt\/wp-content\/uploads\/2024\/05\/1489144785_IMG_0001.jpg","type":"image\/jpeg"}],"twitter_card":"summary_large_image","twitter_misc":{"Estimated reading time":"1 minute"},"schema":{"@context":"https:\/\/schema.org","@graph":[{"@type":"WebPage","@id":"https:\/\/skaitytaknyga.lt\/produktas\/jonas-uzurka-kunigaikstiene-birute-taurios-meiles-drama-atvirksciai-irista\/","url":"https:\/\/skaitytaknyga.lt\/produktas\/jonas-uzurka-kunigaikstiene-birute-taurios-meiles-drama-atvirksciai-irista\/","name":"Jonas U\u017eurka \u201eKunigaik\u0161tien\u0117 Birut\u0117 : taurios meil\u0117s drama\u201c (atvirk\u0161\u010diai \u012fri\u0161ta)","isPartOf":{"@id":"https:\/\/skaitytaknyga.lt\/#website"},"primaryImageOfPage":{"@id":"https:\/\/skaitytaknyga.lt\/produktas\/jonas-uzurka-kunigaikstiene-birute-taurios-meiles-drama-atvirksciai-irista\/#primaryimage"},"image":{"@id":"https:\/\/skaitytaknyga.lt\/produktas\/jonas-uzurka-kunigaikstiene-birute-taurios-meiles-drama-atvirksciai-irista\/#primaryimage"},"thumbnailUrl":"https:\/\/skaitytaknyga.lt\/wp-content\/uploads\/2024\/05\/1489144785_IMG_0001.jpg","datePublished":"2024-05-02T12:55:24+00:00","dateModified":"2026-03-18T12:45:56+00:00","description":"Romano veiksmas vyksta g\u016bd\u017eiais viduram\u017ei\u0173 laikais \u2013 XIV am\u017eiuje. Du broliai \u2013 didieji kunigaik\u0161\u010diai Algirdas ir K\u0119stutis \u2013 s\u0117kmingai valdo i\u0161 t\u0117vo Gedimino paveld\u0117tas \u017eemes, kuria naujas \u0161eimas, augina vaikus, kariauja su Kry\u017eiuo\u010di\u0173 ir Kalavijuo\u010di\u0173 ordinais, ple\u010dia Lietuvos Did\u017ei\u0105j\u0105 Kunigaik\u0161tyst\u0119. Mirus Algirdui prasideda politin\u0117s intrigos, nesutarimai tarp K\u0119stu\u010dio ir jo s\u016bn\u0117no Jogailos. Nuolatiniai ordin\u0173 puldin\u0117jimai, da\u017eni K\u0119stu\u010dio \u017eygiai nualina kra\u0161t\u0105, suskaldo didikus. \u017dlunga diarchija, nusilpsta K\u0119stutis. Galiausiai jis klastingai nu\u017eudomas, tragi\u0161ko likimo sulaukia ir Birut\u0117, vis\u0105 laik\u0105 labai myl\u0117jusi, pri\u017ei\u016br\u0117jusi ir globojusi savo vyr\u0105. K\u016brinyje gausu karo \u017eygi\u0173 apra\u0161ym\u0173, puikiai perteikta karaliaus dvaro atmosfera, sodriomis spalvomis pie\u0161iami moter\u0173 \u2013 K\u0119stu\u010dio \u017emonos Birut\u0117s ir Algirdo \u017emonos Julijonos \u2013 paveikslai.","breadcrumb":{"@id":"https:\/\/skaitytaknyga.lt\/produktas\/jonas-uzurka-kunigaikstiene-birute-taurios-meiles-drama-atvirksciai-irista\/#breadcrumb"},"inLanguage":"en-GB","potentialAction":[{"@type":"ReadAction","target":["https:\/\/skaitytaknyga.lt\/produktas\/jonas-uzurka-kunigaikstiene-birute-taurios-meiles-drama-atvirksciai-irista\/"]}]},{"@type":"ImageObject","inLanguage":"en-GB","@id":"https:\/\/skaitytaknyga.lt\/produktas\/jonas-uzurka-kunigaikstiene-birute-taurios-meiles-drama-atvirksciai-irista\/#primaryimage","url":"https:\/\/skaitytaknyga.lt\/wp-content\/uploads\/2024\/05\/1489144785_IMG_0001.jpg","contentUrl":"https:\/\/skaitytaknyga.lt\/wp-content\/uploads\/2024\/05\/1489144785_IMG_0001.jpg","width":292,"height":430},{"@type":"BreadcrumbList","@id":"https:\/\/skaitytaknyga.lt\/produktas\/jonas-uzurka-kunigaikstiene-birute-taurios-meiles-drama-atvirksciai-irista\/#breadcrumb","itemListElement":[{"@type":"ListItem","position":1,"name":"Home","item":"https:\/\/skaitytaknyga.lt\/"},{"@type":"ListItem","position":2,"name":"Parduotuv\u0117","item":"https:\/\/skaitytaknyga.lt\/knygu-parduotuve\/"},{"@type":"ListItem","position":3,"name":"Jonas U\u017eurka \u201eKunigaik\u0161tien\u0117 Birut\u0117 : taurios meil\u0117s drama\u201c (atvirk\u0161\u010diai \u012fri\u0161ta)"}]},{"@type":"WebSite","@id":"https:\/\/skaitytaknyga.lt\/#website","url":"https:\/\/skaitytaknyga.lt\/","name":"skaitytaknyga.lt","description":"Skaitytaknyga.lt \u2013 tai ma\u017eas \u0161eimos verslas, kuris prasid\u0117jo nuo meil\u0117s knygoms ir siekio i\u0161gelb\u0117ti knygas nuo likimo prie konteinerio. Kas vienam nereikalingas daiktas \u2013 kitam lobis, o mes esame tarpininkai, kurie padeda abiems tapti laimingesniems ???? \u017dinome kaip nelengva i\u0161gyventi ma\u017eiems verslams, tad nuo \u0161iol, \u010dia rasite ir kit\u0173, ma\u017e\u0173 \u0161eim\u0173 versl\u0173, rank\u0173 darbo, dovan\u0173 sau ir artimiesiems.","publisher":{"@id":"https:\/\/skaitytaknyga.lt\/#organization"},"potentialAction":[{"@type":"SearchAction","target":{"@type":"EntryPoint","urlTemplate":"https:\/\/skaitytaknyga.lt\/?s={search_term_string}"},"query-input":{"@type":"PropertyValueSpecification","valueRequired":true,"valueName":"search_term_string"}}],"inLanguage":"en-GB"},{"@type":"Organization","@id":"https:\/\/skaitytaknyga.lt\/#organization","name":"skaitytaknyga.lt","url":"https:\/\/skaitytaknyga.lt\/","logo":{"@type":"ImageObject","inLanguage":"en-GB","@id":"https:\/\/skaitytaknyga.lt\/#\/schema\/logo\/image\/","url":"https:\/\/skaitytaknyga.lt\/wp-content\/uploads\/2024\/05\/cropped-cropped-cropped-02_00843_jt3bggkj1j3HLc7SyY6rEUpg.jpeg","contentUrl":"https:\/\/skaitytaknyga.lt\/wp-content\/uploads\/2024\/05\/cropped-cropped-cropped-02_00843_jt3bggkj1j3HLc7SyY6rEUpg.jpeg","width":1600,"height":1600,"caption":"skaitytaknyga.lt"},"image":{"@id":"https:\/\/skaitytaknyga.lt\/#\/schema\/logo\/image\/"},"sameAs":["https:\/\/www.facebook.com\/skaitytaknyga\/"]}]}},"_links":{"self":[{"href":"https:\/\/skaitytaknyga.lt\/en\/wp-json\/wp\/v2\/product\/5724","targetHints":{"allow":["GET"]}}],"collection":[{"href":"https:\/\/skaitytaknyga.lt\/en\/wp-json\/wp\/v2\/product"}],"about":[{"href":"https:\/\/skaitytaknyga.lt\/en\/wp-json\/wp\/v2\/types\/product"}],"replies":[{"embeddable":true,"href":"https:\/\/skaitytaknyga.lt\/en\/wp-json\/wp\/v2\/comments?post=5724"}],"wp:featuredmedia":[{"embeddable":true,"href":"https:\/\/skaitytaknyga.lt\/en\/wp-json\/wp\/v2\/media\/5745"}],"wp:attachment":[{"href":"https:\/\/skaitytaknyga.lt\/en\/wp-json\/wp\/v2\/media?parent=5724"}],"wp:term":[{"taxonomy":"product_brand","embeddable":true,"href":"https:\/\/skaitytaknyga.lt\/en\/wp-json\/wp\/v2\/product_brand?post=5724"},{"taxonomy":"product_cat","embeddable":true,"href":"https:\/\/skaitytaknyga.lt\/en\/wp-json\/wp\/v2\/product_cat?post=5724"},{"taxonomy":"product_tag","embeddable":true,"href":"https:\/\/skaitytaknyga.lt\/en\/wp-json\/wp\/v2\/product_tag?post=5724"}],"curies":[{"name":"wp","href":"https:\/\/api.w.org\/{rel}","templated":true}]}}