{"id":5704,"date":"2024-05-02T12:54:32","date_gmt":"2024-05-02T12:54:32","guid":{"rendered":"https:\/\/skaitytaknyga.lt\/?post_type=product&#038;p=5704"},"modified":"2024-05-03T07:29:19","modified_gmt":"2024-05-03T07:29:19","slug":"nerti-dekoratyviniai-krasteliai","status":"publish","type":"product","link":"https:\/\/skaitytaknyga.lt\/en\/produktas\/nerti-dekoratyviniai-krasteliai\/","title":{"rendered":"Nerti dekoratyviniai kra\u0161teliai"},"content":{"rendered":"<p>Stulpeliai, bumburai, spurgai, augaliniai motyvai, smail\u0117s, dantukai.<br \/>\nDaugiau kaip 200 ra\u0161t\u0173 pavyzd\u017ei\u0173 + 9 original\u016bs modeliai<\/p>\n<p>Po did\u017eiul\u0117s knyg\u0173 &#8220;Dekoratyviniai kra\u0161teliai&#8221; ir &#8220;Dekoratyviniai kra\u0161teliai 2&#8221; s\u0117km\u0117s meninink\u0117 Nicky Epstein vis da\u017eniau sulaukdavo n\u0117rini\u0173 m\u0117g\u0117j\u0173 klausimo: o kada para\u0161ysi knyg\u0105 mums? \u012ekv\u0117pta mezgimo knyg\u0173 ra\u0161t\u0173, autor\u0117 \u201ei\u0161vert\u0117\u201c savo bestselerius \u012f \u201ev\u0105\u0161elio kalb\u0105\u201c. J\u016bs\u0173 rankose \u2013 ne\u012fprastai atnaujintos senosios n\u0117rimo apdailos technikos ir niekur nereg\u0117ti dekoratyviniai kra\u0161teliai, eilin\u012f rankdarb\u012f paversiantys originaliu meno k\u016briniu. Visa tai iliustruota ai\u0161kiomis n\u0117rinio nuotraukomis ir ra\u0161to schemomis, pagardinta originaliais dizainer\u0117s modeliais ir spalv\u0173 derinimo pavyzd\u017eiais.<\/p>\n<p>Nicky Epstein \u2013 viena garsiausi\u0173 \u0161i\u0173 dien\u0173 dizaineri\u0173, i\u0161gars\u0117jusi savo megzt\u0173 drabu\u017ei\u0173 ir aksesuar\u0173 kolekcijomis. Ji i\u0161leido ne vien\u0105 mezgimo knyg\u0105, darbais puo\u0161\u0117 Vogue Knitting bei daugel\u012f kit\u0173 \u017eurnal\u0173.<\/p>\n","protected":false},"excerpt":{"rendered":"<p>Stulpeliai, bumburai, spurgai, augaliniai motyvai, smail\u0117s, dantukai.<br \/>\nDaugiau kaip 200 ra\u0161t\u0173 pavyzd\u017ei\u0173 + 9 original\u016bs modeliai<\/p>\n<p>Po did\u017eiul\u0117s knyg\u0173 &#8220;Dekoratyviniai kra\u0161teliai&#8221; ir &#8220;Dekoratyviniai kra\u0161teliai 2&#8221; s\u0117km\u0117s meninink\u0117 Nicky Epstein vis da\u017eniau sulaukdavo n\u0117rini\u0173 m\u0117g\u0117j\u0173 klausimo: o kada para\u0161ysi knyg\u0105 mums? \u012ekv\u0117pta mezgimo knyg\u0173 ra\u0161t\u0173, autor\u0117 \u201ei\u0161vert\u0117\u201c savo bestselerius \u012f \u201ev\u0105\u0161elio kalb\u0105\u201c. J\u016bs\u0173 rankose \u2013 ne\u012fprastai atnaujintos senosios n\u0117rimo apdailos technikos ir niekur nereg\u0117ti dekoratyviniai kra\u0161teliai, eilin\u012f rankdarb\u012f paversiantys originaliu meno k\u016briniu. Visa tai iliustruota ai\u0161kiomis n\u0117rinio nuotraukomis ir ra\u0161to schemomis, pagardinta originaliais dizainer\u0117s modeliais ir spalv\u0173 derinimo pavyzd\u017eiais.<\/p>\n<p>Nicky Epstein \u2013 viena garsiausi\u0173 \u0161i\u0173 dien\u0173 dizaineri\u0173, i\u0161gars\u0117jusi savo megzt\u0173 drabu\u017ei\u0173 ir aksesuar\u0173 kolekcijomis. Ji i\u0161leido ne vien\u0105 mezgimo knyg\u0105, darbais puo\u0161\u0117 Vogue Knitting bei daugel\u012f kit\u0173 \u017eurnal\u0173.<\/p>\n","protected":false},"featured_media":5727,"comment_status":"closed","ping_status":"closed","template":"","meta":{"_acf_changed":false,"site-sidebar-layout":"default","site-content-layout":"","ast-site-content-layout":"default","site-content-style":"default","site-sidebar-style":"default","ast-global-header-display":"","ast-banner-title-visibility":"","ast-main-header-display":"","ast-hfb-above-header-display":"","ast-hfb-below-header-display":"","ast-hfb-mobile-header-display":"","site-post-title":"","ast-breadcrumbs-content":"","ast-featured-img":"","footer-sml-layout":"","ast-disable-related-posts":"","theme-transparent-header-meta":"","adv-header-id-meta":"","stick-header-meta":"","header-above-stick-meta":"","header-main-stick-meta":"","header-below-stick-meta":"","astra-migrate-meta-layouts":"default","ast-page-background-enabled":"default","ast-page-background-meta":{"desktop":{"background-color":"","background-image":"","background-repeat":"repeat","background-position":"center center","background-size":"auto","background-attachment":"scroll","background-type":"","background-media":"","overlay-type":"","overlay-color":"","overlay-opacity":"","overlay-gradient":""},"tablet":{"background-color":"","background-image":"","background-repeat":"repeat","background-position":"center center","background-size":"auto","background-attachment":"scroll","background-type":"","background-media":"","overlay-type":"","overlay-color":"","overlay-opacity":"","overlay-gradient":""},"mobile":{"background-color":"","background-image":"","background-repeat":"repeat","background-position":"center center","background-size":"auto","background-attachment":"scroll","background-type":"","background-media":"","overlay-type":"","overlay-color":"","overlay-opacity":"","overlay-gradient":""}},"ast-content-background-meta":{"desktop":{"background-color":"var(--ast-global-color-4)","background-image":"","background-repeat":"repeat","background-position":"center center","background-size":"auto","background-attachment":"scroll","background-type":"","background-media":"","overlay-type":"","overlay-color":"","overlay-opacity":"","overlay-gradient":""},"tablet":{"background-color":"var(--ast-global-color-4)","background-image":"","background-repeat":"repeat","background-position":"center center","background-size":"auto","background-attachment":"scroll","background-type":"","background-media":"","overlay-type":"","overlay-color":"","overlay-opacity":"","overlay-gradient":""},"mobile":{"background-color":"var(--ast-global-color-4)","background-image":"","background-repeat":"repeat","background-position":"center center","background-size":"auto","background-attachment":"scroll","background-type":"","background-media":"","overlay-type":"","overlay-color":"","overlay-opacity":"","overlay-gradient":""}}},"product_brand":[],"product_cat":[27],"product_tag":[],"class_list":{"0":"post-5704","1":"product","2":"type-product","3":"status-publish","4":"has-post-thumbnail","6":"product_cat-sportas-laisvalaikis-rankdarbiai","7":"desktop-align-left","8":"tablet-align-left","9":"mobile-align-left","11":"first","12":"outofstock","13":"shipping-taxable","14":"purchasable","15":"product-type-simple"},"acf":[],"yoast_head":"<!-- This site is optimized with the Yoast SEO plugin v27.0 - https:\/\/yoast.com\/product\/yoast-seo-wordpress\/ -->\n<title>Nerti dekoratyviniai kra\u0161teliai - Skaitytaknyga<\/title>\n<meta name=\"description\" content=\"Stulpeliai, bumburai, spurgai, augaliniai motyvai, smail\u0117s, dantukai. Daugiau kaip 200 ra\u0161t\u0173 pavyzd\u017ei\u0173 + 9 original\u016bs modeliai  Po did\u017eiul\u0117s knyg\u0173 &quot;Dekoratyviniai kra\u0161teliai&quot; ir &quot;Dekoratyviniai kra\u0161teliai 2&quot; s\u0117km\u0117s meninink\u0117 Nicky Epstein vis da\u017eniau sulaukdavo n\u0117rini\u0173 m\u0117g\u0117j\u0173 klausimo: o kada para\u0161ysi knyg\u0105 mums? \u012ekv\u0117pta mezgimo knyg\u0173 ra\u0161t\u0173, autor\u0117 \u201ei\u0161vert\u0117\u201c savo bestselerius \u012f \u201ev\u0105\u0161elio kalb\u0105\u201c. J\u016bs\u0173 rankose \u2013 ne\u012fprastai atnaujintos senosios n\u0117rimo apdailos technikos ir niekur nereg\u0117ti dekoratyviniai kra\u0161teliai, eilin\u012f rankdarb\u012f paversiantys originaliu meno k\u016briniu. Visa tai iliustruota ai\u0161kiomis n\u0117rinio nuotraukomis ir ra\u0161to schemomis, pagardinta originaliais dizainer\u0117s modeliais ir spalv\u0173 derinimo pavyzd\u017eiais.  Nicky Epstein \u2013 viena garsiausi\u0173 \u0161i\u0173 dien\u0173 dizaineri\u0173, i\u0161gars\u0117jusi savo megzt\u0173 drabu\u017ei\u0173 ir aksesuar\u0173 kolekcijomis. Ji i\u0161leido ne vien\u0105 mezgimo knyg\u0105, darbais puo\u0161\u0117 Vogue Knitting bei daugel\u012f kit\u0173 \u017eurnal\u0173.\" \/>\n<meta name=\"robots\" content=\"index, follow, max-snippet:-1, max-image-preview:large, max-video-preview:-1\" \/>\n<link rel=\"canonical\" href=\"https:\/\/skaitytaknyga.lt\/en\/produktas\/nerti-dekoratyviniai-krasteliai\/\" \/>\n<meta property=\"og:locale\" content=\"en_GB\" \/>\n<meta property=\"og:locale:alternate\" content=\"lt_LT\" \/>\n<meta property=\"og:type\" content=\"article\" \/>\n<meta property=\"og:title\" content=\"Nerti dekoratyviniai kra\u0161teliai - Skaitytaknyga\" \/>\n<meta property=\"og:description\" content=\"Stulpeliai, bumburai, spurgai, augaliniai motyvai, smail\u0117s, dantukai. Daugiau kaip 200 ra\u0161t\u0173 pavyzd\u017ei\u0173 + 9 original\u016bs modeliai  Po did\u017eiul\u0117s knyg\u0173 &quot;Dekoratyviniai kra\u0161teliai&quot; ir &quot;Dekoratyviniai kra\u0161teliai 2&quot; s\u0117km\u0117s meninink\u0117 Nicky Epstein vis da\u017eniau sulaukdavo n\u0117rini\u0173 m\u0117g\u0117j\u0173 klausimo: o kada para\u0161ysi knyg\u0105 mums? \u012ekv\u0117pta mezgimo knyg\u0173 ra\u0161t\u0173, autor\u0117 \u201ei\u0161vert\u0117\u201c savo bestselerius \u012f \u201ev\u0105\u0161elio kalb\u0105\u201c. J\u016bs\u0173 rankose \u2013 ne\u012fprastai atnaujintos senosios n\u0117rimo apdailos technikos ir niekur nereg\u0117ti dekoratyviniai kra\u0161teliai, eilin\u012f rankdarb\u012f paversiantys originaliu meno k\u016briniu. Visa tai iliustruota ai\u0161kiomis n\u0117rinio nuotraukomis ir ra\u0161to schemomis, pagardinta originaliais dizainer\u0117s modeliais ir spalv\u0173 derinimo pavyzd\u017eiais.  Nicky Epstein \u2013 viena garsiausi\u0173 \u0161i\u0173 dien\u0173 dizaineri\u0173, i\u0161gars\u0117jusi savo megzt\u0173 drabu\u017ei\u0173 ir aksesuar\u0173 kolekcijomis. Ji i\u0161leido ne vien\u0105 mezgimo knyg\u0105, darbais puo\u0161\u0117 Vogue Knitting bei daugel\u012f kit\u0173 \u017eurnal\u0173.\" \/>\n<meta property=\"og:url\" content=\"https:\/\/skaitytaknyga.lt\/en\/produktas\/nerti-dekoratyviniai-krasteliai\/\" \/>\n<meta property=\"og:site_name\" content=\"Skaitytaknyga\" \/>\n<meta property=\"article:publisher\" content=\"https:\/\/www.facebook.com\/skaitytaknyga\/\" \/>\n<meta property=\"article:modified_time\" content=\"2024-05-03T07:29:19+00:00\" \/>\n<meta property=\"og:image\" content=\"https:\/\/skaitytaknyga.lt\/wp-content\/uploads\/2024\/05\/01_0151d_7tywxTMDijLPmGXJuQvqHPiB.jpeg\" \/>\n\t<meta property=\"og:image:width\" content=\"800\" \/>\n\t<meta property=\"og:image:height\" content=\"636\" \/>\n\t<meta property=\"og:image:type\" content=\"image\/jpeg\" \/>\n<meta name=\"twitter:card\" content=\"summary_large_image\" \/>\n<meta name=\"twitter:label1\" content=\"Estimated reading time\" \/>\n\t<meta name=\"twitter:data1\" content=\"1 minute\" \/>\n<script type=\"application\/ld+json\" class=\"yoast-schema-graph\">{\"@context\":\"https:\/\/schema.org\",\"@graph\":[{\"@type\":\"WebPage\",\"@id\":\"https:\/\/skaitytaknyga.lt\/produktas\/nerti-dekoratyviniai-krasteliai\/\",\"url\":\"https:\/\/skaitytaknyga.lt\/produktas\/nerti-dekoratyviniai-krasteliai\/\",\"name\":\"Nerti dekoratyviniai kra\u0161teliai - Skaitytaknyga\",\"isPartOf\":{\"@id\":\"https:\/\/skaitytaknyga.lt\/#website\"},\"primaryImageOfPage\":{\"@id\":\"https:\/\/skaitytaknyga.lt\/produktas\/nerti-dekoratyviniai-krasteliai\/#primaryimage\"},\"image\":{\"@id\":\"https:\/\/skaitytaknyga.lt\/produktas\/nerti-dekoratyviniai-krasteliai\/#primaryimage\"},\"thumbnailUrl\":\"https:\/\/skaitytaknyga.lt\/wp-content\/uploads\/2024\/05\/01_0151d_7tywxTMDijLPmGXJuQvqHPiB.jpeg\",\"datePublished\":\"2024-05-02T12:54:32+00:00\",\"dateModified\":\"2024-05-03T07:29:19+00:00\",\"description\":\"Stulpeliai, bumburai, spurgai, augaliniai motyvai, smail\u0117s, dantukai. Daugiau kaip 200 ra\u0161t\u0173 pavyzd\u017ei\u0173 + 9 original\u016bs modeliai Po did\u017eiul\u0117s knyg\u0173 \\\"Dekoratyviniai kra\u0161teliai\\\" ir \\\"Dekoratyviniai kra\u0161teliai 2\\\" s\u0117km\u0117s meninink\u0117 Nicky Epstein vis da\u017eniau sulaukdavo n\u0117rini\u0173 m\u0117g\u0117j\u0173 klausimo: o kada para\u0161ysi knyg\u0105 mums? \u012ekv\u0117pta mezgimo knyg\u0173 ra\u0161t\u0173, autor\u0117 \u201ei\u0161vert\u0117\u201c savo bestselerius \u012f \u201ev\u0105\u0161elio kalb\u0105\u201c. J\u016bs\u0173 rankose \u2013 ne\u012fprastai atnaujintos senosios n\u0117rimo apdailos technikos ir niekur nereg\u0117ti dekoratyviniai kra\u0161teliai, eilin\u012f rankdarb\u012f paversiantys originaliu meno k\u016briniu. Visa tai iliustruota ai\u0161kiomis n\u0117rinio nuotraukomis ir ra\u0161to schemomis, pagardinta originaliais dizainer\u0117s modeliais ir spalv\u0173 derinimo pavyzd\u017eiais. Nicky Epstein \u2013 viena garsiausi\u0173 \u0161i\u0173 dien\u0173 dizaineri\u0173, i\u0161gars\u0117jusi savo megzt\u0173 drabu\u017ei\u0173 ir aksesuar\u0173 kolekcijomis. Ji i\u0161leido ne vien\u0105 mezgimo knyg\u0105, darbais puo\u0161\u0117 Vogue Knitting bei daugel\u012f kit\u0173 \u017eurnal\u0173.\",\"breadcrumb\":{\"@id\":\"https:\/\/skaitytaknyga.lt\/produktas\/nerti-dekoratyviniai-krasteliai\/#breadcrumb\"},\"inLanguage\":\"en-GB\",\"potentialAction\":[{\"@type\":\"ReadAction\",\"target\":[\"https:\/\/skaitytaknyga.lt\/produktas\/nerti-dekoratyviniai-krasteliai\/\"]}]},{\"@type\":\"ImageObject\",\"inLanguage\":\"en-GB\",\"@id\":\"https:\/\/skaitytaknyga.lt\/produktas\/nerti-dekoratyviniai-krasteliai\/#primaryimage\",\"url\":\"https:\/\/skaitytaknyga.lt\/wp-content\/uploads\/2024\/05\/01_0151d_7tywxTMDijLPmGXJuQvqHPiB.jpeg\",\"contentUrl\":\"https:\/\/skaitytaknyga.lt\/wp-content\/uploads\/2024\/05\/01_0151d_7tywxTMDijLPmGXJuQvqHPiB.jpeg\",\"width\":800,\"height\":636},{\"@type\":\"BreadcrumbList\",\"@id\":\"https:\/\/skaitytaknyga.lt\/produktas\/nerti-dekoratyviniai-krasteliai\/#breadcrumb\",\"itemListElement\":[{\"@type\":\"ListItem\",\"position\":1,\"name\":\"Home\",\"item\":\"https:\/\/skaitytaknyga.lt\/\"},{\"@type\":\"ListItem\",\"position\":2,\"name\":\"Parduotuv\u0117\",\"item\":\"https:\/\/skaitytaknyga.lt\/knygu-parduotuve\/\"},{\"@type\":\"ListItem\",\"position\":3,\"name\":\"Nerti dekoratyviniai kra\u0161teliai\"}]},{\"@type\":\"WebSite\",\"@id\":\"https:\/\/skaitytaknyga.lt\/#website\",\"url\":\"https:\/\/skaitytaknyga.lt\/\",\"name\":\"skaitytaknyga.lt\",\"description\":\"Skaitytaknyga.lt \u2013 tai ma\u017eas \u0161eimos verslas, kuris prasid\u0117jo nuo meil\u0117s knygoms ir siekio i\u0161gelb\u0117ti knygas nuo likimo prie konteinerio. Kas vienam nereikalingas daiktas \u2013 kitam lobis, o mes esame tarpininkai, kurie padeda abiems tapti laimingesniems ???? \u017dinome kaip nelengva i\u0161gyventi ma\u017eiems verslams, tad nuo \u0161iol, \u010dia rasite ir kit\u0173, ma\u017e\u0173 \u0161eim\u0173 versl\u0173, rank\u0173 darbo, dovan\u0173 sau ir artimiesiems.\",\"publisher\":{\"@id\":\"https:\/\/skaitytaknyga.lt\/#organization\"},\"potentialAction\":[{\"@type\":\"SearchAction\",\"target\":{\"@type\":\"EntryPoint\",\"urlTemplate\":\"https:\/\/skaitytaknyga.lt\/?s={search_term_string}\"},\"query-input\":{\"@type\":\"PropertyValueSpecification\",\"valueRequired\":true,\"valueName\":\"search_term_string\"}}],\"inLanguage\":\"en-GB\"},{\"@type\":\"Organization\",\"@id\":\"https:\/\/skaitytaknyga.lt\/#organization\",\"name\":\"skaitytaknyga.lt\",\"url\":\"https:\/\/skaitytaknyga.lt\/\",\"logo\":{\"@type\":\"ImageObject\",\"inLanguage\":\"en-GB\",\"@id\":\"https:\/\/skaitytaknyga.lt\/#\/schema\/logo\/image\/\",\"url\":\"https:\/\/skaitytaknyga.lt\/wp-content\/uploads\/2024\/05\/cropped-cropped-cropped-02_00843_jt3bggkj1j3HLc7SyY6rEUpg.jpeg\",\"contentUrl\":\"https:\/\/skaitytaknyga.lt\/wp-content\/uploads\/2024\/05\/cropped-cropped-cropped-02_00843_jt3bggkj1j3HLc7SyY6rEUpg.jpeg\",\"width\":1600,\"height\":1600,\"caption\":\"skaitytaknyga.lt\"},\"image\":{\"@id\":\"https:\/\/skaitytaknyga.lt\/#\/schema\/logo\/image\/\"},\"sameAs\":[\"https:\/\/www.facebook.com\/skaitytaknyga\/\"]}]}<\/script>\n<!-- \/ Yoast SEO plugin. -->","yoast_head_json":{"title":"Nerti dekoratyviniai kra\u0161teliai - Skaitytaknyga","description":"Stulpeliai, bumburai, spurgai, augaliniai motyvai, smail\u0117s, dantukai. Daugiau kaip 200 ra\u0161t\u0173 pavyzd\u017ei\u0173 + 9 original\u016bs modeliai  Po did\u017eiul\u0117s knyg\u0173 \"Dekoratyviniai kra\u0161teliai\" ir \"Dekoratyviniai kra\u0161teliai 2\" s\u0117km\u0117s meninink\u0117 Nicky Epstein vis da\u017eniau sulaukdavo n\u0117rini\u0173 m\u0117g\u0117j\u0173 klausimo: o kada para\u0161ysi knyg\u0105 mums? \u012ekv\u0117pta mezgimo knyg\u0173 ra\u0161t\u0173, autor\u0117 \u201ei\u0161vert\u0117\u201c savo bestselerius \u012f \u201ev\u0105\u0161elio kalb\u0105\u201c. J\u016bs\u0173 rankose \u2013 ne\u012fprastai atnaujintos senosios n\u0117rimo apdailos technikos ir niekur nereg\u0117ti dekoratyviniai kra\u0161teliai, eilin\u012f rankdarb\u012f paversiantys originaliu meno k\u016briniu. Visa tai iliustruota ai\u0161kiomis n\u0117rinio nuotraukomis ir ra\u0161to schemomis, pagardinta originaliais dizainer\u0117s modeliais ir spalv\u0173 derinimo pavyzd\u017eiais.  Nicky Epstein \u2013 viena garsiausi\u0173 \u0161i\u0173 dien\u0173 dizaineri\u0173, i\u0161gars\u0117jusi savo megzt\u0173 drabu\u017ei\u0173 ir aksesuar\u0173 kolekcijomis. Ji i\u0161leido ne vien\u0105 mezgimo knyg\u0105, darbais puo\u0161\u0117 Vogue Knitting bei daugel\u012f kit\u0173 \u017eurnal\u0173.","robots":{"index":"index","follow":"follow","max-snippet":"max-snippet:-1","max-image-preview":"max-image-preview:large","max-video-preview":"max-video-preview:-1"},"canonical":"https:\/\/skaitytaknyga.lt\/en\/produktas\/nerti-dekoratyviniai-krasteliai\/","og_locale":"en_GB","og_type":"article","og_title":"Nerti dekoratyviniai kra\u0161teliai - Skaitytaknyga","og_description":"Stulpeliai, bumburai, spurgai, augaliniai motyvai, smail\u0117s, dantukai. Daugiau kaip 200 ra\u0161t\u0173 pavyzd\u017ei\u0173 + 9 original\u016bs modeliai  Po did\u017eiul\u0117s knyg\u0173 \"Dekoratyviniai kra\u0161teliai\" ir \"Dekoratyviniai kra\u0161teliai 2\" s\u0117km\u0117s meninink\u0117 Nicky Epstein vis da\u017eniau sulaukdavo n\u0117rini\u0173 m\u0117g\u0117j\u0173 klausimo: o kada para\u0161ysi knyg\u0105 mums? \u012ekv\u0117pta mezgimo knyg\u0173 ra\u0161t\u0173, autor\u0117 \u201ei\u0161vert\u0117\u201c savo bestselerius \u012f \u201ev\u0105\u0161elio kalb\u0105\u201c. J\u016bs\u0173 rankose \u2013 ne\u012fprastai atnaujintos senosios n\u0117rimo apdailos technikos ir niekur nereg\u0117ti dekoratyviniai kra\u0161teliai, eilin\u012f rankdarb\u012f paversiantys originaliu meno k\u016briniu. Visa tai iliustruota ai\u0161kiomis n\u0117rinio nuotraukomis ir ra\u0161to schemomis, pagardinta originaliais dizainer\u0117s modeliais ir spalv\u0173 derinimo pavyzd\u017eiais.  Nicky Epstein \u2013 viena garsiausi\u0173 \u0161i\u0173 dien\u0173 dizaineri\u0173, i\u0161gars\u0117jusi savo megzt\u0173 drabu\u017ei\u0173 ir aksesuar\u0173 kolekcijomis. Ji i\u0161leido ne vien\u0105 mezgimo knyg\u0105, darbais puo\u0161\u0117 Vogue Knitting bei daugel\u012f kit\u0173 \u017eurnal\u0173.","og_url":"https:\/\/skaitytaknyga.lt\/en\/produktas\/nerti-dekoratyviniai-krasteliai\/","og_site_name":"Skaitytaknyga","article_publisher":"https:\/\/www.facebook.com\/skaitytaknyga\/","article_modified_time":"2024-05-03T07:29:19+00:00","og_image":[{"width":800,"height":636,"url":"https:\/\/skaitytaknyga.lt\/wp-content\/uploads\/2024\/05\/01_0151d_7tywxTMDijLPmGXJuQvqHPiB.jpeg","type":"image\/jpeg"}],"twitter_card":"summary_large_image","twitter_misc":{"Estimated reading time":"1 minute"},"schema":{"@context":"https:\/\/schema.org","@graph":[{"@type":"WebPage","@id":"https:\/\/skaitytaknyga.lt\/produktas\/nerti-dekoratyviniai-krasteliai\/","url":"https:\/\/skaitytaknyga.lt\/produktas\/nerti-dekoratyviniai-krasteliai\/","name":"Nerti dekoratyviniai kra\u0161teliai - Skaitytaknyga","isPartOf":{"@id":"https:\/\/skaitytaknyga.lt\/#website"},"primaryImageOfPage":{"@id":"https:\/\/skaitytaknyga.lt\/produktas\/nerti-dekoratyviniai-krasteliai\/#primaryimage"},"image":{"@id":"https:\/\/skaitytaknyga.lt\/produktas\/nerti-dekoratyviniai-krasteliai\/#primaryimage"},"thumbnailUrl":"https:\/\/skaitytaknyga.lt\/wp-content\/uploads\/2024\/05\/01_0151d_7tywxTMDijLPmGXJuQvqHPiB.jpeg","datePublished":"2024-05-02T12:54:32+00:00","dateModified":"2024-05-03T07:29:19+00:00","description":"Stulpeliai, bumburai, spurgai, augaliniai motyvai, smail\u0117s, dantukai. Daugiau kaip 200 ra\u0161t\u0173 pavyzd\u017ei\u0173 + 9 original\u016bs modeliai Po did\u017eiul\u0117s knyg\u0173 \"Dekoratyviniai kra\u0161teliai\" ir \"Dekoratyviniai kra\u0161teliai 2\" s\u0117km\u0117s meninink\u0117 Nicky Epstein vis da\u017eniau sulaukdavo n\u0117rini\u0173 m\u0117g\u0117j\u0173 klausimo: o kada para\u0161ysi knyg\u0105 mums? \u012ekv\u0117pta mezgimo knyg\u0173 ra\u0161t\u0173, autor\u0117 \u201ei\u0161vert\u0117\u201c savo bestselerius \u012f \u201ev\u0105\u0161elio kalb\u0105\u201c. J\u016bs\u0173 rankose \u2013 ne\u012fprastai atnaujintos senosios n\u0117rimo apdailos technikos ir niekur nereg\u0117ti dekoratyviniai kra\u0161teliai, eilin\u012f rankdarb\u012f paversiantys originaliu meno k\u016briniu. Visa tai iliustruota ai\u0161kiomis n\u0117rinio nuotraukomis ir ra\u0161to schemomis, pagardinta originaliais dizainer\u0117s modeliais ir spalv\u0173 derinimo pavyzd\u017eiais. Nicky Epstein \u2013 viena garsiausi\u0173 \u0161i\u0173 dien\u0173 dizaineri\u0173, i\u0161gars\u0117jusi savo megzt\u0173 drabu\u017ei\u0173 ir aksesuar\u0173 kolekcijomis. Ji i\u0161leido ne vien\u0105 mezgimo knyg\u0105, darbais puo\u0161\u0117 Vogue Knitting bei daugel\u012f kit\u0173 \u017eurnal\u0173.","breadcrumb":{"@id":"https:\/\/skaitytaknyga.lt\/produktas\/nerti-dekoratyviniai-krasteliai\/#breadcrumb"},"inLanguage":"en-GB","potentialAction":[{"@type":"ReadAction","target":["https:\/\/skaitytaknyga.lt\/produktas\/nerti-dekoratyviniai-krasteliai\/"]}]},{"@type":"ImageObject","inLanguage":"en-GB","@id":"https:\/\/skaitytaknyga.lt\/produktas\/nerti-dekoratyviniai-krasteliai\/#primaryimage","url":"https:\/\/skaitytaknyga.lt\/wp-content\/uploads\/2024\/05\/01_0151d_7tywxTMDijLPmGXJuQvqHPiB.jpeg","contentUrl":"https:\/\/skaitytaknyga.lt\/wp-content\/uploads\/2024\/05\/01_0151d_7tywxTMDijLPmGXJuQvqHPiB.jpeg","width":800,"height":636},{"@type":"BreadcrumbList","@id":"https:\/\/skaitytaknyga.lt\/produktas\/nerti-dekoratyviniai-krasteliai\/#breadcrumb","itemListElement":[{"@type":"ListItem","position":1,"name":"Home","item":"https:\/\/skaitytaknyga.lt\/"},{"@type":"ListItem","position":2,"name":"Parduotuv\u0117","item":"https:\/\/skaitytaknyga.lt\/knygu-parduotuve\/"},{"@type":"ListItem","position":3,"name":"Nerti dekoratyviniai kra\u0161teliai"}]},{"@type":"WebSite","@id":"https:\/\/skaitytaknyga.lt\/#website","url":"https:\/\/skaitytaknyga.lt\/","name":"skaitytaknyga.lt","description":"Skaitytaknyga.lt \u2013 tai ma\u017eas \u0161eimos verslas, kuris prasid\u0117jo nuo meil\u0117s knygoms ir siekio i\u0161gelb\u0117ti knygas nuo likimo prie konteinerio. Kas vienam nereikalingas daiktas \u2013 kitam lobis, o mes esame tarpininkai, kurie padeda abiems tapti laimingesniems ???? \u017dinome kaip nelengva i\u0161gyventi ma\u017eiems verslams, tad nuo \u0161iol, \u010dia rasite ir kit\u0173, ma\u017e\u0173 \u0161eim\u0173 versl\u0173, rank\u0173 darbo, dovan\u0173 sau ir artimiesiems.","publisher":{"@id":"https:\/\/skaitytaknyga.lt\/#organization"},"potentialAction":[{"@type":"SearchAction","target":{"@type":"EntryPoint","urlTemplate":"https:\/\/skaitytaknyga.lt\/?s={search_term_string}"},"query-input":{"@type":"PropertyValueSpecification","valueRequired":true,"valueName":"search_term_string"}}],"inLanguage":"en-GB"},{"@type":"Organization","@id":"https:\/\/skaitytaknyga.lt\/#organization","name":"skaitytaknyga.lt","url":"https:\/\/skaitytaknyga.lt\/","logo":{"@type":"ImageObject","inLanguage":"en-GB","@id":"https:\/\/skaitytaknyga.lt\/#\/schema\/logo\/image\/","url":"https:\/\/skaitytaknyga.lt\/wp-content\/uploads\/2024\/05\/cropped-cropped-cropped-02_00843_jt3bggkj1j3HLc7SyY6rEUpg.jpeg","contentUrl":"https:\/\/skaitytaknyga.lt\/wp-content\/uploads\/2024\/05\/cropped-cropped-cropped-02_00843_jt3bggkj1j3HLc7SyY6rEUpg.jpeg","width":1600,"height":1600,"caption":"skaitytaknyga.lt"},"image":{"@id":"https:\/\/skaitytaknyga.lt\/#\/schema\/logo\/image\/"},"sameAs":["https:\/\/www.facebook.com\/skaitytaknyga\/"]}]}},"_links":{"self":[{"href":"https:\/\/skaitytaknyga.lt\/en\/wp-json\/wp\/v2\/product\/5704","targetHints":{"allow":["GET"]}}],"collection":[{"href":"https:\/\/skaitytaknyga.lt\/en\/wp-json\/wp\/v2\/product"}],"about":[{"href":"https:\/\/skaitytaknyga.lt\/en\/wp-json\/wp\/v2\/types\/product"}],"replies":[{"embeddable":true,"href":"https:\/\/skaitytaknyga.lt\/en\/wp-json\/wp\/v2\/comments?post=5704"}],"wp:featuredmedia":[{"embeddable":true,"href":"https:\/\/skaitytaknyga.lt\/en\/wp-json\/wp\/v2\/media\/5727"}],"wp:attachment":[{"href":"https:\/\/skaitytaknyga.lt\/en\/wp-json\/wp\/v2\/media?parent=5704"}],"wp:term":[{"taxonomy":"product_brand","embeddable":true,"href":"https:\/\/skaitytaknyga.lt\/en\/wp-json\/wp\/v2\/product_brand?post=5704"},{"taxonomy":"product_cat","embeddable":true,"href":"https:\/\/skaitytaknyga.lt\/en\/wp-json\/wp\/v2\/product_cat?post=5704"},{"taxonomy":"product_tag","embeddable":true,"href":"https:\/\/skaitytaknyga.lt\/en\/wp-json\/wp\/v2\/product_tag?post=5704"}],"curies":[{"name":"wp","href":"https:\/\/api.w.org\/{rel}","templated":true}]}}