{"id":5665,"date":"2024-05-02T12:52:43","date_gmt":"2024-05-02T12:52:43","guid":{"rendered":"https:\/\/skaitytaknyga.lt\/?post_type=product&#038;p=5665"},"modified":"2024-05-03T07:29:16","modified_gmt":"2024-05-03T07:29:16","slug":"this-is-advertising-yra-nedidelis-defektas","status":"publish","type":"product","link":"https:\/\/skaitytaknyga.lt\/en\/produktas\/this-is-advertising-yra-nedidelis-defektas\/","title":{"rendered":"This is Advertising (yra nedidelis defektas)"},"content":{"rendered":"<p>Advertising has changed. In today&#8217;s world of multimedia and digital technology, the industry must find ways to build new relationships between brands and their audience, to make each product relevant as well as desirable. No longer is a simple television advertisement enough; brands need to communicate with their audience through all different kind of media.<\/p>\n<p><i>This is Advertising<\/i>\u00a0addresses the changes that are occurring within advertising, from the perspective ofkey figures within the industry. Each deals with a key emerging trend\u2014digital, branded, ambient, integrated,and self-initiated. Featuring in total over 80 projects as well as ten-in-depth interviews by a selection of leadingadvertising figures, it offers an insightful overview for students or anyone involved with or interested in the current world of advertising.<\/p>\n","protected":false},"excerpt":{"rendered":"<p>Advertising has changed. In today&#8217;s world of multimedia and digital technology, the industry must find ways to build new relationships between brands and their audience, to make each product relevant as well as desirable. No longer is a simple television advertisement enough; brands need to communicate with their audience through all different kind of media.<\/p>\n<p><i>This is Advertising<\/i>\u00a0addresses the changes that are occurring within advertising, from the perspective ofkey figures within the industry. Each deals with a key emerging trend\u2014digital, branded, ambient, integrated,and self-initiated. Featuring in total over 80 projects as well as ten-in-depth interviews by a selection of leadingadvertising figures, it offers an insightful overview for students or anyone involved with or interested in the current world of advertising.<\/p>\n","protected":false},"featured_media":5685,"comment_status":"closed","ping_status":"closed","template":"","meta":{"_acf_changed":false,"site-sidebar-layout":"default","site-content-layout":"","ast-site-content-layout":"default","site-content-style":"default","site-sidebar-style":"default","ast-global-header-display":"","ast-banner-title-visibility":"","ast-main-header-display":"","ast-hfb-above-header-display":"","ast-hfb-below-header-display":"","ast-hfb-mobile-header-display":"","site-post-title":"","ast-breadcrumbs-content":"","ast-featured-img":"","footer-sml-layout":"","ast-disable-related-posts":"","theme-transparent-header-meta":"","adv-header-id-meta":"","stick-header-meta":"","header-above-stick-meta":"","header-main-stick-meta":"","header-below-stick-meta":"","astra-migrate-meta-layouts":"default","ast-page-background-enabled":"default","ast-page-background-meta":{"desktop":{"background-color":"","background-image":"","background-repeat":"repeat","background-position":"center center","background-size":"auto","background-attachment":"scroll","background-type":"","background-media":"","overlay-type":"","overlay-color":"","overlay-opacity":"","overlay-gradient":""},"tablet":{"background-color":"","background-image":"","background-repeat":"repeat","background-position":"center center","background-size":"auto","background-attachment":"scroll","background-type":"","background-media":"","overlay-type":"","overlay-color":"","overlay-opacity":"","overlay-gradient":""},"mobile":{"background-color":"","background-image":"","background-repeat":"repeat","background-position":"center center","background-size":"auto","background-attachment":"scroll","background-type":"","background-media":"","overlay-type":"","overlay-color":"","overlay-opacity":"","overlay-gradient":""}},"ast-content-background-meta":{"desktop":{"background-color":"var(--ast-global-color-4)","background-image":"","background-repeat":"repeat","background-position":"center center","background-size":"auto","background-attachment":"scroll","background-type":"","background-media":"","overlay-type":"","overlay-color":"","overlay-opacity":"","overlay-gradient":""},"tablet":{"background-color":"var(--ast-global-color-4)","background-image":"","background-repeat":"repeat","background-position":"center center","background-size":"auto","background-attachment":"scroll","background-type":"","background-media":"","overlay-type":"","overlay-color":"","overlay-opacity":"","overlay-gradient":""},"mobile":{"background-color":"var(--ast-global-color-4)","background-image":"","background-repeat":"repeat","background-position":"center center","background-size":"auto","background-attachment":"scroll","background-type":"","background-media":"","overlay-type":"","overlay-color":"","overlay-opacity":"","overlay-gradient":""}}},"product_brand":[],"product_cat":[34,26],"product_tag":[],"class_list":{"0":"post-5665","1":"product","2":"type-product","3":"status-publish","4":"has-post-thumbnail","6":"product_cat-knygos-anglu-kalba","7":"product_cat-verslas-vadyba-ir-finansai","8":"desktop-align-left","9":"tablet-align-left","10":"mobile-align-left","12":"first","13":"instock","14":"shipping-taxable","15":"purchasable","16":"product-type-simple"},"acf":[],"yoast_head":"<!-- This site is optimized with the Yoast SEO plugin v27.0 - https:\/\/yoast.com\/product\/yoast-seo-wordpress\/ -->\n<title>This is Advertising (yra nedidelis defektas) - Skaitytaknyga<\/title>\n<meta name=\"description\" content=\"Advertising has changed. In today&#039;s world of multimedia and digital technology, the industry must find ways to build new relationships between brands and their audience, to make each product relevant as well as desirable. No longer is a simple television advertisement enough; brands need to communicate with their audience through all different kind of media.  This is Advertising\u00a0addresses the changes that are occurring within advertising, from the perspective ofkey figures within the industry. Each deals with a key emerging trend\u2014digital, branded, ambient, integrated,and self-initiated. Featuring in total over 80 projects as well as ten-in-depth interviews by a selection of leadingadvertising figures, it offers an insightful overview for students or anyone involved with or interested in the current world of advertising.\" \/>\n<meta name=\"robots\" content=\"index, follow, max-snippet:-1, max-image-preview:large, max-video-preview:-1\" \/>\n<link rel=\"canonical\" href=\"https:\/\/skaitytaknyga.lt\/en\/produktas\/this-is-advertising-yra-nedidelis-defektas\/\" \/>\n<meta property=\"og:locale\" content=\"en_GB\" \/>\n<meta property=\"og:locale:alternate\" content=\"lt_LT\" \/>\n<meta property=\"og:type\" content=\"article\" \/>\n<meta property=\"og:title\" content=\"This is Advertising (yra nedidelis defektas) - Skaitytaknyga\" \/>\n<meta property=\"og:description\" content=\"Advertising has changed. In today&#039;s world of multimedia and digital technology, the industry must find ways to build new relationships between brands and their audience, to make each product relevant as well as desirable. No longer is a simple television advertisement enough; brands need to communicate with their audience through all different kind of media.  This is Advertising\u00a0addresses the changes that are occurring within advertising, from the perspective ofkey figures within the industry. Each deals with a key emerging trend\u2014digital, branded, ambient, integrated,and self-initiated. Featuring in total over 80 projects as well as ten-in-depth interviews by a selection of leadingadvertising figures, it offers an insightful overview for students or anyone involved with or interested in the current world of advertising.\" \/>\n<meta property=\"og:url\" content=\"https:\/\/skaitytaknyga.lt\/en\/produktas\/this-is-advertising-yra-nedidelis-defektas\/\" \/>\n<meta property=\"og:site_name\" content=\"Skaitytaknyga\" \/>\n<meta property=\"article:publisher\" content=\"https:\/\/www.facebook.com\/skaitytaknyga\/\" \/>\n<meta property=\"article:modified_time\" content=\"2024-05-03T07:29:16+00:00\" \/>\n<meta property=\"og:image\" content=\"https:\/\/skaitytaknyga.lt\/wp-content\/uploads\/2024\/05\/419-nORdBbL.jpg\" \/>\n\t<meta property=\"og:image:width\" content=\"393\" \/>\n\t<meta property=\"og:image:height\" content=\"500\" \/>\n\t<meta property=\"og:image:type\" content=\"image\/jpeg\" \/>\n<meta name=\"twitter:card\" content=\"summary_large_image\" \/>\n<meta name=\"twitter:label1\" content=\"Estimated reading time\" \/>\n\t<meta name=\"twitter:data1\" content=\"1 minute\" \/>\n<script type=\"application\/ld+json\" class=\"yoast-schema-graph\">{\"@context\":\"https:\/\/schema.org\",\"@graph\":[{\"@type\":\"WebPage\",\"@id\":\"https:\/\/skaitytaknyga.lt\/produktas\/this-is-advertising-yra-nedidelis-defektas\/\",\"url\":\"https:\/\/skaitytaknyga.lt\/produktas\/this-is-advertising-yra-nedidelis-defektas\/\",\"name\":\"This is Advertising (yra nedidelis defektas) - Skaitytaknyga\",\"isPartOf\":{\"@id\":\"https:\/\/skaitytaknyga.lt\/#website\"},\"primaryImageOfPage\":{\"@id\":\"https:\/\/skaitytaknyga.lt\/produktas\/this-is-advertising-yra-nedidelis-defektas\/#primaryimage\"},\"image\":{\"@id\":\"https:\/\/skaitytaknyga.lt\/produktas\/this-is-advertising-yra-nedidelis-defektas\/#primaryimage\"},\"thumbnailUrl\":\"https:\/\/skaitytaknyga.lt\/wp-content\/uploads\/2024\/05\/419-nORdBbL.jpg\",\"datePublished\":\"2024-05-02T12:52:43+00:00\",\"dateModified\":\"2024-05-03T07:29:16+00:00\",\"description\":\"Advertising has changed. In today's world of multimedia and digital technology, the industry must find ways to build new relationships between brands and their audience, to make each product relevant as well as desirable. No longer is a simple television advertisement enough; brands need to communicate with their audience through all different kind of media. This is Advertising\u00a0addresses the changes that are occurring within advertising, from the perspective ofkey figures within the industry. Each deals with a key emerging trend\u2014digital, branded, ambient, integrated,and self-initiated. Featuring in total over 80 projects as well as ten-in-depth interviews by a selection of leadingadvertising figures, it offers an insightful overview for students or anyone involved with or interested in the current world of advertising.\",\"breadcrumb\":{\"@id\":\"https:\/\/skaitytaknyga.lt\/produktas\/this-is-advertising-yra-nedidelis-defektas\/#breadcrumb\"},\"inLanguage\":\"en-GB\",\"potentialAction\":[{\"@type\":\"ReadAction\",\"target\":[\"https:\/\/skaitytaknyga.lt\/produktas\/this-is-advertising-yra-nedidelis-defektas\/\"]}]},{\"@type\":\"ImageObject\",\"inLanguage\":\"en-GB\",\"@id\":\"https:\/\/skaitytaknyga.lt\/produktas\/this-is-advertising-yra-nedidelis-defektas\/#primaryimage\",\"url\":\"https:\/\/skaitytaknyga.lt\/wp-content\/uploads\/2024\/05\/419-nORdBbL.jpg\",\"contentUrl\":\"https:\/\/skaitytaknyga.lt\/wp-content\/uploads\/2024\/05\/419-nORdBbL.jpg\",\"width\":393,\"height\":500},{\"@type\":\"BreadcrumbList\",\"@id\":\"https:\/\/skaitytaknyga.lt\/produktas\/this-is-advertising-yra-nedidelis-defektas\/#breadcrumb\",\"itemListElement\":[{\"@type\":\"ListItem\",\"position\":1,\"name\":\"Home\",\"item\":\"https:\/\/skaitytaknyga.lt\/\"},{\"@type\":\"ListItem\",\"position\":2,\"name\":\"Parduotuv\u0117\",\"item\":\"https:\/\/skaitytaknyga.lt\/knygu-parduotuve\/\"},{\"@type\":\"ListItem\",\"position\":3,\"name\":\"This is Advertising (yra nedidelis defektas)\"}]},{\"@type\":\"WebSite\",\"@id\":\"https:\/\/skaitytaknyga.lt\/#website\",\"url\":\"https:\/\/skaitytaknyga.lt\/\",\"name\":\"skaitytaknyga.lt\",\"description\":\"Skaitytaknyga.lt \u2013 tai ma\u017eas \u0161eimos verslas, kuris prasid\u0117jo nuo meil\u0117s knygoms ir siekio i\u0161gelb\u0117ti knygas nuo likimo prie konteinerio. Kas vienam nereikalingas daiktas \u2013 kitam lobis, o mes esame tarpininkai, kurie padeda abiems tapti laimingesniems ???? \u017dinome kaip nelengva i\u0161gyventi ma\u017eiems verslams, tad nuo \u0161iol, \u010dia rasite ir kit\u0173, ma\u017e\u0173 \u0161eim\u0173 versl\u0173, rank\u0173 darbo, dovan\u0173 sau ir artimiesiems.\",\"publisher\":{\"@id\":\"https:\/\/skaitytaknyga.lt\/#organization\"},\"potentialAction\":[{\"@type\":\"SearchAction\",\"target\":{\"@type\":\"EntryPoint\",\"urlTemplate\":\"https:\/\/skaitytaknyga.lt\/?s={search_term_string}\"},\"query-input\":{\"@type\":\"PropertyValueSpecification\",\"valueRequired\":true,\"valueName\":\"search_term_string\"}}],\"inLanguage\":\"en-GB\"},{\"@type\":\"Organization\",\"@id\":\"https:\/\/skaitytaknyga.lt\/#organization\",\"name\":\"skaitytaknyga.lt\",\"url\":\"https:\/\/skaitytaknyga.lt\/\",\"logo\":{\"@type\":\"ImageObject\",\"inLanguage\":\"en-GB\",\"@id\":\"https:\/\/skaitytaknyga.lt\/#\/schema\/logo\/image\/\",\"url\":\"https:\/\/skaitytaknyga.lt\/wp-content\/uploads\/2024\/05\/cropped-cropped-cropped-02_00843_jt3bggkj1j3HLc7SyY6rEUpg.jpeg\",\"contentUrl\":\"https:\/\/skaitytaknyga.lt\/wp-content\/uploads\/2024\/05\/cropped-cropped-cropped-02_00843_jt3bggkj1j3HLc7SyY6rEUpg.jpeg\",\"width\":1600,\"height\":1600,\"caption\":\"skaitytaknyga.lt\"},\"image\":{\"@id\":\"https:\/\/skaitytaknyga.lt\/#\/schema\/logo\/image\/\"},\"sameAs\":[\"https:\/\/www.facebook.com\/skaitytaknyga\/\"]}]}<\/script>\n<!-- \/ Yoast SEO plugin. -->","yoast_head_json":{"title":"This is Advertising (yra nedidelis defektas) - Skaitytaknyga","description":"Advertising has changed. In today's world of multimedia and digital technology, the industry must find ways to build new relationships between brands and their audience, to make each product relevant as well as desirable. No longer is a simple television advertisement enough; brands need to communicate with their audience through all different kind of media.  This is Advertising\u00a0addresses the changes that are occurring within advertising, from the perspective ofkey figures within the industry. Each deals with a key emerging trend\u2014digital, branded, ambient, integrated,and self-initiated. Featuring in total over 80 projects as well as ten-in-depth interviews by a selection of leadingadvertising figures, it offers an insightful overview for students or anyone involved with or interested in the current world of advertising.","robots":{"index":"index","follow":"follow","max-snippet":"max-snippet:-1","max-image-preview":"max-image-preview:large","max-video-preview":"max-video-preview:-1"},"canonical":"https:\/\/skaitytaknyga.lt\/en\/produktas\/this-is-advertising-yra-nedidelis-defektas\/","og_locale":"en_GB","og_type":"article","og_title":"This is Advertising (yra nedidelis defektas) - Skaitytaknyga","og_description":"Advertising has changed. In today's world of multimedia and digital technology, the industry must find ways to build new relationships between brands and their audience, to make each product relevant as well as desirable. No longer is a simple television advertisement enough; brands need to communicate with their audience through all different kind of media.  This is Advertising\u00a0addresses the changes that are occurring within advertising, from the perspective ofkey figures within the industry. Each deals with a key emerging trend\u2014digital, branded, ambient, integrated,and self-initiated. Featuring in total over 80 projects as well as ten-in-depth interviews by a selection of leadingadvertising figures, it offers an insightful overview for students or anyone involved with or interested in the current world of advertising.","og_url":"https:\/\/skaitytaknyga.lt\/en\/produktas\/this-is-advertising-yra-nedidelis-defektas\/","og_site_name":"Skaitytaknyga","article_publisher":"https:\/\/www.facebook.com\/skaitytaknyga\/","article_modified_time":"2024-05-03T07:29:16+00:00","og_image":[{"width":393,"height":500,"url":"https:\/\/skaitytaknyga.lt\/wp-content\/uploads\/2024\/05\/419-nORdBbL.jpg","type":"image\/jpeg"}],"twitter_card":"summary_large_image","twitter_misc":{"Estimated reading time":"1 minute"},"schema":{"@context":"https:\/\/schema.org","@graph":[{"@type":"WebPage","@id":"https:\/\/skaitytaknyga.lt\/produktas\/this-is-advertising-yra-nedidelis-defektas\/","url":"https:\/\/skaitytaknyga.lt\/produktas\/this-is-advertising-yra-nedidelis-defektas\/","name":"This is Advertising (yra nedidelis defektas) - Skaitytaknyga","isPartOf":{"@id":"https:\/\/skaitytaknyga.lt\/#website"},"primaryImageOfPage":{"@id":"https:\/\/skaitytaknyga.lt\/produktas\/this-is-advertising-yra-nedidelis-defektas\/#primaryimage"},"image":{"@id":"https:\/\/skaitytaknyga.lt\/produktas\/this-is-advertising-yra-nedidelis-defektas\/#primaryimage"},"thumbnailUrl":"https:\/\/skaitytaknyga.lt\/wp-content\/uploads\/2024\/05\/419-nORdBbL.jpg","datePublished":"2024-05-02T12:52:43+00:00","dateModified":"2024-05-03T07:29:16+00:00","description":"Advertising has changed. In today's world of multimedia and digital technology, the industry must find ways to build new relationships between brands and their audience, to make each product relevant as well as desirable. No longer is a simple television advertisement enough; brands need to communicate with their audience through all different kind of media. This is Advertising\u00a0addresses the changes that are occurring within advertising, from the perspective ofkey figures within the industry. Each deals with a key emerging trend\u2014digital, branded, ambient, integrated,and self-initiated. Featuring in total over 80 projects as well as ten-in-depth interviews by a selection of leadingadvertising figures, it offers an insightful overview for students or anyone involved with or interested in the current world of advertising.","breadcrumb":{"@id":"https:\/\/skaitytaknyga.lt\/produktas\/this-is-advertising-yra-nedidelis-defektas\/#breadcrumb"},"inLanguage":"en-GB","potentialAction":[{"@type":"ReadAction","target":["https:\/\/skaitytaknyga.lt\/produktas\/this-is-advertising-yra-nedidelis-defektas\/"]}]},{"@type":"ImageObject","inLanguage":"en-GB","@id":"https:\/\/skaitytaknyga.lt\/produktas\/this-is-advertising-yra-nedidelis-defektas\/#primaryimage","url":"https:\/\/skaitytaknyga.lt\/wp-content\/uploads\/2024\/05\/419-nORdBbL.jpg","contentUrl":"https:\/\/skaitytaknyga.lt\/wp-content\/uploads\/2024\/05\/419-nORdBbL.jpg","width":393,"height":500},{"@type":"BreadcrumbList","@id":"https:\/\/skaitytaknyga.lt\/produktas\/this-is-advertising-yra-nedidelis-defektas\/#breadcrumb","itemListElement":[{"@type":"ListItem","position":1,"name":"Home","item":"https:\/\/skaitytaknyga.lt\/"},{"@type":"ListItem","position":2,"name":"Parduotuv\u0117","item":"https:\/\/skaitytaknyga.lt\/knygu-parduotuve\/"},{"@type":"ListItem","position":3,"name":"This is Advertising (yra nedidelis defektas)"}]},{"@type":"WebSite","@id":"https:\/\/skaitytaknyga.lt\/#website","url":"https:\/\/skaitytaknyga.lt\/","name":"skaitytaknyga.lt","description":"Skaitytaknyga.lt \u2013 tai ma\u017eas \u0161eimos verslas, kuris prasid\u0117jo nuo meil\u0117s knygoms ir siekio i\u0161gelb\u0117ti knygas nuo likimo prie konteinerio. Kas vienam nereikalingas daiktas \u2013 kitam lobis, o mes esame tarpininkai, kurie padeda abiems tapti laimingesniems ???? \u017dinome kaip nelengva i\u0161gyventi ma\u017eiems verslams, tad nuo \u0161iol, \u010dia rasite ir kit\u0173, ma\u017e\u0173 \u0161eim\u0173 versl\u0173, rank\u0173 darbo, dovan\u0173 sau ir artimiesiems.","publisher":{"@id":"https:\/\/skaitytaknyga.lt\/#organization"},"potentialAction":[{"@type":"SearchAction","target":{"@type":"EntryPoint","urlTemplate":"https:\/\/skaitytaknyga.lt\/?s={search_term_string}"},"query-input":{"@type":"PropertyValueSpecification","valueRequired":true,"valueName":"search_term_string"}}],"inLanguage":"en-GB"},{"@type":"Organization","@id":"https:\/\/skaitytaknyga.lt\/#organization","name":"skaitytaknyga.lt","url":"https:\/\/skaitytaknyga.lt\/","logo":{"@type":"ImageObject","inLanguage":"en-GB","@id":"https:\/\/skaitytaknyga.lt\/#\/schema\/logo\/image\/","url":"https:\/\/skaitytaknyga.lt\/wp-content\/uploads\/2024\/05\/cropped-cropped-cropped-02_00843_jt3bggkj1j3HLc7SyY6rEUpg.jpeg","contentUrl":"https:\/\/skaitytaknyga.lt\/wp-content\/uploads\/2024\/05\/cropped-cropped-cropped-02_00843_jt3bggkj1j3HLc7SyY6rEUpg.jpeg","width":1600,"height":1600,"caption":"skaitytaknyga.lt"},"image":{"@id":"https:\/\/skaitytaknyga.lt\/#\/schema\/logo\/image\/"},"sameAs":["https:\/\/www.facebook.com\/skaitytaknyga\/"]}]}},"_links":{"self":[{"href":"https:\/\/skaitytaknyga.lt\/en\/wp-json\/wp\/v2\/product\/5665","targetHints":{"allow":["GET"]}}],"collection":[{"href":"https:\/\/skaitytaknyga.lt\/en\/wp-json\/wp\/v2\/product"}],"about":[{"href":"https:\/\/skaitytaknyga.lt\/en\/wp-json\/wp\/v2\/types\/product"}],"replies":[{"embeddable":true,"href":"https:\/\/skaitytaknyga.lt\/en\/wp-json\/wp\/v2\/comments?post=5665"}],"wp:featuredmedia":[{"embeddable":true,"href":"https:\/\/skaitytaknyga.lt\/en\/wp-json\/wp\/v2\/media\/5685"}],"wp:attachment":[{"href":"https:\/\/skaitytaknyga.lt\/en\/wp-json\/wp\/v2\/media?parent=5665"}],"wp:term":[{"taxonomy":"product_brand","embeddable":true,"href":"https:\/\/skaitytaknyga.lt\/en\/wp-json\/wp\/v2\/product_brand?post=5665"},{"taxonomy":"product_cat","embeddable":true,"href":"https:\/\/skaitytaknyga.lt\/en\/wp-json\/wp\/v2\/product_cat?post=5665"},{"taxonomy":"product_tag","embeddable":true,"href":"https:\/\/skaitytaknyga.lt\/en\/wp-json\/wp\/v2\/product_tag?post=5665"}],"curies":[{"name":"wp","href":"https:\/\/api.w.org\/{rel}","templated":true}]}}