{"id":5663,"date":"2024-05-02T12:52:43","date_gmt":"2024-05-02T12:52:43","guid":{"rendered":"https:\/\/skaitytaknyga.lt\/?post_type=product&#038;p=5663"},"modified":"2025-07-22T08:22:04","modified_gmt":"2025-07-22T05:22:04","slug":"laimingi-sunsnukiai","status":"publish","type":"product","link":"https:\/\/skaitytaknyga.lt\/en\/produktas\/laimingi-sunsnukiai\/","title":{"rendered":"Laimingi \u0161unsnukiai"},"content":{"rendered":"<p>Alexas Monaco yra gyvenimo provokatorius, saviugdos revoliucionierius, ra\u0161ytojas, verslininkas, gim\u0119s Lietuvoje. Alexo Monaco \u012f\u017e\u016bliai atviri straipsniai, muzika, nuotraukos, kuriose jis slepia veid\u0105, susprogdino internet\u0105 ir paliko kitus motyvatorius u\u017enugaryje. J\u016bs su\u017einosite, k\u0105 patyr\u0117 laimingi \u017emon\u0117s, kuriuos Alexas Monaco sutiko Lietuvoje ir Monake. Tai jie pad\u0117jo \u201eu\u017etaisyti&#8221; \u0161i\u0105 knyg\u0105 &#8220;Laimingi \u0161unsnukiai: kokybi\u0161ko gyvenimo gidas, arba kaip nepramiegoti to, kas i\u0161 ties\u0173 svarbiausia&#8221; motyvaciniais degalais, kuri\u0173 u\u017eteks, kad pasiektum\u0117te slap\u010diausias svajones. Kai kurie \u0161iuos \u017emones vadina \u0161unsnukiais. Alexas juos vadina laimingais \u0161unsnukiais. Jie laisvi. Gyvena pagal savo taisykles. Sugeb\u0117jo rasti aukso viduriuk\u0105. Pasinaudokite \u0161i\u0173 \u017emoni\u0173 patirtimi ir pagaliau i\u0161pildykite savo svajones!<\/p>\n<ul class=\"about-product d-none d-xl-block mt-4\">\n<li><strong>Autorius:<\/strong>\u00a0Alex Monaco<\/li>\n<li><strong>Leid\u0117jas<\/strong>\u00a0Alma littera<\/li>\n<li><strong>Metai:<\/strong>\u00a02016<\/li>\n<li><strong>Puslapiai:<\/strong>\u00a0216<\/li>\n<li class=\"toggleable type-new-formats \"><strong>ISBN :\u00a0<\/strong>9786090122488<\/li>\n<li><strong>Versijos kodas:<\/strong>\u00a0PT.<\/li>\n<li class=\"toggleable type-new-formats \"><strong>Formatas:<\/strong>\u00a014,5 x 21 cm, mink\u0161ti vir\u0161eliai<\/li>\n<li><strong>Kalba:<\/strong>\u00a0Lietuvi\u0173<\/li>\n<\/ul>\n","protected":false},"excerpt":{"rendered":"<p>Alexas Monaco yra gyvenimo provokatorius, saviugdos revoliucionierius, ra\u0161ytojas, verslininkas, gim\u0119s Lietuvoje. Alexo Monaco \u012f\u017e\u016bliai atviri straipsniai, muzika, nuotraukos, kuriose jis slepia veid\u0105, susprogdino internet\u0105 ir paliko kitus motyvatorius u\u017enugaryje. J\u016bs su\u017einosite, k\u0105 patyr\u0117 laimingi \u017emon\u0117s, kuriuos Alexas Monaco sutiko Lietuvoje ir Monake. Tai jie pad\u0117jo \u201eu\u017etaisyti&#8221; \u0161i\u0105 knyg\u0105 &#8220;Laimingi \u0161unsnukiai: kokybi\u0161ko gyvenimo gidas, arba kaip nepramiegoti to, kas i\u0161 ties\u0173 svarbiausia&#8221; motyvaciniais degalais, kuri\u0173 u\u017eteks, kad pasiektum\u0117te slap\u010diausias svajones. Kai kurie \u0161iuos \u017emones vadina \u0161unsnukiais. Alexas juos vadina laimingais \u0161unsnukiais. Jie laisvi. Gyvena pagal savo taisykles. Sugeb\u0117jo rasti aukso viduriuk\u0105. Pasinaudokite \u0161i\u0173 \u017emoni\u0173 patirtimi ir pagaliau i\u0161pildykite savo svajones! Autorius:\u00a0Alex Monaco Leid\u0117jas\u00a0Alma littera Metai:\u00a02016 Puslapiai:\u00a0216 ISBN :\u00a09786090122488 Versijos kodas:\u00a0PT. Formatas:\u00a014,5 x 21 cm, mink\u0161ti vir\u0161eliai Kalba:\u00a0Lietuvi\u0173<\/p>\n","protected":false},"featured_media":5675,"comment_status":"closed","ping_status":"closed","template":"","meta":{"_acf_changed":false,"site-sidebar-layout":"default","site-content-layout":"","ast-site-content-layout":"default","site-content-style":"default","site-sidebar-style":"default","ast-global-header-display":"","ast-banner-title-visibility":"","ast-main-header-display":"","ast-hfb-above-header-display":"","ast-hfb-below-header-display":"","ast-hfb-mobile-header-display":"","site-post-title":"","ast-breadcrumbs-content":"","ast-featured-img":"","footer-sml-layout":"","ast-disable-related-posts":"","theme-transparent-header-meta":"default","adv-header-id-meta":"","stick-header-meta":"","header-above-stick-meta":"","header-main-stick-meta":"","header-below-stick-meta":"","astra-migrate-meta-layouts":"set","ast-page-background-enabled":"default","ast-page-background-meta":{"desktop":{"background-color":"","background-image":"","background-repeat":"repeat","background-position":"center center","background-size":"auto","background-attachment":"scroll","background-type":"","background-media":"","overlay-type":"","overlay-color":"","overlay-opacity":"","overlay-gradient":""},"tablet":{"background-color":"","background-image":"","background-repeat":"repeat","background-position":"center center","background-size":"auto","background-attachment":"scroll","background-type":"","background-media":"","overlay-type":"","overlay-color":"","overlay-opacity":"","overlay-gradient":""},"mobile":{"background-color":"","background-image":"","background-repeat":"repeat","background-position":"center center","background-size":"auto","background-attachment":"scroll","background-type":"","background-media":"","overlay-type":"","overlay-color":"","overlay-opacity":"","overlay-gradient":""}},"ast-content-background-meta":{"desktop":{"background-color":"var(--ast-global-color-4)","background-image":"","background-repeat":"repeat","background-position":"center center","background-size":"auto","background-attachment":"scroll","background-type":"","background-media":"","overlay-type":"","overlay-color":"","overlay-opacity":"","overlay-gradient":""},"tablet":{"background-color":"var(--ast-global-color-4)","background-image":"","background-repeat":"repeat","background-position":"center center","background-size":"auto","background-attachment":"scroll","background-type":"","background-media":"","overlay-type":"","overlay-color":"","overlay-opacity":"","overlay-gradient":""},"mobile":{"background-color":"var(--ast-global-color-4)","background-image":"","background-repeat":"repeat","background-position":"center center","background-size":"auto","background-attachment":"scroll","background-type":"","background-media":"","overlay-type":"","overlay-color":"","overlay-opacity":"","overlay-gradient":""}}},"product_brand":[],"product_cat":[30],"product_tag":[],"class_list":{"0":"post-5663","1":"product","2":"type-product","3":"status-publish","4":"has-post-thumbnail","6":"product_cat-psichologija-ir-saviugda","7":"desktop-align-left","8":"tablet-align-left","9":"mobile-align-left","11":"first","12":"instock","13":"shipping-taxable","14":"purchasable","15":"product-type-simple"},"acf":[],"yoast_head":"<!-- This site is optimized with the Yoast SEO plugin v27.0 - https:\/\/yoast.com\/product\/yoast-seo-wordpress\/ -->\n<title>Laimingi \u0161unsnukiai<\/title>\n<meta name=\"description\" content=\"Alexas Monaco yra gyvenimo provokatorius, saviugdos revoliucionierius, ra\u0161ytojas, verslininkas, gim\u0119s Lietuvoje. Alexo Monaco \u012f\u017e\u016bliai atviri straipsniai,\" \/>\n<meta name=\"robots\" content=\"index, follow, max-snippet:-1, max-image-preview:large, max-video-preview:-1\" \/>\n<link rel=\"canonical\" href=\"https:\/\/skaitytaknyga.lt\/en\/produktas\/laimingi-sunsnukiai\/\" \/>\n<meta property=\"og:locale\" content=\"en_GB\" \/>\n<meta property=\"og:locale:alternate\" content=\"lt_LT\" \/>\n<meta property=\"og:type\" content=\"article\" \/>\n<meta property=\"og:title\" content=\"Laimingi \u0161unsnukiai\" \/>\n<meta property=\"og:description\" content=\"Alexas Monaco yra gyvenimo provokatorius, saviugdos revoliucionierius, ra\u0161ytojas, verslininkas, gim\u0119s Lietuvoje. Alexo Monaco \u012f\u017e\u016bliai atviri straipsniai,\" \/>\n<meta property=\"og:url\" content=\"https:\/\/skaitytaknyga.lt\/en\/produktas\/laimingi-sunsnukiai\/\" \/>\n<meta property=\"og:site_name\" content=\"Skaitytaknyga\" \/>\n<meta property=\"article:publisher\" content=\"https:\/\/www.facebook.com\/skaitytaknyga\/\" \/>\n<meta property=\"article:modified_time\" content=\"2025-07-22T05:22:04+00:00\" \/>\n<meta property=\"og:image\" content=\"https:\/\/skaitytaknyga.lt\/wp-content\/uploads\/2024\/05\/000000000001110637-59de859f705e7-asset-knyguklubas-cdb_laimingi-sunsnukiai_p1.png\" \/>\n\t<meta property=\"og:image:width\" content=\"285\" \/>\n\t<meta property=\"og:image:height\" content=\"418\" \/>\n\t<meta property=\"og:image:type\" content=\"image\/png\" \/>\n<meta name=\"twitter:card\" content=\"summary_large_image\" \/>\n<meta name=\"twitter:label1\" content=\"Estimated reading time\" \/>\n\t<meta name=\"twitter:data1\" content=\"1 minute\" \/>\n<script type=\"application\/ld+json\" class=\"yoast-schema-graph\">{\"@context\":\"https:\/\/schema.org\",\"@graph\":[{\"@type\":\"WebPage\",\"@id\":\"https:\/\/skaitytaknyga.lt\/produktas\/laimingi-sunsnukiai\/\",\"url\":\"https:\/\/skaitytaknyga.lt\/produktas\/laimingi-sunsnukiai\/\",\"name\":\"Laimingi \u0161unsnukiai\",\"isPartOf\":{\"@id\":\"https:\/\/skaitytaknyga.lt\/#website\"},\"primaryImageOfPage\":{\"@id\":\"https:\/\/skaitytaknyga.lt\/produktas\/laimingi-sunsnukiai\/#primaryimage\"},\"image\":{\"@id\":\"https:\/\/skaitytaknyga.lt\/produktas\/laimingi-sunsnukiai\/#primaryimage\"},\"thumbnailUrl\":\"https:\/\/skaitytaknyga.lt\/wp-content\/uploads\/2024\/05\/000000000001110637-59de859f705e7-asset-knyguklubas-cdb_laimingi-sunsnukiai_p1.png\",\"datePublished\":\"2024-05-02T12:52:43+00:00\",\"dateModified\":\"2025-07-22T05:22:04+00:00\",\"description\":\"Alexas Monaco yra gyvenimo provokatorius, saviugdos revoliucionierius, ra\u0161ytojas, verslininkas, gim\u0119s Lietuvoje. Alexo Monaco \u012f\u017e\u016bliai atviri straipsniai,\",\"breadcrumb\":{\"@id\":\"https:\/\/skaitytaknyga.lt\/produktas\/laimingi-sunsnukiai\/#breadcrumb\"},\"inLanguage\":\"en-GB\",\"potentialAction\":[{\"@type\":\"ReadAction\",\"target\":[\"https:\/\/skaitytaknyga.lt\/produktas\/laimingi-sunsnukiai\/\"]}]},{\"@type\":\"ImageObject\",\"inLanguage\":\"en-GB\",\"@id\":\"https:\/\/skaitytaknyga.lt\/produktas\/laimingi-sunsnukiai\/#primaryimage\",\"url\":\"https:\/\/skaitytaknyga.lt\/wp-content\/uploads\/2024\/05\/000000000001110637-59de859f705e7-asset-knyguklubas-cdb_laimingi-sunsnukiai_p1.png\",\"contentUrl\":\"https:\/\/skaitytaknyga.lt\/wp-content\/uploads\/2024\/05\/000000000001110637-59de859f705e7-asset-knyguklubas-cdb_laimingi-sunsnukiai_p1.png\",\"width\":285,\"height\":418,\"caption\":\"Laimingi \u0161unsnukiai\"},{\"@type\":\"BreadcrumbList\",\"@id\":\"https:\/\/skaitytaknyga.lt\/produktas\/laimingi-sunsnukiai\/#breadcrumb\",\"itemListElement\":[{\"@type\":\"ListItem\",\"position\":1,\"name\":\"Home\",\"item\":\"https:\/\/skaitytaknyga.lt\/\"},{\"@type\":\"ListItem\",\"position\":2,\"name\":\"Parduotuv\u0117\",\"item\":\"https:\/\/skaitytaknyga.lt\/knygu-parduotuve\/\"},{\"@type\":\"ListItem\",\"position\":3,\"name\":\"Laimingi \u0161unsnukiai\"}]},{\"@type\":\"WebSite\",\"@id\":\"https:\/\/skaitytaknyga.lt\/#website\",\"url\":\"https:\/\/skaitytaknyga.lt\/\",\"name\":\"skaitytaknyga.lt\",\"description\":\"Skaitytaknyga.lt \u2013 tai ma\u017eas \u0161eimos verslas, kuris prasid\u0117jo nuo meil\u0117s knygoms ir siekio i\u0161gelb\u0117ti knygas nuo likimo prie konteinerio. Kas vienam nereikalingas daiktas \u2013 kitam lobis, o mes esame tarpininkai, kurie padeda abiems tapti laimingesniems ???? \u017dinome kaip nelengva i\u0161gyventi ma\u017eiems verslams, tad nuo \u0161iol, \u010dia rasite ir kit\u0173, ma\u017e\u0173 \u0161eim\u0173 versl\u0173, rank\u0173 darbo, dovan\u0173 sau ir artimiesiems.\",\"publisher\":{\"@id\":\"https:\/\/skaitytaknyga.lt\/#organization\"},\"potentialAction\":[{\"@type\":\"SearchAction\",\"target\":{\"@type\":\"EntryPoint\",\"urlTemplate\":\"https:\/\/skaitytaknyga.lt\/?s={search_term_string}\"},\"query-input\":{\"@type\":\"PropertyValueSpecification\",\"valueRequired\":true,\"valueName\":\"search_term_string\"}}],\"inLanguage\":\"en-GB\"},{\"@type\":\"Organization\",\"@id\":\"https:\/\/skaitytaknyga.lt\/#organization\",\"name\":\"skaitytaknyga.lt\",\"url\":\"https:\/\/skaitytaknyga.lt\/\",\"logo\":{\"@type\":\"ImageObject\",\"inLanguage\":\"en-GB\",\"@id\":\"https:\/\/skaitytaknyga.lt\/#\/schema\/logo\/image\/\",\"url\":\"https:\/\/skaitytaknyga.lt\/wp-content\/uploads\/2024\/05\/cropped-cropped-cropped-02_00843_jt3bggkj1j3HLc7SyY6rEUpg.jpeg\",\"contentUrl\":\"https:\/\/skaitytaknyga.lt\/wp-content\/uploads\/2024\/05\/cropped-cropped-cropped-02_00843_jt3bggkj1j3HLc7SyY6rEUpg.jpeg\",\"width\":1600,\"height\":1600,\"caption\":\"skaitytaknyga.lt\"},\"image\":{\"@id\":\"https:\/\/skaitytaknyga.lt\/#\/schema\/logo\/image\/\"},\"sameAs\":[\"https:\/\/www.facebook.com\/skaitytaknyga\/\"]}]}<\/script>\n<!-- \/ Yoast SEO plugin. -->","yoast_head_json":{"title":"Laimingi \u0161unsnukiai","description":"Alexas Monaco yra gyvenimo provokatorius, saviugdos revoliucionierius, ra\u0161ytojas, verslininkas, gim\u0119s Lietuvoje. Alexo Monaco \u012f\u017e\u016bliai atviri straipsniai,","robots":{"index":"index","follow":"follow","max-snippet":"max-snippet:-1","max-image-preview":"max-image-preview:large","max-video-preview":"max-video-preview:-1"},"canonical":"https:\/\/skaitytaknyga.lt\/en\/produktas\/laimingi-sunsnukiai\/","og_locale":"en_GB","og_type":"article","og_title":"[:lt]Laimingi \u0161unsnukiai[:] - Skaitytaknyga","og_description":"Alexas Monaco yra gyvenimo provokatorius, saviugdos revoliucionierius, ra\u0161ytojas, verslininkas, gim\u0119s Lietuvoje. Alexo Monaco \u012f\u017e\u016bliai atviri straipsniai,","og_url":"https:\/\/skaitytaknyga.lt\/en\/produktas\/laimingi-sunsnukiai\/","og_site_name":"Skaitytaknyga","article_publisher":"https:\/\/www.facebook.com\/skaitytaknyga\/","article_modified_time":"2025-07-22T05:22:04+00:00","og_image":[{"width":285,"height":418,"url":"https:\/\/skaitytaknyga.lt\/wp-content\/uploads\/2024\/05\/000000000001110637-59de859f705e7-asset-knyguklubas-cdb_laimingi-sunsnukiai_p1.png","type":"image\/png"}],"twitter_card":"summary_large_image","twitter_misc":{"Estimated reading time":"1 minute"},"schema":{"@context":"https:\/\/schema.org","@graph":[{"@type":"WebPage","@id":"https:\/\/skaitytaknyga.lt\/produktas\/laimingi-sunsnukiai\/","url":"https:\/\/skaitytaknyga.lt\/produktas\/laimingi-sunsnukiai\/","name":"Laimingi \u0161unsnukiai","isPartOf":{"@id":"https:\/\/skaitytaknyga.lt\/#website"},"primaryImageOfPage":{"@id":"https:\/\/skaitytaknyga.lt\/produktas\/laimingi-sunsnukiai\/#primaryimage"},"image":{"@id":"https:\/\/skaitytaknyga.lt\/produktas\/laimingi-sunsnukiai\/#primaryimage"},"thumbnailUrl":"https:\/\/skaitytaknyga.lt\/wp-content\/uploads\/2024\/05\/000000000001110637-59de859f705e7-asset-knyguklubas-cdb_laimingi-sunsnukiai_p1.png","datePublished":"2024-05-02T12:52:43+00:00","dateModified":"2025-07-22T05:22:04+00:00","description":"Alexas Monaco yra gyvenimo provokatorius, saviugdos revoliucionierius, ra\u0161ytojas, verslininkas, gim\u0119s Lietuvoje. Alexo Monaco \u012f\u017e\u016bliai atviri straipsniai,","breadcrumb":{"@id":"https:\/\/skaitytaknyga.lt\/produktas\/laimingi-sunsnukiai\/#breadcrumb"},"inLanguage":"en-GB","potentialAction":[{"@type":"ReadAction","target":["https:\/\/skaitytaknyga.lt\/produktas\/laimingi-sunsnukiai\/"]}]},{"@type":"ImageObject","inLanguage":"en-GB","@id":"https:\/\/skaitytaknyga.lt\/produktas\/laimingi-sunsnukiai\/#primaryimage","url":"https:\/\/skaitytaknyga.lt\/wp-content\/uploads\/2024\/05\/000000000001110637-59de859f705e7-asset-knyguklubas-cdb_laimingi-sunsnukiai_p1.png","contentUrl":"https:\/\/skaitytaknyga.lt\/wp-content\/uploads\/2024\/05\/000000000001110637-59de859f705e7-asset-knyguklubas-cdb_laimingi-sunsnukiai_p1.png","width":285,"height":418,"caption":"Laimingi \u0161unsnukiai"},{"@type":"BreadcrumbList","@id":"https:\/\/skaitytaknyga.lt\/produktas\/laimingi-sunsnukiai\/#breadcrumb","itemListElement":[{"@type":"ListItem","position":1,"name":"Home","item":"https:\/\/skaitytaknyga.lt\/"},{"@type":"ListItem","position":2,"name":"Parduotuv\u0117","item":"https:\/\/skaitytaknyga.lt\/knygu-parduotuve\/"},{"@type":"ListItem","position":3,"name":"Laimingi \u0161unsnukiai"}]},{"@type":"WebSite","@id":"https:\/\/skaitytaknyga.lt\/#website","url":"https:\/\/skaitytaknyga.lt\/","name":"skaitytaknyga.lt","description":"Skaitytaknyga.lt \u2013 tai ma\u017eas \u0161eimos verslas, kuris prasid\u0117jo nuo meil\u0117s knygoms ir siekio i\u0161gelb\u0117ti knygas nuo likimo prie konteinerio. Kas vienam nereikalingas daiktas \u2013 kitam lobis, o mes esame tarpininkai, kurie padeda abiems tapti laimingesniems ???? \u017dinome kaip nelengva i\u0161gyventi ma\u017eiems verslams, tad nuo \u0161iol, \u010dia rasite ir kit\u0173, ma\u017e\u0173 \u0161eim\u0173 versl\u0173, rank\u0173 darbo, dovan\u0173 sau ir artimiesiems.","publisher":{"@id":"https:\/\/skaitytaknyga.lt\/#organization"},"potentialAction":[{"@type":"SearchAction","target":{"@type":"EntryPoint","urlTemplate":"https:\/\/skaitytaknyga.lt\/?s={search_term_string}"},"query-input":{"@type":"PropertyValueSpecification","valueRequired":true,"valueName":"search_term_string"}}],"inLanguage":"en-GB"},{"@type":"Organization","@id":"https:\/\/skaitytaknyga.lt\/#organization","name":"skaitytaknyga.lt","url":"https:\/\/skaitytaknyga.lt\/","logo":{"@type":"ImageObject","inLanguage":"en-GB","@id":"https:\/\/skaitytaknyga.lt\/#\/schema\/logo\/image\/","url":"https:\/\/skaitytaknyga.lt\/wp-content\/uploads\/2024\/05\/cropped-cropped-cropped-02_00843_jt3bggkj1j3HLc7SyY6rEUpg.jpeg","contentUrl":"https:\/\/skaitytaknyga.lt\/wp-content\/uploads\/2024\/05\/cropped-cropped-cropped-02_00843_jt3bggkj1j3HLc7SyY6rEUpg.jpeg","width":1600,"height":1600,"caption":"skaitytaknyga.lt"},"image":{"@id":"https:\/\/skaitytaknyga.lt\/#\/schema\/logo\/image\/"},"sameAs":["https:\/\/www.facebook.com\/skaitytaknyga\/"]}]}},"_links":{"self":[{"href":"https:\/\/skaitytaknyga.lt\/en\/wp-json\/wp\/v2\/product\/5663","targetHints":{"allow":["GET"]}}],"collection":[{"href":"https:\/\/skaitytaknyga.lt\/en\/wp-json\/wp\/v2\/product"}],"about":[{"href":"https:\/\/skaitytaknyga.lt\/en\/wp-json\/wp\/v2\/types\/product"}],"replies":[{"embeddable":true,"href":"https:\/\/skaitytaknyga.lt\/en\/wp-json\/wp\/v2\/comments?post=5663"}],"wp:featuredmedia":[{"embeddable":true,"href":"https:\/\/skaitytaknyga.lt\/en\/wp-json\/wp\/v2\/media\/5675"}],"wp:attachment":[{"href":"https:\/\/skaitytaknyga.lt\/en\/wp-json\/wp\/v2\/media?parent=5663"}],"wp:term":[{"taxonomy":"product_brand","embeddable":true,"href":"https:\/\/skaitytaknyga.lt\/en\/wp-json\/wp\/v2\/product_brand?post=5663"},{"taxonomy":"product_cat","embeddable":true,"href":"https:\/\/skaitytaknyga.lt\/en\/wp-json\/wp\/v2\/product_cat?post=5663"},{"taxonomy":"product_tag","embeddable":true,"href":"https:\/\/skaitytaknyga.lt\/en\/wp-json\/wp\/v2\/product_tag?post=5663"}],"curies":[{"name":"wp","href":"https:\/\/api.w.org\/{rel}","templated":true}]}}