{"id":5646,"date":"2024-05-02T12:52:19","date_gmt":"2024-05-02T12:52:19","guid":{"rendered":"https:\/\/skaitytaknyga.lt\/?post_type=product&#038;p=5646"},"modified":"2025-06-23T11:50:14","modified_gmt":"2025-06-23T08:50:14","slug":"tomas-kavaliauskas-originalas","status":"publish","type":"product","link":"https:\/\/skaitytaknyga.lt\/en\/produktas\/tomas-kavaliauskas-originalas\/","title":{"rendered":"Originalas"},"content":{"rendered":"<p>Ra\u0161ytojas ir meno filosofijos d\u0117stytojas\u00a0<strong>Tomas Kavaliauskas<\/strong>\u00a0intriguojan\u010diame romane\u00a0<strong>\u201eOriginalas&#8221;<\/strong>\u00a0mus nukelia \u012f XX a. prad\u017eios Pary\u017ei\u0173, \u012f meno Aukso am\u017ei\u0173. Ie\u0161kant dingusi\u0173 kolia\u017e\u0173 meistro Dogu Bankovo paveiksl\u0173, skaitytojo laukia intriguojanti detektyvin\u0117 kelion\u0117, prasidedanti Kauno Velni\u0173 muziejaus \u201eKip\u0161o&#8221; kavin\u0117je. Ekscentri\u0161ka romano veik\u0117j\u0173 trijul\u0117 si\u016blo gal\u0105 randa Bulgarijos sostin\u0117je \u2013 \u010dia ir i\u0161ai\u0161k\u0117ja did\u017eioji menininko paslaptis.<\/p>\n<p>Besiliejantis vynas ir kip\u0161o kerai, nuotykiai ir humoras lydi skaitytoj\u0105 nuo prad\u017eios iki pat netik\u0117tos pabaigos.<\/p>\n","protected":false},"excerpt":{"rendered":"<p>Ra\u0161ytojas ir meno filosofijos d\u0117stytojas\u00a0<strong>Tomas Kavaliauskas<\/strong>\u00a0intriguojan\u010diame romane\u00a0<strong>\u201eOriginalas&#8221;<\/strong>\u00a0mus nukelia \u012f XX a. prad\u017eios Pary\u017ei\u0173, \u012f meno Aukso am\u017ei\u0173. Ie\u0161kant dingusi\u0173 kolia\u017e\u0173 meistro Dogu Bankovo paveiksl\u0173, skaitytojo laukia intriguojanti detektyvin\u0117 kelion\u0117, prasidedanti Kauno Velni\u0173 muziejaus \u201eKip\u0161o&#8221; kavin\u0117je. Ekscentri\u0161ka romano veik\u0117j\u0173 trijul\u0117 si\u016blo gal\u0105 randa Bulgarijos sostin\u0117je \u2013 \u010dia ir i\u0161ai\u0161k\u0117ja did\u017eioji menininko paslaptis.<\/p>\n<p>Besiliejantis vynas ir kip\u0161o kerai, nuotykiai ir humoras lydi skaitytoj\u0105 nuo prad\u017eios iki pat netik\u0117tos pabaigos.<\/p>\n","protected":false},"featured_media":5658,"comment_status":"closed","ping_status":"closed","template":"","meta":{"_acf_changed":false,"site-sidebar-layout":"default","site-content-layout":"","ast-site-content-layout":"default","site-content-style":"default","site-sidebar-style":"default","ast-global-header-display":"","ast-banner-title-visibility":"","ast-main-header-display":"","ast-hfb-above-header-display":"","ast-hfb-below-header-display":"","ast-hfb-mobile-header-display":"","site-post-title":"","ast-breadcrumbs-content":"","ast-featured-img":"","footer-sml-layout":"","ast-disable-related-posts":"","theme-transparent-header-meta":"","adv-header-id-meta":"","stick-header-meta":"","header-above-stick-meta":"","header-main-stick-meta":"","header-below-stick-meta":"","astra-migrate-meta-layouts":"default","ast-page-background-enabled":"default","ast-page-background-meta":{"desktop":{"background-color":"","background-image":"","background-repeat":"repeat","background-position":"center center","background-size":"auto","background-attachment":"scroll","background-type":"","background-media":"","overlay-type":"","overlay-color":"","overlay-opacity":"","overlay-gradient":""},"tablet":{"background-color":"","background-image":"","background-repeat":"repeat","background-position":"center center","background-size":"auto","background-attachment":"scroll","background-type":"","background-media":"","overlay-type":"","overlay-color":"","overlay-opacity":"","overlay-gradient":""},"mobile":{"background-color":"","background-image":"","background-repeat":"repeat","background-position":"center center","background-size":"auto","background-attachment":"scroll","background-type":"","background-media":"","overlay-type":"","overlay-color":"","overlay-opacity":"","overlay-gradient":""}},"ast-content-background-meta":{"desktop":{"background-color":"var(--ast-global-color-4)","background-image":"","background-repeat":"repeat","background-position":"center center","background-size":"auto","background-attachment":"scroll","background-type":"","background-media":"","overlay-type":"","overlay-color":"","overlay-opacity":"","overlay-gradient":""},"tablet":{"background-color":"var(--ast-global-color-4)","background-image":"","background-repeat":"repeat","background-position":"center center","background-size":"auto","background-attachment":"scroll","background-type":"","background-media":"","overlay-type":"","overlay-color":"","overlay-opacity":"","overlay-gradient":""},"mobile":{"background-color":"var(--ast-global-color-4)","background-image":"","background-repeat":"repeat","background-position":"center center","background-size":"auto","background-attachment":"scroll","background-type":"","background-media":"","overlay-type":"","overlay-color":"","overlay-opacity":"","overlay-gradient":""}}},"product_brand":[],"product_cat":[31],"product_tag":[],"class_list":{"0":"post-5646","1":"product","2":"type-product","3":"status-publish","4":"has-post-thumbnail","6":"product_cat-grozine-literatura","7":"desktop-align-left","8":"tablet-align-left","9":"mobile-align-left","11":"first","12":"instock","13":"shipping-taxable","14":"purchasable","15":"product-type-simple"},"acf":[],"yoast_head":"<!-- This site is optimized with the Yoast SEO plugin v27.0 - https:\/\/yoast.com\/product\/yoast-seo-wordpress\/ -->\n<title>Originalas<\/title>\n<meta name=\"description\" content=\"Ra\u0161ytojas ir meno filosofijos d\u0117stytojas\u00a0Tomas Kavaliauskas\u00a0intriguojan\u010diame romane\u00a0\u201eOriginalas&quot;\u00a0mus nukelia \u012f XX a. prad\u017eios Pary\u017ei\u0173, \u012f meno Aukso am\u017ei\u0173. Ie\u0161kant dingusi\u0173 kolia\u017e\u0173 meistro Dogu Bankovo paveiksl\u0173, skaitytojo laukia intriguojanti detektyvin\u0117 kelion\u0117, prasidedanti Kauno Velni\u0173 muziejaus \u201eKip\u0161o&quot; kavin\u0117je. Ekscentri\u0161ka romano veik\u0117j\u0173 trijul\u0117 si\u016blo gal\u0105 randa Bulgarijos sostin\u0117je \u2013 \u010dia ir i\u0161ai\u0161k\u0117ja did\u017eioji menininko paslaptis.  Besiliejantis vynas ir kip\u0161o kerai, nuotykiai ir humoras lydi skaitytoj\u0105 nuo prad\u017eios iki pat netik\u0117tos pabaigos.\" \/>\n<meta name=\"robots\" content=\"index, follow, max-snippet:-1, max-image-preview:large, max-video-preview:-1\" \/>\n<link rel=\"canonical\" href=\"https:\/\/skaitytaknyga.lt\/en\/produktas\/tomas-kavaliauskas-originalas\/\" \/>\n<meta property=\"og:locale\" content=\"en_GB\" \/>\n<meta property=\"og:locale:alternate\" content=\"lt_LT\" \/>\n<meta property=\"og:type\" content=\"article\" \/>\n<meta property=\"og:title\" content=\"Originalas\" \/>\n<meta property=\"og:description\" content=\"Ra\u0161ytojas ir meno filosofijos d\u0117stytojas\u00a0Tomas Kavaliauskas\u00a0intriguojan\u010diame romane\u00a0\u201eOriginalas&quot;\u00a0mus nukelia \u012f XX a. prad\u017eios Pary\u017ei\u0173, \u012f meno Aukso am\u017ei\u0173. Ie\u0161kant dingusi\u0173 kolia\u017e\u0173 meistro Dogu Bankovo paveiksl\u0173, skaitytojo laukia intriguojanti detektyvin\u0117 kelion\u0117, prasidedanti Kauno Velni\u0173 muziejaus \u201eKip\u0161o&quot; kavin\u0117je. Ekscentri\u0161ka romano veik\u0117j\u0173 trijul\u0117 si\u016blo gal\u0105 randa Bulgarijos sostin\u0117je \u2013 \u010dia ir i\u0161ai\u0161k\u0117ja did\u017eioji menininko paslaptis.  Besiliejantis vynas ir kip\u0161o kerai, nuotykiai ir humoras lydi skaitytoj\u0105 nuo prad\u017eios iki pat netik\u0117tos pabaigos.\" \/>\n<meta property=\"og:url\" content=\"https:\/\/skaitytaknyga.lt\/en\/produktas\/tomas-kavaliauskas-originalas\/\" \/>\n<meta property=\"og:site_name\" content=\"Skaitytaknyga\" \/>\n<meta property=\"article:publisher\" content=\"https:\/\/www.facebook.com\/skaitytaknyga\/\" \/>\n<meta property=\"article:modified_time\" content=\"2025-06-23T08:50:14+00:00\" \/>\n<meta property=\"og:image\" content=\"https:\/\/skaitytaknyga.lt\/wp-content\/uploads\/2024\/05\/1485763582_cdb_Originalas_p1.png\" \/>\n\t<meta property=\"og:image:width\" content=\"262\" \/>\n\t<meta property=\"og:image:height\" content=\"430\" \/>\n\t<meta property=\"og:image:type\" content=\"image\/png\" \/>\n<meta name=\"twitter:card\" content=\"summary_large_image\" \/>\n<meta name=\"twitter:label1\" content=\"Estimated reading time\" \/>\n\t<meta name=\"twitter:data1\" content=\"1 minute\" \/>\n<script type=\"application\/ld+json\" class=\"yoast-schema-graph\">{\"@context\":\"https:\/\/schema.org\",\"@graph\":[{\"@type\":\"WebPage\",\"@id\":\"https:\/\/skaitytaknyga.lt\/produktas\/tomas-kavaliauskas-originalas\/\",\"url\":\"https:\/\/skaitytaknyga.lt\/produktas\/tomas-kavaliauskas-originalas\/\",\"name\":\"Originalas\",\"isPartOf\":{\"@id\":\"https:\/\/skaitytaknyga.lt\/#website\"},\"primaryImageOfPage\":{\"@id\":\"https:\/\/skaitytaknyga.lt\/produktas\/tomas-kavaliauskas-originalas\/#primaryimage\"},\"image\":{\"@id\":\"https:\/\/skaitytaknyga.lt\/produktas\/tomas-kavaliauskas-originalas\/#primaryimage\"},\"thumbnailUrl\":\"https:\/\/skaitytaknyga.lt\/wp-content\/uploads\/2024\/05\/1485763582_cdb_Originalas_p1.png\",\"datePublished\":\"2024-05-02T12:52:19+00:00\",\"dateModified\":\"2025-06-23T08:50:14+00:00\",\"description\":\"Ra\u0161ytojas ir meno filosofijos d\u0117stytojas\u00a0Tomas Kavaliauskas\u00a0intriguojan\u010diame romane\u00a0\u201eOriginalas\\\"\u00a0mus nukelia \u012f XX a. prad\u017eios Pary\u017ei\u0173, \u012f meno Aukso am\u017ei\u0173. Ie\u0161kant dingusi\u0173 kolia\u017e\u0173 meistro Dogu Bankovo paveiksl\u0173, skaitytojo laukia intriguojanti detektyvin\u0117 kelion\u0117, prasidedanti Kauno Velni\u0173 muziejaus \u201eKip\u0161o\\\" kavin\u0117je. Ekscentri\u0161ka romano veik\u0117j\u0173 trijul\u0117 si\u016blo gal\u0105 randa Bulgarijos sostin\u0117je \u2013 \u010dia ir i\u0161ai\u0161k\u0117ja did\u017eioji menininko paslaptis. Besiliejantis vynas ir kip\u0161o kerai, nuotykiai ir humoras lydi skaitytoj\u0105 nuo prad\u017eios iki pat netik\u0117tos pabaigos.\",\"breadcrumb\":{\"@id\":\"https:\/\/skaitytaknyga.lt\/produktas\/tomas-kavaliauskas-originalas\/#breadcrumb\"},\"inLanguage\":\"en-GB\",\"potentialAction\":[{\"@type\":\"ReadAction\",\"target\":[\"https:\/\/skaitytaknyga.lt\/produktas\/tomas-kavaliauskas-originalas\/\"]}]},{\"@type\":\"ImageObject\",\"inLanguage\":\"en-GB\",\"@id\":\"https:\/\/skaitytaknyga.lt\/produktas\/tomas-kavaliauskas-originalas\/#primaryimage\",\"url\":\"https:\/\/skaitytaknyga.lt\/wp-content\/uploads\/2024\/05\/1485763582_cdb_Originalas_p1.png\",\"contentUrl\":\"https:\/\/skaitytaknyga.lt\/wp-content\/uploads\/2024\/05\/1485763582_cdb_Originalas_p1.png\",\"width\":262,\"height\":430},{\"@type\":\"BreadcrumbList\",\"@id\":\"https:\/\/skaitytaknyga.lt\/produktas\/tomas-kavaliauskas-originalas\/#breadcrumb\",\"itemListElement\":[{\"@type\":\"ListItem\",\"position\":1,\"name\":\"Home\",\"item\":\"https:\/\/skaitytaknyga.lt\/\"},{\"@type\":\"ListItem\",\"position\":2,\"name\":\"Parduotuv\u0117\",\"item\":\"https:\/\/skaitytaknyga.lt\/knygu-parduotuve\/\"},{\"@type\":\"ListItem\",\"position\":3,\"name\":\"Originalas\"}]},{\"@type\":\"WebSite\",\"@id\":\"https:\/\/skaitytaknyga.lt\/#website\",\"url\":\"https:\/\/skaitytaknyga.lt\/\",\"name\":\"skaitytaknyga.lt\",\"description\":\"Skaitytaknyga.lt \u2013 tai ma\u017eas \u0161eimos verslas, kuris prasid\u0117jo nuo meil\u0117s knygoms ir siekio i\u0161gelb\u0117ti knygas nuo likimo prie konteinerio. Kas vienam nereikalingas daiktas \u2013 kitam lobis, o mes esame tarpininkai, kurie padeda abiems tapti laimingesniems ???? \u017dinome kaip nelengva i\u0161gyventi ma\u017eiems verslams, tad nuo \u0161iol, \u010dia rasite ir kit\u0173, ma\u017e\u0173 \u0161eim\u0173 versl\u0173, rank\u0173 darbo, dovan\u0173 sau ir artimiesiems.\",\"publisher\":{\"@id\":\"https:\/\/skaitytaknyga.lt\/#organization\"},\"potentialAction\":[{\"@type\":\"SearchAction\",\"target\":{\"@type\":\"EntryPoint\",\"urlTemplate\":\"https:\/\/skaitytaknyga.lt\/?s={search_term_string}\"},\"query-input\":{\"@type\":\"PropertyValueSpecification\",\"valueRequired\":true,\"valueName\":\"search_term_string\"}}],\"inLanguage\":\"en-GB\"},{\"@type\":\"Organization\",\"@id\":\"https:\/\/skaitytaknyga.lt\/#organization\",\"name\":\"skaitytaknyga.lt\",\"url\":\"https:\/\/skaitytaknyga.lt\/\",\"logo\":{\"@type\":\"ImageObject\",\"inLanguage\":\"en-GB\",\"@id\":\"https:\/\/skaitytaknyga.lt\/#\/schema\/logo\/image\/\",\"url\":\"https:\/\/skaitytaknyga.lt\/wp-content\/uploads\/2024\/05\/cropped-cropped-cropped-02_00843_jt3bggkj1j3HLc7SyY6rEUpg.jpeg\",\"contentUrl\":\"https:\/\/skaitytaknyga.lt\/wp-content\/uploads\/2024\/05\/cropped-cropped-cropped-02_00843_jt3bggkj1j3HLc7SyY6rEUpg.jpeg\",\"width\":1600,\"height\":1600,\"caption\":\"skaitytaknyga.lt\"},\"image\":{\"@id\":\"https:\/\/skaitytaknyga.lt\/#\/schema\/logo\/image\/\"},\"sameAs\":[\"https:\/\/www.facebook.com\/skaitytaknyga\/\"]}]}<\/script>\n<!-- \/ Yoast SEO plugin. -->","yoast_head_json":{"title":"Originalas","description":"Ra\u0161ytojas ir meno filosofijos d\u0117stytojas\u00a0Tomas Kavaliauskas\u00a0intriguojan\u010diame romane\u00a0\u201eOriginalas\"\u00a0mus nukelia \u012f XX a. prad\u017eios Pary\u017ei\u0173, \u012f meno Aukso am\u017ei\u0173. Ie\u0161kant dingusi\u0173 kolia\u017e\u0173 meistro Dogu Bankovo paveiksl\u0173, skaitytojo laukia intriguojanti detektyvin\u0117 kelion\u0117, prasidedanti Kauno Velni\u0173 muziejaus \u201eKip\u0161o\" kavin\u0117je. Ekscentri\u0161ka romano veik\u0117j\u0173 trijul\u0117 si\u016blo gal\u0105 randa Bulgarijos sostin\u0117je \u2013 \u010dia ir i\u0161ai\u0161k\u0117ja did\u017eioji menininko paslaptis.  Besiliejantis vynas ir kip\u0161o kerai, nuotykiai ir humoras lydi skaitytoj\u0105 nuo prad\u017eios iki pat netik\u0117tos pabaigos.","robots":{"index":"index","follow":"follow","max-snippet":"max-snippet:-1","max-image-preview":"max-image-preview:large","max-video-preview":"max-video-preview:-1"},"canonical":"https:\/\/skaitytaknyga.lt\/en\/produktas\/tomas-kavaliauskas-originalas\/","og_locale":"en_GB","og_type":"article","og_title":"[:lt]Originalas[:] - Skaitytaknyga","og_description":"Ra\u0161ytojas ir meno filosofijos d\u0117stytojas\u00a0Tomas Kavaliauskas\u00a0intriguojan\u010diame romane\u00a0\u201eOriginalas\"\u00a0mus nukelia \u012f XX a. prad\u017eios Pary\u017ei\u0173, \u012f meno Aukso am\u017ei\u0173. Ie\u0161kant dingusi\u0173 kolia\u017e\u0173 meistro Dogu Bankovo paveiksl\u0173, skaitytojo laukia intriguojanti detektyvin\u0117 kelion\u0117, prasidedanti Kauno Velni\u0173 muziejaus \u201eKip\u0161o\" kavin\u0117je. Ekscentri\u0161ka romano veik\u0117j\u0173 trijul\u0117 si\u016blo gal\u0105 randa Bulgarijos sostin\u0117je \u2013 \u010dia ir i\u0161ai\u0161k\u0117ja did\u017eioji menininko paslaptis.  Besiliejantis vynas ir kip\u0161o kerai, nuotykiai ir humoras lydi skaitytoj\u0105 nuo prad\u017eios iki pat netik\u0117tos pabaigos.","og_url":"https:\/\/skaitytaknyga.lt\/en\/produktas\/tomas-kavaliauskas-originalas\/","og_site_name":"Skaitytaknyga","article_publisher":"https:\/\/www.facebook.com\/skaitytaknyga\/","article_modified_time":"2025-06-23T08:50:14+00:00","og_image":[{"width":262,"height":430,"url":"https:\/\/skaitytaknyga.lt\/wp-content\/uploads\/2024\/05\/1485763582_cdb_Originalas_p1.png","type":"image\/png"}],"twitter_card":"summary_large_image","twitter_misc":{"Estimated reading time":"1 minute"},"schema":{"@context":"https:\/\/schema.org","@graph":[{"@type":"WebPage","@id":"https:\/\/skaitytaknyga.lt\/produktas\/tomas-kavaliauskas-originalas\/","url":"https:\/\/skaitytaknyga.lt\/produktas\/tomas-kavaliauskas-originalas\/","name":"Originalas","isPartOf":{"@id":"https:\/\/skaitytaknyga.lt\/#website"},"primaryImageOfPage":{"@id":"https:\/\/skaitytaknyga.lt\/produktas\/tomas-kavaliauskas-originalas\/#primaryimage"},"image":{"@id":"https:\/\/skaitytaknyga.lt\/produktas\/tomas-kavaliauskas-originalas\/#primaryimage"},"thumbnailUrl":"https:\/\/skaitytaknyga.lt\/wp-content\/uploads\/2024\/05\/1485763582_cdb_Originalas_p1.png","datePublished":"2024-05-02T12:52:19+00:00","dateModified":"2025-06-23T08:50:14+00:00","description":"Ra\u0161ytojas ir meno filosofijos d\u0117stytojas\u00a0Tomas Kavaliauskas\u00a0intriguojan\u010diame romane\u00a0\u201eOriginalas\"\u00a0mus nukelia \u012f XX a. prad\u017eios Pary\u017ei\u0173, \u012f meno Aukso am\u017ei\u0173. Ie\u0161kant dingusi\u0173 kolia\u017e\u0173 meistro Dogu Bankovo paveiksl\u0173, skaitytojo laukia intriguojanti detektyvin\u0117 kelion\u0117, prasidedanti Kauno Velni\u0173 muziejaus \u201eKip\u0161o\" kavin\u0117je. Ekscentri\u0161ka romano veik\u0117j\u0173 trijul\u0117 si\u016blo gal\u0105 randa Bulgarijos sostin\u0117je \u2013 \u010dia ir i\u0161ai\u0161k\u0117ja did\u017eioji menininko paslaptis. Besiliejantis vynas ir kip\u0161o kerai, nuotykiai ir humoras lydi skaitytoj\u0105 nuo prad\u017eios iki pat netik\u0117tos pabaigos.","breadcrumb":{"@id":"https:\/\/skaitytaknyga.lt\/produktas\/tomas-kavaliauskas-originalas\/#breadcrumb"},"inLanguage":"en-GB","potentialAction":[{"@type":"ReadAction","target":["https:\/\/skaitytaknyga.lt\/produktas\/tomas-kavaliauskas-originalas\/"]}]},{"@type":"ImageObject","inLanguage":"en-GB","@id":"https:\/\/skaitytaknyga.lt\/produktas\/tomas-kavaliauskas-originalas\/#primaryimage","url":"https:\/\/skaitytaknyga.lt\/wp-content\/uploads\/2024\/05\/1485763582_cdb_Originalas_p1.png","contentUrl":"https:\/\/skaitytaknyga.lt\/wp-content\/uploads\/2024\/05\/1485763582_cdb_Originalas_p1.png","width":262,"height":430},{"@type":"BreadcrumbList","@id":"https:\/\/skaitytaknyga.lt\/produktas\/tomas-kavaliauskas-originalas\/#breadcrumb","itemListElement":[{"@type":"ListItem","position":1,"name":"Home","item":"https:\/\/skaitytaknyga.lt\/"},{"@type":"ListItem","position":2,"name":"Parduotuv\u0117","item":"https:\/\/skaitytaknyga.lt\/knygu-parduotuve\/"},{"@type":"ListItem","position":3,"name":"Originalas"}]},{"@type":"WebSite","@id":"https:\/\/skaitytaknyga.lt\/#website","url":"https:\/\/skaitytaknyga.lt\/","name":"skaitytaknyga.lt","description":"Skaitytaknyga.lt \u2013 tai ma\u017eas \u0161eimos verslas, kuris prasid\u0117jo nuo meil\u0117s knygoms ir siekio i\u0161gelb\u0117ti knygas nuo likimo prie konteinerio. Kas vienam nereikalingas daiktas \u2013 kitam lobis, o mes esame tarpininkai, kurie padeda abiems tapti laimingesniems ???? \u017dinome kaip nelengva i\u0161gyventi ma\u017eiems verslams, tad nuo \u0161iol, \u010dia rasite ir kit\u0173, ma\u017e\u0173 \u0161eim\u0173 versl\u0173, rank\u0173 darbo, dovan\u0173 sau ir artimiesiems.","publisher":{"@id":"https:\/\/skaitytaknyga.lt\/#organization"},"potentialAction":[{"@type":"SearchAction","target":{"@type":"EntryPoint","urlTemplate":"https:\/\/skaitytaknyga.lt\/?s={search_term_string}"},"query-input":{"@type":"PropertyValueSpecification","valueRequired":true,"valueName":"search_term_string"}}],"inLanguage":"en-GB"},{"@type":"Organization","@id":"https:\/\/skaitytaknyga.lt\/#organization","name":"skaitytaknyga.lt","url":"https:\/\/skaitytaknyga.lt\/","logo":{"@type":"ImageObject","inLanguage":"en-GB","@id":"https:\/\/skaitytaknyga.lt\/#\/schema\/logo\/image\/","url":"https:\/\/skaitytaknyga.lt\/wp-content\/uploads\/2024\/05\/cropped-cropped-cropped-02_00843_jt3bggkj1j3HLc7SyY6rEUpg.jpeg","contentUrl":"https:\/\/skaitytaknyga.lt\/wp-content\/uploads\/2024\/05\/cropped-cropped-cropped-02_00843_jt3bggkj1j3HLc7SyY6rEUpg.jpeg","width":1600,"height":1600,"caption":"skaitytaknyga.lt"},"image":{"@id":"https:\/\/skaitytaknyga.lt\/#\/schema\/logo\/image\/"},"sameAs":["https:\/\/www.facebook.com\/skaitytaknyga\/"]}]}},"_links":{"self":[{"href":"https:\/\/skaitytaknyga.lt\/en\/wp-json\/wp\/v2\/product\/5646","targetHints":{"allow":["GET"]}}],"collection":[{"href":"https:\/\/skaitytaknyga.lt\/en\/wp-json\/wp\/v2\/product"}],"about":[{"href":"https:\/\/skaitytaknyga.lt\/en\/wp-json\/wp\/v2\/types\/product"}],"replies":[{"embeddable":true,"href":"https:\/\/skaitytaknyga.lt\/en\/wp-json\/wp\/v2\/comments?post=5646"}],"wp:featuredmedia":[{"embeddable":true,"href":"https:\/\/skaitytaknyga.lt\/en\/wp-json\/wp\/v2\/media\/5658"}],"wp:attachment":[{"href":"https:\/\/skaitytaknyga.lt\/en\/wp-json\/wp\/v2\/media?parent=5646"}],"wp:term":[{"taxonomy":"product_brand","embeddable":true,"href":"https:\/\/skaitytaknyga.lt\/en\/wp-json\/wp\/v2\/product_brand?post=5646"},{"taxonomy":"product_cat","embeddable":true,"href":"https:\/\/skaitytaknyga.lt\/en\/wp-json\/wp\/v2\/product_cat?post=5646"},{"taxonomy":"product_tag","embeddable":true,"href":"https:\/\/skaitytaknyga.lt\/en\/wp-json\/wp\/v2\/product_tag?post=5646"}],"curies":[{"name":"wp","href":"https:\/\/api.w.org\/{rel}","templated":true}]}}