{"id":5614,"date":"2024-07-18T15:51:33","date_gmt":"2024-07-18T12:51:33","guid":{"rendered":"https:\/\/skaitytaknyga.lt\/?post_type=product&#038;p=5614"},"modified":"2025-06-12T13:12:07","modified_gmt":"2025-06-12T10:12:07","slug":"vyrai-kile-is-marso-moterys-is-veneros","status":"publish","type":"product","link":"https:\/\/skaitytaknyga.lt\/en\/produktas\/vyrai-kile-is-marso-moterys-is-veneros\/","title":{"rendered":"Vyrai kil\u0119 i\u0161 Marso, moterys \u2013 i\u0161 Veneros"},"content":{"rendered":"<p>Filosofijos moksl\u0173 daktaras, didel\u0119 patirt\u012f turintis psichologas Johnas Gray\u2019us \u2013 skaitomiausias vis\u0173 laik\u0173 knyg\u0173 apie vyr\u0173 ir moter\u0173 santykius autorius. Jis ir vieniems, ir kitiems padeda suprasti, gerbti ir vertinti esamus j\u0173 skirtumus visose gyvenimo situacijose.<\/p>\n<p>Perskait\u0119 \u0161\u012f praktin\u012f patarim\u0173 rinkin\u012f mok\u0117site:<\/p>\n<ul>\n<li>ugdyti bei puosel\u0117ti darnius tarpusavio santykius ir vertybes;<\/li>\n<li>tinkamai formuluoti l\u016bkes\u010dius;<\/li>\n<li>i\u0161vengti nesusipratim\u0173 ir \u012ftampos;<\/li>\n<li>suprasti vyr\u0173 ir moter\u0173 kalb\u0105;<\/li>\n<li>skirtumus i\u0161naudoti, u\u017euot juos neig\u0119;<\/li>\n<li>suderinti vyri\u0161kas ir moteri\u0161kas savybes bei b\u016bdo bruo\u017eus.<\/li>\n<\/ul>\n","protected":false},"excerpt":{"rendered":"<p>Filosofijos moksl\u0173 daktaras, didel\u0119 patirt\u012f turintis psichologas Johnas Gray\u2019us \u2013 skaitomiausias vis\u0173 laik\u0173 knyg\u0173 apie vyr\u0173 ir moter\u0173 santykius autorius. Jis ir vieniems, ir kitiems padeda suprasti, gerbti ir vertinti esamus j\u0173 skirtumus visose gyvenimo situacijose. Perskait\u0119 \u0161\u012f praktin\u012f patarim\u0173 rinkin\u012f mok\u0117site: ugdyti bei puosel\u0117ti darnius tarpusavio santykius ir vertybes; tinkamai formuluoti l\u016bkes\u010dius; i\u0161vengti nesusipratim\u0173 ir \u012ftampos; suprasti vyr\u0173 ir moter\u0173 kalb\u0105; skirtumus i\u0161naudoti, u\u017euot juos neig\u0119; suderinti vyri\u0161kas ir moteri\u0161kas savybes bei b\u016bdo bruo\u017eus.<\/p>\n","protected":false},"featured_media":5626,"comment_status":"closed","ping_status":"closed","template":"","meta":{"_acf_changed":false,"site-sidebar-layout":"default","site-content-layout":"","ast-site-content-layout":"default","site-content-style":"default","site-sidebar-style":"default","ast-global-header-display":"","ast-banner-title-visibility":"","ast-main-header-display":"","ast-hfb-above-header-display":"","ast-hfb-below-header-display":"","ast-hfb-mobile-header-display":"","site-post-title":"","ast-breadcrumbs-content":"","ast-featured-img":"","footer-sml-layout":"","ast-disable-related-posts":"","theme-transparent-header-meta":"default","adv-header-id-meta":"","stick-header-meta":"","header-above-stick-meta":"","header-main-stick-meta":"","header-below-stick-meta":"","astra-migrate-meta-layouts":"set","ast-page-background-enabled":"default","ast-page-background-meta":{"desktop":{"background-color":"","background-image":"","background-repeat":"repeat","background-position":"center center","background-size":"auto","background-attachment":"scroll","background-type":"","background-media":"","overlay-type":"","overlay-color":"","overlay-opacity":"","overlay-gradient":""},"tablet":{"background-color":"","background-image":"","background-repeat":"repeat","background-position":"center center","background-size":"auto","background-attachment":"scroll","background-type":"","background-media":"","overlay-type":"","overlay-color":"","overlay-opacity":"","overlay-gradient":""},"mobile":{"background-color":"","background-image":"","background-repeat":"repeat","background-position":"center center","background-size":"auto","background-attachment":"scroll","background-type":"","background-media":"","overlay-type":"","overlay-color":"","overlay-opacity":"","overlay-gradient":""}},"ast-content-background-meta":{"desktop":{"background-color":"var(--ast-global-color-4)","background-image":"","background-repeat":"repeat","background-position":"center center","background-size":"auto","background-attachment":"scroll","background-type":"","background-media":"","overlay-type":"","overlay-color":"","overlay-opacity":"","overlay-gradient":""},"tablet":{"background-color":"var(--ast-global-color-4)","background-image":"","background-repeat":"repeat","background-position":"center center","background-size":"auto","background-attachment":"scroll","background-type":"","background-media":"","overlay-type":"","overlay-color":"","overlay-opacity":"","overlay-gradient":""},"mobile":{"background-color":"var(--ast-global-color-4)","background-image":"","background-repeat":"repeat","background-position":"center center","background-size":"auto","background-attachment":"scroll","background-type":"","background-media":"","overlay-type":"","overlay-color":"","overlay-opacity":"","overlay-gradient":""}}},"product_brand":[],"product_cat":[30],"product_tag":[],"class_list":{"0":"post-5614","1":"product","2":"type-product","3":"status-publish","4":"has-post-thumbnail","6":"product_cat-psichologija-ir-saviugda","7":"desktop-align-left","8":"tablet-align-left","9":"mobile-align-left","11":"first","12":"outofstock","13":"shipping-taxable","14":"purchasable","15":"product-type-simple"},"acf":[],"yoast_head":"<!-- This site is optimized with the Yoast SEO plugin v27.0 - https:\/\/yoast.com\/product\/yoast-seo-wordpress\/ -->\n<title>Vyrai kil\u0119 i\u0161 Marso, moterys \u2013 i\u0161 Veneros<\/title>\n<meta name=\"description\" content=\"Filosofijos moksl\u0173 daktaras, didel\u0119 patirt\u012f turintis psichologas Johnas Gray\u2019us \u2013 skaitomiausias vis\u0173 laik\u0173 knyg\u0173 apie vyr\u0173 ir moter\u0173 santykius autorius.\" \/>\n<meta name=\"robots\" content=\"index, follow, max-snippet:-1, max-image-preview:large, max-video-preview:-1\" \/>\n<link rel=\"canonical\" href=\"https:\/\/skaitytaknyga.lt\/en\/produktas\/vyrai-kile-is-marso-moterys-is-veneros\/\" \/>\n<meta property=\"og:locale\" content=\"en_GB\" \/>\n<meta property=\"og:locale:alternate\" content=\"lt_LT\" \/>\n<meta property=\"og:type\" content=\"article\" \/>\n<meta property=\"og:title\" content=\"Vyrai kil\u0119 i\u0161 Marso, moterys \u2013 i\u0161 Veneros\" \/>\n<meta property=\"og:description\" content=\"Filosofijos moksl\u0173 daktaras, didel\u0119 patirt\u012f turintis psichologas Johnas Gray\u2019us \u2013 skaitomiausias vis\u0173 laik\u0173 knyg\u0173 apie vyr\u0173 ir moter\u0173 santykius autorius.\" \/>\n<meta property=\"og:url\" content=\"https:\/\/skaitytaknyga.lt\/en\/produktas\/vyrai-kile-is-marso-moterys-is-veneros\/\" \/>\n<meta property=\"og:site_name\" content=\"Skaitytaknyga\" \/>\n<meta property=\"article:publisher\" content=\"https:\/\/www.facebook.com\/skaitytaknyga\/\" \/>\n<meta property=\"article:modified_time\" content=\"2025-06-12T10:12:07+00:00\" \/>\n<meta property=\"og:image\" content=\"https:\/\/skaitytaknyga.lt\/wp-content\/uploads\/2024\/05\/5d51632e5c69b700bff71ea3-1.jpg\" \/>\n\t<meta property=\"og:image:width\" content=\"289\" \/>\n\t<meta property=\"og:image:height\" content=\"430\" \/>\n\t<meta property=\"og:image:type\" content=\"image\/jpeg\" \/>\n<meta name=\"twitter:card\" content=\"summary_large_image\" \/>\n<meta name=\"twitter:label1\" content=\"Estimated reading time\" \/>\n\t<meta name=\"twitter:data1\" content=\"1 minute\" \/>\n<script type=\"application\/ld+json\" class=\"yoast-schema-graph\">{\"@context\":\"https:\/\/schema.org\",\"@graph\":[{\"@type\":\"WebPage\",\"@id\":\"https:\/\/skaitytaknyga.lt\/produktas\/vyrai-kile-is-marso-moterys-is-veneros\/\",\"url\":\"https:\/\/skaitytaknyga.lt\/produktas\/vyrai-kile-is-marso-moterys-is-veneros\/\",\"name\":\"Vyrai kil\u0119 i\u0161 Marso, moterys \u2013 i\u0161 Veneros\",\"isPartOf\":{\"@id\":\"https:\/\/skaitytaknyga.lt\/#website\"},\"primaryImageOfPage\":{\"@id\":\"https:\/\/skaitytaknyga.lt\/produktas\/vyrai-kile-is-marso-moterys-is-veneros\/#primaryimage\"},\"image\":{\"@id\":\"https:\/\/skaitytaknyga.lt\/produktas\/vyrai-kile-is-marso-moterys-is-veneros\/#primaryimage\"},\"thumbnailUrl\":\"https:\/\/skaitytaknyga.lt\/wp-content\/uploads\/2024\/05\/5d51632e5c69b700bff71ea3-1.jpg\",\"datePublished\":\"2024-07-18T12:51:33+00:00\",\"dateModified\":\"2025-06-12T10:12:07+00:00\",\"description\":\"Filosofijos moksl\u0173 daktaras, didel\u0119 patirt\u012f turintis psichologas Johnas Gray\u2019us \u2013 skaitomiausias vis\u0173 laik\u0173 knyg\u0173 apie vyr\u0173 ir moter\u0173 santykius autorius.\",\"breadcrumb\":{\"@id\":\"https:\/\/skaitytaknyga.lt\/produktas\/vyrai-kile-is-marso-moterys-is-veneros\/#breadcrumb\"},\"inLanguage\":\"en-GB\",\"potentialAction\":[{\"@type\":\"ReadAction\",\"target\":[\"https:\/\/skaitytaknyga.lt\/produktas\/vyrai-kile-is-marso-moterys-is-veneros\/\"]}]},{\"@type\":\"ImageObject\",\"inLanguage\":\"en-GB\",\"@id\":\"https:\/\/skaitytaknyga.lt\/produktas\/vyrai-kile-is-marso-moterys-is-veneros\/#primaryimage\",\"url\":\"https:\/\/skaitytaknyga.lt\/wp-content\/uploads\/2024\/05\/5d51632e5c69b700bff71ea3-1.jpg\",\"contentUrl\":\"https:\/\/skaitytaknyga.lt\/wp-content\/uploads\/2024\/05\/5d51632e5c69b700bff71ea3-1.jpg\",\"width\":289,\"height\":430,\"caption\":\"Vyrai kil\u0119 i\u0161 Marso, moterys \u2013 i\u0161 Veneros\"},{\"@type\":\"BreadcrumbList\",\"@id\":\"https:\/\/skaitytaknyga.lt\/produktas\/vyrai-kile-is-marso-moterys-is-veneros\/#breadcrumb\",\"itemListElement\":[{\"@type\":\"ListItem\",\"position\":1,\"name\":\"Home\",\"item\":\"https:\/\/skaitytaknyga.lt\/\"},{\"@type\":\"ListItem\",\"position\":2,\"name\":\"Parduotuv\u0117\",\"item\":\"https:\/\/skaitytaknyga.lt\/knygu-parduotuve\/\"},{\"@type\":\"ListItem\",\"position\":3,\"name\":\"Vyrai kil\u0119 i\u0161 Marso, moterys \u2013 i\u0161 Veneros\"}]},{\"@type\":\"WebSite\",\"@id\":\"https:\/\/skaitytaknyga.lt\/#website\",\"url\":\"https:\/\/skaitytaknyga.lt\/\",\"name\":\"skaitytaknyga.lt\",\"description\":\"Skaitytaknyga.lt \u2013 tai ma\u017eas \u0161eimos verslas, kuris prasid\u0117jo nuo meil\u0117s knygoms ir siekio i\u0161gelb\u0117ti knygas nuo likimo prie konteinerio. Kas vienam nereikalingas daiktas \u2013 kitam lobis, o mes esame tarpininkai, kurie padeda abiems tapti laimingesniems ???? \u017dinome kaip nelengva i\u0161gyventi ma\u017eiems verslams, tad nuo \u0161iol, \u010dia rasite ir kit\u0173, ma\u017e\u0173 \u0161eim\u0173 versl\u0173, rank\u0173 darbo, dovan\u0173 sau ir artimiesiems.\",\"publisher\":{\"@id\":\"https:\/\/skaitytaknyga.lt\/#organization\"},\"potentialAction\":[{\"@type\":\"SearchAction\",\"target\":{\"@type\":\"EntryPoint\",\"urlTemplate\":\"https:\/\/skaitytaknyga.lt\/?s={search_term_string}\"},\"query-input\":{\"@type\":\"PropertyValueSpecification\",\"valueRequired\":true,\"valueName\":\"search_term_string\"}}],\"inLanguage\":\"en-GB\"},{\"@type\":\"Organization\",\"@id\":\"https:\/\/skaitytaknyga.lt\/#organization\",\"name\":\"skaitytaknyga.lt\",\"url\":\"https:\/\/skaitytaknyga.lt\/\",\"logo\":{\"@type\":\"ImageObject\",\"inLanguage\":\"en-GB\",\"@id\":\"https:\/\/skaitytaknyga.lt\/#\/schema\/logo\/image\/\",\"url\":\"https:\/\/skaitytaknyga.lt\/wp-content\/uploads\/2024\/05\/cropped-cropped-cropped-02_00843_jt3bggkj1j3HLc7SyY6rEUpg.jpeg\",\"contentUrl\":\"https:\/\/skaitytaknyga.lt\/wp-content\/uploads\/2024\/05\/cropped-cropped-cropped-02_00843_jt3bggkj1j3HLc7SyY6rEUpg.jpeg\",\"width\":1600,\"height\":1600,\"caption\":\"skaitytaknyga.lt\"},\"image\":{\"@id\":\"https:\/\/skaitytaknyga.lt\/#\/schema\/logo\/image\/\"},\"sameAs\":[\"https:\/\/www.facebook.com\/skaitytaknyga\/\"]}]}<\/script>\n<!-- \/ Yoast SEO plugin. -->","yoast_head_json":{"title":"Vyrai kil\u0119 i\u0161 Marso, moterys \u2013 i\u0161 Veneros","description":"Filosofijos moksl\u0173 daktaras, didel\u0119 patirt\u012f turintis psichologas Johnas Gray\u2019us \u2013 skaitomiausias vis\u0173 laik\u0173 knyg\u0173 apie vyr\u0173 ir moter\u0173 santykius autorius.","robots":{"index":"index","follow":"follow","max-snippet":"max-snippet:-1","max-image-preview":"max-image-preview:large","max-video-preview":"max-video-preview:-1"},"canonical":"https:\/\/skaitytaknyga.lt\/en\/produktas\/vyrai-kile-is-marso-moterys-is-veneros\/","og_locale":"en_GB","og_type":"article","og_title":"[:lt]Vyrai kil\u0119 i\u0161 Marso, moterys \u2013 i\u0161 Veneros[:] - Skaitytaknyga","og_description":"Filosofijos moksl\u0173 daktaras, didel\u0119 patirt\u012f turintis psichologas Johnas Gray\u2019us \u2013 skaitomiausias vis\u0173 laik\u0173 knyg\u0173 apie vyr\u0173 ir moter\u0173 santykius autorius.","og_url":"https:\/\/skaitytaknyga.lt\/en\/produktas\/vyrai-kile-is-marso-moterys-is-veneros\/","og_site_name":"Skaitytaknyga","article_publisher":"https:\/\/www.facebook.com\/skaitytaknyga\/","article_modified_time":"2025-06-12T10:12:07+00:00","og_image":[{"width":289,"height":430,"url":"https:\/\/skaitytaknyga.lt\/wp-content\/uploads\/2024\/05\/5d51632e5c69b700bff71ea3-1.jpg","type":"image\/jpeg"}],"twitter_card":"summary_large_image","twitter_misc":{"Estimated reading time":"1 minute"},"schema":{"@context":"https:\/\/schema.org","@graph":[{"@type":"WebPage","@id":"https:\/\/skaitytaknyga.lt\/produktas\/vyrai-kile-is-marso-moterys-is-veneros\/","url":"https:\/\/skaitytaknyga.lt\/produktas\/vyrai-kile-is-marso-moterys-is-veneros\/","name":"Vyrai kil\u0119 i\u0161 Marso, moterys \u2013 i\u0161 Veneros","isPartOf":{"@id":"https:\/\/skaitytaknyga.lt\/#website"},"primaryImageOfPage":{"@id":"https:\/\/skaitytaknyga.lt\/produktas\/vyrai-kile-is-marso-moterys-is-veneros\/#primaryimage"},"image":{"@id":"https:\/\/skaitytaknyga.lt\/produktas\/vyrai-kile-is-marso-moterys-is-veneros\/#primaryimage"},"thumbnailUrl":"https:\/\/skaitytaknyga.lt\/wp-content\/uploads\/2024\/05\/5d51632e5c69b700bff71ea3-1.jpg","datePublished":"2024-07-18T12:51:33+00:00","dateModified":"2025-06-12T10:12:07+00:00","description":"Filosofijos moksl\u0173 daktaras, didel\u0119 patirt\u012f turintis psichologas Johnas Gray\u2019us \u2013 skaitomiausias vis\u0173 laik\u0173 knyg\u0173 apie vyr\u0173 ir moter\u0173 santykius autorius.","breadcrumb":{"@id":"https:\/\/skaitytaknyga.lt\/produktas\/vyrai-kile-is-marso-moterys-is-veneros\/#breadcrumb"},"inLanguage":"en-GB","potentialAction":[{"@type":"ReadAction","target":["https:\/\/skaitytaknyga.lt\/produktas\/vyrai-kile-is-marso-moterys-is-veneros\/"]}]},{"@type":"ImageObject","inLanguage":"en-GB","@id":"https:\/\/skaitytaknyga.lt\/produktas\/vyrai-kile-is-marso-moterys-is-veneros\/#primaryimage","url":"https:\/\/skaitytaknyga.lt\/wp-content\/uploads\/2024\/05\/5d51632e5c69b700bff71ea3-1.jpg","contentUrl":"https:\/\/skaitytaknyga.lt\/wp-content\/uploads\/2024\/05\/5d51632e5c69b700bff71ea3-1.jpg","width":289,"height":430,"caption":"Vyrai kil\u0119 i\u0161 Marso, moterys \u2013 i\u0161 Veneros"},{"@type":"BreadcrumbList","@id":"https:\/\/skaitytaknyga.lt\/produktas\/vyrai-kile-is-marso-moterys-is-veneros\/#breadcrumb","itemListElement":[{"@type":"ListItem","position":1,"name":"Home","item":"https:\/\/skaitytaknyga.lt\/"},{"@type":"ListItem","position":2,"name":"Parduotuv\u0117","item":"https:\/\/skaitytaknyga.lt\/knygu-parduotuve\/"},{"@type":"ListItem","position":3,"name":"Vyrai kil\u0119 i\u0161 Marso, moterys \u2013 i\u0161 Veneros"}]},{"@type":"WebSite","@id":"https:\/\/skaitytaknyga.lt\/#website","url":"https:\/\/skaitytaknyga.lt\/","name":"skaitytaknyga.lt","description":"Skaitytaknyga.lt \u2013 tai ma\u017eas \u0161eimos verslas, kuris prasid\u0117jo nuo meil\u0117s knygoms ir siekio i\u0161gelb\u0117ti knygas nuo likimo prie konteinerio. Kas vienam nereikalingas daiktas \u2013 kitam lobis, o mes esame tarpininkai, kurie padeda abiems tapti laimingesniems ???? \u017dinome kaip nelengva i\u0161gyventi ma\u017eiems verslams, tad nuo \u0161iol, \u010dia rasite ir kit\u0173, ma\u017e\u0173 \u0161eim\u0173 versl\u0173, rank\u0173 darbo, dovan\u0173 sau ir artimiesiems.","publisher":{"@id":"https:\/\/skaitytaknyga.lt\/#organization"},"potentialAction":[{"@type":"SearchAction","target":{"@type":"EntryPoint","urlTemplate":"https:\/\/skaitytaknyga.lt\/?s={search_term_string}"},"query-input":{"@type":"PropertyValueSpecification","valueRequired":true,"valueName":"search_term_string"}}],"inLanguage":"en-GB"},{"@type":"Organization","@id":"https:\/\/skaitytaknyga.lt\/#organization","name":"skaitytaknyga.lt","url":"https:\/\/skaitytaknyga.lt\/","logo":{"@type":"ImageObject","inLanguage":"en-GB","@id":"https:\/\/skaitytaknyga.lt\/#\/schema\/logo\/image\/","url":"https:\/\/skaitytaknyga.lt\/wp-content\/uploads\/2024\/05\/cropped-cropped-cropped-02_00843_jt3bggkj1j3HLc7SyY6rEUpg.jpeg","contentUrl":"https:\/\/skaitytaknyga.lt\/wp-content\/uploads\/2024\/05\/cropped-cropped-cropped-02_00843_jt3bggkj1j3HLc7SyY6rEUpg.jpeg","width":1600,"height":1600,"caption":"skaitytaknyga.lt"},"image":{"@id":"https:\/\/skaitytaknyga.lt\/#\/schema\/logo\/image\/"},"sameAs":["https:\/\/www.facebook.com\/skaitytaknyga\/"]}]}},"_links":{"self":[{"href":"https:\/\/skaitytaknyga.lt\/en\/wp-json\/wp\/v2\/product\/5614","targetHints":{"allow":["GET"]}}],"collection":[{"href":"https:\/\/skaitytaknyga.lt\/en\/wp-json\/wp\/v2\/product"}],"about":[{"href":"https:\/\/skaitytaknyga.lt\/en\/wp-json\/wp\/v2\/types\/product"}],"replies":[{"embeddable":true,"href":"https:\/\/skaitytaknyga.lt\/en\/wp-json\/wp\/v2\/comments?post=5614"}],"wp:featuredmedia":[{"embeddable":true,"href":"https:\/\/skaitytaknyga.lt\/en\/wp-json\/wp\/v2\/media\/5626"}],"wp:attachment":[{"href":"https:\/\/skaitytaknyga.lt\/en\/wp-json\/wp\/v2\/media?parent=5614"}],"wp:term":[{"taxonomy":"product_brand","embeddable":true,"href":"https:\/\/skaitytaknyga.lt\/en\/wp-json\/wp\/v2\/product_brand?post=5614"},{"taxonomy":"product_cat","embeddable":true,"href":"https:\/\/skaitytaknyga.lt\/en\/wp-json\/wp\/v2\/product_cat?post=5614"},{"taxonomy":"product_tag","embeddable":true,"href":"https:\/\/skaitytaknyga.lt\/en\/wp-json\/wp\/v2\/product_tag?post=5614"}],"curies":[{"name":"wp","href":"https:\/\/api.w.org\/{rel}","templated":true}]}}