{"id":5604,"date":"2024-05-02T12:51:09","date_gmt":"2024-05-02T12:51:09","guid":{"rendered":"https:\/\/skaitytaknyga.lt\/?post_type=product&#038;p=5604"},"modified":"2024-05-03T07:29:13","modified_gmt":"2024-05-03T07:29:13","slug":"slaptas-sulieknejusios-merginos-dienorastis","status":"publish","type":"product","link":"https:\/\/skaitytaknyga.lt\/en\/produktas\/slaptas-sulieknejusios-merginos-dienorastis\/","title":{"rendered":"Slaptas suliekn\u0117jusios merginos dienora\u0161tis"},"content":{"rendered":"<p>\u201eSlaptas suliekn\u0117jusios merginos dienora\u0161tis\u201c ne\u012fprastu, \u0161iuolaiki\u0161ku ir originaliu stiliumi para\u0161ytas sveiko gyvenimo b\u016bdo vadovas kuris skirtas tam, kad liekn\u0117jimas ar nauj\u0173 \u012fpro\u010di\u0173 \u012fsisavinimas skaitytojui tapt\u0173 dar paprastesnis ir nat\u016bralesnis.<\/p>\n<p>Jame atvirai apra\u0161yta Smilt\u0117s istorija skaitytojoms pad\u0117s nenuobod\u017eiauti ir \u012fsijausti \u012f kasdienyb\u0119, kuri kiekvienai poky\u010di\u0173 siekian\u010diai moteriai yra vis kitokia, ta\u010diau tuo pa\u010diu pilna pana\u0161i\u0173 emocij\u0173 ir asmenini\u0173 i\u0161gyvenim\u0173. Siekiant u\u017esibr\u0117\u017eto tikslo svarbi yra ne tik dr\u0105sa ar tvirtas pasiry\u017eimas keistis, bet tai pat \u017einios, kompetetingi patarimai bei \u017einoma palaikymas.<\/p>\n<p>Jei jums kartais pritr\u016bksta to paskutinio la\u0161elio vidin\u0117s motyvacijos ir entuziazmo, \u201eSlaptas suliekn\u0117jusios merginos dienora\u0161tis\u201c yra skirtas u\u017ekr\u0117sti Jus nuo\u0161ird\u017eiu pol\u0117kiu nebeatid\u0117lioti, ta\u010diau atvirk\u0161\u010diai &#8211; pad\u0117ti pagaliau sukurti savo i\u0161svajot\u0105 asmenin\u012f ideal\u0105 ir atrasti moteri\u0161ko \u017eavesio paslapt\u012f.<\/p>\n","protected":false},"excerpt":{"rendered":"<p>\u201eSlaptas suliekn\u0117jusios merginos dienora\u0161tis\u201c ne\u012fprastu, \u0161iuolaiki\u0161ku ir originaliu stiliumi para\u0161ytas sveiko gyvenimo b\u016bdo vadovas kuris skirtas tam, kad liekn\u0117jimas ar nauj\u0173 \u012fpro\u010di\u0173 \u012fsisavinimas skaitytojui tapt\u0173 dar paprastesnis ir nat\u016bralesnis.<\/p>\n<p>Jame atvirai apra\u0161yta Smilt\u0117s istorija skaitytojoms pad\u0117s nenuobod\u017eiauti ir \u012fsijausti \u012f kasdienyb\u0119, kuri kiekvienai poky\u010di\u0173 siekian\u010diai moteriai yra vis kitokia, ta\u010diau tuo pa\u010diu pilna pana\u0161i\u0173 emocij\u0173 ir asmenini\u0173 i\u0161gyvenim\u0173. Siekiant u\u017esibr\u0117\u017eto tikslo svarbi yra ne tik dr\u0105sa ar tvirtas pasiry\u017eimas keistis, bet tai pat \u017einios, kompetetingi patarimai bei \u017einoma palaikymas.<\/p>\n<p>Jei jums kartais pritr\u016bksta to paskutinio la\u0161elio vidin\u0117s motyvacijos ir entuziazmo, \u201eSlaptas suliekn\u0117jusios merginos dienora\u0161tis\u201c yra skirtas u\u017ekr\u0117sti Jus nuo\u0161ird\u017eiu pol\u0117kiu nebeatid\u0117lioti, ta\u010diau atvirk\u0161\u010diai &#8211; pad\u0117ti pagaliau sukurti savo i\u0161svajot\u0105 asmenin\u012f ideal\u0105 ir atrasti moteri\u0161ko \u017eavesio paslapt\u012f.<\/p>\n","protected":false},"featured_media":5625,"comment_status":"closed","ping_status":"closed","template":"","meta":{"_acf_changed":false,"site-sidebar-layout":"default","site-content-layout":"","ast-site-content-layout":"default","site-content-style":"default","site-sidebar-style":"default","ast-global-header-display":"","ast-banner-title-visibility":"","ast-main-header-display":"","ast-hfb-above-header-display":"","ast-hfb-below-header-display":"","ast-hfb-mobile-header-display":"","site-post-title":"","ast-breadcrumbs-content":"","ast-featured-img":"","footer-sml-layout":"","ast-disable-related-posts":"","theme-transparent-header-meta":"","adv-header-id-meta":"","stick-header-meta":"","header-above-stick-meta":"","header-main-stick-meta":"","header-below-stick-meta":"","astra-migrate-meta-layouts":"default","ast-page-background-enabled":"default","ast-page-background-meta":{"desktop":{"background-color":"","background-image":"","background-repeat":"repeat","background-position":"center center","background-size":"auto","background-attachment":"scroll","background-type":"","background-media":"","overlay-type":"","overlay-color":"","overlay-opacity":"","overlay-gradient":""},"tablet":{"background-color":"","background-image":"","background-repeat":"repeat","background-position":"center center","background-size":"auto","background-attachment":"scroll","background-type":"","background-media":"","overlay-type":"","overlay-color":"","overlay-opacity":"","overlay-gradient":""},"mobile":{"background-color":"","background-image":"","background-repeat":"repeat","background-position":"center center","background-size":"auto","background-attachment":"scroll","background-type":"","background-media":"","overlay-type":"","overlay-color":"","overlay-opacity":"","overlay-gradient":""}},"ast-content-background-meta":{"desktop":{"background-color":"var(--ast-global-color-4)","background-image":"","background-repeat":"repeat","background-position":"center center","background-size":"auto","background-attachment":"scroll","background-type":"","background-media":"","overlay-type":"","overlay-color":"","overlay-opacity":"","overlay-gradient":""},"tablet":{"background-color":"var(--ast-global-color-4)","background-image":"","background-repeat":"repeat","background-position":"center center","background-size":"auto","background-attachment":"scroll","background-type":"","background-media":"","overlay-type":"","overlay-color":"","overlay-opacity":"","overlay-gradient":""},"mobile":{"background-color":"var(--ast-global-color-4)","background-image":"","background-repeat":"repeat","background-position":"center center","background-size":"auto","background-attachment":"scroll","background-type":"","background-media":"","overlay-type":"","overlay-color":"","overlay-opacity":"","overlay-gradient":""}}},"product_brand":[],"product_cat":[55],"product_tag":[],"class_list":{"0":"post-5604","1":"product","2":"type-product","3":"status-publish","4":"has-post-thumbnail","6":"product_cat-sveikata-ir-sveika-mityba","7":"desktop-align-left","8":"tablet-align-left","9":"mobile-align-left","11":"first","12":"instock","13":"shipping-taxable","14":"purchasable","15":"product-type-simple"},"acf":[],"yoast_head":"<!-- This site is optimized with the Yoast SEO plugin v27.0 - https:\/\/yoast.com\/product\/yoast-seo-wordpress\/ -->\n<title>Slaptas suliekn\u0117jusios merginos dienora\u0161tis - Skaitytaknyga<\/title>\n<meta name=\"description\" content=\"\u201eSlaptas suliekn\u0117jusios merginos dienora\u0161tis\u201c ne\u012fprastu, \u0161iuolaiki\u0161ku ir originaliu stiliumi para\u0161ytas sveiko gyvenimo b\u016bdo vadovas kuris skirtas tam, kad liekn\u0117jimas ar nauj\u0173 \u012fpro\u010di\u0173 \u012fsisavinimas skaitytojui tapt\u0173 dar paprastesnis ir nat\u016bralesnis.  Jame atvirai apra\u0161yta Smilt\u0117s istorija skaitytojoms pad\u0117s nenuobod\u017eiauti ir \u012fsijausti \u012f kasdienyb\u0119, kuri kiekvienai poky\u010di\u0173 siekian\u010diai moteriai yra vis kitokia, ta\u010diau tuo pa\u010diu pilna pana\u0161i\u0173 emocij\u0173 ir asmenini\u0173 i\u0161gyvenim\u0173. Siekiant u\u017esibr\u0117\u017eto tikslo svarbi yra ne tik dr\u0105sa ar tvirtas pasiry\u017eimas keistis, bet tai pat \u017einios, kompetetingi patarimai bei \u017einoma palaikymas.  Jei jums kartais pritr\u016bksta to paskutinio la\u0161elio vidin\u0117s motyvacijos ir entuziazmo, \u201eSlaptas suliekn\u0117jusios merginos dienora\u0161tis\u201c yra skirtas u\u017ekr\u0117sti Jus nuo\u0161ird\u017eiu pol\u0117kiu nebeatid\u0117lioti, ta\u010diau atvirk\u0161\u010diai - pad\u0117ti pagaliau sukurti savo i\u0161svajot\u0105 asmenin\u012f ideal\u0105 ir atrasti moteri\u0161ko \u017eavesio paslapt\u012f.\" \/>\n<meta name=\"robots\" content=\"index, follow, max-snippet:-1, max-image-preview:large, max-video-preview:-1\" \/>\n<link rel=\"canonical\" href=\"https:\/\/skaitytaknyga.lt\/en\/produktas\/slaptas-sulieknejusios-merginos-dienorastis\/\" \/>\n<meta property=\"og:locale\" content=\"en_GB\" \/>\n<meta property=\"og:locale:alternate\" content=\"lt_LT\" \/>\n<meta property=\"og:type\" content=\"article\" \/>\n<meta property=\"og:title\" content=\"Slaptas suliekn\u0117jusios merginos dienora\u0161tis - Skaitytaknyga\" \/>\n<meta property=\"og:description\" content=\"\u201eSlaptas suliekn\u0117jusios merginos dienora\u0161tis\u201c ne\u012fprastu, \u0161iuolaiki\u0161ku ir originaliu stiliumi para\u0161ytas sveiko gyvenimo b\u016bdo vadovas kuris skirtas tam, kad liekn\u0117jimas ar nauj\u0173 \u012fpro\u010di\u0173 \u012fsisavinimas skaitytojui tapt\u0173 dar paprastesnis ir nat\u016bralesnis.  Jame atvirai apra\u0161yta Smilt\u0117s istorija skaitytojoms pad\u0117s nenuobod\u017eiauti ir \u012fsijausti \u012f kasdienyb\u0119, kuri kiekvienai poky\u010di\u0173 siekian\u010diai moteriai yra vis kitokia, ta\u010diau tuo pa\u010diu pilna pana\u0161i\u0173 emocij\u0173 ir asmenini\u0173 i\u0161gyvenim\u0173. Siekiant u\u017esibr\u0117\u017eto tikslo svarbi yra ne tik dr\u0105sa ar tvirtas pasiry\u017eimas keistis, bet tai pat \u017einios, kompetetingi patarimai bei \u017einoma palaikymas.  Jei jums kartais pritr\u016bksta to paskutinio la\u0161elio vidin\u0117s motyvacijos ir entuziazmo, \u201eSlaptas suliekn\u0117jusios merginos dienora\u0161tis\u201c yra skirtas u\u017ekr\u0117sti Jus nuo\u0161ird\u017eiu pol\u0117kiu nebeatid\u0117lioti, ta\u010diau atvirk\u0161\u010diai - pad\u0117ti pagaliau sukurti savo i\u0161svajot\u0105 asmenin\u012f ideal\u0105 ir atrasti moteri\u0161ko \u017eavesio paslapt\u012f.\" \/>\n<meta property=\"og:url\" content=\"https:\/\/skaitytaknyga.lt\/en\/produktas\/slaptas-sulieknejusios-merginos-dienorastis\/\" \/>\n<meta property=\"og:site_name\" content=\"Skaitytaknyga\" \/>\n<meta property=\"article:publisher\" content=\"https:\/\/www.facebook.com\/skaitytaknyga\/\" \/>\n<meta property=\"article:modified_time\" content=\"2024-05-03T07:29:13+00:00\" \/>\n<meta property=\"og:image\" content=\"https:\/\/skaitytaknyga.lt\/wp-content\/uploads\/2024\/05\/1462885696_knyga-slaptas-dienorastisgalutinis.jpg\" \/>\n\t<meta property=\"og:image:width\" content=\"300\" \/>\n\t<meta property=\"og:image:height\" content=\"425\" \/>\n\t<meta property=\"og:image:type\" content=\"image\/jpeg\" \/>\n<meta name=\"twitter:card\" content=\"summary_large_image\" \/>\n<meta name=\"twitter:label1\" content=\"Estimated reading time\" \/>\n\t<meta name=\"twitter:data1\" content=\"1 minute\" \/>\n<script type=\"application\/ld+json\" class=\"yoast-schema-graph\">{\"@context\":\"https:\/\/schema.org\",\"@graph\":[{\"@type\":\"WebPage\",\"@id\":\"https:\/\/skaitytaknyga.lt\/produktas\/slaptas-sulieknejusios-merginos-dienorastis\/\",\"url\":\"https:\/\/skaitytaknyga.lt\/produktas\/slaptas-sulieknejusios-merginos-dienorastis\/\",\"name\":\"Slaptas suliekn\u0117jusios merginos dienora\u0161tis - Skaitytaknyga\",\"isPartOf\":{\"@id\":\"https:\/\/skaitytaknyga.lt\/#website\"},\"primaryImageOfPage\":{\"@id\":\"https:\/\/skaitytaknyga.lt\/produktas\/slaptas-sulieknejusios-merginos-dienorastis\/#primaryimage\"},\"image\":{\"@id\":\"https:\/\/skaitytaknyga.lt\/produktas\/slaptas-sulieknejusios-merginos-dienorastis\/#primaryimage\"},\"thumbnailUrl\":\"https:\/\/skaitytaknyga.lt\/wp-content\/uploads\/2024\/05\/1462885696_knyga-slaptas-dienorastisgalutinis.jpg\",\"datePublished\":\"2024-05-02T12:51:09+00:00\",\"dateModified\":\"2024-05-03T07:29:13+00:00\",\"description\":\"\u201eSlaptas suliekn\u0117jusios merginos dienora\u0161tis\u201c ne\u012fprastu, \u0161iuolaiki\u0161ku ir originaliu stiliumi para\u0161ytas sveiko gyvenimo b\u016bdo vadovas kuris skirtas tam, kad liekn\u0117jimas ar nauj\u0173 \u012fpro\u010di\u0173 \u012fsisavinimas skaitytojui tapt\u0173 dar paprastesnis ir nat\u016bralesnis. Jame atvirai apra\u0161yta Smilt\u0117s istorija skaitytojoms pad\u0117s nenuobod\u017eiauti ir \u012fsijausti \u012f kasdienyb\u0119, kuri kiekvienai poky\u010di\u0173 siekian\u010diai moteriai yra vis kitokia, ta\u010diau tuo pa\u010diu pilna pana\u0161i\u0173 emocij\u0173 ir asmenini\u0173 i\u0161gyvenim\u0173. Siekiant u\u017esibr\u0117\u017eto tikslo svarbi yra ne tik dr\u0105sa ar tvirtas pasiry\u017eimas keistis, bet tai pat \u017einios, kompetetingi patarimai bei \u017einoma palaikymas. Jei jums kartais pritr\u016bksta to paskutinio la\u0161elio vidin\u0117s motyvacijos ir entuziazmo, \u201eSlaptas suliekn\u0117jusios merginos dienora\u0161tis\u201c yra skirtas u\u017ekr\u0117sti Jus nuo\u0161ird\u017eiu pol\u0117kiu nebeatid\u0117lioti, ta\u010diau atvirk\u0161\u010diai - pad\u0117ti pagaliau sukurti savo i\u0161svajot\u0105 asmenin\u012f ideal\u0105 ir atrasti moteri\u0161ko \u017eavesio paslapt\u012f.\",\"breadcrumb\":{\"@id\":\"https:\/\/skaitytaknyga.lt\/produktas\/slaptas-sulieknejusios-merginos-dienorastis\/#breadcrumb\"},\"inLanguage\":\"en-GB\",\"potentialAction\":[{\"@type\":\"ReadAction\",\"target\":[\"https:\/\/skaitytaknyga.lt\/produktas\/slaptas-sulieknejusios-merginos-dienorastis\/\"]}]},{\"@type\":\"ImageObject\",\"inLanguage\":\"en-GB\",\"@id\":\"https:\/\/skaitytaknyga.lt\/produktas\/slaptas-sulieknejusios-merginos-dienorastis\/#primaryimage\",\"url\":\"https:\/\/skaitytaknyga.lt\/wp-content\/uploads\/2024\/05\/1462885696_knyga-slaptas-dienorastisgalutinis.jpg\",\"contentUrl\":\"https:\/\/skaitytaknyga.lt\/wp-content\/uploads\/2024\/05\/1462885696_knyga-slaptas-dienorastisgalutinis.jpg\",\"width\":300,\"height\":425},{\"@type\":\"BreadcrumbList\",\"@id\":\"https:\/\/skaitytaknyga.lt\/produktas\/slaptas-sulieknejusios-merginos-dienorastis\/#breadcrumb\",\"itemListElement\":[{\"@type\":\"ListItem\",\"position\":1,\"name\":\"Home\",\"item\":\"https:\/\/skaitytaknyga.lt\/\"},{\"@type\":\"ListItem\",\"position\":2,\"name\":\"Parduotuv\u0117\",\"item\":\"https:\/\/skaitytaknyga.lt\/knygu-parduotuve\/\"},{\"@type\":\"ListItem\",\"position\":3,\"name\":\"Slaptas suliekn\u0117jusios merginos dienora\u0161tis\"}]},{\"@type\":\"WebSite\",\"@id\":\"https:\/\/skaitytaknyga.lt\/#website\",\"url\":\"https:\/\/skaitytaknyga.lt\/\",\"name\":\"skaitytaknyga.lt\",\"description\":\"Skaitytaknyga.lt \u2013 tai ma\u017eas \u0161eimos verslas, kuris prasid\u0117jo nuo meil\u0117s knygoms ir siekio i\u0161gelb\u0117ti knygas nuo likimo prie konteinerio. Kas vienam nereikalingas daiktas \u2013 kitam lobis, o mes esame tarpininkai, kurie padeda abiems tapti laimingesniems ???? \u017dinome kaip nelengva i\u0161gyventi ma\u017eiems verslams, tad nuo \u0161iol, \u010dia rasite ir kit\u0173, ma\u017e\u0173 \u0161eim\u0173 versl\u0173, rank\u0173 darbo, dovan\u0173 sau ir artimiesiems.\",\"publisher\":{\"@id\":\"https:\/\/skaitytaknyga.lt\/#organization\"},\"potentialAction\":[{\"@type\":\"SearchAction\",\"target\":{\"@type\":\"EntryPoint\",\"urlTemplate\":\"https:\/\/skaitytaknyga.lt\/?s={search_term_string}\"},\"query-input\":{\"@type\":\"PropertyValueSpecification\",\"valueRequired\":true,\"valueName\":\"search_term_string\"}}],\"inLanguage\":\"en-GB\"},{\"@type\":\"Organization\",\"@id\":\"https:\/\/skaitytaknyga.lt\/#organization\",\"name\":\"skaitytaknyga.lt\",\"url\":\"https:\/\/skaitytaknyga.lt\/\",\"logo\":{\"@type\":\"ImageObject\",\"inLanguage\":\"en-GB\",\"@id\":\"https:\/\/skaitytaknyga.lt\/#\/schema\/logo\/image\/\",\"url\":\"https:\/\/skaitytaknyga.lt\/wp-content\/uploads\/2024\/05\/cropped-cropped-cropped-02_00843_jt3bggkj1j3HLc7SyY6rEUpg.jpeg\",\"contentUrl\":\"https:\/\/skaitytaknyga.lt\/wp-content\/uploads\/2024\/05\/cropped-cropped-cropped-02_00843_jt3bggkj1j3HLc7SyY6rEUpg.jpeg\",\"width\":1600,\"height\":1600,\"caption\":\"skaitytaknyga.lt\"},\"image\":{\"@id\":\"https:\/\/skaitytaknyga.lt\/#\/schema\/logo\/image\/\"},\"sameAs\":[\"https:\/\/www.facebook.com\/skaitytaknyga\/\"]}]}<\/script>\n<!-- \/ Yoast SEO plugin. -->","yoast_head_json":{"title":"Slaptas suliekn\u0117jusios merginos dienora\u0161tis - Skaitytaknyga","description":"\u201eSlaptas suliekn\u0117jusios merginos dienora\u0161tis\u201c ne\u012fprastu, \u0161iuolaiki\u0161ku ir originaliu stiliumi para\u0161ytas sveiko gyvenimo b\u016bdo vadovas kuris skirtas tam, kad liekn\u0117jimas ar nauj\u0173 \u012fpro\u010di\u0173 \u012fsisavinimas skaitytojui tapt\u0173 dar paprastesnis ir nat\u016bralesnis.  Jame atvirai apra\u0161yta Smilt\u0117s istorija skaitytojoms pad\u0117s nenuobod\u017eiauti ir \u012fsijausti \u012f kasdienyb\u0119, kuri kiekvienai poky\u010di\u0173 siekian\u010diai moteriai yra vis kitokia, ta\u010diau tuo pa\u010diu pilna pana\u0161i\u0173 emocij\u0173 ir asmenini\u0173 i\u0161gyvenim\u0173. Siekiant u\u017esibr\u0117\u017eto tikslo svarbi yra ne tik dr\u0105sa ar tvirtas pasiry\u017eimas keistis, bet tai pat \u017einios, kompetetingi patarimai bei \u017einoma palaikymas.  Jei jums kartais pritr\u016bksta to paskutinio la\u0161elio vidin\u0117s motyvacijos ir entuziazmo, \u201eSlaptas suliekn\u0117jusios merginos dienora\u0161tis\u201c yra skirtas u\u017ekr\u0117sti Jus nuo\u0161ird\u017eiu pol\u0117kiu nebeatid\u0117lioti, ta\u010diau atvirk\u0161\u010diai - pad\u0117ti pagaliau sukurti savo i\u0161svajot\u0105 asmenin\u012f ideal\u0105 ir atrasti moteri\u0161ko \u017eavesio paslapt\u012f.","robots":{"index":"index","follow":"follow","max-snippet":"max-snippet:-1","max-image-preview":"max-image-preview:large","max-video-preview":"max-video-preview:-1"},"canonical":"https:\/\/skaitytaknyga.lt\/en\/produktas\/slaptas-sulieknejusios-merginos-dienorastis\/","og_locale":"en_GB","og_type":"article","og_title":"Slaptas suliekn\u0117jusios merginos dienora\u0161tis - Skaitytaknyga","og_description":"\u201eSlaptas suliekn\u0117jusios merginos dienora\u0161tis\u201c ne\u012fprastu, \u0161iuolaiki\u0161ku ir originaliu stiliumi para\u0161ytas sveiko gyvenimo b\u016bdo vadovas kuris skirtas tam, kad liekn\u0117jimas ar nauj\u0173 \u012fpro\u010di\u0173 \u012fsisavinimas skaitytojui tapt\u0173 dar paprastesnis ir nat\u016bralesnis.  Jame atvirai apra\u0161yta Smilt\u0117s istorija skaitytojoms pad\u0117s nenuobod\u017eiauti ir \u012fsijausti \u012f kasdienyb\u0119, kuri kiekvienai poky\u010di\u0173 siekian\u010diai moteriai yra vis kitokia, ta\u010diau tuo pa\u010diu pilna pana\u0161i\u0173 emocij\u0173 ir asmenini\u0173 i\u0161gyvenim\u0173. Siekiant u\u017esibr\u0117\u017eto tikslo svarbi yra ne tik dr\u0105sa ar tvirtas pasiry\u017eimas keistis, bet tai pat \u017einios, kompetetingi patarimai bei \u017einoma palaikymas.  Jei jums kartais pritr\u016bksta to paskutinio la\u0161elio vidin\u0117s motyvacijos ir entuziazmo, \u201eSlaptas suliekn\u0117jusios merginos dienora\u0161tis\u201c yra skirtas u\u017ekr\u0117sti Jus nuo\u0161ird\u017eiu pol\u0117kiu nebeatid\u0117lioti, ta\u010diau atvirk\u0161\u010diai - pad\u0117ti pagaliau sukurti savo i\u0161svajot\u0105 asmenin\u012f ideal\u0105 ir atrasti moteri\u0161ko \u017eavesio paslapt\u012f.","og_url":"https:\/\/skaitytaknyga.lt\/en\/produktas\/slaptas-sulieknejusios-merginos-dienorastis\/","og_site_name":"Skaitytaknyga","article_publisher":"https:\/\/www.facebook.com\/skaitytaknyga\/","article_modified_time":"2024-05-03T07:29:13+00:00","og_image":[{"width":300,"height":425,"url":"https:\/\/skaitytaknyga.lt\/wp-content\/uploads\/2024\/05\/1462885696_knyga-slaptas-dienorastisgalutinis.jpg","type":"image\/jpeg"}],"twitter_card":"summary_large_image","twitter_misc":{"Estimated reading time":"1 minute"},"schema":{"@context":"https:\/\/schema.org","@graph":[{"@type":"WebPage","@id":"https:\/\/skaitytaknyga.lt\/produktas\/slaptas-sulieknejusios-merginos-dienorastis\/","url":"https:\/\/skaitytaknyga.lt\/produktas\/slaptas-sulieknejusios-merginos-dienorastis\/","name":"Slaptas suliekn\u0117jusios merginos dienora\u0161tis - Skaitytaknyga","isPartOf":{"@id":"https:\/\/skaitytaknyga.lt\/#website"},"primaryImageOfPage":{"@id":"https:\/\/skaitytaknyga.lt\/produktas\/slaptas-sulieknejusios-merginos-dienorastis\/#primaryimage"},"image":{"@id":"https:\/\/skaitytaknyga.lt\/produktas\/slaptas-sulieknejusios-merginos-dienorastis\/#primaryimage"},"thumbnailUrl":"https:\/\/skaitytaknyga.lt\/wp-content\/uploads\/2024\/05\/1462885696_knyga-slaptas-dienorastisgalutinis.jpg","datePublished":"2024-05-02T12:51:09+00:00","dateModified":"2024-05-03T07:29:13+00:00","description":"\u201eSlaptas suliekn\u0117jusios merginos dienora\u0161tis\u201c ne\u012fprastu, \u0161iuolaiki\u0161ku ir originaliu stiliumi para\u0161ytas sveiko gyvenimo b\u016bdo vadovas kuris skirtas tam, kad liekn\u0117jimas ar nauj\u0173 \u012fpro\u010di\u0173 \u012fsisavinimas skaitytojui tapt\u0173 dar paprastesnis ir nat\u016bralesnis. Jame atvirai apra\u0161yta Smilt\u0117s istorija skaitytojoms pad\u0117s nenuobod\u017eiauti ir \u012fsijausti \u012f kasdienyb\u0119, kuri kiekvienai poky\u010di\u0173 siekian\u010diai moteriai yra vis kitokia, ta\u010diau tuo pa\u010diu pilna pana\u0161i\u0173 emocij\u0173 ir asmenini\u0173 i\u0161gyvenim\u0173. Siekiant u\u017esibr\u0117\u017eto tikslo svarbi yra ne tik dr\u0105sa ar tvirtas pasiry\u017eimas keistis, bet tai pat \u017einios, kompetetingi patarimai bei \u017einoma palaikymas. Jei jums kartais pritr\u016bksta to paskutinio la\u0161elio vidin\u0117s motyvacijos ir entuziazmo, \u201eSlaptas suliekn\u0117jusios merginos dienora\u0161tis\u201c yra skirtas u\u017ekr\u0117sti Jus nuo\u0161ird\u017eiu pol\u0117kiu nebeatid\u0117lioti, ta\u010diau atvirk\u0161\u010diai - pad\u0117ti pagaliau sukurti savo i\u0161svajot\u0105 asmenin\u012f ideal\u0105 ir atrasti moteri\u0161ko \u017eavesio paslapt\u012f.","breadcrumb":{"@id":"https:\/\/skaitytaknyga.lt\/produktas\/slaptas-sulieknejusios-merginos-dienorastis\/#breadcrumb"},"inLanguage":"en-GB","potentialAction":[{"@type":"ReadAction","target":["https:\/\/skaitytaknyga.lt\/produktas\/slaptas-sulieknejusios-merginos-dienorastis\/"]}]},{"@type":"ImageObject","inLanguage":"en-GB","@id":"https:\/\/skaitytaknyga.lt\/produktas\/slaptas-sulieknejusios-merginos-dienorastis\/#primaryimage","url":"https:\/\/skaitytaknyga.lt\/wp-content\/uploads\/2024\/05\/1462885696_knyga-slaptas-dienorastisgalutinis.jpg","contentUrl":"https:\/\/skaitytaknyga.lt\/wp-content\/uploads\/2024\/05\/1462885696_knyga-slaptas-dienorastisgalutinis.jpg","width":300,"height":425},{"@type":"BreadcrumbList","@id":"https:\/\/skaitytaknyga.lt\/produktas\/slaptas-sulieknejusios-merginos-dienorastis\/#breadcrumb","itemListElement":[{"@type":"ListItem","position":1,"name":"Home","item":"https:\/\/skaitytaknyga.lt\/"},{"@type":"ListItem","position":2,"name":"Parduotuv\u0117","item":"https:\/\/skaitytaknyga.lt\/knygu-parduotuve\/"},{"@type":"ListItem","position":3,"name":"Slaptas suliekn\u0117jusios merginos dienora\u0161tis"}]},{"@type":"WebSite","@id":"https:\/\/skaitytaknyga.lt\/#website","url":"https:\/\/skaitytaknyga.lt\/","name":"skaitytaknyga.lt","description":"Skaitytaknyga.lt \u2013 tai ma\u017eas \u0161eimos verslas, kuris prasid\u0117jo nuo meil\u0117s knygoms ir siekio i\u0161gelb\u0117ti knygas nuo likimo prie konteinerio. Kas vienam nereikalingas daiktas \u2013 kitam lobis, o mes esame tarpininkai, kurie padeda abiems tapti laimingesniems ???? \u017dinome kaip nelengva i\u0161gyventi ma\u017eiems verslams, tad nuo \u0161iol, \u010dia rasite ir kit\u0173, ma\u017e\u0173 \u0161eim\u0173 versl\u0173, rank\u0173 darbo, dovan\u0173 sau ir artimiesiems.","publisher":{"@id":"https:\/\/skaitytaknyga.lt\/#organization"},"potentialAction":[{"@type":"SearchAction","target":{"@type":"EntryPoint","urlTemplate":"https:\/\/skaitytaknyga.lt\/?s={search_term_string}"},"query-input":{"@type":"PropertyValueSpecification","valueRequired":true,"valueName":"search_term_string"}}],"inLanguage":"en-GB"},{"@type":"Organization","@id":"https:\/\/skaitytaknyga.lt\/#organization","name":"skaitytaknyga.lt","url":"https:\/\/skaitytaknyga.lt\/","logo":{"@type":"ImageObject","inLanguage":"en-GB","@id":"https:\/\/skaitytaknyga.lt\/#\/schema\/logo\/image\/","url":"https:\/\/skaitytaknyga.lt\/wp-content\/uploads\/2024\/05\/cropped-cropped-cropped-02_00843_jt3bggkj1j3HLc7SyY6rEUpg.jpeg","contentUrl":"https:\/\/skaitytaknyga.lt\/wp-content\/uploads\/2024\/05\/cropped-cropped-cropped-02_00843_jt3bggkj1j3HLc7SyY6rEUpg.jpeg","width":1600,"height":1600,"caption":"skaitytaknyga.lt"},"image":{"@id":"https:\/\/skaitytaknyga.lt\/#\/schema\/logo\/image\/"},"sameAs":["https:\/\/www.facebook.com\/skaitytaknyga\/"]}]}},"_links":{"self":[{"href":"https:\/\/skaitytaknyga.lt\/en\/wp-json\/wp\/v2\/product\/5604","targetHints":{"allow":["GET"]}}],"collection":[{"href":"https:\/\/skaitytaknyga.lt\/en\/wp-json\/wp\/v2\/product"}],"about":[{"href":"https:\/\/skaitytaknyga.lt\/en\/wp-json\/wp\/v2\/types\/product"}],"replies":[{"embeddable":true,"href":"https:\/\/skaitytaknyga.lt\/en\/wp-json\/wp\/v2\/comments?post=5604"}],"wp:featuredmedia":[{"embeddable":true,"href":"https:\/\/skaitytaknyga.lt\/en\/wp-json\/wp\/v2\/media\/5625"}],"wp:attachment":[{"href":"https:\/\/skaitytaknyga.lt\/en\/wp-json\/wp\/v2\/media?parent=5604"}],"wp:term":[{"taxonomy":"product_brand","embeddable":true,"href":"https:\/\/skaitytaknyga.lt\/en\/wp-json\/wp\/v2\/product_brand?post=5604"},{"taxonomy":"product_cat","embeddable":true,"href":"https:\/\/skaitytaknyga.lt\/en\/wp-json\/wp\/v2\/product_cat?post=5604"},{"taxonomy":"product_tag","embeddable":true,"href":"https:\/\/skaitytaknyga.lt\/en\/wp-json\/wp\/v2\/product_tag?post=5604"}],"curies":[{"name":"wp","href":"https:\/\/api.w.org\/{rel}","templated":true}]}}