{"id":5602,"date":"2024-05-02T12:51:09","date_gmt":"2024-05-02T12:51:09","guid":{"rendered":"https:\/\/skaitytaknyga.lt\/?post_type=product&#038;p=5602"},"modified":"2024-05-03T07:29:13","modified_gmt":"2024-05-03T07:29:13","slug":"100-budu-ka-veikti-kai-neturi-ka-veikti","status":"publish","type":"product","link":"https:\/\/skaitytaknyga.lt\/en\/produktas\/100-budu-ka-veikti-kai-neturi-ka-veikti\/","title":{"rendered":"100 b\u016bd\u0173, k\u0105 veikti kai neturi, k\u0105 veikti"},"content":{"rendered":"<p>Kieme susirinko keletas draug\u0173 ir vis tiek nuobodu?<\/p>\n<p>T\u0117vai dirba, o tu ne\u017einai, kuo u\u017esiimti?<\/p>\n<p>\u0160iandien lyja ir tu v\u0117l drybsai prie televizoriaus?<\/p>\n<p>O gal tiesiog tau truput\u0117l\u012f li\u016bdna?<\/p>\n<p>Neverta nusiminti! Yra 100 b\u016bd\u0173, kaip nuvyti nuobodul\u012f. Ir visi jie kuo puikiausiai apra\u0161yti \u0161ioje knygoje.<\/p>\n<p>Knygoje \u201e100 b\u016bd\u0173, k\u0105 veikti kai neturi, k\u0105 veikti\u201c\u00a0 rasi id\u0117j\u0173, k\u0105 gali nuveikti vienas, su draugais, namuose ar lauke. O jei negali i\u0161sirinkti, atlik knygoje pateikt\u0105 test\u0105, atsiversk pirm\u0105 pasitaikius\u012f puslap\u012f ar imkis vis\u0173 veikl\u0173 i\u0161 eil\u0117s.<\/p>\n<p>Per atostogas ar savaitgal\u012f \u2013 nuobodulys tau ne draugas!<\/p>\n","protected":false},"excerpt":{"rendered":"<p>Kieme susirinko keletas draug\u0173 ir vis tiek nuobodu?<\/p>\n<p>T\u0117vai dirba, o tu ne\u017einai, kuo u\u017esiimti?<\/p>\n<p>\u0160iandien lyja ir tu v\u0117l drybsai prie televizoriaus?<\/p>\n<p>O gal tiesiog tau truput\u0117l\u012f li\u016bdna?<\/p>\n<p>Neverta nusiminti! Yra 100 b\u016bd\u0173, kaip nuvyti nuobodul\u012f. Ir visi jie kuo puikiausiai apra\u0161yti \u0161ioje knygoje.<\/p>\n<p>Knygoje \u201e100 b\u016bd\u0173, k\u0105 veikti kai neturi, k\u0105 veikti\u201c\u00a0 rasi id\u0117j\u0173, k\u0105 gali nuveikti vienas, su draugais, namuose ar lauke. O jei negali i\u0161sirinkti, atlik knygoje pateikt\u0105 test\u0105, atsiversk pirm\u0105 pasitaikius\u012f puslap\u012f ar imkis vis\u0173 veikl\u0173 i\u0161 eil\u0117s.<\/p>\n<p>Per atostogas ar savaitgal\u012f \u2013 nuobodulys tau ne draugas!<\/p>\n","protected":false},"featured_media":5623,"comment_status":"closed","ping_status":"closed","template":"","meta":{"_acf_changed":false,"site-sidebar-layout":"default","site-content-layout":"","ast-site-content-layout":"default","site-content-style":"default","site-sidebar-style":"default","ast-global-header-display":"","ast-banner-title-visibility":"","ast-main-header-display":"","ast-hfb-above-header-display":"","ast-hfb-below-header-display":"","ast-hfb-mobile-header-display":"","site-post-title":"","ast-breadcrumbs-content":"","ast-featured-img":"","footer-sml-layout":"","ast-disable-related-posts":"","theme-transparent-header-meta":"","adv-header-id-meta":"","stick-header-meta":"","header-above-stick-meta":"","header-main-stick-meta":"","header-below-stick-meta":"","astra-migrate-meta-layouts":"default","ast-page-background-enabled":"default","ast-page-background-meta":{"desktop":{"background-color":"","background-image":"","background-repeat":"repeat","background-position":"center center","background-size":"auto","background-attachment":"scroll","background-type":"","background-media":"","overlay-type":"","overlay-color":"","overlay-opacity":"","overlay-gradient":""},"tablet":{"background-color":"","background-image":"","background-repeat":"repeat","background-position":"center center","background-size":"auto","background-attachment":"scroll","background-type":"","background-media":"","overlay-type":"","overlay-color":"","overlay-opacity":"","overlay-gradient":""},"mobile":{"background-color":"","background-image":"","background-repeat":"repeat","background-position":"center center","background-size":"auto","background-attachment":"scroll","background-type":"","background-media":"","overlay-type":"","overlay-color":"","overlay-opacity":"","overlay-gradient":""}},"ast-content-background-meta":{"desktop":{"background-color":"var(--ast-global-color-4)","background-image":"","background-repeat":"repeat","background-position":"center center","background-size":"auto","background-attachment":"scroll","background-type":"","background-media":"","overlay-type":"","overlay-color":"","overlay-opacity":"","overlay-gradient":""},"tablet":{"background-color":"var(--ast-global-color-4)","background-image":"","background-repeat":"repeat","background-position":"center center","background-size":"auto","background-attachment":"scroll","background-type":"","background-media":"","overlay-type":"","overlay-color":"","overlay-opacity":"","overlay-gradient":""},"mobile":{"background-color":"var(--ast-global-color-4)","background-image":"","background-repeat":"repeat","background-position":"center center","background-size":"auto","background-attachment":"scroll","background-type":"","background-media":"","overlay-type":"","overlay-color":"","overlay-opacity":"","overlay-gradient":""}}},"product_brand":[],"product_cat":[37,35],"product_tag":[],"class_list":{"0":"post-5602","1":"product","2":"type-product","3":"status-publish","4":"has-post-thumbnail","6":"product_cat-nestumas-ir-vaiku-prieziura-bei-auklejimas","7":"product_cat-vaikams-ir-paaugliams","8":"desktop-align-left","9":"tablet-align-left","10":"mobile-align-left","12":"first","13":"outofstock","14":"shipping-taxable","15":"purchasable","16":"product-type-simple"},"acf":[],"yoast_head":"<!-- This site is optimized with the Yoast SEO plugin v27.0 - https:\/\/yoast.com\/product\/yoast-seo-wordpress\/ -->\n<title>100 b\u016bd\u0173, k\u0105 veikti kai neturi, k\u0105 veikti - Skaitytaknyga<\/title>\n<meta name=\"description\" content=\"Kieme susirinko keletas draug\u0173 ir vis tiek nuobodu?  T\u0117vai dirba, o tu ne\u017einai, kuo u\u017esiimti?  \u0160iandien lyja ir tu v\u0117l drybsai prie televizoriaus?  O gal tiesiog tau truput\u0117l\u012f li\u016bdna?  Neverta nusiminti! Yra 100 b\u016bd\u0173, kaip nuvyti nuobodul\u012f. Ir visi jie kuo puikiausiai apra\u0161yti \u0161ioje knygoje.  Knygoje \u201e100 b\u016bd\u0173, k\u0105 veikti kai neturi, k\u0105 veikti\u201c\u00a0 rasi id\u0117j\u0173, k\u0105 gali nuveikti vienas, su draugais, namuose ar lauke. O jei negali i\u0161sirinkti, atlik knygoje pateikt\u0105 test\u0105, atsiversk pirm\u0105 pasitaikius\u012f puslap\u012f ar imkis vis\u0173 veikl\u0173 i\u0161 eil\u0117s.  Per atostogas ar savaitgal\u012f \u2013 nuobodulys tau ne draugas!\" \/>\n<meta name=\"robots\" content=\"index, follow, max-snippet:-1, max-image-preview:large, max-video-preview:-1\" \/>\n<link rel=\"canonical\" href=\"https:\/\/skaitytaknyga.lt\/en\/produktas\/100-budu-ka-veikti-kai-neturi-ka-veikti\/\" \/>\n<meta property=\"og:locale\" content=\"en_GB\" \/>\n<meta property=\"og:locale:alternate\" content=\"lt_LT\" \/>\n<meta property=\"og:type\" content=\"article\" \/>\n<meta property=\"og:title\" content=\"100 b\u016bd\u0173, k\u0105 veikti kai neturi, k\u0105 veikti - Skaitytaknyga\" \/>\n<meta property=\"og:description\" content=\"Kieme susirinko keletas draug\u0173 ir vis tiek nuobodu?  T\u0117vai dirba, o tu ne\u017einai, kuo u\u017esiimti?  \u0160iandien lyja ir tu v\u0117l drybsai prie televizoriaus?  O gal tiesiog tau truput\u0117l\u012f li\u016bdna?  Neverta nusiminti! Yra 100 b\u016bd\u0173, kaip nuvyti nuobodul\u012f. Ir visi jie kuo puikiausiai apra\u0161yti \u0161ioje knygoje.  Knygoje \u201e100 b\u016bd\u0173, k\u0105 veikti kai neturi, k\u0105 veikti\u201c\u00a0 rasi id\u0117j\u0173, k\u0105 gali nuveikti vienas, su draugais, namuose ar lauke. O jei negali i\u0161sirinkti, atlik knygoje pateikt\u0105 test\u0105, atsiversk pirm\u0105 pasitaikius\u012f puslap\u012f ar imkis vis\u0173 veikl\u0173 i\u0161 eil\u0117s.  Per atostogas ar savaitgal\u012f \u2013 nuobodulys tau ne draugas!\" \/>\n<meta property=\"og:url\" content=\"https:\/\/skaitytaknyga.lt\/en\/produktas\/100-budu-ka-veikti-kai-neturi-ka-veikti\/\" \/>\n<meta property=\"og:site_name\" content=\"Skaitytaknyga\" \/>\n<meta property=\"article:publisher\" content=\"https:\/\/www.facebook.com\/skaitytaknyga\/\" \/>\n<meta property=\"article:modified_time\" content=\"2024-05-03T07:29:13+00:00\" \/>\n<meta property=\"og:image\" content=\"https:\/\/skaitytaknyga.lt\/wp-content\/uploads\/2024\/05\/100-budu-ka-veikti.jpg\" \/>\n\t<meta property=\"og:image:width\" content=\"450\" \/>\n\t<meta property=\"og:image:height\" content=\"320\" \/>\n\t<meta property=\"og:image:type\" content=\"image\/jpeg\" \/>\n<meta name=\"twitter:card\" content=\"summary_large_image\" \/>\n<meta name=\"twitter:label1\" content=\"Estimated reading time\" \/>\n\t<meta name=\"twitter:data1\" content=\"1 minute\" \/>\n<script type=\"application\/ld+json\" class=\"yoast-schema-graph\">{\"@context\":\"https:\/\/schema.org\",\"@graph\":[{\"@type\":\"WebPage\",\"@id\":\"https:\/\/skaitytaknyga.lt\/produktas\/100-budu-ka-veikti-kai-neturi-ka-veikti\/\",\"url\":\"https:\/\/skaitytaknyga.lt\/produktas\/100-budu-ka-veikti-kai-neturi-ka-veikti\/\",\"name\":\"100 b\u016bd\u0173, k\u0105 veikti kai neturi, k\u0105 veikti - Skaitytaknyga\",\"isPartOf\":{\"@id\":\"https:\/\/skaitytaknyga.lt\/#website\"},\"primaryImageOfPage\":{\"@id\":\"https:\/\/skaitytaknyga.lt\/produktas\/100-budu-ka-veikti-kai-neturi-ka-veikti\/#primaryimage\"},\"image\":{\"@id\":\"https:\/\/skaitytaknyga.lt\/produktas\/100-budu-ka-veikti-kai-neturi-ka-veikti\/#primaryimage\"},\"thumbnailUrl\":\"https:\/\/skaitytaknyga.lt\/wp-content\/uploads\/2024\/05\/100-budu-ka-veikti.jpg\",\"datePublished\":\"2024-05-02T12:51:09+00:00\",\"dateModified\":\"2024-05-03T07:29:13+00:00\",\"description\":\"Kieme susirinko keletas draug\u0173 ir vis tiek nuobodu? T\u0117vai dirba, o tu ne\u017einai, kuo u\u017esiimti? \u0160iandien lyja ir tu v\u0117l drybsai prie televizoriaus? O gal tiesiog tau truput\u0117l\u012f li\u016bdna? Neverta nusiminti! Yra 100 b\u016bd\u0173, kaip nuvyti nuobodul\u012f. Ir visi jie kuo puikiausiai apra\u0161yti \u0161ioje knygoje. Knygoje \u201e100 b\u016bd\u0173, k\u0105 veikti kai neturi, k\u0105 veikti\u201c\u00a0 rasi id\u0117j\u0173, k\u0105 gali nuveikti vienas, su draugais, namuose ar lauke. O jei negali i\u0161sirinkti, atlik knygoje pateikt\u0105 test\u0105, atsiversk pirm\u0105 pasitaikius\u012f puslap\u012f ar imkis vis\u0173 veikl\u0173 i\u0161 eil\u0117s. Per atostogas ar savaitgal\u012f \u2013 nuobodulys tau ne draugas!\",\"breadcrumb\":{\"@id\":\"https:\/\/skaitytaknyga.lt\/produktas\/100-budu-ka-veikti-kai-neturi-ka-veikti\/#breadcrumb\"},\"inLanguage\":\"en-GB\",\"potentialAction\":[{\"@type\":\"ReadAction\",\"target\":[\"https:\/\/skaitytaknyga.lt\/produktas\/100-budu-ka-veikti-kai-neturi-ka-veikti\/\"]}]},{\"@type\":\"ImageObject\",\"inLanguage\":\"en-GB\",\"@id\":\"https:\/\/skaitytaknyga.lt\/produktas\/100-budu-ka-veikti-kai-neturi-ka-veikti\/#primaryimage\",\"url\":\"https:\/\/skaitytaknyga.lt\/wp-content\/uploads\/2024\/05\/100-budu-ka-veikti.jpg\",\"contentUrl\":\"https:\/\/skaitytaknyga.lt\/wp-content\/uploads\/2024\/05\/100-budu-ka-veikti.jpg\",\"width\":450,\"height\":320},{\"@type\":\"BreadcrumbList\",\"@id\":\"https:\/\/skaitytaknyga.lt\/produktas\/100-budu-ka-veikti-kai-neturi-ka-veikti\/#breadcrumb\",\"itemListElement\":[{\"@type\":\"ListItem\",\"position\":1,\"name\":\"Home\",\"item\":\"https:\/\/skaitytaknyga.lt\/\"},{\"@type\":\"ListItem\",\"position\":2,\"name\":\"Parduotuv\u0117\",\"item\":\"https:\/\/skaitytaknyga.lt\/knygu-parduotuve\/\"},{\"@type\":\"ListItem\",\"position\":3,\"name\":\"100 b\u016bd\u0173, k\u0105 veikti kai neturi, k\u0105 veikti\"}]},{\"@type\":\"WebSite\",\"@id\":\"https:\/\/skaitytaknyga.lt\/#website\",\"url\":\"https:\/\/skaitytaknyga.lt\/\",\"name\":\"skaitytaknyga.lt\",\"description\":\"Skaitytaknyga.lt \u2013 tai ma\u017eas \u0161eimos verslas, kuris prasid\u0117jo nuo meil\u0117s knygoms ir siekio i\u0161gelb\u0117ti knygas nuo likimo prie konteinerio. Kas vienam nereikalingas daiktas \u2013 kitam lobis, o mes esame tarpininkai, kurie padeda abiems tapti laimingesniems ???? \u017dinome kaip nelengva i\u0161gyventi ma\u017eiems verslams, tad nuo \u0161iol, \u010dia rasite ir kit\u0173, ma\u017e\u0173 \u0161eim\u0173 versl\u0173, rank\u0173 darbo, dovan\u0173 sau ir artimiesiems.\",\"publisher\":{\"@id\":\"https:\/\/skaitytaknyga.lt\/#organization\"},\"potentialAction\":[{\"@type\":\"SearchAction\",\"target\":{\"@type\":\"EntryPoint\",\"urlTemplate\":\"https:\/\/skaitytaknyga.lt\/?s={search_term_string}\"},\"query-input\":{\"@type\":\"PropertyValueSpecification\",\"valueRequired\":true,\"valueName\":\"search_term_string\"}}],\"inLanguage\":\"en-GB\"},{\"@type\":\"Organization\",\"@id\":\"https:\/\/skaitytaknyga.lt\/#organization\",\"name\":\"skaitytaknyga.lt\",\"url\":\"https:\/\/skaitytaknyga.lt\/\",\"logo\":{\"@type\":\"ImageObject\",\"inLanguage\":\"en-GB\",\"@id\":\"https:\/\/skaitytaknyga.lt\/#\/schema\/logo\/image\/\",\"url\":\"https:\/\/skaitytaknyga.lt\/wp-content\/uploads\/2024\/05\/cropped-cropped-cropped-02_00843_jt3bggkj1j3HLc7SyY6rEUpg.jpeg\",\"contentUrl\":\"https:\/\/skaitytaknyga.lt\/wp-content\/uploads\/2024\/05\/cropped-cropped-cropped-02_00843_jt3bggkj1j3HLc7SyY6rEUpg.jpeg\",\"width\":1600,\"height\":1600,\"caption\":\"skaitytaknyga.lt\"},\"image\":{\"@id\":\"https:\/\/skaitytaknyga.lt\/#\/schema\/logo\/image\/\"},\"sameAs\":[\"https:\/\/www.facebook.com\/skaitytaknyga\/\"]}]}<\/script>\n<!-- \/ Yoast SEO plugin. -->","yoast_head_json":{"title":"100 b\u016bd\u0173, k\u0105 veikti kai neturi, k\u0105 veikti - Skaitytaknyga","description":"Kieme susirinko keletas draug\u0173 ir vis tiek nuobodu?  T\u0117vai dirba, o tu ne\u017einai, kuo u\u017esiimti?  \u0160iandien lyja ir tu v\u0117l drybsai prie televizoriaus?  O gal tiesiog tau truput\u0117l\u012f li\u016bdna?  Neverta nusiminti! Yra 100 b\u016bd\u0173, kaip nuvyti nuobodul\u012f. Ir visi jie kuo puikiausiai apra\u0161yti \u0161ioje knygoje.  Knygoje \u201e100 b\u016bd\u0173, k\u0105 veikti kai neturi, k\u0105 veikti\u201c\u00a0 rasi id\u0117j\u0173, k\u0105 gali nuveikti vienas, su draugais, namuose ar lauke. O jei negali i\u0161sirinkti, atlik knygoje pateikt\u0105 test\u0105, atsiversk pirm\u0105 pasitaikius\u012f puslap\u012f ar imkis vis\u0173 veikl\u0173 i\u0161 eil\u0117s.  Per atostogas ar savaitgal\u012f \u2013 nuobodulys tau ne draugas!","robots":{"index":"index","follow":"follow","max-snippet":"max-snippet:-1","max-image-preview":"max-image-preview:large","max-video-preview":"max-video-preview:-1"},"canonical":"https:\/\/skaitytaknyga.lt\/en\/produktas\/100-budu-ka-veikti-kai-neturi-ka-veikti\/","og_locale":"en_GB","og_type":"article","og_title":"100 b\u016bd\u0173, k\u0105 veikti kai neturi, k\u0105 veikti - Skaitytaknyga","og_description":"Kieme susirinko keletas draug\u0173 ir vis tiek nuobodu?  T\u0117vai dirba, o tu ne\u017einai, kuo u\u017esiimti?  \u0160iandien lyja ir tu v\u0117l drybsai prie televizoriaus?  O gal tiesiog tau truput\u0117l\u012f li\u016bdna?  Neverta nusiminti! Yra 100 b\u016bd\u0173, kaip nuvyti nuobodul\u012f. Ir visi jie kuo puikiausiai apra\u0161yti \u0161ioje knygoje.  Knygoje \u201e100 b\u016bd\u0173, k\u0105 veikti kai neturi, k\u0105 veikti\u201c\u00a0 rasi id\u0117j\u0173, k\u0105 gali nuveikti vienas, su draugais, namuose ar lauke. O jei negali i\u0161sirinkti, atlik knygoje pateikt\u0105 test\u0105, atsiversk pirm\u0105 pasitaikius\u012f puslap\u012f ar imkis vis\u0173 veikl\u0173 i\u0161 eil\u0117s.  Per atostogas ar savaitgal\u012f \u2013 nuobodulys tau ne draugas!","og_url":"https:\/\/skaitytaknyga.lt\/en\/produktas\/100-budu-ka-veikti-kai-neturi-ka-veikti\/","og_site_name":"Skaitytaknyga","article_publisher":"https:\/\/www.facebook.com\/skaitytaknyga\/","article_modified_time":"2024-05-03T07:29:13+00:00","og_image":[{"width":450,"height":320,"url":"https:\/\/skaitytaknyga.lt\/wp-content\/uploads\/2024\/05\/100-budu-ka-veikti.jpg","type":"image\/jpeg"}],"twitter_card":"summary_large_image","twitter_misc":{"Estimated reading time":"1 minute"},"schema":{"@context":"https:\/\/schema.org","@graph":[{"@type":"WebPage","@id":"https:\/\/skaitytaknyga.lt\/produktas\/100-budu-ka-veikti-kai-neturi-ka-veikti\/","url":"https:\/\/skaitytaknyga.lt\/produktas\/100-budu-ka-veikti-kai-neturi-ka-veikti\/","name":"100 b\u016bd\u0173, k\u0105 veikti kai neturi, k\u0105 veikti - Skaitytaknyga","isPartOf":{"@id":"https:\/\/skaitytaknyga.lt\/#website"},"primaryImageOfPage":{"@id":"https:\/\/skaitytaknyga.lt\/produktas\/100-budu-ka-veikti-kai-neturi-ka-veikti\/#primaryimage"},"image":{"@id":"https:\/\/skaitytaknyga.lt\/produktas\/100-budu-ka-veikti-kai-neturi-ka-veikti\/#primaryimage"},"thumbnailUrl":"https:\/\/skaitytaknyga.lt\/wp-content\/uploads\/2024\/05\/100-budu-ka-veikti.jpg","datePublished":"2024-05-02T12:51:09+00:00","dateModified":"2024-05-03T07:29:13+00:00","description":"Kieme susirinko keletas draug\u0173 ir vis tiek nuobodu? T\u0117vai dirba, o tu ne\u017einai, kuo u\u017esiimti? \u0160iandien lyja ir tu v\u0117l drybsai prie televizoriaus? O gal tiesiog tau truput\u0117l\u012f li\u016bdna? Neverta nusiminti! Yra 100 b\u016bd\u0173, kaip nuvyti nuobodul\u012f. Ir visi jie kuo puikiausiai apra\u0161yti \u0161ioje knygoje. Knygoje \u201e100 b\u016bd\u0173, k\u0105 veikti kai neturi, k\u0105 veikti\u201c\u00a0 rasi id\u0117j\u0173, k\u0105 gali nuveikti vienas, su draugais, namuose ar lauke. O jei negali i\u0161sirinkti, atlik knygoje pateikt\u0105 test\u0105, atsiversk pirm\u0105 pasitaikius\u012f puslap\u012f ar imkis vis\u0173 veikl\u0173 i\u0161 eil\u0117s. Per atostogas ar savaitgal\u012f \u2013 nuobodulys tau ne draugas!","breadcrumb":{"@id":"https:\/\/skaitytaknyga.lt\/produktas\/100-budu-ka-veikti-kai-neturi-ka-veikti\/#breadcrumb"},"inLanguage":"en-GB","potentialAction":[{"@type":"ReadAction","target":["https:\/\/skaitytaknyga.lt\/produktas\/100-budu-ka-veikti-kai-neturi-ka-veikti\/"]}]},{"@type":"ImageObject","inLanguage":"en-GB","@id":"https:\/\/skaitytaknyga.lt\/produktas\/100-budu-ka-veikti-kai-neturi-ka-veikti\/#primaryimage","url":"https:\/\/skaitytaknyga.lt\/wp-content\/uploads\/2024\/05\/100-budu-ka-veikti.jpg","contentUrl":"https:\/\/skaitytaknyga.lt\/wp-content\/uploads\/2024\/05\/100-budu-ka-veikti.jpg","width":450,"height":320},{"@type":"BreadcrumbList","@id":"https:\/\/skaitytaknyga.lt\/produktas\/100-budu-ka-veikti-kai-neturi-ka-veikti\/#breadcrumb","itemListElement":[{"@type":"ListItem","position":1,"name":"Home","item":"https:\/\/skaitytaknyga.lt\/"},{"@type":"ListItem","position":2,"name":"Parduotuv\u0117","item":"https:\/\/skaitytaknyga.lt\/knygu-parduotuve\/"},{"@type":"ListItem","position":3,"name":"100 b\u016bd\u0173, k\u0105 veikti kai neturi, k\u0105 veikti"}]},{"@type":"WebSite","@id":"https:\/\/skaitytaknyga.lt\/#website","url":"https:\/\/skaitytaknyga.lt\/","name":"skaitytaknyga.lt","description":"Skaitytaknyga.lt \u2013 tai ma\u017eas \u0161eimos verslas, kuris prasid\u0117jo nuo meil\u0117s knygoms ir siekio i\u0161gelb\u0117ti knygas nuo likimo prie konteinerio. Kas vienam nereikalingas daiktas \u2013 kitam lobis, o mes esame tarpininkai, kurie padeda abiems tapti laimingesniems ???? \u017dinome kaip nelengva i\u0161gyventi ma\u017eiems verslams, tad nuo \u0161iol, \u010dia rasite ir kit\u0173, ma\u017e\u0173 \u0161eim\u0173 versl\u0173, rank\u0173 darbo, dovan\u0173 sau ir artimiesiems.","publisher":{"@id":"https:\/\/skaitytaknyga.lt\/#organization"},"potentialAction":[{"@type":"SearchAction","target":{"@type":"EntryPoint","urlTemplate":"https:\/\/skaitytaknyga.lt\/?s={search_term_string}"},"query-input":{"@type":"PropertyValueSpecification","valueRequired":true,"valueName":"search_term_string"}}],"inLanguage":"en-GB"},{"@type":"Organization","@id":"https:\/\/skaitytaknyga.lt\/#organization","name":"skaitytaknyga.lt","url":"https:\/\/skaitytaknyga.lt\/","logo":{"@type":"ImageObject","inLanguage":"en-GB","@id":"https:\/\/skaitytaknyga.lt\/#\/schema\/logo\/image\/","url":"https:\/\/skaitytaknyga.lt\/wp-content\/uploads\/2024\/05\/cropped-cropped-cropped-02_00843_jt3bggkj1j3HLc7SyY6rEUpg.jpeg","contentUrl":"https:\/\/skaitytaknyga.lt\/wp-content\/uploads\/2024\/05\/cropped-cropped-cropped-02_00843_jt3bggkj1j3HLc7SyY6rEUpg.jpeg","width":1600,"height":1600,"caption":"skaitytaknyga.lt"},"image":{"@id":"https:\/\/skaitytaknyga.lt\/#\/schema\/logo\/image\/"},"sameAs":["https:\/\/www.facebook.com\/skaitytaknyga\/"]}]}},"_links":{"self":[{"href":"https:\/\/skaitytaknyga.lt\/en\/wp-json\/wp\/v2\/product\/5602","targetHints":{"allow":["GET"]}}],"collection":[{"href":"https:\/\/skaitytaknyga.lt\/en\/wp-json\/wp\/v2\/product"}],"about":[{"href":"https:\/\/skaitytaknyga.lt\/en\/wp-json\/wp\/v2\/types\/product"}],"replies":[{"embeddable":true,"href":"https:\/\/skaitytaknyga.lt\/en\/wp-json\/wp\/v2\/comments?post=5602"}],"wp:featuredmedia":[{"embeddable":true,"href":"https:\/\/skaitytaknyga.lt\/en\/wp-json\/wp\/v2\/media\/5623"}],"wp:attachment":[{"href":"https:\/\/skaitytaknyga.lt\/en\/wp-json\/wp\/v2\/media?parent=5602"}],"wp:term":[{"taxonomy":"product_brand","embeddable":true,"href":"https:\/\/skaitytaknyga.lt\/en\/wp-json\/wp\/v2\/product_brand?post=5602"},{"taxonomy":"product_cat","embeddable":true,"href":"https:\/\/skaitytaknyga.lt\/en\/wp-json\/wp\/v2\/product_cat?post=5602"},{"taxonomy":"product_tag","embeddable":true,"href":"https:\/\/skaitytaknyga.lt\/en\/wp-json\/wp\/v2\/product_tag?post=5602"}],"curies":[{"name":"wp","href":"https:\/\/api.w.org\/{rel}","templated":true}]}}