{"id":5594,"date":"2024-05-02T12:49:56","date_gmt":"2024-05-02T12:49:56","guid":{"rendered":"https:\/\/skaitytaknyga.lt\/?post_type=product&#038;p=5594"},"modified":"2025-05-12T08:43:50","modified_gmt":"2025-05-12T05:43:50","slug":"praktine-ekonomika-makroekonomika-realiame-pasaulyje","status":"publish","type":"product","link":"https:\/\/skaitytaknyga.lt\/en\/produktas\/praktine-ekonomika-makroekonomika-realiame-pasaulyje\/","title":{"rendered":"Praktin\u0117 ekonomika. Makroekonomika realiame pasaulyje"},"content":{"rendered":"<p>Pra\u016b\u017eus 2007-2009 met\u0173 pasaulinei finans\u0173 krizei, kiekvienas, net ir neb\u016bdamas prezidentu ar alternatyvaus fondo valdytoju, \u017eino &#8211; kalta ta \u201ekvaila\u201c ekonomika. Ir nors b\u016btent ekonomika dominuoja straipsni\u0173 antra\u0161t\u0117se, jos veikimo principai ir tai, kas jai daro \u012ftak\u0105, paprastam \u017emogui lieka paslaptis.<br \/>\nKnygoje\u201ePraktin\u0117 ekonomika\u201c Gregas Ipas, ne kart\u0105 apdovanotas \u201eThe Economist\u201c \u017eurnalistas, pagars\u0117j\u0119s sugeb\u0117jimu sud\u0117ting\u0105 ekonomikos teorij\u0105 paversti lengvai suprantama, labai paprastai paai\u0161kina pagrindinius makroekonomikos principus.<br \/>\nKnyga \u201ePraktin\u0117 ekonomika\u201c yra prieinamas, \u012ftraukiantis ir nenuobodus vadovas, supa\u017eindinantis ir su nuostabiais, ir su pavojingais ekonomikos funkcionavimo b\u016bdais bei paai\u0161kinantis, kaip tai veikia Jus.<\/p>\n","protected":false},"excerpt":{"rendered":"<p>Pra\u016b\u017eus 2007-2009 met\u0173 pasaulinei finans\u0173 krizei, kiekvienas, net ir neb\u016bdamas prezidentu ar alternatyvaus fondo valdytoju, \u017eino &#8211; kalta ta \u201ekvaila\u201c ekonomika. Ir nors b\u016btent ekonomika dominuoja straipsni\u0173 antra\u0161t\u0117se, jos veikimo principai ir tai, kas jai daro \u012ftak\u0105, paprastam \u017emogui lieka paslaptis.<br \/>\nKnygoje\u201ePraktin\u0117 ekonomika\u201c Gregas Ipas, ne kart\u0105 apdovanotas \u201eThe Economist\u201c \u017eurnalistas, pagars\u0117j\u0119s sugeb\u0117jimu sud\u0117ting\u0105 ekonomikos teorij\u0105 paversti lengvai suprantama, labai paprastai paai\u0161kina pagrindinius makroekonomikos principus.<br \/>\nKnyga \u201ePraktin\u0117 ekonomika\u201c yra prieinamas, \u012ftraukiantis ir nenuobodus vadovas, supa\u017eindinantis ir su nuostabiais, ir su pavojingais ekonomikos funkcionavimo b\u016bdais bei paai\u0161kinantis, kaip tai veikia Jus.<\/p>\n","protected":false},"featured_media":5611,"comment_status":"closed","ping_status":"closed","template":"","meta":{"_acf_changed":false,"site-sidebar-layout":"default","site-content-layout":"","ast-site-content-layout":"default","site-content-style":"default","site-sidebar-style":"default","ast-global-header-display":"","ast-banner-title-visibility":"","ast-main-header-display":"","ast-hfb-above-header-display":"","ast-hfb-below-header-display":"","ast-hfb-mobile-header-display":"","site-post-title":"","ast-breadcrumbs-content":"","ast-featured-img":"","footer-sml-layout":"","ast-disable-related-posts":"","theme-transparent-header-meta":"","adv-header-id-meta":"","stick-header-meta":"","header-above-stick-meta":"","header-main-stick-meta":"","header-below-stick-meta":"","astra-migrate-meta-layouts":"default","ast-page-background-enabled":"default","ast-page-background-meta":{"desktop":{"background-color":"","background-image":"","background-repeat":"repeat","background-position":"center center","background-size":"auto","background-attachment":"scroll","background-type":"","background-media":"","overlay-type":"","overlay-color":"","overlay-opacity":"","overlay-gradient":""},"tablet":{"background-color":"","background-image":"","background-repeat":"repeat","background-position":"center center","background-size":"auto","background-attachment":"scroll","background-type":"","background-media":"","overlay-type":"","overlay-color":"","overlay-opacity":"","overlay-gradient":""},"mobile":{"background-color":"","background-image":"","background-repeat":"repeat","background-position":"center center","background-size":"auto","background-attachment":"scroll","background-type":"","background-media":"","overlay-type":"","overlay-color":"","overlay-opacity":"","overlay-gradient":""}},"ast-content-background-meta":{"desktop":{"background-color":"var(--ast-global-color-4)","background-image":"","background-repeat":"repeat","background-position":"center center","background-size":"auto","background-attachment":"scroll","background-type":"","background-media":"","overlay-type":"","overlay-color":"","overlay-opacity":"","overlay-gradient":""},"tablet":{"background-color":"var(--ast-global-color-4)","background-image":"","background-repeat":"repeat","background-position":"center center","background-size":"auto","background-attachment":"scroll","background-type":"","background-media":"","overlay-type":"","overlay-color":"","overlay-opacity":"","overlay-gradient":""},"mobile":{"background-color":"var(--ast-global-color-4)","background-image":"","background-repeat":"repeat","background-position":"center center","background-size":"auto","background-attachment":"scroll","background-type":"","background-media":"","overlay-type":"","overlay-color":"","overlay-opacity":"","overlay-gradient":""}}},"product_brand":[],"product_cat":[26],"product_tag":[1575,1572,1574,1570,1571,1573,1532],"class_list":{"0":"post-5594","1":"product","2":"type-product","3":"status-publish","4":"has-post-thumbnail","6":"product_cat-verslas-vadyba-ir-finansai","7":"product_tag-ekonomikos-principai","8":"product_tag-ekonomikos-teorija","9":"product_tag-finansu-krize","10":"product_tag-gregas-ipas","11":"product_tag-makroekonomika","12":"product_tag-praktinis-vadovas","13":"product_tag-svietimas","14":"desktop-align-left","15":"tablet-align-left","16":"mobile-align-left","18":"first","19":"outofstock","20":"shipping-taxable","21":"purchasable","22":"product-type-simple"},"acf":[],"yoast_head":"<!-- This site is optimized with the Yoast SEO plugin v27.0 - https:\/\/yoast.com\/product\/yoast-seo-wordpress\/ -->\n<title>Praktin\u0117 ekonomika. Makroekonomika realiame pasaulyje - Skaitytaknyga<\/title>\n<meta name=\"description\" content=\"Pra\u016b\u017eus 2007-2009 met\u0173 pasaulinei finans\u0173 krizei, kiekvienas, net ir neb\u016bdamas prezidentu ar alternatyvaus fondo valdytoju, \u017eino - kalta ta \u201ekvaila\u201c ekonomika. Ir nors b\u016btent ekonomika dominuoja straipsni\u0173 antra\u0161t\u0117se, jos veikimo principai ir tai, kas jai daro \u012ftak\u0105, paprastam \u017emogui lieka paslaptis. Knygoje\u201ePraktin\u0117 ekonomika\u201c Gregas Ipas, ne kart\u0105 apdovanotas \u201eThe Economist\u201c \u017eurnalistas, pagars\u0117j\u0119s sugeb\u0117jimu sud\u0117ting\u0105 ekonomikos teorij\u0105 paversti lengvai suprantama, labai paprastai paai\u0161kina pagrindinius makroekonomikos principus. Knyga \u201ePraktin\u0117 ekonomika\u201c yra prieinamas, \u012ftraukiantis ir nenuobodus vadovas, supa\u017eindinantis ir su nuostabiais, ir su pavojingais ekonomikos funkcionavimo b\u016bdais bei paai\u0161kinantis, kaip tai veikia Jus.\" \/>\n<meta name=\"robots\" content=\"index, follow, max-snippet:-1, max-image-preview:large, max-video-preview:-1\" \/>\n<link rel=\"canonical\" href=\"https:\/\/skaitytaknyga.lt\/en\/produktas\/praktine-ekonomika-makroekonomika-realiame-pasaulyje\/\" \/>\n<meta property=\"og:locale\" content=\"en_GB\" \/>\n<meta property=\"og:locale:alternate\" content=\"lt_LT\" \/>\n<meta property=\"og:type\" content=\"article\" \/>\n<meta property=\"og:title\" content=\"Praktin\u0117 ekonomika. Makroekonomika realiame pasaulyje - Skaitytaknyga\" \/>\n<meta property=\"og:description\" content=\"Pra\u016b\u017eus 2007-2009 met\u0173 pasaulinei finans\u0173 krizei, kiekvienas, net ir neb\u016bdamas prezidentu ar alternatyvaus fondo valdytoju, \u017eino - kalta ta \u201ekvaila\u201c ekonomika. Ir nors b\u016btent ekonomika dominuoja straipsni\u0173 antra\u0161t\u0117se, jos veikimo principai ir tai, kas jai daro \u012ftak\u0105, paprastam \u017emogui lieka paslaptis. Knygoje\u201ePraktin\u0117 ekonomika\u201c Gregas Ipas, ne kart\u0105 apdovanotas \u201eThe Economist\u201c \u017eurnalistas, pagars\u0117j\u0119s sugeb\u0117jimu sud\u0117ting\u0105 ekonomikos teorij\u0105 paversti lengvai suprantama, labai paprastai paai\u0161kina pagrindinius makroekonomikos principus. Knyga \u201ePraktin\u0117 ekonomika\u201c yra prieinamas, \u012ftraukiantis ir nenuobodus vadovas, supa\u017eindinantis ir su nuostabiais, ir su pavojingais ekonomikos funkcionavimo b\u016bdais bei paai\u0161kinantis, kaip tai veikia Jus.\" \/>\n<meta property=\"og:url\" content=\"https:\/\/skaitytaknyga.lt\/en\/produktas\/praktine-ekonomika-makroekonomika-realiame-pasaulyje\/\" \/>\n<meta property=\"og:site_name\" content=\"Skaitytaknyga\" \/>\n<meta property=\"article:publisher\" content=\"https:\/\/www.facebook.com\/skaitytaknyga\/\" \/>\n<meta property=\"article:modified_time\" content=\"2025-05-12T05:43:50+00:00\" \/>\n<meta property=\"og:image\" content=\"https:\/\/skaitytaknyga.lt\/wp-content\/uploads\/2024\/05\/praktine-ekonomika.jpg\" \/>\n\t<meta property=\"og:image:width\" content=\"281\" \/>\n\t<meta property=\"og:image:height\" content=\"430\" \/>\n\t<meta property=\"og:image:type\" content=\"image\/jpeg\" \/>\n<meta name=\"twitter:card\" content=\"summary_large_image\" \/>\n<meta name=\"twitter:label1\" content=\"Estimated reading time\" \/>\n\t<meta name=\"twitter:data1\" content=\"1 minute\" \/>\n<script type=\"application\/ld+json\" class=\"yoast-schema-graph\">{\"@context\":\"https:\/\/schema.org\",\"@graph\":[{\"@type\":\"WebPage\",\"@id\":\"https:\/\/skaitytaknyga.lt\/produktas\/praktine-ekonomika-makroekonomika-realiame-pasaulyje\/\",\"url\":\"https:\/\/skaitytaknyga.lt\/produktas\/praktine-ekonomika-makroekonomika-realiame-pasaulyje\/\",\"name\":\"Praktin\u0117 ekonomika. Makroekonomika realiame pasaulyje - Skaitytaknyga\",\"isPartOf\":{\"@id\":\"https:\/\/skaitytaknyga.lt\/#website\"},\"primaryImageOfPage\":{\"@id\":\"https:\/\/skaitytaknyga.lt\/produktas\/praktine-ekonomika-makroekonomika-realiame-pasaulyje\/#primaryimage\"},\"image\":{\"@id\":\"https:\/\/skaitytaknyga.lt\/produktas\/praktine-ekonomika-makroekonomika-realiame-pasaulyje\/#primaryimage\"},\"thumbnailUrl\":\"https:\/\/skaitytaknyga.lt\/wp-content\/uploads\/2024\/05\/praktine-ekonomika.jpg\",\"datePublished\":\"2024-05-02T12:49:56+00:00\",\"dateModified\":\"2025-05-12T05:43:50+00:00\",\"description\":\"Pra\u016b\u017eus 2007-2009 met\u0173 pasaulinei finans\u0173 krizei, kiekvienas, net ir neb\u016bdamas prezidentu ar alternatyvaus fondo valdytoju, \u017eino - kalta ta \u201ekvaila\u201c ekonomika. Ir nors b\u016btent ekonomika dominuoja straipsni\u0173 antra\u0161t\u0117se, jos veikimo principai ir tai, kas jai daro \u012ftak\u0105, paprastam \u017emogui lieka paslaptis. Knygoje\u201ePraktin\u0117 ekonomika\u201c Gregas Ipas, ne kart\u0105 apdovanotas \u201eThe Economist\u201c \u017eurnalistas, pagars\u0117j\u0119s sugeb\u0117jimu sud\u0117ting\u0105 ekonomikos teorij\u0105 paversti lengvai suprantama, labai paprastai paai\u0161kina pagrindinius makroekonomikos principus. Knyga \u201ePraktin\u0117 ekonomika\u201c yra prieinamas, \u012ftraukiantis ir nenuobodus vadovas, supa\u017eindinantis ir su nuostabiais, ir su pavojingais ekonomikos funkcionavimo b\u016bdais bei paai\u0161kinantis, kaip tai veikia Jus.\",\"breadcrumb\":{\"@id\":\"https:\/\/skaitytaknyga.lt\/produktas\/praktine-ekonomika-makroekonomika-realiame-pasaulyje\/#breadcrumb\"},\"inLanguage\":\"en-GB\",\"potentialAction\":[{\"@type\":\"ReadAction\",\"target\":[\"https:\/\/skaitytaknyga.lt\/produktas\/praktine-ekonomika-makroekonomika-realiame-pasaulyje\/\"]}]},{\"@type\":\"ImageObject\",\"inLanguage\":\"en-GB\",\"@id\":\"https:\/\/skaitytaknyga.lt\/produktas\/praktine-ekonomika-makroekonomika-realiame-pasaulyje\/#primaryimage\",\"url\":\"https:\/\/skaitytaknyga.lt\/wp-content\/uploads\/2024\/05\/praktine-ekonomika.jpg\",\"contentUrl\":\"https:\/\/skaitytaknyga.lt\/wp-content\/uploads\/2024\/05\/praktine-ekonomika.jpg\",\"width\":281,\"height\":430},{\"@type\":\"BreadcrumbList\",\"@id\":\"https:\/\/skaitytaknyga.lt\/produktas\/praktine-ekonomika-makroekonomika-realiame-pasaulyje\/#breadcrumb\",\"itemListElement\":[{\"@type\":\"ListItem\",\"position\":1,\"name\":\"Home\",\"item\":\"https:\/\/skaitytaknyga.lt\/\"},{\"@type\":\"ListItem\",\"position\":2,\"name\":\"Parduotuv\u0117\",\"item\":\"https:\/\/skaitytaknyga.lt\/knygu-parduotuve\/\"},{\"@type\":\"ListItem\",\"position\":3,\"name\":\"Praktin\u0117 ekonomika. Makroekonomika realiame pasaulyje\"}]},{\"@type\":\"WebSite\",\"@id\":\"https:\/\/skaitytaknyga.lt\/#website\",\"url\":\"https:\/\/skaitytaknyga.lt\/\",\"name\":\"skaitytaknyga.lt\",\"description\":\"Skaitytaknyga.lt \u2013 tai ma\u017eas \u0161eimos verslas, kuris prasid\u0117jo nuo meil\u0117s knygoms ir siekio i\u0161gelb\u0117ti knygas nuo likimo prie konteinerio. Kas vienam nereikalingas daiktas \u2013 kitam lobis, o mes esame tarpininkai, kurie padeda abiems tapti laimingesniems ???? \u017dinome kaip nelengva i\u0161gyventi ma\u017eiems verslams, tad nuo \u0161iol, \u010dia rasite ir kit\u0173, ma\u017e\u0173 \u0161eim\u0173 versl\u0173, rank\u0173 darbo, dovan\u0173 sau ir artimiesiems.\",\"publisher\":{\"@id\":\"https:\/\/skaitytaknyga.lt\/#organization\"},\"potentialAction\":[{\"@type\":\"SearchAction\",\"target\":{\"@type\":\"EntryPoint\",\"urlTemplate\":\"https:\/\/skaitytaknyga.lt\/?s={search_term_string}\"},\"query-input\":{\"@type\":\"PropertyValueSpecification\",\"valueRequired\":true,\"valueName\":\"search_term_string\"}}],\"inLanguage\":\"en-GB\"},{\"@type\":\"Organization\",\"@id\":\"https:\/\/skaitytaknyga.lt\/#organization\",\"name\":\"skaitytaknyga.lt\",\"url\":\"https:\/\/skaitytaknyga.lt\/\",\"logo\":{\"@type\":\"ImageObject\",\"inLanguage\":\"en-GB\",\"@id\":\"https:\/\/skaitytaknyga.lt\/#\/schema\/logo\/image\/\",\"url\":\"https:\/\/skaitytaknyga.lt\/wp-content\/uploads\/2024\/05\/cropped-cropped-cropped-02_00843_jt3bggkj1j3HLc7SyY6rEUpg.jpeg\",\"contentUrl\":\"https:\/\/skaitytaknyga.lt\/wp-content\/uploads\/2024\/05\/cropped-cropped-cropped-02_00843_jt3bggkj1j3HLc7SyY6rEUpg.jpeg\",\"width\":1600,\"height\":1600,\"caption\":\"skaitytaknyga.lt\"},\"image\":{\"@id\":\"https:\/\/skaitytaknyga.lt\/#\/schema\/logo\/image\/\"},\"sameAs\":[\"https:\/\/www.facebook.com\/skaitytaknyga\/\"]}]}<\/script>\n<!-- \/ Yoast SEO plugin. -->","yoast_head_json":{"title":"Praktin\u0117 ekonomika. Makroekonomika realiame pasaulyje - Skaitytaknyga","description":"Pra\u016b\u017eus 2007-2009 met\u0173 pasaulinei finans\u0173 krizei, kiekvienas, net ir neb\u016bdamas prezidentu ar alternatyvaus fondo valdytoju, \u017eino - kalta ta \u201ekvaila\u201c ekonomika. Ir nors b\u016btent ekonomika dominuoja straipsni\u0173 antra\u0161t\u0117se, jos veikimo principai ir tai, kas jai daro \u012ftak\u0105, paprastam \u017emogui lieka paslaptis. Knygoje\u201ePraktin\u0117 ekonomika\u201c Gregas Ipas, ne kart\u0105 apdovanotas \u201eThe Economist\u201c \u017eurnalistas, pagars\u0117j\u0119s sugeb\u0117jimu sud\u0117ting\u0105 ekonomikos teorij\u0105 paversti lengvai suprantama, labai paprastai paai\u0161kina pagrindinius makroekonomikos principus. Knyga \u201ePraktin\u0117 ekonomika\u201c yra prieinamas, \u012ftraukiantis ir nenuobodus vadovas, supa\u017eindinantis ir su nuostabiais, ir su pavojingais ekonomikos funkcionavimo b\u016bdais bei paai\u0161kinantis, kaip tai veikia Jus.","robots":{"index":"index","follow":"follow","max-snippet":"max-snippet:-1","max-image-preview":"max-image-preview:large","max-video-preview":"max-video-preview:-1"},"canonical":"https:\/\/skaitytaknyga.lt\/en\/produktas\/praktine-ekonomika-makroekonomika-realiame-pasaulyje\/","og_locale":"en_GB","og_type":"article","og_title":"Praktin\u0117 ekonomika. Makroekonomika realiame pasaulyje - Skaitytaknyga","og_description":"Pra\u016b\u017eus 2007-2009 met\u0173 pasaulinei finans\u0173 krizei, kiekvienas, net ir neb\u016bdamas prezidentu ar alternatyvaus fondo valdytoju, \u017eino - kalta ta \u201ekvaila\u201c ekonomika. Ir nors b\u016btent ekonomika dominuoja straipsni\u0173 antra\u0161t\u0117se, jos veikimo principai ir tai, kas jai daro \u012ftak\u0105, paprastam \u017emogui lieka paslaptis. Knygoje\u201ePraktin\u0117 ekonomika\u201c Gregas Ipas, ne kart\u0105 apdovanotas \u201eThe Economist\u201c \u017eurnalistas, pagars\u0117j\u0119s sugeb\u0117jimu sud\u0117ting\u0105 ekonomikos teorij\u0105 paversti lengvai suprantama, labai paprastai paai\u0161kina pagrindinius makroekonomikos principus. Knyga \u201ePraktin\u0117 ekonomika\u201c yra prieinamas, \u012ftraukiantis ir nenuobodus vadovas, supa\u017eindinantis ir su nuostabiais, ir su pavojingais ekonomikos funkcionavimo b\u016bdais bei paai\u0161kinantis, kaip tai veikia Jus.","og_url":"https:\/\/skaitytaknyga.lt\/en\/produktas\/praktine-ekonomika-makroekonomika-realiame-pasaulyje\/","og_site_name":"Skaitytaknyga","article_publisher":"https:\/\/www.facebook.com\/skaitytaknyga\/","article_modified_time":"2025-05-12T05:43:50+00:00","og_image":[{"width":281,"height":430,"url":"https:\/\/skaitytaknyga.lt\/wp-content\/uploads\/2024\/05\/praktine-ekonomika.jpg","type":"image\/jpeg"}],"twitter_card":"summary_large_image","twitter_misc":{"Estimated reading time":"1 minute"},"schema":{"@context":"https:\/\/schema.org","@graph":[{"@type":"WebPage","@id":"https:\/\/skaitytaknyga.lt\/produktas\/praktine-ekonomika-makroekonomika-realiame-pasaulyje\/","url":"https:\/\/skaitytaknyga.lt\/produktas\/praktine-ekonomika-makroekonomika-realiame-pasaulyje\/","name":"Praktin\u0117 ekonomika. Makroekonomika realiame pasaulyje - Skaitytaknyga","isPartOf":{"@id":"https:\/\/skaitytaknyga.lt\/#website"},"primaryImageOfPage":{"@id":"https:\/\/skaitytaknyga.lt\/produktas\/praktine-ekonomika-makroekonomika-realiame-pasaulyje\/#primaryimage"},"image":{"@id":"https:\/\/skaitytaknyga.lt\/produktas\/praktine-ekonomika-makroekonomika-realiame-pasaulyje\/#primaryimage"},"thumbnailUrl":"https:\/\/skaitytaknyga.lt\/wp-content\/uploads\/2024\/05\/praktine-ekonomika.jpg","datePublished":"2024-05-02T12:49:56+00:00","dateModified":"2025-05-12T05:43:50+00:00","description":"Pra\u016b\u017eus 2007-2009 met\u0173 pasaulinei finans\u0173 krizei, kiekvienas, net ir neb\u016bdamas prezidentu ar alternatyvaus fondo valdytoju, \u017eino - kalta ta \u201ekvaila\u201c ekonomika. Ir nors b\u016btent ekonomika dominuoja straipsni\u0173 antra\u0161t\u0117se, jos veikimo principai ir tai, kas jai daro \u012ftak\u0105, paprastam \u017emogui lieka paslaptis. Knygoje\u201ePraktin\u0117 ekonomika\u201c Gregas Ipas, ne kart\u0105 apdovanotas \u201eThe Economist\u201c \u017eurnalistas, pagars\u0117j\u0119s sugeb\u0117jimu sud\u0117ting\u0105 ekonomikos teorij\u0105 paversti lengvai suprantama, labai paprastai paai\u0161kina pagrindinius makroekonomikos principus. Knyga \u201ePraktin\u0117 ekonomika\u201c yra prieinamas, \u012ftraukiantis ir nenuobodus vadovas, supa\u017eindinantis ir su nuostabiais, ir su pavojingais ekonomikos funkcionavimo b\u016bdais bei paai\u0161kinantis, kaip tai veikia Jus.","breadcrumb":{"@id":"https:\/\/skaitytaknyga.lt\/produktas\/praktine-ekonomika-makroekonomika-realiame-pasaulyje\/#breadcrumb"},"inLanguage":"en-GB","potentialAction":[{"@type":"ReadAction","target":["https:\/\/skaitytaknyga.lt\/produktas\/praktine-ekonomika-makroekonomika-realiame-pasaulyje\/"]}]},{"@type":"ImageObject","inLanguage":"en-GB","@id":"https:\/\/skaitytaknyga.lt\/produktas\/praktine-ekonomika-makroekonomika-realiame-pasaulyje\/#primaryimage","url":"https:\/\/skaitytaknyga.lt\/wp-content\/uploads\/2024\/05\/praktine-ekonomika.jpg","contentUrl":"https:\/\/skaitytaknyga.lt\/wp-content\/uploads\/2024\/05\/praktine-ekonomika.jpg","width":281,"height":430},{"@type":"BreadcrumbList","@id":"https:\/\/skaitytaknyga.lt\/produktas\/praktine-ekonomika-makroekonomika-realiame-pasaulyje\/#breadcrumb","itemListElement":[{"@type":"ListItem","position":1,"name":"Home","item":"https:\/\/skaitytaknyga.lt\/"},{"@type":"ListItem","position":2,"name":"Parduotuv\u0117","item":"https:\/\/skaitytaknyga.lt\/knygu-parduotuve\/"},{"@type":"ListItem","position":3,"name":"Praktin\u0117 ekonomika. Makroekonomika realiame pasaulyje"}]},{"@type":"WebSite","@id":"https:\/\/skaitytaknyga.lt\/#website","url":"https:\/\/skaitytaknyga.lt\/","name":"skaitytaknyga.lt","description":"Skaitytaknyga.lt \u2013 tai ma\u017eas \u0161eimos verslas, kuris prasid\u0117jo nuo meil\u0117s knygoms ir siekio i\u0161gelb\u0117ti knygas nuo likimo prie konteinerio. Kas vienam nereikalingas daiktas \u2013 kitam lobis, o mes esame tarpininkai, kurie padeda abiems tapti laimingesniems ???? \u017dinome kaip nelengva i\u0161gyventi ma\u017eiems verslams, tad nuo \u0161iol, \u010dia rasite ir kit\u0173, ma\u017e\u0173 \u0161eim\u0173 versl\u0173, rank\u0173 darbo, dovan\u0173 sau ir artimiesiems.","publisher":{"@id":"https:\/\/skaitytaknyga.lt\/#organization"},"potentialAction":[{"@type":"SearchAction","target":{"@type":"EntryPoint","urlTemplate":"https:\/\/skaitytaknyga.lt\/?s={search_term_string}"},"query-input":{"@type":"PropertyValueSpecification","valueRequired":true,"valueName":"search_term_string"}}],"inLanguage":"en-GB"},{"@type":"Organization","@id":"https:\/\/skaitytaknyga.lt\/#organization","name":"skaitytaknyga.lt","url":"https:\/\/skaitytaknyga.lt\/","logo":{"@type":"ImageObject","inLanguage":"en-GB","@id":"https:\/\/skaitytaknyga.lt\/#\/schema\/logo\/image\/","url":"https:\/\/skaitytaknyga.lt\/wp-content\/uploads\/2024\/05\/cropped-cropped-cropped-02_00843_jt3bggkj1j3HLc7SyY6rEUpg.jpeg","contentUrl":"https:\/\/skaitytaknyga.lt\/wp-content\/uploads\/2024\/05\/cropped-cropped-cropped-02_00843_jt3bggkj1j3HLc7SyY6rEUpg.jpeg","width":1600,"height":1600,"caption":"skaitytaknyga.lt"},"image":{"@id":"https:\/\/skaitytaknyga.lt\/#\/schema\/logo\/image\/"},"sameAs":["https:\/\/www.facebook.com\/skaitytaknyga\/"]}]}},"_links":{"self":[{"href":"https:\/\/skaitytaknyga.lt\/en\/wp-json\/wp\/v2\/product\/5594","targetHints":{"allow":["GET"]}}],"collection":[{"href":"https:\/\/skaitytaknyga.lt\/en\/wp-json\/wp\/v2\/product"}],"about":[{"href":"https:\/\/skaitytaknyga.lt\/en\/wp-json\/wp\/v2\/types\/product"}],"replies":[{"embeddable":true,"href":"https:\/\/skaitytaknyga.lt\/en\/wp-json\/wp\/v2\/comments?post=5594"}],"wp:featuredmedia":[{"embeddable":true,"href":"https:\/\/skaitytaknyga.lt\/en\/wp-json\/wp\/v2\/media\/5611"}],"wp:attachment":[{"href":"https:\/\/skaitytaknyga.lt\/en\/wp-json\/wp\/v2\/media?parent=5594"}],"wp:term":[{"taxonomy":"product_brand","embeddable":true,"href":"https:\/\/skaitytaknyga.lt\/en\/wp-json\/wp\/v2\/product_brand?post=5594"},{"taxonomy":"product_cat","embeddable":true,"href":"https:\/\/skaitytaknyga.lt\/en\/wp-json\/wp\/v2\/product_cat?post=5594"},{"taxonomy":"product_tag","embeddable":true,"href":"https:\/\/skaitytaknyga.lt\/en\/wp-json\/wp\/v2\/product_tag?post=5594"}],"curies":[{"name":"wp","href":"https:\/\/api.w.org\/{rel}","templated":true}]}}