{"id":5561,"date":"2024-05-02T12:48:20","date_gmt":"2024-05-02T12:48:20","guid":{"rendered":"https:\/\/skaitytaknyga.lt\/?post_type=product&#038;p=5561"},"modified":"2024-05-03T07:29:11","modified_gmt":"2024-05-03T07:29:11","slug":"gintaras-beresnevicius-paruzija","status":"publish","type":"product","link":"https:\/\/skaitytaknyga.lt\/en\/produktas\/gintaras-beresnevicius-paruzija\/","title":{"rendered":"Gintaras Beresnevi\u010dius \u201eParuzija\u201c"},"content":{"rendered":"<p>\u201eParuzija\u201c \u2013 septynioliktoji religijotyrininko, eseisto Gintaro Beresnevi\u010diaus knyga. Tai pirmasis grynas, vientisas romanas, kuriame sulydyta literat\u016brin\u0117 ir religijotyrin\u0117 autoriaus patirtis bei i\u0161mon\u0117.<\/p>\n<p>\u201eParuzija\u201c sen\u0173j\u0173 krik\u0161\u010dioni\u0173 graiki\u0161koje terminijoje \u2013 pakartotinis Kristaus at\u0117jimas ir mirusi\u0173j\u0173 prisik\u0117limas. \u0160i knyga baigiama apokaliptin\u0117mis scenomis. Tik tai ne teologija, grei\u010diau atvirk\u0161tin\u0117 teologija. Knyg\u0105 galima suprasti ir kaip visuomen\u0117s raidos parodij\u0105, \u0161i\u0173 dien\u0173 Lietuvos groteski\u0161k\u0105 analiz\u0119, ir kaip ateities prognoz\u0119.<\/p>\n<p>Romano nuotaikos svyruoja nuo absurdo humoro iki siaubo romano ton\u0173, nuo postmodernistinio iki realistinio stiliaus. Modeliuojant i\u0161rai\u0161kos priemones, kalbama apie \u017emoguje slypin\u010dias k\u016brimo ir griovimo galias. Pasitelkdamas absurd\u0105 ir juod\u0105j\u012f humor\u0105 autorius kalba apie \u017emogaus lemties tragizm\u0105, anapusyb\u0117s ilges\u012f, stojimo Dievo akivaizdon tro\u0161kul\u012f ir siaub\u0105.<\/p>\n","protected":false},"excerpt":{"rendered":"<p>\u201eParuzija\u201c \u2013 septynioliktoji religijotyrininko, eseisto Gintaro Beresnevi\u010diaus knyga. Tai pirmasis grynas, vientisas romanas, kuriame sulydyta literat\u016brin\u0117 ir religijotyrin\u0117 autoriaus patirtis bei i\u0161mon\u0117.<\/p>\n<p>\u201eParuzija\u201c sen\u0173j\u0173 krik\u0161\u010dioni\u0173 graiki\u0161koje terminijoje \u2013 pakartotinis Kristaus at\u0117jimas ir mirusi\u0173j\u0173 prisik\u0117limas. \u0160i knyga baigiama apokaliptin\u0117mis scenomis. Tik tai ne teologija, grei\u010diau atvirk\u0161tin\u0117 teologija. Knyg\u0105 galima suprasti ir kaip visuomen\u0117s raidos parodij\u0105, \u0161i\u0173 dien\u0173 Lietuvos groteski\u0161k\u0105 analiz\u0119, ir kaip ateities prognoz\u0119.<\/p>\n<p>Romano nuotaikos svyruoja nuo absurdo humoro iki siaubo romano ton\u0173, nuo postmodernistinio iki realistinio stiliaus. Modeliuojant i\u0161rai\u0161kos priemones, kalbama apie \u017emoguje slypin\u010dias k\u016brimo ir griovimo galias. Pasitelkdamas absurd\u0105 ir juod\u0105j\u012f humor\u0105 autorius kalba apie \u017emogaus lemties tragizm\u0105, anapusyb\u0117s ilges\u012f, stojimo Dievo akivaizdon tro\u0161kul\u012f ir siaub\u0105.<\/p>\n","protected":false},"featured_media":5580,"comment_status":"closed","ping_status":"closed","template":"","meta":{"_acf_changed":false,"site-sidebar-layout":"default","site-content-layout":"","ast-site-content-layout":"default","site-content-style":"default","site-sidebar-style":"default","ast-global-header-display":"","ast-banner-title-visibility":"","ast-main-header-display":"","ast-hfb-above-header-display":"","ast-hfb-below-header-display":"","ast-hfb-mobile-header-display":"","site-post-title":"","ast-breadcrumbs-content":"","ast-featured-img":"","footer-sml-layout":"","ast-disable-related-posts":"","theme-transparent-header-meta":"","adv-header-id-meta":"","stick-header-meta":"","header-above-stick-meta":"","header-main-stick-meta":"","header-below-stick-meta":"","astra-migrate-meta-layouts":"default","ast-page-background-enabled":"default","ast-page-background-meta":{"desktop":{"background-color":"","background-image":"","background-repeat":"repeat","background-position":"center center","background-size":"auto","background-attachment":"scroll","background-type":"","background-media":"","overlay-type":"","overlay-color":"","overlay-opacity":"","overlay-gradient":""},"tablet":{"background-color":"","background-image":"","background-repeat":"repeat","background-position":"center center","background-size":"auto","background-attachment":"scroll","background-type":"","background-media":"","overlay-type":"","overlay-color":"","overlay-opacity":"","overlay-gradient":""},"mobile":{"background-color":"","background-image":"","background-repeat":"repeat","background-position":"center center","background-size":"auto","background-attachment":"scroll","background-type":"","background-media":"","overlay-type":"","overlay-color":"","overlay-opacity":"","overlay-gradient":""}},"ast-content-background-meta":{"desktop":{"background-color":"var(--ast-global-color-4)","background-image":"","background-repeat":"repeat","background-position":"center center","background-size":"auto","background-attachment":"scroll","background-type":"","background-media":"","overlay-type":"","overlay-color":"","overlay-opacity":"","overlay-gradient":""},"tablet":{"background-color":"var(--ast-global-color-4)","background-image":"","background-repeat":"repeat","background-position":"center center","background-size":"auto","background-attachment":"scroll","background-type":"","background-media":"","overlay-type":"","overlay-color":"","overlay-opacity":"","overlay-gradient":""},"mobile":{"background-color":"var(--ast-global-color-4)","background-image":"","background-repeat":"repeat","background-position":"center center","background-size":"auto","background-attachment":"scroll","background-type":"","background-media":"","overlay-type":"","overlay-color":"","overlay-opacity":"","overlay-gradient":""}}},"product_brand":[],"product_cat":[31],"product_tag":[],"class_list":{"0":"post-5561","1":"product","2":"type-product","3":"status-publish","4":"has-post-thumbnail","6":"product_cat-grozine-literatura","7":"desktop-align-left","8":"tablet-align-left","9":"mobile-align-left","11":"first","12":"instock","13":"shipping-taxable","14":"purchasable","15":"product-type-simple"},"acf":[],"yoast_head":"<!-- This site is optimized with the Yoast SEO plugin v27.0 - https:\/\/yoast.com\/product\/yoast-seo-wordpress\/ -->\n<title>Gintaras Beresnevi\u010dius \u201eParuzija\u201c - Skaitytaknyga<\/title>\n<meta name=\"description\" content=\"\u201eParuzija\u201c \u2013 septynioliktoji religijotyrininko, eseisto Gintaro Beresnevi\u010diaus knyga. Tai pirmasis grynas, vientisas romanas, kuriame sulydyta literat\u016brin\u0117 ir religijotyrin\u0117 autoriaus patirtis bei i\u0161mon\u0117.  \u201eParuzija\u201c sen\u0173j\u0173 krik\u0161\u010dioni\u0173 graiki\u0161koje terminijoje \u2013 pakartotinis Kristaus at\u0117jimas ir mirusi\u0173j\u0173 prisik\u0117limas. \u0160i knyga baigiama apokaliptin\u0117mis scenomis. Tik tai ne teologija, grei\u010diau atvirk\u0161tin\u0117 teologija. Knyg\u0105 galima suprasti ir kaip visuomen\u0117s raidos parodij\u0105, \u0161i\u0173 dien\u0173 Lietuvos groteski\u0161k\u0105 analiz\u0119, ir kaip ateities prognoz\u0119.  Romano nuotaikos svyruoja nuo absurdo humoro iki siaubo romano ton\u0173, nuo postmodernistinio iki realistinio stiliaus. Modeliuojant i\u0161rai\u0161kos priemones, kalbama apie \u017emoguje slypin\u010dias k\u016brimo ir griovimo galias. Pasitelkdamas absurd\u0105 ir juod\u0105j\u012f humor\u0105 autorius kalba apie \u017emogaus lemties tragizm\u0105, anapusyb\u0117s ilges\u012f, stojimo Dievo akivaizdon tro\u0161kul\u012f ir siaub\u0105.\" \/>\n<meta name=\"robots\" content=\"index, follow, max-snippet:-1, max-image-preview:large, max-video-preview:-1\" \/>\n<link rel=\"canonical\" href=\"https:\/\/skaitytaknyga.lt\/en\/produktas\/gintaras-beresnevicius-paruzija\/\" \/>\n<meta property=\"og:locale\" content=\"en_GB\" \/>\n<meta property=\"og:locale:alternate\" content=\"lt_LT\" \/>\n<meta property=\"og:type\" content=\"article\" \/>\n<meta property=\"og:title\" content=\"Gintaras Beresnevi\u010dius \u201eParuzija\u201c - Skaitytaknyga\" \/>\n<meta property=\"og:description\" content=\"\u201eParuzija\u201c \u2013 septynioliktoji religijotyrininko, eseisto Gintaro Beresnevi\u010diaus knyga. Tai pirmasis grynas, vientisas romanas, kuriame sulydyta literat\u016brin\u0117 ir religijotyrin\u0117 autoriaus patirtis bei i\u0161mon\u0117.  \u201eParuzija\u201c sen\u0173j\u0173 krik\u0161\u010dioni\u0173 graiki\u0161koje terminijoje \u2013 pakartotinis Kristaus at\u0117jimas ir mirusi\u0173j\u0173 prisik\u0117limas. \u0160i knyga baigiama apokaliptin\u0117mis scenomis. Tik tai ne teologija, grei\u010diau atvirk\u0161tin\u0117 teologija. Knyg\u0105 galima suprasti ir kaip visuomen\u0117s raidos parodij\u0105, \u0161i\u0173 dien\u0173 Lietuvos groteski\u0161k\u0105 analiz\u0119, ir kaip ateities prognoz\u0119.  Romano nuotaikos svyruoja nuo absurdo humoro iki siaubo romano ton\u0173, nuo postmodernistinio iki realistinio stiliaus. Modeliuojant i\u0161rai\u0161kos priemones, kalbama apie \u017emoguje slypin\u010dias k\u016brimo ir griovimo galias. Pasitelkdamas absurd\u0105 ir juod\u0105j\u012f humor\u0105 autorius kalba apie \u017emogaus lemties tragizm\u0105, anapusyb\u0117s ilges\u012f, stojimo Dievo akivaizdon tro\u0161kul\u012f ir siaub\u0105.\" \/>\n<meta property=\"og:url\" content=\"https:\/\/skaitytaknyga.lt\/en\/produktas\/gintaras-beresnevicius-paruzija\/\" \/>\n<meta property=\"og:site_name\" content=\"Skaitytaknyga\" \/>\n<meta property=\"article:publisher\" content=\"https:\/\/www.facebook.com\/skaitytaknyga\/\" \/>\n<meta property=\"article:modified_time\" content=\"2024-05-03T07:29:11+00:00\" \/>\n<meta property=\"og:image\" content=\"https:\/\/skaitytaknyga.lt\/wp-content\/uploads\/2024\/05\/Be-pavadinimo-2.png\" \/>\n\t<meta property=\"og:image:width\" content=\"151\" \/>\n\t<meta property=\"og:image:height\" content=\"221\" \/>\n\t<meta property=\"og:image:type\" content=\"image\/png\" \/>\n<meta name=\"twitter:card\" content=\"summary_large_image\" \/>\n<meta name=\"twitter:label1\" content=\"Estimated reading time\" \/>\n\t<meta name=\"twitter:data1\" content=\"1 minute\" \/>\n<script type=\"application\/ld+json\" class=\"yoast-schema-graph\">{\"@context\":\"https:\/\/schema.org\",\"@graph\":[{\"@type\":\"WebPage\",\"@id\":\"https:\/\/skaitytaknyga.lt\/produktas\/gintaras-beresnevicius-paruzija\/\",\"url\":\"https:\/\/skaitytaknyga.lt\/produktas\/gintaras-beresnevicius-paruzija\/\",\"name\":\"Gintaras Beresnevi\u010dius \u201eParuzija\u201c - Skaitytaknyga\",\"isPartOf\":{\"@id\":\"https:\/\/skaitytaknyga.lt\/#website\"},\"primaryImageOfPage\":{\"@id\":\"https:\/\/skaitytaknyga.lt\/produktas\/gintaras-beresnevicius-paruzija\/#primaryimage\"},\"image\":{\"@id\":\"https:\/\/skaitytaknyga.lt\/produktas\/gintaras-beresnevicius-paruzija\/#primaryimage\"},\"thumbnailUrl\":\"https:\/\/skaitytaknyga.lt\/wp-content\/uploads\/2024\/05\/Be-pavadinimo-2.png\",\"datePublished\":\"2024-05-02T12:48:20+00:00\",\"dateModified\":\"2024-05-03T07:29:11+00:00\",\"description\":\"\u201eParuzija\u201c \u2013 septynioliktoji religijotyrininko, eseisto Gintaro Beresnevi\u010diaus knyga. Tai pirmasis grynas, vientisas romanas, kuriame sulydyta literat\u016brin\u0117 ir religijotyrin\u0117 autoriaus patirtis bei i\u0161mon\u0117. \u201eParuzija\u201c sen\u0173j\u0173 krik\u0161\u010dioni\u0173 graiki\u0161koje terminijoje \u2013 pakartotinis Kristaus at\u0117jimas ir mirusi\u0173j\u0173 prisik\u0117limas. \u0160i knyga baigiama apokaliptin\u0117mis scenomis. Tik tai ne teologija, grei\u010diau atvirk\u0161tin\u0117 teologija. Knyg\u0105 galima suprasti ir kaip visuomen\u0117s raidos parodij\u0105, \u0161i\u0173 dien\u0173 Lietuvos groteski\u0161k\u0105 analiz\u0119, ir kaip ateities prognoz\u0119. Romano nuotaikos svyruoja nuo absurdo humoro iki siaubo romano ton\u0173, nuo postmodernistinio iki realistinio stiliaus. Modeliuojant i\u0161rai\u0161kos priemones, kalbama apie \u017emoguje slypin\u010dias k\u016brimo ir griovimo galias. Pasitelkdamas absurd\u0105 ir juod\u0105j\u012f humor\u0105 autorius kalba apie \u017emogaus lemties tragizm\u0105, anapusyb\u0117s ilges\u012f, stojimo Dievo akivaizdon tro\u0161kul\u012f ir siaub\u0105.\",\"breadcrumb\":{\"@id\":\"https:\/\/skaitytaknyga.lt\/produktas\/gintaras-beresnevicius-paruzija\/#breadcrumb\"},\"inLanguage\":\"en-GB\",\"potentialAction\":[{\"@type\":\"ReadAction\",\"target\":[\"https:\/\/skaitytaknyga.lt\/produktas\/gintaras-beresnevicius-paruzija\/\"]}]},{\"@type\":\"ImageObject\",\"inLanguage\":\"en-GB\",\"@id\":\"https:\/\/skaitytaknyga.lt\/produktas\/gintaras-beresnevicius-paruzija\/#primaryimage\",\"url\":\"https:\/\/skaitytaknyga.lt\/wp-content\/uploads\/2024\/05\/Be-pavadinimo-2.png\",\"contentUrl\":\"https:\/\/skaitytaknyga.lt\/wp-content\/uploads\/2024\/05\/Be-pavadinimo-2.png\",\"width\":151,\"height\":221},{\"@type\":\"BreadcrumbList\",\"@id\":\"https:\/\/skaitytaknyga.lt\/produktas\/gintaras-beresnevicius-paruzija\/#breadcrumb\",\"itemListElement\":[{\"@type\":\"ListItem\",\"position\":1,\"name\":\"Home\",\"item\":\"https:\/\/skaitytaknyga.lt\/\"},{\"@type\":\"ListItem\",\"position\":2,\"name\":\"Parduotuv\u0117\",\"item\":\"https:\/\/skaitytaknyga.lt\/knygu-parduotuve\/\"},{\"@type\":\"ListItem\",\"position\":3,\"name\":\"Gintaras Beresnevi\u010dius \u201eParuzija\u201c\"}]},{\"@type\":\"WebSite\",\"@id\":\"https:\/\/skaitytaknyga.lt\/#website\",\"url\":\"https:\/\/skaitytaknyga.lt\/\",\"name\":\"skaitytaknyga.lt\",\"description\":\"Skaitytaknyga.lt \u2013 tai ma\u017eas \u0161eimos verslas, kuris prasid\u0117jo nuo meil\u0117s knygoms ir siekio i\u0161gelb\u0117ti knygas nuo likimo prie konteinerio. Kas vienam nereikalingas daiktas \u2013 kitam lobis, o mes esame tarpininkai, kurie padeda abiems tapti laimingesniems ???? \u017dinome kaip nelengva i\u0161gyventi ma\u017eiems verslams, tad nuo \u0161iol, \u010dia rasite ir kit\u0173, ma\u017e\u0173 \u0161eim\u0173 versl\u0173, rank\u0173 darbo, dovan\u0173 sau ir artimiesiems.\",\"publisher\":{\"@id\":\"https:\/\/skaitytaknyga.lt\/#organization\"},\"potentialAction\":[{\"@type\":\"SearchAction\",\"target\":{\"@type\":\"EntryPoint\",\"urlTemplate\":\"https:\/\/skaitytaknyga.lt\/?s={search_term_string}\"},\"query-input\":{\"@type\":\"PropertyValueSpecification\",\"valueRequired\":true,\"valueName\":\"search_term_string\"}}],\"inLanguage\":\"en-GB\"},{\"@type\":\"Organization\",\"@id\":\"https:\/\/skaitytaknyga.lt\/#organization\",\"name\":\"skaitytaknyga.lt\",\"url\":\"https:\/\/skaitytaknyga.lt\/\",\"logo\":{\"@type\":\"ImageObject\",\"inLanguage\":\"en-GB\",\"@id\":\"https:\/\/skaitytaknyga.lt\/#\/schema\/logo\/image\/\",\"url\":\"https:\/\/skaitytaknyga.lt\/wp-content\/uploads\/2024\/05\/cropped-cropped-cropped-02_00843_jt3bggkj1j3HLc7SyY6rEUpg.jpeg\",\"contentUrl\":\"https:\/\/skaitytaknyga.lt\/wp-content\/uploads\/2024\/05\/cropped-cropped-cropped-02_00843_jt3bggkj1j3HLc7SyY6rEUpg.jpeg\",\"width\":1600,\"height\":1600,\"caption\":\"skaitytaknyga.lt\"},\"image\":{\"@id\":\"https:\/\/skaitytaknyga.lt\/#\/schema\/logo\/image\/\"},\"sameAs\":[\"https:\/\/www.facebook.com\/skaitytaknyga\/\"]}]}<\/script>\n<!-- \/ Yoast SEO plugin. -->","yoast_head_json":{"title":"Gintaras Beresnevi\u010dius \u201eParuzija\u201c - Skaitytaknyga","description":"\u201eParuzija\u201c \u2013 septynioliktoji religijotyrininko, eseisto Gintaro Beresnevi\u010diaus knyga. Tai pirmasis grynas, vientisas romanas, kuriame sulydyta literat\u016brin\u0117 ir religijotyrin\u0117 autoriaus patirtis bei i\u0161mon\u0117.  \u201eParuzija\u201c sen\u0173j\u0173 krik\u0161\u010dioni\u0173 graiki\u0161koje terminijoje \u2013 pakartotinis Kristaus at\u0117jimas ir mirusi\u0173j\u0173 prisik\u0117limas. \u0160i knyga baigiama apokaliptin\u0117mis scenomis. Tik tai ne teologija, grei\u010diau atvirk\u0161tin\u0117 teologija. Knyg\u0105 galima suprasti ir kaip visuomen\u0117s raidos parodij\u0105, \u0161i\u0173 dien\u0173 Lietuvos groteski\u0161k\u0105 analiz\u0119, ir kaip ateities prognoz\u0119.  Romano nuotaikos svyruoja nuo absurdo humoro iki siaubo romano ton\u0173, nuo postmodernistinio iki realistinio stiliaus. Modeliuojant i\u0161rai\u0161kos priemones, kalbama apie \u017emoguje slypin\u010dias k\u016brimo ir griovimo galias. Pasitelkdamas absurd\u0105 ir juod\u0105j\u012f humor\u0105 autorius kalba apie \u017emogaus lemties tragizm\u0105, anapusyb\u0117s ilges\u012f, stojimo Dievo akivaizdon tro\u0161kul\u012f ir siaub\u0105.","robots":{"index":"index","follow":"follow","max-snippet":"max-snippet:-1","max-image-preview":"max-image-preview:large","max-video-preview":"max-video-preview:-1"},"canonical":"https:\/\/skaitytaknyga.lt\/en\/produktas\/gintaras-beresnevicius-paruzija\/","og_locale":"en_GB","og_type":"article","og_title":"Gintaras Beresnevi\u010dius \u201eParuzija\u201c - Skaitytaknyga","og_description":"\u201eParuzija\u201c \u2013 septynioliktoji religijotyrininko, eseisto Gintaro Beresnevi\u010diaus knyga. Tai pirmasis grynas, vientisas romanas, kuriame sulydyta literat\u016brin\u0117 ir religijotyrin\u0117 autoriaus patirtis bei i\u0161mon\u0117.  \u201eParuzija\u201c sen\u0173j\u0173 krik\u0161\u010dioni\u0173 graiki\u0161koje terminijoje \u2013 pakartotinis Kristaus at\u0117jimas ir mirusi\u0173j\u0173 prisik\u0117limas. \u0160i knyga baigiama apokaliptin\u0117mis scenomis. Tik tai ne teologija, grei\u010diau atvirk\u0161tin\u0117 teologija. Knyg\u0105 galima suprasti ir kaip visuomen\u0117s raidos parodij\u0105, \u0161i\u0173 dien\u0173 Lietuvos groteski\u0161k\u0105 analiz\u0119, ir kaip ateities prognoz\u0119.  Romano nuotaikos svyruoja nuo absurdo humoro iki siaubo romano ton\u0173, nuo postmodernistinio iki realistinio stiliaus. Modeliuojant i\u0161rai\u0161kos priemones, kalbama apie \u017emoguje slypin\u010dias k\u016brimo ir griovimo galias. Pasitelkdamas absurd\u0105 ir juod\u0105j\u012f humor\u0105 autorius kalba apie \u017emogaus lemties tragizm\u0105, anapusyb\u0117s ilges\u012f, stojimo Dievo akivaizdon tro\u0161kul\u012f ir siaub\u0105.","og_url":"https:\/\/skaitytaknyga.lt\/en\/produktas\/gintaras-beresnevicius-paruzija\/","og_site_name":"Skaitytaknyga","article_publisher":"https:\/\/www.facebook.com\/skaitytaknyga\/","article_modified_time":"2024-05-03T07:29:11+00:00","og_image":[{"width":151,"height":221,"url":"https:\/\/skaitytaknyga.lt\/wp-content\/uploads\/2024\/05\/Be-pavadinimo-2.png","type":"image\/png"}],"twitter_card":"summary_large_image","twitter_misc":{"Estimated reading time":"1 minute"},"schema":{"@context":"https:\/\/schema.org","@graph":[{"@type":"WebPage","@id":"https:\/\/skaitytaknyga.lt\/produktas\/gintaras-beresnevicius-paruzija\/","url":"https:\/\/skaitytaknyga.lt\/produktas\/gintaras-beresnevicius-paruzija\/","name":"Gintaras Beresnevi\u010dius \u201eParuzija\u201c - Skaitytaknyga","isPartOf":{"@id":"https:\/\/skaitytaknyga.lt\/#website"},"primaryImageOfPage":{"@id":"https:\/\/skaitytaknyga.lt\/produktas\/gintaras-beresnevicius-paruzija\/#primaryimage"},"image":{"@id":"https:\/\/skaitytaknyga.lt\/produktas\/gintaras-beresnevicius-paruzija\/#primaryimage"},"thumbnailUrl":"https:\/\/skaitytaknyga.lt\/wp-content\/uploads\/2024\/05\/Be-pavadinimo-2.png","datePublished":"2024-05-02T12:48:20+00:00","dateModified":"2024-05-03T07:29:11+00:00","description":"\u201eParuzija\u201c \u2013 septynioliktoji religijotyrininko, eseisto Gintaro Beresnevi\u010diaus knyga. Tai pirmasis grynas, vientisas romanas, kuriame sulydyta literat\u016brin\u0117 ir religijotyrin\u0117 autoriaus patirtis bei i\u0161mon\u0117. \u201eParuzija\u201c sen\u0173j\u0173 krik\u0161\u010dioni\u0173 graiki\u0161koje terminijoje \u2013 pakartotinis Kristaus at\u0117jimas ir mirusi\u0173j\u0173 prisik\u0117limas. \u0160i knyga baigiama apokaliptin\u0117mis scenomis. Tik tai ne teologija, grei\u010diau atvirk\u0161tin\u0117 teologija. Knyg\u0105 galima suprasti ir kaip visuomen\u0117s raidos parodij\u0105, \u0161i\u0173 dien\u0173 Lietuvos groteski\u0161k\u0105 analiz\u0119, ir kaip ateities prognoz\u0119. Romano nuotaikos svyruoja nuo absurdo humoro iki siaubo romano ton\u0173, nuo postmodernistinio iki realistinio stiliaus. Modeliuojant i\u0161rai\u0161kos priemones, kalbama apie \u017emoguje slypin\u010dias k\u016brimo ir griovimo galias. Pasitelkdamas absurd\u0105 ir juod\u0105j\u012f humor\u0105 autorius kalba apie \u017emogaus lemties tragizm\u0105, anapusyb\u0117s ilges\u012f, stojimo Dievo akivaizdon tro\u0161kul\u012f ir siaub\u0105.","breadcrumb":{"@id":"https:\/\/skaitytaknyga.lt\/produktas\/gintaras-beresnevicius-paruzija\/#breadcrumb"},"inLanguage":"en-GB","potentialAction":[{"@type":"ReadAction","target":["https:\/\/skaitytaknyga.lt\/produktas\/gintaras-beresnevicius-paruzija\/"]}]},{"@type":"ImageObject","inLanguage":"en-GB","@id":"https:\/\/skaitytaknyga.lt\/produktas\/gintaras-beresnevicius-paruzija\/#primaryimage","url":"https:\/\/skaitytaknyga.lt\/wp-content\/uploads\/2024\/05\/Be-pavadinimo-2.png","contentUrl":"https:\/\/skaitytaknyga.lt\/wp-content\/uploads\/2024\/05\/Be-pavadinimo-2.png","width":151,"height":221},{"@type":"BreadcrumbList","@id":"https:\/\/skaitytaknyga.lt\/produktas\/gintaras-beresnevicius-paruzija\/#breadcrumb","itemListElement":[{"@type":"ListItem","position":1,"name":"Home","item":"https:\/\/skaitytaknyga.lt\/"},{"@type":"ListItem","position":2,"name":"Parduotuv\u0117","item":"https:\/\/skaitytaknyga.lt\/knygu-parduotuve\/"},{"@type":"ListItem","position":3,"name":"Gintaras Beresnevi\u010dius \u201eParuzija\u201c"}]},{"@type":"WebSite","@id":"https:\/\/skaitytaknyga.lt\/#website","url":"https:\/\/skaitytaknyga.lt\/","name":"skaitytaknyga.lt","description":"Skaitytaknyga.lt \u2013 tai ma\u017eas \u0161eimos verslas, kuris prasid\u0117jo nuo meil\u0117s knygoms ir siekio i\u0161gelb\u0117ti knygas nuo likimo prie konteinerio. Kas vienam nereikalingas daiktas \u2013 kitam lobis, o mes esame tarpininkai, kurie padeda abiems tapti laimingesniems ???? \u017dinome kaip nelengva i\u0161gyventi ma\u017eiems verslams, tad nuo \u0161iol, \u010dia rasite ir kit\u0173, ma\u017e\u0173 \u0161eim\u0173 versl\u0173, rank\u0173 darbo, dovan\u0173 sau ir artimiesiems.","publisher":{"@id":"https:\/\/skaitytaknyga.lt\/#organization"},"potentialAction":[{"@type":"SearchAction","target":{"@type":"EntryPoint","urlTemplate":"https:\/\/skaitytaknyga.lt\/?s={search_term_string}"},"query-input":{"@type":"PropertyValueSpecification","valueRequired":true,"valueName":"search_term_string"}}],"inLanguage":"en-GB"},{"@type":"Organization","@id":"https:\/\/skaitytaknyga.lt\/#organization","name":"skaitytaknyga.lt","url":"https:\/\/skaitytaknyga.lt\/","logo":{"@type":"ImageObject","inLanguage":"en-GB","@id":"https:\/\/skaitytaknyga.lt\/#\/schema\/logo\/image\/","url":"https:\/\/skaitytaknyga.lt\/wp-content\/uploads\/2024\/05\/cropped-cropped-cropped-02_00843_jt3bggkj1j3HLc7SyY6rEUpg.jpeg","contentUrl":"https:\/\/skaitytaknyga.lt\/wp-content\/uploads\/2024\/05\/cropped-cropped-cropped-02_00843_jt3bggkj1j3HLc7SyY6rEUpg.jpeg","width":1600,"height":1600,"caption":"skaitytaknyga.lt"},"image":{"@id":"https:\/\/skaitytaknyga.lt\/#\/schema\/logo\/image\/"},"sameAs":["https:\/\/www.facebook.com\/skaitytaknyga\/"]}]}},"_links":{"self":[{"href":"https:\/\/skaitytaknyga.lt\/en\/wp-json\/wp\/v2\/product\/5561","targetHints":{"allow":["GET"]}}],"collection":[{"href":"https:\/\/skaitytaknyga.lt\/en\/wp-json\/wp\/v2\/product"}],"about":[{"href":"https:\/\/skaitytaknyga.lt\/en\/wp-json\/wp\/v2\/types\/product"}],"replies":[{"embeddable":true,"href":"https:\/\/skaitytaknyga.lt\/en\/wp-json\/wp\/v2\/comments?post=5561"}],"wp:featuredmedia":[{"embeddable":true,"href":"https:\/\/skaitytaknyga.lt\/en\/wp-json\/wp\/v2\/media\/5580"}],"wp:attachment":[{"href":"https:\/\/skaitytaknyga.lt\/en\/wp-json\/wp\/v2\/media?parent=5561"}],"wp:term":[{"taxonomy":"product_brand","embeddable":true,"href":"https:\/\/skaitytaknyga.lt\/en\/wp-json\/wp\/v2\/product_brand?post=5561"},{"taxonomy":"product_cat","embeddable":true,"href":"https:\/\/skaitytaknyga.lt\/en\/wp-json\/wp\/v2\/product_cat?post=5561"},{"taxonomy":"product_tag","embeddable":true,"href":"https:\/\/skaitytaknyga.lt\/en\/wp-json\/wp\/v2\/product_tag?post=5561"}],"curies":[{"name":"wp","href":"https:\/\/api.w.org\/{rel}","templated":true}]}}