{"id":5534,"date":"2024-05-02T12:47:30","date_gmt":"2024-05-02T12:47:30","guid":{"rendered":"https:\/\/skaitytaknyga.lt\/?post_type=product&#038;p=5534"},"modified":"2025-05-24T19:56:19","modified_gmt":"2025-05-24T16:56:19","slug":"nijole-narmontaite-aktoriai-rezisieriai-ir-gerbejai-ko-nemate-ziurovai","status":"publish","type":"product","link":"https:\/\/skaitytaknyga.lt\/en\/produktas\/nijole-narmontaite-aktoriai-rezisieriai-ir-gerbejai-ko-nemate-ziurovai\/","title":{"rendered":"Aktoriai, re\u017eisieriai ir gerb\u0117jai: ko nemat\u0117 \u017ei\u016brovai"},"content":{"rendered":"<p>Knyga \u201eAktoriai, re\u017eisieriai ir gerb\u0117jai: ko nemat\u0117 \u017ei\u016brovai\u201c \u2013 tai susitikimas su nepaprastai \u012fdomiais aktoriais ir re\u017eisieriais (su kitais, nei jau pa\u017e\u012fstate i\u0161 dviej\u0173 mano knyg\u0173 \u201eAktoriai, re\u017eisieriai ir kasinink\u0117s&#8221; ir \u201eAktoriai, re\u017eisieriai ir studentai. Ko nemat\u0117 \u017ei\u016brovai&#8221;).<\/p>\n<p>\u0160\u012fsyk kvie\u010diu \u012f pasimatym\u0105 su Vladu Bagdonu, Valda Bi\u010dkute, Nerijum Gadliausku, Dainium Gavenoniu, Gabija Jaraminaite, Nomeda Kazlaus, Kristina Kazlauskaite, Doloresa Kazragyte, Viktorija Kuodyte, Vyteniu Pauliukai\u010diu, Vladimiru Prudnikovu, Kostu Smoriginu, Dainium Svobonu, Alvydu \u0160lepiku, Ruta Lee.<\/p>\n<p>\u0160i knyga ir apie jus, gerb\u0117jus, ir j\u016bs\u0173 dovanas. Apie tai pasakoja Gra\u017eina Balandyt\u0117, Ilona Balsyt\u0117, Lina Bocyt\u0117-Garba\u010diauskien\u0117, Bronius Bu\u0161ma, Egl\u0117 Gabr\u0117nait\u0117, Rimgaudas Antanas Karvelis, Virginija Kochanskyt\u0117, Eleonora Koriznait\u0117, Andrius Kulikauskas, Ramun\u0117 Kurien\u0117, Inga Norkut\u0117, Gytis Padegimas, Algirdas Romualdas Paulavi\u010dius, K\u0119stutis Povilaitis, Rasa Samuolyt\u0117, Genovait\u0117 Urmonait\u0117, Regina Varnait\u0117, Adolfas Ve\u010derskis.<\/p>\n<p>Pa\u017evelkite \u012f mus ir \u012f save pro humoro prizm\u0119 \u2013 juk tai stipri\u0173 \u017emoni\u0173 bruo\u017eas.<\/p>\n<p>Nijol\u0117 Narmontait\u0117<\/p>\n","protected":false},"excerpt":{"rendered":"<p>Knyga \u201eAktoriai, re\u017eisieriai ir gerb\u0117jai: ko nemat\u0117 \u017ei\u016brovai\u201c \u2013 tai susitikimas su nepaprastai \u012fdomiais aktoriais ir re\u017eisieriais (su kitais, nei jau pa\u017e\u012fstate i\u0161 dviej\u0173 mano knyg\u0173 \u201eAktoriai, re\u017eisieriai ir kasinink\u0117s&#8221; ir \u201eAktoriai, re\u017eisieriai ir studentai. Ko nemat\u0117 \u017ei\u016brovai&#8221;).<\/p>\n<p>\u0160\u012fsyk kvie\u010diu \u012f pasimatym\u0105 su Vladu Bagdonu, Valda Bi\u010dkute, Nerijum Gadliausku, Dainium Gavenoniu, Gabija Jaraminaite, Nomeda Kazlaus, Kristina Kazlauskaite, Doloresa Kazragyte, Viktorija Kuodyte, Vyteniu Pauliukai\u010diu, Vladimiru Prudnikovu, Kostu Smoriginu, Dainium Svobonu, Alvydu \u0160lepiku, Ruta Lee.<\/p>\n<p>\u0160i knyga ir apie jus, gerb\u0117jus, ir j\u016bs\u0173 dovanas. Apie tai pasakoja Gra\u017eina Balandyt\u0117, Ilona Balsyt\u0117, Lina Bocyt\u0117-Garba\u010diauskien\u0117, Bronius Bu\u0161ma, Egl\u0117 Gabr\u0117nait\u0117, Rimgaudas Antanas Karvelis, Virginija Kochanskyt\u0117, Eleonora Koriznait\u0117, Andrius Kulikauskas, Ramun\u0117 Kurien\u0117, Inga Norkut\u0117, Gytis Padegimas, Algirdas Romualdas Paulavi\u010dius, K\u0119stutis Povilaitis, Rasa Samuolyt\u0117, Genovait\u0117 Urmonait\u0117, Regina Varnait\u0117, Adolfas Ve\u010derskis.<\/p>\n<p>Pa\u017evelkite \u012f mus ir \u012f save pro humoro prizm\u0119 \u2013 juk tai stipri\u0173 \u017emoni\u0173 bruo\u017eas.<\/p>\n<p>Nijol\u0117 Narmontait\u0117<\/p>\n","protected":false},"featured_media":5552,"comment_status":"closed","ping_status":"closed","template":"","meta":{"_acf_changed":false,"site-sidebar-layout":"default","site-content-layout":"","ast-site-content-layout":"default","site-content-style":"default","site-sidebar-style":"default","ast-global-header-display":"","ast-banner-title-visibility":"","ast-main-header-display":"","ast-hfb-above-header-display":"","ast-hfb-below-header-display":"","ast-hfb-mobile-header-display":"","site-post-title":"","ast-breadcrumbs-content":"","ast-featured-img":"","footer-sml-layout":"","ast-disable-related-posts":"","theme-transparent-header-meta":"","adv-header-id-meta":"","stick-header-meta":"","header-above-stick-meta":"","header-main-stick-meta":"","header-below-stick-meta":"","astra-migrate-meta-layouts":"default","ast-page-background-enabled":"default","ast-page-background-meta":{"desktop":{"background-color":"","background-image":"","background-repeat":"repeat","background-position":"center center","background-size":"auto","background-attachment":"scroll","background-type":"","background-media":"","overlay-type":"","overlay-color":"","overlay-opacity":"","overlay-gradient":""},"tablet":{"background-color":"","background-image":"","background-repeat":"repeat","background-position":"center center","background-size":"auto","background-attachment":"scroll","background-type":"","background-media":"","overlay-type":"","overlay-color":"","overlay-opacity":"","overlay-gradient":""},"mobile":{"background-color":"","background-image":"","background-repeat":"repeat","background-position":"center center","background-size":"auto","background-attachment":"scroll","background-type":"","background-media":"","overlay-type":"","overlay-color":"","overlay-opacity":"","overlay-gradient":""}},"ast-content-background-meta":{"desktop":{"background-color":"var(--ast-global-color-4)","background-image":"","background-repeat":"repeat","background-position":"center center","background-size":"auto","background-attachment":"scroll","background-type":"","background-media":"","overlay-type":"","overlay-color":"","overlay-opacity":"","overlay-gradient":""},"tablet":{"background-color":"var(--ast-global-color-4)","background-image":"","background-repeat":"repeat","background-position":"center center","background-size":"auto","background-attachment":"scroll","background-type":"","background-media":"","overlay-type":"","overlay-color":"","overlay-opacity":"","overlay-gradient":""},"mobile":{"background-color":"var(--ast-global-color-4)","background-image":"","background-repeat":"repeat","background-position":"center center","background-size":"auto","background-attachment":"scroll","background-type":"","background-media":"","overlay-type":"","overlay-color":"","overlay-opacity":"","overlay-gradient":""}}},"product_brand":[],"product_cat":[33,57],"product_tag":[],"class_list":{"0":"post-5534","1":"product","2":"type-product","3":"status-publish","4":"has-post-thumbnail","6":"product_cat-biografijos","7":"product_cat-menas-ir-albumai","8":"desktop-align-left","9":"tablet-align-left","10":"mobile-align-left","12":"first","13":"outofstock","14":"shipping-taxable","15":"purchasable","16":"product-type-simple"},"acf":[],"yoast_head":"<!-- This site is optimized with the Yoast SEO plugin v27.0 - https:\/\/yoast.com\/product\/yoast-seo-wordpress\/ -->\n<title>Aktoriai, re\u017eisieriai ir gerb\u0117jai: ko nemat\u0117 \u017ei\u016brovai<\/title>\n<meta name=\"description\" content=\"Knyga \u201eAktoriai, re\u017eisieriai ir gerb\u0117jai: ko nemat\u0117 \u017ei\u016brovai\u201c \u2013 tai susitikimas su nepaprastai \u012fdomiais aktoriais ir re\u017eisieriais (su kitais, nei jau pa\u017e\u012fstate i\u0161 dviej\u0173 mano knyg\u0173 \u201eAktoriai, re\u017eisieriai ir kasinink\u0117s&quot; ir \u201eAktoriai, re\u017eisieriai ir studentai. Ko nemat\u0117 \u017ei\u016brovai&quot;).  \u0160\u012fsyk kvie\u010diu \u012f pasimatym\u0105 su Vladu Bagdonu, Valda Bi\u010dkute, Nerijum Gadliausku, Dainium Gavenoniu, Gabija Jaraminaite, Nomeda Kazlaus, Kristina Kazlauskaite, Doloresa Kazragyte, Viktorija Kuodyte, Vyteniu Pauliukai\u010diu, Vladimiru Prudnikovu, Kostu Smoriginu, Dainium Svobonu, Alvydu \u0160lepiku, Ruta Lee.  \u0160i knyga ir apie jus, gerb\u0117jus, ir j\u016bs\u0173 dovanas. Apie tai pasakoja Gra\u017eina Balandyt\u0117, Ilona Balsyt\u0117, Lina Bocyt\u0117-Garba\u010diauskien\u0117, Bronius Bu\u0161ma, Egl\u0117 Gabr\u0117nait\u0117, Rimgaudas Antanas Karvelis, Virginija Kochanskyt\u0117, Eleonora Koriznait\u0117, Andrius Kulikauskas, Ramun\u0117 Kurien\u0117, Inga Norkut\u0117, Gytis Padegimas, Algirdas Romualdas Paulavi\u010dius, K\u0119stutis Povilaitis, Rasa Samuolyt\u0117, Genovait\u0117 Urmonait\u0117, Regina Varnait\u0117, Adolfas Ve\u010derskis.  Pa\u017evelkite \u012f mus ir \u012f save pro humoro prizm\u0119 \u2013 juk tai stipri\u0173 \u017emoni\u0173 bruo\u017eas.  Nijol\u0117 Narmontait\u0117\" \/>\n<meta name=\"robots\" content=\"index, follow, max-snippet:-1, max-image-preview:large, max-video-preview:-1\" \/>\n<link rel=\"canonical\" href=\"https:\/\/skaitytaknyga.lt\/en\/produktas\/nijole-narmontaite-aktoriai-rezisieriai-ir-gerbejai-ko-nemate-ziurovai\/\" \/>\n<meta property=\"og:locale\" content=\"en_GB\" \/>\n<meta property=\"og:locale:alternate\" content=\"lt_LT\" \/>\n<meta property=\"og:type\" content=\"article\" \/>\n<meta property=\"og:title\" content=\"Aktoriai, re\u017eisieriai ir gerb\u0117jai: ko nemat\u0117 \u017ei\u016brovai\" \/>\n<meta property=\"og:description\" content=\"Knyga \u201eAktoriai, re\u017eisieriai ir gerb\u0117jai: ko nemat\u0117 \u017ei\u016brovai\u201c \u2013 tai susitikimas su nepaprastai \u012fdomiais aktoriais ir re\u017eisieriais (su kitais, nei jau pa\u017e\u012fstate i\u0161 dviej\u0173 mano knyg\u0173 \u201eAktoriai, re\u017eisieriai ir kasinink\u0117s&quot; ir \u201eAktoriai, re\u017eisieriai ir studentai. Ko nemat\u0117 \u017ei\u016brovai&quot;).  \u0160\u012fsyk kvie\u010diu \u012f pasimatym\u0105 su Vladu Bagdonu, Valda Bi\u010dkute, Nerijum Gadliausku, Dainium Gavenoniu, Gabija Jaraminaite, Nomeda Kazlaus, Kristina Kazlauskaite, Doloresa Kazragyte, Viktorija Kuodyte, Vyteniu Pauliukai\u010diu, Vladimiru Prudnikovu, Kostu Smoriginu, Dainium Svobonu, Alvydu \u0160lepiku, Ruta Lee.  \u0160i knyga ir apie jus, gerb\u0117jus, ir j\u016bs\u0173 dovanas. Apie tai pasakoja Gra\u017eina Balandyt\u0117, Ilona Balsyt\u0117, Lina Bocyt\u0117-Garba\u010diauskien\u0117, Bronius Bu\u0161ma, Egl\u0117 Gabr\u0117nait\u0117, Rimgaudas Antanas Karvelis, Virginija Kochanskyt\u0117, Eleonora Koriznait\u0117, Andrius Kulikauskas, Ramun\u0117 Kurien\u0117, Inga Norkut\u0117, Gytis Padegimas, Algirdas Romualdas Paulavi\u010dius, K\u0119stutis Povilaitis, Rasa Samuolyt\u0117, Genovait\u0117 Urmonait\u0117, Regina Varnait\u0117, Adolfas Ve\u010derskis.  Pa\u017evelkite \u012f mus ir \u012f save pro humoro prizm\u0119 \u2013 juk tai stipri\u0173 \u017emoni\u0173 bruo\u017eas.  Nijol\u0117 Narmontait\u0117\" \/>\n<meta property=\"og:url\" content=\"https:\/\/skaitytaknyga.lt\/en\/produktas\/nijole-narmontaite-aktoriai-rezisieriai-ir-gerbejai-ko-nemate-ziurovai\/\" \/>\n<meta property=\"og:site_name\" content=\"Skaitytaknyga\" \/>\n<meta property=\"article:publisher\" content=\"https:\/\/www.facebook.com\/skaitytaknyga\/\" \/>\n<meta property=\"article:modified_time\" content=\"2025-05-24T16:56:19+00:00\" \/>\n<meta property=\"og:image\" content=\"https:\/\/skaitytaknyga.lt\/wp-content\/uploads\/2024\/05\/1477911666_cdb_Aktoriai-rezisieriai-ir-gerbejai_p1.png\" \/>\n\t<meta property=\"og:image:width\" content=\"285\" \/>\n\t<meta property=\"og:image:height\" content=\"406\" \/>\n\t<meta property=\"og:image:type\" content=\"image\/png\" \/>\n<meta name=\"twitter:card\" content=\"summary_large_image\" \/>\n<meta name=\"twitter:label1\" content=\"Estimated reading time\" \/>\n\t<meta name=\"twitter:data1\" content=\"1 minute\" \/>\n<script type=\"application\/ld+json\" class=\"yoast-schema-graph\">{\"@context\":\"https:\/\/schema.org\",\"@graph\":[{\"@type\":\"WebPage\",\"@id\":\"https:\/\/skaitytaknyga.lt\/produktas\/nijole-narmontaite-aktoriai-rezisieriai-ir-gerbejai-ko-nemate-ziurovai\/\",\"url\":\"https:\/\/skaitytaknyga.lt\/produktas\/nijole-narmontaite-aktoriai-rezisieriai-ir-gerbejai-ko-nemate-ziurovai\/\",\"name\":\"Aktoriai, re\u017eisieriai ir gerb\u0117jai: ko nemat\u0117 \u017ei\u016brovai\",\"isPartOf\":{\"@id\":\"https:\/\/skaitytaknyga.lt\/#website\"},\"primaryImageOfPage\":{\"@id\":\"https:\/\/skaitytaknyga.lt\/produktas\/nijole-narmontaite-aktoriai-rezisieriai-ir-gerbejai-ko-nemate-ziurovai\/#primaryimage\"},\"image\":{\"@id\":\"https:\/\/skaitytaknyga.lt\/produktas\/nijole-narmontaite-aktoriai-rezisieriai-ir-gerbejai-ko-nemate-ziurovai\/#primaryimage\"},\"thumbnailUrl\":\"https:\/\/skaitytaknyga.lt\/wp-content\/uploads\/2024\/05\/1477911666_cdb_Aktoriai-rezisieriai-ir-gerbejai_p1.png\",\"datePublished\":\"2024-05-02T12:47:30+00:00\",\"dateModified\":\"2025-05-24T16:56:19+00:00\",\"description\":\"Knyga \u201eAktoriai, re\u017eisieriai ir gerb\u0117jai: ko nemat\u0117 \u017ei\u016brovai\u201c \u2013 tai susitikimas su nepaprastai \u012fdomiais aktoriais ir re\u017eisieriais (su kitais, nei jau pa\u017e\u012fstate i\u0161 dviej\u0173 mano knyg\u0173 \u201eAktoriai, re\u017eisieriai ir kasinink\u0117s\\\" ir \u201eAktoriai, re\u017eisieriai ir studentai. Ko nemat\u0117 \u017ei\u016brovai\\\"). \u0160\u012fsyk kvie\u010diu \u012f pasimatym\u0105 su Vladu Bagdonu, Valda Bi\u010dkute, Nerijum Gadliausku, Dainium Gavenoniu, Gabija Jaraminaite, Nomeda Kazlaus, Kristina Kazlauskaite, Doloresa Kazragyte, Viktorija Kuodyte, Vyteniu Pauliukai\u010diu, Vladimiru Prudnikovu, Kostu Smoriginu, Dainium Svobonu, Alvydu \u0160lepiku, Ruta Lee. \u0160i knyga ir apie jus, gerb\u0117jus, ir j\u016bs\u0173 dovanas. Apie tai pasakoja Gra\u017eina Balandyt\u0117, Ilona Balsyt\u0117, Lina Bocyt\u0117-Garba\u010diauskien\u0117, Bronius Bu\u0161ma, Egl\u0117 Gabr\u0117nait\u0117, Rimgaudas Antanas Karvelis, Virginija Kochanskyt\u0117, Eleonora Koriznait\u0117, Andrius Kulikauskas, Ramun\u0117 Kurien\u0117, Inga Norkut\u0117, Gytis Padegimas, Algirdas Romualdas Paulavi\u010dius, K\u0119stutis Povilaitis, Rasa Samuolyt\u0117, Genovait\u0117 Urmonait\u0117, Regina Varnait\u0117, Adolfas Ve\u010derskis. Pa\u017evelkite \u012f mus ir \u012f save pro humoro prizm\u0119 \u2013 juk tai stipri\u0173 \u017emoni\u0173 bruo\u017eas. Nijol\u0117 Narmontait\u0117\",\"breadcrumb\":{\"@id\":\"https:\/\/skaitytaknyga.lt\/produktas\/nijole-narmontaite-aktoriai-rezisieriai-ir-gerbejai-ko-nemate-ziurovai\/#breadcrumb\"},\"inLanguage\":\"en-GB\",\"potentialAction\":[{\"@type\":\"ReadAction\",\"target\":[\"https:\/\/skaitytaknyga.lt\/produktas\/nijole-narmontaite-aktoriai-rezisieriai-ir-gerbejai-ko-nemate-ziurovai\/\"]}]},{\"@type\":\"ImageObject\",\"inLanguage\":\"en-GB\",\"@id\":\"https:\/\/skaitytaknyga.lt\/produktas\/nijole-narmontaite-aktoriai-rezisieriai-ir-gerbejai-ko-nemate-ziurovai\/#primaryimage\",\"url\":\"https:\/\/skaitytaknyga.lt\/wp-content\/uploads\/2024\/05\/1477911666_cdb_Aktoriai-rezisieriai-ir-gerbejai_p1.png\",\"contentUrl\":\"https:\/\/skaitytaknyga.lt\/wp-content\/uploads\/2024\/05\/1477911666_cdb_Aktoriai-rezisieriai-ir-gerbejai_p1.png\",\"width\":285,\"height\":406},{\"@type\":\"BreadcrumbList\",\"@id\":\"https:\/\/skaitytaknyga.lt\/produktas\/nijole-narmontaite-aktoriai-rezisieriai-ir-gerbejai-ko-nemate-ziurovai\/#breadcrumb\",\"itemListElement\":[{\"@type\":\"ListItem\",\"position\":1,\"name\":\"Home\",\"item\":\"https:\/\/skaitytaknyga.lt\/\"},{\"@type\":\"ListItem\",\"position\":2,\"name\":\"Parduotuv\u0117\",\"item\":\"https:\/\/skaitytaknyga.lt\/knygu-parduotuve\/\"},{\"@type\":\"ListItem\",\"position\":3,\"name\":\"Aktoriai, re\u017eisieriai ir gerb\u0117jai: ko nemat\u0117 \u017ei\u016brovai\"}]},{\"@type\":\"WebSite\",\"@id\":\"https:\/\/skaitytaknyga.lt\/#website\",\"url\":\"https:\/\/skaitytaknyga.lt\/\",\"name\":\"skaitytaknyga.lt\",\"description\":\"Skaitytaknyga.lt \u2013 tai ma\u017eas \u0161eimos verslas, kuris prasid\u0117jo nuo meil\u0117s knygoms ir siekio i\u0161gelb\u0117ti knygas nuo likimo prie konteinerio. Kas vienam nereikalingas daiktas \u2013 kitam lobis, o mes esame tarpininkai, kurie padeda abiems tapti laimingesniems ???? \u017dinome kaip nelengva i\u0161gyventi ma\u017eiems verslams, tad nuo \u0161iol, \u010dia rasite ir kit\u0173, ma\u017e\u0173 \u0161eim\u0173 versl\u0173, rank\u0173 darbo, dovan\u0173 sau ir artimiesiems.\",\"publisher\":{\"@id\":\"https:\/\/skaitytaknyga.lt\/#organization\"},\"potentialAction\":[{\"@type\":\"SearchAction\",\"target\":{\"@type\":\"EntryPoint\",\"urlTemplate\":\"https:\/\/skaitytaknyga.lt\/?s={search_term_string}\"},\"query-input\":{\"@type\":\"PropertyValueSpecification\",\"valueRequired\":true,\"valueName\":\"search_term_string\"}}],\"inLanguage\":\"en-GB\"},{\"@type\":\"Organization\",\"@id\":\"https:\/\/skaitytaknyga.lt\/#organization\",\"name\":\"skaitytaknyga.lt\",\"url\":\"https:\/\/skaitytaknyga.lt\/\",\"logo\":{\"@type\":\"ImageObject\",\"inLanguage\":\"en-GB\",\"@id\":\"https:\/\/skaitytaknyga.lt\/#\/schema\/logo\/image\/\",\"url\":\"https:\/\/skaitytaknyga.lt\/wp-content\/uploads\/2024\/05\/cropped-cropped-cropped-02_00843_jt3bggkj1j3HLc7SyY6rEUpg.jpeg\",\"contentUrl\":\"https:\/\/skaitytaknyga.lt\/wp-content\/uploads\/2024\/05\/cropped-cropped-cropped-02_00843_jt3bggkj1j3HLc7SyY6rEUpg.jpeg\",\"width\":1600,\"height\":1600,\"caption\":\"skaitytaknyga.lt\"},\"image\":{\"@id\":\"https:\/\/skaitytaknyga.lt\/#\/schema\/logo\/image\/\"},\"sameAs\":[\"https:\/\/www.facebook.com\/skaitytaknyga\/\"]}]}<\/script>\n<!-- \/ Yoast SEO plugin. -->","yoast_head_json":{"title":"Aktoriai, re\u017eisieriai ir gerb\u0117jai: ko nemat\u0117 \u017ei\u016brovai","description":"Knyga \u201eAktoriai, re\u017eisieriai ir gerb\u0117jai: ko nemat\u0117 \u017ei\u016brovai\u201c \u2013 tai susitikimas su nepaprastai \u012fdomiais aktoriais ir re\u017eisieriais (su kitais, nei jau pa\u017e\u012fstate i\u0161 dviej\u0173 mano knyg\u0173 \u201eAktoriai, re\u017eisieriai ir kasinink\u0117s\" ir \u201eAktoriai, re\u017eisieriai ir studentai. Ko nemat\u0117 \u017ei\u016brovai\").  \u0160\u012fsyk kvie\u010diu \u012f pasimatym\u0105 su Vladu Bagdonu, Valda Bi\u010dkute, Nerijum Gadliausku, Dainium Gavenoniu, Gabija Jaraminaite, Nomeda Kazlaus, Kristina Kazlauskaite, Doloresa Kazragyte, Viktorija Kuodyte, Vyteniu Pauliukai\u010diu, Vladimiru Prudnikovu, Kostu Smoriginu, Dainium Svobonu, Alvydu \u0160lepiku, Ruta Lee.  \u0160i knyga ir apie jus, gerb\u0117jus, ir j\u016bs\u0173 dovanas. Apie tai pasakoja Gra\u017eina Balandyt\u0117, Ilona Balsyt\u0117, Lina Bocyt\u0117-Garba\u010diauskien\u0117, Bronius Bu\u0161ma, Egl\u0117 Gabr\u0117nait\u0117, Rimgaudas Antanas Karvelis, Virginija Kochanskyt\u0117, Eleonora Koriznait\u0117, Andrius Kulikauskas, Ramun\u0117 Kurien\u0117, Inga Norkut\u0117, Gytis Padegimas, Algirdas Romualdas Paulavi\u010dius, K\u0119stutis Povilaitis, Rasa Samuolyt\u0117, Genovait\u0117 Urmonait\u0117, Regina Varnait\u0117, Adolfas Ve\u010derskis.  Pa\u017evelkite \u012f mus ir \u012f save pro humoro prizm\u0119 \u2013 juk tai stipri\u0173 \u017emoni\u0173 bruo\u017eas.  Nijol\u0117 Narmontait\u0117","robots":{"index":"index","follow":"follow","max-snippet":"max-snippet:-1","max-image-preview":"max-image-preview:large","max-video-preview":"max-video-preview:-1"},"canonical":"https:\/\/skaitytaknyga.lt\/en\/produktas\/nijole-narmontaite-aktoriai-rezisieriai-ir-gerbejai-ko-nemate-ziurovai\/","og_locale":"en_GB","og_type":"article","og_title":"[:lt]Aktoriai, re\u017eisieriai ir gerb\u0117jai: ko nemat\u0117 \u017ei\u016brovai[:] - Skaitytaknyga","og_description":"Knyga \u201eAktoriai, re\u017eisieriai ir gerb\u0117jai: ko nemat\u0117 \u017ei\u016brovai\u201c \u2013 tai susitikimas su nepaprastai \u012fdomiais aktoriais ir re\u017eisieriais (su kitais, nei jau pa\u017e\u012fstate i\u0161 dviej\u0173 mano knyg\u0173 \u201eAktoriai, re\u017eisieriai ir kasinink\u0117s\" ir \u201eAktoriai, re\u017eisieriai ir studentai. Ko nemat\u0117 \u017ei\u016brovai\").  \u0160\u012fsyk kvie\u010diu \u012f pasimatym\u0105 su Vladu Bagdonu, Valda Bi\u010dkute, Nerijum Gadliausku, Dainium Gavenoniu, Gabija Jaraminaite, Nomeda Kazlaus, Kristina Kazlauskaite, Doloresa Kazragyte, Viktorija Kuodyte, Vyteniu Pauliukai\u010diu, Vladimiru Prudnikovu, Kostu Smoriginu, Dainium Svobonu, Alvydu \u0160lepiku, Ruta Lee.  \u0160i knyga ir apie jus, gerb\u0117jus, ir j\u016bs\u0173 dovanas. Apie tai pasakoja Gra\u017eina Balandyt\u0117, Ilona Balsyt\u0117, Lina Bocyt\u0117-Garba\u010diauskien\u0117, Bronius Bu\u0161ma, Egl\u0117 Gabr\u0117nait\u0117, Rimgaudas Antanas Karvelis, Virginija Kochanskyt\u0117, Eleonora Koriznait\u0117, Andrius Kulikauskas, Ramun\u0117 Kurien\u0117, Inga Norkut\u0117, Gytis Padegimas, Algirdas Romualdas Paulavi\u010dius, K\u0119stutis Povilaitis, Rasa Samuolyt\u0117, Genovait\u0117 Urmonait\u0117, Regina Varnait\u0117, Adolfas Ve\u010derskis.  Pa\u017evelkite \u012f mus ir \u012f save pro humoro prizm\u0119 \u2013 juk tai stipri\u0173 \u017emoni\u0173 bruo\u017eas.  Nijol\u0117 Narmontait\u0117","og_url":"https:\/\/skaitytaknyga.lt\/en\/produktas\/nijole-narmontaite-aktoriai-rezisieriai-ir-gerbejai-ko-nemate-ziurovai\/","og_site_name":"Skaitytaknyga","article_publisher":"https:\/\/www.facebook.com\/skaitytaknyga\/","article_modified_time":"2025-05-24T16:56:19+00:00","og_image":[{"width":285,"height":406,"url":"https:\/\/skaitytaknyga.lt\/wp-content\/uploads\/2024\/05\/1477911666_cdb_Aktoriai-rezisieriai-ir-gerbejai_p1.png","type":"image\/png"}],"twitter_card":"summary_large_image","twitter_misc":{"Estimated reading time":"1 minute"},"schema":{"@context":"https:\/\/schema.org","@graph":[{"@type":"WebPage","@id":"https:\/\/skaitytaknyga.lt\/produktas\/nijole-narmontaite-aktoriai-rezisieriai-ir-gerbejai-ko-nemate-ziurovai\/","url":"https:\/\/skaitytaknyga.lt\/produktas\/nijole-narmontaite-aktoriai-rezisieriai-ir-gerbejai-ko-nemate-ziurovai\/","name":"Aktoriai, re\u017eisieriai ir gerb\u0117jai: ko nemat\u0117 \u017ei\u016brovai","isPartOf":{"@id":"https:\/\/skaitytaknyga.lt\/#website"},"primaryImageOfPage":{"@id":"https:\/\/skaitytaknyga.lt\/produktas\/nijole-narmontaite-aktoriai-rezisieriai-ir-gerbejai-ko-nemate-ziurovai\/#primaryimage"},"image":{"@id":"https:\/\/skaitytaknyga.lt\/produktas\/nijole-narmontaite-aktoriai-rezisieriai-ir-gerbejai-ko-nemate-ziurovai\/#primaryimage"},"thumbnailUrl":"https:\/\/skaitytaknyga.lt\/wp-content\/uploads\/2024\/05\/1477911666_cdb_Aktoriai-rezisieriai-ir-gerbejai_p1.png","datePublished":"2024-05-02T12:47:30+00:00","dateModified":"2025-05-24T16:56:19+00:00","description":"Knyga \u201eAktoriai, re\u017eisieriai ir gerb\u0117jai: ko nemat\u0117 \u017ei\u016brovai\u201c \u2013 tai susitikimas su nepaprastai \u012fdomiais aktoriais ir re\u017eisieriais (su kitais, nei jau pa\u017e\u012fstate i\u0161 dviej\u0173 mano knyg\u0173 \u201eAktoriai, re\u017eisieriai ir kasinink\u0117s\" ir \u201eAktoriai, re\u017eisieriai ir studentai. Ko nemat\u0117 \u017ei\u016brovai\"). \u0160\u012fsyk kvie\u010diu \u012f pasimatym\u0105 su Vladu Bagdonu, Valda Bi\u010dkute, Nerijum Gadliausku, Dainium Gavenoniu, Gabija Jaraminaite, Nomeda Kazlaus, Kristina Kazlauskaite, Doloresa Kazragyte, Viktorija Kuodyte, Vyteniu Pauliukai\u010diu, Vladimiru Prudnikovu, Kostu Smoriginu, Dainium Svobonu, Alvydu \u0160lepiku, Ruta Lee. \u0160i knyga ir apie jus, gerb\u0117jus, ir j\u016bs\u0173 dovanas. Apie tai pasakoja Gra\u017eina Balandyt\u0117, Ilona Balsyt\u0117, Lina Bocyt\u0117-Garba\u010diauskien\u0117, Bronius Bu\u0161ma, Egl\u0117 Gabr\u0117nait\u0117, Rimgaudas Antanas Karvelis, Virginija Kochanskyt\u0117, Eleonora Koriznait\u0117, Andrius Kulikauskas, Ramun\u0117 Kurien\u0117, Inga Norkut\u0117, Gytis Padegimas, Algirdas Romualdas Paulavi\u010dius, K\u0119stutis Povilaitis, Rasa Samuolyt\u0117, Genovait\u0117 Urmonait\u0117, Regina Varnait\u0117, Adolfas Ve\u010derskis. Pa\u017evelkite \u012f mus ir \u012f save pro humoro prizm\u0119 \u2013 juk tai stipri\u0173 \u017emoni\u0173 bruo\u017eas. Nijol\u0117 Narmontait\u0117","breadcrumb":{"@id":"https:\/\/skaitytaknyga.lt\/produktas\/nijole-narmontaite-aktoriai-rezisieriai-ir-gerbejai-ko-nemate-ziurovai\/#breadcrumb"},"inLanguage":"en-GB","potentialAction":[{"@type":"ReadAction","target":["https:\/\/skaitytaknyga.lt\/produktas\/nijole-narmontaite-aktoriai-rezisieriai-ir-gerbejai-ko-nemate-ziurovai\/"]}]},{"@type":"ImageObject","inLanguage":"en-GB","@id":"https:\/\/skaitytaknyga.lt\/produktas\/nijole-narmontaite-aktoriai-rezisieriai-ir-gerbejai-ko-nemate-ziurovai\/#primaryimage","url":"https:\/\/skaitytaknyga.lt\/wp-content\/uploads\/2024\/05\/1477911666_cdb_Aktoriai-rezisieriai-ir-gerbejai_p1.png","contentUrl":"https:\/\/skaitytaknyga.lt\/wp-content\/uploads\/2024\/05\/1477911666_cdb_Aktoriai-rezisieriai-ir-gerbejai_p1.png","width":285,"height":406},{"@type":"BreadcrumbList","@id":"https:\/\/skaitytaknyga.lt\/produktas\/nijole-narmontaite-aktoriai-rezisieriai-ir-gerbejai-ko-nemate-ziurovai\/#breadcrumb","itemListElement":[{"@type":"ListItem","position":1,"name":"Home","item":"https:\/\/skaitytaknyga.lt\/"},{"@type":"ListItem","position":2,"name":"Parduotuv\u0117","item":"https:\/\/skaitytaknyga.lt\/knygu-parduotuve\/"},{"@type":"ListItem","position":3,"name":"Aktoriai, re\u017eisieriai ir gerb\u0117jai: ko nemat\u0117 \u017ei\u016brovai"}]},{"@type":"WebSite","@id":"https:\/\/skaitytaknyga.lt\/#website","url":"https:\/\/skaitytaknyga.lt\/","name":"skaitytaknyga.lt","description":"Skaitytaknyga.lt \u2013 tai ma\u017eas \u0161eimos verslas, kuris prasid\u0117jo nuo meil\u0117s knygoms ir siekio i\u0161gelb\u0117ti knygas nuo likimo prie konteinerio. Kas vienam nereikalingas daiktas \u2013 kitam lobis, o mes esame tarpininkai, kurie padeda abiems tapti laimingesniems ???? \u017dinome kaip nelengva i\u0161gyventi ma\u017eiems verslams, tad nuo \u0161iol, \u010dia rasite ir kit\u0173, ma\u017e\u0173 \u0161eim\u0173 versl\u0173, rank\u0173 darbo, dovan\u0173 sau ir artimiesiems.","publisher":{"@id":"https:\/\/skaitytaknyga.lt\/#organization"},"potentialAction":[{"@type":"SearchAction","target":{"@type":"EntryPoint","urlTemplate":"https:\/\/skaitytaknyga.lt\/?s={search_term_string}"},"query-input":{"@type":"PropertyValueSpecification","valueRequired":true,"valueName":"search_term_string"}}],"inLanguage":"en-GB"},{"@type":"Organization","@id":"https:\/\/skaitytaknyga.lt\/#organization","name":"skaitytaknyga.lt","url":"https:\/\/skaitytaknyga.lt\/","logo":{"@type":"ImageObject","inLanguage":"en-GB","@id":"https:\/\/skaitytaknyga.lt\/#\/schema\/logo\/image\/","url":"https:\/\/skaitytaknyga.lt\/wp-content\/uploads\/2024\/05\/cropped-cropped-cropped-02_00843_jt3bggkj1j3HLc7SyY6rEUpg.jpeg","contentUrl":"https:\/\/skaitytaknyga.lt\/wp-content\/uploads\/2024\/05\/cropped-cropped-cropped-02_00843_jt3bggkj1j3HLc7SyY6rEUpg.jpeg","width":1600,"height":1600,"caption":"skaitytaknyga.lt"},"image":{"@id":"https:\/\/skaitytaknyga.lt\/#\/schema\/logo\/image\/"},"sameAs":["https:\/\/www.facebook.com\/skaitytaknyga\/"]}]}},"_links":{"self":[{"href":"https:\/\/skaitytaknyga.lt\/en\/wp-json\/wp\/v2\/product\/5534","targetHints":{"allow":["GET"]}}],"collection":[{"href":"https:\/\/skaitytaknyga.lt\/en\/wp-json\/wp\/v2\/product"}],"about":[{"href":"https:\/\/skaitytaknyga.lt\/en\/wp-json\/wp\/v2\/types\/product"}],"replies":[{"embeddable":true,"href":"https:\/\/skaitytaknyga.lt\/en\/wp-json\/wp\/v2\/comments?post=5534"}],"wp:featuredmedia":[{"embeddable":true,"href":"https:\/\/skaitytaknyga.lt\/en\/wp-json\/wp\/v2\/media\/5552"}],"wp:attachment":[{"href":"https:\/\/skaitytaknyga.lt\/en\/wp-json\/wp\/v2\/media?parent=5534"}],"wp:term":[{"taxonomy":"product_brand","embeddable":true,"href":"https:\/\/skaitytaknyga.lt\/en\/wp-json\/wp\/v2\/product_brand?post=5534"},{"taxonomy":"product_cat","embeddable":true,"href":"https:\/\/skaitytaknyga.lt\/en\/wp-json\/wp\/v2\/product_cat?post=5534"},{"taxonomy":"product_tag","embeddable":true,"href":"https:\/\/skaitytaknyga.lt\/en\/wp-json\/wp\/v2\/product_tag?post=5534"}],"curies":[{"name":"wp","href":"https:\/\/api.w.org\/{rel}","templated":true}]}}