{"id":5530,"date":"2024-05-02T12:47:02","date_gmt":"2024-05-02T12:47:02","guid":{"rendered":"https:\/\/skaitytaknyga.lt\/?post_type=product&#038;p=5530"},"modified":"2026-02-26T13:19:18","modified_gmt":"2026-02-26T11:19:18","slug":"alfonsas-nyka-niliunas-buties-erozija","status":"publish","type":"product","link":"https:\/\/skaitytaknyga.lt\/en\/produktas\/alfonsas-nyka-niliunas-buties-erozija\/","title":{"rendered":"Alfonsas Nyka &#8211; Nili\u016bnas \u201eB\u016bties erozija\u201c"},"content":{"rendered":"<p>JAV gyvenusio lietuvi\u0173 poeto Alfonso Nykos-Nili\u016bno poezijos knyga, sudaryta i\u0161 1937-1984 m. para\u0161yt\u0173 eil\u0117ra\u0161\u010di\u0173. A.Nyka-Nili\u016bnas emigracijoje yra i\u0161leid\u0119s \u201ePraradimo simfonijas\u201c (1946), \u201eOrf\u0117jaus med\u012f\u201c (1953), \u201eBaland\u017eio vigilij\u0105\u201c (1957), \u201eVyno stebukl\u0105\u201c (1974), \u201e\u017diemos teologij\u0105\u201c (1985).<\/p>\n<p>Ankstyvojoje lyrikoje vyrauja palikto gimtojo kra\u0161to vaizdiniai, v\u0117lesn\u0117je \u2013 jau\u010diama moderniosios Vakar\u0173 poezijos \u012ftaka.<\/p>\n","protected":false},"excerpt":{"rendered":"<p>JAV gyvenusio lietuvi\u0173 poeto Alfonso Nykos-Nili\u016bno poezijos knyga, sudaryta i\u0161 1937-1984 m. para\u0161yt\u0173 eil\u0117ra\u0161\u010di\u0173. A.Nyka-Nili\u016bnas emigracijoje yra i\u0161leid\u0119s \u201ePraradimo simfonijas\u201c (1946), \u201eOrf\u0117jaus med\u012f\u201c (1953), \u201eBaland\u017eio vigilij\u0105\u201c (1957), \u201eVyno stebukl\u0105\u201c (1974), \u201e\u017diemos teologij\u0105\u201c (1985).<\/p>\n<p>Ankstyvojoje lyrikoje vyrauja palikto gimtojo kra\u0161to vaizdiniai, v\u0117lesn\u0117je \u2013 jau\u010diama moderniosios Vakar\u0173 poezijos \u012ftaka.<\/p>\n","protected":false},"featured_media":5551,"comment_status":"closed","ping_status":"closed","template":"","meta":{"_acf_changed":false,"site-sidebar-layout":"default","site-content-layout":"","ast-site-content-layout":"default","site-content-style":"default","site-sidebar-style":"default","ast-global-header-display":"","ast-banner-title-visibility":"","ast-main-header-display":"","ast-hfb-above-header-display":"","ast-hfb-below-header-display":"","ast-hfb-mobile-header-display":"","site-post-title":"","ast-breadcrumbs-content":"","ast-featured-img":"","footer-sml-layout":"","ast-disable-related-posts":"","theme-transparent-header-meta":"default","adv-header-id-meta":"","stick-header-meta":"","header-above-stick-meta":"","header-main-stick-meta":"","header-below-stick-meta":"","astra-migrate-meta-layouts":"set","ast-page-background-enabled":"default","ast-page-background-meta":{"desktop":{"background-color":"","background-image":"","background-repeat":"repeat","background-position":"center center","background-size":"auto","background-attachment":"scroll","background-type":"","background-media":"","overlay-type":"","overlay-color":"","overlay-opacity":"","overlay-gradient":""},"tablet":{"background-color":"","background-image":"","background-repeat":"repeat","background-position":"center center","background-size":"auto","background-attachment":"scroll","background-type":"","background-media":"","overlay-type":"","overlay-color":"","overlay-opacity":"","overlay-gradient":""},"mobile":{"background-color":"","background-image":"","background-repeat":"repeat","background-position":"center center","background-size":"auto","background-attachment":"scroll","background-type":"","background-media":"","overlay-type":"","overlay-color":"","overlay-opacity":"","overlay-gradient":""}},"ast-content-background-meta":{"desktop":{"background-color":"var(--ast-global-color-4)","background-image":"","background-repeat":"repeat","background-position":"center center","background-size":"auto","background-attachment":"scroll","background-type":"","background-media":"","overlay-type":"","overlay-color":"","overlay-opacity":"","overlay-gradient":""},"tablet":{"background-color":"var(--ast-global-color-4)","background-image":"","background-repeat":"repeat","background-position":"center center","background-size":"auto","background-attachment":"scroll","background-type":"","background-media":"","overlay-type":"","overlay-color":"","overlay-opacity":"","overlay-gradient":""},"mobile":{"background-color":"var(--ast-global-color-4)","background-image":"","background-repeat":"repeat","background-position":"center center","background-size":"auto","background-attachment":"scroll","background-type":"","background-media":"","overlay-type":"","overlay-color":"","overlay-opacity":"","overlay-gradient":""}}},"product_brand":[],"product_cat":[31],"product_tag":[],"class_list":{"0":"post-5530","1":"product","2":"type-product","3":"status-publish","4":"has-post-thumbnail","6":"product_cat-grozine-literatura","7":"desktop-align-left","8":"tablet-align-left","9":"mobile-align-left","11":"first","12":"outofstock","13":"shipping-taxable","14":"purchasable","15":"product-type-simple"},"acf":[],"yoast_head":"<!-- This site is optimized with the Yoast SEO plugin v27.0 - https:\/\/yoast.com\/product\/yoast-seo-wordpress\/ -->\n<title>Alfonsas Nyka - Nili\u016bnas \u201eB\u016bties erozija\u201c<\/title>\n<meta name=\"description\" content=\"JAV gyvenusio lietuvi\u0173 poeto Alfonso Nykos-Nili\u016bno poezijos knyga, sudaryta i\u0161 1937-1984 m. para\u0161yt\u0173 eil\u0117ra\u0161\u010di\u0173. A.Nyka-Nili\u016bnas emigracijoje yra i\u0161leid\u0119s \u201ePraradimo simfonijas\u201c (1946), \u201eOrf\u0117jaus med\u012f\u201c (1953), \u201eBaland\u017eio vigilij\u0105\u201c (1957), \u201eVyno stebukl\u0105\u201c (1974), \u201e\u017diemos teologij\u0105\u201c (1985).  Ankstyvojoje lyrikoje vyrauja palikto gimtojo kra\u0161to vaizdiniai, v\u0117lesn\u0117je \u2013 jau\u010diama moderniosios Vakar\u0173 poezijos \u012ftaka.\" \/>\n<meta name=\"robots\" content=\"index, follow, max-snippet:-1, max-image-preview:large, max-video-preview:-1\" \/>\n<link rel=\"canonical\" href=\"https:\/\/skaitytaknyga.lt\/en\/produktas\/alfonsas-nyka-niliunas-buties-erozija\/\" \/>\n<meta property=\"og:locale\" content=\"en_GB\" \/>\n<meta property=\"og:locale:alternate\" content=\"lt_LT\" \/>\n<meta property=\"og:type\" content=\"article\" \/>\n<meta property=\"og:title\" content=\"Alfonsas Nyka - Nili\u016bnas \u201eB\u016bties erozija\u201c\" \/>\n<meta property=\"og:description\" content=\"JAV gyvenusio lietuvi\u0173 poeto Alfonso Nykos-Nili\u016bno poezijos knyga, sudaryta i\u0161 1937-1984 m. para\u0161yt\u0173 eil\u0117ra\u0161\u010di\u0173. A.Nyka-Nili\u016bnas emigracijoje yra i\u0161leid\u0119s \u201ePraradimo simfonijas\u201c (1946), \u201eOrf\u0117jaus med\u012f\u201c (1953), \u201eBaland\u017eio vigilij\u0105\u201c (1957), \u201eVyno stebukl\u0105\u201c (1974), \u201e\u017diemos teologij\u0105\u201c (1985).  Ankstyvojoje lyrikoje vyrauja palikto gimtojo kra\u0161to vaizdiniai, v\u0117lesn\u0117je \u2013 jau\u010diama moderniosios Vakar\u0173 poezijos \u012ftaka.\" \/>\n<meta property=\"og:url\" content=\"https:\/\/skaitytaknyga.lt\/en\/produktas\/alfonsas-nyka-niliunas-buties-erozija\/\" \/>\n<meta property=\"og:site_name\" content=\"Skaitytaknyga\" \/>\n<meta property=\"article:publisher\" content=\"https:\/\/www.facebook.com\/skaitytaknyga\/\" \/>\n<meta property=\"article:modified_time\" content=\"2026-02-26T11:19:18+00:00\" \/>\n<meta property=\"og:image\" content=\"https:\/\/skaitytaknyga.lt\/wp-content\/uploads\/2024\/05\/1462891205_img-0008-001.jpg\" \/>\n\t<meta property=\"og:image:width\" content=\"278\" \/>\n\t<meta property=\"og:image:height\" content=\"430\" \/>\n\t<meta property=\"og:image:type\" content=\"image\/jpeg\" \/>\n<meta name=\"twitter:card\" content=\"summary_large_image\" \/>\n<meta name=\"twitter:label1\" content=\"Estimated reading time\" \/>\n\t<meta name=\"twitter:data1\" content=\"1 minute\" \/>\n<script type=\"application\/ld+json\" class=\"yoast-schema-graph\">{\"@context\":\"https:\/\/schema.org\",\"@graph\":[{\"@type\":\"WebPage\",\"@id\":\"https:\/\/skaitytaknyga.lt\/produktas\/alfonsas-nyka-niliunas-buties-erozija\/\",\"url\":\"https:\/\/skaitytaknyga.lt\/produktas\/alfonsas-nyka-niliunas-buties-erozija\/\",\"name\":\"Alfonsas Nyka - Nili\u016bnas \u201eB\u016bties erozija\u201c\",\"isPartOf\":{\"@id\":\"https:\/\/skaitytaknyga.lt\/#website\"},\"primaryImageOfPage\":{\"@id\":\"https:\/\/skaitytaknyga.lt\/produktas\/alfonsas-nyka-niliunas-buties-erozija\/#primaryimage\"},\"image\":{\"@id\":\"https:\/\/skaitytaknyga.lt\/produktas\/alfonsas-nyka-niliunas-buties-erozija\/#primaryimage\"},\"thumbnailUrl\":\"https:\/\/skaitytaknyga.lt\/wp-content\/uploads\/2024\/05\/1462891205_img-0008-001.jpg\",\"datePublished\":\"2024-05-02T12:47:02+00:00\",\"dateModified\":\"2026-02-26T11:19:18+00:00\",\"description\":\"JAV gyvenusio lietuvi\u0173 poeto Alfonso Nykos-Nili\u016bno poezijos knyga, sudaryta i\u0161 1937-1984 m. para\u0161yt\u0173 eil\u0117ra\u0161\u010di\u0173. A.Nyka-Nili\u016bnas emigracijoje yra i\u0161leid\u0119s \u201ePraradimo simfonijas\u201c (1946), \u201eOrf\u0117jaus med\u012f\u201c (1953), \u201eBaland\u017eio vigilij\u0105\u201c (1957), \u201eVyno stebukl\u0105\u201c (1974), \u201e\u017diemos teologij\u0105\u201c (1985). Ankstyvojoje lyrikoje vyrauja palikto gimtojo kra\u0161to vaizdiniai, v\u0117lesn\u0117je \u2013 jau\u010diama moderniosios Vakar\u0173 poezijos \u012ftaka.\",\"breadcrumb\":{\"@id\":\"https:\/\/skaitytaknyga.lt\/produktas\/alfonsas-nyka-niliunas-buties-erozija\/#breadcrumb\"},\"inLanguage\":\"en-GB\",\"potentialAction\":[{\"@type\":\"ReadAction\",\"target\":[\"https:\/\/skaitytaknyga.lt\/produktas\/alfonsas-nyka-niliunas-buties-erozija\/\"]}]},{\"@type\":\"ImageObject\",\"inLanguage\":\"en-GB\",\"@id\":\"https:\/\/skaitytaknyga.lt\/produktas\/alfonsas-nyka-niliunas-buties-erozija\/#primaryimage\",\"url\":\"https:\/\/skaitytaknyga.lt\/wp-content\/uploads\/2024\/05\/1462891205_img-0008-001.jpg\",\"contentUrl\":\"https:\/\/skaitytaknyga.lt\/wp-content\/uploads\/2024\/05\/1462891205_img-0008-001.jpg\",\"width\":278,\"height\":430,\"caption\":\"Alfonsas Nyka - Nili\u016bnas \u201eB\u016bties erozija\u201c\"},{\"@type\":\"BreadcrumbList\",\"@id\":\"https:\/\/skaitytaknyga.lt\/produktas\/alfonsas-nyka-niliunas-buties-erozija\/#breadcrumb\",\"itemListElement\":[{\"@type\":\"ListItem\",\"position\":1,\"name\":\"Home\",\"item\":\"https:\/\/skaitytaknyga.lt\/\"},{\"@type\":\"ListItem\",\"position\":2,\"name\":\"Parduotuv\u0117\",\"item\":\"https:\/\/skaitytaknyga.lt\/knygu-parduotuve\/\"},{\"@type\":\"ListItem\",\"position\":3,\"name\":\"Alfonsas Nyka &#8211; Nili\u016bnas \u201eB\u016bties erozija\u201c\"}]},{\"@type\":\"WebSite\",\"@id\":\"https:\/\/skaitytaknyga.lt\/#website\",\"url\":\"https:\/\/skaitytaknyga.lt\/\",\"name\":\"skaitytaknyga.lt\",\"description\":\"Skaitytaknyga.lt \u2013 tai ma\u017eas \u0161eimos verslas, kuris prasid\u0117jo nuo meil\u0117s knygoms ir siekio i\u0161gelb\u0117ti knygas nuo likimo prie konteinerio. Kas vienam nereikalingas daiktas \u2013 kitam lobis, o mes esame tarpininkai, kurie padeda abiems tapti laimingesniems ???? \u017dinome kaip nelengva i\u0161gyventi ma\u017eiems verslams, tad nuo \u0161iol, \u010dia rasite ir kit\u0173, ma\u017e\u0173 \u0161eim\u0173 versl\u0173, rank\u0173 darbo, dovan\u0173 sau ir artimiesiems.\",\"publisher\":{\"@id\":\"https:\/\/skaitytaknyga.lt\/#organization\"},\"potentialAction\":[{\"@type\":\"SearchAction\",\"target\":{\"@type\":\"EntryPoint\",\"urlTemplate\":\"https:\/\/skaitytaknyga.lt\/?s={search_term_string}\"},\"query-input\":{\"@type\":\"PropertyValueSpecification\",\"valueRequired\":true,\"valueName\":\"search_term_string\"}}],\"inLanguage\":\"en-GB\"},{\"@type\":\"Organization\",\"@id\":\"https:\/\/skaitytaknyga.lt\/#organization\",\"name\":\"skaitytaknyga.lt\",\"url\":\"https:\/\/skaitytaknyga.lt\/\",\"logo\":{\"@type\":\"ImageObject\",\"inLanguage\":\"en-GB\",\"@id\":\"https:\/\/skaitytaknyga.lt\/#\/schema\/logo\/image\/\",\"url\":\"https:\/\/skaitytaknyga.lt\/wp-content\/uploads\/2024\/05\/cropped-cropped-cropped-02_00843_jt3bggkj1j3HLc7SyY6rEUpg.jpeg\",\"contentUrl\":\"https:\/\/skaitytaknyga.lt\/wp-content\/uploads\/2024\/05\/cropped-cropped-cropped-02_00843_jt3bggkj1j3HLc7SyY6rEUpg.jpeg\",\"width\":1600,\"height\":1600,\"caption\":\"skaitytaknyga.lt\"},\"image\":{\"@id\":\"https:\/\/skaitytaknyga.lt\/#\/schema\/logo\/image\/\"},\"sameAs\":[\"https:\/\/www.facebook.com\/skaitytaknyga\/\"]}]}<\/script>\n<!-- \/ Yoast SEO plugin. -->","yoast_head_json":{"title":"Alfonsas Nyka - Nili\u016bnas \u201eB\u016bties erozija\u201c","description":"JAV gyvenusio lietuvi\u0173 poeto Alfonso Nykos-Nili\u016bno poezijos knyga, sudaryta i\u0161 1937-1984 m. para\u0161yt\u0173 eil\u0117ra\u0161\u010di\u0173. A.Nyka-Nili\u016bnas emigracijoje yra i\u0161leid\u0119s \u201ePraradimo simfonijas\u201c (1946), \u201eOrf\u0117jaus med\u012f\u201c (1953), \u201eBaland\u017eio vigilij\u0105\u201c (1957), \u201eVyno stebukl\u0105\u201c (1974), \u201e\u017diemos teologij\u0105\u201c (1985).  Ankstyvojoje lyrikoje vyrauja palikto gimtojo kra\u0161to vaizdiniai, v\u0117lesn\u0117je \u2013 jau\u010diama moderniosios Vakar\u0173 poezijos \u012ftaka.","robots":{"index":"index","follow":"follow","max-snippet":"max-snippet:-1","max-image-preview":"max-image-preview:large","max-video-preview":"max-video-preview:-1"},"canonical":"https:\/\/skaitytaknyga.lt\/en\/produktas\/alfonsas-nyka-niliunas-buties-erozija\/","og_locale":"en_GB","og_type":"article","og_title":"[:lt]Alfonsas Nyka - Nili\u016bnas \u201eB\u016bties erozija\u201c[:] - Skaitytaknyga","og_description":"JAV gyvenusio lietuvi\u0173 poeto Alfonso Nykos-Nili\u016bno poezijos knyga, sudaryta i\u0161 1937-1984 m. para\u0161yt\u0173 eil\u0117ra\u0161\u010di\u0173. A.Nyka-Nili\u016bnas emigracijoje yra i\u0161leid\u0119s \u201ePraradimo simfonijas\u201c (1946), \u201eOrf\u0117jaus med\u012f\u201c (1953), \u201eBaland\u017eio vigilij\u0105\u201c (1957), \u201eVyno stebukl\u0105\u201c (1974), \u201e\u017diemos teologij\u0105\u201c (1985).  Ankstyvojoje lyrikoje vyrauja palikto gimtojo kra\u0161to vaizdiniai, v\u0117lesn\u0117je \u2013 jau\u010diama moderniosios Vakar\u0173 poezijos \u012ftaka.","og_url":"https:\/\/skaitytaknyga.lt\/en\/produktas\/alfonsas-nyka-niliunas-buties-erozija\/","og_site_name":"Skaitytaknyga","article_publisher":"https:\/\/www.facebook.com\/skaitytaknyga\/","article_modified_time":"2026-02-26T11:19:18+00:00","og_image":[{"width":278,"height":430,"url":"https:\/\/skaitytaknyga.lt\/wp-content\/uploads\/2024\/05\/1462891205_img-0008-001.jpg","type":"image\/jpeg"}],"twitter_card":"summary_large_image","twitter_misc":{"Estimated reading time":"1 minute"},"schema":{"@context":"https:\/\/schema.org","@graph":[{"@type":"WebPage","@id":"https:\/\/skaitytaknyga.lt\/produktas\/alfonsas-nyka-niliunas-buties-erozija\/","url":"https:\/\/skaitytaknyga.lt\/produktas\/alfonsas-nyka-niliunas-buties-erozija\/","name":"Alfonsas Nyka - Nili\u016bnas \u201eB\u016bties erozija\u201c","isPartOf":{"@id":"https:\/\/skaitytaknyga.lt\/#website"},"primaryImageOfPage":{"@id":"https:\/\/skaitytaknyga.lt\/produktas\/alfonsas-nyka-niliunas-buties-erozija\/#primaryimage"},"image":{"@id":"https:\/\/skaitytaknyga.lt\/produktas\/alfonsas-nyka-niliunas-buties-erozija\/#primaryimage"},"thumbnailUrl":"https:\/\/skaitytaknyga.lt\/wp-content\/uploads\/2024\/05\/1462891205_img-0008-001.jpg","datePublished":"2024-05-02T12:47:02+00:00","dateModified":"2026-02-26T11:19:18+00:00","description":"JAV gyvenusio lietuvi\u0173 poeto Alfonso Nykos-Nili\u016bno poezijos knyga, sudaryta i\u0161 1937-1984 m. para\u0161yt\u0173 eil\u0117ra\u0161\u010di\u0173. A.Nyka-Nili\u016bnas emigracijoje yra i\u0161leid\u0119s \u201ePraradimo simfonijas\u201c (1946), \u201eOrf\u0117jaus med\u012f\u201c (1953), \u201eBaland\u017eio vigilij\u0105\u201c (1957), \u201eVyno stebukl\u0105\u201c (1974), \u201e\u017diemos teologij\u0105\u201c (1985). Ankstyvojoje lyrikoje vyrauja palikto gimtojo kra\u0161to vaizdiniai, v\u0117lesn\u0117je \u2013 jau\u010diama moderniosios Vakar\u0173 poezijos \u012ftaka.","breadcrumb":{"@id":"https:\/\/skaitytaknyga.lt\/produktas\/alfonsas-nyka-niliunas-buties-erozija\/#breadcrumb"},"inLanguage":"en-GB","potentialAction":[{"@type":"ReadAction","target":["https:\/\/skaitytaknyga.lt\/produktas\/alfonsas-nyka-niliunas-buties-erozija\/"]}]},{"@type":"ImageObject","inLanguage":"en-GB","@id":"https:\/\/skaitytaknyga.lt\/produktas\/alfonsas-nyka-niliunas-buties-erozija\/#primaryimage","url":"https:\/\/skaitytaknyga.lt\/wp-content\/uploads\/2024\/05\/1462891205_img-0008-001.jpg","contentUrl":"https:\/\/skaitytaknyga.lt\/wp-content\/uploads\/2024\/05\/1462891205_img-0008-001.jpg","width":278,"height":430,"caption":"Alfonsas Nyka - Nili\u016bnas \u201eB\u016bties erozija\u201c"},{"@type":"BreadcrumbList","@id":"https:\/\/skaitytaknyga.lt\/produktas\/alfonsas-nyka-niliunas-buties-erozija\/#breadcrumb","itemListElement":[{"@type":"ListItem","position":1,"name":"Home","item":"https:\/\/skaitytaknyga.lt\/"},{"@type":"ListItem","position":2,"name":"Parduotuv\u0117","item":"https:\/\/skaitytaknyga.lt\/knygu-parduotuve\/"},{"@type":"ListItem","position":3,"name":"Alfonsas Nyka &#8211; Nili\u016bnas \u201eB\u016bties erozija\u201c"}]},{"@type":"WebSite","@id":"https:\/\/skaitytaknyga.lt\/#website","url":"https:\/\/skaitytaknyga.lt\/","name":"skaitytaknyga.lt","description":"Skaitytaknyga.lt \u2013 tai ma\u017eas \u0161eimos verslas, kuris prasid\u0117jo nuo meil\u0117s knygoms ir siekio i\u0161gelb\u0117ti knygas nuo likimo prie konteinerio. Kas vienam nereikalingas daiktas \u2013 kitam lobis, o mes esame tarpininkai, kurie padeda abiems tapti laimingesniems ???? \u017dinome kaip nelengva i\u0161gyventi ma\u017eiems verslams, tad nuo \u0161iol, \u010dia rasite ir kit\u0173, ma\u017e\u0173 \u0161eim\u0173 versl\u0173, rank\u0173 darbo, dovan\u0173 sau ir artimiesiems.","publisher":{"@id":"https:\/\/skaitytaknyga.lt\/#organization"},"potentialAction":[{"@type":"SearchAction","target":{"@type":"EntryPoint","urlTemplate":"https:\/\/skaitytaknyga.lt\/?s={search_term_string}"},"query-input":{"@type":"PropertyValueSpecification","valueRequired":true,"valueName":"search_term_string"}}],"inLanguage":"en-GB"},{"@type":"Organization","@id":"https:\/\/skaitytaknyga.lt\/#organization","name":"skaitytaknyga.lt","url":"https:\/\/skaitytaknyga.lt\/","logo":{"@type":"ImageObject","inLanguage":"en-GB","@id":"https:\/\/skaitytaknyga.lt\/#\/schema\/logo\/image\/","url":"https:\/\/skaitytaknyga.lt\/wp-content\/uploads\/2024\/05\/cropped-cropped-cropped-02_00843_jt3bggkj1j3HLc7SyY6rEUpg.jpeg","contentUrl":"https:\/\/skaitytaknyga.lt\/wp-content\/uploads\/2024\/05\/cropped-cropped-cropped-02_00843_jt3bggkj1j3HLc7SyY6rEUpg.jpeg","width":1600,"height":1600,"caption":"skaitytaknyga.lt"},"image":{"@id":"https:\/\/skaitytaknyga.lt\/#\/schema\/logo\/image\/"},"sameAs":["https:\/\/www.facebook.com\/skaitytaknyga\/"]}]}},"_links":{"self":[{"href":"https:\/\/skaitytaknyga.lt\/en\/wp-json\/wp\/v2\/product\/5530","targetHints":{"allow":["GET"]}}],"collection":[{"href":"https:\/\/skaitytaknyga.lt\/en\/wp-json\/wp\/v2\/product"}],"about":[{"href":"https:\/\/skaitytaknyga.lt\/en\/wp-json\/wp\/v2\/types\/product"}],"replies":[{"embeddable":true,"href":"https:\/\/skaitytaknyga.lt\/en\/wp-json\/wp\/v2\/comments?post=5530"}],"wp:featuredmedia":[{"embeddable":true,"href":"https:\/\/skaitytaknyga.lt\/en\/wp-json\/wp\/v2\/media\/5551"}],"wp:attachment":[{"href":"https:\/\/skaitytaknyga.lt\/en\/wp-json\/wp\/v2\/media?parent=5530"}],"wp:term":[{"taxonomy":"product_brand","embeddable":true,"href":"https:\/\/skaitytaknyga.lt\/en\/wp-json\/wp\/v2\/product_brand?post=5530"},{"taxonomy":"product_cat","embeddable":true,"href":"https:\/\/skaitytaknyga.lt\/en\/wp-json\/wp\/v2\/product_cat?post=5530"},{"taxonomy":"product_tag","embeddable":true,"href":"https:\/\/skaitytaknyga.lt\/en\/wp-json\/wp\/v2\/product_tag?post=5530"}],"curies":[{"name":"wp","href":"https:\/\/api.w.org\/{rel}","templated":true}]}}