{"id":5529,"date":"2024-05-02T15:47:02","date_gmt":"2024-05-02T12:47:02","guid":{"rendered":"https:\/\/skaitytaknyga.lt\/?post_type=product&#038;p=5529"},"modified":"2025-06-26T16:09:59","modified_gmt":"2025-06-26T13:09:59","slug":"1000-istorijos-idomybiu","status":"publish","type":"product","link":"https:\/\/skaitytaknyga.lt\/en\/produktas\/1000-istorijos-idomybiu\/","title":{"rendered":"1000 istorijos \u012fdomybi\u0173"},"content":{"rendered":"<p>tversk \u0161i\u0105 i\u0161skirtin\u0119 knyg\u0105\u00a0<b>&#8220;1000 istorijos \u012fdomybi\u0173&#8221;<\/b>\u00a0ir su\u017einok daugiau nei 100 svarbiausi\u0173 ir \u012fdomiausi\u0173 pasaulio istorijos fakt\u0173.<\/p>\n<p>D\u0117l ko egiptie\u010diai balzamavo mirusiuosius?<br \/>\nKas buvo hoplitai?<br \/>\nKod\u0117l Koliziejus pastatatytas pelk\u0117je?<\/p>\n<p>\u0160i knyga &#8220;1000 istorijos \u012fdomybi\u0173&#8221; suteiks ir, smagios veiklos &#8211; pasi\u016blys \u017eaidim\u0173 ir min\u010di\u0173, kaip i\u0161 paprast\u0173 daikt\u0173 pasidaryti paslapting\u0173 lobi\u0173, leis pasitikrinti \u017einias, o laukeliuose su antra\u0161te &#8220;B\u016bna ir taip&#8221; laukia juokingi, netik\u0117ti, kartais beveik ne\u012ftik\u0117tini faktai i\u0161 senov\u0117s gyvenimo.<\/p>\n<p>&#8211; \u0160imtai iliustracij\u0173, nuotrauk\u0173 ir karikat\u016br\u0173<br \/>\n&#8211; Viltorinos, galvos\u016bkiai, \u017eaidimai ir net senovini\u0173 valgi\u0173 receptai<br \/>\n&#8211; Daugiau nei 1000 istorijos fakt\u0173<\/p>\n<p>I\u0161 angl\u0173 kalbos vert\u0117 Au\u0161ra Stanaityt\u0117-Karsokien\u0117<\/p>\n<p><b>TURINYS<\/b><\/p>\n<p>Senov\u0117s Egiptas 14-51<\/p>\n<p>Piramid\u0117s 54-85<\/p>\n<p>Mumijos 88-123<\/p>\n<p>Senov\u0117s Graikija 126-165<\/p>\n<p>Senov\u0117s Roma 168-207<\/p>\n<p>Gladiatoriai 210-247<\/p>\n<p>Vikingai 250-287<\/p>\n<p>Riteriai ir pilys 290-327<\/p>\n<p>Ginklai ir \u0161arvai 372-409<\/p>\n<p>Kar\u017eygiai 412-451<\/p>\n<p>Samurajai 454-495<\/p>\n<p>Rodykl\u0117 498-511<\/p>\n<p>Pad\u0117kos 512<\/p>\n","protected":false},"excerpt":{"rendered":"<p>tversk \u0161i\u0105 i\u0161skirtin\u0119 knyg\u0105\u00a0<b>&#8220;1000 istorijos \u012fdomybi\u0173&#8221;<\/b>\u00a0ir su\u017einok daugiau nei 100 svarbiausi\u0173 ir \u012fdomiausi\u0173 pasaulio istorijos fakt\u0173.<\/p>\n<p>D\u0117l ko egiptie\u010diai balzamavo mirusiuosius?<br \/>\nKas buvo hoplitai?<br \/>\nKod\u0117l Koliziejus pastatatytas pelk\u0117je?<\/p>\n<p>\u0160i knyga &#8220;1000 istorijos \u012fdomybi\u0173&#8221; suteiks ir, smagios veiklos &#8211; pasi\u016blys \u017eaidim\u0173 ir min\u010di\u0173, kaip i\u0161 paprast\u0173 daikt\u0173 pasidaryti paslapting\u0173 lobi\u0173, leis pasitikrinti \u017einias, o laukeliuose su antra\u0161te &#8220;B\u016bna ir taip&#8221; laukia juokingi, netik\u0117ti, kartais beveik ne\u012ftik\u0117tini faktai i\u0161 senov\u0117s gyvenimo.<\/p>\n<p>&#8211; \u0160imtai iliustracij\u0173, nuotrauk\u0173 ir karikat\u016br\u0173<br \/>\n&#8211; Viltorinos, galvos\u016bkiai, \u017eaidimai ir net senovini\u0173 valgi\u0173 receptai<br \/>\n&#8211; Daugiau nei 1000 istorijos fakt\u0173<\/p>\n<p>I\u0161 angl\u0173 kalbos vert\u0117 Au\u0161ra Stanaityt\u0117-Karsokien\u0117<\/p>\n<p><b>TURINYS<\/b><\/p>\n<p>Senov\u0117s Egiptas 14-51<\/p>\n<p>Piramid\u0117s 54-85<\/p>\n<p>Mumijos 88-123<\/p>\n<p>Senov\u0117s Graikija 126-165<\/p>\n<p>Senov\u0117s Roma 168-207<\/p>\n<p>Gladiatoriai 210-247<\/p>\n<p>Vikingai 250-287<\/p>\n<p>Riteriai ir pilys 290-327<\/p>\n<p>Ginklai ir \u0161arvai 372-409<\/p>\n<p>Kar\u017eygiai 412-451<\/p>\n<p>Samurajai 454-495<\/p>\n<p>Rodykl\u0117 498-511<\/p>\n<p>Pad\u0117kos 512<\/p>\n","protected":false},"featured_media":5550,"comment_status":"closed","ping_status":"closed","template":"","meta":{"_acf_changed":false,"site-sidebar-layout":"default","site-content-layout":"","ast-site-content-layout":"default","site-content-style":"default","site-sidebar-style":"default","ast-global-header-display":"","ast-banner-title-visibility":"","ast-main-header-display":"","ast-hfb-above-header-display":"","ast-hfb-below-header-display":"","ast-hfb-mobile-header-display":"","site-post-title":"","ast-breadcrumbs-content":"","ast-featured-img":"","footer-sml-layout":"","ast-disable-related-posts":"","theme-transparent-header-meta":"","adv-header-id-meta":"","stick-header-meta":"","header-above-stick-meta":"","header-main-stick-meta":"","header-below-stick-meta":"","astra-migrate-meta-layouts":"default","ast-page-background-enabled":"default","ast-page-background-meta":{"desktop":{"background-color":"","background-image":"","background-repeat":"repeat","background-position":"center center","background-size":"auto","background-attachment":"scroll","background-type":"","background-media":"","overlay-type":"","overlay-color":"","overlay-opacity":"","overlay-gradient":""},"tablet":{"background-color":"","background-image":"","background-repeat":"repeat","background-position":"center center","background-size":"auto","background-attachment":"scroll","background-type":"","background-media":"","overlay-type":"","overlay-color":"","overlay-opacity":"","overlay-gradient":""},"mobile":{"background-color":"","background-image":"","background-repeat":"repeat","background-position":"center center","background-size":"auto","background-attachment":"scroll","background-type":"","background-media":"","overlay-type":"","overlay-color":"","overlay-opacity":"","overlay-gradient":""}},"ast-content-background-meta":{"desktop":{"background-color":"var(--ast-global-color-4)","background-image":"","background-repeat":"repeat","background-position":"center center","background-size":"auto","background-attachment":"scroll","background-type":"","background-media":"","overlay-type":"","overlay-color":"","overlay-opacity":"","overlay-gradient":""},"tablet":{"background-color":"var(--ast-global-color-4)","background-image":"","background-repeat":"repeat","background-position":"center center","background-size":"auto","background-attachment":"scroll","background-type":"","background-media":"","overlay-type":"","overlay-color":"","overlay-opacity":"","overlay-gradient":""},"mobile":{"background-color":"var(--ast-global-color-4)","background-image":"","background-repeat":"repeat","background-position":"center center","background-size":"auto","background-attachment":"scroll","background-type":"","background-media":"","overlay-type":"","overlay-color":"","overlay-opacity":"","overlay-gradient":""}}},"product_brand":[],"product_cat":[35],"product_tag":[5986,3342,5340,2224,4899,5987],"class_list":{"0":"post-5529","1":"product","2":"type-product","3":"status-publish","4":"has-post-thumbnail","6":"product_cat-vaikams-ir-paaugliams","7":"product_tag-ausra-stanaityte-karsokiene","8":"product_tag-edukacija","9":"product_tag-faktai","10":"product_tag-istorija","11":"product_tag-senove","12":"product_tag-zaidimai","13":"desktop-align-left","14":"tablet-align-left","15":"mobile-align-left","17":"first","18":"instock","19":"shipping-taxable","20":"purchasable","21":"product-type-simple"},"acf":[],"yoast_head":"<!-- This site is optimized with the Yoast SEO plugin v27.0 - https:\/\/yoast.com\/product\/yoast-seo-wordpress\/ -->\n<title>1000 istorijos \u012fdomybi\u0173<\/title>\n<meta name=\"description\" content=\"tversk \u0161i\u0105 i\u0161skirtin\u0119 knyg\u0105\u00a0&quot;1000 istorijos \u012fdomybi\u0173&quot;\u00a0ir su\u017einok daugiau nei 100 svarbiausi\u0173 ir \u012fdomiausi\u0173 pasaulio istorijos fakt\u0173.  D\u0117l ko egiptie\u010diai balzamavo mirusiuosius? Kas buvo hoplitai? Kod\u0117l Koliziejus pastatatytas pelk\u0117je?  \u0160i knyga &quot;1000 istorijos \u012fdomybi\u0173&quot; suteiks ir, smagios veiklos - pasi\u016blys \u017eaidim\u0173 ir min\u010di\u0173, kaip i\u0161 paprast\u0173 daikt\u0173 pasidaryti paslapting\u0173 lobi\u0173, leis pasitikrinti \u017einias, o laukeliuose su antra\u0161te &quot;B\u016bna ir taip&quot; laukia juokingi, netik\u0117ti, kartais beveik ne\u012ftik\u0117tini faktai i\u0161 senov\u0117s gyvenimo.  - \u0160imtai iliustracij\u0173, nuotrauk\u0173 ir karikat\u016br\u0173 - Viltorinos, galvos\u016bkiai, \u017eaidimai ir net senovini\u0173 valgi\u0173 receptai - Daugiau nei 1000 istorijos fakt\u0173  I\u0161 angl\u0173 kalbos vert\u0117 Au\u0161ra Stanaityt\u0117-Karsokien\u0117  TURINYS  Senov\u0117s Egiptas 14-51  Piramid\u0117s 54-85  Mumijos 88-123  Senov\u0117s Graikija 126-165  Senov\u0117s Roma 168-207  Gladiatoriai 210-247  Vikingai 250-287  Riteriai ir pilys 290-327  Ginklai ir \u0161arvai 372-409  Kar\u017eygiai 412-451  Samurajai 454-495  Rodykl\u0117 498-511  Pad\u0117kos 512\" \/>\n<meta name=\"robots\" content=\"index, follow, max-snippet:-1, max-image-preview:large, max-video-preview:-1\" \/>\n<link rel=\"canonical\" href=\"https:\/\/skaitytaknyga.lt\/en\/produktas\/1000-istorijos-idomybiu\/\" \/>\n<meta property=\"og:locale\" content=\"en_GB\" \/>\n<meta property=\"og:locale:alternate\" content=\"lt_LT\" \/>\n<meta property=\"og:type\" content=\"article\" \/>\n<meta property=\"og:title\" content=\"1000 istorijos \u012fdomybi\u0173\" \/>\n<meta property=\"og:description\" content=\"tversk \u0161i\u0105 i\u0161skirtin\u0119 knyg\u0105\u00a0&quot;1000 istorijos \u012fdomybi\u0173&quot;\u00a0ir su\u017einok daugiau nei 100 svarbiausi\u0173 ir \u012fdomiausi\u0173 pasaulio istorijos fakt\u0173.  D\u0117l ko egiptie\u010diai balzamavo mirusiuosius? Kas buvo hoplitai? Kod\u0117l Koliziejus pastatatytas pelk\u0117je?  \u0160i knyga &quot;1000 istorijos \u012fdomybi\u0173&quot; suteiks ir, smagios veiklos - pasi\u016blys \u017eaidim\u0173 ir min\u010di\u0173, kaip i\u0161 paprast\u0173 daikt\u0173 pasidaryti paslapting\u0173 lobi\u0173, leis pasitikrinti \u017einias, o laukeliuose su antra\u0161te &quot;B\u016bna ir taip&quot; laukia juokingi, netik\u0117ti, kartais beveik ne\u012ftik\u0117tini faktai i\u0161 senov\u0117s gyvenimo.  - \u0160imtai iliustracij\u0173, nuotrauk\u0173 ir karikat\u016br\u0173 - Viltorinos, galvos\u016bkiai, \u017eaidimai ir net senovini\u0173 valgi\u0173 receptai - Daugiau nei 1000 istorijos fakt\u0173  I\u0161 angl\u0173 kalbos vert\u0117 Au\u0161ra Stanaityt\u0117-Karsokien\u0117  TURINYS  Senov\u0117s Egiptas 14-51  Piramid\u0117s 54-85  Mumijos 88-123  Senov\u0117s Graikija 126-165  Senov\u0117s Roma 168-207  Gladiatoriai 210-247  Vikingai 250-287  Riteriai ir pilys 290-327  Ginklai ir \u0161arvai 372-409  Kar\u017eygiai 412-451  Samurajai 454-495  Rodykl\u0117 498-511  Pad\u0117kos 512\" \/>\n<meta property=\"og:url\" content=\"https:\/\/skaitytaknyga.lt\/en\/produktas\/1000-istorijos-idomybiu\/\" \/>\n<meta property=\"og:site_name\" content=\"Skaitytaknyga\" \/>\n<meta property=\"article:publisher\" content=\"https:\/\/www.facebook.com\/skaitytaknyga\/\" \/>\n<meta property=\"article:modified_time\" content=\"2025-06-26T13:09:59+00:00\" \/>\n<meta property=\"og:image\" content=\"https:\/\/skaitytaknyga.lt\/wp-content\/uploads\/2024\/05\/151926-865-e1617179382838.jpg\" \/>\n\t<meta property=\"og:image:width\" content=\"484\" \/>\n\t<meta property=\"og:image:height\" content=\"650\" \/>\n\t<meta property=\"og:image:type\" content=\"image\/jpeg\" \/>\n<meta name=\"twitter:card\" content=\"summary_large_image\" \/>\n<meta name=\"twitter:label1\" content=\"Estimated reading time\" \/>\n\t<meta name=\"twitter:data1\" content=\"1 minute\" \/>\n<script type=\"application\/ld+json\" class=\"yoast-schema-graph\">{\"@context\":\"https:\/\/schema.org\",\"@graph\":[{\"@type\":\"WebPage\",\"@id\":\"https:\/\/skaitytaknyga.lt\/produktas\/1000-istorijos-idomybiu\/\",\"url\":\"https:\/\/skaitytaknyga.lt\/produktas\/1000-istorijos-idomybiu\/\",\"name\":\"1000 istorijos \u012fdomybi\u0173\",\"isPartOf\":{\"@id\":\"https:\/\/skaitytaknyga.lt\/#website\"},\"primaryImageOfPage\":{\"@id\":\"https:\/\/skaitytaknyga.lt\/produktas\/1000-istorijos-idomybiu\/#primaryimage\"},\"image\":{\"@id\":\"https:\/\/skaitytaknyga.lt\/produktas\/1000-istorijos-idomybiu\/#primaryimage\"},\"thumbnailUrl\":\"https:\/\/skaitytaknyga.lt\/wp-content\/uploads\/2024\/05\/151926-865-e1617179382838.jpg\",\"datePublished\":\"2024-05-02T12:47:02+00:00\",\"dateModified\":\"2025-06-26T13:09:59+00:00\",\"description\":\"tversk \u0161i\u0105 i\u0161skirtin\u0119 knyg\u0105\u00a0\\\"1000 istorijos \u012fdomybi\u0173\\\"\u00a0ir su\u017einok daugiau nei 100 svarbiausi\u0173 ir \u012fdomiausi\u0173 pasaulio istorijos fakt\u0173. D\u0117l ko egiptie\u010diai balzamavo mirusiuosius? Kas buvo hoplitai? Kod\u0117l Koliziejus pastatatytas pelk\u0117je? \u0160i knyga \\\"1000 istorijos \u012fdomybi\u0173\\\" suteiks ir, smagios veiklos - pasi\u016blys \u017eaidim\u0173 ir min\u010di\u0173, kaip i\u0161 paprast\u0173 daikt\u0173 pasidaryti paslapting\u0173 lobi\u0173, leis pasitikrinti \u017einias, o laukeliuose su antra\u0161te \\\"B\u016bna ir taip\\\" laukia juokingi, netik\u0117ti, kartais beveik ne\u012ftik\u0117tini faktai i\u0161 senov\u0117s gyvenimo. - \u0160imtai iliustracij\u0173, nuotrauk\u0173 ir karikat\u016br\u0173 - Viltorinos, galvos\u016bkiai, \u017eaidimai ir net senovini\u0173 valgi\u0173 receptai - Daugiau nei 1000 istorijos fakt\u0173 I\u0161 angl\u0173 kalbos vert\u0117 Au\u0161ra Stanaityt\u0117-Karsokien\u0117 TURINYS Senov\u0117s Egiptas 14-51 Piramid\u0117s 54-85 Mumijos 88-123 Senov\u0117s Graikija 126-165 Senov\u0117s Roma 168-207 Gladiatoriai 210-247 Vikingai 250-287 Riteriai ir pilys 290-327 Ginklai ir \u0161arvai 372-409 Kar\u017eygiai 412-451 Samurajai 454-495 Rodykl\u0117 498-511 Pad\u0117kos 512\",\"breadcrumb\":{\"@id\":\"https:\/\/skaitytaknyga.lt\/produktas\/1000-istorijos-idomybiu\/#breadcrumb\"},\"inLanguage\":\"en-GB\",\"potentialAction\":[{\"@type\":\"ReadAction\",\"target\":[\"https:\/\/skaitytaknyga.lt\/produktas\/1000-istorijos-idomybiu\/\"]}]},{\"@type\":\"ImageObject\",\"inLanguage\":\"en-GB\",\"@id\":\"https:\/\/skaitytaknyga.lt\/produktas\/1000-istorijos-idomybiu\/#primaryimage\",\"url\":\"https:\/\/skaitytaknyga.lt\/wp-content\/uploads\/2024\/05\/151926-865-e1617179382838.jpg\",\"contentUrl\":\"https:\/\/skaitytaknyga.lt\/wp-content\/uploads\/2024\/05\/151926-865-e1617179382838.jpg\",\"width\":484,\"height\":650},{\"@type\":\"BreadcrumbList\",\"@id\":\"https:\/\/skaitytaknyga.lt\/produktas\/1000-istorijos-idomybiu\/#breadcrumb\",\"itemListElement\":[{\"@type\":\"ListItem\",\"position\":1,\"name\":\"Home\",\"item\":\"https:\/\/skaitytaknyga.lt\/\"},{\"@type\":\"ListItem\",\"position\":2,\"name\":\"Parduotuv\u0117\",\"item\":\"https:\/\/skaitytaknyga.lt\/knygu-parduotuve\/\"},{\"@type\":\"ListItem\",\"position\":3,\"name\":\"1000 istorijos \u012fdomybi\u0173\"}]},{\"@type\":\"WebSite\",\"@id\":\"https:\/\/skaitytaknyga.lt\/#website\",\"url\":\"https:\/\/skaitytaknyga.lt\/\",\"name\":\"skaitytaknyga.lt\",\"description\":\"Skaitytaknyga.lt \u2013 tai ma\u017eas \u0161eimos verslas, kuris prasid\u0117jo nuo meil\u0117s knygoms ir siekio i\u0161gelb\u0117ti knygas nuo likimo prie konteinerio. Kas vienam nereikalingas daiktas \u2013 kitam lobis, o mes esame tarpininkai, kurie padeda abiems tapti laimingesniems ???? \u017dinome kaip nelengva i\u0161gyventi ma\u017eiems verslams, tad nuo \u0161iol, \u010dia rasite ir kit\u0173, ma\u017e\u0173 \u0161eim\u0173 versl\u0173, rank\u0173 darbo, dovan\u0173 sau ir artimiesiems.\",\"publisher\":{\"@id\":\"https:\/\/skaitytaknyga.lt\/#organization\"},\"potentialAction\":[{\"@type\":\"SearchAction\",\"target\":{\"@type\":\"EntryPoint\",\"urlTemplate\":\"https:\/\/skaitytaknyga.lt\/?s={search_term_string}\"},\"query-input\":{\"@type\":\"PropertyValueSpecification\",\"valueRequired\":true,\"valueName\":\"search_term_string\"}}],\"inLanguage\":\"en-GB\"},{\"@type\":\"Organization\",\"@id\":\"https:\/\/skaitytaknyga.lt\/#organization\",\"name\":\"skaitytaknyga.lt\",\"url\":\"https:\/\/skaitytaknyga.lt\/\",\"logo\":{\"@type\":\"ImageObject\",\"inLanguage\":\"en-GB\",\"@id\":\"https:\/\/skaitytaknyga.lt\/#\/schema\/logo\/image\/\",\"url\":\"https:\/\/skaitytaknyga.lt\/wp-content\/uploads\/2024\/05\/cropped-cropped-cropped-02_00843_jt3bggkj1j3HLc7SyY6rEUpg.jpeg\",\"contentUrl\":\"https:\/\/skaitytaknyga.lt\/wp-content\/uploads\/2024\/05\/cropped-cropped-cropped-02_00843_jt3bggkj1j3HLc7SyY6rEUpg.jpeg\",\"width\":1600,\"height\":1600,\"caption\":\"skaitytaknyga.lt\"},\"image\":{\"@id\":\"https:\/\/skaitytaknyga.lt\/#\/schema\/logo\/image\/\"},\"sameAs\":[\"https:\/\/www.facebook.com\/skaitytaknyga\/\"]}]}<\/script>\n<!-- \/ Yoast SEO plugin. -->","yoast_head_json":{"title":"1000 istorijos \u012fdomybi\u0173","description":"tversk \u0161i\u0105 i\u0161skirtin\u0119 knyg\u0105\u00a0\"1000 istorijos \u012fdomybi\u0173\"\u00a0ir su\u017einok daugiau nei 100 svarbiausi\u0173 ir \u012fdomiausi\u0173 pasaulio istorijos fakt\u0173.  D\u0117l ko egiptie\u010diai balzamavo mirusiuosius? Kas buvo hoplitai? Kod\u0117l Koliziejus pastatatytas pelk\u0117je?  \u0160i knyga \"1000 istorijos \u012fdomybi\u0173\" suteiks ir, smagios veiklos - pasi\u016blys \u017eaidim\u0173 ir min\u010di\u0173, kaip i\u0161 paprast\u0173 daikt\u0173 pasidaryti paslapting\u0173 lobi\u0173, leis pasitikrinti \u017einias, o laukeliuose su antra\u0161te \"B\u016bna ir taip\" laukia juokingi, netik\u0117ti, kartais beveik ne\u012ftik\u0117tini faktai i\u0161 senov\u0117s gyvenimo.  - \u0160imtai iliustracij\u0173, nuotrauk\u0173 ir karikat\u016br\u0173 - Viltorinos, galvos\u016bkiai, \u017eaidimai ir net senovini\u0173 valgi\u0173 receptai - Daugiau nei 1000 istorijos fakt\u0173  I\u0161 angl\u0173 kalbos vert\u0117 Au\u0161ra Stanaityt\u0117-Karsokien\u0117  TURINYS  Senov\u0117s Egiptas 14-51  Piramid\u0117s 54-85  Mumijos 88-123  Senov\u0117s Graikija 126-165  Senov\u0117s Roma 168-207  Gladiatoriai 210-247  Vikingai 250-287  Riteriai ir pilys 290-327  Ginklai ir \u0161arvai 372-409  Kar\u017eygiai 412-451  Samurajai 454-495  Rodykl\u0117 498-511  Pad\u0117kos 512","robots":{"index":"index","follow":"follow","max-snippet":"max-snippet:-1","max-image-preview":"max-image-preview:large","max-video-preview":"max-video-preview:-1"},"canonical":"https:\/\/skaitytaknyga.lt\/en\/produktas\/1000-istorijos-idomybiu\/","og_locale":"en_GB","og_type":"article","og_title":"[:lt]1000 istorijos \u012fdomybi\u0173[:] - Skaitytaknyga","og_description":"tversk \u0161i\u0105 i\u0161skirtin\u0119 knyg\u0105\u00a0\"1000 istorijos \u012fdomybi\u0173\"\u00a0ir su\u017einok daugiau nei 100 svarbiausi\u0173 ir \u012fdomiausi\u0173 pasaulio istorijos fakt\u0173.  D\u0117l ko egiptie\u010diai balzamavo mirusiuosius? Kas buvo hoplitai? Kod\u0117l Koliziejus pastatatytas pelk\u0117je?  \u0160i knyga \"1000 istorijos \u012fdomybi\u0173\" suteiks ir, smagios veiklos - pasi\u016blys \u017eaidim\u0173 ir min\u010di\u0173, kaip i\u0161 paprast\u0173 daikt\u0173 pasidaryti paslapting\u0173 lobi\u0173, leis pasitikrinti \u017einias, o laukeliuose su antra\u0161te \"B\u016bna ir taip\" laukia juokingi, netik\u0117ti, kartais beveik ne\u012ftik\u0117tini faktai i\u0161 senov\u0117s gyvenimo.  - \u0160imtai iliustracij\u0173, nuotrauk\u0173 ir karikat\u016br\u0173 - Viltorinos, galvos\u016bkiai, \u017eaidimai ir net senovini\u0173 valgi\u0173 receptai - Daugiau nei 1000 istorijos fakt\u0173  I\u0161 angl\u0173 kalbos vert\u0117 Au\u0161ra Stanaityt\u0117-Karsokien\u0117  TURINYS  Senov\u0117s Egiptas 14-51  Piramid\u0117s 54-85  Mumijos 88-123  Senov\u0117s Graikija 126-165  Senov\u0117s Roma 168-207  Gladiatoriai 210-247  Vikingai 250-287  Riteriai ir pilys 290-327  Ginklai ir \u0161arvai 372-409  Kar\u017eygiai 412-451  Samurajai 454-495  Rodykl\u0117 498-511  Pad\u0117kos 512","og_url":"https:\/\/skaitytaknyga.lt\/en\/produktas\/1000-istorijos-idomybiu\/","og_site_name":"Skaitytaknyga","article_publisher":"https:\/\/www.facebook.com\/skaitytaknyga\/","article_modified_time":"2025-06-26T13:09:59+00:00","og_image":[{"width":484,"height":650,"url":"https:\/\/skaitytaknyga.lt\/wp-content\/uploads\/2024\/05\/151926-865-e1617179382838.jpg","type":"image\/jpeg"}],"twitter_card":"summary_large_image","twitter_misc":{"Estimated reading time":"1 minute"},"schema":{"@context":"https:\/\/schema.org","@graph":[{"@type":"WebPage","@id":"https:\/\/skaitytaknyga.lt\/produktas\/1000-istorijos-idomybiu\/","url":"https:\/\/skaitytaknyga.lt\/produktas\/1000-istorijos-idomybiu\/","name":"1000 istorijos \u012fdomybi\u0173","isPartOf":{"@id":"https:\/\/skaitytaknyga.lt\/#website"},"primaryImageOfPage":{"@id":"https:\/\/skaitytaknyga.lt\/produktas\/1000-istorijos-idomybiu\/#primaryimage"},"image":{"@id":"https:\/\/skaitytaknyga.lt\/produktas\/1000-istorijos-idomybiu\/#primaryimage"},"thumbnailUrl":"https:\/\/skaitytaknyga.lt\/wp-content\/uploads\/2024\/05\/151926-865-e1617179382838.jpg","datePublished":"2024-05-02T12:47:02+00:00","dateModified":"2025-06-26T13:09:59+00:00","description":"tversk \u0161i\u0105 i\u0161skirtin\u0119 knyg\u0105\u00a0\"1000 istorijos \u012fdomybi\u0173\"\u00a0ir su\u017einok daugiau nei 100 svarbiausi\u0173 ir \u012fdomiausi\u0173 pasaulio istorijos fakt\u0173. D\u0117l ko egiptie\u010diai balzamavo mirusiuosius? Kas buvo hoplitai? Kod\u0117l Koliziejus pastatatytas pelk\u0117je? \u0160i knyga \"1000 istorijos \u012fdomybi\u0173\" suteiks ir, smagios veiklos - pasi\u016blys \u017eaidim\u0173 ir min\u010di\u0173, kaip i\u0161 paprast\u0173 daikt\u0173 pasidaryti paslapting\u0173 lobi\u0173, leis pasitikrinti \u017einias, o laukeliuose su antra\u0161te \"B\u016bna ir taip\" laukia juokingi, netik\u0117ti, kartais beveik ne\u012ftik\u0117tini faktai i\u0161 senov\u0117s gyvenimo. - \u0160imtai iliustracij\u0173, nuotrauk\u0173 ir karikat\u016br\u0173 - Viltorinos, galvos\u016bkiai, \u017eaidimai ir net senovini\u0173 valgi\u0173 receptai - Daugiau nei 1000 istorijos fakt\u0173 I\u0161 angl\u0173 kalbos vert\u0117 Au\u0161ra Stanaityt\u0117-Karsokien\u0117 TURINYS Senov\u0117s Egiptas 14-51 Piramid\u0117s 54-85 Mumijos 88-123 Senov\u0117s Graikija 126-165 Senov\u0117s Roma 168-207 Gladiatoriai 210-247 Vikingai 250-287 Riteriai ir pilys 290-327 Ginklai ir \u0161arvai 372-409 Kar\u017eygiai 412-451 Samurajai 454-495 Rodykl\u0117 498-511 Pad\u0117kos 512","breadcrumb":{"@id":"https:\/\/skaitytaknyga.lt\/produktas\/1000-istorijos-idomybiu\/#breadcrumb"},"inLanguage":"en-GB","potentialAction":[{"@type":"ReadAction","target":["https:\/\/skaitytaknyga.lt\/produktas\/1000-istorijos-idomybiu\/"]}]},{"@type":"ImageObject","inLanguage":"en-GB","@id":"https:\/\/skaitytaknyga.lt\/produktas\/1000-istorijos-idomybiu\/#primaryimage","url":"https:\/\/skaitytaknyga.lt\/wp-content\/uploads\/2024\/05\/151926-865-e1617179382838.jpg","contentUrl":"https:\/\/skaitytaknyga.lt\/wp-content\/uploads\/2024\/05\/151926-865-e1617179382838.jpg","width":484,"height":650},{"@type":"BreadcrumbList","@id":"https:\/\/skaitytaknyga.lt\/produktas\/1000-istorijos-idomybiu\/#breadcrumb","itemListElement":[{"@type":"ListItem","position":1,"name":"Home","item":"https:\/\/skaitytaknyga.lt\/"},{"@type":"ListItem","position":2,"name":"Parduotuv\u0117","item":"https:\/\/skaitytaknyga.lt\/knygu-parduotuve\/"},{"@type":"ListItem","position":3,"name":"1000 istorijos \u012fdomybi\u0173"}]},{"@type":"WebSite","@id":"https:\/\/skaitytaknyga.lt\/#website","url":"https:\/\/skaitytaknyga.lt\/","name":"skaitytaknyga.lt","description":"Skaitytaknyga.lt \u2013 tai ma\u017eas \u0161eimos verslas, kuris prasid\u0117jo nuo meil\u0117s knygoms ir siekio i\u0161gelb\u0117ti knygas nuo likimo prie konteinerio. Kas vienam nereikalingas daiktas \u2013 kitam lobis, o mes esame tarpininkai, kurie padeda abiems tapti laimingesniems ???? \u017dinome kaip nelengva i\u0161gyventi ma\u017eiems verslams, tad nuo \u0161iol, \u010dia rasite ir kit\u0173, ma\u017e\u0173 \u0161eim\u0173 versl\u0173, rank\u0173 darbo, dovan\u0173 sau ir artimiesiems.","publisher":{"@id":"https:\/\/skaitytaknyga.lt\/#organization"},"potentialAction":[{"@type":"SearchAction","target":{"@type":"EntryPoint","urlTemplate":"https:\/\/skaitytaknyga.lt\/?s={search_term_string}"},"query-input":{"@type":"PropertyValueSpecification","valueRequired":true,"valueName":"search_term_string"}}],"inLanguage":"en-GB"},{"@type":"Organization","@id":"https:\/\/skaitytaknyga.lt\/#organization","name":"skaitytaknyga.lt","url":"https:\/\/skaitytaknyga.lt\/","logo":{"@type":"ImageObject","inLanguage":"en-GB","@id":"https:\/\/skaitytaknyga.lt\/#\/schema\/logo\/image\/","url":"https:\/\/skaitytaknyga.lt\/wp-content\/uploads\/2024\/05\/cropped-cropped-cropped-02_00843_jt3bggkj1j3HLc7SyY6rEUpg.jpeg","contentUrl":"https:\/\/skaitytaknyga.lt\/wp-content\/uploads\/2024\/05\/cropped-cropped-cropped-02_00843_jt3bggkj1j3HLc7SyY6rEUpg.jpeg","width":1600,"height":1600,"caption":"skaitytaknyga.lt"},"image":{"@id":"https:\/\/skaitytaknyga.lt\/#\/schema\/logo\/image\/"},"sameAs":["https:\/\/www.facebook.com\/skaitytaknyga\/"]}]}},"_links":{"self":[{"href":"https:\/\/skaitytaknyga.lt\/en\/wp-json\/wp\/v2\/product\/5529","targetHints":{"allow":["GET"]}}],"collection":[{"href":"https:\/\/skaitytaknyga.lt\/en\/wp-json\/wp\/v2\/product"}],"about":[{"href":"https:\/\/skaitytaknyga.lt\/en\/wp-json\/wp\/v2\/types\/product"}],"replies":[{"embeddable":true,"href":"https:\/\/skaitytaknyga.lt\/en\/wp-json\/wp\/v2\/comments?post=5529"}],"wp:featuredmedia":[{"embeddable":true,"href":"https:\/\/skaitytaknyga.lt\/en\/wp-json\/wp\/v2\/media\/5550"}],"wp:attachment":[{"href":"https:\/\/skaitytaknyga.lt\/en\/wp-json\/wp\/v2\/media?parent=5529"}],"wp:term":[{"taxonomy":"product_brand","embeddable":true,"href":"https:\/\/skaitytaknyga.lt\/en\/wp-json\/wp\/v2\/product_brand?post=5529"},{"taxonomy":"product_cat","embeddable":true,"href":"https:\/\/skaitytaknyga.lt\/en\/wp-json\/wp\/v2\/product_cat?post=5529"},{"taxonomy":"product_tag","embeddable":true,"href":"https:\/\/skaitytaknyga.lt\/en\/wp-json\/wp\/v2\/product_tag?post=5529"}],"curies":[{"name":"wp","href":"https:\/\/api.w.org\/{rel}","templated":true}]}}