{"id":5500,"date":"2024-05-02T15:46:16","date_gmt":"2024-05-02T12:46:16","guid":{"rendered":"https:\/\/skaitytaknyga.lt\/?post_type=product&#038;p=5500"},"modified":"2024-12-22T17:33:28","modified_gmt":"2024-12-22T15:33:28","slug":"saules-sala-sicilija","status":"publish","type":"product","link":"https:\/\/skaitytaknyga.lt\/en\/produktas\/saules-sala-sicilija\/","title":{"rendered":"Saul\u0117s sala Sicilija"},"content":{"rendered":"<p>Dalia Smagurauskait\u0117 skaitytojams jau pa\u017e\u012fstama i\u0161 populiarumo sulaukusios knygos \u201eToskana. Florencija. Magi\u0161ka \u017eem\u0117\u201c. Prista\u010diusi idili\u0161k\u0105j\u012f Italijos region\u0105, autor\u0117 \u0161\u012f kart\u0105 si\u016blo persikelti \u012f pietus, \u012f Saul\u0117s sal\u0105 Sicilij\u0105, taut\u0173 ir kult\u016br\u0173 kry\u017ekel\u0119.<\/p>\n<p>Sicilija \u2013 tai nesibaigian\u010dios \u017eydros pakrant\u0117s, UNESCO saugomas paveldas, ugnimi alsuojantis Etnos ugnikalnis, graik\u0173, rom\u0117n\u0173, arab\u0173, norman\u0173 ir ispan\u0173 palikimas, \u0161velniame sapne paskendusios ma\u017eosios salos, primenan\u010dios roj\u0173, ne\u012ftik\u0117tinai gardus maistas ir vynas, draugi\u0161ki salos gyventojai. Sicilija \u2013 kontrast\u0173 \u0161alis, tai ir rojus, ir chaosas kartu. Sicilija \u2013 tai vieta, kuri\u0105 lengva pamilti ir ne\u012fmanoma pamir\u0161ti.<br \/>\nSpalvingoje knygoje ne tik susipa\u017einsite su nepaprastai turtinga Sicilijos kult\u016bra ir populiariausiais lankytinais objektais, bet ir rasite dar negird\u0117t\u0173 istorij\u0173 i\u0161 salos gyvenimo. Keliaudama autor\u0117 stebi, ie\u0161ko ir tyrin\u0117ja, kalbasi su vietiniais gyventojais ir bando perprasti salos charakter\u012f. Kaip sako D. Smagurauskait\u0117, \u201eSicilija \u2212 tarsi mozaika, tarsi kaleidoskopas: spalvota ir kaskart kitokia. Ar noriu ten gr\u012f\u017eti? \u017dinoma! Kada i\u0161skrendame?!\u201c<\/p>\n<ul class=\"about-product d-none d-xl-block mt-4\">\n<li><strong>Autorius:<\/strong>\u00a0Dalia Smagurauskait\u0117<\/li>\n<li><strong>Leid\u0117jas:<\/strong>\u00a0Aukso pieva<\/li>\n<li><strong>Metai:<\/strong>\u00a02016<\/li>\n<li><strong>Puslapiai:<\/strong>\u00a0528<\/li>\n<li class=\"toggleable type-new-formats \"><strong>ISBN:<\/strong>\u00a09786098105322<\/li>\n<li><strong>Versijos kodas:<\/strong>\u00a0PT.<\/li>\n<li class=\"toggleable type-new-formats \"><strong>Formatas:<\/strong>\u00a016,5 x 23,5 x 2,8 cm, mink\u0161ti vir\u0161eliai<\/li>\n<li><strong>Kalba:<\/strong>\u00a0Lietuvi\u0173<\/li>\n<\/ul>\n","protected":false},"excerpt":{"rendered":"<p>Dalia Smagurauskait\u0117 skaitytojams jau pa\u017e\u012fstama i\u0161 populiarumo sulaukusios knygos \u201eToskana. Florencija. Magi\u0161ka \u017eem\u0117\u201c. Prista\u010diusi idili\u0161k\u0105j\u012f Italijos region\u0105, autor\u0117 \u0161\u012f kart\u0105 si\u016blo persikelti \u012f pietus, \u012f Saul\u0117s sal\u0105 Sicilij\u0105, taut\u0173 ir kult\u016br\u0173 kry\u017ekel\u0119. Sicilija \u2013 tai nesibaigian\u010dios \u017eydros pakrant\u0117s, UNESCO saugomas paveldas, ugnimi alsuojantis Etnos ugnikalnis, graik\u0173, rom\u0117n\u0173, arab\u0173, norman\u0173 ir ispan\u0173 palikimas, \u0161velniame sapne paskendusios ma\u017eosios salos, primenan\u010dios roj\u0173, ne\u012ftik\u0117tinai gardus maistas ir vynas, draugi\u0161ki salos gyventojai. Sicilija \u2013 kontrast\u0173 \u0161alis, tai ir rojus, ir chaosas kartu. Sicilija \u2013 tai vieta, kuri\u0105 lengva pamilti ir ne\u012fmanoma pamir\u0161ti. Spalvingoje knygoje ne tik susipa\u017einsite su nepaprastai turtinga Sicilijos kult\u016bra ir populiariausiais lankytinais objektais, bet ir rasite dar negird\u0117t\u0173 istorij\u0173 i\u0161 salos gyvenimo. Keliaudama autor\u0117 stebi, ie\u0161ko ir tyrin\u0117ja, kalbasi su vietiniais gyventojais ir bando perprasti salos charakter\u012f. Kaip sako D. Smagurauskait\u0117, \u201eSicilija \u2212 tarsi mozaika, tarsi kaleidoskopas: spalvota ir kaskart kitokia. Ar noriu ten gr\u012f\u017eti? \u017dinoma! Kada i\u0161skrendame?!\u201c Autorius:\u00a0Dalia Smagurauskait\u0117 Leid\u0117jas:\u00a0Aukso pieva Metai:\u00a02016 Puslapiai:\u00a0528 ISBN:\u00a09786098105322 Versijos kodas:\u00a0PT. Formatas:\u00a016,5 x 23,5 x 2,8 cm, mink\u0161ti vir\u0161eliai Kalba:\u00a0Lietuvi\u0173<\/p>\n","protected":false},"featured_media":5518,"comment_status":"closed","ping_status":"closed","template":"","meta":{"_acf_changed":false,"site-sidebar-layout":"default","site-content-layout":"","ast-site-content-layout":"default","site-content-style":"default","site-sidebar-style":"default","ast-global-header-display":"","ast-banner-title-visibility":"","ast-main-header-display":"","ast-hfb-above-header-display":"","ast-hfb-below-header-display":"","ast-hfb-mobile-header-display":"","site-post-title":"","ast-breadcrumbs-content":"","ast-featured-img":"","footer-sml-layout":"","ast-disable-related-posts":"","theme-transparent-header-meta":"default","adv-header-id-meta":"","stick-header-meta":"","header-above-stick-meta":"","header-main-stick-meta":"","header-below-stick-meta":"","astra-migrate-meta-layouts":"set","ast-page-background-enabled":"default","ast-page-background-meta":{"desktop":{"background-color":"","background-image":"","background-repeat":"repeat","background-position":"center center","background-size":"auto","background-attachment":"scroll","background-type":"","background-media":"","overlay-type":"","overlay-color":"","overlay-opacity":"","overlay-gradient":""},"tablet":{"background-color":"","background-image":"","background-repeat":"repeat","background-position":"center center","background-size":"auto","background-attachment":"scroll","background-type":"","background-media":"","overlay-type":"","overlay-color":"","overlay-opacity":"","overlay-gradient":""},"mobile":{"background-color":"","background-image":"","background-repeat":"repeat","background-position":"center center","background-size":"auto","background-attachment":"scroll","background-type":"","background-media":"","overlay-type":"","overlay-color":"","overlay-opacity":"","overlay-gradient":""}},"ast-content-background-meta":{"desktop":{"background-color":"var(--ast-global-color-4)","background-image":"","background-repeat":"repeat","background-position":"center center","background-size":"auto","background-attachment":"scroll","background-type":"","background-media":"","overlay-type":"","overlay-color":"","overlay-opacity":"","overlay-gradient":""},"tablet":{"background-color":"var(--ast-global-color-4)","background-image":"","background-repeat":"repeat","background-position":"center center","background-size":"auto","background-attachment":"scroll","background-type":"","background-media":"","overlay-type":"","overlay-color":"","overlay-opacity":"","overlay-gradient":""},"mobile":{"background-color":"var(--ast-global-color-4)","background-image":"","background-repeat":"repeat","background-position":"center center","background-size":"auto","background-attachment":"scroll","background-type":"","background-media":"","overlay-type":"","overlay-color":"","overlay-opacity":"","overlay-gradient":""}}},"product_brand":[],"product_cat":[448],"product_tag":[],"class_list":{"0":"post-5500","1":"product","2":"type-product","3":"status-publish","4":"has-post-thumbnail","6":"product_cat-keliones","7":"pa_leidimo-metai-662","8":"desktop-align-left","9":"tablet-align-left","10":"mobile-align-left","12":"first","13":"outofstock","14":"shipping-taxable","15":"purchasable","16":"product-type-simple"},"acf":[],"yoast_head":"<!-- This site is optimized with the Yoast SEO plugin v27.4 - https:\/\/yoast.com\/product\/yoast-seo-wordpress\/ -->\n<title>Saul\u0117s sala Sicilija<\/title>\n<meta name=\"description\" content=\"Dalia Smagurauskait\u0117 skaitytojams jau pa\u017e\u012fstama i\u0161 populiarumo sulaukusios knygos \u201eToskana. Florencija. Magi\u0161ka \u017eem\u0117\u201c. Prista\u010diusi idili\u0161k\u0105j\u012f Italijos\" \/>\n<meta name=\"robots\" content=\"index, follow, max-snippet:-1, max-image-preview:large, max-video-preview:-1\" \/>\n<link rel=\"canonical\" href=\"https:\/\/skaitytaknyga.lt\/en\/produktas\/saules-sala-sicilija\/\" \/>\n<meta property=\"og:locale\" content=\"en_GB\" \/>\n<meta property=\"og:locale:alternate\" content=\"lt_LT\" \/>\n<meta property=\"og:type\" content=\"article\" \/>\n<meta property=\"og:title\" content=\"Saul\u0117s sala Sicilija\" \/>\n<meta property=\"og:description\" content=\"Dalia Smagurauskait\u0117 skaitytojams jau pa\u017e\u012fstama i\u0161 populiarumo sulaukusios knygos \u201eToskana. Florencija. Magi\u0161ka \u017eem\u0117\u201c. Prista\u010diusi idili\u0161k\u0105j\u012f Italijos\" \/>\n<meta property=\"og:url\" content=\"https:\/\/skaitytaknyga.lt\/en\/produktas\/saules-sala-sicilija\/\" \/>\n<meta property=\"og:site_name\" content=\"Skaitytaknyga\" \/>\n<meta property=\"article:publisher\" content=\"https:\/\/www.facebook.com\/skaitytaknyga\/\" \/>\n<meta property=\"article:modified_time\" content=\"2024-12-22T15:33:28+00:00\" \/>\n<meta property=\"og:image\" content=\"https:\/\/skaitytaknyga.lt\/wp-content\/uploads\/2024\/05\/000000000002167959-59de861178046-asset-knyguklubas-cdb_sicilija_p1.jpg\" \/>\n\t<meta property=\"og:image:width\" content=\"285\" \/>\n\t<meta property=\"og:image:height\" content=\"404\" \/>\n\t<meta property=\"og:image:type\" content=\"image\/jpeg\" \/>\n<meta name=\"twitter:card\" content=\"summary_large_image\" \/>\n<meta name=\"twitter:label1\" content=\"Estimated reading time\" \/>\n\t<meta name=\"twitter:data1\" content=\"2 minutes\" \/>\n<script type=\"application\/ld+json\" class=\"yoast-schema-graph\">{\"@context\":\"https:\\\/\\\/schema.org\",\"@graph\":[{\"@type\":\"WebPage\",\"@id\":\"https:\\\/\\\/skaitytaknyga.lt\\\/produktas\\\/saules-sala-sicilija\\\/\",\"url\":\"https:\\\/\\\/skaitytaknyga.lt\\\/produktas\\\/saules-sala-sicilija\\\/\",\"name\":\"Saul\u0117s sala Sicilija\",\"isPartOf\":{\"@id\":\"https:\\\/\\\/skaitytaknyga.lt\\\/#website\"},\"primaryImageOfPage\":{\"@id\":\"https:\\\/\\\/skaitytaknyga.lt\\\/produktas\\\/saules-sala-sicilija\\\/#primaryimage\"},\"image\":{\"@id\":\"https:\\\/\\\/skaitytaknyga.lt\\\/produktas\\\/saules-sala-sicilija\\\/#primaryimage\"},\"thumbnailUrl\":\"https:\\\/\\\/skaitytaknyga.lt\\\/wp-content\\\/uploads\\\/2024\\\/05\\\/000000000002167959-59de861178046-asset-knyguklubas-cdb_sicilija_p1.jpg\",\"datePublished\":\"2024-05-02T12:46:16+00:00\",\"dateModified\":\"2024-12-22T15:33:28+00:00\",\"description\":\"Dalia Smagurauskait\u0117 skaitytojams jau pa\u017e\u012fstama i\u0161 populiarumo sulaukusios knygos \u201eToskana. Florencija. Magi\u0161ka \u017eem\u0117\u201c. Prista\u010diusi idili\u0161k\u0105j\u012f Italijos\",\"breadcrumb\":{\"@id\":\"https:\\\/\\\/skaitytaknyga.lt\\\/produktas\\\/saules-sala-sicilija\\\/#breadcrumb\"},\"inLanguage\":\"en-GB\",\"potentialAction\":[{\"@type\":\"ReadAction\",\"target\":[\"https:\\\/\\\/skaitytaknyga.lt\\\/produktas\\\/saules-sala-sicilija\\\/\"]}]},{\"@type\":\"ImageObject\",\"inLanguage\":\"en-GB\",\"@id\":\"https:\\\/\\\/skaitytaknyga.lt\\\/produktas\\\/saules-sala-sicilija\\\/#primaryimage\",\"url\":\"https:\\\/\\\/skaitytaknyga.lt\\\/wp-content\\\/uploads\\\/2024\\\/05\\\/000000000002167959-59de861178046-asset-knyguklubas-cdb_sicilija_p1.jpg\",\"contentUrl\":\"https:\\\/\\\/skaitytaknyga.lt\\\/wp-content\\\/uploads\\\/2024\\\/05\\\/000000000002167959-59de861178046-asset-knyguklubas-cdb_sicilija_p1.jpg\",\"width\":285,\"height\":404},{\"@type\":\"BreadcrumbList\",\"@id\":\"https:\\\/\\\/skaitytaknyga.lt\\\/produktas\\\/saules-sala-sicilija\\\/#breadcrumb\",\"itemListElement\":[{\"@type\":\"ListItem\",\"position\":1,\"name\":\"Home\",\"item\":\"https:\\\/\\\/skaitytaknyga.lt\\\/\"},{\"@type\":\"ListItem\",\"position\":2,\"name\":\"Parduotuv\u0117\",\"item\":\"https:\\\/\\\/skaitytaknyga.lt\\\/knygu-parduotuve\\\/\"},{\"@type\":\"ListItem\",\"position\":3,\"name\":\"Saul\u0117s sala Sicilija\"}]},{\"@type\":\"WebSite\",\"@id\":\"https:\\\/\\\/skaitytaknyga.lt\\\/#website\",\"url\":\"https:\\\/\\\/skaitytaknyga.lt\\\/\",\"name\":\"skaitytaknyga.lt\",\"description\":\"Skaitytaknyga.lt \u2013 tai ma\u017eas \u0161eimos verslas, kuris prasid\u0117jo nuo meil\u0117s knygoms ir siekio i\u0161gelb\u0117ti knygas nuo likimo prie konteinerio. Kas vienam nereikalingas daiktas \u2013 kitam lobis, o mes esame tarpininkai, kurie padeda abiems tapti laimingesniems ???? \u017dinome kaip nelengva i\u0161gyventi ma\u017eiems verslams, tad nuo \u0161iol, \u010dia rasite ir kit\u0173, ma\u017e\u0173 \u0161eim\u0173 versl\u0173, rank\u0173 darbo, dovan\u0173 sau ir artimiesiems.\",\"publisher\":{\"@id\":\"https:\\\/\\\/skaitytaknyga.lt\\\/#organization\"},\"potentialAction\":[{\"@type\":\"SearchAction\",\"target\":{\"@type\":\"EntryPoint\",\"urlTemplate\":\"https:\\\/\\\/skaitytaknyga.lt\\\/?s={search_term_string}\"},\"query-input\":{\"@type\":\"PropertyValueSpecification\",\"valueRequired\":true,\"valueName\":\"search_term_string\"}}],\"inLanguage\":\"en-GB\"},{\"@type\":\"Organization\",\"@id\":\"https:\\\/\\\/skaitytaknyga.lt\\\/#organization\",\"name\":\"skaitytaknyga.lt\",\"url\":\"https:\\\/\\\/skaitytaknyga.lt\\\/\",\"logo\":{\"@type\":\"ImageObject\",\"inLanguage\":\"en-GB\",\"@id\":\"https:\\\/\\\/skaitytaknyga.lt\\\/#\\\/schema\\\/logo\\\/image\\\/\",\"url\":\"https:\\\/\\\/skaitytaknyga.lt\\\/wp-content\\\/uploads\\\/2024\\\/05\\\/cropped-cropped-cropped-02_00843_jt3bggkj1j3HLc7SyY6rEUpg.jpeg\",\"contentUrl\":\"https:\\\/\\\/skaitytaknyga.lt\\\/wp-content\\\/uploads\\\/2024\\\/05\\\/cropped-cropped-cropped-02_00843_jt3bggkj1j3HLc7SyY6rEUpg.jpeg\",\"width\":1600,\"height\":1600,\"caption\":\"skaitytaknyga.lt\"},\"image\":{\"@id\":\"https:\\\/\\\/skaitytaknyga.lt\\\/#\\\/schema\\\/logo\\\/image\\\/\"},\"sameAs\":[\"https:\\\/\\\/www.facebook.com\\\/skaitytaknyga\\\/\"]}]}<\/script>\n<!-- \/ Yoast SEO plugin. -->","yoast_head_json":{"title":"Saul\u0117s sala Sicilija","description":"Dalia Smagurauskait\u0117 skaitytojams jau pa\u017e\u012fstama i\u0161 populiarumo sulaukusios knygos \u201eToskana. Florencija. Magi\u0161ka \u017eem\u0117\u201c. Prista\u010diusi idili\u0161k\u0105j\u012f Italijos","robots":{"index":"index","follow":"follow","max-snippet":"max-snippet:-1","max-image-preview":"max-image-preview:large","max-video-preview":"max-video-preview:-1"},"canonical":"https:\/\/skaitytaknyga.lt\/en\/produktas\/saules-sala-sicilija\/","og_locale":"en_GB","og_type":"article","og_title":"[:lt]Saul\u0117s sala Sicilija[:] - Skaitytaknyga","og_description":"Dalia Smagurauskait\u0117 skaitytojams jau pa\u017e\u012fstama i\u0161 populiarumo sulaukusios knygos \u201eToskana. Florencija. Magi\u0161ka \u017eem\u0117\u201c. Prista\u010diusi idili\u0161k\u0105j\u012f Italijos","og_url":"https:\/\/skaitytaknyga.lt\/en\/produktas\/saules-sala-sicilija\/","og_site_name":"Skaitytaknyga","article_publisher":"https:\/\/www.facebook.com\/skaitytaknyga\/","article_modified_time":"2024-12-22T15:33:28+00:00","og_image":[{"width":285,"height":404,"url":"https:\/\/skaitytaknyga.lt\/wp-content\/uploads\/2024\/05\/000000000002167959-59de861178046-asset-knyguklubas-cdb_sicilija_p1.jpg","type":"image\/jpeg"}],"twitter_card":"summary_large_image","twitter_misc":{"Estimated reading time":"2 minutes"},"schema":{"@context":"https:\/\/schema.org","@graph":[{"@type":"WebPage","@id":"https:\/\/skaitytaknyga.lt\/produktas\/saules-sala-sicilija\/","url":"https:\/\/skaitytaknyga.lt\/produktas\/saules-sala-sicilija\/","name":"Saul\u0117s sala Sicilija","isPartOf":{"@id":"https:\/\/skaitytaknyga.lt\/#website"},"primaryImageOfPage":{"@id":"https:\/\/skaitytaknyga.lt\/produktas\/saules-sala-sicilija\/#primaryimage"},"image":{"@id":"https:\/\/skaitytaknyga.lt\/produktas\/saules-sala-sicilija\/#primaryimage"},"thumbnailUrl":"https:\/\/skaitytaknyga.lt\/wp-content\/uploads\/2024\/05\/000000000002167959-59de861178046-asset-knyguklubas-cdb_sicilija_p1.jpg","datePublished":"2024-05-02T12:46:16+00:00","dateModified":"2024-12-22T15:33:28+00:00","description":"Dalia Smagurauskait\u0117 skaitytojams jau pa\u017e\u012fstama i\u0161 populiarumo sulaukusios knygos \u201eToskana. Florencija. Magi\u0161ka \u017eem\u0117\u201c. Prista\u010diusi idili\u0161k\u0105j\u012f Italijos","breadcrumb":{"@id":"https:\/\/skaitytaknyga.lt\/produktas\/saules-sala-sicilija\/#breadcrumb"},"inLanguage":"en-GB","potentialAction":[{"@type":"ReadAction","target":["https:\/\/skaitytaknyga.lt\/produktas\/saules-sala-sicilija\/"]}]},{"@type":"ImageObject","inLanguage":"en-GB","@id":"https:\/\/skaitytaknyga.lt\/produktas\/saules-sala-sicilija\/#primaryimage","url":"https:\/\/skaitytaknyga.lt\/wp-content\/uploads\/2024\/05\/000000000002167959-59de861178046-asset-knyguklubas-cdb_sicilija_p1.jpg","contentUrl":"https:\/\/skaitytaknyga.lt\/wp-content\/uploads\/2024\/05\/000000000002167959-59de861178046-asset-knyguklubas-cdb_sicilija_p1.jpg","width":285,"height":404},{"@type":"BreadcrumbList","@id":"https:\/\/skaitytaknyga.lt\/produktas\/saules-sala-sicilija\/#breadcrumb","itemListElement":[{"@type":"ListItem","position":1,"name":"Home","item":"https:\/\/skaitytaknyga.lt\/"},{"@type":"ListItem","position":2,"name":"Parduotuv\u0117","item":"https:\/\/skaitytaknyga.lt\/knygu-parduotuve\/"},{"@type":"ListItem","position":3,"name":"Saul\u0117s sala Sicilija"}]},{"@type":"WebSite","@id":"https:\/\/skaitytaknyga.lt\/#website","url":"https:\/\/skaitytaknyga.lt\/","name":"skaitytaknyga.lt","description":"Skaitytaknyga.lt \u2013 tai ma\u017eas \u0161eimos verslas, kuris prasid\u0117jo nuo meil\u0117s knygoms ir siekio i\u0161gelb\u0117ti knygas nuo likimo prie konteinerio. Kas vienam nereikalingas daiktas \u2013 kitam lobis, o mes esame tarpininkai, kurie padeda abiems tapti laimingesniems ???? \u017dinome kaip nelengva i\u0161gyventi ma\u017eiems verslams, tad nuo \u0161iol, \u010dia rasite ir kit\u0173, ma\u017e\u0173 \u0161eim\u0173 versl\u0173, rank\u0173 darbo, dovan\u0173 sau ir artimiesiems.","publisher":{"@id":"https:\/\/skaitytaknyga.lt\/#organization"},"potentialAction":[{"@type":"SearchAction","target":{"@type":"EntryPoint","urlTemplate":"https:\/\/skaitytaknyga.lt\/?s={search_term_string}"},"query-input":{"@type":"PropertyValueSpecification","valueRequired":true,"valueName":"search_term_string"}}],"inLanguage":"en-GB"},{"@type":"Organization","@id":"https:\/\/skaitytaknyga.lt\/#organization","name":"skaitytaknyga.lt","url":"https:\/\/skaitytaknyga.lt\/","logo":{"@type":"ImageObject","inLanguage":"en-GB","@id":"https:\/\/skaitytaknyga.lt\/#\/schema\/logo\/image\/","url":"https:\/\/skaitytaknyga.lt\/wp-content\/uploads\/2024\/05\/cropped-cropped-cropped-02_00843_jt3bggkj1j3HLc7SyY6rEUpg.jpeg","contentUrl":"https:\/\/skaitytaknyga.lt\/wp-content\/uploads\/2024\/05\/cropped-cropped-cropped-02_00843_jt3bggkj1j3HLc7SyY6rEUpg.jpeg","width":1600,"height":1600,"caption":"skaitytaknyga.lt"},"image":{"@id":"https:\/\/skaitytaknyga.lt\/#\/schema\/logo\/image\/"},"sameAs":["https:\/\/www.facebook.com\/skaitytaknyga\/"]}]}},"_links":{"self":[{"href":"https:\/\/skaitytaknyga.lt\/en\/wp-json\/wp\/v2\/product\/5500","targetHints":{"allow":["GET"]}}],"collection":[{"href":"https:\/\/skaitytaknyga.lt\/en\/wp-json\/wp\/v2\/product"}],"about":[{"href":"https:\/\/skaitytaknyga.lt\/en\/wp-json\/wp\/v2\/types\/product"}],"replies":[{"embeddable":true,"href":"https:\/\/skaitytaknyga.lt\/en\/wp-json\/wp\/v2\/comments?post=5500"}],"wp:featuredmedia":[{"embeddable":true,"href":"https:\/\/skaitytaknyga.lt\/en\/wp-json\/wp\/v2\/media\/5518"}],"wp:attachment":[{"href":"https:\/\/skaitytaknyga.lt\/en\/wp-json\/wp\/v2\/media?parent=5500"}],"wp:term":[{"taxonomy":"product_brand","embeddable":true,"href":"https:\/\/skaitytaknyga.lt\/en\/wp-json\/wp\/v2\/product_brand?post=5500"},{"taxonomy":"product_cat","embeddable":true,"href":"https:\/\/skaitytaknyga.lt\/en\/wp-json\/wp\/v2\/product_cat?post=5500"},{"taxonomy":"product_tag","embeddable":true,"href":"https:\/\/skaitytaknyga.lt\/en\/wp-json\/wp\/v2\/product_tag?post=5500"}],"curies":[{"name":"wp","href":"https:\/\/api.w.org\/{rel}","templated":true}]}}