{"id":5491,"date":"2024-05-02T12:45:54","date_gmt":"2024-05-02T12:45:54","guid":{"rendered":"https:\/\/skaitytaknyga.lt\/?post_type=product&#038;p=5491"},"modified":"2024-05-03T07:29:09","modified_gmt":"2024-05-03T07:29:09","slug":"barselona-muziejus-po-atviru-dangumi","status":"publish","type":"product","link":"https:\/\/skaitytaknyga.lt\/en\/produktas\/barselona-muziejus-po-atviru-dangumi\/","title":{"rendered":"Barselona: muziejus po atviru dangumi"},"content":{"rendered":"<p>Angelina Zaleckait\u0117 \u2013 kelioni\u0173 vadov\u0117, nardymo meistr\u0117, keliautoja ir ra\u0161ytoja. Ji daugiau nei septynerius metus gyvena ir dirba Barselonoje. Skatinama bi\u010diuli\u0173, bendradarbi\u0173, turist\u0173 ir \u0161eimos nari\u0173 nusprend\u0117 su skaitytojais ir keliautojais pasidalyti sukaupta patirtimi ir \u017einiomis.<\/p>\n<p>Barselona \u2013 vienas gra\u017eiausi\u0173 ir lankomiausi\u0173 miest\u0173 pasaulyje, apipintas legendomis ir padavimais. Jo istorij\u0105 paveik\u0117 skirtingos tautos ir kult\u016bros. \u0160i knyga \u2013 i\u0161samus nepamainomas gidas po Barselon\u0105, kuri dar vadinama muziejumi po atviru dangumi, Vidur\u017eemio j\u016bros perlu, uostu \u012f pla\u010diuosius vandenis. \u010cia rasite antikinio ir \u0161iuolaikinio meno, t\u016bkstant\u012f met\u0173 skai\u010diuojan\u010di\u0173 koplyt\u0117li\u0173 ir moderniosios architekt\u016bros \u0161edevr\u0173. Gal\u0117site pasivaik\u0161\u010dioti siauromis senamies\u010dio gatvel\u0117mis ir pla\u010diais prospektais, aplankyti daugyb\u0119 muziej\u0173, park\u0173 ir meno galerij\u0173. \u010cia gyveno ir k\u016br\u0117 tokie \u017eym\u016bs menininkai kaip Antoni Gaud\u00ed, Pablas Picasso, Joanas Mir\u00f3, Pedro Almodovaras ir kt.<\/p>\n<p>Barselona \u2013 laisvas, saul\u0117tas, \u012fsimintinas miestas. Kart\u0105 apsilank\u0119, \u010dia nor\u0117site v\u0117l sugr\u012f\u017eti. Pa\u017einkite j\u012f ir leiskit\u0117s \u012f nepamir\u0161tam\u0105 kelion\u0119!<\/p>\n","protected":false},"excerpt":{"rendered":"<p>Angelina Zaleckait\u0117 \u2013 kelioni\u0173 vadov\u0117, nardymo meistr\u0117, keliautoja ir ra\u0161ytoja. Ji daugiau nei septynerius metus gyvena ir dirba Barselonoje. Skatinama bi\u010diuli\u0173, bendradarbi\u0173, turist\u0173 ir \u0161eimos nari\u0173 nusprend\u0117 su skaitytojais ir keliautojais pasidalyti sukaupta patirtimi ir \u017einiomis.<\/p>\n<p>Barselona \u2013 vienas gra\u017eiausi\u0173 ir lankomiausi\u0173 miest\u0173 pasaulyje, apipintas legendomis ir padavimais. Jo istorij\u0105 paveik\u0117 skirtingos tautos ir kult\u016bros. \u0160i knyga \u2013 i\u0161samus nepamainomas gidas po Barselon\u0105, kuri dar vadinama muziejumi po atviru dangumi, Vidur\u017eemio j\u016bros perlu, uostu \u012f pla\u010diuosius vandenis. \u010cia rasite antikinio ir \u0161iuolaikinio meno, t\u016bkstant\u012f met\u0173 skai\u010diuojan\u010di\u0173 koplyt\u0117li\u0173 ir moderniosios architekt\u016bros \u0161edevr\u0173. Gal\u0117site pasivaik\u0161\u010dioti siauromis senamies\u010dio gatvel\u0117mis ir pla\u010diais prospektais, aplankyti daugyb\u0119 muziej\u0173, park\u0173 ir meno galerij\u0173. \u010cia gyveno ir k\u016br\u0117 tokie \u017eym\u016bs menininkai kaip Antoni Gaud\u00ed, Pablas Picasso, Joanas Mir\u00f3, Pedro Almodovaras ir kt.<\/p>\n<p>Barselona \u2013 laisvas, saul\u0117tas, \u012fsimintinas miestas. Kart\u0105 apsilank\u0119, \u010dia nor\u0117site v\u0117l sugr\u012f\u017eti. Pa\u017einkite j\u012f ir leiskit\u0117s \u012f nepamir\u0161tam\u0105 kelion\u0119!<\/p>\n","protected":false},"featured_media":5509,"comment_status":"closed","ping_status":"closed","template":"","meta":{"_acf_changed":false,"site-sidebar-layout":"default","site-content-layout":"","ast-site-content-layout":"default","site-content-style":"default","site-sidebar-style":"default","ast-global-header-display":"","ast-banner-title-visibility":"","ast-main-header-display":"","ast-hfb-above-header-display":"","ast-hfb-below-header-display":"","ast-hfb-mobile-header-display":"","site-post-title":"","ast-breadcrumbs-content":"","ast-featured-img":"","footer-sml-layout":"","ast-disable-related-posts":"","theme-transparent-header-meta":"","adv-header-id-meta":"","stick-header-meta":"","header-above-stick-meta":"","header-main-stick-meta":"","header-below-stick-meta":"","astra-migrate-meta-layouts":"default","ast-page-background-enabled":"default","ast-page-background-meta":{"desktop":{"background-color":"","background-image":"","background-repeat":"repeat","background-position":"center center","background-size":"auto","background-attachment":"scroll","background-type":"","background-media":"","overlay-type":"","overlay-color":"","overlay-opacity":"","overlay-gradient":""},"tablet":{"background-color":"","background-image":"","background-repeat":"repeat","background-position":"center center","background-size":"auto","background-attachment":"scroll","background-type":"","background-media":"","overlay-type":"","overlay-color":"","overlay-opacity":"","overlay-gradient":""},"mobile":{"background-color":"","background-image":"","background-repeat":"repeat","background-position":"center center","background-size":"auto","background-attachment":"scroll","background-type":"","background-media":"","overlay-type":"","overlay-color":"","overlay-opacity":"","overlay-gradient":""}},"ast-content-background-meta":{"desktop":{"background-color":"var(--ast-global-color-4)","background-image":"","background-repeat":"repeat","background-position":"center center","background-size":"auto","background-attachment":"scroll","background-type":"","background-media":"","overlay-type":"","overlay-color":"","overlay-opacity":"","overlay-gradient":""},"tablet":{"background-color":"var(--ast-global-color-4)","background-image":"","background-repeat":"repeat","background-position":"center center","background-size":"auto","background-attachment":"scroll","background-type":"","background-media":"","overlay-type":"","overlay-color":"","overlay-opacity":"","overlay-gradient":""},"mobile":{"background-color":"var(--ast-global-color-4)","background-image":"","background-repeat":"repeat","background-position":"center center","background-size":"auto","background-attachment":"scroll","background-type":"","background-media":"","overlay-type":"","overlay-color":"","overlay-opacity":"","overlay-gradient":""}}},"product_brand":[],"product_cat":[448],"product_tag":[],"class_list":{"0":"post-5491","1":"product","2":"type-product","3":"status-publish","4":"has-post-thumbnail","6":"product_cat-keliones","7":"pa_leidimo-metai-662","8":"desktop-align-left","9":"tablet-align-left","10":"mobile-align-left","12":"first","13":"outofstock","14":"shipping-taxable","15":"purchasable","16":"product-type-simple"},"acf":[],"yoast_head":"<!-- This site is optimized with the Yoast SEO plugin v27.0 - https:\/\/yoast.com\/product\/yoast-seo-wordpress\/ -->\n<title>Barselona: muziejus po atviru dangumi - Skaitytaknyga<\/title>\n<meta name=\"description\" content=\"Angelina Zaleckait\u0117 \u2013 kelioni\u0173 vadov\u0117, nardymo meistr\u0117, keliautoja ir ra\u0161ytoja. Ji daugiau nei septynerius metus gyvena ir dirba Barselonoje. Skatinama bi\u010diuli\u0173, bendradarbi\u0173, turist\u0173 ir \u0161eimos nari\u0173 nusprend\u0117 su skaitytojais ir keliautojais pasidalyti sukaupta patirtimi ir \u017einiomis.  Barselona \u2013 vienas gra\u017eiausi\u0173 ir lankomiausi\u0173 miest\u0173 pasaulyje, apipintas legendomis ir padavimais. Jo istorij\u0105 paveik\u0117 skirtingos tautos ir kult\u016bros. \u0160i knyga \u2013 i\u0161samus nepamainomas gidas po Barselon\u0105, kuri dar vadinama muziejumi po atviru dangumi, Vidur\u017eemio j\u016bros perlu, uostu \u012f pla\u010diuosius vandenis. \u010cia rasite antikinio ir \u0161iuolaikinio meno, t\u016bkstant\u012f met\u0173 skai\u010diuojan\u010di\u0173 koplyt\u0117li\u0173 ir moderniosios architekt\u016bros \u0161edevr\u0173. Gal\u0117site pasivaik\u0161\u010dioti siauromis senamies\u010dio gatvel\u0117mis ir pla\u010diais prospektais, aplankyti daugyb\u0119 muziej\u0173, park\u0173 ir meno galerij\u0173. \u010cia gyveno ir k\u016br\u0117 tokie \u017eym\u016bs menininkai kaip Antoni Gaud\u00ed, Pablas Picasso, Joanas Mir\u00f3, Pedro Almodovaras ir kt.  Barselona \u2013 laisvas, saul\u0117tas, \u012fsimintinas miestas. Kart\u0105 apsilank\u0119, \u010dia nor\u0117site v\u0117l sugr\u012f\u017eti. Pa\u017einkite j\u012f ir leiskit\u0117s \u012f nepamir\u0161tam\u0105 kelion\u0119!\" \/>\n<meta name=\"robots\" content=\"index, follow, max-snippet:-1, max-image-preview:large, max-video-preview:-1\" \/>\n<link rel=\"canonical\" href=\"https:\/\/skaitytaknyga.lt\/en\/produktas\/barselona-muziejus-po-atviru-dangumi\/\" \/>\n<meta property=\"og:locale\" content=\"en_GB\" \/>\n<meta property=\"og:locale:alternate\" content=\"lt_LT\" \/>\n<meta property=\"og:type\" content=\"article\" \/>\n<meta property=\"og:title\" content=\"Barselona: muziejus po atviru dangumi - Skaitytaknyga\" \/>\n<meta property=\"og:description\" content=\"Angelina Zaleckait\u0117 \u2013 kelioni\u0173 vadov\u0117, nardymo meistr\u0117, keliautoja ir ra\u0161ytoja. Ji daugiau nei septynerius metus gyvena ir dirba Barselonoje. Skatinama bi\u010diuli\u0173, bendradarbi\u0173, turist\u0173 ir \u0161eimos nari\u0173 nusprend\u0117 su skaitytojais ir keliautojais pasidalyti sukaupta patirtimi ir \u017einiomis.  Barselona \u2013 vienas gra\u017eiausi\u0173 ir lankomiausi\u0173 miest\u0173 pasaulyje, apipintas legendomis ir padavimais. Jo istorij\u0105 paveik\u0117 skirtingos tautos ir kult\u016bros. \u0160i knyga \u2013 i\u0161samus nepamainomas gidas po Barselon\u0105, kuri dar vadinama muziejumi po atviru dangumi, Vidur\u017eemio j\u016bros perlu, uostu \u012f pla\u010diuosius vandenis. \u010cia rasite antikinio ir \u0161iuolaikinio meno, t\u016bkstant\u012f met\u0173 skai\u010diuojan\u010di\u0173 koplyt\u0117li\u0173 ir moderniosios architekt\u016bros \u0161edevr\u0173. Gal\u0117site pasivaik\u0161\u010dioti siauromis senamies\u010dio gatvel\u0117mis ir pla\u010diais prospektais, aplankyti daugyb\u0119 muziej\u0173, park\u0173 ir meno galerij\u0173. \u010cia gyveno ir k\u016br\u0117 tokie \u017eym\u016bs menininkai kaip Antoni Gaud\u00ed, Pablas Picasso, Joanas Mir\u00f3, Pedro Almodovaras ir kt.  Barselona \u2013 laisvas, saul\u0117tas, \u012fsimintinas miestas. Kart\u0105 apsilank\u0119, \u010dia nor\u0117site v\u0117l sugr\u012f\u017eti. Pa\u017einkite j\u012f ir leiskit\u0117s \u012f nepamir\u0161tam\u0105 kelion\u0119!\" \/>\n<meta property=\"og:url\" content=\"https:\/\/skaitytaknyga.lt\/en\/produktas\/barselona-muziejus-po-atviru-dangumi\/\" \/>\n<meta property=\"og:site_name\" content=\"Skaitytaknyga\" \/>\n<meta property=\"article:publisher\" content=\"https:\/\/www.facebook.com\/skaitytaknyga\/\" \/>\n<meta property=\"article:modified_time\" content=\"2024-05-03T07:29:09+00:00\" \/>\n<meta property=\"og:image\" content=\"https:\/\/skaitytaknyga.lt\/wp-content\/uploads\/2024\/05\/1497512648_Barselona_virselis1.jpg\" \/>\n\t<meta property=\"og:image:width\" content=\"304\" \/>\n\t<meta property=\"og:image:height\" content=\"430\" \/>\n\t<meta property=\"og:image:type\" content=\"image\/jpeg\" \/>\n<meta name=\"twitter:card\" content=\"summary_large_image\" \/>\n<meta name=\"twitter:label1\" content=\"Estimated reading time\" \/>\n\t<meta name=\"twitter:data1\" content=\"1 minute\" \/>\n<script type=\"application\/ld+json\" class=\"yoast-schema-graph\">{\"@context\":\"https:\/\/schema.org\",\"@graph\":[{\"@type\":\"WebPage\",\"@id\":\"https:\/\/skaitytaknyga.lt\/produktas\/barselona-muziejus-po-atviru-dangumi\/\",\"url\":\"https:\/\/skaitytaknyga.lt\/produktas\/barselona-muziejus-po-atviru-dangumi\/\",\"name\":\"Barselona: muziejus po atviru dangumi - Skaitytaknyga\",\"isPartOf\":{\"@id\":\"https:\/\/skaitytaknyga.lt\/#website\"},\"primaryImageOfPage\":{\"@id\":\"https:\/\/skaitytaknyga.lt\/produktas\/barselona-muziejus-po-atviru-dangumi\/#primaryimage\"},\"image\":{\"@id\":\"https:\/\/skaitytaknyga.lt\/produktas\/barselona-muziejus-po-atviru-dangumi\/#primaryimage\"},\"thumbnailUrl\":\"https:\/\/skaitytaknyga.lt\/wp-content\/uploads\/2024\/05\/1497512648_Barselona_virselis1.jpg\",\"datePublished\":\"2024-05-02T12:45:54+00:00\",\"dateModified\":\"2024-05-03T07:29:09+00:00\",\"description\":\"Angelina Zaleckait\u0117 \u2013 kelioni\u0173 vadov\u0117, nardymo meistr\u0117, keliautoja ir ra\u0161ytoja. Ji daugiau nei septynerius metus gyvena ir dirba Barselonoje. Skatinama bi\u010diuli\u0173, bendradarbi\u0173, turist\u0173 ir \u0161eimos nari\u0173 nusprend\u0117 su skaitytojais ir keliautojais pasidalyti sukaupta patirtimi ir \u017einiomis. Barselona \u2013 vienas gra\u017eiausi\u0173 ir lankomiausi\u0173 miest\u0173 pasaulyje, apipintas legendomis ir padavimais. Jo istorij\u0105 paveik\u0117 skirtingos tautos ir kult\u016bros. \u0160i knyga \u2013 i\u0161samus nepamainomas gidas po Barselon\u0105, kuri dar vadinama muziejumi po atviru dangumi, Vidur\u017eemio j\u016bros perlu, uostu \u012f pla\u010diuosius vandenis. \u010cia rasite antikinio ir \u0161iuolaikinio meno, t\u016bkstant\u012f met\u0173 skai\u010diuojan\u010di\u0173 koplyt\u0117li\u0173 ir moderniosios architekt\u016bros \u0161edevr\u0173. Gal\u0117site pasivaik\u0161\u010dioti siauromis senamies\u010dio gatvel\u0117mis ir pla\u010diais prospektais, aplankyti daugyb\u0119 muziej\u0173, park\u0173 ir meno galerij\u0173. \u010cia gyveno ir k\u016br\u0117 tokie \u017eym\u016bs menininkai kaip Antoni Gaud\u00ed, Pablas Picasso, Joanas Mir\u00f3, Pedro Almodovaras ir kt. Barselona \u2013 laisvas, saul\u0117tas, \u012fsimintinas miestas. Kart\u0105 apsilank\u0119, \u010dia nor\u0117site v\u0117l sugr\u012f\u017eti. Pa\u017einkite j\u012f ir leiskit\u0117s \u012f nepamir\u0161tam\u0105 kelion\u0119!\",\"breadcrumb\":{\"@id\":\"https:\/\/skaitytaknyga.lt\/produktas\/barselona-muziejus-po-atviru-dangumi\/#breadcrumb\"},\"inLanguage\":\"en-GB\",\"potentialAction\":[{\"@type\":\"ReadAction\",\"target\":[\"https:\/\/skaitytaknyga.lt\/produktas\/barselona-muziejus-po-atviru-dangumi\/\"]}]},{\"@type\":\"ImageObject\",\"inLanguage\":\"en-GB\",\"@id\":\"https:\/\/skaitytaknyga.lt\/produktas\/barselona-muziejus-po-atviru-dangumi\/#primaryimage\",\"url\":\"https:\/\/skaitytaknyga.lt\/wp-content\/uploads\/2024\/05\/1497512648_Barselona_virselis1.jpg\",\"contentUrl\":\"https:\/\/skaitytaknyga.lt\/wp-content\/uploads\/2024\/05\/1497512648_Barselona_virselis1.jpg\",\"width\":304,\"height\":430},{\"@type\":\"BreadcrumbList\",\"@id\":\"https:\/\/skaitytaknyga.lt\/produktas\/barselona-muziejus-po-atviru-dangumi\/#breadcrumb\",\"itemListElement\":[{\"@type\":\"ListItem\",\"position\":1,\"name\":\"Home\",\"item\":\"https:\/\/skaitytaknyga.lt\/\"},{\"@type\":\"ListItem\",\"position\":2,\"name\":\"Parduotuv\u0117\",\"item\":\"https:\/\/skaitytaknyga.lt\/knygu-parduotuve\/\"},{\"@type\":\"ListItem\",\"position\":3,\"name\":\"Barselona: muziejus po atviru dangumi\"}]},{\"@type\":\"WebSite\",\"@id\":\"https:\/\/skaitytaknyga.lt\/#website\",\"url\":\"https:\/\/skaitytaknyga.lt\/\",\"name\":\"skaitytaknyga.lt\",\"description\":\"Skaitytaknyga.lt \u2013 tai ma\u017eas \u0161eimos verslas, kuris prasid\u0117jo nuo meil\u0117s knygoms ir siekio i\u0161gelb\u0117ti knygas nuo likimo prie konteinerio. Kas vienam nereikalingas daiktas \u2013 kitam lobis, o mes esame tarpininkai, kurie padeda abiems tapti laimingesniems ???? \u017dinome kaip nelengva i\u0161gyventi ma\u017eiems verslams, tad nuo \u0161iol, \u010dia rasite ir kit\u0173, ma\u017e\u0173 \u0161eim\u0173 versl\u0173, rank\u0173 darbo, dovan\u0173 sau ir artimiesiems.\",\"publisher\":{\"@id\":\"https:\/\/skaitytaknyga.lt\/#organization\"},\"potentialAction\":[{\"@type\":\"SearchAction\",\"target\":{\"@type\":\"EntryPoint\",\"urlTemplate\":\"https:\/\/skaitytaknyga.lt\/?s={search_term_string}\"},\"query-input\":{\"@type\":\"PropertyValueSpecification\",\"valueRequired\":true,\"valueName\":\"search_term_string\"}}],\"inLanguage\":\"en-GB\"},{\"@type\":\"Organization\",\"@id\":\"https:\/\/skaitytaknyga.lt\/#organization\",\"name\":\"skaitytaknyga.lt\",\"url\":\"https:\/\/skaitytaknyga.lt\/\",\"logo\":{\"@type\":\"ImageObject\",\"inLanguage\":\"en-GB\",\"@id\":\"https:\/\/skaitytaknyga.lt\/#\/schema\/logo\/image\/\",\"url\":\"https:\/\/skaitytaknyga.lt\/wp-content\/uploads\/2024\/05\/cropped-cropped-cropped-02_00843_jt3bggkj1j3HLc7SyY6rEUpg.jpeg\",\"contentUrl\":\"https:\/\/skaitytaknyga.lt\/wp-content\/uploads\/2024\/05\/cropped-cropped-cropped-02_00843_jt3bggkj1j3HLc7SyY6rEUpg.jpeg\",\"width\":1600,\"height\":1600,\"caption\":\"skaitytaknyga.lt\"},\"image\":{\"@id\":\"https:\/\/skaitytaknyga.lt\/#\/schema\/logo\/image\/\"},\"sameAs\":[\"https:\/\/www.facebook.com\/skaitytaknyga\/\"]}]}<\/script>\n<!-- \/ Yoast SEO plugin. -->","yoast_head_json":{"title":"Barselona: muziejus po atviru dangumi - Skaitytaknyga","description":"Angelina Zaleckait\u0117 \u2013 kelioni\u0173 vadov\u0117, nardymo meistr\u0117, keliautoja ir ra\u0161ytoja. Ji daugiau nei septynerius metus gyvena ir dirba Barselonoje. Skatinama bi\u010diuli\u0173, bendradarbi\u0173, turist\u0173 ir \u0161eimos nari\u0173 nusprend\u0117 su skaitytojais ir keliautojais pasidalyti sukaupta patirtimi ir \u017einiomis.  Barselona \u2013 vienas gra\u017eiausi\u0173 ir lankomiausi\u0173 miest\u0173 pasaulyje, apipintas legendomis ir padavimais. Jo istorij\u0105 paveik\u0117 skirtingos tautos ir kult\u016bros. \u0160i knyga \u2013 i\u0161samus nepamainomas gidas po Barselon\u0105, kuri dar vadinama muziejumi po atviru dangumi, Vidur\u017eemio j\u016bros perlu, uostu \u012f pla\u010diuosius vandenis. \u010cia rasite antikinio ir \u0161iuolaikinio meno, t\u016bkstant\u012f met\u0173 skai\u010diuojan\u010di\u0173 koplyt\u0117li\u0173 ir moderniosios architekt\u016bros \u0161edevr\u0173. Gal\u0117site pasivaik\u0161\u010dioti siauromis senamies\u010dio gatvel\u0117mis ir pla\u010diais prospektais, aplankyti daugyb\u0119 muziej\u0173, park\u0173 ir meno galerij\u0173. \u010cia gyveno ir k\u016br\u0117 tokie \u017eym\u016bs menininkai kaip Antoni Gaud\u00ed, Pablas Picasso, Joanas Mir\u00f3, Pedro Almodovaras ir kt.  Barselona \u2013 laisvas, saul\u0117tas, \u012fsimintinas miestas. Kart\u0105 apsilank\u0119, \u010dia nor\u0117site v\u0117l sugr\u012f\u017eti. Pa\u017einkite j\u012f ir leiskit\u0117s \u012f nepamir\u0161tam\u0105 kelion\u0119!","robots":{"index":"index","follow":"follow","max-snippet":"max-snippet:-1","max-image-preview":"max-image-preview:large","max-video-preview":"max-video-preview:-1"},"canonical":"https:\/\/skaitytaknyga.lt\/en\/produktas\/barselona-muziejus-po-atviru-dangumi\/","og_locale":"en_GB","og_type":"article","og_title":"Barselona: muziejus po atviru dangumi - Skaitytaknyga","og_description":"Angelina Zaleckait\u0117 \u2013 kelioni\u0173 vadov\u0117, nardymo meistr\u0117, keliautoja ir ra\u0161ytoja. Ji daugiau nei septynerius metus gyvena ir dirba Barselonoje. Skatinama bi\u010diuli\u0173, bendradarbi\u0173, turist\u0173 ir \u0161eimos nari\u0173 nusprend\u0117 su skaitytojais ir keliautojais pasidalyti sukaupta patirtimi ir \u017einiomis.  Barselona \u2013 vienas gra\u017eiausi\u0173 ir lankomiausi\u0173 miest\u0173 pasaulyje, apipintas legendomis ir padavimais. Jo istorij\u0105 paveik\u0117 skirtingos tautos ir kult\u016bros. \u0160i knyga \u2013 i\u0161samus nepamainomas gidas po Barselon\u0105, kuri dar vadinama muziejumi po atviru dangumi, Vidur\u017eemio j\u016bros perlu, uostu \u012f pla\u010diuosius vandenis. \u010cia rasite antikinio ir \u0161iuolaikinio meno, t\u016bkstant\u012f met\u0173 skai\u010diuojan\u010di\u0173 koplyt\u0117li\u0173 ir moderniosios architekt\u016bros \u0161edevr\u0173. Gal\u0117site pasivaik\u0161\u010dioti siauromis senamies\u010dio gatvel\u0117mis ir pla\u010diais prospektais, aplankyti daugyb\u0119 muziej\u0173, park\u0173 ir meno galerij\u0173. \u010cia gyveno ir k\u016br\u0117 tokie \u017eym\u016bs menininkai kaip Antoni Gaud\u00ed, Pablas Picasso, Joanas Mir\u00f3, Pedro Almodovaras ir kt.  Barselona \u2013 laisvas, saul\u0117tas, \u012fsimintinas miestas. Kart\u0105 apsilank\u0119, \u010dia nor\u0117site v\u0117l sugr\u012f\u017eti. Pa\u017einkite j\u012f ir leiskit\u0117s \u012f nepamir\u0161tam\u0105 kelion\u0119!","og_url":"https:\/\/skaitytaknyga.lt\/en\/produktas\/barselona-muziejus-po-atviru-dangumi\/","og_site_name":"Skaitytaknyga","article_publisher":"https:\/\/www.facebook.com\/skaitytaknyga\/","article_modified_time":"2024-05-03T07:29:09+00:00","og_image":[{"width":304,"height":430,"url":"https:\/\/skaitytaknyga.lt\/wp-content\/uploads\/2024\/05\/1497512648_Barselona_virselis1.jpg","type":"image\/jpeg"}],"twitter_card":"summary_large_image","twitter_misc":{"Estimated reading time":"1 minute"},"schema":{"@context":"https:\/\/schema.org","@graph":[{"@type":"WebPage","@id":"https:\/\/skaitytaknyga.lt\/produktas\/barselona-muziejus-po-atviru-dangumi\/","url":"https:\/\/skaitytaknyga.lt\/produktas\/barselona-muziejus-po-atviru-dangumi\/","name":"Barselona: muziejus po atviru dangumi - Skaitytaknyga","isPartOf":{"@id":"https:\/\/skaitytaknyga.lt\/#website"},"primaryImageOfPage":{"@id":"https:\/\/skaitytaknyga.lt\/produktas\/barselona-muziejus-po-atviru-dangumi\/#primaryimage"},"image":{"@id":"https:\/\/skaitytaknyga.lt\/produktas\/barselona-muziejus-po-atviru-dangumi\/#primaryimage"},"thumbnailUrl":"https:\/\/skaitytaknyga.lt\/wp-content\/uploads\/2024\/05\/1497512648_Barselona_virselis1.jpg","datePublished":"2024-05-02T12:45:54+00:00","dateModified":"2024-05-03T07:29:09+00:00","description":"Angelina Zaleckait\u0117 \u2013 kelioni\u0173 vadov\u0117, nardymo meistr\u0117, keliautoja ir ra\u0161ytoja. Ji daugiau nei septynerius metus gyvena ir dirba Barselonoje. Skatinama bi\u010diuli\u0173, bendradarbi\u0173, turist\u0173 ir \u0161eimos nari\u0173 nusprend\u0117 su skaitytojais ir keliautojais pasidalyti sukaupta patirtimi ir \u017einiomis. Barselona \u2013 vienas gra\u017eiausi\u0173 ir lankomiausi\u0173 miest\u0173 pasaulyje, apipintas legendomis ir padavimais. Jo istorij\u0105 paveik\u0117 skirtingos tautos ir kult\u016bros. \u0160i knyga \u2013 i\u0161samus nepamainomas gidas po Barselon\u0105, kuri dar vadinama muziejumi po atviru dangumi, Vidur\u017eemio j\u016bros perlu, uostu \u012f pla\u010diuosius vandenis. \u010cia rasite antikinio ir \u0161iuolaikinio meno, t\u016bkstant\u012f met\u0173 skai\u010diuojan\u010di\u0173 koplyt\u0117li\u0173 ir moderniosios architekt\u016bros \u0161edevr\u0173. Gal\u0117site pasivaik\u0161\u010dioti siauromis senamies\u010dio gatvel\u0117mis ir pla\u010diais prospektais, aplankyti daugyb\u0119 muziej\u0173, park\u0173 ir meno galerij\u0173. \u010cia gyveno ir k\u016br\u0117 tokie \u017eym\u016bs menininkai kaip Antoni Gaud\u00ed, Pablas Picasso, Joanas Mir\u00f3, Pedro Almodovaras ir kt. Barselona \u2013 laisvas, saul\u0117tas, \u012fsimintinas miestas. Kart\u0105 apsilank\u0119, \u010dia nor\u0117site v\u0117l sugr\u012f\u017eti. Pa\u017einkite j\u012f ir leiskit\u0117s \u012f nepamir\u0161tam\u0105 kelion\u0119!","breadcrumb":{"@id":"https:\/\/skaitytaknyga.lt\/produktas\/barselona-muziejus-po-atviru-dangumi\/#breadcrumb"},"inLanguage":"en-GB","potentialAction":[{"@type":"ReadAction","target":["https:\/\/skaitytaknyga.lt\/produktas\/barselona-muziejus-po-atviru-dangumi\/"]}]},{"@type":"ImageObject","inLanguage":"en-GB","@id":"https:\/\/skaitytaknyga.lt\/produktas\/barselona-muziejus-po-atviru-dangumi\/#primaryimage","url":"https:\/\/skaitytaknyga.lt\/wp-content\/uploads\/2024\/05\/1497512648_Barselona_virselis1.jpg","contentUrl":"https:\/\/skaitytaknyga.lt\/wp-content\/uploads\/2024\/05\/1497512648_Barselona_virselis1.jpg","width":304,"height":430},{"@type":"BreadcrumbList","@id":"https:\/\/skaitytaknyga.lt\/produktas\/barselona-muziejus-po-atviru-dangumi\/#breadcrumb","itemListElement":[{"@type":"ListItem","position":1,"name":"Home","item":"https:\/\/skaitytaknyga.lt\/"},{"@type":"ListItem","position":2,"name":"Parduotuv\u0117","item":"https:\/\/skaitytaknyga.lt\/knygu-parduotuve\/"},{"@type":"ListItem","position":3,"name":"Barselona: muziejus po atviru dangumi"}]},{"@type":"WebSite","@id":"https:\/\/skaitytaknyga.lt\/#website","url":"https:\/\/skaitytaknyga.lt\/","name":"skaitytaknyga.lt","description":"Skaitytaknyga.lt \u2013 tai ma\u017eas \u0161eimos verslas, kuris prasid\u0117jo nuo meil\u0117s knygoms ir siekio i\u0161gelb\u0117ti knygas nuo likimo prie konteinerio. Kas vienam nereikalingas daiktas \u2013 kitam lobis, o mes esame tarpininkai, kurie padeda abiems tapti laimingesniems ???? \u017dinome kaip nelengva i\u0161gyventi ma\u017eiems verslams, tad nuo \u0161iol, \u010dia rasite ir kit\u0173, ma\u017e\u0173 \u0161eim\u0173 versl\u0173, rank\u0173 darbo, dovan\u0173 sau ir artimiesiems.","publisher":{"@id":"https:\/\/skaitytaknyga.lt\/#organization"},"potentialAction":[{"@type":"SearchAction","target":{"@type":"EntryPoint","urlTemplate":"https:\/\/skaitytaknyga.lt\/?s={search_term_string}"},"query-input":{"@type":"PropertyValueSpecification","valueRequired":true,"valueName":"search_term_string"}}],"inLanguage":"en-GB"},{"@type":"Organization","@id":"https:\/\/skaitytaknyga.lt\/#organization","name":"skaitytaknyga.lt","url":"https:\/\/skaitytaknyga.lt\/","logo":{"@type":"ImageObject","inLanguage":"en-GB","@id":"https:\/\/skaitytaknyga.lt\/#\/schema\/logo\/image\/","url":"https:\/\/skaitytaknyga.lt\/wp-content\/uploads\/2024\/05\/cropped-cropped-cropped-02_00843_jt3bggkj1j3HLc7SyY6rEUpg.jpeg","contentUrl":"https:\/\/skaitytaknyga.lt\/wp-content\/uploads\/2024\/05\/cropped-cropped-cropped-02_00843_jt3bggkj1j3HLc7SyY6rEUpg.jpeg","width":1600,"height":1600,"caption":"skaitytaknyga.lt"},"image":{"@id":"https:\/\/skaitytaknyga.lt\/#\/schema\/logo\/image\/"},"sameAs":["https:\/\/www.facebook.com\/skaitytaknyga\/"]}]}},"_links":{"self":[{"href":"https:\/\/skaitytaknyga.lt\/en\/wp-json\/wp\/v2\/product\/5491","targetHints":{"allow":["GET"]}}],"collection":[{"href":"https:\/\/skaitytaknyga.lt\/en\/wp-json\/wp\/v2\/product"}],"about":[{"href":"https:\/\/skaitytaknyga.lt\/en\/wp-json\/wp\/v2\/types\/product"}],"replies":[{"embeddable":true,"href":"https:\/\/skaitytaknyga.lt\/en\/wp-json\/wp\/v2\/comments?post=5491"}],"wp:featuredmedia":[{"embeddable":true,"href":"https:\/\/skaitytaknyga.lt\/en\/wp-json\/wp\/v2\/media\/5509"}],"wp:attachment":[{"href":"https:\/\/skaitytaknyga.lt\/en\/wp-json\/wp\/v2\/media?parent=5491"}],"wp:term":[{"taxonomy":"product_brand","embeddable":true,"href":"https:\/\/skaitytaknyga.lt\/en\/wp-json\/wp\/v2\/product_brand?post=5491"},{"taxonomy":"product_cat","embeddable":true,"href":"https:\/\/skaitytaknyga.lt\/en\/wp-json\/wp\/v2\/product_cat?post=5491"},{"taxonomy":"product_tag","embeddable":true,"href":"https:\/\/skaitytaknyga.lt\/en\/wp-json\/wp\/v2\/product_tag?post=5491"}],"curies":[{"name":"wp","href":"https:\/\/api.w.org\/{rel}","templated":true}]}}