{"id":5453,"date":"2024-05-02T12:42:37","date_gmt":"2024-05-02T12:42:37","guid":{"rendered":"https:\/\/skaitytaknyga.lt\/?post_type=product&#038;p=5453"},"modified":"2026-03-05T15:52:53","modified_gmt":"2026-03-05T13:52:53","slug":"sally-green-pusiau-laukinis","status":"publish","type":"product","link":"https:\/\/skaitytaknyga.lt\/en\/produktas\/sally-green-pusiau-laukinis\/","title":{"rendered":"Pusiau laukinis"},"content":{"rendered":"<p>Neitanas Byrnas pab\u0117g\u0119s.<\/p>\n<p>Baltieji j\u012f med\u017eioja,<br \/>\njuodieji jo neken\u010dia.<\/p>\n<p>Jo \u017eiauraus t\u0117vo dovana \u2013<br \/>\nnauja laukin\u0117 galia, kuri\u0105 jam sunku suvaldyti.<\/p>\n<p>Jam reikia surasti mylim\u0105j\u0105,<br \/>\nkuri gal\u0117jo j\u012f i\u0161duoti.<\/p>\n<p>Kare, vykstan\u010diame tarp juod\u0173j\u0173 ir balt\u0173j\u0173 ragani\u0173,<br \/>\nNeitanui sunku palaikyti kuri\u0105 nors pus\u0119 ir<br \/>\ngali b\u016bti, kad did\u017eiausias jam gresiantis pavojus \u2013<br \/>\njis pats&#8230;<\/p>\n<p>Tavo dovana bus galinga, bet tik tai, kaip j\u0105 naudosi, parodys \u2013 geras tu ar blogas.<\/p>\n<p>\u0160i\u0173 laik\u0173 pasaulyje, kur tarp \u017emoni\u0173 gyvena dvi konkuruojan\u010dios ragani\u0173 j\u0117gos \u2013 baltieji ir juodieji, \u2013 septyniolikmetis Neitanas yra atstumtasis. Pagaliau susipa\u017ein\u0119s su savo nepagaunamuoju t\u0117vu Marku ir gav\u0119s tris dovanas, patvirtinan\u010dias, kad jis jau tikras raganius, Neitanas vis dar privalo b\u0117gti. N\u0117ra n\u0117 vienos saugios vietos jam pasisl\u0117pti, jis niekuo negali pasitik\u0117ti. Svarbiausia Neitano u\u017eduotis \u2013 i\u0161mokti valdyti savo dovan\u0105 \u2013 keist\u0105, nauj\u0105 gali\u0105, kuri gali sunaikinti j\u012f pat\u012f.<\/p>\n","protected":false},"excerpt":{"rendered":"<p>Neitanas Byrnas pab\u0117g\u0119s. Baltieji j\u012f med\u017eioja, juodieji jo neken\u010dia. Jo \u017eiauraus t\u0117vo dovana \u2013 nauja laukin\u0117 galia, kuri\u0105 jam sunku suvaldyti. Jam reikia surasti mylim\u0105j\u0105, kuri gal\u0117jo j\u012f i\u0161duoti. Kare, vykstan\u010diame tarp juod\u0173j\u0173 ir balt\u0173j\u0173 ragani\u0173, Neitanui sunku palaikyti kuri\u0105 nors pus\u0119 ir gali b\u016bti, kad did\u017eiausias jam gresiantis pavojus \u2013 jis pats&#8230; Tavo dovana bus galinga, bet tik tai, kaip j\u0105 naudosi, parodys \u2013 geras tu ar blogas. \u0160i\u0173 laik\u0173 pasaulyje, kur tarp \u017emoni\u0173 gyvena dvi konkuruojan\u010dios ragani\u0173 j\u0117gos \u2013 baltieji ir juodieji, \u2013 septyniolikmetis Neitanas yra atstumtasis. Pagaliau susipa\u017ein\u0119s su savo nepagaunamuoju t\u0117vu Marku ir gav\u0119s tris dovanas, patvirtinan\u010dias, kad jis jau tikras raganius, Neitanas vis dar privalo b\u0117gti. N\u0117ra n\u0117 vienos saugios vietos jam pasisl\u0117pti, jis niekuo negali pasitik\u0117ti. Svarbiausia Neitano u\u017eduotis \u2013 i\u0161mokti valdyti savo dovan\u0105 \u2013 keist\u0105, nauj\u0105 gali\u0105, kuri gali sunaikinti j\u012f pat\u012f.<\/p>\n","protected":false},"featured_media":2706,"comment_status":"closed","ping_status":"closed","template":"","meta":{"_acf_changed":false,"site-sidebar-layout":"default","site-content-layout":"","ast-site-content-layout":"default","site-content-style":"default","site-sidebar-style":"default","ast-global-header-display":"","ast-banner-title-visibility":"","ast-main-header-display":"","ast-hfb-above-header-display":"","ast-hfb-below-header-display":"","ast-hfb-mobile-header-display":"","site-post-title":"","ast-breadcrumbs-content":"","ast-featured-img":"","footer-sml-layout":"","ast-disable-related-posts":"","theme-transparent-header-meta":"","adv-header-id-meta":"","stick-header-meta":"","header-above-stick-meta":"","header-main-stick-meta":"","header-below-stick-meta":"","astra-migrate-meta-layouts":"default","ast-page-background-enabled":"default","ast-page-background-meta":{"desktop":{"background-color":"","background-image":"","background-repeat":"repeat","background-position":"center center","background-size":"auto","background-attachment":"scroll","background-type":"","background-media":"","overlay-type":"","overlay-color":"","overlay-opacity":"","overlay-gradient":""},"tablet":{"background-color":"","background-image":"","background-repeat":"repeat","background-position":"center center","background-size":"auto","background-attachment":"scroll","background-type":"","background-media":"","overlay-type":"","overlay-color":"","overlay-opacity":"","overlay-gradient":""},"mobile":{"background-color":"","background-image":"","background-repeat":"repeat","background-position":"center center","background-size":"auto","background-attachment":"scroll","background-type":"","background-media":"","overlay-type":"","overlay-color":"","overlay-opacity":"","overlay-gradient":""}},"ast-content-background-meta":{"desktop":{"background-color":"var(--ast-global-color-4)","background-image":"","background-repeat":"repeat","background-position":"center center","background-size":"auto","background-attachment":"scroll","background-type":"","background-media":"","overlay-type":"","overlay-color":"","overlay-opacity":"","overlay-gradient":""},"tablet":{"background-color":"var(--ast-global-color-4)","background-image":"","background-repeat":"repeat","background-position":"center center","background-size":"auto","background-attachment":"scroll","background-type":"","background-media":"","overlay-type":"","overlay-color":"","overlay-opacity":"","overlay-gradient":""},"mobile":{"background-color":"var(--ast-global-color-4)","background-image":"","background-repeat":"repeat","background-position":"center center","background-size":"auto","background-attachment":"scroll","background-type":"","background-media":"","overlay-type":"","overlay-color":"","overlay-opacity":"","overlay-gradient":""}}},"product_brand":[],"product_cat":[15],"product_tag":[],"class_list":{"0":"post-5453","1":"product","2":"type-product","3":"status-publish","4":"has-post-thumbnail","6":"product_cat-uncategorized","7":"desktop-align-left","8":"tablet-align-left","9":"mobile-align-left","11":"first","12":"outofstock","13":"shipping-taxable","14":"purchasable","15":"product-type-simple"},"acf":[],"yoast_head":"<!-- This site is optimized with the Yoast SEO plugin v27.0 - https:\/\/yoast.com\/product\/yoast-seo-wordpress\/ -->\n<title>Pusiau laukinis<\/title>\n<meta name=\"description\" content=\"Neitanas Byrnas pab\u0117g\u0119s. Baltieji j\u012f med\u017eioja, juodieji jo neken\u010dia. Jo \u017eiauraus t\u0117vo dovana \u2013 nauja laukin\u0117 galia, kuri\u0105 jam sunku suvaldyti. Jam reikia\" \/>\n<meta name=\"robots\" content=\"index, follow, max-snippet:-1, max-image-preview:large, max-video-preview:-1\" \/>\n<link rel=\"canonical\" href=\"https:\/\/skaitytaknyga.lt\/en\/produktas\/sally-green-pusiau-laukinis\/\" \/>\n<meta property=\"og:locale\" content=\"en_GB\" \/>\n<meta property=\"og:locale:alternate\" content=\"lt_LT\" \/>\n<meta property=\"og:type\" content=\"article\" \/>\n<meta property=\"og:title\" content=\"Pusiau laukinis\" \/>\n<meta property=\"og:description\" content=\"Neitanas Byrnas pab\u0117g\u0119s. Baltieji j\u012f med\u017eioja, juodieji jo neken\u010dia. Jo \u017eiauraus t\u0117vo dovana \u2013 nauja laukin\u0117 galia, kuri\u0105 jam sunku suvaldyti. Jam reikia\" \/>\n<meta property=\"og:url\" content=\"https:\/\/skaitytaknyga.lt\/en\/produktas\/sally-green-pusiau-laukinis\/\" \/>\n<meta property=\"og:site_name\" content=\"Skaitytaknyga\" \/>\n<meta property=\"article:publisher\" content=\"https:\/\/www.facebook.com\/skaitytaknyga\/\" \/>\n<meta property=\"article:modified_time\" content=\"2026-03-05T13:52:53+00:00\" \/>\n<meta property=\"og:image\" content=\"https:\/\/skaitytaknyga.lt\/wp-content\/uploads\/2024\/04\/1462888329_greenpusiaulaukinis72max.jpg\" \/>\n\t<meta property=\"og:image:width\" content=\"298\" \/>\n\t<meta property=\"og:image:height\" content=\"430\" \/>\n\t<meta property=\"og:image:type\" content=\"image\/jpeg\" \/>\n<meta name=\"twitter:card\" content=\"summary_large_image\" \/>\n<meta name=\"twitter:label1\" content=\"Estimated reading time\" \/>\n\t<meta name=\"twitter:data1\" content=\"1 minute\" \/>\n<script type=\"application\/ld+json\" class=\"yoast-schema-graph\">{\"@context\":\"https:\/\/schema.org\",\"@graph\":[{\"@type\":\"WebPage\",\"@id\":\"https:\/\/skaitytaknyga.lt\/produktas\/sally-green-pusiau-laukinis\/\",\"url\":\"https:\/\/skaitytaknyga.lt\/produktas\/sally-green-pusiau-laukinis\/\",\"name\":\"Pusiau laukinis\",\"isPartOf\":{\"@id\":\"https:\/\/skaitytaknyga.lt\/#website\"},\"primaryImageOfPage\":{\"@id\":\"https:\/\/skaitytaknyga.lt\/produktas\/sally-green-pusiau-laukinis\/#primaryimage\"},\"image\":{\"@id\":\"https:\/\/skaitytaknyga.lt\/produktas\/sally-green-pusiau-laukinis\/#primaryimage\"},\"thumbnailUrl\":\"https:\/\/skaitytaknyga.lt\/wp-content\/uploads\/2024\/04\/1462888329_greenpusiaulaukinis72max.jpg\",\"datePublished\":\"2024-05-02T12:42:37+00:00\",\"dateModified\":\"2026-03-05T13:52:53+00:00\",\"description\":\"Neitanas Byrnas pab\u0117g\u0119s. Baltieji j\u012f med\u017eioja, juodieji jo neken\u010dia. Jo \u017eiauraus t\u0117vo dovana \u2013 nauja laukin\u0117 galia, kuri\u0105 jam sunku suvaldyti. Jam reikia\",\"breadcrumb\":{\"@id\":\"https:\/\/skaitytaknyga.lt\/produktas\/sally-green-pusiau-laukinis\/#breadcrumb\"},\"inLanguage\":\"en-GB\",\"potentialAction\":[{\"@type\":\"ReadAction\",\"target\":[\"https:\/\/skaitytaknyga.lt\/produktas\/sally-green-pusiau-laukinis\/\"]}]},{\"@type\":\"ImageObject\",\"inLanguage\":\"en-GB\",\"@id\":\"https:\/\/skaitytaknyga.lt\/produktas\/sally-green-pusiau-laukinis\/#primaryimage\",\"url\":\"https:\/\/skaitytaknyga.lt\/wp-content\/uploads\/2024\/04\/1462888329_greenpusiaulaukinis72max.jpg\",\"contentUrl\":\"https:\/\/skaitytaknyga.lt\/wp-content\/uploads\/2024\/04\/1462888329_greenpusiaulaukinis72max.jpg\",\"width\":298,\"height\":430,\"caption\":\"1462888329 greenpusiaulaukinis72max\"},{\"@type\":\"BreadcrumbList\",\"@id\":\"https:\/\/skaitytaknyga.lt\/produktas\/sally-green-pusiau-laukinis\/#breadcrumb\",\"itemListElement\":[{\"@type\":\"ListItem\",\"position\":1,\"name\":\"Home\",\"item\":\"https:\/\/skaitytaknyga.lt\/\"},{\"@type\":\"ListItem\",\"position\":2,\"name\":\"Parduotuv\u0117\",\"item\":\"https:\/\/skaitytaknyga.lt\/knygu-parduotuve\/\"},{\"@type\":\"ListItem\",\"position\":3,\"name\":\"Pusiau laukinis\"}]},{\"@type\":\"WebSite\",\"@id\":\"https:\/\/skaitytaknyga.lt\/#website\",\"url\":\"https:\/\/skaitytaknyga.lt\/\",\"name\":\"skaitytaknyga.lt\",\"description\":\"Skaitytaknyga.lt \u2013 tai ma\u017eas \u0161eimos verslas, kuris prasid\u0117jo nuo meil\u0117s knygoms ir siekio i\u0161gelb\u0117ti knygas nuo likimo prie konteinerio. Kas vienam nereikalingas daiktas \u2013 kitam lobis, o mes esame tarpininkai, kurie padeda abiems tapti laimingesniems ???? \u017dinome kaip nelengva i\u0161gyventi ma\u017eiems verslams, tad nuo \u0161iol, \u010dia rasite ir kit\u0173, ma\u017e\u0173 \u0161eim\u0173 versl\u0173, rank\u0173 darbo, dovan\u0173 sau ir artimiesiems.\",\"publisher\":{\"@id\":\"https:\/\/skaitytaknyga.lt\/#organization\"},\"potentialAction\":[{\"@type\":\"SearchAction\",\"target\":{\"@type\":\"EntryPoint\",\"urlTemplate\":\"https:\/\/skaitytaknyga.lt\/?s={search_term_string}\"},\"query-input\":{\"@type\":\"PropertyValueSpecification\",\"valueRequired\":true,\"valueName\":\"search_term_string\"}}],\"inLanguage\":\"en-GB\"},{\"@type\":\"Organization\",\"@id\":\"https:\/\/skaitytaknyga.lt\/#organization\",\"name\":\"skaitytaknyga.lt\",\"url\":\"https:\/\/skaitytaknyga.lt\/\",\"logo\":{\"@type\":\"ImageObject\",\"inLanguage\":\"en-GB\",\"@id\":\"https:\/\/skaitytaknyga.lt\/#\/schema\/logo\/image\/\",\"url\":\"https:\/\/skaitytaknyga.lt\/wp-content\/uploads\/2024\/05\/cropped-cropped-cropped-02_00843_jt3bggkj1j3HLc7SyY6rEUpg.jpeg\",\"contentUrl\":\"https:\/\/skaitytaknyga.lt\/wp-content\/uploads\/2024\/05\/cropped-cropped-cropped-02_00843_jt3bggkj1j3HLc7SyY6rEUpg.jpeg\",\"width\":1600,\"height\":1600,\"caption\":\"skaitytaknyga.lt\"},\"image\":{\"@id\":\"https:\/\/skaitytaknyga.lt\/#\/schema\/logo\/image\/\"},\"sameAs\":[\"https:\/\/www.facebook.com\/skaitytaknyga\/\"]}]}<\/script>\n<!-- \/ Yoast SEO plugin. -->","yoast_head_json":{"title":"Pusiau laukinis","description":"Neitanas Byrnas pab\u0117g\u0119s. Baltieji j\u012f med\u017eioja, juodieji jo neken\u010dia. Jo \u017eiauraus t\u0117vo dovana \u2013 nauja laukin\u0117 galia, kuri\u0105 jam sunku suvaldyti. Jam reikia","robots":{"index":"index","follow":"follow","max-snippet":"max-snippet:-1","max-image-preview":"max-image-preview:large","max-video-preview":"max-video-preview:-1"},"canonical":"https:\/\/skaitytaknyga.lt\/en\/produktas\/sally-green-pusiau-laukinis\/","og_locale":"en_GB","og_type":"article","og_title":"[:lt]Pusiau laukinis[:] - Skaitytaknyga","og_description":"Neitanas Byrnas pab\u0117g\u0119s. Baltieji j\u012f med\u017eioja, juodieji jo neken\u010dia. Jo \u017eiauraus t\u0117vo dovana \u2013 nauja laukin\u0117 galia, kuri\u0105 jam sunku suvaldyti. Jam reikia","og_url":"https:\/\/skaitytaknyga.lt\/en\/produktas\/sally-green-pusiau-laukinis\/","og_site_name":"Skaitytaknyga","article_publisher":"https:\/\/www.facebook.com\/skaitytaknyga\/","article_modified_time":"2026-03-05T13:52:53+00:00","og_image":[{"width":298,"height":430,"url":"https:\/\/skaitytaknyga.lt\/wp-content\/uploads\/2024\/04\/1462888329_greenpusiaulaukinis72max.jpg","type":"image\/jpeg"}],"twitter_card":"summary_large_image","twitter_misc":{"Estimated reading time":"1 minute"},"schema":{"@context":"https:\/\/schema.org","@graph":[{"@type":"WebPage","@id":"https:\/\/skaitytaknyga.lt\/produktas\/sally-green-pusiau-laukinis\/","url":"https:\/\/skaitytaknyga.lt\/produktas\/sally-green-pusiau-laukinis\/","name":"Pusiau laukinis","isPartOf":{"@id":"https:\/\/skaitytaknyga.lt\/#website"},"primaryImageOfPage":{"@id":"https:\/\/skaitytaknyga.lt\/produktas\/sally-green-pusiau-laukinis\/#primaryimage"},"image":{"@id":"https:\/\/skaitytaknyga.lt\/produktas\/sally-green-pusiau-laukinis\/#primaryimage"},"thumbnailUrl":"https:\/\/skaitytaknyga.lt\/wp-content\/uploads\/2024\/04\/1462888329_greenpusiaulaukinis72max.jpg","datePublished":"2024-05-02T12:42:37+00:00","dateModified":"2026-03-05T13:52:53+00:00","description":"Neitanas Byrnas pab\u0117g\u0119s. Baltieji j\u012f med\u017eioja, juodieji jo neken\u010dia. Jo \u017eiauraus t\u0117vo dovana \u2013 nauja laukin\u0117 galia, kuri\u0105 jam sunku suvaldyti. Jam reikia","breadcrumb":{"@id":"https:\/\/skaitytaknyga.lt\/produktas\/sally-green-pusiau-laukinis\/#breadcrumb"},"inLanguage":"en-GB","potentialAction":[{"@type":"ReadAction","target":["https:\/\/skaitytaknyga.lt\/produktas\/sally-green-pusiau-laukinis\/"]}]},{"@type":"ImageObject","inLanguage":"en-GB","@id":"https:\/\/skaitytaknyga.lt\/produktas\/sally-green-pusiau-laukinis\/#primaryimage","url":"https:\/\/skaitytaknyga.lt\/wp-content\/uploads\/2024\/04\/1462888329_greenpusiaulaukinis72max.jpg","contentUrl":"https:\/\/skaitytaknyga.lt\/wp-content\/uploads\/2024\/04\/1462888329_greenpusiaulaukinis72max.jpg","width":298,"height":430,"caption":"1462888329 greenpusiaulaukinis72max"},{"@type":"BreadcrumbList","@id":"https:\/\/skaitytaknyga.lt\/produktas\/sally-green-pusiau-laukinis\/#breadcrumb","itemListElement":[{"@type":"ListItem","position":1,"name":"Home","item":"https:\/\/skaitytaknyga.lt\/"},{"@type":"ListItem","position":2,"name":"Parduotuv\u0117","item":"https:\/\/skaitytaknyga.lt\/knygu-parduotuve\/"},{"@type":"ListItem","position":3,"name":"Pusiau laukinis"}]},{"@type":"WebSite","@id":"https:\/\/skaitytaknyga.lt\/#website","url":"https:\/\/skaitytaknyga.lt\/","name":"skaitytaknyga.lt","description":"Skaitytaknyga.lt \u2013 tai ma\u017eas \u0161eimos verslas, kuris prasid\u0117jo nuo meil\u0117s knygoms ir siekio i\u0161gelb\u0117ti knygas nuo likimo prie konteinerio. Kas vienam nereikalingas daiktas \u2013 kitam lobis, o mes esame tarpininkai, kurie padeda abiems tapti laimingesniems ???? \u017dinome kaip nelengva i\u0161gyventi ma\u017eiems verslams, tad nuo \u0161iol, \u010dia rasite ir kit\u0173, ma\u017e\u0173 \u0161eim\u0173 versl\u0173, rank\u0173 darbo, dovan\u0173 sau ir artimiesiems.","publisher":{"@id":"https:\/\/skaitytaknyga.lt\/#organization"},"potentialAction":[{"@type":"SearchAction","target":{"@type":"EntryPoint","urlTemplate":"https:\/\/skaitytaknyga.lt\/?s={search_term_string}"},"query-input":{"@type":"PropertyValueSpecification","valueRequired":true,"valueName":"search_term_string"}}],"inLanguage":"en-GB"},{"@type":"Organization","@id":"https:\/\/skaitytaknyga.lt\/#organization","name":"skaitytaknyga.lt","url":"https:\/\/skaitytaknyga.lt\/","logo":{"@type":"ImageObject","inLanguage":"en-GB","@id":"https:\/\/skaitytaknyga.lt\/#\/schema\/logo\/image\/","url":"https:\/\/skaitytaknyga.lt\/wp-content\/uploads\/2024\/05\/cropped-cropped-cropped-02_00843_jt3bggkj1j3HLc7SyY6rEUpg.jpeg","contentUrl":"https:\/\/skaitytaknyga.lt\/wp-content\/uploads\/2024\/05\/cropped-cropped-cropped-02_00843_jt3bggkj1j3HLc7SyY6rEUpg.jpeg","width":1600,"height":1600,"caption":"skaitytaknyga.lt"},"image":{"@id":"https:\/\/skaitytaknyga.lt\/#\/schema\/logo\/image\/"},"sameAs":["https:\/\/www.facebook.com\/skaitytaknyga\/"]}]}},"_links":{"self":[{"href":"https:\/\/skaitytaknyga.lt\/en\/wp-json\/wp\/v2\/product\/5453","targetHints":{"allow":["GET"]}}],"collection":[{"href":"https:\/\/skaitytaknyga.lt\/en\/wp-json\/wp\/v2\/product"}],"about":[{"href":"https:\/\/skaitytaknyga.lt\/en\/wp-json\/wp\/v2\/types\/product"}],"replies":[{"embeddable":true,"href":"https:\/\/skaitytaknyga.lt\/en\/wp-json\/wp\/v2\/comments?post=5453"}],"wp:featuredmedia":[{"embeddable":true,"href":"https:\/\/skaitytaknyga.lt\/en\/wp-json\/wp\/v2\/media\/2706"}],"wp:attachment":[{"href":"https:\/\/skaitytaknyga.lt\/en\/wp-json\/wp\/v2\/media?parent=5453"}],"wp:term":[{"taxonomy":"product_brand","embeddable":true,"href":"https:\/\/skaitytaknyga.lt\/en\/wp-json\/wp\/v2\/product_brand?post=5453"},{"taxonomy":"product_cat","embeddable":true,"href":"https:\/\/skaitytaknyga.lt\/en\/wp-json\/wp\/v2\/product_cat?post=5453"},{"taxonomy":"product_tag","embeddable":true,"href":"https:\/\/skaitytaknyga.lt\/en\/wp-json\/wp\/v2\/product_tag?post=5453"}],"curies":[{"name":"wp","href":"https:\/\/api.w.org\/{rel}","templated":true}]}}