{"id":5452,"date":"2024-05-02T12:42:37","date_gmt":"2024-05-02T12:42:37","guid":{"rendered":"https:\/\/skaitytaknyga.lt\/?post_type=product&#038;p=5452"},"modified":"2026-03-05T15:52:53","modified_gmt":"2026-03-05T13:52:53","slug":"sally-green-pusiau-blogas","status":"publish","type":"product","link":"https:\/\/skaitytaknyga.lt\/en\/produktas\/sally-green-pusiau-blogas\/","title":{"rendered":"Pusiau blogas"},"content":{"rendered":"<p>Jis nemoka skaityti, nemoka ra\u0161yti, bet greitai i\u0161sigydo \u017eaizdas.<\/p>\n<p>Jis neken\u010dia balt\u0173j\u0173 ragani\u0173, bet myli Analiz\u0105, vien\u0105 i\u0161 j\u0173.<\/p>\n<p>Jis nuo keturiolikos met\u0173 gyvena narve.<\/p>\n<p>Jam tereikia pab\u0117gti ir susirasti Merkur\u0119, juod\u0105j\u0105 ragan\u0105, kuri, pasak gand\u0173, valgo jaunuolius. Ir tai jam b\u016btina padaryti iki septynioliktojo gimtadienio.<\/p>\n<p>Juk taip paprasta.<\/p>\n<p>\u0160i\u0173 laik\u0173 pasaulyje tarp \u017emoni\u0173 gyvena raganiai \u2013 baltieji ir juodieji. Baltieji tur\u0117t\u0173 u\u017esiimti tik gerais darbais, juodieji \u2013 tik blogais, bet niekas ne\u017eino, kaip ten yra i\u0161 ties\u0173&#8230; Ta\u010diau pasitaiko ir toki\u0173, kurie yra pusiau baltieji, pusiau juodieji. Neitanas \u2013 vienas i\u0161 j\u0173. Tod\u0117l j\u012f med\u017eioja visi. Jam tenka gyventi narve, priri\u0161tam, mu\u0161amam it \u0161uniui, ir treniruotis tapti \u017eudiku. Vienintel\u0117 viltis i\u0161likti gyvam \u2013 pab\u0117gti ir i\u0161 t\u0117vo, galingiausio pasaulio juodojo raganiaus, gauti tris dovanas. Ta\u010diau kaip Neitanui surasti t\u0117v\u0105, jei kiekvienas jo \u017eingsnis sekamas ir jis negali niekuo pasitik\u0117ti \u2013 nei savo \u0161eima, nei mergina?<\/p>\n","protected":false},"excerpt":{"rendered":"<p>Jis nemoka skaityti, nemoka ra\u0161yti, bet greitai i\u0161sigydo \u017eaizdas. Jis neken\u010dia balt\u0173j\u0173 ragani\u0173, bet myli Analiz\u0105, vien\u0105 i\u0161 j\u0173. Jis nuo keturiolikos met\u0173 gyvena narve. Jam tereikia pab\u0117gti ir susirasti Merkur\u0119, juod\u0105j\u0105 ragan\u0105, kuri, pasak gand\u0173, valgo jaunuolius. Ir tai jam b\u016btina padaryti iki septynioliktojo gimtadienio. Juk taip paprasta. \u0160i\u0173 laik\u0173 pasaulyje tarp \u017emoni\u0173 gyvena raganiai \u2013 baltieji ir juodieji. Baltieji tur\u0117t\u0173 u\u017esiimti tik gerais darbais, juodieji \u2013 tik blogais, bet niekas ne\u017eino, kaip ten yra i\u0161 ties\u0173&#8230; Ta\u010diau pasitaiko ir toki\u0173, kurie yra pusiau baltieji, pusiau juodieji. Neitanas \u2013 vienas i\u0161 j\u0173. Tod\u0117l j\u012f med\u017eioja visi. Jam tenka gyventi narve, priri\u0161tam, mu\u0161amam it \u0161uniui, ir treniruotis tapti \u017eudiku. Vienintel\u0117 viltis i\u0161likti gyvam \u2013 pab\u0117gti ir i\u0161 t\u0117vo, galingiausio pasaulio juodojo raganiaus, gauti tris dovanas. Ta\u010diau kaip Neitanui surasti t\u0117v\u0105, jei kiekvienas jo \u017eingsnis sekamas ir jis negali niekuo pasitik\u0117ti \u2013 nei savo \u0161eima, nei mergina?<\/p>\n","protected":false},"featured_media":2707,"comment_status":"closed","ping_status":"closed","template":"","meta":{"_acf_changed":false,"site-sidebar-layout":"default","site-content-layout":"","ast-site-content-layout":"default","site-content-style":"default","site-sidebar-style":"default","ast-global-header-display":"","ast-banner-title-visibility":"","ast-main-header-display":"","ast-hfb-above-header-display":"","ast-hfb-below-header-display":"","ast-hfb-mobile-header-display":"","site-post-title":"","ast-breadcrumbs-content":"","ast-featured-img":"","footer-sml-layout":"","ast-disable-related-posts":"","theme-transparent-header-meta":"","adv-header-id-meta":"","stick-header-meta":"","header-above-stick-meta":"","header-main-stick-meta":"","header-below-stick-meta":"","astra-migrate-meta-layouts":"default","ast-page-background-enabled":"default","ast-page-background-meta":{"desktop":{"background-color":"","background-image":"","background-repeat":"repeat","background-position":"center center","background-size":"auto","background-attachment":"scroll","background-type":"","background-media":"","overlay-type":"","overlay-color":"","overlay-opacity":"","overlay-gradient":""},"tablet":{"background-color":"","background-image":"","background-repeat":"repeat","background-position":"center center","background-size":"auto","background-attachment":"scroll","background-type":"","background-media":"","overlay-type":"","overlay-color":"","overlay-opacity":"","overlay-gradient":""},"mobile":{"background-color":"","background-image":"","background-repeat":"repeat","background-position":"center center","background-size":"auto","background-attachment":"scroll","background-type":"","background-media":"","overlay-type":"","overlay-color":"","overlay-opacity":"","overlay-gradient":""}},"ast-content-background-meta":{"desktop":{"background-color":"var(--ast-global-color-4)","background-image":"","background-repeat":"repeat","background-position":"center center","background-size":"auto","background-attachment":"scroll","background-type":"","background-media":"","overlay-type":"","overlay-color":"","overlay-opacity":"","overlay-gradient":""},"tablet":{"background-color":"var(--ast-global-color-4)","background-image":"","background-repeat":"repeat","background-position":"center center","background-size":"auto","background-attachment":"scroll","background-type":"","background-media":"","overlay-type":"","overlay-color":"","overlay-opacity":"","overlay-gradient":""},"mobile":{"background-color":"var(--ast-global-color-4)","background-image":"","background-repeat":"repeat","background-position":"center center","background-size":"auto","background-attachment":"scroll","background-type":"","background-media":"","overlay-type":"","overlay-color":"","overlay-opacity":"","overlay-gradient":""}}},"product_brand":[],"product_cat":[15],"product_tag":[],"class_list":{"0":"post-5452","1":"product","2":"type-product","3":"status-publish","4":"has-post-thumbnail","6":"product_cat-uncategorized","7":"desktop-align-left","8":"tablet-align-left","9":"mobile-align-left","11":"first","12":"instock","13":"shipping-taxable","14":"purchasable","15":"product-type-simple"},"acf":[],"yoast_head":"<!-- This site is optimized with the Yoast SEO plugin v27.0 - https:\/\/yoast.com\/product\/yoast-seo-wordpress\/ -->\n<title>Pusiau blogas<\/title>\n<meta name=\"description\" content=\"Jis nemoka skaityti, nemoka ra\u0161yti, bet greitai i\u0161sigydo \u017eaizdas. Jis neken\u010dia balt\u0173j\u0173 ragani\u0173, bet myli Analiz\u0105, vien\u0105 i\u0161 j\u0173. Jis nuo keturiolikos met\u0173\" \/>\n<meta name=\"robots\" content=\"index, follow, max-snippet:-1, max-image-preview:large, max-video-preview:-1\" \/>\n<link rel=\"canonical\" href=\"https:\/\/skaitytaknyga.lt\/en\/produktas\/sally-green-pusiau-blogas\/\" \/>\n<meta property=\"og:locale\" content=\"en_GB\" \/>\n<meta property=\"og:locale:alternate\" content=\"lt_LT\" \/>\n<meta property=\"og:type\" content=\"article\" \/>\n<meta property=\"og:title\" content=\"Pusiau blogas\" \/>\n<meta property=\"og:description\" content=\"Jis nemoka skaityti, nemoka ra\u0161yti, bet greitai i\u0161sigydo \u017eaizdas. Jis neken\u010dia balt\u0173j\u0173 ragani\u0173, bet myli Analiz\u0105, vien\u0105 i\u0161 j\u0173. Jis nuo keturiolikos met\u0173\" \/>\n<meta property=\"og:url\" content=\"https:\/\/skaitytaknyga.lt\/en\/produktas\/sally-green-pusiau-blogas\/\" \/>\n<meta property=\"og:site_name\" content=\"Skaitytaknyga\" \/>\n<meta property=\"article:publisher\" content=\"https:\/\/www.facebook.com\/skaitytaknyga\/\" \/>\n<meta property=\"article:modified_time\" content=\"2026-03-05T13:52:53+00:00\" \/>\n<meta property=\"og:image\" content=\"https:\/\/skaitytaknyga.lt\/wp-content\/uploads\/2024\/04\/1462883506_9789955237556greenpusiau-blogas.jpg\" \/>\n\t<meta property=\"og:image:width\" content=\"445\" \/>\n\t<meta property=\"og:image:height\" content=\"652\" \/>\n\t<meta property=\"og:image:type\" content=\"image\/jpeg\" \/>\n<meta name=\"twitter:card\" content=\"summary_large_image\" \/>\n<meta name=\"twitter:label1\" content=\"Estimated reading time\" \/>\n\t<meta name=\"twitter:data1\" content=\"1 minute\" \/>\n<script type=\"application\/ld+json\" class=\"yoast-schema-graph\">{\"@context\":\"https:\/\/schema.org\",\"@graph\":[{\"@type\":\"WebPage\",\"@id\":\"https:\/\/skaitytaknyga.lt\/produktas\/sally-green-pusiau-blogas\/\",\"url\":\"https:\/\/skaitytaknyga.lt\/produktas\/sally-green-pusiau-blogas\/\",\"name\":\"Pusiau blogas\",\"isPartOf\":{\"@id\":\"https:\/\/skaitytaknyga.lt\/#website\"},\"primaryImageOfPage\":{\"@id\":\"https:\/\/skaitytaknyga.lt\/produktas\/sally-green-pusiau-blogas\/#primaryimage\"},\"image\":{\"@id\":\"https:\/\/skaitytaknyga.lt\/produktas\/sally-green-pusiau-blogas\/#primaryimage\"},\"thumbnailUrl\":\"https:\/\/skaitytaknyga.lt\/wp-content\/uploads\/2024\/04\/1462883506_9789955237556greenpusiau-blogas.jpg\",\"datePublished\":\"2024-05-02T12:42:37+00:00\",\"dateModified\":\"2026-03-05T13:52:53+00:00\",\"description\":\"Jis nemoka skaityti, nemoka ra\u0161yti, bet greitai i\u0161sigydo \u017eaizdas. Jis neken\u010dia balt\u0173j\u0173 ragani\u0173, bet myli Analiz\u0105, vien\u0105 i\u0161 j\u0173. Jis nuo keturiolikos met\u0173\",\"breadcrumb\":{\"@id\":\"https:\/\/skaitytaknyga.lt\/produktas\/sally-green-pusiau-blogas\/#breadcrumb\"},\"inLanguage\":\"en-GB\",\"potentialAction\":[{\"@type\":\"ReadAction\",\"target\":[\"https:\/\/skaitytaknyga.lt\/produktas\/sally-green-pusiau-blogas\/\"]}]},{\"@type\":\"ImageObject\",\"inLanguage\":\"en-GB\",\"@id\":\"https:\/\/skaitytaknyga.lt\/produktas\/sally-green-pusiau-blogas\/#primaryimage\",\"url\":\"https:\/\/skaitytaknyga.lt\/wp-content\/uploads\/2024\/04\/1462883506_9789955237556greenpusiau-blogas.jpg\",\"contentUrl\":\"https:\/\/skaitytaknyga.lt\/wp-content\/uploads\/2024\/04\/1462883506_9789955237556greenpusiau-blogas.jpg\",\"width\":445,\"height\":652,\"caption\":\"1462883506 9789955237556greenpusiau blogas\"},{\"@type\":\"BreadcrumbList\",\"@id\":\"https:\/\/skaitytaknyga.lt\/produktas\/sally-green-pusiau-blogas\/#breadcrumb\",\"itemListElement\":[{\"@type\":\"ListItem\",\"position\":1,\"name\":\"Home\",\"item\":\"https:\/\/skaitytaknyga.lt\/\"},{\"@type\":\"ListItem\",\"position\":2,\"name\":\"Parduotuv\u0117\",\"item\":\"https:\/\/skaitytaknyga.lt\/knygu-parduotuve\/\"},{\"@type\":\"ListItem\",\"position\":3,\"name\":\"Pusiau blogas\"}]},{\"@type\":\"WebSite\",\"@id\":\"https:\/\/skaitytaknyga.lt\/#website\",\"url\":\"https:\/\/skaitytaknyga.lt\/\",\"name\":\"skaitytaknyga.lt\",\"description\":\"Skaitytaknyga.lt \u2013 tai ma\u017eas \u0161eimos verslas, kuris prasid\u0117jo nuo meil\u0117s knygoms ir siekio i\u0161gelb\u0117ti knygas nuo likimo prie konteinerio. Kas vienam nereikalingas daiktas \u2013 kitam lobis, o mes esame tarpininkai, kurie padeda abiems tapti laimingesniems ???? \u017dinome kaip nelengva i\u0161gyventi ma\u017eiems verslams, tad nuo \u0161iol, \u010dia rasite ir kit\u0173, ma\u017e\u0173 \u0161eim\u0173 versl\u0173, rank\u0173 darbo, dovan\u0173 sau ir artimiesiems.\",\"publisher\":{\"@id\":\"https:\/\/skaitytaknyga.lt\/#organization\"},\"potentialAction\":[{\"@type\":\"SearchAction\",\"target\":{\"@type\":\"EntryPoint\",\"urlTemplate\":\"https:\/\/skaitytaknyga.lt\/?s={search_term_string}\"},\"query-input\":{\"@type\":\"PropertyValueSpecification\",\"valueRequired\":true,\"valueName\":\"search_term_string\"}}],\"inLanguage\":\"en-GB\"},{\"@type\":\"Organization\",\"@id\":\"https:\/\/skaitytaknyga.lt\/#organization\",\"name\":\"skaitytaknyga.lt\",\"url\":\"https:\/\/skaitytaknyga.lt\/\",\"logo\":{\"@type\":\"ImageObject\",\"inLanguage\":\"en-GB\",\"@id\":\"https:\/\/skaitytaknyga.lt\/#\/schema\/logo\/image\/\",\"url\":\"https:\/\/skaitytaknyga.lt\/wp-content\/uploads\/2024\/05\/cropped-cropped-cropped-02_00843_jt3bggkj1j3HLc7SyY6rEUpg.jpeg\",\"contentUrl\":\"https:\/\/skaitytaknyga.lt\/wp-content\/uploads\/2024\/05\/cropped-cropped-cropped-02_00843_jt3bggkj1j3HLc7SyY6rEUpg.jpeg\",\"width\":1600,\"height\":1600,\"caption\":\"skaitytaknyga.lt\"},\"image\":{\"@id\":\"https:\/\/skaitytaknyga.lt\/#\/schema\/logo\/image\/\"},\"sameAs\":[\"https:\/\/www.facebook.com\/skaitytaknyga\/\"]}]}<\/script>\n<!-- \/ Yoast SEO plugin. -->","yoast_head_json":{"title":"Pusiau blogas","description":"Jis nemoka skaityti, nemoka ra\u0161yti, bet greitai i\u0161sigydo \u017eaizdas. Jis neken\u010dia balt\u0173j\u0173 ragani\u0173, bet myli Analiz\u0105, vien\u0105 i\u0161 j\u0173. Jis nuo keturiolikos met\u0173","robots":{"index":"index","follow":"follow","max-snippet":"max-snippet:-1","max-image-preview":"max-image-preview:large","max-video-preview":"max-video-preview:-1"},"canonical":"https:\/\/skaitytaknyga.lt\/en\/produktas\/sally-green-pusiau-blogas\/","og_locale":"en_GB","og_type":"article","og_title":"[:lt]Pusiau blogas[:] - Skaitytaknyga","og_description":"Jis nemoka skaityti, nemoka ra\u0161yti, bet greitai i\u0161sigydo \u017eaizdas. Jis neken\u010dia balt\u0173j\u0173 ragani\u0173, bet myli Analiz\u0105, vien\u0105 i\u0161 j\u0173. Jis nuo keturiolikos met\u0173","og_url":"https:\/\/skaitytaknyga.lt\/en\/produktas\/sally-green-pusiau-blogas\/","og_site_name":"Skaitytaknyga","article_publisher":"https:\/\/www.facebook.com\/skaitytaknyga\/","article_modified_time":"2026-03-05T13:52:53+00:00","og_image":[{"width":445,"height":652,"url":"https:\/\/skaitytaknyga.lt\/wp-content\/uploads\/2024\/04\/1462883506_9789955237556greenpusiau-blogas.jpg","type":"image\/jpeg"}],"twitter_card":"summary_large_image","twitter_misc":{"Estimated reading time":"1 minute"},"schema":{"@context":"https:\/\/schema.org","@graph":[{"@type":"WebPage","@id":"https:\/\/skaitytaknyga.lt\/produktas\/sally-green-pusiau-blogas\/","url":"https:\/\/skaitytaknyga.lt\/produktas\/sally-green-pusiau-blogas\/","name":"Pusiau blogas","isPartOf":{"@id":"https:\/\/skaitytaknyga.lt\/#website"},"primaryImageOfPage":{"@id":"https:\/\/skaitytaknyga.lt\/produktas\/sally-green-pusiau-blogas\/#primaryimage"},"image":{"@id":"https:\/\/skaitytaknyga.lt\/produktas\/sally-green-pusiau-blogas\/#primaryimage"},"thumbnailUrl":"https:\/\/skaitytaknyga.lt\/wp-content\/uploads\/2024\/04\/1462883506_9789955237556greenpusiau-blogas.jpg","datePublished":"2024-05-02T12:42:37+00:00","dateModified":"2026-03-05T13:52:53+00:00","description":"Jis nemoka skaityti, nemoka ra\u0161yti, bet greitai i\u0161sigydo \u017eaizdas. Jis neken\u010dia balt\u0173j\u0173 ragani\u0173, bet myli Analiz\u0105, vien\u0105 i\u0161 j\u0173. Jis nuo keturiolikos met\u0173","breadcrumb":{"@id":"https:\/\/skaitytaknyga.lt\/produktas\/sally-green-pusiau-blogas\/#breadcrumb"},"inLanguage":"en-GB","potentialAction":[{"@type":"ReadAction","target":["https:\/\/skaitytaknyga.lt\/produktas\/sally-green-pusiau-blogas\/"]}]},{"@type":"ImageObject","inLanguage":"en-GB","@id":"https:\/\/skaitytaknyga.lt\/produktas\/sally-green-pusiau-blogas\/#primaryimage","url":"https:\/\/skaitytaknyga.lt\/wp-content\/uploads\/2024\/04\/1462883506_9789955237556greenpusiau-blogas.jpg","contentUrl":"https:\/\/skaitytaknyga.lt\/wp-content\/uploads\/2024\/04\/1462883506_9789955237556greenpusiau-blogas.jpg","width":445,"height":652,"caption":"1462883506 9789955237556greenpusiau blogas"},{"@type":"BreadcrumbList","@id":"https:\/\/skaitytaknyga.lt\/produktas\/sally-green-pusiau-blogas\/#breadcrumb","itemListElement":[{"@type":"ListItem","position":1,"name":"Home","item":"https:\/\/skaitytaknyga.lt\/"},{"@type":"ListItem","position":2,"name":"Parduotuv\u0117","item":"https:\/\/skaitytaknyga.lt\/knygu-parduotuve\/"},{"@type":"ListItem","position":3,"name":"Pusiau blogas"}]},{"@type":"WebSite","@id":"https:\/\/skaitytaknyga.lt\/#website","url":"https:\/\/skaitytaknyga.lt\/","name":"skaitytaknyga.lt","description":"Skaitytaknyga.lt \u2013 tai ma\u017eas \u0161eimos verslas, kuris prasid\u0117jo nuo meil\u0117s knygoms ir siekio i\u0161gelb\u0117ti knygas nuo likimo prie konteinerio. Kas vienam nereikalingas daiktas \u2013 kitam lobis, o mes esame tarpininkai, kurie padeda abiems tapti laimingesniems ???? \u017dinome kaip nelengva i\u0161gyventi ma\u017eiems verslams, tad nuo \u0161iol, \u010dia rasite ir kit\u0173, ma\u017e\u0173 \u0161eim\u0173 versl\u0173, rank\u0173 darbo, dovan\u0173 sau ir artimiesiems.","publisher":{"@id":"https:\/\/skaitytaknyga.lt\/#organization"},"potentialAction":[{"@type":"SearchAction","target":{"@type":"EntryPoint","urlTemplate":"https:\/\/skaitytaknyga.lt\/?s={search_term_string}"},"query-input":{"@type":"PropertyValueSpecification","valueRequired":true,"valueName":"search_term_string"}}],"inLanguage":"en-GB"},{"@type":"Organization","@id":"https:\/\/skaitytaknyga.lt\/#organization","name":"skaitytaknyga.lt","url":"https:\/\/skaitytaknyga.lt\/","logo":{"@type":"ImageObject","inLanguage":"en-GB","@id":"https:\/\/skaitytaknyga.lt\/#\/schema\/logo\/image\/","url":"https:\/\/skaitytaknyga.lt\/wp-content\/uploads\/2024\/05\/cropped-cropped-cropped-02_00843_jt3bggkj1j3HLc7SyY6rEUpg.jpeg","contentUrl":"https:\/\/skaitytaknyga.lt\/wp-content\/uploads\/2024\/05\/cropped-cropped-cropped-02_00843_jt3bggkj1j3HLc7SyY6rEUpg.jpeg","width":1600,"height":1600,"caption":"skaitytaknyga.lt"},"image":{"@id":"https:\/\/skaitytaknyga.lt\/#\/schema\/logo\/image\/"},"sameAs":["https:\/\/www.facebook.com\/skaitytaknyga\/"]}]}},"_links":{"self":[{"href":"https:\/\/skaitytaknyga.lt\/en\/wp-json\/wp\/v2\/product\/5452","targetHints":{"allow":["GET"]}}],"collection":[{"href":"https:\/\/skaitytaknyga.lt\/en\/wp-json\/wp\/v2\/product"}],"about":[{"href":"https:\/\/skaitytaknyga.lt\/en\/wp-json\/wp\/v2\/types\/product"}],"replies":[{"embeddable":true,"href":"https:\/\/skaitytaknyga.lt\/en\/wp-json\/wp\/v2\/comments?post=5452"}],"wp:featuredmedia":[{"embeddable":true,"href":"https:\/\/skaitytaknyga.lt\/en\/wp-json\/wp\/v2\/media\/2707"}],"wp:attachment":[{"href":"https:\/\/skaitytaknyga.lt\/en\/wp-json\/wp\/v2\/media?parent=5452"}],"wp:term":[{"taxonomy":"product_brand","embeddable":true,"href":"https:\/\/skaitytaknyga.lt\/en\/wp-json\/wp\/v2\/product_brand?post=5452"},{"taxonomy":"product_cat","embeddable":true,"href":"https:\/\/skaitytaknyga.lt\/en\/wp-json\/wp\/v2\/product_cat?post=5452"},{"taxonomy":"product_tag","embeddable":true,"href":"https:\/\/skaitytaknyga.lt\/en\/wp-json\/wp\/v2\/product_tag?post=5452"}],"curies":[{"name":"wp","href":"https:\/\/api.w.org\/{rel}","templated":true}]}}